{"id":15600,"date":"2024-12-19T14:37:14","date_gmt":"2024-12-19T12:37:14","guid":{"rendered":"https:\/\/skaitytaknyga.lt\/?post_type=product&#038;p=15600"},"modified":"2025-06-11T13:19:34","modified_gmt":"2025-06-11T10:19:34","slug":"kavine-kopenhagoje","status":"publish","type":"product","link":"https:\/\/skaitytaknyga.lt\/en\/produktas\/kavine-kopenhagoje\/","title":{"rendered":"Kavin\u0117 Kopenhagoje"},"content":{"rendered":"<p>\u2013 M\u016bs\u0173 \u0161alyje niekas neduoda garb\u0117s \u017eenklo u\u017e tai, kad m\u0117gsti persidirbti. \u2013 Eva pa\u017evelg\u0117 \u012f mane. \u2013 Nei u\u017e tai, kad be paliovos tikrini elektronin\u012f pa\u0161t\u0105 po darbo ar komandiruot\u0117je. Danijoje visi yra lyg\u016bs. Visai nesvarbu, kok\u012f darb\u0105 dirbi.<\/p>\n<p>Londoniet\u0117 vie\u0161\u0173j\u0173 ry\u0161i\u0173 vadybinink\u0117 Keit\u0117 Sinkler turi visk\u0105, apie k\u0105 svajojo: puikius draugus, charizmati\u0161k\u0105 vaikin\u0105 ir presti\u017ein\u012f darb\u0105 vienoje geriausi\u0173 reklamos agent\u016br\u0173. Ta\u010diau netik\u0117ta i\u0161davyst\u0117 priver\u010dia j\u0105 suabejoti, ar gyvenimas, kurio taip siek\u0117, tikrai daro j\u0105 laiming\u0105.<\/p>\n<p>Keitei reikia trumpam nuo visko atsitraukti ir perkratyti ankstesn\u012f savo gyvenim\u0105. Tod\u0117l ji apsid\u017eiaugia gavusi kliento Larso Vailderio pasi\u016blym\u0105 vykti \u012f Danij\u0105 ir gr\u012f\u017eus papasakoti \u017emon\u0117ms, kod\u0117l danai laikomi viena laimingiausi\u0173 pasaulio taut\u0173. Penkios dienos Kopenhagoje, \u0161e\u0161i\u0173 \u017eurnalist\u0173 komanda ir vienas visam gyvenimui \u012fsiminsiantis nuotykis.<\/p>\n<p>Keit\u0117 netruks pamatyti, kad bendryste ir harmonija gr\u012fstas dani\u0161kas hygge gyvenimo stilius neapsiriboja \u017evak\u0117mis, pledais ir avi\u017einiais sausainiais. Dan\u0173 kult\u016bra privers j\u0105 susidurti su did\u017eiausiomis savo baim\u0117mis, persvarstyti prioritetus ir i\u0161 naujo patik\u0117ti meile. Bet apie visa tai \u2013 prie kavos puodelio cinamonu kvepian\u010dioje Kopenhagos kavin\u0117je.<\/p>\n<p>Julie Caplin (D\u017euli Keplin) \u2013 angl\u0173 ra\u0161ytoja, i\u0161gars\u0117jusi kulinariniais kelioni\u0173 romanais, kurie pateko \u012f bestseleri\u0173 s\u0105ra\u0161us Jungtin\u0117je Karalyst\u0117je, Vokietijoje, Italijoje, \u010cekijoje ir kitose \u0161alyse. Labiau u\u017e visk\u0105 autor\u0117 m\u0117gsta du dalykus: keliones ir ger\u0105 maist\u0105. Daug met\u0173 dirbusi vie\u0161\u0173j\u0173 ry\u0161i\u0173 specialiste, apkeliavusi ne vien\u0105 \u017eemyn\u0105, kartu su garsiais maisto kritikais ir \u017eurnalistais ragavusi i\u0161skirtinius delikatesus, J. Caplin sukaup\u0117 daug \u012fdomios kult\u016brin\u0117s med\u017eiagos, pakeit\u0117 profesin\u0119 krypt\u012f ir \u0117m\u0117 ra\u0161yti romanus. Pirmoji jos knyga kvie\u010dia pasivaik\u0161\u010dioti Kopenhagos gatv\u0117mis, kur sklando \u0161ilt\u0173 bandeli\u0173 ir kar\u0161to \u0161okolado kvapas, bei i\u0161 ar\u010diau susipa\u017einti su skandinavi\u0161ku gyvenimo b\u016bdu.<\/p>\n<ul class=\"about-product d-none d-xl-block mt-4\">\n<li><strong>Autorius:<\/strong>\u00a0Julie Caplin<\/li>\n<li><strong>Leid\u0117jas:<\/strong>\u00a0Tyto alba<\/li>\n<li><strong>Metai:<\/strong>\u00a02024<\/li>\n<li><strong>Puslapiai:<\/strong>\u00a0426<\/li>\n<li class=\"toggleable type-new-formats \"><strong>ISBN:<\/strong>\u00a09786094668234<\/li>\n<li><strong>Versijos kodas:<\/strong>\u00a010<\/li>\n<li class=\"toggleable type-new-formats \"><strong>Formatas:<\/strong>\u00a015,3 x 22,1 x 3,8 cm, kieti vir\u0161eliai<\/li>\n<li><strong>Kalba:<\/strong>\u00a0Lietuvi\u0173<\/li>\n<li><strong>Vert\u0117jas:<\/strong>\u00a0Rasa Dirg\u0117l\u0117<\/li>\n<\/ul>\n","protected":false},"excerpt":{"rendered":"<p>\u2013 M\u016bs\u0173 \u0161alyje niekas neduoda garb\u0117s \u017eenklo u\u017e tai, kad m\u0117gsti persidirbti. \u2013 Eva pa\u017evelg\u0117 \u012f mane. \u2013 Nei u\u017e tai, kad be paliovos tikrini elektronin\u012f pa\u0161t\u0105 po darbo ar komandiruot\u0117je. Danijoje visi yra lyg\u016bs. Visai nesvarbu, kok\u012f darb\u0105 dirbi. Londoniet\u0117 vie\u0161\u0173j\u0173 ry\u0161i\u0173 vadybinink\u0117 Keit\u0117 Sinkler turi visk\u0105, apie k\u0105 svajojo: puikius draugus, charizmati\u0161k\u0105 vaikin\u0105 ir presti\u017ein\u012f darb\u0105 vienoje geriausi\u0173 reklamos agent\u016br\u0173. Ta\u010diau netik\u0117ta i\u0161davyst\u0117 priver\u010dia j\u0105 suabejoti, ar gyvenimas, kurio taip siek\u0117, tikrai daro j\u0105 laiming\u0105. Keitei reikia trumpam nuo visko atsitraukti ir perkratyti ankstesn\u012f savo gyvenim\u0105. Tod\u0117l ji apsid\u017eiaugia gavusi kliento Larso Vailderio pasi\u016blym\u0105 vykti \u012f Danij\u0105 ir gr\u012f\u017eus papasakoti \u017emon\u0117ms, kod\u0117l danai laikomi viena laimingiausi\u0173 pasaulio taut\u0173. Penkios dienos Kopenhagoje, \u0161e\u0161i\u0173 \u017eurnalist\u0173 komanda ir vienas visam gyvenimui \u012fsiminsiantis nuotykis. Keit\u0117 netruks pamatyti, kad bendryste ir harmonija gr\u012fstas dani\u0161kas hygge gyvenimo stilius neapsiriboja \u017evak\u0117mis, pledais ir avi\u017einiais sausainiais. Dan\u0173 kult\u016bra privers j\u0105 susidurti su did\u017eiausiomis savo baim\u0117mis, persvarstyti prioritetus ir i\u0161 naujo patik\u0117ti meile. Bet apie visa tai \u2013 prie kavos puodelio cinamonu kvepian\u010dioje Kopenhagos kavin\u0117je. Julie Caplin (D\u017euli Keplin) \u2013 angl\u0173 ra\u0161ytoja, i\u0161gars\u0117jusi kulinariniais kelioni\u0173 romanais, kurie pateko \u012f bestseleri\u0173 s\u0105ra\u0161us Jungtin\u0117je Karalyst\u0117je, Vokietijoje, Italijoje, \u010cekijoje ir kitose \u0161alyse. Labiau u\u017e visk\u0105 autor\u0117 m\u0117gsta du dalykus: keliones ir ger\u0105 maist\u0105. Daug met\u0173 dirbusi vie\u0161\u0173j\u0173 ry\u0161i\u0173 specialiste, apkeliavusi ne vien\u0105 \u017eemyn\u0105, kartu su garsiais maisto kritikais ir \u017eurnalistais ragavusi i\u0161skirtinius delikatesus, J. Caplin sukaup\u0117 daug \u012fdomios kult\u016brin\u0117s med\u017eiagos, pakeit\u0117 profesin\u0119 krypt\u012f ir \u0117m\u0117 ra\u0161yti romanus. Pirmoji jos knyga kvie\u010dia pasivaik\u0161\u010dioti Kopenhagos gatv\u0117mis, kur sklando \u0161ilt\u0173 bandeli\u0173 ir kar\u0161to \u0161okolado kvapas, bei i\u0161 ar\u010diau susipa\u017einti su skandinavi\u0161ku gyvenimo b\u016bdu. Autorius:\u00a0Julie Caplin Leid\u0117jas:\u00a0Tyto alba Metai:\u00a02024 Puslapiai:\u00a0426 ISBN:\u00a09786094668234 Versijos kodas:\u00a010 Formatas:\u00a015,3 x 22,1 x 3,8 cm, kieti vir\u0161eliai Kalba:\u00a0Lietuvi\u0173 Vert\u0117jas:\u00a0Rasa Dirg\u0117l\u0117<\/p>\n","protected":false},"featured_media":15713,"comment_status":"open","ping_status":"closed","template":"","meta":{"_acf_changed":false,"site-sidebar-layout":"default","site-content-layout":"","ast-site-content-layout":"default","site-content-style":"default","site-sidebar-style":"default","ast-global-header-display":"","ast-banner-title-visibility":"","ast-main-header-display":"","ast-hfb-above-header-display":"","ast-hfb-below-header-display":"","ast-hfb-mobile-header-display":"","site-post-title":"","ast-breadcrumbs-content":"","ast-featured-img":"","footer-sml-layout":"","ast-disable-related-posts":"","theme-transparent-header-meta":"default","adv-header-id-meta":"","stick-header-meta":"","header-above-stick-meta":"","header-main-stick-meta":"","header-below-stick-meta":"","astra-migrate-meta-layouts":"set","ast-page-background-enabled":"default","ast-page-background-meta":{"desktop":{"background-color":"","background-image":"","background-repeat":"repeat","background-position":"center center","background-size":"auto","background-attachment":"scroll","background-type":"","background-media":"","overlay-type":"","overlay-color":"","overlay-opacity":"","overlay-gradient":""},"tablet":{"background-color":"","background-image":"","background-repeat":"repeat","background-position":"center center","background-size":"auto","background-attachment":"scroll","background-type":"","background-media":"","overlay-type":"","overlay-color":"","overlay-opacity":"","overlay-gradient":""},"mobile":{"background-color":"","background-image":"","background-repeat":"repeat","background-position":"center center","background-size":"auto","background-attachment":"scroll","background-type":"","background-media":"","overlay-type":"","overlay-color":"","overlay-opacity":"","overlay-gradient":""}},"ast-content-background-meta":{"desktop":{"background-color":"var(--ast-global-color-4)","background-image":"","background-repeat":"repeat","background-position":"center center","background-size":"auto","background-attachment":"scroll","background-type":"","background-media":"","overlay-type":"","overlay-color":"","overlay-opacity":"","overlay-gradient":""},"tablet":{"background-color":"var(--ast-global-color-4)","background-image":"","background-repeat":"repeat","background-position":"center center","background-size":"auto","background-attachment":"scroll","background-type":"","background-media":"","overlay-type":"","overlay-color":"","overlay-opacity":"","overlay-gradient":""},"mobile":{"background-color":"var(--ast-global-color-4)","background-image":"","background-repeat":"repeat","background-position":"center center","background-size":"auto","background-attachment":"scroll","background-type":"","background-media":"","overlay-type":"","overlay-color":"","overlay-opacity":"","overlay-gradient":""}}},"product_brand":[],"product_cat":[31,15],"product_tag":[5035,5036,5034,1445,1748,1745,4144],"class_list":{"0":"post-15600","1":"product","2":"type-product","3":"status-publish","4":"has-post-thumbnail","6":"product_cat-grozine-literatura","7":"product_cat-uncategorized","8":"product_tag-danija","9":"product_tag-hygge","10":"product_tag-julie-caplin","11":"product_tag-keliones","12":"product_tag-meiles-istorija","13":"product_tag-romanas","14":"product_tag-siuolaikine-literatura","15":"desktop-align-left","16":"tablet-align-left","17":"mobile-align-left","19":"first","20":"outofstock","21":"shipping-taxable","22":"purchasable","23":"product-type-simple"},"acf":[],"yoast_head":"<!-- This site is optimized with the Yoast SEO plugin v27.0 - https:\/\/yoast.com\/product\/yoast-seo-wordpress\/ -->\n<title>Kavin\u0117 Kopenhagoje<\/title>\n<meta name=\"description\" content=\"\u2013 M\u016bs\u0173 \u0161alyje niekas neduoda garb\u0117s \u017eenklo u\u017e tai, kad m\u0117gsti persidirbti. \u2013 Eva pa\u017evelg\u0117 \u012f mane. \u2013 Nei u\u017e tai, kad be paliovos tikrini elektronin\u012f pa\u0161t\u0105\" \/>\n<meta name=\"robots\" content=\"index, follow, max-snippet:-1, max-image-preview:large, max-video-preview:-1\" \/>\n<link rel=\"canonical\" href=\"https:\/\/skaitytaknyga.lt\/en\/produktas\/kavine-kopenhagoje\/\" \/>\n<meta property=\"og:locale\" content=\"en_GB\" \/>\n<meta property=\"og:locale:alternate\" content=\"lt_LT\" \/>\n<meta property=\"og:type\" content=\"article\" \/>\n<meta property=\"og:title\" content=\"Kavin\u0117 Kopenhagoje\" \/>\n<meta property=\"og:description\" content=\"\u2013 M\u016bs\u0173 \u0161alyje niekas neduoda garb\u0117s \u017eenklo u\u017e tai, kad m\u0117gsti persidirbti. \u2013 Eva pa\u017evelg\u0117 \u012f mane. \u2013 Nei u\u017e tai, kad be paliovos tikrini elektronin\u012f pa\u0161t\u0105\" \/>\n<meta property=\"og:url\" content=\"https:\/\/skaitytaknyga.lt\/en\/produktas\/kavine-kopenhagoje\/\" \/>\n<meta property=\"og:site_name\" content=\"Skaitytaknyga\" \/>\n<meta property=\"article:publisher\" content=\"https:\/\/www.facebook.com\/skaitytaknyga\/\" \/>\n<meta property=\"article:modified_time\" content=\"2025-06-11T10:19:34+00:00\" \/>\n<meta property=\"og:image\" content=\"https:\/\/skaitytaknyga.lt\/wp-content\/uploads\/2024\/12\/Kavine-Kopenhagoje.webp\" \/>\n\t<meta property=\"og:image:width\" content=\"533\" \/>\n\t<meta property=\"og:image:height\" content=\"800\" \/>\n\t<meta property=\"og:image:type\" content=\"image\/webp\" \/>\n<meta name=\"twitter:card\" content=\"summary_large_image\" \/>\n<meta name=\"twitter:label1\" content=\"Estimated reading time\" \/>\n\t<meta name=\"twitter:data1\" content=\"2 minutes\" \/>\n<script type=\"application\/ld+json\" class=\"yoast-schema-graph\">{\"@context\":\"https:\/\/schema.org\",\"@graph\":[{\"@type\":\"WebPage\",\"@id\":\"https:\/\/skaitytaknyga.lt\/produktas\/kavine-kopenhagoje\/\",\"url\":\"https:\/\/skaitytaknyga.lt\/produktas\/kavine-kopenhagoje\/\",\"name\":\"Kavin\u0117 Kopenhagoje\",\"isPartOf\":{\"@id\":\"https:\/\/skaitytaknyga.lt\/#website\"},\"primaryImageOfPage\":{\"@id\":\"https:\/\/skaitytaknyga.lt\/produktas\/kavine-kopenhagoje\/#primaryimage\"},\"image\":{\"@id\":\"https:\/\/skaitytaknyga.lt\/produktas\/kavine-kopenhagoje\/#primaryimage\"},\"thumbnailUrl\":\"https:\/\/skaitytaknyga.lt\/wp-content\/uploads\/2024\/12\/Kavine-Kopenhagoje.webp\",\"datePublished\":\"2024-12-19T12:37:14+00:00\",\"dateModified\":\"2025-06-11T10:19:34+00:00\",\"description\":\"\u2013 M\u016bs\u0173 \u0161alyje niekas neduoda garb\u0117s \u017eenklo u\u017e tai, kad m\u0117gsti persidirbti. \u2013 Eva pa\u017evelg\u0117 \u012f mane. \u2013 Nei u\u017e tai, kad be paliovos tikrini elektronin\u012f pa\u0161t\u0105\",\"breadcrumb\":{\"@id\":\"https:\/\/skaitytaknyga.lt\/produktas\/kavine-kopenhagoje\/#breadcrumb\"},\"inLanguage\":\"en-GB\",\"potentialAction\":[{\"@type\":\"ReadAction\",\"target\":[\"https:\/\/skaitytaknyga.lt\/produktas\/kavine-kopenhagoje\/\"]}]},{\"@type\":\"ImageObject\",\"inLanguage\":\"en-GB\",\"@id\":\"https:\/\/skaitytaknyga.lt\/produktas\/kavine-kopenhagoje\/#primaryimage\",\"url\":\"https:\/\/skaitytaknyga.lt\/wp-content\/uploads\/2024\/12\/Kavine-Kopenhagoje.webp\",\"contentUrl\":\"https:\/\/skaitytaknyga.lt\/wp-content\/uploads\/2024\/12\/Kavine-Kopenhagoje.webp\",\"width\":533,\"height\":800,\"caption\":\"Kavin\u0117 Kopenhagoje\"},{\"@type\":\"BreadcrumbList\",\"@id\":\"https:\/\/skaitytaknyga.lt\/produktas\/kavine-kopenhagoje\/#breadcrumb\",\"itemListElement\":[{\"@type\":\"ListItem\",\"position\":1,\"name\":\"Home\",\"item\":\"https:\/\/skaitytaknyga.lt\/\"},{\"@type\":\"ListItem\",\"position\":2,\"name\":\"Parduotuv\u0117\",\"item\":\"https:\/\/skaitytaknyga.lt\/knygu-parduotuve\/\"},{\"@type\":\"ListItem\",\"position\":3,\"name\":\"Kavin\u0117 Kopenhagoje\"}]},{\"@type\":\"WebSite\",\"@id\":\"https:\/\/skaitytaknyga.lt\/#website\",\"url\":\"https:\/\/skaitytaknyga.lt\/\",\"name\":\"skaitytaknyga.lt\",\"description\":\"Skaitytaknyga.lt \u2013 tai ma\u017eas \u0161eimos verslas, kuris prasid\u0117jo nuo meil\u0117s knygoms ir siekio i\u0161gelb\u0117ti knygas nuo likimo prie konteinerio. Kas vienam nereikalingas daiktas \u2013 kitam lobis, o mes esame tarpininkai, kurie padeda abiems tapti laimingesniems ???? \u017dinome kaip nelengva i\u0161gyventi ma\u017eiems verslams, tad nuo \u0161iol, \u010dia rasite ir kit\u0173, ma\u017e\u0173 \u0161eim\u0173 versl\u0173, rank\u0173 darbo, dovan\u0173 sau ir artimiesiems.\",\"publisher\":{\"@id\":\"https:\/\/skaitytaknyga.lt\/#organization\"},\"potentialAction\":[{\"@type\":\"SearchAction\",\"target\":{\"@type\":\"EntryPoint\",\"urlTemplate\":\"https:\/\/skaitytaknyga.lt\/?s={search_term_string}\"},\"query-input\":{\"@type\":\"PropertyValueSpecification\",\"valueRequired\":true,\"valueName\":\"search_term_string\"}}],\"inLanguage\":\"en-GB\"},{\"@type\":\"Organization\",\"@id\":\"https:\/\/skaitytaknyga.lt\/#organization\",\"name\":\"skaitytaknyga.lt\",\"url\":\"https:\/\/skaitytaknyga.lt\/\",\"logo\":{\"@type\":\"ImageObject\",\"inLanguage\":\"en-GB\",\"@id\":\"https:\/\/skaitytaknyga.lt\/#\/schema\/logo\/image\/\",\"url\":\"https:\/\/skaitytaknyga.lt\/wp-content\/uploads\/2024\/05\/cropped-cropped-cropped-02_00843_jt3bggkj1j3HLc7SyY6rEUpg.jpeg\",\"contentUrl\":\"https:\/\/skaitytaknyga.lt\/wp-content\/uploads\/2024\/05\/cropped-cropped-cropped-02_00843_jt3bggkj1j3HLc7SyY6rEUpg.jpeg\",\"width\":1600,\"height\":1600,\"caption\":\"skaitytaknyga.lt\"},\"image\":{\"@id\":\"https:\/\/skaitytaknyga.lt\/#\/schema\/logo\/image\/\"},\"sameAs\":[\"https:\/\/www.facebook.com\/skaitytaknyga\/\"]}]}<\/script>\n<!-- \/ Yoast SEO plugin. -->","yoast_head_json":{"title":"Kavin\u0117 Kopenhagoje","description":"\u2013 M\u016bs\u0173 \u0161alyje niekas neduoda garb\u0117s \u017eenklo u\u017e tai, kad m\u0117gsti persidirbti. \u2013 Eva pa\u017evelg\u0117 \u012f mane. \u2013 Nei u\u017e tai, kad be paliovos tikrini elektronin\u012f pa\u0161t\u0105","robots":{"index":"index","follow":"follow","max-snippet":"max-snippet:-1","max-image-preview":"max-image-preview:large","max-video-preview":"max-video-preview:-1"},"canonical":"https:\/\/skaitytaknyga.lt\/en\/produktas\/kavine-kopenhagoje\/","og_locale":"en_GB","og_type":"article","og_title":"[:en]Kavin\u0117 Kopenhagoje[:lt]Kavin\u0117 Kopenhagoje[:] - Skaitytaknyga","og_description":"\u2013 M\u016bs\u0173 \u0161alyje niekas neduoda garb\u0117s \u017eenklo u\u017e tai, kad m\u0117gsti persidirbti. \u2013 Eva pa\u017evelg\u0117 \u012f mane. \u2013 Nei u\u017e tai, kad be paliovos tikrini elektronin\u012f pa\u0161t\u0105","og_url":"https:\/\/skaitytaknyga.lt\/en\/produktas\/kavine-kopenhagoje\/","og_site_name":"Skaitytaknyga","article_publisher":"https:\/\/www.facebook.com\/skaitytaknyga\/","article_modified_time":"2025-06-11T10:19:34+00:00","og_image":[{"width":533,"height":800,"url":"https:\/\/skaitytaknyga.lt\/wp-content\/uploads\/2024\/12\/Kavine-Kopenhagoje.webp","type":"image\/webp"}],"twitter_card":"summary_large_image","twitter_misc":{"Estimated reading time":"2 minutes"},"schema":{"@context":"https:\/\/schema.org","@graph":[{"@type":"WebPage","@id":"https:\/\/skaitytaknyga.lt\/produktas\/kavine-kopenhagoje\/","url":"https:\/\/skaitytaknyga.lt\/produktas\/kavine-kopenhagoje\/","name":"Kavin\u0117 Kopenhagoje","isPartOf":{"@id":"https:\/\/skaitytaknyga.lt\/#website"},"primaryImageOfPage":{"@id":"https:\/\/skaitytaknyga.lt\/produktas\/kavine-kopenhagoje\/#primaryimage"},"image":{"@id":"https:\/\/skaitytaknyga.lt\/produktas\/kavine-kopenhagoje\/#primaryimage"},"thumbnailUrl":"https:\/\/skaitytaknyga.lt\/wp-content\/uploads\/2024\/12\/Kavine-Kopenhagoje.webp","datePublished":"2024-12-19T12:37:14+00:00","dateModified":"2025-06-11T10:19:34+00:00","description":"\u2013 M\u016bs\u0173 \u0161alyje niekas neduoda garb\u0117s \u017eenklo u\u017e tai, kad m\u0117gsti persidirbti. \u2013 Eva pa\u017evelg\u0117 \u012f mane. \u2013 Nei u\u017e tai, kad be paliovos tikrini elektronin\u012f pa\u0161t\u0105","breadcrumb":{"@id":"https:\/\/skaitytaknyga.lt\/produktas\/kavine-kopenhagoje\/#breadcrumb"},"inLanguage":"en-GB","potentialAction":[{"@type":"ReadAction","target":["https:\/\/skaitytaknyga.lt\/produktas\/kavine-kopenhagoje\/"]}]},{"@type":"ImageObject","inLanguage":"en-GB","@id":"https:\/\/skaitytaknyga.lt\/produktas\/kavine-kopenhagoje\/#primaryimage","url":"https:\/\/skaitytaknyga.lt\/wp-content\/uploads\/2024\/12\/Kavine-Kopenhagoje.webp","contentUrl":"https:\/\/skaitytaknyga.lt\/wp-content\/uploads\/2024\/12\/Kavine-Kopenhagoje.webp","width":533,"height":800,"caption":"Kavin\u0117 Kopenhagoje"},{"@type":"BreadcrumbList","@id":"https:\/\/skaitytaknyga.lt\/produktas\/kavine-kopenhagoje\/#breadcrumb","itemListElement":[{"@type":"ListItem","position":1,"name":"Home","item":"https:\/\/skaitytaknyga.lt\/"},{"@type":"ListItem","position":2,"name":"Parduotuv\u0117","item":"https:\/\/skaitytaknyga.lt\/knygu-parduotuve\/"},{"@type":"ListItem","position":3,"name":"Kavin\u0117 Kopenhagoje"}]},{"@type":"WebSite","@id":"https:\/\/skaitytaknyga.lt\/#website","url":"https:\/\/skaitytaknyga.lt\/","name":"skaitytaknyga.lt","description":"Skaitytaknyga.lt \u2013 tai ma\u017eas \u0161eimos verslas, kuris prasid\u0117jo nuo meil\u0117s knygoms ir siekio i\u0161gelb\u0117ti knygas nuo likimo prie konteinerio. Kas vienam nereikalingas daiktas \u2013 kitam lobis, o mes esame tarpininkai, kurie padeda abiems tapti laimingesniems ???? \u017dinome kaip nelengva i\u0161gyventi ma\u017eiems verslams, tad nuo \u0161iol, \u010dia rasite ir kit\u0173, ma\u017e\u0173 \u0161eim\u0173 versl\u0173, rank\u0173 darbo, dovan\u0173 sau ir artimiesiems.","publisher":{"@id":"https:\/\/skaitytaknyga.lt\/#organization"},"potentialAction":[{"@type":"SearchAction","target":{"@type":"EntryPoint","urlTemplate":"https:\/\/skaitytaknyga.lt\/?s={search_term_string}"},"query-input":{"@type":"PropertyValueSpecification","valueRequired":true,"valueName":"search_term_string"}}],"inLanguage":"en-GB"},{"@type":"Organization","@id":"https:\/\/skaitytaknyga.lt\/#organization","name":"skaitytaknyga.lt","url":"https:\/\/skaitytaknyga.lt\/","logo":{"@type":"ImageObject","inLanguage":"en-GB","@id":"https:\/\/skaitytaknyga.lt\/#\/schema\/logo\/image\/","url":"https:\/\/skaitytaknyga.lt\/wp-content\/uploads\/2024\/05\/cropped-cropped-cropped-02_00843_jt3bggkj1j3HLc7SyY6rEUpg.jpeg","contentUrl":"https:\/\/skaitytaknyga.lt\/wp-content\/uploads\/2024\/05\/cropped-cropped-cropped-02_00843_jt3bggkj1j3HLc7SyY6rEUpg.jpeg","width":1600,"height":1600,"caption":"skaitytaknyga.lt"},"image":{"@id":"https:\/\/skaitytaknyga.lt\/#\/schema\/logo\/image\/"},"sameAs":["https:\/\/www.facebook.com\/skaitytaknyga\/"]}]}},"_links":{"self":[{"href":"https:\/\/skaitytaknyga.lt\/en\/wp-json\/wp\/v2\/product\/15600","targetHints":{"allow":["GET"]}}],"collection":[{"href":"https:\/\/skaitytaknyga.lt\/en\/wp-json\/wp\/v2\/product"}],"about":[{"href":"https:\/\/skaitytaknyga.lt\/en\/wp-json\/wp\/v2\/types\/product"}],"replies":[{"embeddable":true,"href":"https:\/\/skaitytaknyga.lt\/en\/wp-json\/wp\/v2\/comments?post=15600"}],"wp:featuredmedia":[{"embeddable":true,"href":"https:\/\/skaitytaknyga.lt\/en\/wp-json\/wp\/v2\/media\/15713"}],"wp:attachment":[{"href":"https:\/\/skaitytaknyga.lt\/en\/wp-json\/wp\/v2\/media?parent=15600"}],"wp:term":[{"taxonomy":"product_brand","embeddable":true,"href":"https:\/\/skaitytaknyga.lt\/en\/wp-json\/wp\/v2\/product_brand?post=15600"},{"taxonomy":"product_cat","embeddable":true,"href":"https:\/\/skaitytaknyga.lt\/en\/wp-json\/wp\/v2\/product_cat?post=15600"},{"taxonomy":"product_tag","embeddable":true,"href":"https:\/\/skaitytaknyga.lt\/en\/wp-json\/wp\/v2\/product_tag?post=15600"}],"curies":[{"name":"wp","href":"https:\/\/api.w.org\/{rel}","templated":true}]}}