{"id":15599,"date":"2024-12-19T14:37:14","date_gmt":"2024-12-19T12:37:14","guid":{"rendered":"https:\/\/skaitytaknyga.lt\/?post_type=product&#038;p=15599"},"modified":"2025-06-11T13:19:34","modified_gmt":"2025-06-11T10:19:34","slug":"letas-vezliu-valsas","status":"publish","type":"product","link":"https:\/\/skaitytaknyga.lt\/en\/produktas\/letas-vezliu-valsas\/","title":{"rendered":"L\u0117tas v\u0117\u017eli\u0173 valsas"},"content":{"rendered":"<p>Esu l\u0117ta, nepaslanki&#8230;<br \/>\n\u2013 Kaip v\u0117\u017eliuk\u0117? \u2013 paklaus\u0117 jis, draugi\u0161kai pa\u017evelg\u0119s \u012f \u017dozefin\u0105.<br \/>\n\u2013 Kaip v\u0117\u017eliuk\u0117, kuri juda dviej\u0173 kilometr\u0173 per valand\u0105 grei\u010diu ir tirta i\u0161 baim\u0117s!<br \/>\n\u2013 V\u0117\u017eliai man patinka, \u2013 meiliai pratar\u0117 jis. \u2013 Tai labai i\u0161tikimi gyv\u016bnai, \u017einote, labai<br \/>\ni\u0161tikimi&#8230; Jie verti m\u016bs\u0173 d\u0117mesio.<\/p>\n<p>\u0160iame pranc\u016bz\u0173 autor\u0117s Kathrine Pancol megabestseleryje \u2013 knygos \u201eGeltonos krokodil\u0173 akys\u201c t\u0119sinyje, \u2013 kuriuo be vargo m\u0117gausis ir su pirm\u0105ja knyga nesusipa\u017ein\u0119s skaitytojas, \u017dozefinai, pagaliau pajutusiai tro\u0161kul\u012f save pa\u017einti, tenka susidurti su i\u0161siskyrimu, \u0161eimos problemomis ir net \u017emog\u017eudyste.<\/p>\n<p>Per pastaruosius metus \u017dozefinos Kortes gyvenimas pasikeit\u0117 \u012f ger\u0105. Dar neseniai buvusi vos gal\u0105 su galu sudurianti Viduram\u017eius tyrin\u0117janti mokslinink\u0117 \u2013 palikta sutuoktinio, atstumta motinos ir persekiojama bankininko, dabar ji bestselerio autor\u0117, turinti but\u0105 Pary\u017eiuje ir patraukl\u0173, kad ir paniurus\u012f, meilu\u017e\u012f. Ir vis d\u0117lto ramyb\u0117je jos nepalieka nuojauta, kad tikroji laim\u0117 j\u0105 aplenkia. Taigi kai vien\u0105 vakar\u0105 \u0161i keturiasde\u0161imtmet\u0117 susiduria su gyvenim\u0105 kei\u010dian\u010diais \u012fvykiais, ji supranta, kad laikas prad\u0117ti klausytis \u0161irdies.<\/p>\n<p>Pakliuvus \u012f paini\u0173 santyki\u0173 ir virtin\u0117s \u017emog\u017eudys\u010di\u0173 raizgalyn\u0119, \u017dozefinai tenka mokytis ry\u017etingai ver\u017etis \u012f priek\u012f, rasti dr\u0105sos ir stiprinti pasitik\u0117jim\u0105 savimi.<\/p>\n<ul class=\"about-product d-none d-xl-block mt-4\">\n<li><strong>Originalus pavadinimas:<\/strong>\u00a0La valse lente des tortues<\/li>\n<li><strong>Autorius:<\/strong>\u00a0Katherine Pancol<\/li>\n<li><strong>Leid\u0117jas:<\/strong>\u00a0Alma littera<\/li>\n<li><strong>Metai:<\/strong>\u00a02024<\/li>\n<li><strong>Puslapiai:<\/strong>\u00a0704<\/li>\n<li class=\"toggleable type-new-formats \"><strong>ISBN:<\/strong>\u00a09786090159743<\/li>\n<li class=\"toggleable type-new-formats \"><strong>Formatas:<\/strong>\u00a015 x 21,6 x 5 cm, kieti vir\u0161eliai<\/li>\n<li><strong>Kalba:<\/strong>\u00a0Lietuvi\u0173<\/li>\n<li><strong>Vert\u0117jas:<\/strong>\u00a0Veronika Vasiljeva-Niparavi\u010dien\u0117<\/li>\n<\/ul>\n","protected":false},"excerpt":{"rendered":"<p>Esu l\u0117ta, nepaslanki&#8230; \u2013 Kaip v\u0117\u017eliuk\u0117? \u2013 paklaus\u0117 jis, draugi\u0161kai pa\u017evelg\u0119s \u012f \u017dozefin\u0105. \u2013 Kaip v\u0117\u017eliuk\u0117, kuri juda dviej\u0173 kilometr\u0173 per valand\u0105 grei\u010diu ir tirta i\u0161 baim\u0117s! \u2013 V\u0117\u017eliai man patinka, \u2013 meiliai pratar\u0117 jis. \u2013 Tai labai i\u0161tikimi gyv\u016bnai, \u017einote, labai i\u0161tikimi&#8230; Jie verti m\u016bs\u0173 d\u0117mesio. \u0160iame pranc\u016bz\u0173 autor\u0117s Kathrine Pancol megabestseleryje \u2013 knygos \u201eGeltonos krokodil\u0173 akys\u201c t\u0119sinyje, \u2013 kuriuo be vargo m\u0117gausis ir su pirm\u0105ja knyga nesusipa\u017ein\u0119s skaitytojas, \u017dozefinai, pagaliau pajutusiai tro\u0161kul\u012f save pa\u017einti, tenka susidurti su i\u0161siskyrimu, \u0161eimos problemomis ir net \u017emog\u017eudyste. Per pastaruosius metus \u017dozefinos Kortes gyvenimas pasikeit\u0117 \u012f ger\u0105. Dar neseniai buvusi vos gal\u0105 su galu sudurianti Viduram\u017eius tyrin\u0117janti mokslinink\u0117 \u2013 palikta sutuoktinio, atstumta motinos ir persekiojama bankininko, dabar ji bestselerio autor\u0117, turinti but\u0105 Pary\u017eiuje ir patraukl\u0173, kad ir paniurus\u012f, meilu\u017e\u012f. Ir vis d\u0117lto ramyb\u0117je jos nepalieka nuojauta, kad tikroji laim\u0117 j\u0105 aplenkia. Taigi kai vien\u0105 vakar\u0105 \u0161i keturiasde\u0161imtmet\u0117 susiduria su gyvenim\u0105 kei\u010dian\u010diais \u012fvykiais, ji supranta, kad laikas prad\u0117ti klausytis \u0161irdies. Pakliuvus \u012f paini\u0173 santyki\u0173 ir virtin\u0117s \u017emog\u017eudys\u010di\u0173 raizgalyn\u0119, \u017dozefinai tenka mokytis ry\u017etingai ver\u017etis \u012f priek\u012f, rasti dr\u0105sos ir stiprinti pasitik\u0117jim\u0105 savimi. Originalus pavadinimas:\u00a0La valse lente des tortues Autorius:\u00a0Katherine Pancol Leid\u0117jas:\u00a0Alma littera Metai:\u00a02024 Puslapiai:\u00a0704 ISBN:\u00a09786090159743 Formatas:\u00a015 x 21,6 x 5 cm, kieti vir\u0161eliai Kalba:\u00a0Lietuvi\u0173 Vert\u0117jas:\u00a0Veronika Vasiljeva-Niparavi\u010dien\u0117<\/p>\n","protected":false},"featured_media":15613,"comment_status":"open","ping_status":"closed","template":"","meta":{"_acf_changed":false,"site-sidebar-layout":"default","site-content-layout":"","ast-site-content-layout":"default","site-content-style":"default","site-sidebar-style":"default","ast-global-header-display":"","ast-banner-title-visibility":"","ast-main-header-display":"","ast-hfb-above-header-display":"","ast-hfb-below-header-display":"","ast-hfb-mobile-header-display":"","site-post-title":"","ast-breadcrumbs-content":"","ast-featured-img":"","footer-sml-layout":"","ast-disable-related-posts":"","theme-transparent-header-meta":"default","adv-header-id-meta":"","stick-header-meta":"","header-above-stick-meta":"","header-main-stick-meta":"","header-below-stick-meta":"","astra-migrate-meta-layouts":"set","ast-page-background-enabled":"default","ast-page-background-meta":{"desktop":{"background-color":"","background-image":"","background-repeat":"repeat","background-position":"center center","background-size":"auto","background-attachment":"scroll","background-type":"","background-media":"","overlay-type":"","overlay-color":"","overlay-opacity":"","overlay-gradient":""},"tablet":{"background-color":"","background-image":"","background-repeat":"repeat","background-position":"center center","background-size":"auto","background-attachment":"scroll","background-type":"","background-media":"","overlay-type":"","overlay-color":"","overlay-opacity":"","overlay-gradient":""},"mobile":{"background-color":"","background-image":"","background-repeat":"repeat","background-position":"center center","background-size":"auto","background-attachment":"scroll","background-type":"","background-media":"","overlay-type":"","overlay-color":"","overlay-opacity":"","overlay-gradient":""}},"ast-content-background-meta":{"desktop":{"background-color":"var(--ast-global-color-4)","background-image":"","background-repeat":"repeat","background-position":"center center","background-size":"auto","background-attachment":"scroll","background-type":"","background-media":"","overlay-type":"","overlay-color":"","overlay-opacity":"","overlay-gradient":""},"tablet":{"background-color":"var(--ast-global-color-4)","background-image":"","background-repeat":"repeat","background-position":"center center","background-size":"auto","background-attachment":"scroll","background-type":"","background-media":"","overlay-type":"","overlay-color":"","overlay-opacity":"","overlay-gradient":""},"mobile":{"background-color":"var(--ast-global-color-4)","background-image":"","background-repeat":"repeat","background-position":"center center","background-size":"auto","background-attachment":"scroll","background-type":"","background-media":"","overlay-type":"","overlay-color":"","overlay-opacity":"","overlay-gradient":""}}},"product_brand":[],"product_cat":[31,15],"product_tag":[5031,5032,1761,1745,1772],"class_list":{"0":"post-15599","1":"product","2":"type-product","3":"status-publish","4":"has-post-thumbnail","6":"product_cat-grozine-literatura","7":"product_cat-uncategorized","8":"product_tag-katherine-pancol","9":"product_tag-moters-saves-pazinimas","10":"product_tag-prancuzu-literatura","11":"product_tag-romanas","12":"product_tag-zmogzudyste","13":"desktop-align-left","14":"tablet-align-left","15":"mobile-align-left","17":"first","18":"instock","19":"shipping-taxable","20":"purchasable","21":"product-type-simple"},"acf":[],"yoast_head":"<!-- This site is optimized with the Yoast SEO plugin v27.0 - https:\/\/yoast.com\/product\/yoast-seo-wordpress\/ -->\n<title>L\u0117tas v\u0117\u017eli\u0173 valsas<\/title>\n<meta name=\"description\" content=\"Esu l\u0117ta, nepaslanki... \u2013 Kaip v\u0117\u017eliuk\u0117? \u2013 paklaus\u0117 jis, draugi\u0161kai pa\u017evelg\u0119s \u012f \u017dozefin\u0105. \u2013 Kaip v\u0117\u017eliuk\u0117, kuri juda dviej\u0173 kilometr\u0173 per valand\u0105 grei\u010diu\" \/>\n<meta name=\"robots\" content=\"index, follow, max-snippet:-1, max-image-preview:large, max-video-preview:-1\" \/>\n<link rel=\"canonical\" href=\"https:\/\/skaitytaknyga.lt\/en\/produktas\/letas-vezliu-valsas\/\" \/>\n<meta property=\"og:locale\" content=\"en_GB\" \/>\n<meta property=\"og:locale:alternate\" content=\"lt_LT\" \/>\n<meta property=\"og:type\" content=\"article\" \/>\n<meta property=\"og:title\" content=\"L\u0117tas v\u0117\u017eli\u0173 valsas\" \/>\n<meta property=\"og:description\" content=\"Esu l\u0117ta, nepaslanki... \u2013 Kaip v\u0117\u017eliuk\u0117? \u2013 paklaus\u0117 jis, draugi\u0161kai pa\u017evelg\u0119s \u012f \u017dozefin\u0105. \u2013 Kaip v\u0117\u017eliuk\u0117, kuri juda dviej\u0173 kilometr\u0173 per valand\u0105 grei\u010diu\" \/>\n<meta property=\"og:url\" content=\"https:\/\/skaitytaknyga.lt\/en\/produktas\/letas-vezliu-valsas\/\" \/>\n<meta property=\"og:site_name\" content=\"Skaitytaknyga\" \/>\n<meta property=\"article:publisher\" content=\"https:\/\/www.facebook.com\/skaitytaknyga\/\" \/>\n<meta property=\"article:modified_time\" content=\"2025-06-11T10:19:34+00:00\" \/>\n<meta property=\"og:image\" content=\"https:\/\/skaitytaknyga.lt\/wp-content\/uploads\/2024\/12\/Letas-vezliu-valsas.webp\" \/>\n\t<meta property=\"og:image:width\" content=\"400\" \/>\n\t<meta property=\"og:image:height\" content=\"600\" \/>\n\t<meta property=\"og:image:type\" content=\"image\/webp\" \/>\n<meta name=\"twitter:card\" content=\"summary_large_image\" \/>\n<meta name=\"twitter:label1\" content=\"Estimated reading time\" \/>\n\t<meta name=\"twitter:data1\" content=\"2 minutes\" \/>\n<script type=\"application\/ld+json\" class=\"yoast-schema-graph\">{\"@context\":\"https:\/\/schema.org\",\"@graph\":[{\"@type\":\"WebPage\",\"@id\":\"https:\/\/skaitytaknyga.lt\/produktas\/letas-vezliu-valsas\/\",\"url\":\"https:\/\/skaitytaknyga.lt\/produktas\/letas-vezliu-valsas\/\",\"name\":\"L\u0117tas v\u0117\u017eli\u0173 valsas\",\"isPartOf\":{\"@id\":\"https:\/\/skaitytaknyga.lt\/#website\"},\"primaryImageOfPage\":{\"@id\":\"https:\/\/skaitytaknyga.lt\/produktas\/letas-vezliu-valsas\/#primaryimage\"},\"image\":{\"@id\":\"https:\/\/skaitytaknyga.lt\/produktas\/letas-vezliu-valsas\/#primaryimage\"},\"thumbnailUrl\":\"https:\/\/skaitytaknyga.lt\/wp-content\/uploads\/2024\/12\/Letas-vezliu-valsas.webp\",\"datePublished\":\"2024-12-19T12:37:14+00:00\",\"dateModified\":\"2025-06-11T10:19:34+00:00\",\"description\":\"Esu l\u0117ta, nepaslanki... \u2013 Kaip v\u0117\u017eliuk\u0117? \u2013 paklaus\u0117 jis, draugi\u0161kai pa\u017evelg\u0119s \u012f \u017dozefin\u0105. \u2013 Kaip v\u0117\u017eliuk\u0117, kuri juda dviej\u0173 kilometr\u0173 per valand\u0105 grei\u010diu\",\"breadcrumb\":{\"@id\":\"https:\/\/skaitytaknyga.lt\/produktas\/letas-vezliu-valsas\/#breadcrumb\"},\"inLanguage\":\"en-GB\",\"potentialAction\":[{\"@type\":\"ReadAction\",\"target\":[\"https:\/\/skaitytaknyga.lt\/produktas\/letas-vezliu-valsas\/\"]}]},{\"@type\":\"ImageObject\",\"inLanguage\":\"en-GB\",\"@id\":\"https:\/\/skaitytaknyga.lt\/produktas\/letas-vezliu-valsas\/#primaryimage\",\"url\":\"https:\/\/skaitytaknyga.lt\/wp-content\/uploads\/2024\/12\/Letas-vezliu-valsas.webp\",\"contentUrl\":\"https:\/\/skaitytaknyga.lt\/wp-content\/uploads\/2024\/12\/Letas-vezliu-valsas.webp\",\"width\":400,\"height\":600,\"caption\":\"L\u0117tas v\u0117\u017eli\u0173 valsas\"},{\"@type\":\"BreadcrumbList\",\"@id\":\"https:\/\/skaitytaknyga.lt\/produktas\/letas-vezliu-valsas\/#breadcrumb\",\"itemListElement\":[{\"@type\":\"ListItem\",\"position\":1,\"name\":\"Home\",\"item\":\"https:\/\/skaitytaknyga.lt\/\"},{\"@type\":\"ListItem\",\"position\":2,\"name\":\"Parduotuv\u0117\",\"item\":\"https:\/\/skaitytaknyga.lt\/knygu-parduotuve\/\"},{\"@type\":\"ListItem\",\"position\":3,\"name\":\"L\u0117tas v\u0117\u017eli\u0173 valsas\"}]},{\"@type\":\"WebSite\",\"@id\":\"https:\/\/skaitytaknyga.lt\/#website\",\"url\":\"https:\/\/skaitytaknyga.lt\/\",\"name\":\"skaitytaknyga.lt\",\"description\":\"Skaitytaknyga.lt \u2013 tai ma\u017eas \u0161eimos verslas, kuris prasid\u0117jo nuo meil\u0117s knygoms ir siekio i\u0161gelb\u0117ti knygas nuo likimo prie konteinerio. Kas vienam nereikalingas daiktas \u2013 kitam lobis, o mes esame tarpininkai, kurie padeda abiems tapti laimingesniems ???? \u017dinome kaip nelengva i\u0161gyventi ma\u017eiems verslams, tad nuo \u0161iol, \u010dia rasite ir kit\u0173, ma\u017e\u0173 \u0161eim\u0173 versl\u0173, rank\u0173 darbo, dovan\u0173 sau ir artimiesiems.\",\"publisher\":{\"@id\":\"https:\/\/skaitytaknyga.lt\/#organization\"},\"potentialAction\":[{\"@type\":\"SearchAction\",\"target\":{\"@type\":\"EntryPoint\",\"urlTemplate\":\"https:\/\/skaitytaknyga.lt\/?s={search_term_string}\"},\"query-input\":{\"@type\":\"PropertyValueSpecification\",\"valueRequired\":true,\"valueName\":\"search_term_string\"}}],\"inLanguage\":\"en-GB\"},{\"@type\":\"Organization\",\"@id\":\"https:\/\/skaitytaknyga.lt\/#organization\",\"name\":\"skaitytaknyga.lt\",\"url\":\"https:\/\/skaitytaknyga.lt\/\",\"logo\":{\"@type\":\"ImageObject\",\"inLanguage\":\"en-GB\",\"@id\":\"https:\/\/skaitytaknyga.lt\/#\/schema\/logo\/image\/\",\"url\":\"https:\/\/skaitytaknyga.lt\/wp-content\/uploads\/2024\/05\/cropped-cropped-cropped-02_00843_jt3bggkj1j3HLc7SyY6rEUpg.jpeg\",\"contentUrl\":\"https:\/\/skaitytaknyga.lt\/wp-content\/uploads\/2024\/05\/cropped-cropped-cropped-02_00843_jt3bggkj1j3HLc7SyY6rEUpg.jpeg\",\"width\":1600,\"height\":1600,\"caption\":\"skaitytaknyga.lt\"},\"image\":{\"@id\":\"https:\/\/skaitytaknyga.lt\/#\/schema\/logo\/image\/\"},\"sameAs\":[\"https:\/\/www.facebook.com\/skaitytaknyga\/\"]}]}<\/script>\n<!-- \/ Yoast SEO plugin. -->","yoast_head_json":{"title":"L\u0117tas v\u0117\u017eli\u0173 valsas","description":"Esu l\u0117ta, nepaslanki... \u2013 Kaip v\u0117\u017eliuk\u0117? \u2013 paklaus\u0117 jis, draugi\u0161kai pa\u017evelg\u0119s \u012f \u017dozefin\u0105. \u2013 Kaip v\u0117\u017eliuk\u0117, kuri juda dviej\u0173 kilometr\u0173 per valand\u0105 grei\u010diu","robots":{"index":"index","follow":"follow","max-snippet":"max-snippet:-1","max-image-preview":"max-image-preview:large","max-video-preview":"max-video-preview:-1"},"canonical":"https:\/\/skaitytaknyga.lt\/en\/produktas\/letas-vezliu-valsas\/","og_locale":"en_GB","og_type":"article","og_title":"[:lt]L\u0117tas v\u0117\u017eli\u0173 valsas[:] - Skaitytaknyga","og_description":"Esu l\u0117ta, nepaslanki... \u2013 Kaip v\u0117\u017eliuk\u0117? \u2013 paklaus\u0117 jis, draugi\u0161kai pa\u017evelg\u0119s \u012f \u017dozefin\u0105. \u2013 Kaip v\u0117\u017eliuk\u0117, kuri juda dviej\u0173 kilometr\u0173 per valand\u0105 grei\u010diu","og_url":"https:\/\/skaitytaknyga.lt\/en\/produktas\/letas-vezliu-valsas\/","og_site_name":"Skaitytaknyga","article_publisher":"https:\/\/www.facebook.com\/skaitytaknyga\/","article_modified_time":"2025-06-11T10:19:34+00:00","og_image":[{"width":400,"height":600,"url":"https:\/\/skaitytaknyga.lt\/wp-content\/uploads\/2024\/12\/Letas-vezliu-valsas.webp","type":"image\/webp"}],"twitter_card":"summary_large_image","twitter_misc":{"Estimated reading time":"2 minutes"},"schema":{"@context":"https:\/\/schema.org","@graph":[{"@type":"WebPage","@id":"https:\/\/skaitytaknyga.lt\/produktas\/letas-vezliu-valsas\/","url":"https:\/\/skaitytaknyga.lt\/produktas\/letas-vezliu-valsas\/","name":"L\u0117tas v\u0117\u017eli\u0173 valsas","isPartOf":{"@id":"https:\/\/skaitytaknyga.lt\/#website"},"primaryImageOfPage":{"@id":"https:\/\/skaitytaknyga.lt\/produktas\/letas-vezliu-valsas\/#primaryimage"},"image":{"@id":"https:\/\/skaitytaknyga.lt\/produktas\/letas-vezliu-valsas\/#primaryimage"},"thumbnailUrl":"https:\/\/skaitytaknyga.lt\/wp-content\/uploads\/2024\/12\/Letas-vezliu-valsas.webp","datePublished":"2024-12-19T12:37:14+00:00","dateModified":"2025-06-11T10:19:34+00:00","description":"Esu l\u0117ta, nepaslanki... \u2013 Kaip v\u0117\u017eliuk\u0117? \u2013 paklaus\u0117 jis, draugi\u0161kai pa\u017evelg\u0119s \u012f \u017dozefin\u0105. \u2013 Kaip v\u0117\u017eliuk\u0117, kuri juda dviej\u0173 kilometr\u0173 per valand\u0105 grei\u010diu","breadcrumb":{"@id":"https:\/\/skaitytaknyga.lt\/produktas\/letas-vezliu-valsas\/#breadcrumb"},"inLanguage":"en-GB","potentialAction":[{"@type":"ReadAction","target":["https:\/\/skaitytaknyga.lt\/produktas\/letas-vezliu-valsas\/"]}]},{"@type":"ImageObject","inLanguage":"en-GB","@id":"https:\/\/skaitytaknyga.lt\/produktas\/letas-vezliu-valsas\/#primaryimage","url":"https:\/\/skaitytaknyga.lt\/wp-content\/uploads\/2024\/12\/Letas-vezliu-valsas.webp","contentUrl":"https:\/\/skaitytaknyga.lt\/wp-content\/uploads\/2024\/12\/Letas-vezliu-valsas.webp","width":400,"height":600,"caption":"L\u0117tas v\u0117\u017eli\u0173 valsas"},{"@type":"BreadcrumbList","@id":"https:\/\/skaitytaknyga.lt\/produktas\/letas-vezliu-valsas\/#breadcrumb","itemListElement":[{"@type":"ListItem","position":1,"name":"Home","item":"https:\/\/skaitytaknyga.lt\/"},{"@type":"ListItem","position":2,"name":"Parduotuv\u0117","item":"https:\/\/skaitytaknyga.lt\/knygu-parduotuve\/"},{"@type":"ListItem","position":3,"name":"L\u0117tas v\u0117\u017eli\u0173 valsas"}]},{"@type":"WebSite","@id":"https:\/\/skaitytaknyga.lt\/#website","url":"https:\/\/skaitytaknyga.lt\/","name":"skaitytaknyga.lt","description":"Skaitytaknyga.lt \u2013 tai ma\u017eas \u0161eimos verslas, kuris prasid\u0117jo nuo meil\u0117s knygoms ir siekio i\u0161gelb\u0117ti knygas nuo likimo prie konteinerio. Kas vienam nereikalingas daiktas \u2013 kitam lobis, o mes esame tarpininkai, kurie padeda abiems tapti laimingesniems ???? \u017dinome kaip nelengva i\u0161gyventi ma\u017eiems verslams, tad nuo \u0161iol, \u010dia rasite ir kit\u0173, ma\u017e\u0173 \u0161eim\u0173 versl\u0173, rank\u0173 darbo, dovan\u0173 sau ir artimiesiems.","publisher":{"@id":"https:\/\/skaitytaknyga.lt\/#organization"},"potentialAction":[{"@type":"SearchAction","target":{"@type":"EntryPoint","urlTemplate":"https:\/\/skaitytaknyga.lt\/?s={search_term_string}"},"query-input":{"@type":"PropertyValueSpecification","valueRequired":true,"valueName":"search_term_string"}}],"inLanguage":"en-GB"},{"@type":"Organization","@id":"https:\/\/skaitytaknyga.lt\/#organization","name":"skaitytaknyga.lt","url":"https:\/\/skaitytaknyga.lt\/","logo":{"@type":"ImageObject","inLanguage":"en-GB","@id":"https:\/\/skaitytaknyga.lt\/#\/schema\/logo\/image\/","url":"https:\/\/skaitytaknyga.lt\/wp-content\/uploads\/2024\/05\/cropped-cropped-cropped-02_00843_jt3bggkj1j3HLc7SyY6rEUpg.jpeg","contentUrl":"https:\/\/skaitytaknyga.lt\/wp-content\/uploads\/2024\/05\/cropped-cropped-cropped-02_00843_jt3bggkj1j3HLc7SyY6rEUpg.jpeg","width":1600,"height":1600,"caption":"skaitytaknyga.lt"},"image":{"@id":"https:\/\/skaitytaknyga.lt\/#\/schema\/logo\/image\/"},"sameAs":["https:\/\/www.facebook.com\/skaitytaknyga\/"]}]}},"_links":{"self":[{"href":"https:\/\/skaitytaknyga.lt\/en\/wp-json\/wp\/v2\/product\/15599","targetHints":{"allow":["GET"]}}],"collection":[{"href":"https:\/\/skaitytaknyga.lt\/en\/wp-json\/wp\/v2\/product"}],"about":[{"href":"https:\/\/skaitytaknyga.lt\/en\/wp-json\/wp\/v2\/types\/product"}],"replies":[{"embeddable":true,"href":"https:\/\/skaitytaknyga.lt\/en\/wp-json\/wp\/v2\/comments?post=15599"}],"wp:featuredmedia":[{"embeddable":true,"href":"https:\/\/skaitytaknyga.lt\/en\/wp-json\/wp\/v2\/media\/15613"}],"wp:attachment":[{"href":"https:\/\/skaitytaknyga.lt\/en\/wp-json\/wp\/v2\/media?parent=15599"}],"wp:term":[{"taxonomy":"product_brand","embeddable":true,"href":"https:\/\/skaitytaknyga.lt\/en\/wp-json\/wp\/v2\/product_brand?post=15599"},{"taxonomy":"product_cat","embeddable":true,"href":"https:\/\/skaitytaknyga.lt\/en\/wp-json\/wp\/v2\/product_cat?post=15599"},{"taxonomy":"product_tag","embeddable":true,"href":"https:\/\/skaitytaknyga.lt\/en\/wp-json\/wp\/v2\/product_tag?post=15599"}],"curies":[{"name":"wp","href":"https:\/\/api.w.org\/{rel}","templated":true}]}}