{"id":15598,"date":"2024-12-19T14:37:14","date_gmt":"2024-12-19T12:37:14","guid":{"rendered":"https:\/\/skaitytaknyga.lt\/?post_type=product&#038;p=15598"},"modified":"2026-03-18T10:57:05","modified_gmt":"2026-03-18T08:57:05","slug":"laikrodininko-dukte","status":"publish","type":"product","link":"https:\/\/skaitytaknyga.lt\/en\/produktas\/laikrodininko-dukte\/","title":{"rendered":"Laikrodininko dukt\u0117"},"content":{"rendered":"<p>Turiningas, kerintis naujasis \u201eRivertono dvaro paslaptis&#8221; autor\u0117s romanas \u2013 istorija apie meil\u0119 ir paslapting\u0105 \u017emog\u017eudyst\u0119, kurios \u0161e\u0161\u0117lis driekiasi i\u0161 kartos \u012f kart\u0105, rutuliojasi Anglijoje nuo 1860-\u0173j\u0173 iki \u0161i\u0173 dien\u0173.<\/p>\n<p>Tikrojo mano vardo neprisimena niekas.<br \/>\nTiesos apie t\u0105 vasar\u0105 taip pat niekas kitas ne\u017eino.<\/p>\n<p>1862 m. vasar\u0105 jaun\u0173 meninink\u0173 grup\u0117, vadovaujama aistringo ir talentingo Edvardo Redklifo, atvyksta \u012f Ber\u017eyno dvar\u0105, \u012fsik\u016brus\u012f Temz\u0117s pakrant\u0117je. Jie ketina praleisti vasaros m\u0117nes\u012f nuo\u0161alioje \u012fkv\u0117pimu ir k\u016bryba alsuojan\u010dioje aplinkoje. Ta\u010diau per \u0161i\u0105 vie\u0161nag\u0119 viena moteris nu\u0161aunama, kita dingsta drauge su ne\u012fkainojama brangenybe, o Edvardo Redklifo gyvenimas virsta griuv\u0117siais.<\/p>\n<p>Po daugiau nei \u0161imto penkiasde\u0161imties met\u0173 jauna Londono archyvar\u0117 Elodi Vinslou atidaro odin\u0119 rankin\u0119, kurioje yra du i\u0161 pa\u017ei\u016bros nesusij\u0119 daiktai: nespalvota Viktorijos laik\u0173 drabu\u017eiais vilkin\u010dios \u012fsp\u016bdingos moters nuotrauka ir menininko eskiz\u0173 albumas su dviej\u0173 fronton\u0173 namo up\u0117s vingyje pie\u0161iniu. Kod\u0117l Ber\u017eyno dvaras Elodi atrodo toks pa\u017e\u012fstamas? Kas yra ta gra\u017ei moteris nuotraukoje? Ar ji kada nors atskleis savo paslaptis?<\/p>\n<p>Laikrodininko dukters istorija, pasakojama daugeliu bals\u0173, yra istorija apie \u017emog\u017eudyst\u0119, paslaptis ir vagystes, men\u0105, meil\u0119 ir praradim\u0105. O per \u0161\u012f pasakojim\u0105 tarsi up\u0117 teka balsas moters, stovin\u010dios u\u017e laiko ribos, jos vard\u0105 istorija pamir\u0161o, bet ji stebi, kaip klostosi istorijos \u012fvykiai. Ji \u2012 Berd\u0117 Bel, laikrodininko dukt\u0117.<\/p>\n","protected":false},"excerpt":{"rendered":"<p>Turiningas, kerintis naujasis \u201eRivertono dvaro paslaptis&#8221; autor\u0117s romanas \u2013 istorija apie meil\u0119 ir paslapting\u0105 \u017emog\u017eudyst\u0119, kurios \u0161e\u0161\u0117lis driekiasi i\u0161 kartos \u012f kart\u0105, rutuliojasi Anglijoje nuo 1860-\u0173j\u0173 iki \u0161i\u0173 dien\u0173. Tikrojo mano vardo neprisimena niekas. Tiesos apie t\u0105 vasar\u0105 taip pat niekas kitas ne\u017eino. 1862 m. vasar\u0105 jaun\u0173 meninink\u0173 grup\u0117, vadovaujama aistringo ir talentingo Edvardo Redklifo, atvyksta \u012f Ber\u017eyno dvar\u0105, \u012fsik\u016brus\u012f Temz\u0117s pakrant\u0117je. Jie ketina praleisti vasaros m\u0117nes\u012f nuo\u0161alioje \u012fkv\u0117pimu ir k\u016bryba alsuojan\u010dioje aplinkoje. Ta\u010diau per \u0161i\u0105 vie\u0161nag\u0119 viena moteris nu\u0161aunama, kita dingsta drauge su ne\u012fkainojama brangenybe, o Edvardo Redklifo gyvenimas virsta griuv\u0117siais. Po daugiau nei \u0161imto penkiasde\u0161imties met\u0173 jauna Londono archyvar\u0117 Elodi Vinslou atidaro odin\u0119 rankin\u0119, kurioje yra du i\u0161 pa\u017ei\u016bros nesusij\u0119 daiktai: nespalvota Viktorijos laik\u0173 drabu\u017eiais vilkin\u010dios \u012fsp\u016bdingos moters nuotrauka ir menininko eskiz\u0173 albumas su dviej\u0173 fronton\u0173 namo up\u0117s vingyje pie\u0161iniu. Kod\u0117l Ber\u017eyno dvaras Elodi atrodo toks pa\u017e\u012fstamas? Kas yra ta gra\u017ei moteris nuotraukoje? Ar ji kada nors atskleis savo paslaptis? Laikrodininko dukters istorija, pasakojama daugeliu bals\u0173, yra istorija apie \u017emog\u017eudyst\u0119, paslaptis ir vagystes, men\u0105, meil\u0119 ir praradim\u0105. O per \u0161\u012f pasakojim\u0105 tarsi up\u0117 teka balsas moters, stovin\u010dios u\u017e laiko ribos, jos vard\u0105 istorija pamir\u0161o, bet ji stebi, kaip klostosi istorijos \u012fvykiai. Ji \u2012 Berd\u0117 Bel, laikrodininko dukt\u0117.<\/p>\n","protected":false},"featured_media":15714,"comment_status":"open","ping_status":"closed","template":"","meta":{"_acf_changed":false,"site-sidebar-layout":"default","site-content-layout":"","ast-site-content-layout":"default","site-content-style":"default","site-sidebar-style":"default","ast-global-header-display":"","ast-banner-title-visibility":"","ast-main-header-display":"","ast-hfb-above-header-display":"","ast-hfb-below-header-display":"","ast-hfb-mobile-header-display":"","site-post-title":"","ast-breadcrumbs-content":"","ast-featured-img":"","footer-sml-layout":"","ast-disable-related-posts":"","theme-transparent-header-meta":"default","adv-header-id-meta":"","stick-header-meta":"","header-above-stick-meta":"","header-main-stick-meta":"","header-below-stick-meta":"","astra-migrate-meta-layouts":"set","ast-page-background-enabled":"default","ast-page-background-meta":{"desktop":{"background-color":"","background-image":"","background-repeat":"repeat","background-position":"center center","background-size":"auto","background-attachment":"scroll","background-type":"","background-media":"","overlay-type":"","overlay-color":"","overlay-opacity":"","overlay-gradient":""},"tablet":{"background-color":"","background-image":"","background-repeat":"repeat","background-position":"center center","background-size":"auto","background-attachment":"scroll","background-type":"","background-media":"","overlay-type":"","overlay-color":"","overlay-opacity":"","overlay-gradient":""},"mobile":{"background-color":"","background-image":"","background-repeat":"repeat","background-position":"center center","background-size":"auto","background-attachment":"scroll","background-type":"","background-media":"","overlay-type":"","overlay-color":"","overlay-opacity":"","overlay-gradient":""}},"ast-content-background-meta":{"desktop":{"background-color":"var(--ast-global-color-4)","background-image":"","background-repeat":"repeat","background-position":"center center","background-size":"auto","background-attachment":"scroll","background-type":"","background-media":"","overlay-type":"","overlay-color":"","overlay-opacity":"","overlay-gradient":""},"tablet":{"background-color":"var(--ast-global-color-4)","background-image":"","background-repeat":"repeat","background-position":"center center","background-size":"auto","background-attachment":"scroll","background-type":"","background-media":"","overlay-type":"","overlay-color":"","overlay-opacity":"","overlay-gradient":""},"mobile":{"background-color":"var(--ast-global-color-4)","background-image":"","background-repeat":"repeat","background-position":"center center","background-size":"auto","background-attachment":"scroll","background-type":"","background-media":"","overlay-type":"","overlay-color":"","overlay-opacity":"","overlay-gradient":""}}},"product_brand":[],"product_cat":[9618],"product_tag":[4509,5028,4518,3052,1478,5029,1772],"class_list":{"0":"post-15598","1":"product","2":"type-product","3":"status-publish","4":"has-post-thumbnail","6":"product_cat-istoriniai-romanai","7":"product_tag-anglija","8":"product_tag-istorine-drama","9":"product_tag-kate-morton","10":"product_tag-menas","11":"product_tag-paslaptys","12":"product_tag-seimos-istorija","13":"product_tag-zmogzudyste","14":"desktop-align-left","15":"tablet-align-left","16":"mobile-align-left","18":"first","19":"instock","20":"shipping-taxable","21":"purchasable","22":"product-type-simple"},"acf":[],"yoast_head":"<!-- This site is optimized with the Yoast SEO plugin v27.0 - https:\/\/yoast.com\/product\/yoast-seo-wordpress\/ -->\n<title>Laikrodininko dukt\u0117<\/title>\n<meta name=\"description\" content=\"Turiningas, kerintis naujasis \u201eRivertono dvaro paslaptis&quot; autor\u0117s romanas \u2013 istorija apie meil\u0119 ir paslapting\u0105 \u017emog\u017eudyst\u0119, kurios \u0161e\u0161\u0117lis driekiasi i\u0161\" \/>\n<meta name=\"robots\" content=\"index, follow, max-snippet:-1, max-image-preview:large, max-video-preview:-1\" \/>\n<link rel=\"canonical\" href=\"https:\/\/skaitytaknyga.lt\/en\/produktas\/laikrodininko-dukte\/\" \/>\n<meta property=\"og:locale\" content=\"en_GB\" \/>\n<meta property=\"og:locale:alternate\" content=\"lt_LT\" \/>\n<meta property=\"og:type\" content=\"article\" \/>\n<meta property=\"og:title\" content=\"Laikrodininko dukt\u0117\" \/>\n<meta property=\"og:description\" content=\"Turiningas, kerintis naujasis \u201eRivertono dvaro paslaptis&quot; autor\u0117s romanas \u2013 istorija apie meil\u0119 ir paslapting\u0105 \u017emog\u017eudyst\u0119, kurios \u0161e\u0161\u0117lis driekiasi i\u0161\" \/>\n<meta property=\"og:url\" content=\"https:\/\/skaitytaknyga.lt\/en\/produktas\/laikrodininko-dukte\/\" \/>\n<meta property=\"og:site_name\" content=\"Skaitytaknyga\" \/>\n<meta property=\"article:publisher\" content=\"https:\/\/www.facebook.com\/skaitytaknyga\/\" \/>\n<meta property=\"article:modified_time\" content=\"2026-03-18T08:57:05+00:00\" \/>\n<meta property=\"og:image\" content=\"https:\/\/skaitytaknyga.lt\/wp-content\/uploads\/2024\/12\/Laikrodininko-dukte.webp\" \/>\n\t<meta property=\"og:image:width\" content=\"566\" \/>\n\t<meta property=\"og:image:height\" content=\"800\" \/>\n\t<meta property=\"og:image:type\" content=\"image\/webp\" \/>\n<meta name=\"twitter:card\" content=\"summary_large_image\" \/>\n<meta name=\"twitter:label1\" content=\"Estimated reading time\" \/>\n\t<meta name=\"twitter:data1\" content=\"2 minutes\" \/>\n<script type=\"application\/ld+json\" class=\"yoast-schema-graph\">{\"@context\":\"https:\/\/schema.org\",\"@graph\":[{\"@type\":\"WebPage\",\"@id\":\"https:\/\/skaitytaknyga.lt\/produktas\/laikrodininko-dukte\/\",\"url\":\"https:\/\/skaitytaknyga.lt\/produktas\/laikrodininko-dukte\/\",\"name\":\"Laikrodininko dukt\u0117\",\"isPartOf\":{\"@id\":\"https:\/\/skaitytaknyga.lt\/#website\"},\"primaryImageOfPage\":{\"@id\":\"https:\/\/skaitytaknyga.lt\/produktas\/laikrodininko-dukte\/#primaryimage\"},\"image\":{\"@id\":\"https:\/\/skaitytaknyga.lt\/produktas\/laikrodininko-dukte\/#primaryimage\"},\"thumbnailUrl\":\"https:\/\/skaitytaknyga.lt\/wp-content\/uploads\/2024\/12\/Laikrodininko-dukte.webp\",\"datePublished\":\"2024-12-19T12:37:14+00:00\",\"dateModified\":\"2026-03-18T08:57:05+00:00\",\"description\":\"Turiningas, kerintis naujasis \u201eRivertono dvaro paslaptis\\\" autor\u0117s romanas \u2013 istorija apie meil\u0119 ir paslapting\u0105 \u017emog\u017eudyst\u0119, kurios \u0161e\u0161\u0117lis driekiasi i\u0161\",\"breadcrumb\":{\"@id\":\"https:\/\/skaitytaknyga.lt\/produktas\/laikrodininko-dukte\/#breadcrumb\"},\"inLanguage\":\"en-GB\",\"potentialAction\":[{\"@type\":\"ReadAction\",\"target\":[\"https:\/\/skaitytaknyga.lt\/produktas\/laikrodininko-dukte\/\"]}]},{\"@type\":\"ImageObject\",\"inLanguage\":\"en-GB\",\"@id\":\"https:\/\/skaitytaknyga.lt\/produktas\/laikrodininko-dukte\/#primaryimage\",\"url\":\"https:\/\/skaitytaknyga.lt\/wp-content\/uploads\/2024\/12\/Laikrodininko-dukte.webp\",\"contentUrl\":\"https:\/\/skaitytaknyga.lt\/wp-content\/uploads\/2024\/12\/Laikrodininko-dukte.webp\",\"width\":566,\"height\":800,\"caption\":\"Laikrodininko dukt\u0117\"},{\"@type\":\"BreadcrumbList\",\"@id\":\"https:\/\/skaitytaknyga.lt\/produktas\/laikrodininko-dukte\/#breadcrumb\",\"itemListElement\":[{\"@type\":\"ListItem\",\"position\":1,\"name\":\"Home\",\"item\":\"https:\/\/skaitytaknyga.lt\/\"},{\"@type\":\"ListItem\",\"position\":2,\"name\":\"Parduotuv\u0117\",\"item\":\"https:\/\/skaitytaknyga.lt\/knygu-parduotuve\/\"},{\"@type\":\"ListItem\",\"position\":3,\"name\":\"Laikrodininko dukt\u0117\"}]},{\"@type\":\"WebSite\",\"@id\":\"https:\/\/skaitytaknyga.lt\/#website\",\"url\":\"https:\/\/skaitytaknyga.lt\/\",\"name\":\"skaitytaknyga.lt\",\"description\":\"Skaitytaknyga.lt \u2013 tai ma\u017eas \u0161eimos verslas, kuris prasid\u0117jo nuo meil\u0117s knygoms ir siekio i\u0161gelb\u0117ti knygas nuo likimo prie konteinerio. Kas vienam nereikalingas daiktas \u2013 kitam lobis, o mes esame tarpininkai, kurie padeda abiems tapti laimingesniems ???? \u017dinome kaip nelengva i\u0161gyventi ma\u017eiems verslams, tad nuo \u0161iol, \u010dia rasite ir kit\u0173, ma\u017e\u0173 \u0161eim\u0173 versl\u0173, rank\u0173 darbo, dovan\u0173 sau ir artimiesiems.\",\"publisher\":{\"@id\":\"https:\/\/skaitytaknyga.lt\/#organization\"},\"potentialAction\":[{\"@type\":\"SearchAction\",\"target\":{\"@type\":\"EntryPoint\",\"urlTemplate\":\"https:\/\/skaitytaknyga.lt\/?s={search_term_string}\"},\"query-input\":{\"@type\":\"PropertyValueSpecification\",\"valueRequired\":true,\"valueName\":\"search_term_string\"}}],\"inLanguage\":\"en-GB\"},{\"@type\":\"Organization\",\"@id\":\"https:\/\/skaitytaknyga.lt\/#organization\",\"name\":\"skaitytaknyga.lt\",\"url\":\"https:\/\/skaitytaknyga.lt\/\",\"logo\":{\"@type\":\"ImageObject\",\"inLanguage\":\"en-GB\",\"@id\":\"https:\/\/skaitytaknyga.lt\/#\/schema\/logo\/image\/\",\"url\":\"https:\/\/skaitytaknyga.lt\/wp-content\/uploads\/2024\/05\/cropped-cropped-cropped-02_00843_jt3bggkj1j3HLc7SyY6rEUpg.jpeg\",\"contentUrl\":\"https:\/\/skaitytaknyga.lt\/wp-content\/uploads\/2024\/05\/cropped-cropped-cropped-02_00843_jt3bggkj1j3HLc7SyY6rEUpg.jpeg\",\"width\":1600,\"height\":1600,\"caption\":\"skaitytaknyga.lt\"},\"image\":{\"@id\":\"https:\/\/skaitytaknyga.lt\/#\/schema\/logo\/image\/\"},\"sameAs\":[\"https:\/\/www.facebook.com\/skaitytaknyga\/\"]}]}<\/script>\n<!-- \/ Yoast SEO plugin. -->","yoast_head_json":{"title":"Laikrodininko dukt\u0117","description":"Turiningas, kerintis naujasis \u201eRivertono dvaro paslaptis\" autor\u0117s romanas \u2013 istorija apie meil\u0119 ir paslapting\u0105 \u017emog\u017eudyst\u0119, kurios \u0161e\u0161\u0117lis driekiasi i\u0161","robots":{"index":"index","follow":"follow","max-snippet":"max-snippet:-1","max-image-preview":"max-image-preview:large","max-video-preview":"max-video-preview:-1"},"canonical":"https:\/\/skaitytaknyga.lt\/en\/produktas\/laikrodininko-dukte\/","og_locale":"en_GB","og_type":"article","og_title":"[:lt]Laikrodininko dukt\u0117[:] - Skaitytaknyga","og_description":"Turiningas, kerintis naujasis \u201eRivertono dvaro paslaptis\" autor\u0117s romanas \u2013 istorija apie meil\u0119 ir paslapting\u0105 \u017emog\u017eudyst\u0119, kurios \u0161e\u0161\u0117lis driekiasi i\u0161","og_url":"https:\/\/skaitytaknyga.lt\/en\/produktas\/laikrodininko-dukte\/","og_site_name":"Skaitytaknyga","article_publisher":"https:\/\/www.facebook.com\/skaitytaknyga\/","article_modified_time":"2026-03-18T08:57:05+00:00","og_image":[{"width":566,"height":800,"url":"https:\/\/skaitytaknyga.lt\/wp-content\/uploads\/2024\/12\/Laikrodininko-dukte.webp","type":"image\/webp"}],"twitter_card":"summary_large_image","twitter_misc":{"Estimated reading time":"2 minutes"},"schema":{"@context":"https:\/\/schema.org","@graph":[{"@type":"WebPage","@id":"https:\/\/skaitytaknyga.lt\/produktas\/laikrodininko-dukte\/","url":"https:\/\/skaitytaknyga.lt\/produktas\/laikrodininko-dukte\/","name":"Laikrodininko dukt\u0117","isPartOf":{"@id":"https:\/\/skaitytaknyga.lt\/#website"},"primaryImageOfPage":{"@id":"https:\/\/skaitytaknyga.lt\/produktas\/laikrodininko-dukte\/#primaryimage"},"image":{"@id":"https:\/\/skaitytaknyga.lt\/produktas\/laikrodininko-dukte\/#primaryimage"},"thumbnailUrl":"https:\/\/skaitytaknyga.lt\/wp-content\/uploads\/2024\/12\/Laikrodininko-dukte.webp","datePublished":"2024-12-19T12:37:14+00:00","dateModified":"2026-03-18T08:57:05+00:00","description":"Turiningas, kerintis naujasis \u201eRivertono dvaro paslaptis\" autor\u0117s romanas \u2013 istorija apie meil\u0119 ir paslapting\u0105 \u017emog\u017eudyst\u0119, kurios \u0161e\u0161\u0117lis driekiasi i\u0161","breadcrumb":{"@id":"https:\/\/skaitytaknyga.lt\/produktas\/laikrodininko-dukte\/#breadcrumb"},"inLanguage":"en-GB","potentialAction":[{"@type":"ReadAction","target":["https:\/\/skaitytaknyga.lt\/produktas\/laikrodininko-dukte\/"]}]},{"@type":"ImageObject","inLanguage":"en-GB","@id":"https:\/\/skaitytaknyga.lt\/produktas\/laikrodininko-dukte\/#primaryimage","url":"https:\/\/skaitytaknyga.lt\/wp-content\/uploads\/2024\/12\/Laikrodininko-dukte.webp","contentUrl":"https:\/\/skaitytaknyga.lt\/wp-content\/uploads\/2024\/12\/Laikrodininko-dukte.webp","width":566,"height":800,"caption":"Laikrodininko dukt\u0117"},{"@type":"BreadcrumbList","@id":"https:\/\/skaitytaknyga.lt\/produktas\/laikrodininko-dukte\/#breadcrumb","itemListElement":[{"@type":"ListItem","position":1,"name":"Home","item":"https:\/\/skaitytaknyga.lt\/"},{"@type":"ListItem","position":2,"name":"Parduotuv\u0117","item":"https:\/\/skaitytaknyga.lt\/knygu-parduotuve\/"},{"@type":"ListItem","position":3,"name":"Laikrodininko dukt\u0117"}]},{"@type":"WebSite","@id":"https:\/\/skaitytaknyga.lt\/#website","url":"https:\/\/skaitytaknyga.lt\/","name":"skaitytaknyga.lt","description":"Skaitytaknyga.lt \u2013 tai ma\u017eas \u0161eimos verslas, kuris prasid\u0117jo nuo meil\u0117s knygoms ir siekio i\u0161gelb\u0117ti knygas nuo likimo prie konteinerio. Kas vienam nereikalingas daiktas \u2013 kitam lobis, o mes esame tarpininkai, kurie padeda abiems tapti laimingesniems ???? \u017dinome kaip nelengva i\u0161gyventi ma\u017eiems verslams, tad nuo \u0161iol, \u010dia rasite ir kit\u0173, ma\u017e\u0173 \u0161eim\u0173 versl\u0173, rank\u0173 darbo, dovan\u0173 sau ir artimiesiems.","publisher":{"@id":"https:\/\/skaitytaknyga.lt\/#organization"},"potentialAction":[{"@type":"SearchAction","target":{"@type":"EntryPoint","urlTemplate":"https:\/\/skaitytaknyga.lt\/?s={search_term_string}"},"query-input":{"@type":"PropertyValueSpecification","valueRequired":true,"valueName":"search_term_string"}}],"inLanguage":"en-GB"},{"@type":"Organization","@id":"https:\/\/skaitytaknyga.lt\/#organization","name":"skaitytaknyga.lt","url":"https:\/\/skaitytaknyga.lt\/","logo":{"@type":"ImageObject","inLanguage":"en-GB","@id":"https:\/\/skaitytaknyga.lt\/#\/schema\/logo\/image\/","url":"https:\/\/skaitytaknyga.lt\/wp-content\/uploads\/2024\/05\/cropped-cropped-cropped-02_00843_jt3bggkj1j3HLc7SyY6rEUpg.jpeg","contentUrl":"https:\/\/skaitytaknyga.lt\/wp-content\/uploads\/2024\/05\/cropped-cropped-cropped-02_00843_jt3bggkj1j3HLc7SyY6rEUpg.jpeg","width":1600,"height":1600,"caption":"skaitytaknyga.lt"},"image":{"@id":"https:\/\/skaitytaknyga.lt\/#\/schema\/logo\/image\/"},"sameAs":["https:\/\/www.facebook.com\/skaitytaknyga\/"]}]}},"_links":{"self":[{"href":"https:\/\/skaitytaknyga.lt\/en\/wp-json\/wp\/v2\/product\/15598","targetHints":{"allow":["GET"]}}],"collection":[{"href":"https:\/\/skaitytaknyga.lt\/en\/wp-json\/wp\/v2\/product"}],"about":[{"href":"https:\/\/skaitytaknyga.lt\/en\/wp-json\/wp\/v2\/types\/product"}],"replies":[{"embeddable":true,"href":"https:\/\/skaitytaknyga.lt\/en\/wp-json\/wp\/v2\/comments?post=15598"}],"wp:featuredmedia":[{"embeddable":true,"href":"https:\/\/skaitytaknyga.lt\/en\/wp-json\/wp\/v2\/media\/15714"}],"wp:attachment":[{"href":"https:\/\/skaitytaknyga.lt\/en\/wp-json\/wp\/v2\/media?parent=15598"}],"wp:term":[{"taxonomy":"product_brand","embeddable":true,"href":"https:\/\/skaitytaknyga.lt\/en\/wp-json\/wp\/v2\/product_brand?post=15598"},{"taxonomy":"product_cat","embeddable":true,"href":"https:\/\/skaitytaknyga.lt\/en\/wp-json\/wp\/v2\/product_cat?post=15598"},{"taxonomy":"product_tag","embeddable":true,"href":"https:\/\/skaitytaknyga.lt\/en\/wp-json\/wp\/v2\/product_tag?post=15598"}],"curies":[{"name":"wp","href":"https:\/\/api.w.org\/{rel}","templated":true}]}}