{"id":15597,"date":"2024-12-19T14:37:14","date_gmt":"2024-12-19T12:37:14","guid":{"rendered":"https:\/\/skaitytaknyga.lt\/?post_type=product&#038;p=15597"},"modified":"2024-12-23T09:57:27","modified_gmt":"2024-12-23T07:57:27","slug":"pakabink-menuli","status":"publish","type":"product","link":"https:\/\/skaitytaknyga.lt\/en\/produktas\/pakabink-menuli\/","title":{"rendered":"Pakabink m\u0117nul\u012f"},"content":{"rendered":"<p>Pa\u0161\u0117l\u0119s, veiksmo kupinas romanas apie nesutramdom\u0105 jaun\u0105 moter\u012f prohibicijos laik\u0173 Vird\u017einijoje.<\/p>\n<p>Sel\u0117 Kinkaid \u2013 i\u0161kiliausio ma\u017eo miestelio vyro, charizmati\u0161kojo Kinkaido, vis\u0173 vadinamo Hercogu, dukt\u0117. Gimusi XX a. prad\u017eioje privilegijuotoje \u0161eimoje Sel\u0117 ma\u017eai k\u0105 prisimena apie savo motin\u0105, mirusi\u0105 po \u012fnirtingo gin\u010do su Hercogu. Kai jai sukanka a\u0161tuoneri, Hercogas veda antr\u0105 kart\u0105 ir susilaukia s\u016bnaus Ed\u017eio. Sel\u0117 atsigimusi \u012f t\u0117v\u0105 \u2013 a\u0161traus proto ir i\u0161radinga, o Edis \u2013 \u012f motin\u0105, drovus ir racionalus. Selei pam\u0117ginus mokyti jaun\u0105j\u012f Ed\u012f, kad tapt\u0173 pana\u0161esnis \u012f t\u0117v\u0105, dr\u0105sios jos pamokos baigiasi nelaimingu atsitikimu, ir Sel\u0117 i\u0161varoma gyventi savaranki\u0161kai.<\/p>\n<p>Po devyneri\u0173 met\u0173 ji gr\u012f\u017eta, pasiry\u017eusi atgauti savo pad\u0117t\u012f \u0161eimoje. Ta\u010diau tai nelengva \u2013 Sel\u0117 patenka \u012f konflikt\u0173 draskom\u0105 ir teis\u0117s nepaisant\u012f pasaul\u012f. Ji susiduria su Did\u017eiojo namo \u0161e\u0161\u0117liuose t\u016bnan\u010diomis paslaptimis ir skandalais, laviruoja tarp skirting\u0173 \u0161eimynyk\u0161\u010di\u0173 ir miestel\u0117n\u0173 interes\u0173 ir galiausiai tampa dr\u0105sia, kartais ir suvis nutr\u016bktgalve kontrabandininke.<\/p>\n<p>\u012e\u017e\u016bli, bebaim\u0117, atsisakanti jai primetam\u0173 ribojim\u0173 Sel\u0117 Kinkaid pelnys skaitytoj\u0173 simpatijas jau nuo pat knygos prad\u017eios \u2013 pasin\u0117rus \u012f \u0161\u012f jaudinant\u012f pasakojim\u0105, nugurgiam\u0105 lengvai it pagrindin\u0117s veik\u0117jos gyvenim\u0105 nulemiantis u\u017edraustas viskis, nor\u0117sis sirgti u\u017e j\u0105 iki pat paskutiniojo puslapio.<\/p>\n<ul class=\"about-product d-none d-xl-block mt-4\">\n<li><strong>Originalus pavadinimas:<\/strong>\u00a0Hang The Moon<\/li>\n<li><strong>Autorius:<\/strong>\u00a0Jeannette Walls<\/li>\n<li><strong>Leid\u0117jas:<\/strong>\u00a0Lietuvos ra\u0161ytoj\u0173 s\u0105jungos leidykla<\/li>\n<li><strong>Metai:<\/strong>\u00a02024<\/li>\n<li><strong>Puslapiai:<\/strong>\u00a0456<\/li>\n<li class=\"toggleable type-new-formats \"><strong>ISBN:<\/strong>\u00a09786094804274<\/li>\n<li><strong>Versijos kodas:<\/strong>\u00a06<\/li>\n<li class=\"toggleable type-new-formats \"><strong>Formatas:<\/strong>\u00a015,3 x 21,7 x 3,8 cm, kieti vir\u0161eliai<\/li>\n<li><strong>Kalba:<\/strong>\u00a0Lietuvi\u0173<\/li>\n<li><strong>Vert\u0117jas:<\/strong>\u00a0Helga Gav\u0117nait\u0117<\/li>\n<\/ul>\n","protected":false},"excerpt":{"rendered":"<p>Pa\u0161\u0117l\u0119s, veiksmo kupinas romanas apie nesutramdom\u0105 jaun\u0105 moter\u012f prohibicijos laik\u0173 Vird\u017einijoje. Sel\u0117 Kinkaid \u2013 i\u0161kiliausio ma\u017eo miestelio vyro, charizmati\u0161kojo Kinkaido, vis\u0173 vadinamo Hercogu, dukt\u0117. Gimusi XX a. prad\u017eioje privilegijuotoje \u0161eimoje Sel\u0117 ma\u017eai k\u0105 prisimena apie savo motin\u0105, mirusi\u0105 po \u012fnirtingo gin\u010do su Hercogu. Kai jai sukanka a\u0161tuoneri, Hercogas veda antr\u0105 kart\u0105 ir susilaukia s\u016bnaus Ed\u017eio. Sel\u0117 atsigimusi \u012f t\u0117v\u0105 \u2013 a\u0161traus proto ir i\u0161radinga, o Edis \u2013 \u012f motin\u0105, drovus ir racionalus. Selei pam\u0117ginus mokyti jaun\u0105j\u012f Ed\u012f, kad tapt\u0173 pana\u0161esnis \u012f t\u0117v\u0105, dr\u0105sios jos pamokos baigiasi nelaimingu atsitikimu, ir Sel\u0117 i\u0161varoma gyventi savaranki\u0161kai. Po devyneri\u0173 met\u0173 ji gr\u012f\u017eta, pasiry\u017eusi atgauti savo pad\u0117t\u012f \u0161eimoje. Ta\u010diau tai nelengva \u2013 Sel\u0117 patenka \u012f konflikt\u0173 draskom\u0105 ir teis\u0117s nepaisant\u012f pasaul\u012f. Ji susiduria su Did\u017eiojo namo \u0161e\u0161\u0117liuose t\u016bnan\u010diomis paslaptimis ir skandalais, laviruoja tarp skirting\u0173 \u0161eimynyk\u0161\u010di\u0173 ir miestel\u0117n\u0173 interes\u0173 ir galiausiai tampa dr\u0105sia, kartais ir suvis nutr\u016bktgalve kontrabandininke. \u012e\u017e\u016bli, bebaim\u0117, atsisakanti jai primetam\u0173 ribojim\u0173 Sel\u0117 Kinkaid pelnys skaitytoj\u0173 simpatijas jau nuo pat knygos prad\u017eios \u2013 pasin\u0117rus \u012f \u0161\u012f jaudinant\u012f pasakojim\u0105, nugurgiam\u0105 lengvai it pagrindin\u0117s veik\u0117jos gyvenim\u0105 nulemiantis u\u017edraustas viskis, nor\u0117sis sirgti u\u017e j\u0105 iki pat paskutiniojo puslapio. Originalus pavadinimas:\u00a0Hang The Moon Autorius:\u00a0Jeannette Walls Leid\u0117jas:\u00a0Lietuvos ra\u0161ytoj\u0173 s\u0105jungos leidykla Metai:\u00a02024 Puslapiai:\u00a0456 ISBN:\u00a09786094804274 Versijos kodas:\u00a06 Formatas:\u00a015,3 x 21,7 x 3,8 cm, kieti vir\u0161eliai Kalba:\u00a0Lietuvi\u0173 Vert\u0117jas:\u00a0Helga Gav\u0117nait\u0117<\/p>\n","protected":false},"featured_media":15740,"comment_status":"open","ping_status":"closed","template":"","meta":{"_acf_changed":false,"site-sidebar-layout":"default","site-content-layout":"","ast-site-content-layout":"default","site-content-style":"default","site-sidebar-style":"default","ast-global-header-display":"","ast-banner-title-visibility":"","ast-main-header-display":"","ast-hfb-above-header-display":"","ast-hfb-below-header-display":"","ast-hfb-mobile-header-display":"","site-post-title":"","ast-breadcrumbs-content":"","ast-featured-img":"","footer-sml-layout":"","ast-disable-related-posts":"","theme-transparent-header-meta":"default","adv-header-id-meta":"","stick-header-meta":"","header-above-stick-meta":"","header-main-stick-meta":"","header-below-stick-meta":"","astra-migrate-meta-layouts":"set","ast-page-background-enabled":"default","ast-page-background-meta":{"desktop":{"background-color":"","background-image":"","background-repeat":"repeat","background-position":"center center","background-size":"auto","background-attachment":"scroll","background-type":"","background-media":"","overlay-type":"","overlay-color":"","overlay-opacity":"","overlay-gradient":""},"tablet":{"background-color":"","background-image":"","background-repeat":"repeat","background-position":"center center","background-size":"auto","background-attachment":"scroll","background-type":"","background-media":"","overlay-type":"","overlay-color":"","overlay-opacity":"","overlay-gradient":""},"mobile":{"background-color":"","background-image":"","background-repeat":"repeat","background-position":"center center","background-size":"auto","background-attachment":"scroll","background-type":"","background-media":"","overlay-type":"","overlay-color":"","overlay-opacity":"","overlay-gradient":""}},"ast-content-background-meta":{"desktop":{"background-color":"var(--ast-global-color-4)","background-image":"","background-repeat":"repeat","background-position":"center center","background-size":"auto","background-attachment":"scroll","background-type":"","background-media":"","overlay-type":"","overlay-color":"","overlay-opacity":"","overlay-gradient":""},"tablet":{"background-color":"var(--ast-global-color-4)","background-image":"","background-repeat":"repeat","background-position":"center center","background-size":"auto","background-attachment":"scroll","background-type":"","background-media":"","overlay-type":"","overlay-color":"","overlay-opacity":"","overlay-gradient":""},"mobile":{"background-color":"var(--ast-global-color-4)","background-image":"","background-repeat":"repeat","background-position":"center center","background-size":"auto","background-attachment":"scroll","background-type":"","background-media":"","overlay-type":"","overlay-color":"","overlay-opacity":"","overlay-gradient":""}}},"product_brand":[],"product_cat":[31,15],"product_tag":[],"class_list":{"0":"post-15597","1":"product","2":"type-product","3":"status-publish","4":"has-post-thumbnail","6":"product_cat-grozine-literatura","7":"product_cat-uncategorized","8":"desktop-align-left","9":"tablet-align-left","10":"mobile-align-left","12":"first","13":"instock","14":"shipping-taxable","15":"purchasable","16":"product-type-simple"},"acf":[],"yoast_head":"<!-- This site is optimized with the Yoast SEO plugin v27.0 - https:\/\/yoast.com\/product\/yoast-seo-wordpress\/ -->\n<title>Pakabink m\u0117nul\u012f<\/title>\n<meta name=\"description\" content=\"Pa\u0161\u0117l\u0119s, veiksmo kupinas romanas apie nesutramdom\u0105 jaun\u0105 moter\u012f prohibicijos laik\u0173 Vird\u017einijoje. Sel\u0117 Kinkaid \u2013 i\u0161kiliausio ma\u017eo miestelio vyro,\" \/>\n<meta name=\"robots\" content=\"index, follow, max-snippet:-1, max-image-preview:large, max-video-preview:-1\" \/>\n<link rel=\"canonical\" href=\"https:\/\/skaitytaknyga.lt\/en\/produktas\/pakabink-menuli\/\" \/>\n<meta property=\"og:locale\" content=\"en_GB\" \/>\n<meta property=\"og:locale:alternate\" content=\"lt_LT\" \/>\n<meta property=\"og:type\" content=\"article\" \/>\n<meta property=\"og:title\" content=\"Pakabink m\u0117nul\u012f\" \/>\n<meta property=\"og:description\" content=\"Pa\u0161\u0117l\u0119s, veiksmo kupinas romanas apie nesutramdom\u0105 jaun\u0105 moter\u012f prohibicijos laik\u0173 Vird\u017einijoje. Sel\u0117 Kinkaid \u2013 i\u0161kiliausio ma\u017eo miestelio vyro,\" \/>\n<meta property=\"og:url\" content=\"https:\/\/skaitytaknyga.lt\/en\/produktas\/pakabink-menuli\/\" \/>\n<meta property=\"og:site_name\" content=\"Skaitytaknyga\" \/>\n<meta property=\"article:publisher\" content=\"https:\/\/www.facebook.com\/skaitytaknyga\/\" \/>\n<meta property=\"article:modified_time\" content=\"2024-12-23T07:57:27+00:00\" \/>\n<meta property=\"og:image\" content=\"https:\/\/skaitytaknyga.lt\/wp-content\/uploads\/2024\/12\/Pakabink-menuli.webp\" \/>\n\t<meta property=\"og:image:width\" content=\"536\" \/>\n\t<meta property=\"og:image:height\" content=\"800\" \/>\n\t<meta property=\"og:image:type\" content=\"image\/webp\" \/>\n<meta name=\"twitter:card\" content=\"summary_large_image\" \/>\n<meta name=\"twitter:label1\" content=\"Estimated reading time\" \/>\n\t<meta name=\"twitter:data1\" content=\"2 minutes\" \/>\n<script type=\"application\/ld+json\" class=\"yoast-schema-graph\">{\"@context\":\"https:\/\/schema.org\",\"@graph\":[{\"@type\":\"WebPage\",\"@id\":\"https:\/\/skaitytaknyga.lt\/produktas\/pakabink-menuli\/\",\"url\":\"https:\/\/skaitytaknyga.lt\/produktas\/pakabink-menuli\/\",\"name\":\"Pakabink m\u0117nul\u012f\",\"isPartOf\":{\"@id\":\"https:\/\/skaitytaknyga.lt\/#website\"},\"primaryImageOfPage\":{\"@id\":\"https:\/\/skaitytaknyga.lt\/produktas\/pakabink-menuli\/#primaryimage\"},\"image\":{\"@id\":\"https:\/\/skaitytaknyga.lt\/produktas\/pakabink-menuli\/#primaryimage\"},\"thumbnailUrl\":\"https:\/\/skaitytaknyga.lt\/wp-content\/uploads\/2024\/12\/Pakabink-menuli.webp\",\"datePublished\":\"2024-12-19T12:37:14+00:00\",\"dateModified\":\"2024-12-23T07:57:27+00:00\",\"description\":\"Pa\u0161\u0117l\u0119s, veiksmo kupinas romanas apie nesutramdom\u0105 jaun\u0105 moter\u012f prohibicijos laik\u0173 Vird\u017einijoje. Sel\u0117 Kinkaid \u2013 i\u0161kiliausio ma\u017eo miestelio vyro,\",\"breadcrumb\":{\"@id\":\"https:\/\/skaitytaknyga.lt\/produktas\/pakabink-menuli\/#breadcrumb\"},\"inLanguage\":\"en-GB\",\"potentialAction\":[{\"@type\":\"ReadAction\",\"target\":[\"https:\/\/skaitytaknyga.lt\/produktas\/pakabink-menuli\/\"]}]},{\"@type\":\"ImageObject\",\"inLanguage\":\"en-GB\",\"@id\":\"https:\/\/skaitytaknyga.lt\/produktas\/pakabink-menuli\/#primaryimage\",\"url\":\"https:\/\/skaitytaknyga.lt\/wp-content\/uploads\/2024\/12\/Pakabink-menuli.webp\",\"contentUrl\":\"https:\/\/skaitytaknyga.lt\/wp-content\/uploads\/2024\/12\/Pakabink-menuli.webp\",\"width\":536,\"height\":800,\"caption\":\"Pakabink m\u0117nul\u012f\"},{\"@type\":\"BreadcrumbList\",\"@id\":\"https:\/\/skaitytaknyga.lt\/produktas\/pakabink-menuli\/#breadcrumb\",\"itemListElement\":[{\"@type\":\"ListItem\",\"position\":1,\"name\":\"Home\",\"item\":\"https:\/\/skaitytaknyga.lt\/\"},{\"@type\":\"ListItem\",\"position\":2,\"name\":\"Parduotuv\u0117\",\"item\":\"https:\/\/skaitytaknyga.lt\/knygu-parduotuve\/\"},{\"@type\":\"ListItem\",\"position\":3,\"name\":\"Pakabink m\u0117nul\u012f\"}]},{\"@type\":\"WebSite\",\"@id\":\"https:\/\/skaitytaknyga.lt\/#website\",\"url\":\"https:\/\/skaitytaknyga.lt\/\",\"name\":\"skaitytaknyga.lt\",\"description\":\"Skaitytaknyga.lt \u2013 tai ma\u017eas \u0161eimos verslas, kuris prasid\u0117jo nuo meil\u0117s knygoms ir siekio i\u0161gelb\u0117ti knygas nuo likimo prie konteinerio. Kas vienam nereikalingas daiktas \u2013 kitam lobis, o mes esame tarpininkai, kurie padeda abiems tapti laimingesniems ???? \u017dinome kaip nelengva i\u0161gyventi ma\u017eiems verslams, tad nuo \u0161iol, \u010dia rasite ir kit\u0173, ma\u017e\u0173 \u0161eim\u0173 versl\u0173, rank\u0173 darbo, dovan\u0173 sau ir artimiesiems.\",\"publisher\":{\"@id\":\"https:\/\/skaitytaknyga.lt\/#organization\"},\"potentialAction\":[{\"@type\":\"SearchAction\",\"target\":{\"@type\":\"EntryPoint\",\"urlTemplate\":\"https:\/\/skaitytaknyga.lt\/?s={search_term_string}\"},\"query-input\":{\"@type\":\"PropertyValueSpecification\",\"valueRequired\":true,\"valueName\":\"search_term_string\"}}],\"inLanguage\":\"en-GB\"},{\"@type\":\"Organization\",\"@id\":\"https:\/\/skaitytaknyga.lt\/#organization\",\"name\":\"skaitytaknyga.lt\",\"url\":\"https:\/\/skaitytaknyga.lt\/\",\"logo\":{\"@type\":\"ImageObject\",\"inLanguage\":\"en-GB\",\"@id\":\"https:\/\/skaitytaknyga.lt\/#\/schema\/logo\/image\/\",\"url\":\"https:\/\/skaitytaknyga.lt\/wp-content\/uploads\/2024\/05\/cropped-cropped-cropped-02_00843_jt3bggkj1j3HLc7SyY6rEUpg.jpeg\",\"contentUrl\":\"https:\/\/skaitytaknyga.lt\/wp-content\/uploads\/2024\/05\/cropped-cropped-cropped-02_00843_jt3bggkj1j3HLc7SyY6rEUpg.jpeg\",\"width\":1600,\"height\":1600,\"caption\":\"skaitytaknyga.lt\"},\"image\":{\"@id\":\"https:\/\/skaitytaknyga.lt\/#\/schema\/logo\/image\/\"},\"sameAs\":[\"https:\/\/www.facebook.com\/skaitytaknyga\/\"]}]}<\/script>\n<!-- \/ Yoast SEO plugin. -->","yoast_head_json":{"title":"Pakabink m\u0117nul\u012f","description":"Pa\u0161\u0117l\u0119s, veiksmo kupinas romanas apie nesutramdom\u0105 jaun\u0105 moter\u012f prohibicijos laik\u0173 Vird\u017einijoje. Sel\u0117 Kinkaid \u2013 i\u0161kiliausio ma\u017eo miestelio vyro,","robots":{"index":"index","follow":"follow","max-snippet":"max-snippet:-1","max-image-preview":"max-image-preview:large","max-video-preview":"max-video-preview:-1"},"canonical":"https:\/\/skaitytaknyga.lt\/en\/produktas\/pakabink-menuli\/","og_locale":"en_GB","og_type":"article","og_title":"[:lt]Pakabink m\u0117nul\u012f[:] - Skaitytaknyga","og_description":"Pa\u0161\u0117l\u0119s, veiksmo kupinas romanas apie nesutramdom\u0105 jaun\u0105 moter\u012f prohibicijos laik\u0173 Vird\u017einijoje. Sel\u0117 Kinkaid \u2013 i\u0161kiliausio ma\u017eo miestelio vyro,","og_url":"https:\/\/skaitytaknyga.lt\/en\/produktas\/pakabink-menuli\/","og_site_name":"Skaitytaknyga","article_publisher":"https:\/\/www.facebook.com\/skaitytaknyga\/","article_modified_time":"2024-12-23T07:57:27+00:00","og_image":[{"width":536,"height":800,"url":"https:\/\/skaitytaknyga.lt\/wp-content\/uploads\/2024\/12\/Pakabink-menuli.webp","type":"image\/webp"}],"twitter_card":"summary_large_image","twitter_misc":{"Estimated reading time":"2 minutes"},"schema":{"@context":"https:\/\/schema.org","@graph":[{"@type":"WebPage","@id":"https:\/\/skaitytaknyga.lt\/produktas\/pakabink-menuli\/","url":"https:\/\/skaitytaknyga.lt\/produktas\/pakabink-menuli\/","name":"Pakabink m\u0117nul\u012f","isPartOf":{"@id":"https:\/\/skaitytaknyga.lt\/#website"},"primaryImageOfPage":{"@id":"https:\/\/skaitytaknyga.lt\/produktas\/pakabink-menuli\/#primaryimage"},"image":{"@id":"https:\/\/skaitytaknyga.lt\/produktas\/pakabink-menuli\/#primaryimage"},"thumbnailUrl":"https:\/\/skaitytaknyga.lt\/wp-content\/uploads\/2024\/12\/Pakabink-menuli.webp","datePublished":"2024-12-19T12:37:14+00:00","dateModified":"2024-12-23T07:57:27+00:00","description":"Pa\u0161\u0117l\u0119s, veiksmo kupinas romanas apie nesutramdom\u0105 jaun\u0105 moter\u012f prohibicijos laik\u0173 Vird\u017einijoje. Sel\u0117 Kinkaid \u2013 i\u0161kiliausio ma\u017eo miestelio vyro,","breadcrumb":{"@id":"https:\/\/skaitytaknyga.lt\/produktas\/pakabink-menuli\/#breadcrumb"},"inLanguage":"en-GB","potentialAction":[{"@type":"ReadAction","target":["https:\/\/skaitytaknyga.lt\/produktas\/pakabink-menuli\/"]}]},{"@type":"ImageObject","inLanguage":"en-GB","@id":"https:\/\/skaitytaknyga.lt\/produktas\/pakabink-menuli\/#primaryimage","url":"https:\/\/skaitytaknyga.lt\/wp-content\/uploads\/2024\/12\/Pakabink-menuli.webp","contentUrl":"https:\/\/skaitytaknyga.lt\/wp-content\/uploads\/2024\/12\/Pakabink-menuli.webp","width":536,"height":800,"caption":"Pakabink m\u0117nul\u012f"},{"@type":"BreadcrumbList","@id":"https:\/\/skaitytaknyga.lt\/produktas\/pakabink-menuli\/#breadcrumb","itemListElement":[{"@type":"ListItem","position":1,"name":"Home","item":"https:\/\/skaitytaknyga.lt\/"},{"@type":"ListItem","position":2,"name":"Parduotuv\u0117","item":"https:\/\/skaitytaknyga.lt\/knygu-parduotuve\/"},{"@type":"ListItem","position":3,"name":"Pakabink m\u0117nul\u012f"}]},{"@type":"WebSite","@id":"https:\/\/skaitytaknyga.lt\/#website","url":"https:\/\/skaitytaknyga.lt\/","name":"skaitytaknyga.lt","description":"Skaitytaknyga.lt \u2013 tai ma\u017eas \u0161eimos verslas, kuris prasid\u0117jo nuo meil\u0117s knygoms ir siekio i\u0161gelb\u0117ti knygas nuo likimo prie konteinerio. Kas vienam nereikalingas daiktas \u2013 kitam lobis, o mes esame tarpininkai, kurie padeda abiems tapti laimingesniems ???? \u017dinome kaip nelengva i\u0161gyventi ma\u017eiems verslams, tad nuo \u0161iol, \u010dia rasite ir kit\u0173, ma\u017e\u0173 \u0161eim\u0173 versl\u0173, rank\u0173 darbo, dovan\u0173 sau ir artimiesiems.","publisher":{"@id":"https:\/\/skaitytaknyga.lt\/#organization"},"potentialAction":[{"@type":"SearchAction","target":{"@type":"EntryPoint","urlTemplate":"https:\/\/skaitytaknyga.lt\/?s={search_term_string}"},"query-input":{"@type":"PropertyValueSpecification","valueRequired":true,"valueName":"search_term_string"}}],"inLanguage":"en-GB"},{"@type":"Organization","@id":"https:\/\/skaitytaknyga.lt\/#organization","name":"skaitytaknyga.lt","url":"https:\/\/skaitytaknyga.lt\/","logo":{"@type":"ImageObject","inLanguage":"en-GB","@id":"https:\/\/skaitytaknyga.lt\/#\/schema\/logo\/image\/","url":"https:\/\/skaitytaknyga.lt\/wp-content\/uploads\/2024\/05\/cropped-cropped-cropped-02_00843_jt3bggkj1j3HLc7SyY6rEUpg.jpeg","contentUrl":"https:\/\/skaitytaknyga.lt\/wp-content\/uploads\/2024\/05\/cropped-cropped-cropped-02_00843_jt3bggkj1j3HLc7SyY6rEUpg.jpeg","width":1600,"height":1600,"caption":"skaitytaknyga.lt"},"image":{"@id":"https:\/\/skaitytaknyga.lt\/#\/schema\/logo\/image\/"},"sameAs":["https:\/\/www.facebook.com\/skaitytaknyga\/"]}]}},"_links":{"self":[{"href":"https:\/\/skaitytaknyga.lt\/en\/wp-json\/wp\/v2\/product\/15597","targetHints":{"allow":["GET"]}}],"collection":[{"href":"https:\/\/skaitytaknyga.lt\/en\/wp-json\/wp\/v2\/product"}],"about":[{"href":"https:\/\/skaitytaknyga.lt\/en\/wp-json\/wp\/v2\/types\/product"}],"replies":[{"embeddable":true,"href":"https:\/\/skaitytaknyga.lt\/en\/wp-json\/wp\/v2\/comments?post=15597"}],"wp:featuredmedia":[{"embeddable":true,"href":"https:\/\/skaitytaknyga.lt\/en\/wp-json\/wp\/v2\/media\/15740"}],"wp:attachment":[{"href":"https:\/\/skaitytaknyga.lt\/en\/wp-json\/wp\/v2\/media?parent=15597"}],"wp:term":[{"taxonomy":"product_brand","embeddable":true,"href":"https:\/\/skaitytaknyga.lt\/en\/wp-json\/wp\/v2\/product_brand?post=15597"},{"taxonomy":"product_cat","embeddable":true,"href":"https:\/\/skaitytaknyga.lt\/en\/wp-json\/wp\/v2\/product_cat?post=15597"},{"taxonomy":"product_tag","embeddable":true,"href":"https:\/\/skaitytaknyga.lt\/en\/wp-json\/wp\/v2\/product_tag?post=15597"}],"curies":[{"name":"wp","href":"https:\/\/api.w.org\/{rel}","templated":true}]}}