{"id":15596,"date":"2024-12-19T14:37:14","date_gmt":"2024-12-19T12:37:14","guid":{"rendered":"https:\/\/skaitytaknyga.lt\/?post_type=product&#038;p=15596"},"modified":"2026-03-10T09:54:54","modified_gmt":"2026-03-10T07:54:54","slug":"metai-su-puma","status":"publish","type":"product","link":"https:\/\/skaitytaknyga.lt\/en\/produktas\/metai-su-puma\/","title":{"rendered":"Metai su puma"},"content":{"rendered":"<p>Jos akys, \u017ealios tarsi \u0161lapios \u0161vie\u017eios \u017eol\u0117s vir\u0161\u016bn\u0117l\u0117s, sklidinos \u0161velnumo. Gal\u0117t\u0173 perpl\u0117\u0161ti man gerkl\u0119. Atvirk\u0161\u010diai, pakelia priekines letenas, padeda ant rankos ir trukteli mane artyn. Man skruostu nusirita a\u0161ara. Pasitikiu \u0161ia kate, ji gal\u0117t\u0173 mane sudraskyti \u012f skutelius, ji yra sudraskiusi mane \u012f skutelius.<\/p>\n<p>\u0160ios knygos autor\u0117 ilgai ie\u0161kojo sav\u0119s \u2013 studijavo, i\u0161band\u0117 ir valytojos darb\u0105, ir rinkodaros specialist\u0117s karjer\u0105. Dvide\u0161imt ketveri\u0173 ant pe\u010di\u0173 u\u017esimeta kuprin\u0119, atsisveikina su gimt\u0105ja Anglija ir i\u0161skrenda \u012f Bolivij\u0105, ten tik\u0117damasi suprasti, ko nori i\u0161 gyvenimo \u2013 kaip ir bestselerio \u201eValgyk, melskis, myl\u0117k\u201c autor\u0117 Elizabeth Gilbert. Ta\u010diau ir ten jau\u010diasi lyg svetimk\u016bnis, gal tod\u0117l susidomi kavin\u0117je \u012f rankas patekusia skrajute apie savanori\u0173 ie\u0161kan\u010di\u0105 gyv\u016bn\u0173 gerov\u0117s labdaros organizacij\u0105. Padirb\u0117ti m\u0117nes\u012f prieglaudoje Amazon\u0117s d\u017eiungl\u0117se? Kod\u0117l gi ne?<\/p>\n<p>D\u017eiungl\u0117s sutinka nesvetingai ir nuotykiai prasideda vos i\u0161lipus i\u0161 autobuso: vabzd\u017eiai apsupa tokiu tankiu debesiu, kurio ne\u012fmanoma i\u0161vaikyti. Ausis tiesiog u\u017egri\u016bva galyb\u0117 gars\u0173, nos\u012f rie\u010dia dvokas, kiek primenantis \u0161lapi\u0173 mar\u0161kin\u0117li\u0173, \u012f kuriuos suvyniota ir palikta p\u016bti \u017euvis. O dar i\u0161 tamsaus at\u017ealyno, kur \u012fsik\u016brusi prieglauda, i\u0161lekia mil\u017eini\u0161ka juoda kiaul\u0117, \u012fsikandusi raudon\u0105 liemen\u0117l\u0119&#8230;<\/p>\n<p>Kadaise neteis\u0117tai i\u0161 d\u017eiungli\u0173 i\u0161gabenti gyv\u016bnai juodojoje rinkoje buvo parduoti kaip nam\u0173 augintiniai, cirkams ar zoologijos sodams. Atgal jie gr\u012f\u017eo su\u017ealoti ir fizi\u0161kai, ir emoci\u0161kai. Labdaros organizacijos suburti vietos gyventojai ir savanoriai stengiasi jiems sukurti kiek \u012fmanoma geresnes gyvenimo s\u0105lygas. Naujai atvyk\u0117lei patikima globoti Vair\u0105 \u2013 baik\u0161\u010di\u0105 pum\u0105, kuri\u0105 reikia bent trumpam i\u0161leisti i\u0161 narvo, kad pajust\u0173 \u0161ioki\u0105 toki\u0105 laisv\u0119. Ir su ja, priri\u0161ta virve, pasivaik\u0161\u010dioti. Nejaugi tai n\u0117ra pavojinga? \u201eGal ir pavojinga. Bet kiekvienas turime nuspr\u0119sti, ar, m\u016bs\u0173 manymu, \u0161ie gyv\u016bnai to verti\u201c, \u2013 i\u0161girsta i\u0161 koleg\u0117s.<\/p>\n<p>Kiekviena diena Bolivijos d\u017eiungl\u0117se \u2013 kova m\u0117ginant suprasti globotinius (tarp j\u0173 \u2013 ir pl\u0117\u0161r\u016bnus), susidoroti su gamtos pavojais ir susitarti su savimi.<\/p>\n<p>\u201eMetai su puma\u201c \u2013 jautri istorija, kaip dvi nevilties u\u017ekluptos ir meil\u0117s trok\u0161tan\u010dios b\u016btyb\u0117s suart\u0117ja. Tai, kas tur\u0117jo b\u016bti tik trumpas nuotykis, tapo kur kas daugiau \u2013 Laura Coleman susiejo gyvenim\u0105 su laukini\u0173 gyv\u016bn\u0173 globa ir prieglauda Amazon\u0117s d\u017eiungl\u0117se, o savo nusivylimus ir d\u017eiaugsmus sud\u0117jo \u012f knyg\u0105.<\/p>\n","protected":false},"excerpt":{"rendered":"<p>Jos akys, \u017ealios tarsi \u0161lapios \u0161vie\u017eios \u017eol\u0117s vir\u0161\u016bn\u0117l\u0117s, sklidinos \u0161velnumo. Gal\u0117t\u0173 perpl\u0117\u0161ti man gerkl\u0119. Atvirk\u0161\u010diai, pakelia priekines letenas, padeda ant rankos ir trukteli mane artyn. Man skruostu nusirita a\u0161ara. Pasitikiu \u0161ia kate, ji gal\u0117t\u0173 mane sudraskyti \u012f skutelius, ji yra sudraskiusi mane \u012f skutelius. \u0160ios knygos autor\u0117 ilgai ie\u0161kojo sav\u0119s \u2013 studijavo, i\u0161band\u0117 ir valytojos darb\u0105, ir rinkodaros specialist\u0117s karjer\u0105. Dvide\u0161imt ketveri\u0173 ant pe\u010di\u0173 u\u017esimeta kuprin\u0119, atsisveikina su gimt\u0105ja Anglija ir i\u0161skrenda \u012f Bolivij\u0105, ten tik\u0117damasi suprasti, ko nori i\u0161 gyvenimo \u2013 kaip ir bestselerio \u201eValgyk, melskis, myl\u0117k\u201c autor\u0117 Elizabeth Gilbert. Ta\u010diau ir ten jau\u010diasi lyg svetimk\u016bnis, gal tod\u0117l susidomi kavin\u0117je \u012f rankas patekusia skrajute apie savanori\u0173 ie\u0161kan\u010di\u0105 gyv\u016bn\u0173 gerov\u0117s labdaros organizacij\u0105. Padirb\u0117ti m\u0117nes\u012f prieglaudoje Amazon\u0117s d\u017eiungl\u0117se? Kod\u0117l gi ne? D\u017eiungl\u0117s sutinka nesvetingai ir nuotykiai prasideda vos i\u0161lipus i\u0161 autobuso: vabzd\u017eiai apsupa tokiu tankiu debesiu, kurio ne\u012fmanoma i\u0161vaikyti. Ausis tiesiog u\u017egri\u016bva galyb\u0117 gars\u0173, nos\u012f rie\u010dia dvokas, kiek primenantis \u0161lapi\u0173 mar\u0161kin\u0117li\u0173, \u012f kuriuos suvyniota ir palikta p\u016bti \u017euvis. O dar i\u0161 tamsaus at\u017ealyno, kur \u012fsik\u016brusi prieglauda, i\u0161lekia mil\u017eini\u0161ka juoda kiaul\u0117, \u012fsikandusi raudon\u0105 liemen\u0117l\u0119&#8230; Kadaise neteis\u0117tai i\u0161 d\u017eiungli\u0173 i\u0161gabenti gyv\u016bnai juodojoje rinkoje buvo parduoti kaip nam\u0173 augintiniai, cirkams ar zoologijos sodams. Atgal jie gr\u012f\u017eo su\u017ealoti ir fizi\u0161kai, ir emoci\u0161kai. Labdaros organizacijos suburti vietos gyventojai ir savanoriai stengiasi jiems sukurti kiek \u012fmanoma geresnes gyvenimo s\u0105lygas. Naujai atvyk\u0117lei patikima globoti Vair\u0105 \u2013 baik\u0161\u010di\u0105 pum\u0105, kuri\u0105 reikia bent trumpam i\u0161leisti i\u0161 narvo, kad pajust\u0173 \u0161ioki\u0105 toki\u0105 laisv\u0119. Ir su ja, priri\u0161ta virve, pasivaik\u0161\u010dioti. Nejaugi tai n\u0117ra pavojinga? \u201eGal ir pavojinga. Bet kiekvienas turime nuspr\u0119sti, ar, m\u016bs\u0173 manymu, \u0161ie gyv\u016bnai to verti\u201c, \u2013 i\u0161girsta i\u0161 koleg\u0117s. Kiekviena diena Bolivijos d\u017eiungl\u0117se \u2013 kova m\u0117ginant suprasti globotinius (tarp j\u0173 \u2013 ir pl\u0117\u0161r\u016bnus), susidoroti su gamtos pavojais ir susitarti su savimi. \u201eMetai su puma\u201c \u2013 jautri istorija, kaip dvi nevilties u\u017ekluptos ir meil\u0117s trok\u0161tan\u010dios b\u016btyb\u0117s suart\u0117ja. Tai, kas tur\u0117jo b\u016bti tik trumpas nuotykis, tapo kur kas daugiau \u2013 Laura Coleman susiejo gyvenim\u0105 su laukini\u0173 gyv\u016bn\u0173 globa ir prieglauda Amazon\u0117s d\u017eiungl\u0117se, o savo nusivylimus ir d\u017eiaugsmus sud\u0117jo \u012f knyg\u0105.<\/p>\n","protected":false},"featured_media":15741,"comment_status":"open","ping_status":"closed","template":"","meta":{"_acf_changed":false,"site-sidebar-layout":"default","site-content-layout":"","ast-site-content-layout":"default","site-content-style":"default","site-sidebar-style":"default","ast-global-header-display":"","ast-banner-title-visibility":"","ast-main-header-display":"","ast-hfb-above-header-display":"","ast-hfb-below-header-display":"","ast-hfb-mobile-header-display":"","site-post-title":"","ast-breadcrumbs-content":"","ast-featured-img":"","footer-sml-layout":"","ast-disable-related-posts":"","theme-transparent-header-meta":"default","adv-header-id-meta":"","stick-header-meta":"","header-above-stick-meta":"","header-main-stick-meta":"","header-below-stick-meta":"","astra-migrate-meta-layouts":"set","ast-page-background-enabled":"default","ast-page-background-meta":{"desktop":{"background-color":"","background-image":"","background-repeat":"repeat","background-position":"center center","background-size":"auto","background-attachment":"scroll","background-type":"","background-media":"","overlay-type":"","overlay-color":"","overlay-opacity":"","overlay-gradient":""},"tablet":{"background-color":"","background-image":"","background-repeat":"repeat","background-position":"center center","background-size":"auto","background-attachment":"scroll","background-type":"","background-media":"","overlay-type":"","overlay-color":"","overlay-opacity":"","overlay-gradient":""},"mobile":{"background-color":"","background-image":"","background-repeat":"repeat","background-position":"center center","background-size":"auto","background-attachment":"scroll","background-type":"","background-media":"","overlay-type":"","overlay-color":"","overlay-opacity":"","overlay-gradient":""}},"ast-content-background-meta":{"desktop":{"background-color":"var(--ast-global-color-4)","background-image":"","background-repeat":"repeat","background-position":"center center","background-size":"auto","background-attachment":"scroll","background-type":"","background-media":"","overlay-type":"","overlay-color":"","overlay-opacity":"","overlay-gradient":""},"tablet":{"background-color":"var(--ast-global-color-4)","background-image":"","background-repeat":"repeat","background-position":"center center","background-size":"auto","background-attachment":"scroll","background-type":"","background-media":"","overlay-type":"","overlay-color":"","overlay-opacity":"","overlay-gradient":""},"mobile":{"background-color":"var(--ast-global-color-4)","background-image":"","background-repeat":"repeat","background-position":"center center","background-size":"auto","background-attachment":"scroll","background-type":"","background-media":"","overlay-type":"","overlay-color":"","overlay-opacity":"","overlay-gradient":""}}},"product_brand":[],"product_cat":[9693],"product_tag":[5039,5040,4066,5042,1251,1227,5041],"class_list":{"0":"post-15596","1":"product","2":"type-product","3":"status-publish","4":"has-post-thumbnail","6":"product_cat-visos-prekes","7":"product_tag-amazone","8":"product_tag-bolivija","9":"product_tag-gyvunu-globa","10":"product_tag-laukiniai-gyvunai","11":"product_tag-laura-coleman","12":"product_tag-memuarai","13":"product_tag-savanoryste","14":"desktop-align-left","15":"tablet-align-left","16":"mobile-align-left","18":"first","19":"outofstock","20":"shipping-taxable","21":"purchasable","22":"product-type-simple"},"acf":[],"yoast_head":"<!-- This site is optimized with the Yoast SEO plugin v27.0 - https:\/\/yoast.com\/product\/yoast-seo-wordpress\/ -->\n<title>Metai su puma<\/title>\n<meta name=\"description\" content=\"Jos akys, \u017ealios tarsi \u0161lapios \u0161vie\u017eios \u017eol\u0117s vir\u0161\u016bn\u0117l\u0117s, sklidinos \u0161velnumo. Gal\u0117t\u0173 perpl\u0117\u0161ti man gerkl\u0119. Atvirk\u0161\u010diai, pakelia priekines letenas, padeda\" \/>\n<meta name=\"robots\" content=\"index, follow, max-snippet:-1, max-image-preview:large, max-video-preview:-1\" \/>\n<link rel=\"canonical\" href=\"https:\/\/skaitytaknyga.lt\/en\/produktas\/metai-su-puma\/\" \/>\n<meta property=\"og:locale\" content=\"en_GB\" \/>\n<meta property=\"og:locale:alternate\" content=\"lt_LT\" \/>\n<meta property=\"og:type\" content=\"article\" \/>\n<meta property=\"og:title\" content=\"Metai su puma\" \/>\n<meta property=\"og:description\" content=\"Jos akys, \u017ealios tarsi \u0161lapios \u0161vie\u017eios \u017eol\u0117s vir\u0161\u016bn\u0117l\u0117s, sklidinos \u0161velnumo. Gal\u0117t\u0173 perpl\u0117\u0161ti man gerkl\u0119. Atvirk\u0161\u010diai, pakelia priekines letenas, padeda\" \/>\n<meta property=\"og:url\" content=\"https:\/\/skaitytaknyga.lt\/en\/produktas\/metai-su-puma\/\" \/>\n<meta property=\"og:site_name\" content=\"Skaitytaknyga\" \/>\n<meta property=\"article:publisher\" content=\"https:\/\/www.facebook.com\/skaitytaknyga\/\" \/>\n<meta property=\"article:modified_time\" content=\"2026-03-10T07:54:54+00:00\" \/>\n<meta property=\"og:image\" content=\"https:\/\/skaitytaknyga.lt\/wp-content\/uploads\/2024\/12\/Metai-su-puma.webp\" \/>\n\t<meta property=\"og:image:width\" content=\"417\" \/>\n\t<meta property=\"og:image:height\" content=\"621\" \/>\n\t<meta property=\"og:image:type\" content=\"image\/webp\" \/>\n<meta name=\"twitter:card\" content=\"summary_large_image\" \/>\n<meta name=\"twitter:label1\" content=\"Estimated reading time\" \/>\n\t<meta name=\"twitter:data1\" content=\"2 minutes\" \/>\n<script type=\"application\/ld+json\" class=\"yoast-schema-graph\">{\"@context\":\"https:\/\/schema.org\",\"@graph\":[{\"@type\":\"WebPage\",\"@id\":\"https:\/\/skaitytaknyga.lt\/produktas\/metai-su-puma\/\",\"url\":\"https:\/\/skaitytaknyga.lt\/produktas\/metai-su-puma\/\",\"name\":\"Metai su puma\",\"isPartOf\":{\"@id\":\"https:\/\/skaitytaknyga.lt\/#website\"},\"primaryImageOfPage\":{\"@id\":\"https:\/\/skaitytaknyga.lt\/produktas\/metai-su-puma\/#primaryimage\"},\"image\":{\"@id\":\"https:\/\/skaitytaknyga.lt\/produktas\/metai-su-puma\/#primaryimage\"},\"thumbnailUrl\":\"https:\/\/skaitytaknyga.lt\/wp-content\/uploads\/2024\/12\/Metai-su-puma.webp\",\"datePublished\":\"2024-12-19T12:37:14+00:00\",\"dateModified\":\"2026-03-10T07:54:54+00:00\",\"description\":\"Jos akys, \u017ealios tarsi \u0161lapios \u0161vie\u017eios \u017eol\u0117s vir\u0161\u016bn\u0117l\u0117s, sklidinos \u0161velnumo. Gal\u0117t\u0173 perpl\u0117\u0161ti man gerkl\u0119. Atvirk\u0161\u010diai, pakelia priekines letenas, padeda\",\"breadcrumb\":{\"@id\":\"https:\/\/skaitytaknyga.lt\/produktas\/metai-su-puma\/#breadcrumb\"},\"inLanguage\":\"en-GB\",\"potentialAction\":[{\"@type\":\"ReadAction\",\"target\":[\"https:\/\/skaitytaknyga.lt\/produktas\/metai-su-puma\/\"]}]},{\"@type\":\"ImageObject\",\"inLanguage\":\"en-GB\",\"@id\":\"https:\/\/skaitytaknyga.lt\/produktas\/metai-su-puma\/#primaryimage\",\"url\":\"https:\/\/skaitytaknyga.lt\/wp-content\/uploads\/2024\/12\/Metai-su-puma.webp\",\"contentUrl\":\"https:\/\/skaitytaknyga.lt\/wp-content\/uploads\/2024\/12\/Metai-su-puma.webp\",\"width\":417,\"height\":621,\"caption\":\"Metai su puma\"},{\"@type\":\"BreadcrumbList\",\"@id\":\"https:\/\/skaitytaknyga.lt\/produktas\/metai-su-puma\/#breadcrumb\",\"itemListElement\":[{\"@type\":\"ListItem\",\"position\":1,\"name\":\"Home\",\"item\":\"https:\/\/skaitytaknyga.lt\/\"},{\"@type\":\"ListItem\",\"position\":2,\"name\":\"Parduotuv\u0117\",\"item\":\"https:\/\/skaitytaknyga.lt\/knygu-parduotuve\/\"},{\"@type\":\"ListItem\",\"position\":3,\"name\":\"Metai su puma\"}]},{\"@type\":\"WebSite\",\"@id\":\"https:\/\/skaitytaknyga.lt\/#website\",\"url\":\"https:\/\/skaitytaknyga.lt\/\",\"name\":\"skaitytaknyga.lt\",\"description\":\"Skaitytaknyga.lt \u2013 tai ma\u017eas \u0161eimos verslas, kuris prasid\u0117jo nuo meil\u0117s knygoms ir siekio i\u0161gelb\u0117ti knygas nuo likimo prie konteinerio. Kas vienam nereikalingas daiktas \u2013 kitam lobis, o mes esame tarpininkai, kurie padeda abiems tapti laimingesniems ???? \u017dinome kaip nelengva i\u0161gyventi ma\u017eiems verslams, tad nuo \u0161iol, \u010dia rasite ir kit\u0173, ma\u017e\u0173 \u0161eim\u0173 versl\u0173, rank\u0173 darbo, dovan\u0173 sau ir artimiesiems.\",\"publisher\":{\"@id\":\"https:\/\/skaitytaknyga.lt\/#organization\"},\"potentialAction\":[{\"@type\":\"SearchAction\",\"target\":{\"@type\":\"EntryPoint\",\"urlTemplate\":\"https:\/\/skaitytaknyga.lt\/?s={search_term_string}\"},\"query-input\":{\"@type\":\"PropertyValueSpecification\",\"valueRequired\":true,\"valueName\":\"search_term_string\"}}],\"inLanguage\":\"en-GB\"},{\"@type\":\"Organization\",\"@id\":\"https:\/\/skaitytaknyga.lt\/#organization\",\"name\":\"skaitytaknyga.lt\",\"url\":\"https:\/\/skaitytaknyga.lt\/\",\"logo\":{\"@type\":\"ImageObject\",\"inLanguage\":\"en-GB\",\"@id\":\"https:\/\/skaitytaknyga.lt\/#\/schema\/logo\/image\/\",\"url\":\"https:\/\/skaitytaknyga.lt\/wp-content\/uploads\/2024\/05\/cropped-cropped-cropped-02_00843_jt3bggkj1j3HLc7SyY6rEUpg.jpeg\",\"contentUrl\":\"https:\/\/skaitytaknyga.lt\/wp-content\/uploads\/2024\/05\/cropped-cropped-cropped-02_00843_jt3bggkj1j3HLc7SyY6rEUpg.jpeg\",\"width\":1600,\"height\":1600,\"caption\":\"skaitytaknyga.lt\"},\"image\":{\"@id\":\"https:\/\/skaitytaknyga.lt\/#\/schema\/logo\/image\/\"},\"sameAs\":[\"https:\/\/www.facebook.com\/skaitytaknyga\/\"]}]}<\/script>\n<!-- \/ Yoast SEO plugin. -->","yoast_head_json":{"title":"Metai su puma","description":"Jos akys, \u017ealios tarsi \u0161lapios \u0161vie\u017eios \u017eol\u0117s vir\u0161\u016bn\u0117l\u0117s, sklidinos \u0161velnumo. Gal\u0117t\u0173 perpl\u0117\u0161ti man gerkl\u0119. Atvirk\u0161\u010diai, pakelia priekines letenas, padeda","robots":{"index":"index","follow":"follow","max-snippet":"max-snippet:-1","max-image-preview":"max-image-preview:large","max-video-preview":"max-video-preview:-1"},"canonical":"https:\/\/skaitytaknyga.lt\/en\/produktas\/metai-su-puma\/","og_locale":"en_GB","og_type":"article","og_title":"[:lt]Metai su puma[:] - Skaitytaknyga","og_description":"Jos akys, \u017ealios tarsi \u0161lapios \u0161vie\u017eios \u017eol\u0117s vir\u0161\u016bn\u0117l\u0117s, sklidinos \u0161velnumo. Gal\u0117t\u0173 perpl\u0117\u0161ti man gerkl\u0119. Atvirk\u0161\u010diai, pakelia priekines letenas, padeda","og_url":"https:\/\/skaitytaknyga.lt\/en\/produktas\/metai-su-puma\/","og_site_name":"Skaitytaknyga","article_publisher":"https:\/\/www.facebook.com\/skaitytaknyga\/","article_modified_time":"2026-03-10T07:54:54+00:00","og_image":[{"width":417,"height":621,"url":"https:\/\/skaitytaknyga.lt\/wp-content\/uploads\/2024\/12\/Metai-su-puma.webp","type":"image\/webp"}],"twitter_card":"summary_large_image","twitter_misc":{"Estimated reading time":"2 minutes"},"schema":{"@context":"https:\/\/schema.org","@graph":[{"@type":"WebPage","@id":"https:\/\/skaitytaknyga.lt\/produktas\/metai-su-puma\/","url":"https:\/\/skaitytaknyga.lt\/produktas\/metai-su-puma\/","name":"Metai su puma","isPartOf":{"@id":"https:\/\/skaitytaknyga.lt\/#website"},"primaryImageOfPage":{"@id":"https:\/\/skaitytaknyga.lt\/produktas\/metai-su-puma\/#primaryimage"},"image":{"@id":"https:\/\/skaitytaknyga.lt\/produktas\/metai-su-puma\/#primaryimage"},"thumbnailUrl":"https:\/\/skaitytaknyga.lt\/wp-content\/uploads\/2024\/12\/Metai-su-puma.webp","datePublished":"2024-12-19T12:37:14+00:00","dateModified":"2026-03-10T07:54:54+00:00","description":"Jos akys, \u017ealios tarsi \u0161lapios \u0161vie\u017eios \u017eol\u0117s vir\u0161\u016bn\u0117l\u0117s, sklidinos \u0161velnumo. Gal\u0117t\u0173 perpl\u0117\u0161ti man gerkl\u0119. Atvirk\u0161\u010diai, pakelia priekines letenas, padeda","breadcrumb":{"@id":"https:\/\/skaitytaknyga.lt\/produktas\/metai-su-puma\/#breadcrumb"},"inLanguage":"en-GB","potentialAction":[{"@type":"ReadAction","target":["https:\/\/skaitytaknyga.lt\/produktas\/metai-su-puma\/"]}]},{"@type":"ImageObject","inLanguage":"en-GB","@id":"https:\/\/skaitytaknyga.lt\/produktas\/metai-su-puma\/#primaryimage","url":"https:\/\/skaitytaknyga.lt\/wp-content\/uploads\/2024\/12\/Metai-su-puma.webp","contentUrl":"https:\/\/skaitytaknyga.lt\/wp-content\/uploads\/2024\/12\/Metai-su-puma.webp","width":417,"height":621,"caption":"Metai su puma"},{"@type":"BreadcrumbList","@id":"https:\/\/skaitytaknyga.lt\/produktas\/metai-su-puma\/#breadcrumb","itemListElement":[{"@type":"ListItem","position":1,"name":"Home","item":"https:\/\/skaitytaknyga.lt\/"},{"@type":"ListItem","position":2,"name":"Parduotuv\u0117","item":"https:\/\/skaitytaknyga.lt\/knygu-parduotuve\/"},{"@type":"ListItem","position":3,"name":"Metai su puma"}]},{"@type":"WebSite","@id":"https:\/\/skaitytaknyga.lt\/#website","url":"https:\/\/skaitytaknyga.lt\/","name":"skaitytaknyga.lt","description":"Skaitytaknyga.lt \u2013 tai ma\u017eas \u0161eimos verslas, kuris prasid\u0117jo nuo meil\u0117s knygoms ir siekio i\u0161gelb\u0117ti knygas nuo likimo prie konteinerio. Kas vienam nereikalingas daiktas \u2013 kitam lobis, o mes esame tarpininkai, kurie padeda abiems tapti laimingesniems ???? \u017dinome kaip nelengva i\u0161gyventi ma\u017eiems verslams, tad nuo \u0161iol, \u010dia rasite ir kit\u0173, ma\u017e\u0173 \u0161eim\u0173 versl\u0173, rank\u0173 darbo, dovan\u0173 sau ir artimiesiems.","publisher":{"@id":"https:\/\/skaitytaknyga.lt\/#organization"},"potentialAction":[{"@type":"SearchAction","target":{"@type":"EntryPoint","urlTemplate":"https:\/\/skaitytaknyga.lt\/?s={search_term_string}"},"query-input":{"@type":"PropertyValueSpecification","valueRequired":true,"valueName":"search_term_string"}}],"inLanguage":"en-GB"},{"@type":"Organization","@id":"https:\/\/skaitytaknyga.lt\/#organization","name":"skaitytaknyga.lt","url":"https:\/\/skaitytaknyga.lt\/","logo":{"@type":"ImageObject","inLanguage":"en-GB","@id":"https:\/\/skaitytaknyga.lt\/#\/schema\/logo\/image\/","url":"https:\/\/skaitytaknyga.lt\/wp-content\/uploads\/2024\/05\/cropped-cropped-cropped-02_00843_jt3bggkj1j3HLc7SyY6rEUpg.jpeg","contentUrl":"https:\/\/skaitytaknyga.lt\/wp-content\/uploads\/2024\/05\/cropped-cropped-cropped-02_00843_jt3bggkj1j3HLc7SyY6rEUpg.jpeg","width":1600,"height":1600,"caption":"skaitytaknyga.lt"},"image":{"@id":"https:\/\/skaitytaknyga.lt\/#\/schema\/logo\/image\/"},"sameAs":["https:\/\/www.facebook.com\/skaitytaknyga\/"]}]}},"_links":{"self":[{"href":"https:\/\/skaitytaknyga.lt\/en\/wp-json\/wp\/v2\/product\/15596","targetHints":{"allow":["GET"]}}],"collection":[{"href":"https:\/\/skaitytaknyga.lt\/en\/wp-json\/wp\/v2\/product"}],"about":[{"href":"https:\/\/skaitytaknyga.lt\/en\/wp-json\/wp\/v2\/types\/product"}],"replies":[{"embeddable":true,"href":"https:\/\/skaitytaknyga.lt\/en\/wp-json\/wp\/v2\/comments?post=15596"}],"wp:featuredmedia":[{"embeddable":true,"href":"https:\/\/skaitytaknyga.lt\/en\/wp-json\/wp\/v2\/media\/15741"}],"wp:attachment":[{"href":"https:\/\/skaitytaknyga.lt\/en\/wp-json\/wp\/v2\/media?parent=15596"}],"wp:term":[{"taxonomy":"product_brand","embeddable":true,"href":"https:\/\/skaitytaknyga.lt\/en\/wp-json\/wp\/v2\/product_brand?post=15596"},{"taxonomy":"product_cat","embeddable":true,"href":"https:\/\/skaitytaknyga.lt\/en\/wp-json\/wp\/v2\/product_cat?post=15596"},{"taxonomy":"product_tag","embeddable":true,"href":"https:\/\/skaitytaknyga.lt\/en\/wp-json\/wp\/v2\/product_tag?post=15596"}],"curies":[{"name":"wp","href":"https:\/\/api.w.org\/{rel}","templated":true}]}}