{"id":15595,"date":"2024-12-19T14:37:14","date_gmt":"2024-12-19T12:37:14","guid":{"rendered":"https:\/\/skaitytaknyga.lt\/?post_type=product&#038;p=15595"},"modified":"2025-06-11T13:26:31","modified_gmt":"2025-06-11T10:26:31","slug":"ir-tada-jie-isplauke","status":"publish","type":"product","link":"https:\/\/skaitytaknyga.lt\/en\/produktas\/ir-tada-jie-isplauke\/","title":{"rendered":"Ir tada jie i\u0161plauk\u0117"},"content":{"rendered":"<p><em>Kas toliau? Parsive\u0161 j\u0105 namo? Ma\u017eiausiai nor\u0117jo, kad kas nors svetimas u\u017eimt\u0173 nors ir menkiausi\u0105 dal\u012f jo nam\u0173 erdv\u0117s. Seniai gyveno vienas ir dalintis jau buvo atprat\u0119s.<\/em><\/p>\n<p><strong>Asta Jolanta Mi\u0161kinyt\u0117<\/strong>\u00a0\u2013 roman\u0173<a href=\"https:\/\/www.knygos.lt\/lt\/knygos\/bitlas--ana-orka-ir-as\/\">\u00a0\u201eBitlas, Ana Orka ir a\u0161&#8221;<\/a>,\u00a0<a href=\"https:\/\/www.knygos.lt\/lt\/knygos\/kasios-k--asmeninis-gyvenimas\/\">\u201eKasios K. asmeninis gyvenimas&#8221;<\/a>\u00a0bei radijo pjes\u0117s \u201eMama, a\u0161 tave myliu&#8221; autor\u0117. Jos k\u016brybos ypatumas \u2013 d\u0117mesys paprast\u0173 \u017emoni\u0173 likimams, pasakojimo aistra ir atvirumas. Anot skaitytoj\u0173, tai knygos apie tikr\u0105, nenudailint\u0105 \u0161iandien\u0105, painius santykius \u0161eimose, skausm\u0105, ta\u010diau visada \u012f\u017eiebian\u010dios kitokio gyvenimo vilt\u012f. Jose nesunku atpa\u017einti savo aplink\u0105, o gal net pat\u012f save.<\/p>\n<p>Naujas A. J. Mi\u0161kinyt\u0117s romanas\u00a0<strong>\u201eIr tada jie i\u0161plauk\u0117&#8221;<\/strong>\u00a0\u2013 u\u017esimezgusios meil\u0117s, atgimstan\u010di\u0173 jausm\u0173 istorija. Pagrindiniai veik\u0117jai \u2013 Vyras ir Moteris. Jie neturi vard\u0173. Pasak autor\u0117s, \u201ePavadinkit juos kaip norit, nes tai gali b\u016bti bet kuris i\u0161 j\u016bs\u0173&#8230;&#8221; Vyro ir moters likimai, statusas visuomen\u0117je skirtingi, bet u\u017eges\u0119 gyvenimai vienija juos. Bevilti\u0161koje pad\u0117tyje atsid\u016brusi moteris, kurios respektabilus gyvenimas (ji mero \u017emona) tampa nebepakeliamas, ir gyvenimo v\u0117tytas ir m\u0117tytas karo veiksm\u0173 dalyvis, nebesitikintis i\u0161 gyvenimo visi\u0161kai nieko. J\u0173 praeities istorijos skleid\u017eiasi i\u0161 l\u0117to gimstan\u010di\u0173, dar nepatirt\u0173 jausm\u0173 fone. Kaip ir kada jie priims esmin\u012f sprendim\u0105? Ir koki\u0105 kain\u0105 teks mok\u0117ti u\u017e prisik\u0117lim\u0105?<\/p>\n<p>\u201eTai istorija apie meil\u0119, kurios niekas nesitik\u0117jo. Apie dr\u0105s\u0105 palikti \u012fprast\u0105 krant\u0105. Apie savo \u017emogi\u0161kosios vert\u0117s suvokim\u0105 ir apsimetin\u0117jimo beprasmyb\u0119. Linkiu ry\u017eto i\u0161plaukti, jei saugiame uoste nesi laimingas. Tai istorija apie baim\u0117s keistis nugal\u0117jim\u0105&#8221;, \u2013 sako autor\u0117.<\/p>\n<ul class=\"about-product d-none d-xl-block mt-4\">\n<li><strong>Autorius:<\/strong>\u00a0Asta Jolanta Mi\u0161kinyt\u0117<\/li>\n<li><strong>Leid\u0117jas:<\/strong>\u00a0Tyto alba<\/li>\n<li><strong>Metai:<\/strong>\u00a02021<\/li>\n<li><strong>Puslapiai:<\/strong>\u00a0208<\/li>\n<li class=\"toggleable type-new-formats \"><strong>ISBN:<\/strong>\u00a09786094665776<\/li>\n<li><strong>Versijos kodas:<\/strong>\u00a05<\/li>\n<li class=\"toggleable type-new-formats \"><strong>Formatas:<\/strong>\u00a014,7 x 22,1 x 2,2 cm, kieti vir\u0161eliai<\/li>\n<li><strong>Kalba:<\/strong>\u00a0Lietuvi\u0173<\/li>\n<\/ul>\n","protected":false},"excerpt":{"rendered":"<p>Kas toliau? Parsive\u0161 j\u0105 namo? Ma\u017eiausiai nor\u0117jo, kad kas nors svetimas u\u017eimt\u0173 nors ir menkiausi\u0105 dal\u012f jo nam\u0173 erdv\u0117s. Seniai gyveno vienas ir dalintis jau buvo atprat\u0119s. Asta Jolanta Mi\u0161kinyt\u0117\u00a0\u2013 roman\u0173\u00a0\u201eBitlas, Ana Orka ir a\u0161&#8221;,\u00a0\u201eKasios K. asmeninis gyvenimas&#8221;\u00a0bei radijo pjes\u0117s \u201eMama, a\u0161 tave myliu&#8221; autor\u0117. Jos k\u016brybos ypatumas \u2013 d\u0117mesys paprast\u0173 \u017emoni\u0173 likimams, pasakojimo aistra ir atvirumas. Anot skaitytoj\u0173, tai knygos apie tikr\u0105, nenudailint\u0105 \u0161iandien\u0105, painius santykius \u0161eimose, skausm\u0105, ta\u010diau visada \u012f\u017eiebian\u010dios kitokio gyvenimo vilt\u012f. Jose nesunku atpa\u017einti savo aplink\u0105, o gal net pat\u012f save. Naujas A. J. Mi\u0161kinyt\u0117s romanas\u00a0\u201eIr tada jie i\u0161plauk\u0117&#8221;\u00a0\u2013 u\u017esimezgusios meil\u0117s, atgimstan\u010di\u0173 jausm\u0173 istorija. Pagrindiniai veik\u0117jai \u2013 Vyras ir Moteris. Jie neturi vard\u0173. Pasak autor\u0117s, \u201ePavadinkit juos kaip norit, nes tai gali b\u016bti bet kuris i\u0161 j\u016bs\u0173&#8230;&#8221; Vyro ir moters likimai, statusas visuomen\u0117je skirtingi, bet u\u017eges\u0119 gyvenimai vienija juos. Bevilti\u0161koje pad\u0117tyje atsid\u016brusi moteris, kurios respektabilus gyvenimas (ji mero \u017emona) tampa nebepakeliamas, ir gyvenimo v\u0117tytas ir m\u0117tytas karo veiksm\u0173 dalyvis, nebesitikintis i\u0161 gyvenimo visi\u0161kai nieko. J\u0173 praeities istorijos skleid\u017eiasi i\u0161 l\u0117to gimstan\u010di\u0173, dar nepatirt\u0173 jausm\u0173 fone. Kaip ir kada jie priims esmin\u012f sprendim\u0105? Ir koki\u0105 kain\u0105 teks mok\u0117ti u\u017e prisik\u0117lim\u0105? \u201eTai istorija apie meil\u0119, kurios niekas nesitik\u0117jo. Apie dr\u0105s\u0105 palikti \u012fprast\u0105 krant\u0105. Apie savo \u017emogi\u0161kosios vert\u0117s suvokim\u0105 ir apsimetin\u0117jimo beprasmyb\u0119. Linkiu ry\u017eto i\u0161plaukti, jei saugiame uoste nesi laimingas. Tai istorija apie baim\u0117s keistis nugal\u0117jim\u0105&#8221;, \u2013 sako autor\u0117. Autorius:\u00a0Asta Jolanta Mi\u0161kinyt\u0117 Leid\u0117jas:\u00a0Tyto alba Metai:\u00a02021 Puslapiai:\u00a0208 ISBN:\u00a09786094665776 Versijos kodas:\u00a05 Formatas:\u00a014,7 x 22,1 x 2,2 cm, kieti vir\u0161eliai Kalba:\u00a0Lietuvi\u0173<\/p>\n","protected":false},"featured_media":15606,"comment_status":"open","ping_status":"closed","template":"","meta":{"_acf_changed":false,"site-sidebar-layout":"default","site-content-layout":"","ast-site-content-layout":"default","site-content-style":"default","site-sidebar-style":"default","ast-global-header-display":"","ast-banner-title-visibility":"","ast-main-header-display":"","ast-hfb-above-header-display":"","ast-hfb-below-header-display":"","ast-hfb-mobile-header-display":"","site-post-title":"","ast-breadcrumbs-content":"","ast-featured-img":"","footer-sml-layout":"","ast-disable-related-posts":"","theme-transparent-header-meta":"default","adv-header-id-meta":"","stick-header-meta":"","header-above-stick-meta":"","header-main-stick-meta":"","header-below-stick-meta":"","astra-migrate-meta-layouts":"set","ast-page-background-enabled":"default","ast-page-background-meta":{"desktop":{"background-color":"","background-image":"","background-repeat":"repeat","background-position":"center center","background-size":"auto","background-attachment":"scroll","background-type":"","background-media":"","overlay-type":"","overlay-color":"","overlay-opacity":"","overlay-gradient":""},"tablet":{"background-color":"","background-image":"","background-repeat":"repeat","background-position":"center center","background-size":"auto","background-attachment":"scroll","background-type":"","background-media":"","overlay-type":"","overlay-color":"","overlay-opacity":"","overlay-gradient":""},"mobile":{"background-color":"","background-image":"","background-repeat":"repeat","background-position":"center center","background-size":"auto","background-attachment":"scroll","background-type":"","background-media":"","overlay-type":"","overlay-color":"","overlay-opacity":"","overlay-gradient":""}},"ast-content-background-meta":{"desktop":{"background-color":"var(--ast-global-color-4)","background-image":"","background-repeat":"repeat","background-position":"center center","background-size":"auto","background-attachment":"scroll","background-type":"","background-media":"","overlay-type":"","overlay-color":"","overlay-opacity":"","overlay-gradient":""},"tablet":{"background-color":"var(--ast-global-color-4)","background-image":"","background-repeat":"repeat","background-position":"center center","background-size":"auto","background-attachment":"scroll","background-type":"","background-media":"","overlay-type":"","overlay-color":"","overlay-opacity":"","overlay-gradient":""},"mobile":{"background-color":"var(--ast-global-color-4)","background-image":"","background-repeat":"repeat","background-position":"center center","background-size":"auto","background-attachment":"scroll","background-type":"","background-media":"","overlay-type":"","overlay-color":"","overlay-opacity":"","overlay-gradient":""}}},"product_brand":[],"product_cat":[31,15],"product_tag":[5038,1744,1796,2595,1745,1417],"class_list":{"0":"post-15595","1":"product","2":"type-product","3":"status-publish","4":"has-post-thumbnail","6":"product_cat-grozine-literatura","7":"product_cat-uncategorized","8":"product_tag-asta-jolanta-miskinyte","9":"product_tag-lietuviu-literatura","10":"product_tag-meile","11":"product_tag-psichologine-drama","12":"product_tag-romanas","13":"product_tag-santykiai","14":"desktop-align-left","15":"tablet-align-left","16":"mobile-align-left","18":"first","19":"instock","20":"shipping-taxable","21":"purchasable","22":"product-type-simple"},"acf":[],"yoast_head":"<!-- This site is optimized with the Yoast SEO plugin v27.0 - https:\/\/yoast.com\/product\/yoast-seo-wordpress\/ -->\n<title>Ir tada jie i\u0161plauk\u0117<\/title>\n<meta name=\"description\" content=\"Kas toliau? Parsive\u0161 j\u0105 namo? Ma\u017eiausiai nor\u0117jo, kad kas nors svetimas u\u017eimt\u0173 nors ir menkiausi\u0105 dal\u012f jo nam\u0173 erdv\u0117s. Seniai gyveno vienas ir dalintis jau\" \/>\n<meta name=\"robots\" content=\"index, follow, max-snippet:-1, max-image-preview:large, max-video-preview:-1\" \/>\n<link rel=\"canonical\" href=\"https:\/\/skaitytaknyga.lt\/en\/produktas\/ir-tada-jie-isplauke\/\" \/>\n<meta property=\"og:locale\" content=\"en_GB\" \/>\n<meta property=\"og:locale:alternate\" content=\"lt_LT\" \/>\n<meta property=\"og:type\" content=\"article\" \/>\n<meta property=\"og:title\" content=\"Ir tada jie i\u0161plauk\u0117\" \/>\n<meta property=\"og:description\" content=\"Kas toliau? Parsive\u0161 j\u0105 namo? Ma\u017eiausiai nor\u0117jo, kad kas nors svetimas u\u017eimt\u0173 nors ir menkiausi\u0105 dal\u012f jo nam\u0173 erdv\u0117s. Seniai gyveno vienas ir dalintis jau\" \/>\n<meta property=\"og:url\" content=\"https:\/\/skaitytaknyga.lt\/en\/produktas\/ir-tada-jie-isplauke\/\" \/>\n<meta property=\"og:site_name\" content=\"Skaitytaknyga\" \/>\n<meta property=\"article:publisher\" content=\"https:\/\/www.facebook.com\/skaitytaknyga\/\" \/>\n<meta property=\"article:modified_time\" content=\"2025-06-11T10:26:31+00:00\" \/>\n<meta property=\"og:image\" content=\"https:\/\/skaitytaknyga.lt\/wp-content\/uploads\/2024\/12\/Ir-tada-jie-isplauke.webp\" \/>\n\t<meta property=\"og:image:width\" content=\"422\" \/>\n\t<meta property=\"og:image:height\" content=\"633\" \/>\n\t<meta property=\"og:image:type\" content=\"image\/webp\" \/>\n<meta name=\"twitter:card\" content=\"summary_large_image\" \/>\n<meta name=\"twitter:label1\" content=\"Estimated reading time\" \/>\n\t<meta name=\"twitter:data1\" content=\"2 minutes\" \/>\n<script type=\"application\/ld+json\" class=\"yoast-schema-graph\">{\"@context\":\"https:\/\/schema.org\",\"@graph\":[{\"@type\":\"WebPage\",\"@id\":\"https:\/\/skaitytaknyga.lt\/produktas\/ir-tada-jie-isplauke\/\",\"url\":\"https:\/\/skaitytaknyga.lt\/produktas\/ir-tada-jie-isplauke\/\",\"name\":\"Ir tada jie i\u0161plauk\u0117\",\"isPartOf\":{\"@id\":\"https:\/\/skaitytaknyga.lt\/#website\"},\"primaryImageOfPage\":{\"@id\":\"https:\/\/skaitytaknyga.lt\/produktas\/ir-tada-jie-isplauke\/#primaryimage\"},\"image\":{\"@id\":\"https:\/\/skaitytaknyga.lt\/produktas\/ir-tada-jie-isplauke\/#primaryimage\"},\"thumbnailUrl\":\"https:\/\/skaitytaknyga.lt\/wp-content\/uploads\/2024\/12\/Ir-tada-jie-isplauke.webp\",\"datePublished\":\"2024-12-19T12:37:14+00:00\",\"dateModified\":\"2025-06-11T10:26:31+00:00\",\"description\":\"Kas toliau? Parsive\u0161 j\u0105 namo? Ma\u017eiausiai nor\u0117jo, kad kas nors svetimas u\u017eimt\u0173 nors ir menkiausi\u0105 dal\u012f jo nam\u0173 erdv\u0117s. Seniai gyveno vienas ir dalintis jau\",\"breadcrumb\":{\"@id\":\"https:\/\/skaitytaknyga.lt\/produktas\/ir-tada-jie-isplauke\/#breadcrumb\"},\"inLanguage\":\"en-GB\",\"potentialAction\":[{\"@type\":\"ReadAction\",\"target\":[\"https:\/\/skaitytaknyga.lt\/produktas\/ir-tada-jie-isplauke\/\"]}]},{\"@type\":\"ImageObject\",\"inLanguage\":\"en-GB\",\"@id\":\"https:\/\/skaitytaknyga.lt\/produktas\/ir-tada-jie-isplauke\/#primaryimage\",\"url\":\"https:\/\/skaitytaknyga.lt\/wp-content\/uploads\/2024\/12\/Ir-tada-jie-isplauke.webp\",\"contentUrl\":\"https:\/\/skaitytaknyga.lt\/wp-content\/uploads\/2024\/12\/Ir-tada-jie-isplauke.webp\",\"width\":422,\"height\":633,\"caption\":\"Ir tada jie i\u0161plauk\u0117\"},{\"@type\":\"BreadcrumbList\",\"@id\":\"https:\/\/skaitytaknyga.lt\/produktas\/ir-tada-jie-isplauke\/#breadcrumb\",\"itemListElement\":[{\"@type\":\"ListItem\",\"position\":1,\"name\":\"Home\",\"item\":\"https:\/\/skaitytaknyga.lt\/\"},{\"@type\":\"ListItem\",\"position\":2,\"name\":\"Parduotuv\u0117\",\"item\":\"https:\/\/skaitytaknyga.lt\/knygu-parduotuve\/\"},{\"@type\":\"ListItem\",\"position\":3,\"name\":\"Ir tada jie i\u0161plauk\u0117\"}]},{\"@type\":\"WebSite\",\"@id\":\"https:\/\/skaitytaknyga.lt\/#website\",\"url\":\"https:\/\/skaitytaknyga.lt\/\",\"name\":\"skaitytaknyga.lt\",\"description\":\"Skaitytaknyga.lt \u2013 tai ma\u017eas \u0161eimos verslas, kuris prasid\u0117jo nuo meil\u0117s knygoms ir siekio i\u0161gelb\u0117ti knygas nuo likimo prie konteinerio. Kas vienam nereikalingas daiktas \u2013 kitam lobis, o mes esame tarpininkai, kurie padeda abiems tapti laimingesniems ???? \u017dinome kaip nelengva i\u0161gyventi ma\u017eiems verslams, tad nuo \u0161iol, \u010dia rasite ir kit\u0173, ma\u017e\u0173 \u0161eim\u0173 versl\u0173, rank\u0173 darbo, dovan\u0173 sau ir artimiesiems.\",\"publisher\":{\"@id\":\"https:\/\/skaitytaknyga.lt\/#organization\"},\"potentialAction\":[{\"@type\":\"SearchAction\",\"target\":{\"@type\":\"EntryPoint\",\"urlTemplate\":\"https:\/\/skaitytaknyga.lt\/?s={search_term_string}\"},\"query-input\":{\"@type\":\"PropertyValueSpecification\",\"valueRequired\":true,\"valueName\":\"search_term_string\"}}],\"inLanguage\":\"en-GB\"},{\"@type\":\"Organization\",\"@id\":\"https:\/\/skaitytaknyga.lt\/#organization\",\"name\":\"skaitytaknyga.lt\",\"url\":\"https:\/\/skaitytaknyga.lt\/\",\"logo\":{\"@type\":\"ImageObject\",\"inLanguage\":\"en-GB\",\"@id\":\"https:\/\/skaitytaknyga.lt\/#\/schema\/logo\/image\/\",\"url\":\"https:\/\/skaitytaknyga.lt\/wp-content\/uploads\/2024\/05\/cropped-cropped-cropped-02_00843_jt3bggkj1j3HLc7SyY6rEUpg.jpeg\",\"contentUrl\":\"https:\/\/skaitytaknyga.lt\/wp-content\/uploads\/2024\/05\/cropped-cropped-cropped-02_00843_jt3bggkj1j3HLc7SyY6rEUpg.jpeg\",\"width\":1600,\"height\":1600,\"caption\":\"skaitytaknyga.lt\"},\"image\":{\"@id\":\"https:\/\/skaitytaknyga.lt\/#\/schema\/logo\/image\/\"},\"sameAs\":[\"https:\/\/www.facebook.com\/skaitytaknyga\/\"]}]}<\/script>\n<!-- \/ Yoast SEO plugin. -->","yoast_head_json":{"title":"Ir tada jie i\u0161plauk\u0117","description":"Kas toliau? Parsive\u0161 j\u0105 namo? Ma\u017eiausiai nor\u0117jo, kad kas nors svetimas u\u017eimt\u0173 nors ir menkiausi\u0105 dal\u012f jo nam\u0173 erdv\u0117s. Seniai gyveno vienas ir dalintis jau","robots":{"index":"index","follow":"follow","max-snippet":"max-snippet:-1","max-image-preview":"max-image-preview:large","max-video-preview":"max-video-preview:-1"},"canonical":"https:\/\/skaitytaknyga.lt\/en\/produktas\/ir-tada-jie-isplauke\/","og_locale":"en_GB","og_type":"article","og_title":"[:lt]Ir tada jie i\u0161plauk\u0117[:] - Skaitytaknyga","og_description":"Kas toliau? Parsive\u0161 j\u0105 namo? Ma\u017eiausiai nor\u0117jo, kad kas nors svetimas u\u017eimt\u0173 nors ir menkiausi\u0105 dal\u012f jo nam\u0173 erdv\u0117s. Seniai gyveno vienas ir dalintis jau","og_url":"https:\/\/skaitytaknyga.lt\/en\/produktas\/ir-tada-jie-isplauke\/","og_site_name":"Skaitytaknyga","article_publisher":"https:\/\/www.facebook.com\/skaitytaknyga\/","article_modified_time":"2025-06-11T10:26:31+00:00","og_image":[{"width":422,"height":633,"url":"https:\/\/skaitytaknyga.lt\/wp-content\/uploads\/2024\/12\/Ir-tada-jie-isplauke.webp","type":"image\/webp"}],"twitter_card":"summary_large_image","twitter_misc":{"Estimated reading time":"2 minutes"},"schema":{"@context":"https:\/\/schema.org","@graph":[{"@type":"WebPage","@id":"https:\/\/skaitytaknyga.lt\/produktas\/ir-tada-jie-isplauke\/","url":"https:\/\/skaitytaknyga.lt\/produktas\/ir-tada-jie-isplauke\/","name":"Ir tada jie i\u0161plauk\u0117","isPartOf":{"@id":"https:\/\/skaitytaknyga.lt\/#website"},"primaryImageOfPage":{"@id":"https:\/\/skaitytaknyga.lt\/produktas\/ir-tada-jie-isplauke\/#primaryimage"},"image":{"@id":"https:\/\/skaitytaknyga.lt\/produktas\/ir-tada-jie-isplauke\/#primaryimage"},"thumbnailUrl":"https:\/\/skaitytaknyga.lt\/wp-content\/uploads\/2024\/12\/Ir-tada-jie-isplauke.webp","datePublished":"2024-12-19T12:37:14+00:00","dateModified":"2025-06-11T10:26:31+00:00","description":"Kas toliau? Parsive\u0161 j\u0105 namo? Ma\u017eiausiai nor\u0117jo, kad kas nors svetimas u\u017eimt\u0173 nors ir menkiausi\u0105 dal\u012f jo nam\u0173 erdv\u0117s. Seniai gyveno vienas ir dalintis jau","breadcrumb":{"@id":"https:\/\/skaitytaknyga.lt\/produktas\/ir-tada-jie-isplauke\/#breadcrumb"},"inLanguage":"en-GB","potentialAction":[{"@type":"ReadAction","target":["https:\/\/skaitytaknyga.lt\/produktas\/ir-tada-jie-isplauke\/"]}]},{"@type":"ImageObject","inLanguage":"en-GB","@id":"https:\/\/skaitytaknyga.lt\/produktas\/ir-tada-jie-isplauke\/#primaryimage","url":"https:\/\/skaitytaknyga.lt\/wp-content\/uploads\/2024\/12\/Ir-tada-jie-isplauke.webp","contentUrl":"https:\/\/skaitytaknyga.lt\/wp-content\/uploads\/2024\/12\/Ir-tada-jie-isplauke.webp","width":422,"height":633,"caption":"Ir tada jie i\u0161plauk\u0117"},{"@type":"BreadcrumbList","@id":"https:\/\/skaitytaknyga.lt\/produktas\/ir-tada-jie-isplauke\/#breadcrumb","itemListElement":[{"@type":"ListItem","position":1,"name":"Home","item":"https:\/\/skaitytaknyga.lt\/"},{"@type":"ListItem","position":2,"name":"Parduotuv\u0117","item":"https:\/\/skaitytaknyga.lt\/knygu-parduotuve\/"},{"@type":"ListItem","position":3,"name":"Ir tada jie i\u0161plauk\u0117"}]},{"@type":"WebSite","@id":"https:\/\/skaitytaknyga.lt\/#website","url":"https:\/\/skaitytaknyga.lt\/","name":"skaitytaknyga.lt","description":"Skaitytaknyga.lt \u2013 tai ma\u017eas \u0161eimos verslas, kuris prasid\u0117jo nuo meil\u0117s knygoms ir siekio i\u0161gelb\u0117ti knygas nuo likimo prie konteinerio. Kas vienam nereikalingas daiktas \u2013 kitam lobis, o mes esame tarpininkai, kurie padeda abiems tapti laimingesniems ???? \u017dinome kaip nelengva i\u0161gyventi ma\u017eiems verslams, tad nuo \u0161iol, \u010dia rasite ir kit\u0173, ma\u017e\u0173 \u0161eim\u0173 versl\u0173, rank\u0173 darbo, dovan\u0173 sau ir artimiesiems.","publisher":{"@id":"https:\/\/skaitytaknyga.lt\/#organization"},"potentialAction":[{"@type":"SearchAction","target":{"@type":"EntryPoint","urlTemplate":"https:\/\/skaitytaknyga.lt\/?s={search_term_string}"},"query-input":{"@type":"PropertyValueSpecification","valueRequired":true,"valueName":"search_term_string"}}],"inLanguage":"en-GB"},{"@type":"Organization","@id":"https:\/\/skaitytaknyga.lt\/#organization","name":"skaitytaknyga.lt","url":"https:\/\/skaitytaknyga.lt\/","logo":{"@type":"ImageObject","inLanguage":"en-GB","@id":"https:\/\/skaitytaknyga.lt\/#\/schema\/logo\/image\/","url":"https:\/\/skaitytaknyga.lt\/wp-content\/uploads\/2024\/05\/cropped-cropped-cropped-02_00843_jt3bggkj1j3HLc7SyY6rEUpg.jpeg","contentUrl":"https:\/\/skaitytaknyga.lt\/wp-content\/uploads\/2024\/05\/cropped-cropped-cropped-02_00843_jt3bggkj1j3HLc7SyY6rEUpg.jpeg","width":1600,"height":1600,"caption":"skaitytaknyga.lt"},"image":{"@id":"https:\/\/skaitytaknyga.lt\/#\/schema\/logo\/image\/"},"sameAs":["https:\/\/www.facebook.com\/skaitytaknyga\/"]}]}},"_links":{"self":[{"href":"https:\/\/skaitytaknyga.lt\/en\/wp-json\/wp\/v2\/product\/15595","targetHints":{"allow":["GET"]}}],"collection":[{"href":"https:\/\/skaitytaknyga.lt\/en\/wp-json\/wp\/v2\/product"}],"about":[{"href":"https:\/\/skaitytaknyga.lt\/en\/wp-json\/wp\/v2\/types\/product"}],"replies":[{"embeddable":true,"href":"https:\/\/skaitytaknyga.lt\/en\/wp-json\/wp\/v2\/comments?post=15595"}],"wp:featuredmedia":[{"embeddable":true,"href":"https:\/\/skaitytaknyga.lt\/en\/wp-json\/wp\/v2\/media\/15606"}],"wp:attachment":[{"href":"https:\/\/skaitytaknyga.lt\/en\/wp-json\/wp\/v2\/media?parent=15595"}],"wp:term":[{"taxonomy":"product_brand","embeddable":true,"href":"https:\/\/skaitytaknyga.lt\/en\/wp-json\/wp\/v2\/product_brand?post=15595"},{"taxonomy":"product_cat","embeddable":true,"href":"https:\/\/skaitytaknyga.lt\/en\/wp-json\/wp\/v2\/product_cat?post=15595"},{"taxonomy":"product_tag","embeddable":true,"href":"https:\/\/skaitytaknyga.lt\/en\/wp-json\/wp\/v2\/product_tag?post=15595"}],"curies":[{"name":"wp","href":"https:\/\/api.w.org\/{rel}","templated":true}]}}