{"id":15594,"date":"2024-12-19T14:37:13","date_gmt":"2024-12-19T12:37:13","guid":{"rendered":"https:\/\/skaitytaknyga.lt\/?post_type=product&#038;p=15594"},"modified":"2024-12-23T09:59:22","modified_gmt":"2024-12-23T07:59:22","slug":"keliaujancio-katino-kronikos","status":"publish","type":"product","link":"https:\/\/skaitytaknyga.lt\/en\/produktas\/keliaujancio-katino-kronikos\/","title":{"rendered":"Keliaujan\u010dio katino kronikos"},"content":{"rendered":"<p>Nana i\u0161siruo\u0161\u0117 \u012f keli\u0105. Kadaise laukinis katinas, dabar jis patogiai tupi ant priekin\u0117s sidabrinio furgono s\u0117dyn\u0117s greta savo \u0161eimininko Satoru ir \u017evelgia pro lang\u0105 \u012f besikei\u010dian\u010dius priblo\u0161kiamo gro\u017eio Japonijos vaizdus. Satoru jam nepaai\u0161kino, kod\u0117l reik\u0117jo leistis \u012f \u0161i\u0105 kelion\u0119, bet Nanai nelabai ir r\u016bpi: kad ir kiek ilgai, kad ir kaip toli keliaut\u0173, jam svarbiausia \u2013 kad \u0161\u012f nuotyk\u012f patirs kartu su savo \u017emogumi. Ta\u010diau, \u012fpus\u0117jus kelionei ir aplankius tris senus Satoru draugus, Nana ima nuvokti, koks tikrasis j\u0173 kelion\u0117s tikslas ir kaip stipriai tai gal\u0173 gale pakeis j\u0173dviej\u0173 gyvenimus.<\/p>\n<p>\u201eKad ir kokie kartais nepaveikiami tariam\u0117s es\u0105, tikiu, kad ma\u017eai kas baigs skaityti \u0161i\u0105 knyg\u0105 nenubrauk\u0119 vienos kitos nuo\u0161ird\u017eios a\u0161aros.&#8221;<br \/>\nNPR<\/p>\n<p>\u201eKeliaujan\u010dio katino kronikos&#8221; eina tradicini\u0173 japon\u0173 pasakojim\u0173 keliu, knygoje i\u0161auk\u0161tinamos tokios esmin\u0117s vertyb\u0117s kaip pasiaukojimas ir draugyst\u0117. D\u017eiaugsmas skaityti.&#8221;<br \/>\nFinancial Times<\/p>\n<p><strong>Hiro Arikawa<\/strong>\u00a0(g. 1972) \u2013 japon\u0173 ra\u0161ytoja, gyvenanti ir kurianti Tokijuje. Jos knyga<strong>\u00a0\u201eKeliaujan\u010dio katino kronikos&#8221;<\/strong>\u00a0tapo bestseleriu ne tik Japonijoje, bet ir kitose \u0161alyse \u2013 pasaulyje jau parduota daugiau nei 1 milijonas egzempliori\u0173. 2018 m., kuriant film\u0105 pagal \u0161i\u0105 H. Arikawos istorij\u0105, buvo suburtas kone visas Japonijos kino \u017evaig\u017edynas.<\/p>\n<ul class=\"about-product d-none d-xl-block mt-4\">\n<li><strong>Originalus pavadinimas:<\/strong>\u00a0Tabineko Rip\u00f4to<\/li>\n<li><strong>Autorius:<\/strong>\u00a0Hiro Arikawa<\/li>\n<li><strong>Leid\u0117jas:<\/strong>\u00a0Baltos lankos<\/li>\n<li><strong>Metai:<\/strong>\u00a02020<\/li>\n<li><strong>Puslapiai:<\/strong>\u00a0256<\/li>\n<li class=\"toggleable type-new-formats \"><strong>ISBN:<\/strong>\u00a09786094793837<\/li>\n<li><strong>Versijos kodas:<\/strong>\u00a04<\/li>\n<li class=\"toggleable type-new-formats \"><strong>Formatas:<\/strong>\u00a014,5 x 21 x 2,2 cm, kieti vir\u0161eliai<\/li>\n<li><strong>Kalba:<\/strong>\u00a0Lietuvi\u0173<\/li>\n<li><strong>Vert\u0117jas:<\/strong>\u00a0Marijus Kriau\u010di\u016bnas<\/li>\n<\/ul>\n","protected":false},"excerpt":{"rendered":"<p>Nana i\u0161siruo\u0161\u0117 \u012f keli\u0105. Kadaise laukinis katinas, dabar jis patogiai tupi ant priekin\u0117s sidabrinio furgono s\u0117dyn\u0117s greta savo \u0161eimininko Satoru ir \u017evelgia pro lang\u0105 \u012f besikei\u010dian\u010dius priblo\u0161kiamo gro\u017eio Japonijos vaizdus. Satoru jam nepaai\u0161kino, kod\u0117l reik\u0117jo leistis \u012f \u0161i\u0105 kelion\u0119, bet Nanai nelabai ir r\u016bpi: kad ir kiek ilgai, kad ir kaip toli keliaut\u0173, jam svarbiausia \u2013 kad \u0161\u012f nuotyk\u012f patirs kartu su savo \u017emogumi. Ta\u010diau, \u012fpus\u0117jus kelionei ir aplankius tris senus Satoru draugus, Nana ima nuvokti, koks tikrasis j\u0173 kelion\u0117s tikslas ir kaip stipriai tai gal\u0173 gale pakeis j\u0173dviej\u0173 gyvenimus. \u201eKad ir kokie kartais nepaveikiami tariam\u0117s es\u0105, tikiu, kad ma\u017eai kas baigs skaityti \u0161i\u0105 knyg\u0105 nenubrauk\u0119 vienos kitos nuo\u0161ird\u017eios a\u0161aros.&#8221; NPR \u201eKeliaujan\u010dio katino kronikos&#8221; eina tradicini\u0173 japon\u0173 pasakojim\u0173 keliu, knygoje i\u0161auk\u0161tinamos tokios esmin\u0117s vertyb\u0117s kaip pasiaukojimas ir draugyst\u0117. D\u017eiaugsmas skaityti.&#8221; Financial Times Hiro Arikawa\u00a0(g. 1972) \u2013 japon\u0173 ra\u0161ytoja, gyvenanti ir kurianti Tokijuje. Jos knyga\u00a0\u201eKeliaujan\u010dio katino kronikos&#8221;\u00a0tapo bestseleriu ne tik Japonijoje, bet ir kitose \u0161alyse \u2013 pasaulyje jau parduota daugiau nei 1 milijonas egzempliori\u0173. 2018 m., kuriant film\u0105 pagal \u0161i\u0105 H. Arikawos istorij\u0105, buvo suburtas kone visas Japonijos kino \u017evaig\u017edynas. Originalus pavadinimas:\u00a0Tabineko Rip\u00f4to Autorius:\u00a0Hiro Arikawa Leid\u0117jas:\u00a0Baltos lankos Metai:\u00a02020 Puslapiai:\u00a0256 ISBN:\u00a09786094793837 Versijos kodas:\u00a04 Formatas:\u00a014,5 x 21 x 2,2 cm, kieti vir\u0161eliai Kalba:\u00a0Lietuvi\u0173 Vert\u0117jas:\u00a0Marijus Kriau\u010di\u016bnas<\/p>\n","protected":false},"featured_media":15743,"comment_status":"open","ping_status":"closed","template":"","meta":{"_acf_changed":false,"site-sidebar-layout":"default","site-content-layout":"","ast-site-content-layout":"default","site-content-style":"default","site-sidebar-style":"default","ast-global-header-display":"","ast-banner-title-visibility":"","ast-main-header-display":"","ast-hfb-above-header-display":"","ast-hfb-below-header-display":"","ast-hfb-mobile-header-display":"","site-post-title":"","ast-breadcrumbs-content":"","ast-featured-img":"","footer-sml-layout":"","ast-disable-related-posts":"","theme-transparent-header-meta":"default","adv-header-id-meta":"","stick-header-meta":"","header-above-stick-meta":"","header-main-stick-meta":"","header-below-stick-meta":"","astra-migrate-meta-layouts":"set","ast-page-background-enabled":"default","ast-page-background-meta":{"desktop":{"background-color":"","background-image":"","background-repeat":"repeat","background-position":"center center","background-size":"auto","background-attachment":"scroll","background-type":"","background-media":"","overlay-type":"","overlay-color":"","overlay-opacity":"","overlay-gradient":""},"tablet":{"background-color":"","background-image":"","background-repeat":"repeat","background-position":"center center","background-size":"auto","background-attachment":"scroll","background-type":"","background-media":"","overlay-type":"","overlay-color":"","overlay-opacity":"","overlay-gradient":""},"mobile":{"background-color":"","background-image":"","background-repeat":"repeat","background-position":"center center","background-size":"auto","background-attachment":"scroll","background-type":"","background-media":"","overlay-type":"","overlay-color":"","overlay-opacity":"","overlay-gradient":""}},"ast-content-background-meta":{"desktop":{"background-color":"var(--ast-global-color-4)","background-image":"","background-repeat":"repeat","background-position":"center center","background-size":"auto","background-attachment":"scroll","background-type":"","background-media":"","overlay-type":"","overlay-color":"","overlay-opacity":"","overlay-gradient":""},"tablet":{"background-color":"var(--ast-global-color-4)","background-image":"","background-repeat":"repeat","background-position":"center center","background-size":"auto","background-attachment":"scroll","background-type":"","background-media":"","overlay-type":"","overlay-color":"","overlay-opacity":"","overlay-gradient":""},"mobile":{"background-color":"var(--ast-global-color-4)","background-image":"","background-repeat":"repeat","background-position":"center center","background-size":"auto","background-attachment":"scroll","background-type":"","background-media":"","overlay-type":"","overlay-color":"","overlay-opacity":"","overlay-gradient":""}}},"product_brand":[],"product_cat":[31,15],"product_tag":[],"class_list":{"0":"post-15594","1":"product","2":"type-product","3":"status-publish","4":"has-post-thumbnail","6":"product_cat-grozine-literatura","7":"product_cat-uncategorized","8":"desktop-align-left","9":"tablet-align-left","10":"mobile-align-left","12":"first","13":"instock","14":"shipping-taxable","15":"purchasable","16":"product-type-simple"},"acf":[],"yoast_head":"<!-- This site is optimized with the Yoast SEO plugin v27.0 - https:\/\/yoast.com\/product\/yoast-seo-wordpress\/ -->\n<title>Keliaujan\u010dio katino kronikos<\/title>\n<meta name=\"description\" content=\"Nana i\u0161siruo\u0161\u0117 \u012f keli\u0105. Kadaise laukinis katinas, dabar jis patogiai tupi ant priekin\u0117s sidabrinio furgono s\u0117dyn\u0117s greta savo \u0161eimininko Satoru ir \u017evelgia\" \/>\n<meta name=\"robots\" content=\"index, follow, max-snippet:-1, max-image-preview:large, max-video-preview:-1\" \/>\n<link rel=\"canonical\" href=\"https:\/\/skaitytaknyga.lt\/en\/produktas\/keliaujancio-katino-kronikos\/\" \/>\n<meta property=\"og:locale\" content=\"en_GB\" \/>\n<meta property=\"og:locale:alternate\" content=\"lt_LT\" \/>\n<meta property=\"og:type\" content=\"article\" \/>\n<meta property=\"og:title\" content=\"Keliaujan\u010dio katino kronikos\" \/>\n<meta property=\"og:description\" content=\"Nana i\u0161siruo\u0161\u0117 \u012f keli\u0105. Kadaise laukinis katinas, dabar jis patogiai tupi ant priekin\u0117s sidabrinio furgono s\u0117dyn\u0117s greta savo \u0161eimininko Satoru ir \u017evelgia\" \/>\n<meta property=\"og:url\" content=\"https:\/\/skaitytaknyga.lt\/en\/produktas\/keliaujancio-katino-kronikos\/\" \/>\n<meta property=\"og:site_name\" content=\"Skaitytaknyga\" \/>\n<meta property=\"article:publisher\" content=\"https:\/\/www.facebook.com\/skaitytaknyga\/\" \/>\n<meta property=\"article:modified_time\" content=\"2024-12-23T07:59:22+00:00\" \/>\n<meta property=\"og:image\" content=\"https:\/\/skaitytaknyga.lt\/wp-content\/uploads\/2024\/12\/Keliaujancio-katino-kronikos.webp\" \/>\n\t<meta property=\"og:image:width\" content=\"450\" \/>\n\t<meta property=\"og:image:height\" content=\"652\" \/>\n\t<meta property=\"og:image:type\" content=\"image\/webp\" \/>\n<meta name=\"twitter:card\" content=\"summary_large_image\" \/>\n<meta name=\"twitter:label1\" content=\"Estimated reading time\" \/>\n\t<meta name=\"twitter:data1\" content=\"2 minutes\" \/>\n<script type=\"application\/ld+json\" class=\"yoast-schema-graph\">{\"@context\":\"https:\/\/schema.org\",\"@graph\":[{\"@type\":\"WebPage\",\"@id\":\"https:\/\/skaitytaknyga.lt\/produktas\/keliaujancio-katino-kronikos\/\",\"url\":\"https:\/\/skaitytaknyga.lt\/produktas\/keliaujancio-katino-kronikos\/\",\"name\":\"Keliaujan\u010dio katino kronikos\",\"isPartOf\":{\"@id\":\"https:\/\/skaitytaknyga.lt\/#website\"},\"primaryImageOfPage\":{\"@id\":\"https:\/\/skaitytaknyga.lt\/produktas\/keliaujancio-katino-kronikos\/#primaryimage\"},\"image\":{\"@id\":\"https:\/\/skaitytaknyga.lt\/produktas\/keliaujancio-katino-kronikos\/#primaryimage\"},\"thumbnailUrl\":\"https:\/\/skaitytaknyga.lt\/wp-content\/uploads\/2024\/12\/Keliaujancio-katino-kronikos.webp\",\"datePublished\":\"2024-12-19T12:37:13+00:00\",\"dateModified\":\"2024-12-23T07:59:22+00:00\",\"description\":\"Nana i\u0161siruo\u0161\u0117 \u012f keli\u0105. Kadaise laukinis katinas, dabar jis patogiai tupi ant priekin\u0117s sidabrinio furgono s\u0117dyn\u0117s greta savo \u0161eimininko Satoru ir \u017evelgia\",\"breadcrumb\":{\"@id\":\"https:\/\/skaitytaknyga.lt\/produktas\/keliaujancio-katino-kronikos\/#breadcrumb\"},\"inLanguage\":\"en-GB\",\"potentialAction\":[{\"@type\":\"ReadAction\",\"target\":[\"https:\/\/skaitytaknyga.lt\/produktas\/keliaujancio-katino-kronikos\/\"]}]},{\"@type\":\"ImageObject\",\"inLanguage\":\"en-GB\",\"@id\":\"https:\/\/skaitytaknyga.lt\/produktas\/keliaujancio-katino-kronikos\/#primaryimage\",\"url\":\"https:\/\/skaitytaknyga.lt\/wp-content\/uploads\/2024\/12\/Keliaujancio-katino-kronikos.webp\",\"contentUrl\":\"https:\/\/skaitytaknyga.lt\/wp-content\/uploads\/2024\/12\/Keliaujancio-katino-kronikos.webp\",\"width\":450,\"height\":652,\"caption\":\"Keliaujan\u010dio katino kronikos\"},{\"@type\":\"BreadcrumbList\",\"@id\":\"https:\/\/skaitytaknyga.lt\/produktas\/keliaujancio-katino-kronikos\/#breadcrumb\",\"itemListElement\":[{\"@type\":\"ListItem\",\"position\":1,\"name\":\"Home\",\"item\":\"https:\/\/skaitytaknyga.lt\/\"},{\"@type\":\"ListItem\",\"position\":2,\"name\":\"Parduotuv\u0117\",\"item\":\"https:\/\/skaitytaknyga.lt\/knygu-parduotuve\/\"},{\"@type\":\"ListItem\",\"position\":3,\"name\":\"Keliaujan\u010dio katino kronikos\"}]},{\"@type\":\"WebSite\",\"@id\":\"https:\/\/skaitytaknyga.lt\/#website\",\"url\":\"https:\/\/skaitytaknyga.lt\/\",\"name\":\"skaitytaknyga.lt\",\"description\":\"Skaitytaknyga.lt \u2013 tai ma\u017eas \u0161eimos verslas, kuris prasid\u0117jo nuo meil\u0117s knygoms ir siekio i\u0161gelb\u0117ti knygas nuo likimo prie konteinerio. Kas vienam nereikalingas daiktas \u2013 kitam lobis, o mes esame tarpininkai, kurie padeda abiems tapti laimingesniems ???? \u017dinome kaip nelengva i\u0161gyventi ma\u017eiems verslams, tad nuo \u0161iol, \u010dia rasite ir kit\u0173, ma\u017e\u0173 \u0161eim\u0173 versl\u0173, rank\u0173 darbo, dovan\u0173 sau ir artimiesiems.\",\"publisher\":{\"@id\":\"https:\/\/skaitytaknyga.lt\/#organization\"},\"potentialAction\":[{\"@type\":\"SearchAction\",\"target\":{\"@type\":\"EntryPoint\",\"urlTemplate\":\"https:\/\/skaitytaknyga.lt\/?s={search_term_string}\"},\"query-input\":{\"@type\":\"PropertyValueSpecification\",\"valueRequired\":true,\"valueName\":\"search_term_string\"}}],\"inLanguage\":\"en-GB\"},{\"@type\":\"Organization\",\"@id\":\"https:\/\/skaitytaknyga.lt\/#organization\",\"name\":\"skaitytaknyga.lt\",\"url\":\"https:\/\/skaitytaknyga.lt\/\",\"logo\":{\"@type\":\"ImageObject\",\"inLanguage\":\"en-GB\",\"@id\":\"https:\/\/skaitytaknyga.lt\/#\/schema\/logo\/image\/\",\"url\":\"https:\/\/skaitytaknyga.lt\/wp-content\/uploads\/2024\/05\/cropped-cropped-cropped-02_00843_jt3bggkj1j3HLc7SyY6rEUpg.jpeg\",\"contentUrl\":\"https:\/\/skaitytaknyga.lt\/wp-content\/uploads\/2024\/05\/cropped-cropped-cropped-02_00843_jt3bggkj1j3HLc7SyY6rEUpg.jpeg\",\"width\":1600,\"height\":1600,\"caption\":\"skaitytaknyga.lt\"},\"image\":{\"@id\":\"https:\/\/skaitytaknyga.lt\/#\/schema\/logo\/image\/\"},\"sameAs\":[\"https:\/\/www.facebook.com\/skaitytaknyga\/\"]}]}<\/script>\n<!-- \/ Yoast SEO plugin. -->","yoast_head_json":{"title":"Keliaujan\u010dio katino kronikos","description":"Nana i\u0161siruo\u0161\u0117 \u012f keli\u0105. Kadaise laukinis katinas, dabar jis patogiai tupi ant priekin\u0117s sidabrinio furgono s\u0117dyn\u0117s greta savo \u0161eimininko Satoru ir \u017evelgia","robots":{"index":"index","follow":"follow","max-snippet":"max-snippet:-1","max-image-preview":"max-image-preview:large","max-video-preview":"max-video-preview:-1"},"canonical":"https:\/\/skaitytaknyga.lt\/en\/produktas\/keliaujancio-katino-kronikos\/","og_locale":"en_GB","og_type":"article","og_title":"[:lt]Keliaujan\u010dio katino kronikos[:] - Skaitytaknyga","og_description":"Nana i\u0161siruo\u0161\u0117 \u012f keli\u0105. Kadaise laukinis katinas, dabar jis patogiai tupi ant priekin\u0117s sidabrinio furgono s\u0117dyn\u0117s greta savo \u0161eimininko Satoru ir \u017evelgia","og_url":"https:\/\/skaitytaknyga.lt\/en\/produktas\/keliaujancio-katino-kronikos\/","og_site_name":"Skaitytaknyga","article_publisher":"https:\/\/www.facebook.com\/skaitytaknyga\/","article_modified_time":"2024-12-23T07:59:22+00:00","og_image":[{"width":450,"height":652,"url":"https:\/\/skaitytaknyga.lt\/wp-content\/uploads\/2024\/12\/Keliaujancio-katino-kronikos.webp","type":"image\/webp"}],"twitter_card":"summary_large_image","twitter_misc":{"Estimated reading time":"2 minutes"},"schema":{"@context":"https:\/\/schema.org","@graph":[{"@type":"WebPage","@id":"https:\/\/skaitytaknyga.lt\/produktas\/keliaujancio-katino-kronikos\/","url":"https:\/\/skaitytaknyga.lt\/produktas\/keliaujancio-katino-kronikos\/","name":"Keliaujan\u010dio katino kronikos","isPartOf":{"@id":"https:\/\/skaitytaknyga.lt\/#website"},"primaryImageOfPage":{"@id":"https:\/\/skaitytaknyga.lt\/produktas\/keliaujancio-katino-kronikos\/#primaryimage"},"image":{"@id":"https:\/\/skaitytaknyga.lt\/produktas\/keliaujancio-katino-kronikos\/#primaryimage"},"thumbnailUrl":"https:\/\/skaitytaknyga.lt\/wp-content\/uploads\/2024\/12\/Keliaujancio-katino-kronikos.webp","datePublished":"2024-12-19T12:37:13+00:00","dateModified":"2024-12-23T07:59:22+00:00","description":"Nana i\u0161siruo\u0161\u0117 \u012f keli\u0105. Kadaise laukinis katinas, dabar jis patogiai tupi ant priekin\u0117s sidabrinio furgono s\u0117dyn\u0117s greta savo \u0161eimininko Satoru ir \u017evelgia","breadcrumb":{"@id":"https:\/\/skaitytaknyga.lt\/produktas\/keliaujancio-katino-kronikos\/#breadcrumb"},"inLanguage":"en-GB","potentialAction":[{"@type":"ReadAction","target":["https:\/\/skaitytaknyga.lt\/produktas\/keliaujancio-katino-kronikos\/"]}]},{"@type":"ImageObject","inLanguage":"en-GB","@id":"https:\/\/skaitytaknyga.lt\/produktas\/keliaujancio-katino-kronikos\/#primaryimage","url":"https:\/\/skaitytaknyga.lt\/wp-content\/uploads\/2024\/12\/Keliaujancio-katino-kronikos.webp","contentUrl":"https:\/\/skaitytaknyga.lt\/wp-content\/uploads\/2024\/12\/Keliaujancio-katino-kronikos.webp","width":450,"height":652,"caption":"Keliaujan\u010dio katino kronikos"},{"@type":"BreadcrumbList","@id":"https:\/\/skaitytaknyga.lt\/produktas\/keliaujancio-katino-kronikos\/#breadcrumb","itemListElement":[{"@type":"ListItem","position":1,"name":"Home","item":"https:\/\/skaitytaknyga.lt\/"},{"@type":"ListItem","position":2,"name":"Parduotuv\u0117","item":"https:\/\/skaitytaknyga.lt\/knygu-parduotuve\/"},{"@type":"ListItem","position":3,"name":"Keliaujan\u010dio katino kronikos"}]},{"@type":"WebSite","@id":"https:\/\/skaitytaknyga.lt\/#website","url":"https:\/\/skaitytaknyga.lt\/","name":"skaitytaknyga.lt","description":"Skaitytaknyga.lt \u2013 tai ma\u017eas \u0161eimos verslas, kuris prasid\u0117jo nuo meil\u0117s knygoms ir siekio i\u0161gelb\u0117ti knygas nuo likimo prie konteinerio. Kas vienam nereikalingas daiktas \u2013 kitam lobis, o mes esame tarpininkai, kurie padeda abiems tapti laimingesniems ???? \u017dinome kaip nelengva i\u0161gyventi ma\u017eiems verslams, tad nuo \u0161iol, \u010dia rasite ir kit\u0173, ma\u017e\u0173 \u0161eim\u0173 versl\u0173, rank\u0173 darbo, dovan\u0173 sau ir artimiesiems.","publisher":{"@id":"https:\/\/skaitytaknyga.lt\/#organization"},"potentialAction":[{"@type":"SearchAction","target":{"@type":"EntryPoint","urlTemplate":"https:\/\/skaitytaknyga.lt\/?s={search_term_string}"},"query-input":{"@type":"PropertyValueSpecification","valueRequired":true,"valueName":"search_term_string"}}],"inLanguage":"en-GB"},{"@type":"Organization","@id":"https:\/\/skaitytaknyga.lt\/#organization","name":"skaitytaknyga.lt","url":"https:\/\/skaitytaknyga.lt\/","logo":{"@type":"ImageObject","inLanguage":"en-GB","@id":"https:\/\/skaitytaknyga.lt\/#\/schema\/logo\/image\/","url":"https:\/\/skaitytaknyga.lt\/wp-content\/uploads\/2024\/05\/cropped-cropped-cropped-02_00843_jt3bggkj1j3HLc7SyY6rEUpg.jpeg","contentUrl":"https:\/\/skaitytaknyga.lt\/wp-content\/uploads\/2024\/05\/cropped-cropped-cropped-02_00843_jt3bggkj1j3HLc7SyY6rEUpg.jpeg","width":1600,"height":1600,"caption":"skaitytaknyga.lt"},"image":{"@id":"https:\/\/skaitytaknyga.lt\/#\/schema\/logo\/image\/"},"sameAs":["https:\/\/www.facebook.com\/skaitytaknyga\/"]}]}},"_links":{"self":[{"href":"https:\/\/skaitytaknyga.lt\/en\/wp-json\/wp\/v2\/product\/15594","targetHints":{"allow":["GET"]}}],"collection":[{"href":"https:\/\/skaitytaknyga.lt\/en\/wp-json\/wp\/v2\/product"}],"about":[{"href":"https:\/\/skaitytaknyga.lt\/en\/wp-json\/wp\/v2\/types\/product"}],"replies":[{"embeddable":true,"href":"https:\/\/skaitytaknyga.lt\/en\/wp-json\/wp\/v2\/comments?post=15594"}],"wp:featuredmedia":[{"embeddable":true,"href":"https:\/\/skaitytaknyga.lt\/en\/wp-json\/wp\/v2\/media\/15743"}],"wp:attachment":[{"href":"https:\/\/skaitytaknyga.lt\/en\/wp-json\/wp\/v2\/media?parent=15594"}],"wp:term":[{"taxonomy":"product_brand","embeddable":true,"href":"https:\/\/skaitytaknyga.lt\/en\/wp-json\/wp\/v2\/product_brand?post=15594"},{"taxonomy":"product_cat","embeddable":true,"href":"https:\/\/skaitytaknyga.lt\/en\/wp-json\/wp\/v2\/product_cat?post=15594"},{"taxonomy":"product_tag","embeddable":true,"href":"https:\/\/skaitytaknyga.lt\/en\/wp-json\/wp\/v2\/product_tag?post=15594"}],"curies":[{"name":"wp","href":"https:\/\/api.w.org\/{rel}","templated":true}]}}