{"id":15591,"date":"2024-12-19T14:20:26","date_gmt":"2024-12-19T12:20:26","guid":{"rendered":"https:\/\/skaitytaknyga.lt\/?post_type=product&#038;p=15591"},"modified":"2024-12-19T14:22:03","modified_gmt":"2024-12-19T12:22:03","slug":"astrid-lindgren-padauzu-kaimo-vaikai","status":"publish","type":"product","link":"https:\/\/skaitytaknyga.lt\/en\/produktas\/astrid-lindgren-padauzu-kaimo-vaikai\/","title":{"rendered":"Astrid Lindgren \u201ePadau\u017e\u0173 kaimo vaikai\u201c"},"content":{"rendered":"<p>Padau\u017e\u0173 kaime gyvena \u0161e\u0161i vaikai. Septyneri\u0173 met\u0173 Lisa gyvena Viduriniajame viens\u0117dyje su savo dviem vyresniais padau\u017eomis broliukais Lase ir Bose. Gretimame viens\u0117dyje i\u0161 vienos pus\u0117s gyvena dvi geriausios jos draug\u0117s Brita ir Ana, o i\u0161 kitos &#8211; berniukas, vardu Ul\u0117, u\u017e kurio Lisa ketina i\u0161tek\u0117ti, kai u\u017eaugs.<\/p>\n<p>Visi \u0161e\u0161i vaikai kiekvien\u0105 ryt\u0105 kartu eina \u012f mokykl\u0105, padeda t\u0117vams \u016bkyje, \u017eaid\u017eia, kre\u010dia i\u0161daigas ir patiria \u012fvairiausi\u0173 nuotyki\u0173&#8230;<\/p>\n<ul class=\"about-product d-none d-xl-block mt-4\">\n<li><strong>Autorius:<\/strong>\u00a0Astrid Lindgren<\/li>\n<li><strong>Leid\u0117jas:<\/strong>\u00a0Garnelis<\/li>\n<li><strong>Metai:<\/strong>\u00a02021<\/li>\n<li><strong>Puslapiai:<\/strong>\u00a0304<\/li>\n<li class=\"toggleable type-new-formats \"><strong>ISBN:<\/strong>\u00a09789955883739<\/li>\n<li><strong>Versijos kodas:<\/strong>\u00a014<\/li>\n<li class=\"toggleable type-new-formats \"><strong>Formatas:<\/strong>\u00a015 x 21 x 2,7 cm, kieti vir\u0161eliai<\/li>\n<li><strong>Kalba:<\/strong>\u00a0Lietuvi\u0173<\/li>\n<li><strong>Vert\u0117jas:<\/strong>\u00a0Eugenija Stravinskien\u0117<\/li>\n<\/ul>\n","protected":false},"excerpt":{"rendered":"<p>Padau\u017e\u0173 kaime gyvena \u0161e\u0161i vaikai. Septyneri\u0173 met\u0173 Lisa gyvena Viduriniajame viens\u0117dyje su savo dviem vyresniais padau\u017eomis broliukais Lase ir Bose. Gretimame viens\u0117dyje i\u0161 vienos pus\u0117s gyvena dvi geriausios jos draug\u0117s Brita ir Ana, o i\u0161 kitos &#8211; berniukas, vardu Ul\u0117, u\u017e kurio Lisa ketina i\u0161tek\u0117ti, kai u\u017eaugs.<\/p>\n<p>Visi \u0161e\u0161i vaikai kiekvien\u0105 ryt\u0105 kartu eina \u012f mokykl\u0105, padeda t\u0117vams \u016bkyje, \u017eaid\u017eia, kre\u010dia i\u0161daigas ir patiria \u012fvairiausi\u0173 nuotyki\u0173&#8230;<\/p>\n","protected":false},"featured_media":15592,"comment_status":"closed","ping_status":"closed","template":"","meta":{"_acf_changed":false,"site-sidebar-layout":"default","site-content-layout":"","ast-site-content-layout":"default","site-content-style":"default","site-sidebar-style":"default","ast-global-header-display":"","ast-banner-title-visibility":"","ast-main-header-display":"","ast-hfb-above-header-display":"","ast-hfb-below-header-display":"","ast-hfb-mobile-header-display":"","site-post-title":"","ast-breadcrumbs-content":"","ast-featured-img":"","footer-sml-layout":"","ast-disable-related-posts":"","theme-transparent-header-meta":"default","adv-header-id-meta":"","stick-header-meta":"","header-above-stick-meta":"","header-main-stick-meta":"","header-below-stick-meta":"","astra-migrate-meta-layouts":"set","ast-page-background-enabled":"default","ast-page-background-meta":{"desktop":{"background-color":"","background-image":"","background-repeat":"repeat","background-position":"center center","background-size":"auto","background-attachment":"scroll","background-type":"","background-media":"","overlay-type":"","overlay-color":"","overlay-opacity":"","overlay-gradient":""},"tablet":{"background-color":"","background-image":"","background-repeat":"repeat","background-position":"center center","background-size":"auto","background-attachment":"scroll","background-type":"","background-media":"","overlay-type":"","overlay-color":"","overlay-opacity":"","overlay-gradient":""},"mobile":{"background-color":"","background-image":"","background-repeat":"repeat","background-position":"center center","background-size":"auto","background-attachment":"scroll","background-type":"","background-media":"","overlay-type":"","overlay-color":"","overlay-opacity":"","overlay-gradient":""}},"ast-content-background-meta":{"desktop":{"background-color":"var(--ast-global-color-4)","background-image":"","background-repeat":"repeat","background-position":"center center","background-size":"auto","background-attachment":"scroll","background-type":"","background-media":"","overlay-type":"","overlay-color":"","overlay-opacity":"","overlay-gradient":""},"tablet":{"background-color":"var(--ast-global-color-4)","background-image":"","background-repeat":"repeat","background-position":"center center","background-size":"auto","background-attachment":"scroll","background-type":"","background-media":"","overlay-type":"","overlay-color":"","overlay-opacity":"","overlay-gradient":""},"mobile":{"background-color":"var(--ast-global-color-4)","background-image":"","background-repeat":"repeat","background-position":"center center","background-size":"auto","background-attachment":"scroll","background-type":"","background-media":"","overlay-type":"","overlay-color":"","overlay-opacity":"","overlay-gradient":""}}},"product_brand":[],"product_cat":[28,331,35],"product_tag":[],"class_list":{"0":"post-15591","1":"product","2":"type-product","3":"status-publish","4":"has-post-thumbnail","6":"product_cat-klasika","7":"product_cat-programine-literatura","8":"product_cat-vaikams-ir-paaugliams","9":"desktop-align-left","10":"tablet-align-left","11":"mobile-align-left","13":"first","14":"instock","15":"shipping-taxable","16":"purchasable","17":"product-type-simple"},"acf":[],"yoast_head":"<!-- This site is optimized with the Yoast SEO plugin v27.0 - https:\/\/yoast.com\/product\/yoast-seo-wordpress\/ -->\n<title>Astrid Lindgren \u201ePadau\u017e\u0173 kaimo vaikai\u201c<\/title>\n<meta name=\"description\" content=\"Padau\u017e\u0173 kaime gyvena \u0161e\u0161i vaikai. Septyneri\u0173 met\u0173 Lisa gyvena Viduriniajame viens\u0117dyje su savo dviem vyresniais padau\u017eomis broliukais Lase ir Bose. Gretimame viens\u0117dyje i\u0161 vienos pus\u0117s gyvena dvi geriausios jos draug\u0117s Brita ir Ana, o i\u0161 kitos - berniukas, vardu Ul\u0117, u\u017e kurio Lisa ketina i\u0161tek\u0117ti, kai u\u017eaugs.  Visi \u0161e\u0161i vaikai kiekvien\u0105 ryt\u0105 kartu eina \u012f mokykl\u0105, padeda t\u0117vams \u016bkyje, \u017eaid\u017eia, kre\u010dia i\u0161daigas ir patiria \u012fvairiausi\u0173 nuotyki\u0173...\" \/>\n<meta name=\"robots\" content=\"index, follow, max-snippet:-1, max-image-preview:large, max-video-preview:-1\" \/>\n<link rel=\"canonical\" href=\"https:\/\/skaitytaknyga.lt\/en\/produktas\/astrid-lindgren-padauzu-kaimo-vaikai\/\" \/>\n<meta property=\"og:locale\" content=\"en_GB\" \/>\n<meta property=\"og:locale:alternate\" content=\"lt_LT\" \/>\n<meta property=\"og:type\" content=\"article\" \/>\n<meta property=\"og:title\" content=\"Astrid Lindgren \u201ePadau\u017e\u0173 kaimo vaikai\u201c\" \/>\n<meta property=\"og:description\" content=\"Padau\u017e\u0173 kaime gyvena \u0161e\u0161i vaikai. Septyneri\u0173 met\u0173 Lisa gyvena Viduriniajame viens\u0117dyje su savo dviem vyresniais padau\u017eomis broliukais Lase ir Bose. Gretimame viens\u0117dyje i\u0161 vienos pus\u0117s gyvena dvi geriausios jos draug\u0117s Brita ir Ana, o i\u0161 kitos - berniukas, vardu Ul\u0117, u\u017e kurio Lisa ketina i\u0161tek\u0117ti, kai u\u017eaugs.  Visi \u0161e\u0161i vaikai kiekvien\u0105 ryt\u0105 kartu eina \u012f mokykl\u0105, padeda t\u0117vams \u016bkyje, \u017eaid\u017eia, kre\u010dia i\u0161daigas ir patiria \u012fvairiausi\u0173 nuotyki\u0173...\" \/>\n<meta property=\"og:url\" content=\"https:\/\/skaitytaknyga.lt\/en\/produktas\/astrid-lindgren-padauzu-kaimo-vaikai\/\" \/>\n<meta property=\"og:site_name\" content=\"Skaitytaknyga\" \/>\n<meta property=\"article:publisher\" content=\"https:\/\/www.facebook.com\/skaitytaknyga\/\" \/>\n<meta property=\"article:modified_time\" content=\"2024-12-19T12:22:03+00:00\" \/>\n<meta property=\"og:image\" content=\"https:\/\/skaitytaknyga.lt\/wp-content\/uploads\/2024\/12\/Astrid-Lindgren-\u201ePadauzu-kaimo-vaikai.webp\" \/>\n\t<meta property=\"og:image:width\" content=\"579\" \/>\n\t<meta property=\"og:image:height\" content=\"800\" \/>\n\t<meta property=\"og:image:type\" content=\"image\/webp\" \/>\n<meta name=\"twitter:card\" content=\"summary_large_image\" \/>\n<meta name=\"twitter:label1\" content=\"Estimated reading time\" \/>\n\t<meta name=\"twitter:data1\" content=\"1 minute\" \/>\n<script type=\"application\/ld+json\" class=\"yoast-schema-graph\">{\"@context\":\"https:\/\/schema.org\",\"@graph\":[{\"@type\":\"WebPage\",\"@id\":\"https:\/\/skaitytaknyga.lt\/produktas\/astrid-lindgren-padauzu-kaimo-vaikai\/\",\"url\":\"https:\/\/skaitytaknyga.lt\/produktas\/astrid-lindgren-padauzu-kaimo-vaikai\/\",\"name\":\"Astrid Lindgren \u201ePadau\u017e\u0173 kaimo vaikai\u201c\",\"isPartOf\":{\"@id\":\"https:\/\/skaitytaknyga.lt\/#website\"},\"primaryImageOfPage\":{\"@id\":\"https:\/\/skaitytaknyga.lt\/produktas\/astrid-lindgren-padauzu-kaimo-vaikai\/#primaryimage\"},\"image\":{\"@id\":\"https:\/\/skaitytaknyga.lt\/produktas\/astrid-lindgren-padauzu-kaimo-vaikai\/#primaryimage\"},\"thumbnailUrl\":\"https:\/\/skaitytaknyga.lt\/wp-content\/uploads\/2024\/12\/Astrid-Lindgren-\u201ePadauzu-kaimo-vaikai.webp\",\"datePublished\":\"2024-12-19T12:20:26+00:00\",\"dateModified\":\"2024-12-19T12:22:03+00:00\",\"description\":\"Padau\u017e\u0173 kaime gyvena \u0161e\u0161i vaikai. Septyneri\u0173 met\u0173 Lisa gyvena Viduriniajame viens\u0117dyje su savo dviem vyresniais padau\u017eomis broliukais Lase ir Bose. Gretimame viens\u0117dyje i\u0161 vienos pus\u0117s gyvena dvi geriausios jos draug\u0117s Brita ir Ana, o i\u0161 kitos - berniukas, vardu Ul\u0117, u\u017e kurio Lisa ketina i\u0161tek\u0117ti, kai u\u017eaugs. Visi \u0161e\u0161i vaikai kiekvien\u0105 ryt\u0105 kartu eina \u012f mokykl\u0105, padeda t\u0117vams \u016bkyje, \u017eaid\u017eia, kre\u010dia i\u0161daigas ir patiria \u012fvairiausi\u0173 nuotyki\u0173...\",\"breadcrumb\":{\"@id\":\"https:\/\/skaitytaknyga.lt\/produktas\/astrid-lindgren-padauzu-kaimo-vaikai\/#breadcrumb\"},\"inLanguage\":\"en-GB\",\"potentialAction\":[{\"@type\":\"ReadAction\",\"target\":[\"https:\/\/skaitytaknyga.lt\/produktas\/astrid-lindgren-padauzu-kaimo-vaikai\/\"]}]},{\"@type\":\"ImageObject\",\"inLanguage\":\"en-GB\",\"@id\":\"https:\/\/skaitytaknyga.lt\/produktas\/astrid-lindgren-padauzu-kaimo-vaikai\/#primaryimage\",\"url\":\"https:\/\/skaitytaknyga.lt\/wp-content\/uploads\/2024\/12\/Astrid-Lindgren-\u201ePadauzu-kaimo-vaikai.webp\",\"contentUrl\":\"https:\/\/skaitytaknyga.lt\/wp-content\/uploads\/2024\/12\/Astrid-Lindgren-\u201ePadauzu-kaimo-vaikai.webp\",\"width\":579,\"height\":800,\"caption\":\"Astrid Lindgren \u201ePadau\u017e\u0173 kaimo vaikai\u201c\"},{\"@type\":\"BreadcrumbList\",\"@id\":\"https:\/\/skaitytaknyga.lt\/produktas\/astrid-lindgren-padauzu-kaimo-vaikai\/#breadcrumb\",\"itemListElement\":[{\"@type\":\"ListItem\",\"position\":1,\"name\":\"Home\",\"item\":\"https:\/\/skaitytaknyga.lt\/\"},{\"@type\":\"ListItem\",\"position\":2,\"name\":\"Parduotuv\u0117\",\"item\":\"https:\/\/skaitytaknyga.lt\/knygu-parduotuve\/\"},{\"@type\":\"ListItem\",\"position\":3,\"name\":\"Astrid Lindgren \u201ePadau\u017e\u0173 kaimo vaikai\u201c\"}]},{\"@type\":\"WebSite\",\"@id\":\"https:\/\/skaitytaknyga.lt\/#website\",\"url\":\"https:\/\/skaitytaknyga.lt\/\",\"name\":\"skaitytaknyga.lt\",\"description\":\"Skaitytaknyga.lt \u2013 tai ma\u017eas \u0161eimos verslas, kuris prasid\u0117jo nuo meil\u0117s knygoms ir siekio i\u0161gelb\u0117ti knygas nuo likimo prie konteinerio. Kas vienam nereikalingas daiktas \u2013 kitam lobis, o mes esame tarpininkai, kurie padeda abiems tapti laimingesniems ???? \u017dinome kaip nelengva i\u0161gyventi ma\u017eiems verslams, tad nuo \u0161iol, \u010dia rasite ir kit\u0173, ma\u017e\u0173 \u0161eim\u0173 versl\u0173, rank\u0173 darbo, dovan\u0173 sau ir artimiesiems.\",\"publisher\":{\"@id\":\"https:\/\/skaitytaknyga.lt\/#organization\"},\"potentialAction\":[{\"@type\":\"SearchAction\",\"target\":{\"@type\":\"EntryPoint\",\"urlTemplate\":\"https:\/\/skaitytaknyga.lt\/?s={search_term_string}\"},\"query-input\":{\"@type\":\"PropertyValueSpecification\",\"valueRequired\":true,\"valueName\":\"search_term_string\"}}],\"inLanguage\":\"en-GB\"},{\"@type\":\"Organization\",\"@id\":\"https:\/\/skaitytaknyga.lt\/#organization\",\"name\":\"skaitytaknyga.lt\",\"url\":\"https:\/\/skaitytaknyga.lt\/\",\"logo\":{\"@type\":\"ImageObject\",\"inLanguage\":\"en-GB\",\"@id\":\"https:\/\/skaitytaknyga.lt\/#\/schema\/logo\/image\/\",\"url\":\"https:\/\/skaitytaknyga.lt\/wp-content\/uploads\/2024\/05\/cropped-cropped-cropped-02_00843_jt3bggkj1j3HLc7SyY6rEUpg.jpeg\",\"contentUrl\":\"https:\/\/skaitytaknyga.lt\/wp-content\/uploads\/2024\/05\/cropped-cropped-cropped-02_00843_jt3bggkj1j3HLc7SyY6rEUpg.jpeg\",\"width\":1600,\"height\":1600,\"caption\":\"skaitytaknyga.lt\"},\"image\":{\"@id\":\"https:\/\/skaitytaknyga.lt\/#\/schema\/logo\/image\/\"},\"sameAs\":[\"https:\/\/www.facebook.com\/skaitytaknyga\/\"]}]}<\/script>\n<!-- \/ Yoast SEO plugin. -->","yoast_head_json":{"title":"Astrid Lindgren \u201ePadau\u017e\u0173 kaimo vaikai\u201c","description":"Padau\u017e\u0173 kaime gyvena \u0161e\u0161i vaikai. Septyneri\u0173 met\u0173 Lisa gyvena Viduriniajame viens\u0117dyje su savo dviem vyresniais padau\u017eomis broliukais Lase ir Bose. Gretimame viens\u0117dyje i\u0161 vienos pus\u0117s gyvena dvi geriausios jos draug\u0117s Brita ir Ana, o i\u0161 kitos - berniukas, vardu Ul\u0117, u\u017e kurio Lisa ketina i\u0161tek\u0117ti, kai u\u017eaugs.  Visi \u0161e\u0161i vaikai kiekvien\u0105 ryt\u0105 kartu eina \u012f mokykl\u0105, padeda t\u0117vams \u016bkyje, \u017eaid\u017eia, kre\u010dia i\u0161daigas ir patiria \u012fvairiausi\u0173 nuotyki\u0173...","robots":{"index":"index","follow":"follow","max-snippet":"max-snippet:-1","max-image-preview":"max-image-preview:large","max-video-preview":"max-video-preview:-1"},"canonical":"https:\/\/skaitytaknyga.lt\/en\/produktas\/astrid-lindgren-padauzu-kaimo-vaikai\/","og_locale":"en_GB","og_type":"article","og_title":"[:lt]Astrid Lindgren \u201ePadau\u017e\u0173 kaimo vaikai\u201c[:] - Skaitytaknyga","og_description":"Padau\u017e\u0173 kaime gyvena \u0161e\u0161i vaikai. Septyneri\u0173 met\u0173 Lisa gyvena Viduriniajame viens\u0117dyje su savo dviem vyresniais padau\u017eomis broliukais Lase ir Bose. Gretimame viens\u0117dyje i\u0161 vienos pus\u0117s gyvena dvi geriausios jos draug\u0117s Brita ir Ana, o i\u0161 kitos - berniukas, vardu Ul\u0117, u\u017e kurio Lisa ketina i\u0161tek\u0117ti, kai u\u017eaugs.  Visi \u0161e\u0161i vaikai kiekvien\u0105 ryt\u0105 kartu eina \u012f mokykl\u0105, padeda t\u0117vams \u016bkyje, \u017eaid\u017eia, kre\u010dia i\u0161daigas ir patiria \u012fvairiausi\u0173 nuotyki\u0173...","og_url":"https:\/\/skaitytaknyga.lt\/en\/produktas\/astrid-lindgren-padauzu-kaimo-vaikai\/","og_site_name":"Skaitytaknyga","article_publisher":"https:\/\/www.facebook.com\/skaitytaknyga\/","article_modified_time":"2024-12-19T12:22:03+00:00","og_image":[{"width":579,"height":800,"url":"https:\/\/skaitytaknyga.lt\/wp-content\/uploads\/2024\/12\/Astrid-Lindgren-\u201ePadauzu-kaimo-vaikai.webp","type":"image\/webp"}],"twitter_card":"summary_large_image","twitter_misc":{"Estimated reading time":"1 minute"},"schema":{"@context":"https:\/\/schema.org","@graph":[{"@type":"WebPage","@id":"https:\/\/skaitytaknyga.lt\/produktas\/astrid-lindgren-padauzu-kaimo-vaikai\/","url":"https:\/\/skaitytaknyga.lt\/produktas\/astrid-lindgren-padauzu-kaimo-vaikai\/","name":"Astrid Lindgren \u201ePadau\u017e\u0173 kaimo vaikai\u201c","isPartOf":{"@id":"https:\/\/skaitytaknyga.lt\/#website"},"primaryImageOfPage":{"@id":"https:\/\/skaitytaknyga.lt\/produktas\/astrid-lindgren-padauzu-kaimo-vaikai\/#primaryimage"},"image":{"@id":"https:\/\/skaitytaknyga.lt\/produktas\/astrid-lindgren-padauzu-kaimo-vaikai\/#primaryimage"},"thumbnailUrl":"https:\/\/skaitytaknyga.lt\/wp-content\/uploads\/2024\/12\/Astrid-Lindgren-\u201ePadauzu-kaimo-vaikai.webp","datePublished":"2024-12-19T12:20:26+00:00","dateModified":"2024-12-19T12:22:03+00:00","description":"Padau\u017e\u0173 kaime gyvena \u0161e\u0161i vaikai. Septyneri\u0173 met\u0173 Lisa gyvena Viduriniajame viens\u0117dyje su savo dviem vyresniais padau\u017eomis broliukais Lase ir Bose. Gretimame viens\u0117dyje i\u0161 vienos pus\u0117s gyvena dvi geriausios jos draug\u0117s Brita ir Ana, o i\u0161 kitos - berniukas, vardu Ul\u0117, u\u017e kurio Lisa ketina i\u0161tek\u0117ti, kai u\u017eaugs. Visi \u0161e\u0161i vaikai kiekvien\u0105 ryt\u0105 kartu eina \u012f mokykl\u0105, padeda t\u0117vams \u016bkyje, \u017eaid\u017eia, kre\u010dia i\u0161daigas ir patiria \u012fvairiausi\u0173 nuotyki\u0173...","breadcrumb":{"@id":"https:\/\/skaitytaknyga.lt\/produktas\/astrid-lindgren-padauzu-kaimo-vaikai\/#breadcrumb"},"inLanguage":"en-GB","potentialAction":[{"@type":"ReadAction","target":["https:\/\/skaitytaknyga.lt\/produktas\/astrid-lindgren-padauzu-kaimo-vaikai\/"]}]},{"@type":"ImageObject","inLanguage":"en-GB","@id":"https:\/\/skaitytaknyga.lt\/produktas\/astrid-lindgren-padauzu-kaimo-vaikai\/#primaryimage","url":"https:\/\/skaitytaknyga.lt\/wp-content\/uploads\/2024\/12\/Astrid-Lindgren-\u201ePadauzu-kaimo-vaikai.webp","contentUrl":"https:\/\/skaitytaknyga.lt\/wp-content\/uploads\/2024\/12\/Astrid-Lindgren-\u201ePadauzu-kaimo-vaikai.webp","width":579,"height":800,"caption":"Astrid Lindgren \u201ePadau\u017e\u0173 kaimo vaikai\u201c"},{"@type":"BreadcrumbList","@id":"https:\/\/skaitytaknyga.lt\/produktas\/astrid-lindgren-padauzu-kaimo-vaikai\/#breadcrumb","itemListElement":[{"@type":"ListItem","position":1,"name":"Home","item":"https:\/\/skaitytaknyga.lt\/"},{"@type":"ListItem","position":2,"name":"Parduotuv\u0117","item":"https:\/\/skaitytaknyga.lt\/knygu-parduotuve\/"},{"@type":"ListItem","position":3,"name":"Astrid Lindgren \u201ePadau\u017e\u0173 kaimo vaikai\u201c"}]},{"@type":"WebSite","@id":"https:\/\/skaitytaknyga.lt\/#website","url":"https:\/\/skaitytaknyga.lt\/","name":"skaitytaknyga.lt","description":"Skaitytaknyga.lt \u2013 tai ma\u017eas \u0161eimos verslas, kuris prasid\u0117jo nuo meil\u0117s knygoms ir siekio i\u0161gelb\u0117ti knygas nuo likimo prie konteinerio. Kas vienam nereikalingas daiktas \u2013 kitam lobis, o mes esame tarpininkai, kurie padeda abiems tapti laimingesniems ???? \u017dinome kaip nelengva i\u0161gyventi ma\u017eiems verslams, tad nuo \u0161iol, \u010dia rasite ir kit\u0173, ma\u017e\u0173 \u0161eim\u0173 versl\u0173, rank\u0173 darbo, dovan\u0173 sau ir artimiesiems.","publisher":{"@id":"https:\/\/skaitytaknyga.lt\/#organization"},"potentialAction":[{"@type":"SearchAction","target":{"@type":"EntryPoint","urlTemplate":"https:\/\/skaitytaknyga.lt\/?s={search_term_string}"},"query-input":{"@type":"PropertyValueSpecification","valueRequired":true,"valueName":"search_term_string"}}],"inLanguage":"en-GB"},{"@type":"Organization","@id":"https:\/\/skaitytaknyga.lt\/#organization","name":"skaitytaknyga.lt","url":"https:\/\/skaitytaknyga.lt\/","logo":{"@type":"ImageObject","inLanguage":"en-GB","@id":"https:\/\/skaitytaknyga.lt\/#\/schema\/logo\/image\/","url":"https:\/\/skaitytaknyga.lt\/wp-content\/uploads\/2024\/05\/cropped-cropped-cropped-02_00843_jt3bggkj1j3HLc7SyY6rEUpg.jpeg","contentUrl":"https:\/\/skaitytaknyga.lt\/wp-content\/uploads\/2024\/05\/cropped-cropped-cropped-02_00843_jt3bggkj1j3HLc7SyY6rEUpg.jpeg","width":1600,"height":1600,"caption":"skaitytaknyga.lt"},"image":{"@id":"https:\/\/skaitytaknyga.lt\/#\/schema\/logo\/image\/"},"sameAs":["https:\/\/www.facebook.com\/skaitytaknyga\/"]}]}},"_links":{"self":[{"href":"https:\/\/skaitytaknyga.lt\/en\/wp-json\/wp\/v2\/product\/15591","targetHints":{"allow":["GET"]}}],"collection":[{"href":"https:\/\/skaitytaknyga.lt\/en\/wp-json\/wp\/v2\/product"}],"about":[{"href":"https:\/\/skaitytaknyga.lt\/en\/wp-json\/wp\/v2\/types\/product"}],"replies":[{"embeddable":true,"href":"https:\/\/skaitytaknyga.lt\/en\/wp-json\/wp\/v2\/comments?post=15591"}],"wp:featuredmedia":[{"embeddable":true,"href":"https:\/\/skaitytaknyga.lt\/en\/wp-json\/wp\/v2\/media\/15592"}],"wp:attachment":[{"href":"https:\/\/skaitytaknyga.lt\/en\/wp-json\/wp\/v2\/media?parent=15591"}],"wp:term":[{"taxonomy":"product_brand","embeddable":true,"href":"https:\/\/skaitytaknyga.lt\/en\/wp-json\/wp\/v2\/product_brand?post=15591"},{"taxonomy":"product_cat","embeddable":true,"href":"https:\/\/skaitytaknyga.lt\/en\/wp-json\/wp\/v2\/product_cat?post=15591"},{"taxonomy":"product_tag","embeddable":true,"href":"https:\/\/skaitytaknyga.lt\/en\/wp-json\/wp\/v2\/product_tag?post=15591"}],"curies":[{"name":"wp","href":"https:\/\/api.w.org\/{rel}","templated":true}]}}