{"id":15590,"date":"2024-12-19T14:16:59","date_gmt":"2024-12-19T12:16:59","guid":{"rendered":"https:\/\/skaitytaknyga.lt\/?post_type=product&#038;p=15590"},"modified":"2025-06-11T13:30:43","modified_gmt":"2025-06-11T10:30:43","slug":"raudona-uzrasu-knygele","status":"publish","type":"product","link":"https:\/\/skaitytaknyga.lt\/en\/produktas\/raudona-uzrasu-knygele\/","title":{"rendered":"Raudona u\u017era\u0161\u0173 knygel\u0117"},"content":{"rendered":"<p>Gyvenimas \u2013 tai virtin\u0117 susitikim\u0173. Kiekvienas j\u0173 unikalus kaip atskiras perlas v\u0117rinyje. Mes susitinkame ir \u012fsimylime, i\u0161siskiriame ir susitaikome, dalijam\u0117s d\u017eiaugsmu ir skausmu, o kartais m\u016bs\u0173 \u0161irdys d\u016b\u017eta \u012f \u0161ipulius.<\/p>\n<p>Ta\u010diau k\u0105 verta pasilikti i\u0161 neap\u010diuopiamai lakaus nugyvent\u0173 met\u0173 sm\u0117lio? \u0160ito sav\u0119s klausia senoji Dor\u0117, rymodama viena savo bute Stokholme. Atsakymas slypi ypatingoje u\u017era\u0161\u0173 knygel\u0117je, kuri\u0105 t\u0117vas jai padovanojo per de\u0161imt\u0105j\u012f gimtadien\u012f. Pageltusiuose puslapiuose Dor\u0117 suguld\u0117 visus ilgo ir audringo gyvenimo vardus: Madam Serafin, dailininkas Gesta, naivioji sesut\u0117 Agnes\u0117, Alanas. Gimin\u0117s, prie\u0161ai, meilu\u017eiai \u2013 kiekvienas u\u017eima ypating\u0105 viet\u0105 Dor\u0117s atmintyje, ta\u010diau dauguma vard\u0173 i\u0161braukti, nes beveik visi jau palik\u0119 \u0161\u012f pasaul\u012f. Tod\u0117l vien\u0105 dien\u0105 Dor\u0117 ima ra\u0161yti savo gyvenimo istorij\u0105. Kad supint\u0173 likimo pyn\u0119, kurioje dar liko netik\u0117t\u0173 pos\u016bki\u0173. Kad su kitais pasidalyt\u0173 brangiausiu turtu \u2013 prisiminimais. Ir kad v\u0117l atrast\u0173 prasm\u0119 kelion\u0117s, kurios pagrindinis tikslas \u2013 meil\u0117.<\/p>\n<ul class=\"about-product d-none d-xl-block mt-4\">\n<li><strong>Originalus pavadinimas:<\/strong>\u00a0Den r\u00f6da adressboken<\/li>\n<li><strong>Autorius:<\/strong>\u00a0Sofia Lundberg<\/li>\n<li><strong>Leid\u0117jas:<\/strong>\u00a0Baltos lankos<\/li>\n<li><strong>Metai:<\/strong>\u00a02018<\/li>\n<li><strong>Puslapiai:<\/strong>\u00a0304<\/li>\n<li class=\"toggleable type-new-formats \"><strong>ISBN:<\/strong>\u00a09786094791086<\/li>\n<li><strong>Versijos kodas:<\/strong>\u00a0PT.<\/li>\n<li class=\"toggleable type-new-formats \"><strong>Formatas:<\/strong>\u00a014,5 x 21 x 2,6 cm, kieti vir\u0161eliai<\/li>\n<li><strong>Kalba:<\/strong>\u00a0Lietuvi\u0173<\/li>\n<li><strong>Vert\u0117jas:<\/strong>\u00a0Agn\u0117 Kudirkait\u0117-Ydrauw<\/li>\n<\/ul>\n","protected":false},"excerpt":{"rendered":"<p>Gyvenimas \u2013 tai virtin\u0117 susitikim\u0173. Kiekvienas j\u0173 unikalus kaip atskiras perlas v\u0117rinyje. Mes susitinkame ir \u012fsimylime, i\u0161siskiriame ir susitaikome, dalijam\u0117s d\u017eiaugsmu ir skausmu, o kartais m\u016bs\u0173 \u0161irdys d\u016b\u017eta \u012f \u0161ipulius. Ta\u010diau k\u0105 verta pasilikti i\u0161 neap\u010diuopiamai lakaus nugyvent\u0173 met\u0173 sm\u0117lio? \u0160ito sav\u0119s klausia senoji Dor\u0117, rymodama viena savo bute Stokholme. Atsakymas slypi ypatingoje u\u017era\u0161\u0173 knygel\u0117je, kuri\u0105 t\u0117vas jai padovanojo per de\u0161imt\u0105j\u012f gimtadien\u012f. Pageltusiuose puslapiuose Dor\u0117 suguld\u0117 visus ilgo ir audringo gyvenimo vardus: Madam Serafin, dailininkas Gesta, naivioji sesut\u0117 Agnes\u0117, Alanas. Gimin\u0117s, prie\u0161ai, meilu\u017eiai \u2013 kiekvienas u\u017eima ypating\u0105 viet\u0105 Dor\u0117s atmintyje, ta\u010diau dauguma vard\u0173 i\u0161braukti, nes beveik visi jau palik\u0119 \u0161\u012f pasaul\u012f. Tod\u0117l vien\u0105 dien\u0105 Dor\u0117 ima ra\u0161yti savo gyvenimo istorij\u0105. Kad supint\u0173 likimo pyn\u0119, kurioje dar liko netik\u0117t\u0173 pos\u016bki\u0173. Kad su kitais pasidalyt\u0173 brangiausiu turtu \u2013 prisiminimais. Ir kad v\u0117l atrast\u0173 prasm\u0119 kelion\u0117s, kurios pagrindinis tikslas \u2013 meil\u0117. Originalus pavadinimas:\u00a0Den r\u00f6da adressboken Autorius:\u00a0Sofia Lundberg Leid\u0117jas:\u00a0Baltos lankos Metai:\u00a02018 Puslapiai:\u00a0304 ISBN:\u00a09786094791086 Versijos kodas:\u00a0PT. Formatas:\u00a014,5 x 21 x 2,6 cm, kieti vir\u0161eliai Kalba:\u00a0Lietuvi\u0173 Vert\u0117jas:\u00a0Agn\u0117 Kudirkait\u0117-Ydrauw<\/p>\n","protected":false},"featured_media":15744,"comment_status":"open","ping_status":"closed","template":"","meta":{"_acf_changed":false,"site-sidebar-layout":"default","site-content-layout":"","ast-site-content-layout":"default","site-content-style":"default","site-sidebar-style":"default","ast-global-header-display":"","ast-banner-title-visibility":"","ast-main-header-display":"","ast-hfb-above-header-display":"","ast-hfb-below-header-display":"","ast-hfb-mobile-header-display":"","site-post-title":"","ast-breadcrumbs-content":"","ast-featured-img":"","footer-sml-layout":"","ast-disable-related-posts":"","theme-transparent-header-meta":"default","adv-header-id-meta":"","stick-header-meta":"","header-above-stick-meta":"","header-main-stick-meta":"","header-below-stick-meta":"","astra-migrate-meta-layouts":"set","ast-page-background-enabled":"default","ast-page-background-meta":{"desktop":{"background-color":"","background-image":"","background-repeat":"repeat","background-position":"center center","background-size":"auto","background-attachment":"scroll","background-type":"","background-media":"","overlay-type":"","overlay-color":"","overlay-opacity":"","overlay-gradient":""},"tablet":{"background-color":"","background-image":"","background-repeat":"repeat","background-position":"center center","background-size":"auto","background-attachment":"scroll","background-type":"","background-media":"","overlay-type":"","overlay-color":"","overlay-opacity":"","overlay-gradient":""},"mobile":{"background-color":"","background-image":"","background-repeat":"repeat","background-position":"center center","background-size":"auto","background-attachment":"scroll","background-type":"","background-media":"","overlay-type":"","overlay-color":"","overlay-opacity":"","overlay-gradient":""}},"ast-content-background-meta":{"desktop":{"background-color":"var(--ast-global-color-4)","background-image":"","background-repeat":"repeat","background-position":"center center","background-size":"auto","background-attachment":"scroll","background-type":"","background-media":"","overlay-type":"","overlay-color":"","overlay-opacity":"","overlay-gradient":""},"tablet":{"background-color":"var(--ast-global-color-4)","background-image":"","background-repeat":"repeat","background-position":"center center","background-size":"auto","background-attachment":"scroll","background-type":"","background-media":"","overlay-type":"","overlay-color":"","overlay-opacity":"","overlay-gradient":""},"mobile":{"background-color":"var(--ast-global-color-4)","background-image":"","background-repeat":"repeat","background-position":"center center","background-size":"auto","background-attachment":"scroll","background-type":"","background-media":"","overlay-type":"","overlay-color":"","overlay-opacity":"","overlay-gradient":""}}},"product_brand":[],"product_cat":[31,15],"product_tag":[5045,3779,1796,4148,5044,2439,1745,5043,2942],"class_list":{"0":"post-15590","1":"product","2":"type-product","3":"status-publish","4":"has-post-thumbnail","6":"product_cat-grozine-literatura","7":"product_cat-uncategorized","8":"product_tag-emocinis-romanas","9":"product_tag-gyvenimo-istorija","10":"product_tag-meile","11":"product_tag-moters-likimas","12":"product_tag-pasakojimas-apie-senatve","13":"product_tag-prisiminimai","14":"product_tag-romanas","15":"product_tag-sofia-lundberg","16":"product_tag-svedu-literatura","17":"desktop-align-left","18":"tablet-align-left","19":"mobile-align-left","21":"first","22":"instock","23":"shipping-taxable","24":"purchasable","25":"product-type-simple"},"acf":[],"yoast_head":"<!-- This site is optimized with the Yoast SEO plugin v27.0 - https:\/\/yoast.com\/product\/yoast-seo-wordpress\/ -->\n<title>Raudona u\u017era\u0161\u0173 knygel\u0117<\/title>\n<meta name=\"description\" content=\"Gyvenimas \u2013 tai virtin\u0117 susitikim\u0173. Kiekvienas j\u0173 unikalus kaip atskiras perlas v\u0117rinyje. Mes susitinkame ir \u012fsimylime, i\u0161siskiriame ir susitaikome,\" \/>\n<meta name=\"robots\" content=\"index, follow, max-snippet:-1, max-image-preview:large, max-video-preview:-1\" \/>\n<link rel=\"canonical\" href=\"https:\/\/skaitytaknyga.lt\/en\/produktas\/raudona-uzrasu-knygele\/\" \/>\n<meta property=\"og:locale\" content=\"en_GB\" \/>\n<meta property=\"og:locale:alternate\" content=\"lt_LT\" \/>\n<meta property=\"og:type\" content=\"article\" \/>\n<meta property=\"og:title\" content=\"Raudona u\u017era\u0161\u0173 knygel\u0117\" \/>\n<meta property=\"og:description\" content=\"Gyvenimas \u2013 tai virtin\u0117 susitikim\u0173. Kiekvienas j\u0173 unikalus kaip atskiras perlas v\u0117rinyje. Mes susitinkame ir \u012fsimylime, i\u0161siskiriame ir susitaikome,\" \/>\n<meta property=\"og:url\" content=\"https:\/\/skaitytaknyga.lt\/en\/produktas\/raudona-uzrasu-knygele\/\" \/>\n<meta property=\"og:site_name\" content=\"Skaitytaknyga\" \/>\n<meta property=\"article:publisher\" content=\"https:\/\/www.facebook.com\/skaitytaknyga\/\" \/>\n<meta property=\"article:modified_time\" content=\"2025-06-11T10:30:43+00:00\" \/>\n<meta property=\"og:image\" content=\"https:\/\/skaitytaknyga.lt\/wp-content\/uploads\/2024\/12\/RAUDONA-UZRASU-KNYGELE.webp\" \/>\n\t<meta property=\"og:image:width\" content=\"450\" \/>\n\t<meta property=\"og:image:height\" content=\"652\" \/>\n\t<meta property=\"og:image:type\" content=\"image\/webp\" \/>\n<meta name=\"twitter:card\" content=\"summary_large_image\" \/>\n<meta name=\"twitter:label1\" content=\"Estimated reading time\" \/>\n\t<meta name=\"twitter:data1\" content=\"2 minutes\" \/>\n<script type=\"application\/ld+json\" class=\"yoast-schema-graph\">{\"@context\":\"https:\/\/schema.org\",\"@graph\":[{\"@type\":\"WebPage\",\"@id\":\"https:\/\/skaitytaknyga.lt\/produktas\/raudona-uzrasu-knygele\/\",\"url\":\"https:\/\/skaitytaknyga.lt\/produktas\/raudona-uzrasu-knygele\/\",\"name\":\"Raudona u\u017era\u0161\u0173 knygel\u0117\",\"isPartOf\":{\"@id\":\"https:\/\/skaitytaknyga.lt\/#website\"},\"primaryImageOfPage\":{\"@id\":\"https:\/\/skaitytaknyga.lt\/produktas\/raudona-uzrasu-knygele\/#primaryimage\"},\"image\":{\"@id\":\"https:\/\/skaitytaknyga.lt\/produktas\/raudona-uzrasu-knygele\/#primaryimage\"},\"thumbnailUrl\":\"https:\/\/skaitytaknyga.lt\/wp-content\/uploads\/2024\/12\/RAUDONA-UZRASU-KNYGELE.webp\",\"datePublished\":\"2024-12-19T12:16:59+00:00\",\"dateModified\":\"2025-06-11T10:30:43+00:00\",\"description\":\"Gyvenimas \u2013 tai virtin\u0117 susitikim\u0173. Kiekvienas j\u0173 unikalus kaip atskiras perlas v\u0117rinyje. Mes susitinkame ir \u012fsimylime, i\u0161siskiriame ir susitaikome,\",\"breadcrumb\":{\"@id\":\"https:\/\/skaitytaknyga.lt\/produktas\/raudona-uzrasu-knygele\/#breadcrumb\"},\"inLanguage\":\"en-GB\",\"potentialAction\":[{\"@type\":\"ReadAction\",\"target\":[\"https:\/\/skaitytaknyga.lt\/produktas\/raudona-uzrasu-knygele\/\"]}]},{\"@type\":\"ImageObject\",\"inLanguage\":\"en-GB\",\"@id\":\"https:\/\/skaitytaknyga.lt\/produktas\/raudona-uzrasu-knygele\/#primaryimage\",\"url\":\"https:\/\/skaitytaknyga.lt\/wp-content\/uploads\/2024\/12\/RAUDONA-UZRASU-KNYGELE.webp\",\"contentUrl\":\"https:\/\/skaitytaknyga.lt\/wp-content\/uploads\/2024\/12\/RAUDONA-UZRASU-KNYGELE.webp\",\"width\":450,\"height\":652,\"caption\":\"Raudona u\u017era\u0161\u0173 knygel\u0117\"},{\"@type\":\"BreadcrumbList\",\"@id\":\"https:\/\/skaitytaknyga.lt\/produktas\/raudona-uzrasu-knygele\/#breadcrumb\",\"itemListElement\":[{\"@type\":\"ListItem\",\"position\":1,\"name\":\"Home\",\"item\":\"https:\/\/skaitytaknyga.lt\/\"},{\"@type\":\"ListItem\",\"position\":2,\"name\":\"Parduotuv\u0117\",\"item\":\"https:\/\/skaitytaknyga.lt\/knygu-parduotuve\/\"},{\"@type\":\"ListItem\",\"position\":3,\"name\":\"Raudona u\u017era\u0161\u0173 knygel\u0117\"}]},{\"@type\":\"WebSite\",\"@id\":\"https:\/\/skaitytaknyga.lt\/#website\",\"url\":\"https:\/\/skaitytaknyga.lt\/\",\"name\":\"skaitytaknyga.lt\",\"description\":\"Skaitytaknyga.lt \u2013 tai ma\u017eas \u0161eimos verslas, kuris prasid\u0117jo nuo meil\u0117s knygoms ir siekio i\u0161gelb\u0117ti knygas nuo likimo prie konteinerio. Kas vienam nereikalingas daiktas \u2013 kitam lobis, o mes esame tarpininkai, kurie padeda abiems tapti laimingesniems ???? \u017dinome kaip nelengva i\u0161gyventi ma\u017eiems verslams, tad nuo \u0161iol, \u010dia rasite ir kit\u0173, ma\u017e\u0173 \u0161eim\u0173 versl\u0173, rank\u0173 darbo, dovan\u0173 sau ir artimiesiems.\",\"publisher\":{\"@id\":\"https:\/\/skaitytaknyga.lt\/#organization\"},\"potentialAction\":[{\"@type\":\"SearchAction\",\"target\":{\"@type\":\"EntryPoint\",\"urlTemplate\":\"https:\/\/skaitytaknyga.lt\/?s={search_term_string}\"},\"query-input\":{\"@type\":\"PropertyValueSpecification\",\"valueRequired\":true,\"valueName\":\"search_term_string\"}}],\"inLanguage\":\"en-GB\"},{\"@type\":\"Organization\",\"@id\":\"https:\/\/skaitytaknyga.lt\/#organization\",\"name\":\"skaitytaknyga.lt\",\"url\":\"https:\/\/skaitytaknyga.lt\/\",\"logo\":{\"@type\":\"ImageObject\",\"inLanguage\":\"en-GB\",\"@id\":\"https:\/\/skaitytaknyga.lt\/#\/schema\/logo\/image\/\",\"url\":\"https:\/\/skaitytaknyga.lt\/wp-content\/uploads\/2024\/05\/cropped-cropped-cropped-02_00843_jt3bggkj1j3HLc7SyY6rEUpg.jpeg\",\"contentUrl\":\"https:\/\/skaitytaknyga.lt\/wp-content\/uploads\/2024\/05\/cropped-cropped-cropped-02_00843_jt3bggkj1j3HLc7SyY6rEUpg.jpeg\",\"width\":1600,\"height\":1600,\"caption\":\"skaitytaknyga.lt\"},\"image\":{\"@id\":\"https:\/\/skaitytaknyga.lt\/#\/schema\/logo\/image\/\"},\"sameAs\":[\"https:\/\/www.facebook.com\/skaitytaknyga\/\"]}]}<\/script>\n<!-- \/ Yoast SEO plugin. -->","yoast_head_json":{"title":"Raudona u\u017era\u0161\u0173 knygel\u0117","description":"Gyvenimas \u2013 tai virtin\u0117 susitikim\u0173. Kiekvienas j\u0173 unikalus kaip atskiras perlas v\u0117rinyje. Mes susitinkame ir \u012fsimylime, i\u0161siskiriame ir susitaikome,","robots":{"index":"index","follow":"follow","max-snippet":"max-snippet:-1","max-image-preview":"max-image-preview:large","max-video-preview":"max-video-preview:-1"},"canonical":"https:\/\/skaitytaknyga.lt\/en\/produktas\/raudona-uzrasu-knygele\/","og_locale":"en_GB","og_type":"article","og_title":"[:lt]Raudona u\u017era\u0161\u0173 knygel\u0117[:] - Skaitytaknyga","og_description":"Gyvenimas \u2013 tai virtin\u0117 susitikim\u0173. Kiekvienas j\u0173 unikalus kaip atskiras perlas v\u0117rinyje. Mes susitinkame ir \u012fsimylime, i\u0161siskiriame ir susitaikome,","og_url":"https:\/\/skaitytaknyga.lt\/en\/produktas\/raudona-uzrasu-knygele\/","og_site_name":"Skaitytaknyga","article_publisher":"https:\/\/www.facebook.com\/skaitytaknyga\/","article_modified_time":"2025-06-11T10:30:43+00:00","og_image":[{"width":450,"height":652,"url":"https:\/\/skaitytaknyga.lt\/wp-content\/uploads\/2024\/12\/RAUDONA-UZRASU-KNYGELE.webp","type":"image\/webp"}],"twitter_card":"summary_large_image","twitter_misc":{"Estimated reading time":"2 minutes"},"schema":{"@context":"https:\/\/schema.org","@graph":[{"@type":"WebPage","@id":"https:\/\/skaitytaknyga.lt\/produktas\/raudona-uzrasu-knygele\/","url":"https:\/\/skaitytaknyga.lt\/produktas\/raudona-uzrasu-knygele\/","name":"Raudona u\u017era\u0161\u0173 knygel\u0117","isPartOf":{"@id":"https:\/\/skaitytaknyga.lt\/#website"},"primaryImageOfPage":{"@id":"https:\/\/skaitytaknyga.lt\/produktas\/raudona-uzrasu-knygele\/#primaryimage"},"image":{"@id":"https:\/\/skaitytaknyga.lt\/produktas\/raudona-uzrasu-knygele\/#primaryimage"},"thumbnailUrl":"https:\/\/skaitytaknyga.lt\/wp-content\/uploads\/2024\/12\/RAUDONA-UZRASU-KNYGELE.webp","datePublished":"2024-12-19T12:16:59+00:00","dateModified":"2025-06-11T10:30:43+00:00","description":"Gyvenimas \u2013 tai virtin\u0117 susitikim\u0173. Kiekvienas j\u0173 unikalus kaip atskiras perlas v\u0117rinyje. Mes susitinkame ir \u012fsimylime, i\u0161siskiriame ir susitaikome,","breadcrumb":{"@id":"https:\/\/skaitytaknyga.lt\/produktas\/raudona-uzrasu-knygele\/#breadcrumb"},"inLanguage":"en-GB","potentialAction":[{"@type":"ReadAction","target":["https:\/\/skaitytaknyga.lt\/produktas\/raudona-uzrasu-knygele\/"]}]},{"@type":"ImageObject","inLanguage":"en-GB","@id":"https:\/\/skaitytaknyga.lt\/produktas\/raudona-uzrasu-knygele\/#primaryimage","url":"https:\/\/skaitytaknyga.lt\/wp-content\/uploads\/2024\/12\/RAUDONA-UZRASU-KNYGELE.webp","contentUrl":"https:\/\/skaitytaknyga.lt\/wp-content\/uploads\/2024\/12\/RAUDONA-UZRASU-KNYGELE.webp","width":450,"height":652,"caption":"Raudona u\u017era\u0161\u0173 knygel\u0117"},{"@type":"BreadcrumbList","@id":"https:\/\/skaitytaknyga.lt\/produktas\/raudona-uzrasu-knygele\/#breadcrumb","itemListElement":[{"@type":"ListItem","position":1,"name":"Home","item":"https:\/\/skaitytaknyga.lt\/"},{"@type":"ListItem","position":2,"name":"Parduotuv\u0117","item":"https:\/\/skaitytaknyga.lt\/knygu-parduotuve\/"},{"@type":"ListItem","position":3,"name":"Raudona u\u017era\u0161\u0173 knygel\u0117"}]},{"@type":"WebSite","@id":"https:\/\/skaitytaknyga.lt\/#website","url":"https:\/\/skaitytaknyga.lt\/","name":"skaitytaknyga.lt","description":"Skaitytaknyga.lt \u2013 tai ma\u017eas \u0161eimos verslas, kuris prasid\u0117jo nuo meil\u0117s knygoms ir siekio i\u0161gelb\u0117ti knygas nuo likimo prie konteinerio. Kas vienam nereikalingas daiktas \u2013 kitam lobis, o mes esame tarpininkai, kurie padeda abiems tapti laimingesniems ???? \u017dinome kaip nelengva i\u0161gyventi ma\u017eiems verslams, tad nuo \u0161iol, \u010dia rasite ir kit\u0173, ma\u017e\u0173 \u0161eim\u0173 versl\u0173, rank\u0173 darbo, dovan\u0173 sau ir artimiesiems.","publisher":{"@id":"https:\/\/skaitytaknyga.lt\/#organization"},"potentialAction":[{"@type":"SearchAction","target":{"@type":"EntryPoint","urlTemplate":"https:\/\/skaitytaknyga.lt\/?s={search_term_string}"},"query-input":{"@type":"PropertyValueSpecification","valueRequired":true,"valueName":"search_term_string"}}],"inLanguage":"en-GB"},{"@type":"Organization","@id":"https:\/\/skaitytaknyga.lt\/#organization","name":"skaitytaknyga.lt","url":"https:\/\/skaitytaknyga.lt\/","logo":{"@type":"ImageObject","inLanguage":"en-GB","@id":"https:\/\/skaitytaknyga.lt\/#\/schema\/logo\/image\/","url":"https:\/\/skaitytaknyga.lt\/wp-content\/uploads\/2024\/05\/cropped-cropped-cropped-02_00843_jt3bggkj1j3HLc7SyY6rEUpg.jpeg","contentUrl":"https:\/\/skaitytaknyga.lt\/wp-content\/uploads\/2024\/05\/cropped-cropped-cropped-02_00843_jt3bggkj1j3HLc7SyY6rEUpg.jpeg","width":1600,"height":1600,"caption":"skaitytaknyga.lt"},"image":{"@id":"https:\/\/skaitytaknyga.lt\/#\/schema\/logo\/image\/"},"sameAs":["https:\/\/www.facebook.com\/skaitytaknyga\/"]}]}},"_links":{"self":[{"href":"https:\/\/skaitytaknyga.lt\/en\/wp-json\/wp\/v2\/product\/15590","targetHints":{"allow":["GET"]}}],"collection":[{"href":"https:\/\/skaitytaknyga.lt\/en\/wp-json\/wp\/v2\/product"}],"about":[{"href":"https:\/\/skaitytaknyga.lt\/en\/wp-json\/wp\/v2\/types\/product"}],"replies":[{"embeddable":true,"href":"https:\/\/skaitytaknyga.lt\/en\/wp-json\/wp\/v2\/comments?post=15590"}],"wp:featuredmedia":[{"embeddable":true,"href":"https:\/\/skaitytaknyga.lt\/en\/wp-json\/wp\/v2\/media\/15744"}],"wp:attachment":[{"href":"https:\/\/skaitytaknyga.lt\/en\/wp-json\/wp\/v2\/media?parent=15590"}],"wp:term":[{"taxonomy":"product_brand","embeddable":true,"href":"https:\/\/skaitytaknyga.lt\/en\/wp-json\/wp\/v2\/product_brand?post=15590"},{"taxonomy":"product_cat","embeddable":true,"href":"https:\/\/skaitytaknyga.lt\/en\/wp-json\/wp\/v2\/product_cat?post=15590"},{"taxonomy":"product_tag","embeddable":true,"href":"https:\/\/skaitytaknyga.lt\/en\/wp-json\/wp\/v2\/product_tag?post=15590"}],"curies":[{"name":"wp","href":"https:\/\/api.w.org\/{rel}","templated":true}]}}