{"id":15584,"date":"2024-12-19T14:16:59","date_gmt":"2024-12-19T12:16:59","guid":{"rendered":"https:\/\/skaitytaknyga.lt\/?post_type=product&#038;p=15584"},"modified":"2024-12-23T08:35:12","modified_gmt":"2024-12-23T06:35:12","slug":"gelbekit-mus-puola-vilkolakis","status":"publish","type":"product","link":"https:\/\/skaitytaknyga.lt\/en\/produktas\/gelbekit-mus-puola-vilkolakis\/","title":{"rendered":"Gelb\u0117kit, mus puola vilkolakis"},"content":{"rendered":"<p>Autor\u0117 Pamela Butchart baig\u0117 filosofijos ir pedagogikos studijas. Kurti vaikams \u0117m\u0117 2014 metais. Ra\u0161ytojos galvoje nuolat kirba daug linksm\u0173 ir \u012fdomi\u0173 min\u010di\u0173, jos sugula \u012f istorijas vaikams. Jau i\u0161leista daugiau nei \u0161e\u0161iolika \u0161ios autor\u0117s knyg\u0173. Kelios j\u0173, priklausan\u010dios serijai apie mokyklos detektyvus, peln\u0117 \u201eBlue Peter Best Story&#8221; ir \u201eFCBG Children&#8217;s Book&#8221; apdovanojimus. \u0160iuo metu P. Butchart kuria naujas istorijas legendin\u0117s vaik\u0173 ra\u0161ytojos Enid Blyton \u201ePaslaptingojo septyneto&#8221; serijai.<\/p>\n<p>\u201eMokyklos detektyvai&#8221; \u2013 Pamelos Butchart knyg\u0173 serija vaikams apie linksmus, i\u0161radingus, \u0161maik\u0161\u010dius ketvirtaklasius. Iza ir jos draugai Zakas, D\u017eud\u0117 ir Meis\u0117 nuolat \u012fsivelia \u012f \u012fvairias istorijas.<\/p>\n<p>Knygoje \u201eGelb\u0117kit, mus puola vilkolakis&#8221; detektyv\u0173 ketvertukas i\u0161vyksta i\u0161kylauti. Bet negi detektyvai ramiai nus\u0117d\u0117s, kai aplinkui vyksta tokie keisti dalykai: pradingsta de\u0161rel\u0117s, ka\u017ekas kaukia naktimis, o dar naujoji mokytoja M\u0117nul\u0117 kasdien tampa vis&#8230; plaukuotesn\u0117!<\/p>\n<p>N\u0117ra joki\u0173 abejoni\u0173 \u2013 mokyklos stovykloje gyvena VILKOLAK\u0116! Reikia paskub\u0117ti, kol ji nieko neu\u017epuol\u0117!<\/p>\n<ul class=\"about-product d-none d-xl-block mt-4\">\n<li><strong>Originalus pavadinimas:<\/strong>\u00a0There&#8217;s Werewolf in My Tent!<\/li>\n<li><strong>Autorius:<\/strong>\u00a0Pamela Butchart<\/li>\n<li><strong>Leid\u0117jas:<\/strong>\u00a0Debes\u0173 ganyklos<\/li>\n<li><strong>Metai:<\/strong>\u00a02020<\/li>\n<li><strong>Puslapiai:<\/strong>\u00a0288<\/li>\n<li class=\"toggleable type-new-formats \"><strong>ISBN:<\/strong>\u00a09786094731648<\/li>\n<li><strong>Versijos kodas:<\/strong>\u00a0PT.<\/li>\n<li class=\"toggleable type-new-formats \"><strong>Formatas:<\/strong>\u00a014,9 x 21,1 x 2 cm, kieti vir\u0161eliai<\/li>\n<li><strong>Kalba:<\/strong>\u00a0Lietuvi\u0173<\/li>\n<li><strong>Vert\u0117jas:<\/strong>\u00a0Viktorija Uz\u0117lait\u0117<\/li>\n<li><strong>Knyg\u0173 serija:<\/strong>\u00a0Mokyklos detektyvai<\/li>\n<\/ul>\n","protected":false},"excerpt":{"rendered":"<p>Autor\u0117 Pamela Butchart baig\u0117 filosofijos ir pedagogikos studijas. Kurti vaikams \u0117m\u0117 2014 metais. Ra\u0161ytojos galvoje nuolat kirba daug linksm\u0173 ir \u012fdomi\u0173 min\u010di\u0173, jos sugula \u012f istorijas vaikams. Jau i\u0161leista daugiau nei \u0161e\u0161iolika \u0161ios autor\u0117s knyg\u0173. Kelios j\u0173, priklausan\u010dios serijai apie mokyklos detektyvus, peln\u0117 \u201eBlue Peter Best Story&#8221; ir \u201eFCBG Children&#8217;s Book&#8221; apdovanojimus. \u0160iuo metu P. Butchart kuria naujas istorijas legendin\u0117s vaik\u0173 ra\u0161ytojos Enid Blyton \u201ePaslaptingojo septyneto&#8221; serijai. \u201eMokyklos detektyvai&#8221; \u2013 Pamelos Butchart knyg\u0173 serija vaikams apie linksmus, i\u0161radingus, \u0161maik\u0161\u010dius ketvirtaklasius. Iza ir jos draugai Zakas, D\u017eud\u0117 ir Meis\u0117 nuolat \u012fsivelia \u012f \u012fvairias istorijas. Knygoje \u201eGelb\u0117kit, mus puola vilkolakis&#8221; detektyv\u0173 ketvertukas i\u0161vyksta i\u0161kylauti. Bet negi detektyvai ramiai nus\u0117d\u0117s, kai aplinkui vyksta tokie keisti dalykai: pradingsta de\u0161rel\u0117s, ka\u017ekas kaukia naktimis, o dar naujoji mokytoja M\u0117nul\u0117 kasdien tampa vis&#8230; plaukuotesn\u0117! N\u0117ra joki\u0173 abejoni\u0173 \u2013 mokyklos stovykloje gyvena VILKOLAK\u0116! Reikia paskub\u0117ti, kol ji nieko neu\u017epuol\u0117! Originalus pavadinimas:\u00a0There&#8217;s Werewolf in My Tent! Autorius:\u00a0Pamela Butchart Leid\u0117jas:\u00a0Debes\u0173 ganyklos Metai:\u00a02020 Puslapiai:\u00a0288 ISBN:\u00a09786094731648 Versijos kodas:\u00a0PT. Formatas:\u00a014,9 x 21,1 x 2 cm, kieti vir\u0161eliai Kalba:\u00a0Lietuvi\u0173 Vert\u0117jas:\u00a0Viktorija Uz\u0117lait\u0117 Knyg\u0173 serija:\u00a0Mokyklos detektyvai<\/p>\n","protected":false},"featured_media":15668,"comment_status":"open","ping_status":"closed","template":"","meta":{"_acf_changed":false,"site-sidebar-layout":"default","site-content-layout":"","ast-site-content-layout":"default","site-content-style":"default","site-sidebar-style":"default","ast-global-header-display":"","ast-banner-title-visibility":"","ast-main-header-display":"","ast-hfb-above-header-display":"","ast-hfb-below-header-display":"","ast-hfb-mobile-header-display":"","site-post-title":"","ast-breadcrumbs-content":"","ast-featured-img":"","footer-sml-layout":"","ast-disable-related-posts":"","theme-transparent-header-meta":"default","adv-header-id-meta":"","stick-header-meta":"","header-above-stick-meta":"","header-main-stick-meta":"","header-below-stick-meta":"","astra-migrate-meta-layouts":"set","ast-page-background-enabled":"default","ast-page-background-meta":{"desktop":{"background-color":"","background-image":"","background-repeat":"repeat","background-position":"center center","background-size":"auto","background-attachment":"scroll","background-type":"","background-media":"","overlay-type":"","overlay-color":"","overlay-opacity":"","overlay-gradient":""},"tablet":{"background-color":"","background-image":"","background-repeat":"repeat","background-position":"center center","background-size":"auto","background-attachment":"scroll","background-type":"","background-media":"","overlay-type":"","overlay-color":"","overlay-opacity":"","overlay-gradient":""},"mobile":{"background-color":"","background-image":"","background-repeat":"repeat","background-position":"center center","background-size":"auto","background-attachment":"scroll","background-type":"","background-media":"","overlay-type":"","overlay-color":"","overlay-opacity":"","overlay-gradient":""}},"ast-content-background-meta":{"desktop":{"background-color":"var(--ast-global-color-4)","background-image":"","background-repeat":"repeat","background-position":"center center","background-size":"auto","background-attachment":"scroll","background-type":"","background-media":"","overlay-type":"","overlay-color":"","overlay-opacity":"","overlay-gradient":""},"tablet":{"background-color":"var(--ast-global-color-4)","background-image":"","background-repeat":"repeat","background-position":"center center","background-size":"auto","background-attachment":"scroll","background-type":"","background-media":"","overlay-type":"","overlay-color":"","overlay-opacity":"","overlay-gradient":""},"mobile":{"background-color":"var(--ast-global-color-4)","background-image":"","background-repeat":"repeat","background-position":"center center","background-size":"auto","background-attachment":"scroll","background-type":"","background-media":"","overlay-type":"","overlay-color":"","overlay-opacity":"","overlay-gradient":""}}},"product_brand":[],"product_cat":[15,35],"product_tag":[],"class_list":{"0":"post-15584","1":"product","2":"type-product","3":"status-publish","4":"has-post-thumbnail","6":"product_cat-uncategorized","7":"product_cat-vaikams-ir-paaugliams","8":"desktop-align-left","9":"tablet-align-left","10":"mobile-align-left","12":"first","13":"outofstock","14":"shipping-taxable","15":"purchasable","16":"product-type-simple"},"acf":[],"yoast_head":"<!-- This site is optimized with the Yoast SEO plugin v27.0 - https:\/\/yoast.com\/product\/yoast-seo-wordpress\/ -->\n<title>Gelb\u0117kit, mus puola vilkolakis<\/title>\n<meta name=\"description\" content=\"Autor\u0117 Pamela Butchart baig\u0117 filosofijos ir pedagogikos studijas. Kurti vaikams \u0117m\u0117 2014 metais. Ra\u0161ytojos galvoje nuolat kirba daug linksm\u0173 ir \u012fdomi\u0173\" \/>\n<meta name=\"robots\" content=\"index, follow, max-snippet:-1, max-image-preview:large, max-video-preview:-1\" \/>\n<link rel=\"canonical\" href=\"https:\/\/skaitytaknyga.lt\/en\/produktas\/gelbekit-mus-puola-vilkolakis\/\" \/>\n<meta property=\"og:locale\" content=\"en_GB\" \/>\n<meta property=\"og:locale:alternate\" content=\"lt_LT\" \/>\n<meta property=\"og:type\" content=\"article\" \/>\n<meta property=\"og:title\" content=\"Gelb\u0117kit, mus puola vilkolakis\" \/>\n<meta property=\"og:description\" content=\"Autor\u0117 Pamela Butchart baig\u0117 filosofijos ir pedagogikos studijas. Kurti vaikams \u0117m\u0117 2014 metais. Ra\u0161ytojos galvoje nuolat kirba daug linksm\u0173 ir \u012fdomi\u0173\" \/>\n<meta property=\"og:url\" content=\"https:\/\/skaitytaknyga.lt\/en\/produktas\/gelbekit-mus-puola-vilkolakis\/\" \/>\n<meta property=\"og:site_name\" content=\"Skaitytaknyga\" \/>\n<meta property=\"article:publisher\" content=\"https:\/\/www.facebook.com\/skaitytaknyga\/\" \/>\n<meta property=\"article:modified_time\" content=\"2024-12-23T06:35:12+00:00\" \/>\n<meta property=\"og:image\" content=\"https:\/\/skaitytaknyga.lt\/wp-content\/uploads\/2024\/12\/Gelbekit-mus-puola-vilkolakis-1.webp\" \/>\n\t<meta property=\"og:image:width\" content=\"565\" \/>\n\t<meta property=\"og:image:height\" content=\"800\" \/>\n\t<meta property=\"og:image:type\" content=\"image\/webp\" \/>\n<meta name=\"twitter:card\" content=\"summary_large_image\" \/>\n<meta name=\"twitter:label1\" content=\"Estimated reading time\" \/>\n\t<meta name=\"twitter:data1\" content=\"2 minutes\" \/>\n<script type=\"application\/ld+json\" class=\"yoast-schema-graph\">{\"@context\":\"https:\/\/schema.org\",\"@graph\":[{\"@type\":\"WebPage\",\"@id\":\"https:\/\/skaitytaknyga.lt\/produktas\/gelbekit-mus-puola-vilkolakis\/\",\"url\":\"https:\/\/skaitytaknyga.lt\/produktas\/gelbekit-mus-puola-vilkolakis\/\",\"name\":\"Gelb\u0117kit, mus puola vilkolakis\",\"isPartOf\":{\"@id\":\"https:\/\/skaitytaknyga.lt\/#website\"},\"primaryImageOfPage\":{\"@id\":\"https:\/\/skaitytaknyga.lt\/produktas\/gelbekit-mus-puola-vilkolakis\/#primaryimage\"},\"image\":{\"@id\":\"https:\/\/skaitytaknyga.lt\/produktas\/gelbekit-mus-puola-vilkolakis\/#primaryimage\"},\"thumbnailUrl\":\"https:\/\/skaitytaknyga.lt\/wp-content\/uploads\/2024\/12\/Gelbekit-mus-puola-vilkolakis-1.webp\",\"datePublished\":\"2024-12-19T12:16:59+00:00\",\"dateModified\":\"2024-12-23T06:35:12+00:00\",\"description\":\"Autor\u0117 Pamela Butchart baig\u0117 filosofijos ir pedagogikos studijas. Kurti vaikams \u0117m\u0117 2014 metais. Ra\u0161ytojos galvoje nuolat kirba daug linksm\u0173 ir \u012fdomi\u0173\",\"breadcrumb\":{\"@id\":\"https:\/\/skaitytaknyga.lt\/produktas\/gelbekit-mus-puola-vilkolakis\/#breadcrumb\"},\"inLanguage\":\"en-GB\",\"potentialAction\":[{\"@type\":\"ReadAction\",\"target\":[\"https:\/\/skaitytaknyga.lt\/produktas\/gelbekit-mus-puola-vilkolakis\/\"]}]},{\"@type\":\"ImageObject\",\"inLanguage\":\"en-GB\",\"@id\":\"https:\/\/skaitytaknyga.lt\/produktas\/gelbekit-mus-puola-vilkolakis\/#primaryimage\",\"url\":\"https:\/\/skaitytaknyga.lt\/wp-content\/uploads\/2024\/12\/Gelbekit-mus-puola-vilkolakis-1.webp\",\"contentUrl\":\"https:\/\/skaitytaknyga.lt\/wp-content\/uploads\/2024\/12\/Gelbekit-mus-puola-vilkolakis-1.webp\",\"width\":565,\"height\":800,\"caption\":\"Gelb\u0117kit, mus puola vilkolakis\"},{\"@type\":\"BreadcrumbList\",\"@id\":\"https:\/\/skaitytaknyga.lt\/produktas\/gelbekit-mus-puola-vilkolakis\/#breadcrumb\",\"itemListElement\":[{\"@type\":\"ListItem\",\"position\":1,\"name\":\"Home\",\"item\":\"https:\/\/skaitytaknyga.lt\/\"},{\"@type\":\"ListItem\",\"position\":2,\"name\":\"Parduotuv\u0117\",\"item\":\"https:\/\/skaitytaknyga.lt\/knygu-parduotuve\/\"},{\"@type\":\"ListItem\",\"position\":3,\"name\":\"Gelb\u0117kit, mus puola vilkolakis\"}]},{\"@type\":\"WebSite\",\"@id\":\"https:\/\/skaitytaknyga.lt\/#website\",\"url\":\"https:\/\/skaitytaknyga.lt\/\",\"name\":\"skaitytaknyga.lt\",\"description\":\"Skaitytaknyga.lt \u2013 tai ma\u017eas \u0161eimos verslas, kuris prasid\u0117jo nuo meil\u0117s knygoms ir siekio i\u0161gelb\u0117ti knygas nuo likimo prie konteinerio. Kas vienam nereikalingas daiktas \u2013 kitam lobis, o mes esame tarpininkai, kurie padeda abiems tapti laimingesniems ???? \u017dinome kaip nelengva i\u0161gyventi ma\u017eiems verslams, tad nuo \u0161iol, \u010dia rasite ir kit\u0173, ma\u017e\u0173 \u0161eim\u0173 versl\u0173, rank\u0173 darbo, dovan\u0173 sau ir artimiesiems.\",\"publisher\":{\"@id\":\"https:\/\/skaitytaknyga.lt\/#organization\"},\"potentialAction\":[{\"@type\":\"SearchAction\",\"target\":{\"@type\":\"EntryPoint\",\"urlTemplate\":\"https:\/\/skaitytaknyga.lt\/?s={search_term_string}\"},\"query-input\":{\"@type\":\"PropertyValueSpecification\",\"valueRequired\":true,\"valueName\":\"search_term_string\"}}],\"inLanguage\":\"en-GB\"},{\"@type\":\"Organization\",\"@id\":\"https:\/\/skaitytaknyga.lt\/#organization\",\"name\":\"skaitytaknyga.lt\",\"url\":\"https:\/\/skaitytaknyga.lt\/\",\"logo\":{\"@type\":\"ImageObject\",\"inLanguage\":\"en-GB\",\"@id\":\"https:\/\/skaitytaknyga.lt\/#\/schema\/logo\/image\/\",\"url\":\"https:\/\/skaitytaknyga.lt\/wp-content\/uploads\/2024\/05\/cropped-cropped-cropped-02_00843_jt3bggkj1j3HLc7SyY6rEUpg.jpeg\",\"contentUrl\":\"https:\/\/skaitytaknyga.lt\/wp-content\/uploads\/2024\/05\/cropped-cropped-cropped-02_00843_jt3bggkj1j3HLc7SyY6rEUpg.jpeg\",\"width\":1600,\"height\":1600,\"caption\":\"skaitytaknyga.lt\"},\"image\":{\"@id\":\"https:\/\/skaitytaknyga.lt\/#\/schema\/logo\/image\/\"},\"sameAs\":[\"https:\/\/www.facebook.com\/skaitytaknyga\/\"]}]}<\/script>\n<!-- \/ Yoast SEO plugin. -->","yoast_head_json":{"title":"Gelb\u0117kit, mus puola vilkolakis","description":"Autor\u0117 Pamela Butchart baig\u0117 filosofijos ir pedagogikos studijas. Kurti vaikams \u0117m\u0117 2014 metais. Ra\u0161ytojos galvoje nuolat kirba daug linksm\u0173 ir \u012fdomi\u0173","robots":{"index":"index","follow":"follow","max-snippet":"max-snippet:-1","max-image-preview":"max-image-preview:large","max-video-preview":"max-video-preview:-1"},"canonical":"https:\/\/skaitytaknyga.lt\/en\/produktas\/gelbekit-mus-puola-vilkolakis\/","og_locale":"en_GB","og_type":"article","og_title":"[:lt]Gelb\u0117kit, mus puola vilkolakis[:] - Skaitytaknyga","og_description":"Autor\u0117 Pamela Butchart baig\u0117 filosofijos ir pedagogikos studijas. Kurti vaikams \u0117m\u0117 2014 metais. Ra\u0161ytojos galvoje nuolat kirba daug linksm\u0173 ir \u012fdomi\u0173","og_url":"https:\/\/skaitytaknyga.lt\/en\/produktas\/gelbekit-mus-puola-vilkolakis\/","og_site_name":"Skaitytaknyga","article_publisher":"https:\/\/www.facebook.com\/skaitytaknyga\/","article_modified_time":"2024-12-23T06:35:12+00:00","og_image":[{"width":565,"height":800,"url":"https:\/\/skaitytaknyga.lt\/wp-content\/uploads\/2024\/12\/Gelbekit-mus-puola-vilkolakis-1.webp","type":"image\/webp"}],"twitter_card":"summary_large_image","twitter_misc":{"Estimated reading time":"2 minutes"},"schema":{"@context":"https:\/\/schema.org","@graph":[{"@type":"WebPage","@id":"https:\/\/skaitytaknyga.lt\/produktas\/gelbekit-mus-puola-vilkolakis\/","url":"https:\/\/skaitytaknyga.lt\/produktas\/gelbekit-mus-puola-vilkolakis\/","name":"Gelb\u0117kit, mus puola vilkolakis","isPartOf":{"@id":"https:\/\/skaitytaknyga.lt\/#website"},"primaryImageOfPage":{"@id":"https:\/\/skaitytaknyga.lt\/produktas\/gelbekit-mus-puola-vilkolakis\/#primaryimage"},"image":{"@id":"https:\/\/skaitytaknyga.lt\/produktas\/gelbekit-mus-puola-vilkolakis\/#primaryimage"},"thumbnailUrl":"https:\/\/skaitytaknyga.lt\/wp-content\/uploads\/2024\/12\/Gelbekit-mus-puola-vilkolakis-1.webp","datePublished":"2024-12-19T12:16:59+00:00","dateModified":"2024-12-23T06:35:12+00:00","description":"Autor\u0117 Pamela Butchart baig\u0117 filosofijos ir pedagogikos studijas. Kurti vaikams \u0117m\u0117 2014 metais. Ra\u0161ytojos galvoje nuolat kirba daug linksm\u0173 ir \u012fdomi\u0173","breadcrumb":{"@id":"https:\/\/skaitytaknyga.lt\/produktas\/gelbekit-mus-puola-vilkolakis\/#breadcrumb"},"inLanguage":"en-GB","potentialAction":[{"@type":"ReadAction","target":["https:\/\/skaitytaknyga.lt\/produktas\/gelbekit-mus-puola-vilkolakis\/"]}]},{"@type":"ImageObject","inLanguage":"en-GB","@id":"https:\/\/skaitytaknyga.lt\/produktas\/gelbekit-mus-puola-vilkolakis\/#primaryimage","url":"https:\/\/skaitytaknyga.lt\/wp-content\/uploads\/2024\/12\/Gelbekit-mus-puola-vilkolakis-1.webp","contentUrl":"https:\/\/skaitytaknyga.lt\/wp-content\/uploads\/2024\/12\/Gelbekit-mus-puola-vilkolakis-1.webp","width":565,"height":800,"caption":"Gelb\u0117kit, mus puola vilkolakis"},{"@type":"BreadcrumbList","@id":"https:\/\/skaitytaknyga.lt\/produktas\/gelbekit-mus-puola-vilkolakis\/#breadcrumb","itemListElement":[{"@type":"ListItem","position":1,"name":"Home","item":"https:\/\/skaitytaknyga.lt\/"},{"@type":"ListItem","position":2,"name":"Parduotuv\u0117","item":"https:\/\/skaitytaknyga.lt\/knygu-parduotuve\/"},{"@type":"ListItem","position":3,"name":"Gelb\u0117kit, mus puola vilkolakis"}]},{"@type":"WebSite","@id":"https:\/\/skaitytaknyga.lt\/#website","url":"https:\/\/skaitytaknyga.lt\/","name":"skaitytaknyga.lt","description":"Skaitytaknyga.lt \u2013 tai ma\u017eas \u0161eimos verslas, kuris prasid\u0117jo nuo meil\u0117s knygoms ir siekio i\u0161gelb\u0117ti knygas nuo likimo prie konteinerio. Kas vienam nereikalingas daiktas \u2013 kitam lobis, o mes esame tarpininkai, kurie padeda abiems tapti laimingesniems ???? \u017dinome kaip nelengva i\u0161gyventi ma\u017eiems verslams, tad nuo \u0161iol, \u010dia rasite ir kit\u0173, ma\u017e\u0173 \u0161eim\u0173 versl\u0173, rank\u0173 darbo, dovan\u0173 sau ir artimiesiems.","publisher":{"@id":"https:\/\/skaitytaknyga.lt\/#organization"},"potentialAction":[{"@type":"SearchAction","target":{"@type":"EntryPoint","urlTemplate":"https:\/\/skaitytaknyga.lt\/?s={search_term_string}"},"query-input":{"@type":"PropertyValueSpecification","valueRequired":true,"valueName":"search_term_string"}}],"inLanguage":"en-GB"},{"@type":"Organization","@id":"https:\/\/skaitytaknyga.lt\/#organization","name":"skaitytaknyga.lt","url":"https:\/\/skaitytaknyga.lt\/","logo":{"@type":"ImageObject","inLanguage":"en-GB","@id":"https:\/\/skaitytaknyga.lt\/#\/schema\/logo\/image\/","url":"https:\/\/skaitytaknyga.lt\/wp-content\/uploads\/2024\/05\/cropped-cropped-cropped-02_00843_jt3bggkj1j3HLc7SyY6rEUpg.jpeg","contentUrl":"https:\/\/skaitytaknyga.lt\/wp-content\/uploads\/2024\/05\/cropped-cropped-cropped-02_00843_jt3bggkj1j3HLc7SyY6rEUpg.jpeg","width":1600,"height":1600,"caption":"skaitytaknyga.lt"},"image":{"@id":"https:\/\/skaitytaknyga.lt\/#\/schema\/logo\/image\/"},"sameAs":["https:\/\/www.facebook.com\/skaitytaknyga\/"]}]}},"_links":{"self":[{"href":"https:\/\/skaitytaknyga.lt\/en\/wp-json\/wp\/v2\/product\/15584","targetHints":{"allow":["GET"]}}],"collection":[{"href":"https:\/\/skaitytaknyga.lt\/en\/wp-json\/wp\/v2\/product"}],"about":[{"href":"https:\/\/skaitytaknyga.lt\/en\/wp-json\/wp\/v2\/types\/product"}],"replies":[{"embeddable":true,"href":"https:\/\/skaitytaknyga.lt\/en\/wp-json\/wp\/v2\/comments?post=15584"}],"wp:featuredmedia":[{"embeddable":true,"href":"https:\/\/skaitytaknyga.lt\/en\/wp-json\/wp\/v2\/media\/15668"}],"wp:attachment":[{"href":"https:\/\/skaitytaknyga.lt\/en\/wp-json\/wp\/v2\/media?parent=15584"}],"wp:term":[{"taxonomy":"product_brand","embeddable":true,"href":"https:\/\/skaitytaknyga.lt\/en\/wp-json\/wp\/v2\/product_brand?post=15584"},{"taxonomy":"product_cat","embeddable":true,"href":"https:\/\/skaitytaknyga.lt\/en\/wp-json\/wp\/v2\/product_cat?post=15584"},{"taxonomy":"product_tag","embeddable":true,"href":"https:\/\/skaitytaknyga.lt\/en\/wp-json\/wp\/v2\/product_tag?post=15584"}],"curies":[{"name":"wp","href":"https:\/\/api.w.org\/{rel}","templated":true}]}}