{"id":15583,"date":"2024-12-19T14:16:58","date_gmt":"2024-12-19T12:16:58","guid":{"rendered":"https:\/\/skaitytaknyga.lt\/?post_type=product&#038;p=15583"},"modified":"2024-12-23T08:32:54","modified_gmt":"2024-12-23T06:32:54","slug":"petsono-tortas","status":"publish","type":"product","link":"https:\/\/skaitytaknyga.lt\/en\/produktas\/petsono-tortas\/","title":{"rendered":"Petsono tortas"},"content":{"rendered":"<p>\u201eFindusai, ar tau gerai sekasi buli\u0173 kautyn\u0117se?\u201c \u2013 paklaus\u0117 d\u0117dul\u0117 Petsonas Finduso ir \u0161is truput\u012f sutriko\u2026 Gal kaimynas Gustavsonas ties\u0105 sako, kad Petsonas truput\u0117l\u012f kuoktel\u0117j\u0119s? Bet jeigu Findusas nenuvilios buliaus, d\u0117dul\u0117 negal\u0117s sutaisyt dvira\u010dio. O be dvira\u010dio, nenuva\u017eiuos nusipirkti milt\u0173, be kuri\u0173 nei\u0161keps Findusui gimtadienio blyn\u0173 torto. \u201eVien\u0105 kit\u0105 karv\u0119 a\u0161, \u017einoma, esu pabaid\u0119s.<\/p>\n<p>Turb\u016bt gal\u0117\u010diau i\u0161judinti ir t\u0105 sen\u0105 buli\u0173, jei jau MIRTINAI reikia\u201c, \u2013 atsak\u0117 Findusas. Na ir i\u0161judino. Bet ar istorijos pabaigoje Petsonas su Findusu valgys blyn\u0173 tort\u0105? Tai klausimas, \u012f kur\u012f n\u0117ra lengva atsakyti, ta\u010diau pam\u0117ginti \u2013 tikrai verta!<\/p>\n<p><span class=\"name\">Skirta\u00a0<\/span><span class=\"value\">4\u20137 m.<\/span><\/p>\n<ul class=\"about-product d-none d-xl-block mt-4\">\n<li><strong>Originalus pavadinimas:<\/strong>\u00a0PANNKAKST\u00c5RTAN<\/li>\n<li><strong>Autorius:<\/strong>\u00a0Sven Nordqvist<\/li>\n<li><strong>Leid\u0117jas:<\/strong>\u00a0Nieko rimto<\/li>\n<li><strong>Metai:<\/strong>\u00a02023<\/li>\n<li><strong>Puslapiai:<\/strong>\u00a028<\/li>\n<li class=\"toggleable type-new-formats \"><strong>ISBN:<\/strong>\u00a09786094410109<\/li>\n<li><strong>Versijos kodas:<\/strong>\u00a0PT.<\/li>\n<li class=\"toggleable type-new-formats \"><strong>Formatas:<\/strong>\u00a020 x 30 x 0,5 cm, kieti vir\u0161eliai<\/li>\n<li><strong>Kalba:<\/strong>\u00a0Lietuvi\u0173<\/li>\n<li><strong>Vert\u0117jas:<\/strong>\u00a0Alma Bra\u0161kyt\u0117<\/li>\n<li><strong>Knyg\u0173 serija:<\/strong>\u00a0Petsonas ir Findusas<\/li>\n<\/ul>\n","protected":false},"excerpt":{"rendered":"<p>\u201eFindusai, ar tau gerai sekasi buli\u0173 kautyn\u0117se?\u201c \u2013 paklaus\u0117 d\u0117dul\u0117 Petsonas Finduso ir \u0161is truput\u012f sutriko\u2026 Gal kaimynas Gustavsonas ties\u0105 sako, kad Petsonas truput\u0117l\u012f kuoktel\u0117j\u0119s? Bet jeigu Findusas nenuvilios buliaus, d\u0117dul\u0117 negal\u0117s sutaisyt dvira\u010dio. O be dvira\u010dio, nenuva\u017eiuos nusipirkti milt\u0173, be kuri\u0173 nei\u0161keps Findusui gimtadienio blyn\u0173 torto. \u201eVien\u0105 kit\u0105 karv\u0119 a\u0161, \u017einoma, esu pabaid\u0119s. Turb\u016bt gal\u0117\u010diau i\u0161judinti ir t\u0105 sen\u0105 buli\u0173, jei jau MIRTINAI reikia\u201c, \u2013 atsak\u0117 Findusas. Na ir i\u0161judino. Bet ar istorijos pabaigoje Petsonas su Findusu valgys blyn\u0173 tort\u0105? Tai klausimas, \u012f kur\u012f n\u0117ra lengva atsakyti, ta\u010diau pam\u0117ginti \u2013 tikrai verta! Skirta\u00a04\u20137 m. Originalus pavadinimas:\u00a0PANNKAKST\u00c5RTAN Autorius:\u00a0Sven Nordqvist Leid\u0117jas:\u00a0Nieko rimto Metai:\u00a02023 Puslapiai:\u00a028 ISBN:\u00a09786094410109 Versijos kodas:\u00a0PT. Formatas:\u00a020 x 30 x 0,5 cm, kieti vir\u0161eliai Kalba:\u00a0Lietuvi\u0173 Vert\u0117jas:\u00a0Alma Bra\u0161kyt\u0117 Knyg\u0173 serija:\u00a0Petsonas ir Findusas<\/p>\n","protected":false},"featured_media":15669,"comment_status":"open","ping_status":"closed","template":"","meta":{"_acf_changed":false,"site-sidebar-layout":"default","site-content-layout":"","ast-site-content-layout":"default","site-content-style":"default","site-sidebar-style":"default","ast-global-header-display":"","ast-banner-title-visibility":"","ast-main-header-display":"","ast-hfb-above-header-display":"","ast-hfb-below-header-display":"","ast-hfb-mobile-header-display":"","site-post-title":"","ast-breadcrumbs-content":"","ast-featured-img":"","footer-sml-layout":"","ast-disable-related-posts":"","theme-transparent-header-meta":"default","adv-header-id-meta":"","stick-header-meta":"","header-above-stick-meta":"","header-main-stick-meta":"","header-below-stick-meta":"","astra-migrate-meta-layouts":"set","ast-page-background-enabled":"default","ast-page-background-meta":{"desktop":{"background-color":"","background-image":"","background-repeat":"repeat","background-position":"center center","background-size":"auto","background-attachment":"scroll","background-type":"","background-media":"","overlay-type":"","overlay-color":"","overlay-opacity":"","overlay-gradient":""},"tablet":{"background-color":"","background-image":"","background-repeat":"repeat","background-position":"center center","background-size":"auto","background-attachment":"scroll","background-type":"","background-media":"","overlay-type":"","overlay-color":"","overlay-opacity":"","overlay-gradient":""},"mobile":{"background-color":"","background-image":"","background-repeat":"repeat","background-position":"center center","background-size":"auto","background-attachment":"scroll","background-type":"","background-media":"","overlay-type":"","overlay-color":"","overlay-opacity":"","overlay-gradient":""}},"ast-content-background-meta":{"desktop":{"background-color":"var(--ast-global-color-4)","background-image":"","background-repeat":"repeat","background-position":"center center","background-size":"auto","background-attachment":"scroll","background-type":"","background-media":"","overlay-type":"","overlay-color":"","overlay-opacity":"","overlay-gradient":""},"tablet":{"background-color":"var(--ast-global-color-4)","background-image":"","background-repeat":"repeat","background-position":"center center","background-size":"auto","background-attachment":"scroll","background-type":"","background-media":"","overlay-type":"","overlay-color":"","overlay-opacity":"","overlay-gradient":""},"mobile":{"background-color":"var(--ast-global-color-4)","background-image":"","background-repeat":"repeat","background-position":"center center","background-size":"auto","background-attachment":"scroll","background-type":"","background-media":"","overlay-type":"","overlay-color":"","overlay-opacity":"","overlay-gradient":""}}},"product_brand":[],"product_cat":[15,35],"product_tag":[],"class_list":{"0":"post-15583","1":"product","2":"type-product","3":"status-publish","4":"has-post-thumbnail","6":"product_cat-uncategorized","7":"product_cat-vaikams-ir-paaugliams","8":"desktop-align-left","9":"tablet-align-left","10":"mobile-align-left","12":"first","13":"instock","14":"shipping-taxable","15":"purchasable","16":"product-type-simple"},"acf":[],"yoast_head":"<!-- This site is optimized with the Yoast SEO plugin v27.0 - https:\/\/yoast.com\/product\/yoast-seo-wordpress\/ -->\n<title>Petsono tortas<\/title>\n<meta name=\"description\" content=\"\u201eFindusai, ar tau gerai sekasi buli\u0173 kautyn\u0117se?\u201c \u2013 paklaus\u0117 d\u0117dul\u0117 Petsonas Finduso ir \u0161is truput\u012f sutriko\u2026 Gal kaimynas Gustavsonas ties\u0105 sako, kad\" \/>\n<meta name=\"robots\" content=\"index, follow, max-snippet:-1, max-image-preview:large, max-video-preview:-1\" \/>\n<link rel=\"canonical\" href=\"https:\/\/skaitytaknyga.lt\/en\/produktas\/petsono-tortas\/\" \/>\n<meta property=\"og:locale\" content=\"en_GB\" \/>\n<meta property=\"og:locale:alternate\" content=\"lt_LT\" \/>\n<meta property=\"og:type\" content=\"article\" \/>\n<meta property=\"og:title\" content=\"Petsono tortas\" \/>\n<meta property=\"og:description\" content=\"\u201eFindusai, ar tau gerai sekasi buli\u0173 kautyn\u0117se?\u201c \u2013 paklaus\u0117 d\u0117dul\u0117 Petsonas Finduso ir \u0161is truput\u012f sutriko\u2026 Gal kaimynas Gustavsonas ties\u0105 sako, kad\" \/>\n<meta property=\"og:url\" content=\"https:\/\/skaitytaknyga.lt\/en\/produktas\/petsono-tortas\/\" \/>\n<meta property=\"og:site_name\" content=\"Skaitytaknyga\" \/>\n<meta property=\"article:publisher\" content=\"https:\/\/www.facebook.com\/skaitytaknyga\/\" \/>\n<meta property=\"article:modified_time\" content=\"2024-12-23T06:32:54+00:00\" \/>\n<meta property=\"og:image\" content=\"https:\/\/skaitytaknyga.lt\/wp-content\/uploads\/2024\/12\/Petsono-tortas.webp\" \/>\n\t<meta property=\"og:image:width\" content=\"291\" \/>\n\t<meta property=\"og:image:height\" content=\"399\" \/>\n\t<meta property=\"og:image:type\" content=\"image\/webp\" \/>\n<meta name=\"twitter:card\" content=\"summary_large_image\" \/>\n<meta name=\"twitter:label1\" content=\"Estimated reading time\" \/>\n\t<meta name=\"twitter:data1\" content=\"1 minute\" \/>\n<script type=\"application\/ld+json\" class=\"yoast-schema-graph\">{\"@context\":\"https:\/\/schema.org\",\"@graph\":[{\"@type\":\"WebPage\",\"@id\":\"https:\/\/skaitytaknyga.lt\/produktas\/petsono-tortas\/\",\"url\":\"https:\/\/skaitytaknyga.lt\/produktas\/petsono-tortas\/\",\"name\":\"Petsono tortas\",\"isPartOf\":{\"@id\":\"https:\/\/skaitytaknyga.lt\/#website\"},\"primaryImageOfPage\":{\"@id\":\"https:\/\/skaitytaknyga.lt\/produktas\/petsono-tortas\/#primaryimage\"},\"image\":{\"@id\":\"https:\/\/skaitytaknyga.lt\/produktas\/petsono-tortas\/#primaryimage\"},\"thumbnailUrl\":\"https:\/\/skaitytaknyga.lt\/wp-content\/uploads\/2024\/12\/Petsono-tortas.webp\",\"datePublished\":\"2024-12-19T12:16:58+00:00\",\"dateModified\":\"2024-12-23T06:32:54+00:00\",\"description\":\"\u201eFindusai, ar tau gerai sekasi buli\u0173 kautyn\u0117se?\u201c \u2013 paklaus\u0117 d\u0117dul\u0117 Petsonas Finduso ir \u0161is truput\u012f sutriko\u2026 Gal kaimynas Gustavsonas ties\u0105 sako, kad\",\"breadcrumb\":{\"@id\":\"https:\/\/skaitytaknyga.lt\/produktas\/petsono-tortas\/#breadcrumb\"},\"inLanguage\":\"en-GB\",\"potentialAction\":[{\"@type\":\"ReadAction\",\"target\":[\"https:\/\/skaitytaknyga.lt\/produktas\/petsono-tortas\/\"]}]},{\"@type\":\"ImageObject\",\"inLanguage\":\"en-GB\",\"@id\":\"https:\/\/skaitytaknyga.lt\/produktas\/petsono-tortas\/#primaryimage\",\"url\":\"https:\/\/skaitytaknyga.lt\/wp-content\/uploads\/2024\/12\/Petsono-tortas.webp\",\"contentUrl\":\"https:\/\/skaitytaknyga.lt\/wp-content\/uploads\/2024\/12\/Petsono-tortas.webp\",\"width\":291,\"height\":399,\"caption\":\"Petsono tortas\"},{\"@type\":\"BreadcrumbList\",\"@id\":\"https:\/\/skaitytaknyga.lt\/produktas\/petsono-tortas\/#breadcrumb\",\"itemListElement\":[{\"@type\":\"ListItem\",\"position\":1,\"name\":\"Home\",\"item\":\"https:\/\/skaitytaknyga.lt\/\"},{\"@type\":\"ListItem\",\"position\":2,\"name\":\"Parduotuv\u0117\",\"item\":\"https:\/\/skaitytaknyga.lt\/knygu-parduotuve\/\"},{\"@type\":\"ListItem\",\"position\":3,\"name\":\"Petsono tortas\"}]},{\"@type\":\"WebSite\",\"@id\":\"https:\/\/skaitytaknyga.lt\/#website\",\"url\":\"https:\/\/skaitytaknyga.lt\/\",\"name\":\"skaitytaknyga.lt\",\"description\":\"Skaitytaknyga.lt \u2013 tai ma\u017eas \u0161eimos verslas, kuris prasid\u0117jo nuo meil\u0117s knygoms ir siekio i\u0161gelb\u0117ti knygas nuo likimo prie konteinerio. Kas vienam nereikalingas daiktas \u2013 kitam lobis, o mes esame tarpininkai, kurie padeda abiems tapti laimingesniems ???? \u017dinome kaip nelengva i\u0161gyventi ma\u017eiems verslams, tad nuo \u0161iol, \u010dia rasite ir kit\u0173, ma\u017e\u0173 \u0161eim\u0173 versl\u0173, rank\u0173 darbo, dovan\u0173 sau ir artimiesiems.\",\"publisher\":{\"@id\":\"https:\/\/skaitytaknyga.lt\/#organization\"},\"potentialAction\":[{\"@type\":\"SearchAction\",\"target\":{\"@type\":\"EntryPoint\",\"urlTemplate\":\"https:\/\/skaitytaknyga.lt\/?s={search_term_string}\"},\"query-input\":{\"@type\":\"PropertyValueSpecification\",\"valueRequired\":true,\"valueName\":\"search_term_string\"}}],\"inLanguage\":\"en-GB\"},{\"@type\":\"Organization\",\"@id\":\"https:\/\/skaitytaknyga.lt\/#organization\",\"name\":\"skaitytaknyga.lt\",\"url\":\"https:\/\/skaitytaknyga.lt\/\",\"logo\":{\"@type\":\"ImageObject\",\"inLanguage\":\"en-GB\",\"@id\":\"https:\/\/skaitytaknyga.lt\/#\/schema\/logo\/image\/\",\"url\":\"https:\/\/skaitytaknyga.lt\/wp-content\/uploads\/2024\/05\/cropped-cropped-cropped-02_00843_jt3bggkj1j3HLc7SyY6rEUpg.jpeg\",\"contentUrl\":\"https:\/\/skaitytaknyga.lt\/wp-content\/uploads\/2024\/05\/cropped-cropped-cropped-02_00843_jt3bggkj1j3HLc7SyY6rEUpg.jpeg\",\"width\":1600,\"height\":1600,\"caption\":\"skaitytaknyga.lt\"},\"image\":{\"@id\":\"https:\/\/skaitytaknyga.lt\/#\/schema\/logo\/image\/\"},\"sameAs\":[\"https:\/\/www.facebook.com\/skaitytaknyga\/\"]}]}<\/script>\n<!-- \/ Yoast SEO plugin. -->","yoast_head_json":{"title":"Petsono tortas","description":"\u201eFindusai, ar tau gerai sekasi buli\u0173 kautyn\u0117se?\u201c \u2013 paklaus\u0117 d\u0117dul\u0117 Petsonas Finduso ir \u0161is truput\u012f sutriko\u2026 Gal kaimynas Gustavsonas ties\u0105 sako, kad","robots":{"index":"index","follow":"follow","max-snippet":"max-snippet:-1","max-image-preview":"max-image-preview:large","max-video-preview":"max-video-preview:-1"},"canonical":"https:\/\/skaitytaknyga.lt\/en\/produktas\/petsono-tortas\/","og_locale":"en_GB","og_type":"article","og_title":"[:lt]Petsono tortas[:] - Skaitytaknyga","og_description":"\u201eFindusai, ar tau gerai sekasi buli\u0173 kautyn\u0117se?\u201c \u2013 paklaus\u0117 d\u0117dul\u0117 Petsonas Finduso ir \u0161is truput\u012f sutriko\u2026 Gal kaimynas Gustavsonas ties\u0105 sako, kad","og_url":"https:\/\/skaitytaknyga.lt\/en\/produktas\/petsono-tortas\/","og_site_name":"Skaitytaknyga","article_publisher":"https:\/\/www.facebook.com\/skaitytaknyga\/","article_modified_time":"2024-12-23T06:32:54+00:00","og_image":[{"width":291,"height":399,"url":"https:\/\/skaitytaknyga.lt\/wp-content\/uploads\/2024\/12\/Petsono-tortas.webp","type":"image\/webp"}],"twitter_card":"summary_large_image","twitter_misc":{"Estimated reading time":"1 minute"},"schema":{"@context":"https:\/\/schema.org","@graph":[{"@type":"WebPage","@id":"https:\/\/skaitytaknyga.lt\/produktas\/petsono-tortas\/","url":"https:\/\/skaitytaknyga.lt\/produktas\/petsono-tortas\/","name":"Petsono tortas","isPartOf":{"@id":"https:\/\/skaitytaknyga.lt\/#website"},"primaryImageOfPage":{"@id":"https:\/\/skaitytaknyga.lt\/produktas\/petsono-tortas\/#primaryimage"},"image":{"@id":"https:\/\/skaitytaknyga.lt\/produktas\/petsono-tortas\/#primaryimage"},"thumbnailUrl":"https:\/\/skaitytaknyga.lt\/wp-content\/uploads\/2024\/12\/Petsono-tortas.webp","datePublished":"2024-12-19T12:16:58+00:00","dateModified":"2024-12-23T06:32:54+00:00","description":"\u201eFindusai, ar tau gerai sekasi buli\u0173 kautyn\u0117se?\u201c \u2013 paklaus\u0117 d\u0117dul\u0117 Petsonas Finduso ir \u0161is truput\u012f sutriko\u2026 Gal kaimynas Gustavsonas ties\u0105 sako, kad","breadcrumb":{"@id":"https:\/\/skaitytaknyga.lt\/produktas\/petsono-tortas\/#breadcrumb"},"inLanguage":"en-GB","potentialAction":[{"@type":"ReadAction","target":["https:\/\/skaitytaknyga.lt\/produktas\/petsono-tortas\/"]}]},{"@type":"ImageObject","inLanguage":"en-GB","@id":"https:\/\/skaitytaknyga.lt\/produktas\/petsono-tortas\/#primaryimage","url":"https:\/\/skaitytaknyga.lt\/wp-content\/uploads\/2024\/12\/Petsono-tortas.webp","contentUrl":"https:\/\/skaitytaknyga.lt\/wp-content\/uploads\/2024\/12\/Petsono-tortas.webp","width":291,"height":399,"caption":"Petsono tortas"},{"@type":"BreadcrumbList","@id":"https:\/\/skaitytaknyga.lt\/produktas\/petsono-tortas\/#breadcrumb","itemListElement":[{"@type":"ListItem","position":1,"name":"Home","item":"https:\/\/skaitytaknyga.lt\/"},{"@type":"ListItem","position":2,"name":"Parduotuv\u0117","item":"https:\/\/skaitytaknyga.lt\/knygu-parduotuve\/"},{"@type":"ListItem","position":3,"name":"Petsono tortas"}]},{"@type":"WebSite","@id":"https:\/\/skaitytaknyga.lt\/#website","url":"https:\/\/skaitytaknyga.lt\/","name":"skaitytaknyga.lt","description":"Skaitytaknyga.lt \u2013 tai ma\u017eas \u0161eimos verslas, kuris prasid\u0117jo nuo meil\u0117s knygoms ir siekio i\u0161gelb\u0117ti knygas nuo likimo prie konteinerio. Kas vienam nereikalingas daiktas \u2013 kitam lobis, o mes esame tarpininkai, kurie padeda abiems tapti laimingesniems ???? \u017dinome kaip nelengva i\u0161gyventi ma\u017eiems verslams, tad nuo \u0161iol, \u010dia rasite ir kit\u0173, ma\u017e\u0173 \u0161eim\u0173 versl\u0173, rank\u0173 darbo, dovan\u0173 sau ir artimiesiems.","publisher":{"@id":"https:\/\/skaitytaknyga.lt\/#organization"},"potentialAction":[{"@type":"SearchAction","target":{"@type":"EntryPoint","urlTemplate":"https:\/\/skaitytaknyga.lt\/?s={search_term_string}"},"query-input":{"@type":"PropertyValueSpecification","valueRequired":true,"valueName":"search_term_string"}}],"inLanguage":"en-GB"},{"@type":"Organization","@id":"https:\/\/skaitytaknyga.lt\/#organization","name":"skaitytaknyga.lt","url":"https:\/\/skaitytaknyga.lt\/","logo":{"@type":"ImageObject","inLanguage":"en-GB","@id":"https:\/\/skaitytaknyga.lt\/#\/schema\/logo\/image\/","url":"https:\/\/skaitytaknyga.lt\/wp-content\/uploads\/2024\/05\/cropped-cropped-cropped-02_00843_jt3bggkj1j3HLc7SyY6rEUpg.jpeg","contentUrl":"https:\/\/skaitytaknyga.lt\/wp-content\/uploads\/2024\/05\/cropped-cropped-cropped-02_00843_jt3bggkj1j3HLc7SyY6rEUpg.jpeg","width":1600,"height":1600,"caption":"skaitytaknyga.lt"},"image":{"@id":"https:\/\/skaitytaknyga.lt\/#\/schema\/logo\/image\/"},"sameAs":["https:\/\/www.facebook.com\/skaitytaknyga\/"]}]}},"_links":{"self":[{"href":"https:\/\/skaitytaknyga.lt\/en\/wp-json\/wp\/v2\/product\/15583","targetHints":{"allow":["GET"]}}],"collection":[{"href":"https:\/\/skaitytaknyga.lt\/en\/wp-json\/wp\/v2\/product"}],"about":[{"href":"https:\/\/skaitytaknyga.lt\/en\/wp-json\/wp\/v2\/types\/product"}],"replies":[{"embeddable":true,"href":"https:\/\/skaitytaknyga.lt\/en\/wp-json\/wp\/v2\/comments?post=15583"}],"wp:featuredmedia":[{"embeddable":true,"href":"https:\/\/skaitytaknyga.lt\/en\/wp-json\/wp\/v2\/media\/15669"}],"wp:attachment":[{"href":"https:\/\/skaitytaknyga.lt\/en\/wp-json\/wp\/v2\/media?parent=15583"}],"wp:term":[{"taxonomy":"product_brand","embeddable":true,"href":"https:\/\/skaitytaknyga.lt\/en\/wp-json\/wp\/v2\/product_brand?post=15583"},{"taxonomy":"product_cat","embeddable":true,"href":"https:\/\/skaitytaknyga.lt\/en\/wp-json\/wp\/v2\/product_cat?post=15583"},{"taxonomy":"product_tag","embeddable":true,"href":"https:\/\/skaitytaknyga.lt\/en\/wp-json\/wp\/v2\/product_tag?post=15583"}],"curies":[{"name":"wp","href":"https:\/\/api.w.org\/{rel}","templated":true}]}}