{"id":15582,"date":"2024-12-19T14:16:58","date_gmt":"2024-12-19T12:16:58","guid":{"rendered":"https:\/\/skaitytaknyga.lt\/?post_type=product&#038;p=15582"},"modified":"2025-06-30T22:12:02","modified_gmt":"2025-06-30T19:12:02","slug":"doriano-grejaus-portretas","status":"publish","type":"product","link":"https:\/\/skaitytaknyga.lt\/en\/produktas\/doriano-grejaus-portretas\/","title":{"rendered":"Doriano Gr\u0117jaus portretas"},"content":{"rendered":"<p>Tai vienintelis i\u0161spausdintas (1980 m.) angl\u0173 kilm\u0117s dramaturgo, poeto Oscar Wilde romanas, kuris ano meto Anglijoje am\u017einink\u0173 buvo vertinamas labai prie\u0161taringai, o autoriui peln\u0117 skandaling\u0105 \u0161lov\u0119.<\/p>\n<p>Knygoje pasakojama istorija apie Dorian\u0105 Gr\u0117j\u0173, patraukl\u0173 ir turting\u0105 jaunuol\u012f, kurio gyvenim\u0105 sugriauna pasaulio purvas ir niek\u0161yb\u0117s. O galb\u016bt tai dvasinis paties jaunuolio nuopuolis? Kai Gr\u0117jaus angeli\u0161ka i\u0161vaizda nutapoma portrete, jaunuolis pradeda svajoti, kad realiame pasaulyje jo gro\u017eis visuomet i\u0161likt\u0173 am\u017einas, o negailesting\u0105 sen\u0117jim\u0105 \u201ei\u0161gyvent\u0173\u201c jaunuol\u012f vaizduojantis portretas. Kai Dorianas \u012fsitraukia \u012f nuod\u0117ming\u0105 gyvenim\u0105, jo portretas i\u0161 ties\u0173 pasikei\u010dia: jaunuolio atvaizdas paveiksle tampa perkreiptas ir \u0161lyk\u0161tus.<\/p>\n<p>Atsi\u017evelgiant \u012f Viktorijos laik\u0173 moral\u0117s normas, \u201eDoriano Gr\u0117jaus portretas\u201c ilg\u0105 laik\u0105 buvo vertinamas kaip pernelyg nepadorus k\u016brinys.<\/p>\n","protected":false},"excerpt":{"rendered":"<p>Tai vienintelis i\u0161spausdintas (1980 m.) angl\u0173 kilm\u0117s dramaturgo, poeto Oscar Wilde romanas, kuris ano meto Anglijoje am\u017einink\u0173 buvo vertinamas labai prie\u0161taringai, o autoriui peln\u0117 skandaling\u0105 \u0161lov\u0119. Knygoje pasakojama istorija apie Dorian\u0105 Gr\u0117j\u0173, patraukl\u0173 ir turting\u0105 jaunuol\u012f, kurio gyvenim\u0105 sugriauna pasaulio purvas ir niek\u0161yb\u0117s. O galb\u016bt tai dvasinis paties jaunuolio nuopuolis? Kai Gr\u0117jaus angeli\u0161ka i\u0161vaizda nutapoma portrete, jaunuolis pradeda svajoti, kad realiame pasaulyje jo gro\u017eis visuomet i\u0161likt\u0173 am\u017einas, o negailesting\u0105 sen\u0117jim\u0105 \u201ei\u0161gyvent\u0173\u201c jaunuol\u012f vaizduojantis portretas. Kai Dorianas \u012fsitraukia \u012f nuod\u0117ming\u0105 gyvenim\u0105, jo portretas i\u0161 ties\u0173 pasikei\u010dia: jaunuolio atvaizdas paveiksle tampa perkreiptas ir \u0161lyk\u0161tus. Atsi\u017evelgiant \u012f Viktorijos laik\u0173 moral\u0117s normas, \u201eDoriano Gr\u0117jaus portretas\u201c ilg\u0105 laik\u0105 buvo vertinamas kaip pernelyg nepadorus k\u016brinys.<\/p>\n","protected":false},"featured_media":15610,"comment_status":"open","ping_status":"closed","template":"","meta":{"_acf_changed":false,"site-sidebar-layout":"default","site-content-layout":"","ast-site-content-layout":"default","site-content-style":"default","site-sidebar-style":"default","ast-global-header-display":"","ast-banner-title-visibility":"","ast-main-header-display":"","ast-hfb-above-header-display":"","ast-hfb-below-header-display":"","ast-hfb-mobile-header-display":"","site-post-title":"","ast-breadcrumbs-content":"","ast-featured-img":"","footer-sml-layout":"","ast-disable-related-posts":"","theme-transparent-header-meta":"default","adv-header-id-meta":"","stick-header-meta":"","header-above-stick-meta":"","header-main-stick-meta":"","header-below-stick-meta":"","astra-migrate-meta-layouts":"set","ast-page-background-enabled":"default","ast-page-background-meta":{"desktop":{"background-color":"","background-image":"","background-repeat":"repeat","background-position":"center center","background-size":"auto","background-attachment":"scroll","background-type":"","background-media":"","overlay-type":"","overlay-color":"","overlay-opacity":"","overlay-gradient":""},"tablet":{"background-color":"","background-image":"","background-repeat":"repeat","background-position":"center center","background-size":"auto","background-attachment":"scroll","background-type":"","background-media":"","overlay-type":"","overlay-color":"","overlay-opacity":"","overlay-gradient":""},"mobile":{"background-color":"","background-image":"","background-repeat":"repeat","background-position":"center center","background-size":"auto","background-attachment":"scroll","background-type":"","background-media":"","overlay-type":"","overlay-color":"","overlay-opacity":"","overlay-gradient":""}},"ast-content-background-meta":{"desktop":{"background-color":"var(--ast-global-color-4)","background-image":"","background-repeat":"repeat","background-position":"center center","background-size":"auto","background-attachment":"scroll","background-type":"","background-media":"","overlay-type":"","overlay-color":"","overlay-opacity":"","overlay-gradient":""},"tablet":{"background-color":"var(--ast-global-color-4)","background-image":"","background-repeat":"repeat","background-position":"center center","background-size":"auto","background-attachment":"scroll","background-type":"","background-media":"","overlay-type":"","overlay-color":"","overlay-opacity":"","overlay-gradient":""},"mobile":{"background-color":"var(--ast-global-color-4)","background-image":"","background-repeat":"repeat","background-position":"center center","background-size":"auto","background-attachment":"scroll","background-type":"","background-media":"","overlay-type":"","overlay-color":"","overlay-opacity":"","overlay-gradient":""}}},"product_brand":[],"product_cat":[31,15],"product_tag":[],"class_list":{"0":"post-15582","1":"product","2":"type-product","3":"status-publish","4":"has-post-thumbnail","6":"product_cat-grozine-literatura","7":"product_cat-uncategorized","8":"desktop-align-left","9":"tablet-align-left","10":"mobile-align-left","12":"first","13":"outofstock","14":"shipping-taxable","15":"purchasable","16":"product-type-simple"},"acf":[],"yoast_head":"<!-- This site is optimized with the Yoast SEO plugin v27.0 - https:\/\/yoast.com\/product\/yoast-seo-wordpress\/ -->\n<title>Doriano Gr\u0117jaus portretas<\/title>\n<meta name=\"description\" content=\"Tai vienintelis i\u0161spausdintas (1980 m.) angl\u0173 kilm\u0117s dramaturgo, poeto Oscar Wilde romanas, kuris ano meto Anglijoje am\u017einink\u0173 buvo vertinamas labai\" \/>\n<meta name=\"robots\" content=\"index, follow, max-snippet:-1, max-image-preview:large, max-video-preview:-1\" \/>\n<link rel=\"canonical\" href=\"https:\/\/skaitytaknyga.lt\/en\/produktas\/doriano-grejaus-portretas\/\" \/>\n<meta property=\"og:locale\" content=\"en_GB\" \/>\n<meta property=\"og:locale:alternate\" content=\"lt_LT\" \/>\n<meta property=\"og:type\" content=\"article\" \/>\n<meta property=\"og:title\" content=\"Doriano Gr\u0117jaus portretas\" \/>\n<meta property=\"og:description\" content=\"Tai vienintelis i\u0161spausdintas (1980 m.) angl\u0173 kilm\u0117s dramaturgo, poeto Oscar Wilde romanas, kuris ano meto Anglijoje am\u017einink\u0173 buvo vertinamas labai\" \/>\n<meta property=\"og:url\" content=\"https:\/\/skaitytaknyga.lt\/en\/produktas\/doriano-grejaus-portretas\/\" \/>\n<meta property=\"og:site_name\" content=\"Skaitytaknyga\" \/>\n<meta property=\"article:publisher\" content=\"https:\/\/www.facebook.com\/skaitytaknyga\/\" \/>\n<meta property=\"article:modified_time\" content=\"2025-06-30T19:12:02+00:00\" \/>\n<meta property=\"og:image\" content=\"https:\/\/skaitytaknyga.lt\/wp-content\/uploads\/2024\/12\/Doriano-Grejaus-portretas.webp\" \/>\n\t<meta property=\"og:image:width\" content=\"527\" \/>\n\t<meta property=\"og:image:height\" content=\"800\" \/>\n\t<meta property=\"og:image:type\" content=\"image\/webp\" \/>\n<meta name=\"twitter:card\" content=\"summary_large_image\" \/>\n<meta name=\"twitter:label1\" content=\"Estimated reading time\" \/>\n\t<meta name=\"twitter:data1\" content=\"1 minute\" \/>\n<script type=\"application\/ld+json\" class=\"yoast-schema-graph\">{\"@context\":\"https:\/\/schema.org\",\"@graph\":[{\"@type\":\"WebPage\",\"@id\":\"https:\/\/skaitytaknyga.lt\/produktas\/doriano-grejaus-portretas\/\",\"url\":\"https:\/\/skaitytaknyga.lt\/produktas\/doriano-grejaus-portretas\/\",\"name\":\"Doriano Gr\u0117jaus portretas\",\"isPartOf\":{\"@id\":\"https:\/\/skaitytaknyga.lt\/#website\"},\"primaryImageOfPage\":{\"@id\":\"https:\/\/skaitytaknyga.lt\/produktas\/doriano-grejaus-portretas\/#primaryimage\"},\"image\":{\"@id\":\"https:\/\/skaitytaknyga.lt\/produktas\/doriano-grejaus-portretas\/#primaryimage\"},\"thumbnailUrl\":\"https:\/\/skaitytaknyga.lt\/wp-content\/uploads\/2024\/12\/Doriano-Grejaus-portretas.webp\",\"datePublished\":\"2024-12-19T12:16:58+00:00\",\"dateModified\":\"2025-06-30T19:12:02+00:00\",\"description\":\"Tai vienintelis i\u0161spausdintas (1980 m.) angl\u0173 kilm\u0117s dramaturgo, poeto Oscar Wilde romanas, kuris ano meto Anglijoje am\u017einink\u0173 buvo vertinamas labai\",\"breadcrumb\":{\"@id\":\"https:\/\/skaitytaknyga.lt\/produktas\/doriano-grejaus-portretas\/#breadcrumb\"},\"inLanguage\":\"en-GB\",\"potentialAction\":[{\"@type\":\"ReadAction\",\"target\":[\"https:\/\/skaitytaknyga.lt\/produktas\/doriano-grejaus-portretas\/\"]}]},{\"@type\":\"ImageObject\",\"inLanguage\":\"en-GB\",\"@id\":\"https:\/\/skaitytaknyga.lt\/produktas\/doriano-grejaus-portretas\/#primaryimage\",\"url\":\"https:\/\/skaitytaknyga.lt\/wp-content\/uploads\/2024\/12\/Doriano-Grejaus-portretas.webp\",\"contentUrl\":\"https:\/\/skaitytaknyga.lt\/wp-content\/uploads\/2024\/12\/Doriano-Grejaus-portretas.webp\",\"width\":527,\"height\":800,\"caption\":\"Doriano Gr\u0117jaus portretas\"},{\"@type\":\"BreadcrumbList\",\"@id\":\"https:\/\/skaitytaknyga.lt\/produktas\/doriano-grejaus-portretas\/#breadcrumb\",\"itemListElement\":[{\"@type\":\"ListItem\",\"position\":1,\"name\":\"Home\",\"item\":\"https:\/\/skaitytaknyga.lt\/\"},{\"@type\":\"ListItem\",\"position\":2,\"name\":\"Parduotuv\u0117\",\"item\":\"https:\/\/skaitytaknyga.lt\/knygu-parduotuve\/\"},{\"@type\":\"ListItem\",\"position\":3,\"name\":\"Doriano Gr\u0117jaus portretas\"}]},{\"@type\":\"WebSite\",\"@id\":\"https:\/\/skaitytaknyga.lt\/#website\",\"url\":\"https:\/\/skaitytaknyga.lt\/\",\"name\":\"skaitytaknyga.lt\",\"description\":\"Skaitytaknyga.lt \u2013 tai ma\u017eas \u0161eimos verslas, kuris prasid\u0117jo nuo meil\u0117s knygoms ir siekio i\u0161gelb\u0117ti knygas nuo likimo prie konteinerio. Kas vienam nereikalingas daiktas \u2013 kitam lobis, o mes esame tarpininkai, kurie padeda abiems tapti laimingesniems ???? \u017dinome kaip nelengva i\u0161gyventi ma\u017eiems verslams, tad nuo \u0161iol, \u010dia rasite ir kit\u0173, ma\u017e\u0173 \u0161eim\u0173 versl\u0173, rank\u0173 darbo, dovan\u0173 sau ir artimiesiems.\",\"publisher\":{\"@id\":\"https:\/\/skaitytaknyga.lt\/#organization\"},\"potentialAction\":[{\"@type\":\"SearchAction\",\"target\":{\"@type\":\"EntryPoint\",\"urlTemplate\":\"https:\/\/skaitytaknyga.lt\/?s={search_term_string}\"},\"query-input\":{\"@type\":\"PropertyValueSpecification\",\"valueRequired\":true,\"valueName\":\"search_term_string\"}}],\"inLanguage\":\"en-GB\"},{\"@type\":\"Organization\",\"@id\":\"https:\/\/skaitytaknyga.lt\/#organization\",\"name\":\"skaitytaknyga.lt\",\"url\":\"https:\/\/skaitytaknyga.lt\/\",\"logo\":{\"@type\":\"ImageObject\",\"inLanguage\":\"en-GB\",\"@id\":\"https:\/\/skaitytaknyga.lt\/#\/schema\/logo\/image\/\",\"url\":\"https:\/\/skaitytaknyga.lt\/wp-content\/uploads\/2024\/05\/cropped-cropped-cropped-02_00843_jt3bggkj1j3HLc7SyY6rEUpg.jpeg\",\"contentUrl\":\"https:\/\/skaitytaknyga.lt\/wp-content\/uploads\/2024\/05\/cropped-cropped-cropped-02_00843_jt3bggkj1j3HLc7SyY6rEUpg.jpeg\",\"width\":1600,\"height\":1600,\"caption\":\"skaitytaknyga.lt\"},\"image\":{\"@id\":\"https:\/\/skaitytaknyga.lt\/#\/schema\/logo\/image\/\"},\"sameAs\":[\"https:\/\/www.facebook.com\/skaitytaknyga\/\"]}]}<\/script>\n<!-- \/ Yoast SEO plugin. -->","yoast_head_json":{"title":"Doriano Gr\u0117jaus portretas","description":"Tai vienintelis i\u0161spausdintas (1980 m.) angl\u0173 kilm\u0117s dramaturgo, poeto Oscar Wilde romanas, kuris ano meto Anglijoje am\u017einink\u0173 buvo vertinamas labai","robots":{"index":"index","follow":"follow","max-snippet":"max-snippet:-1","max-image-preview":"max-image-preview:large","max-video-preview":"max-video-preview:-1"},"canonical":"https:\/\/skaitytaknyga.lt\/en\/produktas\/doriano-grejaus-portretas\/","og_locale":"en_GB","og_type":"article","og_title":"[:lt]Doriano Gr\u0117jaus portretas[:] - Skaitytaknyga","og_description":"Tai vienintelis i\u0161spausdintas (1980 m.) angl\u0173 kilm\u0117s dramaturgo, poeto Oscar Wilde romanas, kuris ano meto Anglijoje am\u017einink\u0173 buvo vertinamas labai","og_url":"https:\/\/skaitytaknyga.lt\/en\/produktas\/doriano-grejaus-portretas\/","og_site_name":"Skaitytaknyga","article_publisher":"https:\/\/www.facebook.com\/skaitytaknyga\/","article_modified_time":"2025-06-30T19:12:02+00:00","og_image":[{"width":527,"height":800,"url":"https:\/\/skaitytaknyga.lt\/wp-content\/uploads\/2024\/12\/Doriano-Grejaus-portretas.webp","type":"image\/webp"}],"twitter_card":"summary_large_image","twitter_misc":{"Estimated reading time":"1 minute"},"schema":{"@context":"https:\/\/schema.org","@graph":[{"@type":"WebPage","@id":"https:\/\/skaitytaknyga.lt\/produktas\/doriano-grejaus-portretas\/","url":"https:\/\/skaitytaknyga.lt\/produktas\/doriano-grejaus-portretas\/","name":"Doriano Gr\u0117jaus portretas","isPartOf":{"@id":"https:\/\/skaitytaknyga.lt\/#website"},"primaryImageOfPage":{"@id":"https:\/\/skaitytaknyga.lt\/produktas\/doriano-grejaus-portretas\/#primaryimage"},"image":{"@id":"https:\/\/skaitytaknyga.lt\/produktas\/doriano-grejaus-portretas\/#primaryimage"},"thumbnailUrl":"https:\/\/skaitytaknyga.lt\/wp-content\/uploads\/2024\/12\/Doriano-Grejaus-portretas.webp","datePublished":"2024-12-19T12:16:58+00:00","dateModified":"2025-06-30T19:12:02+00:00","description":"Tai vienintelis i\u0161spausdintas (1980 m.) angl\u0173 kilm\u0117s dramaturgo, poeto Oscar Wilde romanas, kuris ano meto Anglijoje am\u017einink\u0173 buvo vertinamas labai","breadcrumb":{"@id":"https:\/\/skaitytaknyga.lt\/produktas\/doriano-grejaus-portretas\/#breadcrumb"},"inLanguage":"en-GB","potentialAction":[{"@type":"ReadAction","target":["https:\/\/skaitytaknyga.lt\/produktas\/doriano-grejaus-portretas\/"]}]},{"@type":"ImageObject","inLanguage":"en-GB","@id":"https:\/\/skaitytaknyga.lt\/produktas\/doriano-grejaus-portretas\/#primaryimage","url":"https:\/\/skaitytaknyga.lt\/wp-content\/uploads\/2024\/12\/Doriano-Grejaus-portretas.webp","contentUrl":"https:\/\/skaitytaknyga.lt\/wp-content\/uploads\/2024\/12\/Doriano-Grejaus-portretas.webp","width":527,"height":800,"caption":"Doriano Gr\u0117jaus portretas"},{"@type":"BreadcrumbList","@id":"https:\/\/skaitytaknyga.lt\/produktas\/doriano-grejaus-portretas\/#breadcrumb","itemListElement":[{"@type":"ListItem","position":1,"name":"Home","item":"https:\/\/skaitytaknyga.lt\/"},{"@type":"ListItem","position":2,"name":"Parduotuv\u0117","item":"https:\/\/skaitytaknyga.lt\/knygu-parduotuve\/"},{"@type":"ListItem","position":3,"name":"Doriano Gr\u0117jaus portretas"}]},{"@type":"WebSite","@id":"https:\/\/skaitytaknyga.lt\/#website","url":"https:\/\/skaitytaknyga.lt\/","name":"skaitytaknyga.lt","description":"Skaitytaknyga.lt \u2013 tai ma\u017eas \u0161eimos verslas, kuris prasid\u0117jo nuo meil\u0117s knygoms ir siekio i\u0161gelb\u0117ti knygas nuo likimo prie konteinerio. Kas vienam nereikalingas daiktas \u2013 kitam lobis, o mes esame tarpininkai, kurie padeda abiems tapti laimingesniems ???? \u017dinome kaip nelengva i\u0161gyventi ma\u017eiems verslams, tad nuo \u0161iol, \u010dia rasite ir kit\u0173, ma\u017e\u0173 \u0161eim\u0173 versl\u0173, rank\u0173 darbo, dovan\u0173 sau ir artimiesiems.","publisher":{"@id":"https:\/\/skaitytaknyga.lt\/#organization"},"potentialAction":[{"@type":"SearchAction","target":{"@type":"EntryPoint","urlTemplate":"https:\/\/skaitytaknyga.lt\/?s={search_term_string}"},"query-input":{"@type":"PropertyValueSpecification","valueRequired":true,"valueName":"search_term_string"}}],"inLanguage":"en-GB"},{"@type":"Organization","@id":"https:\/\/skaitytaknyga.lt\/#organization","name":"skaitytaknyga.lt","url":"https:\/\/skaitytaknyga.lt\/","logo":{"@type":"ImageObject","inLanguage":"en-GB","@id":"https:\/\/skaitytaknyga.lt\/#\/schema\/logo\/image\/","url":"https:\/\/skaitytaknyga.lt\/wp-content\/uploads\/2024\/05\/cropped-cropped-cropped-02_00843_jt3bggkj1j3HLc7SyY6rEUpg.jpeg","contentUrl":"https:\/\/skaitytaknyga.lt\/wp-content\/uploads\/2024\/05\/cropped-cropped-cropped-02_00843_jt3bggkj1j3HLc7SyY6rEUpg.jpeg","width":1600,"height":1600,"caption":"skaitytaknyga.lt"},"image":{"@id":"https:\/\/skaitytaknyga.lt\/#\/schema\/logo\/image\/"},"sameAs":["https:\/\/www.facebook.com\/skaitytaknyga\/"]}]}},"_links":{"self":[{"href":"https:\/\/skaitytaknyga.lt\/en\/wp-json\/wp\/v2\/product\/15582","targetHints":{"allow":["GET"]}}],"collection":[{"href":"https:\/\/skaitytaknyga.lt\/en\/wp-json\/wp\/v2\/product"}],"about":[{"href":"https:\/\/skaitytaknyga.lt\/en\/wp-json\/wp\/v2\/types\/product"}],"replies":[{"embeddable":true,"href":"https:\/\/skaitytaknyga.lt\/en\/wp-json\/wp\/v2\/comments?post=15582"}],"wp:featuredmedia":[{"embeddable":true,"href":"https:\/\/skaitytaknyga.lt\/en\/wp-json\/wp\/v2\/media\/15610"}],"wp:attachment":[{"href":"https:\/\/skaitytaknyga.lt\/en\/wp-json\/wp\/v2\/media?parent=15582"}],"wp:term":[{"taxonomy":"product_brand","embeddable":true,"href":"https:\/\/skaitytaknyga.lt\/en\/wp-json\/wp\/v2\/product_brand?post=15582"},{"taxonomy":"product_cat","embeddable":true,"href":"https:\/\/skaitytaknyga.lt\/en\/wp-json\/wp\/v2\/product_cat?post=15582"},{"taxonomy":"product_tag","embeddable":true,"href":"https:\/\/skaitytaknyga.lt\/en\/wp-json\/wp\/v2\/product_tag?post=15582"}],"curies":[{"name":"wp","href":"https:\/\/api.w.org\/{rel}","templated":true}]}}