{"id":15580,"date":"2024-12-19T11:10:07","date_gmt":"2024-12-19T09:10:07","guid":{"rendered":"https:\/\/skaitytaknyga.lt\/?post_type=product&#038;p=15580"},"modified":"2024-12-23T09:22:49","modified_gmt":"2024-12-23T07:22:49","slug":"nezudyk-strazdo-giesmininko","status":"publish","type":"product","link":"https:\/\/skaitytaknyga.lt\/en\/produktas\/nezudyk-strazdo-giesmininko\/","title":{"rendered":"Ne\u017eudyk strazdo giesmininko"},"content":{"rendered":"<p>Garbingo gyvenimo kukli pamoka \u2014 taip keliais \u017eod\u017eiais b\u016bt\u0173 galima apib\u016bdinti \u0161i\u0105 knyg\u0105. Ir dar: nemanykite, kad tik vaikai turi mokytis i\u0161 suaugusi\u0173j\u0173 \u2014 kai ko ir suaug\u0119 gali pasimokyti i\u0161 vaik\u0173.<\/p>\n<p>Romanas pilnas \u0161viesaus li\u016bdesio ir tylaus d\u017eiaugsmo, kuriuos \u017emogui atne\u0161a s\u0105\u017einingumas ir tolerancija, o atima \u017eiaurumas ir prietarai. Nors vaizduojami \u012fvykiai yra tarsi toli nuo m\u016bs\u0173, autor\u0117s i\u0161pa\u017e\u012fstamos vertyb\u0117s aktualios visiems \u017emon\u0117ms, kad ir kokiame pasaulio kampelyje jie gyvent\u0173.<\/p>\n<p>\u201eNe\u017eudyk strazdo giesmininko&#8221;, i\u0161spausdintas 1960 m., jau po met\u0173 gavo presti\u017ein\u0119 Pulicerio premij\u0105 ir paplito po daugel\u012f pasaulio \u0161ali\u0173.<\/p>\n<p>Harper Lee gim\u0117 1926 metais pietin\u0117je Amerikos valstijoje Alabamoje, studijavo teis\u0119 Alabamos ir Oksfordo universitetuose. \u201eNe\u017eudyk strazdo giesmininko&#8221; \u2013 pirmasis romanas, i\u0161spausdintas 1960 m., jau po met\u0173 gavo presti\u017ein\u0119 Pulicerio premij\u0105 ir paplito po daugel\u012f pasaulio \u0161ali\u0173.<\/p>\n<ul class=\"about-product d-none d-xl-block mt-4\">\n<li><strong>Autorius:<\/strong>\u00a0Harper Lee<\/li>\n<li><strong>Metai:<\/strong>\u00a02003<\/li>\n<li><strong>Puslapiai:<\/strong>\u00a0367<\/li>\n<li class=\"toggleable type-new-formats \"><strong>Formatas:<\/strong>\u00a013 x 20 cm, kieti vir\u0161eliai<\/li>\n<li><strong>Kalba:<\/strong>\u00a0Lietuvi\u0173<\/li>\n<\/ul>\n","protected":false},"excerpt":{"rendered":"<p>Garbingo gyvenimo kukli pamoka \u2014 taip keliais \u017eod\u017eiais b\u016bt\u0173 galima apib\u016bdinti \u0161i\u0105 knyg\u0105. Ir dar: nemanykite, kad tik vaikai turi mokytis i\u0161 suaugusi\u0173j\u0173 \u2014 kai ko ir suaug\u0119 gali pasimokyti i\u0161 vaik\u0173. Romanas pilnas \u0161viesaus li\u016bdesio ir tylaus d\u017eiaugsmo, kuriuos \u017emogui atne\u0161a s\u0105\u017einingumas ir tolerancija, o atima \u017eiaurumas ir prietarai. Nors vaizduojami \u012fvykiai yra tarsi toli nuo m\u016bs\u0173, autor\u0117s i\u0161pa\u017e\u012fstamos vertyb\u0117s aktualios visiems \u017emon\u0117ms, kad ir kokiame pasaulio kampelyje jie gyvent\u0173. \u201eNe\u017eudyk strazdo giesmininko&#8221;, i\u0161spausdintas 1960 m., jau po met\u0173 gavo presti\u017ein\u0119 Pulicerio premij\u0105 ir paplito po daugel\u012f pasaulio \u0161ali\u0173. Harper Lee gim\u0117 1926 metais pietin\u0117je Amerikos valstijoje Alabamoje, studijavo teis\u0119 Alabamos ir Oksfordo universitetuose. \u201eNe\u017eudyk strazdo giesmininko&#8221; \u2013 pirmasis romanas, i\u0161spausdintas 1960 m., jau po met\u0173 gavo presti\u017ein\u0119 Pulicerio premij\u0105 ir paplito po daugel\u012f pasaulio \u0161ali\u0173. Autorius:\u00a0Harper Lee Metai:\u00a02003 Puslapiai:\u00a0367 Formatas:\u00a013 x 20 cm, kieti vir\u0161eliai Kalba:\u00a0Lietuvi\u0173<\/p>\n","protected":false},"featured_media":15671,"comment_status":"open","ping_status":"closed","template":"","meta":{"_acf_changed":false,"site-sidebar-layout":"default","site-content-layout":"","ast-site-content-layout":"default","site-content-style":"default","site-sidebar-style":"default","ast-global-header-display":"","ast-banner-title-visibility":"","ast-main-header-display":"","ast-hfb-above-header-display":"","ast-hfb-below-header-display":"","ast-hfb-mobile-header-display":"","site-post-title":"","ast-breadcrumbs-content":"","ast-featured-img":"","footer-sml-layout":"","ast-disable-related-posts":"","theme-transparent-header-meta":"default","adv-header-id-meta":"","stick-header-meta":"","header-above-stick-meta":"","header-main-stick-meta":"","header-below-stick-meta":"","astra-migrate-meta-layouts":"set","ast-page-background-enabled":"default","ast-page-background-meta":{"desktop":{"background-color":"","background-image":"","background-repeat":"repeat","background-position":"center center","background-size":"auto","background-attachment":"scroll","background-type":"","background-media":"","overlay-type":"","overlay-color":"","overlay-opacity":"","overlay-gradient":""},"tablet":{"background-color":"","background-image":"","background-repeat":"repeat","background-position":"center center","background-size":"auto","background-attachment":"scroll","background-type":"","background-media":"","overlay-type":"","overlay-color":"","overlay-opacity":"","overlay-gradient":""},"mobile":{"background-color":"","background-image":"","background-repeat":"repeat","background-position":"center center","background-size":"auto","background-attachment":"scroll","background-type":"","background-media":"","overlay-type":"","overlay-color":"","overlay-opacity":"","overlay-gradient":""}},"ast-content-background-meta":{"desktop":{"background-color":"var(--ast-global-color-4)","background-image":"","background-repeat":"repeat","background-position":"center center","background-size":"auto","background-attachment":"scroll","background-type":"","background-media":"","overlay-type":"","overlay-color":"","overlay-opacity":"","overlay-gradient":""},"tablet":{"background-color":"var(--ast-global-color-4)","background-image":"","background-repeat":"repeat","background-position":"center center","background-size":"auto","background-attachment":"scroll","background-type":"","background-media":"","overlay-type":"","overlay-color":"","overlay-opacity":"","overlay-gradient":""},"mobile":{"background-color":"var(--ast-global-color-4)","background-image":"","background-repeat":"repeat","background-position":"center center","background-size":"auto","background-attachment":"scroll","background-type":"","background-media":"","overlay-type":"","overlay-color":"","overlay-opacity":"","overlay-gradient":""}}},"product_brand":[],"product_cat":[31,15],"product_tag":[],"class_list":{"0":"post-15580","1":"product","2":"type-product","3":"status-publish","4":"has-post-thumbnail","6":"product_cat-grozine-literatura","7":"product_cat-uncategorized","8":"desktop-align-left","9":"tablet-align-left","10":"mobile-align-left","12":"first","13":"instock","14":"shipping-taxable","15":"purchasable","16":"product-type-simple"},"acf":[],"yoast_head":"<!-- This site is optimized with the Yoast SEO plugin v27.0 - https:\/\/yoast.com\/product\/yoast-seo-wordpress\/ -->\n<title>Ne\u017eudyk strazdo giesmininko<\/title>\n<meta name=\"description\" content=\"Garbingo gyvenimo kukli pamoka \u2014 taip keliais \u017eod\u017eiais b\u016bt\u0173 galima apib\u016bdinti \u0161i\u0105 knyg\u0105. Ir dar: nemanykite, kad tik vaikai turi mokytis i\u0161 suaugusi\u0173j\u0173 \u2014\" \/>\n<meta name=\"robots\" content=\"index, follow, max-snippet:-1, max-image-preview:large, max-video-preview:-1\" \/>\n<link rel=\"canonical\" href=\"https:\/\/skaitytaknyga.lt\/en\/produktas\/nezudyk-strazdo-giesmininko\/\" \/>\n<meta property=\"og:locale\" content=\"en_GB\" \/>\n<meta property=\"og:locale:alternate\" content=\"lt_LT\" \/>\n<meta property=\"og:type\" content=\"article\" \/>\n<meta property=\"og:title\" content=\"Ne\u017eudyk strazdo giesmininko\" \/>\n<meta property=\"og:description\" content=\"Garbingo gyvenimo kukli pamoka \u2014 taip keliais \u017eod\u017eiais b\u016bt\u0173 galima apib\u016bdinti \u0161i\u0105 knyg\u0105. Ir dar: nemanykite, kad tik vaikai turi mokytis i\u0161 suaugusi\u0173j\u0173 \u2014\" \/>\n<meta property=\"og:url\" content=\"https:\/\/skaitytaknyga.lt\/en\/produktas\/nezudyk-strazdo-giesmininko\/\" \/>\n<meta property=\"og:site_name\" content=\"Skaitytaknyga\" \/>\n<meta property=\"article:publisher\" content=\"https:\/\/www.facebook.com\/skaitytaknyga\/\" \/>\n<meta property=\"article:modified_time\" content=\"2024-12-23T07:22:49+00:00\" \/>\n<meta property=\"og:image\" content=\"https:\/\/skaitytaknyga.lt\/wp-content\/uploads\/2024\/12\/Nezudyk-strazdo-giesmininko.webp\" \/>\n\t<meta property=\"og:image:width\" content=\"265\" \/>\n\t<meta property=\"og:image:height\" content=\"441\" \/>\n\t<meta property=\"og:image:type\" content=\"image\/webp\" \/>\n<meta name=\"twitter:card\" content=\"summary_large_image\" \/>\n<meta name=\"twitter:label1\" content=\"Estimated reading time\" \/>\n\t<meta name=\"twitter:data1\" content=\"1 minute\" \/>\n<script type=\"application\/ld+json\" class=\"yoast-schema-graph\">{\"@context\":\"https:\/\/schema.org\",\"@graph\":[{\"@type\":\"WebPage\",\"@id\":\"https:\/\/skaitytaknyga.lt\/produktas\/nezudyk-strazdo-giesmininko\/\",\"url\":\"https:\/\/skaitytaknyga.lt\/produktas\/nezudyk-strazdo-giesmininko\/\",\"name\":\"Ne\u017eudyk strazdo giesmininko\",\"isPartOf\":{\"@id\":\"https:\/\/skaitytaknyga.lt\/#website\"},\"primaryImageOfPage\":{\"@id\":\"https:\/\/skaitytaknyga.lt\/produktas\/nezudyk-strazdo-giesmininko\/#primaryimage\"},\"image\":{\"@id\":\"https:\/\/skaitytaknyga.lt\/produktas\/nezudyk-strazdo-giesmininko\/#primaryimage\"},\"thumbnailUrl\":\"https:\/\/skaitytaknyga.lt\/wp-content\/uploads\/2024\/12\/Nezudyk-strazdo-giesmininko.webp\",\"datePublished\":\"2024-12-19T09:10:07+00:00\",\"dateModified\":\"2024-12-23T07:22:49+00:00\",\"description\":\"Garbingo gyvenimo kukli pamoka \u2014 taip keliais \u017eod\u017eiais b\u016bt\u0173 galima apib\u016bdinti \u0161i\u0105 knyg\u0105. Ir dar: nemanykite, kad tik vaikai turi mokytis i\u0161 suaugusi\u0173j\u0173 \u2014\",\"breadcrumb\":{\"@id\":\"https:\/\/skaitytaknyga.lt\/produktas\/nezudyk-strazdo-giesmininko\/#breadcrumb\"},\"inLanguage\":\"en-GB\",\"potentialAction\":[{\"@type\":\"ReadAction\",\"target\":[\"https:\/\/skaitytaknyga.lt\/produktas\/nezudyk-strazdo-giesmininko\/\"]}]},{\"@type\":\"ImageObject\",\"inLanguage\":\"en-GB\",\"@id\":\"https:\/\/skaitytaknyga.lt\/produktas\/nezudyk-strazdo-giesmininko\/#primaryimage\",\"url\":\"https:\/\/skaitytaknyga.lt\/wp-content\/uploads\/2024\/12\/Nezudyk-strazdo-giesmininko.webp\",\"contentUrl\":\"https:\/\/skaitytaknyga.lt\/wp-content\/uploads\/2024\/12\/Nezudyk-strazdo-giesmininko.webp\",\"width\":265,\"height\":441,\"caption\":\"Ne\u017eudyk strazdo giesmininko\"},{\"@type\":\"BreadcrumbList\",\"@id\":\"https:\/\/skaitytaknyga.lt\/produktas\/nezudyk-strazdo-giesmininko\/#breadcrumb\",\"itemListElement\":[{\"@type\":\"ListItem\",\"position\":1,\"name\":\"Home\",\"item\":\"https:\/\/skaitytaknyga.lt\/\"},{\"@type\":\"ListItem\",\"position\":2,\"name\":\"Parduotuv\u0117\",\"item\":\"https:\/\/skaitytaknyga.lt\/knygu-parduotuve\/\"},{\"@type\":\"ListItem\",\"position\":3,\"name\":\"Ne\u017eudyk strazdo giesmininko\"}]},{\"@type\":\"WebSite\",\"@id\":\"https:\/\/skaitytaknyga.lt\/#website\",\"url\":\"https:\/\/skaitytaknyga.lt\/\",\"name\":\"skaitytaknyga.lt\",\"description\":\"Skaitytaknyga.lt \u2013 tai ma\u017eas \u0161eimos verslas, kuris prasid\u0117jo nuo meil\u0117s knygoms ir siekio i\u0161gelb\u0117ti knygas nuo likimo prie konteinerio. Kas vienam nereikalingas daiktas \u2013 kitam lobis, o mes esame tarpininkai, kurie padeda abiems tapti laimingesniems ???? \u017dinome kaip nelengva i\u0161gyventi ma\u017eiems verslams, tad nuo \u0161iol, \u010dia rasite ir kit\u0173, ma\u017e\u0173 \u0161eim\u0173 versl\u0173, rank\u0173 darbo, dovan\u0173 sau ir artimiesiems.\",\"publisher\":{\"@id\":\"https:\/\/skaitytaknyga.lt\/#organization\"},\"potentialAction\":[{\"@type\":\"SearchAction\",\"target\":{\"@type\":\"EntryPoint\",\"urlTemplate\":\"https:\/\/skaitytaknyga.lt\/?s={search_term_string}\"},\"query-input\":{\"@type\":\"PropertyValueSpecification\",\"valueRequired\":true,\"valueName\":\"search_term_string\"}}],\"inLanguage\":\"en-GB\"},{\"@type\":\"Organization\",\"@id\":\"https:\/\/skaitytaknyga.lt\/#organization\",\"name\":\"skaitytaknyga.lt\",\"url\":\"https:\/\/skaitytaknyga.lt\/\",\"logo\":{\"@type\":\"ImageObject\",\"inLanguage\":\"en-GB\",\"@id\":\"https:\/\/skaitytaknyga.lt\/#\/schema\/logo\/image\/\",\"url\":\"https:\/\/skaitytaknyga.lt\/wp-content\/uploads\/2024\/05\/cropped-cropped-cropped-02_00843_jt3bggkj1j3HLc7SyY6rEUpg.jpeg\",\"contentUrl\":\"https:\/\/skaitytaknyga.lt\/wp-content\/uploads\/2024\/05\/cropped-cropped-cropped-02_00843_jt3bggkj1j3HLc7SyY6rEUpg.jpeg\",\"width\":1600,\"height\":1600,\"caption\":\"skaitytaknyga.lt\"},\"image\":{\"@id\":\"https:\/\/skaitytaknyga.lt\/#\/schema\/logo\/image\/\"},\"sameAs\":[\"https:\/\/www.facebook.com\/skaitytaknyga\/\"]}]}<\/script>\n<!-- \/ Yoast SEO plugin. -->","yoast_head_json":{"title":"Ne\u017eudyk strazdo giesmininko","description":"Garbingo gyvenimo kukli pamoka \u2014 taip keliais \u017eod\u017eiais b\u016bt\u0173 galima apib\u016bdinti \u0161i\u0105 knyg\u0105. Ir dar: nemanykite, kad tik vaikai turi mokytis i\u0161 suaugusi\u0173j\u0173 \u2014","robots":{"index":"index","follow":"follow","max-snippet":"max-snippet:-1","max-image-preview":"max-image-preview:large","max-video-preview":"max-video-preview:-1"},"canonical":"https:\/\/skaitytaknyga.lt\/en\/produktas\/nezudyk-strazdo-giesmininko\/","og_locale":"en_GB","og_type":"article","og_title":"[:lt]Ne\u017eudyk strazdo giesmininko[:] - Skaitytaknyga","og_description":"Garbingo gyvenimo kukli pamoka \u2014 taip keliais \u017eod\u017eiais b\u016bt\u0173 galima apib\u016bdinti \u0161i\u0105 knyg\u0105. Ir dar: nemanykite, kad tik vaikai turi mokytis i\u0161 suaugusi\u0173j\u0173 \u2014","og_url":"https:\/\/skaitytaknyga.lt\/en\/produktas\/nezudyk-strazdo-giesmininko\/","og_site_name":"Skaitytaknyga","article_publisher":"https:\/\/www.facebook.com\/skaitytaknyga\/","article_modified_time":"2024-12-23T07:22:49+00:00","og_image":[{"width":265,"height":441,"url":"https:\/\/skaitytaknyga.lt\/wp-content\/uploads\/2024\/12\/Nezudyk-strazdo-giesmininko.webp","type":"image\/webp"}],"twitter_card":"summary_large_image","twitter_misc":{"Estimated reading time":"1 minute"},"schema":{"@context":"https:\/\/schema.org","@graph":[{"@type":"WebPage","@id":"https:\/\/skaitytaknyga.lt\/produktas\/nezudyk-strazdo-giesmininko\/","url":"https:\/\/skaitytaknyga.lt\/produktas\/nezudyk-strazdo-giesmininko\/","name":"Ne\u017eudyk strazdo giesmininko","isPartOf":{"@id":"https:\/\/skaitytaknyga.lt\/#website"},"primaryImageOfPage":{"@id":"https:\/\/skaitytaknyga.lt\/produktas\/nezudyk-strazdo-giesmininko\/#primaryimage"},"image":{"@id":"https:\/\/skaitytaknyga.lt\/produktas\/nezudyk-strazdo-giesmininko\/#primaryimage"},"thumbnailUrl":"https:\/\/skaitytaknyga.lt\/wp-content\/uploads\/2024\/12\/Nezudyk-strazdo-giesmininko.webp","datePublished":"2024-12-19T09:10:07+00:00","dateModified":"2024-12-23T07:22:49+00:00","description":"Garbingo gyvenimo kukli pamoka \u2014 taip keliais \u017eod\u017eiais b\u016bt\u0173 galima apib\u016bdinti \u0161i\u0105 knyg\u0105. Ir dar: nemanykite, kad tik vaikai turi mokytis i\u0161 suaugusi\u0173j\u0173 \u2014","breadcrumb":{"@id":"https:\/\/skaitytaknyga.lt\/produktas\/nezudyk-strazdo-giesmininko\/#breadcrumb"},"inLanguage":"en-GB","potentialAction":[{"@type":"ReadAction","target":["https:\/\/skaitytaknyga.lt\/produktas\/nezudyk-strazdo-giesmininko\/"]}]},{"@type":"ImageObject","inLanguage":"en-GB","@id":"https:\/\/skaitytaknyga.lt\/produktas\/nezudyk-strazdo-giesmininko\/#primaryimage","url":"https:\/\/skaitytaknyga.lt\/wp-content\/uploads\/2024\/12\/Nezudyk-strazdo-giesmininko.webp","contentUrl":"https:\/\/skaitytaknyga.lt\/wp-content\/uploads\/2024\/12\/Nezudyk-strazdo-giesmininko.webp","width":265,"height":441,"caption":"Ne\u017eudyk strazdo giesmininko"},{"@type":"BreadcrumbList","@id":"https:\/\/skaitytaknyga.lt\/produktas\/nezudyk-strazdo-giesmininko\/#breadcrumb","itemListElement":[{"@type":"ListItem","position":1,"name":"Home","item":"https:\/\/skaitytaknyga.lt\/"},{"@type":"ListItem","position":2,"name":"Parduotuv\u0117","item":"https:\/\/skaitytaknyga.lt\/knygu-parduotuve\/"},{"@type":"ListItem","position":3,"name":"Ne\u017eudyk strazdo giesmininko"}]},{"@type":"WebSite","@id":"https:\/\/skaitytaknyga.lt\/#website","url":"https:\/\/skaitytaknyga.lt\/","name":"skaitytaknyga.lt","description":"Skaitytaknyga.lt \u2013 tai ma\u017eas \u0161eimos verslas, kuris prasid\u0117jo nuo meil\u0117s knygoms ir siekio i\u0161gelb\u0117ti knygas nuo likimo prie konteinerio. Kas vienam nereikalingas daiktas \u2013 kitam lobis, o mes esame tarpininkai, kurie padeda abiems tapti laimingesniems ???? \u017dinome kaip nelengva i\u0161gyventi ma\u017eiems verslams, tad nuo \u0161iol, \u010dia rasite ir kit\u0173, ma\u017e\u0173 \u0161eim\u0173 versl\u0173, rank\u0173 darbo, dovan\u0173 sau ir artimiesiems.","publisher":{"@id":"https:\/\/skaitytaknyga.lt\/#organization"},"potentialAction":[{"@type":"SearchAction","target":{"@type":"EntryPoint","urlTemplate":"https:\/\/skaitytaknyga.lt\/?s={search_term_string}"},"query-input":{"@type":"PropertyValueSpecification","valueRequired":true,"valueName":"search_term_string"}}],"inLanguage":"en-GB"},{"@type":"Organization","@id":"https:\/\/skaitytaknyga.lt\/#organization","name":"skaitytaknyga.lt","url":"https:\/\/skaitytaknyga.lt\/","logo":{"@type":"ImageObject","inLanguage":"en-GB","@id":"https:\/\/skaitytaknyga.lt\/#\/schema\/logo\/image\/","url":"https:\/\/skaitytaknyga.lt\/wp-content\/uploads\/2024\/05\/cropped-cropped-cropped-02_00843_jt3bggkj1j3HLc7SyY6rEUpg.jpeg","contentUrl":"https:\/\/skaitytaknyga.lt\/wp-content\/uploads\/2024\/05\/cropped-cropped-cropped-02_00843_jt3bggkj1j3HLc7SyY6rEUpg.jpeg","width":1600,"height":1600,"caption":"skaitytaknyga.lt"},"image":{"@id":"https:\/\/skaitytaknyga.lt\/#\/schema\/logo\/image\/"},"sameAs":["https:\/\/www.facebook.com\/skaitytaknyga\/"]}]}},"_links":{"self":[{"href":"https:\/\/skaitytaknyga.lt\/en\/wp-json\/wp\/v2\/product\/15580","targetHints":{"allow":["GET"]}}],"collection":[{"href":"https:\/\/skaitytaknyga.lt\/en\/wp-json\/wp\/v2\/product"}],"about":[{"href":"https:\/\/skaitytaknyga.lt\/en\/wp-json\/wp\/v2\/types\/product"}],"replies":[{"embeddable":true,"href":"https:\/\/skaitytaknyga.lt\/en\/wp-json\/wp\/v2\/comments?post=15580"}],"wp:featuredmedia":[{"embeddable":true,"href":"https:\/\/skaitytaknyga.lt\/en\/wp-json\/wp\/v2\/media\/15671"}],"wp:attachment":[{"href":"https:\/\/skaitytaknyga.lt\/en\/wp-json\/wp\/v2\/media?parent=15580"}],"wp:term":[{"taxonomy":"product_brand","embeddable":true,"href":"https:\/\/skaitytaknyga.lt\/en\/wp-json\/wp\/v2\/product_brand?post=15580"},{"taxonomy":"product_cat","embeddable":true,"href":"https:\/\/skaitytaknyga.lt\/en\/wp-json\/wp\/v2\/product_cat?post=15580"},{"taxonomy":"product_tag","embeddable":true,"href":"https:\/\/skaitytaknyga.lt\/en\/wp-json\/wp\/v2\/product_tag?post=15580"}],"curies":[{"name":"wp","href":"https:\/\/api.w.org\/{rel}","templated":true}]}}