{"id":15579,"date":"2024-12-19T11:10:07","date_gmt":"2024-12-19T09:10:07","guid":{"rendered":"https:\/\/skaitytaknyga.lt\/?post_type=product&#038;p=15579"},"modified":"2025-05-24T20:32:56","modified_gmt":"2025-05-24T17:32:56","slug":"romeo-ir-dzuljeta","status":"publish","type":"product","link":"https:\/\/skaitytaknyga.lt\/en\/produktas\/romeo-ir-dzuljeta\/","title":{"rendered":"Romeo ir D\u017euljeta"},"content":{"rendered":"<p>\u201eMokinio skaitini\u0173\u201c\u00a0serij\u0105 sudaro vir\u0161 150-ies pavadinim\u0173 knyg\u0173, kurias rekomenduoja \u0161vietimo programa. Svarbiausias \u0161ios serijos privalumas &#8211; nedidel\u0117 kaina ir adaptuotas turinys.<\/p>\n<p>\u0160iame \u201eMokinio skaitini\u0173\u201c leidinyje\u00a0spausdinama garsioji V. \u0160ekspyro tragedija &#8220;Romeo ir D\u017euljeta&#8221;.<\/p>\n<p><strong>Viljamas \u0160ekspyras<\/strong>\u00a0(angl.\u00a0<em>William Shakespeare<\/em>; pakrik\u0161tytas\u00a01564\u00a0m.\u00a0baland\u017eio 26\u00a0d.\u00a0Stratforde prie Eivono\u00a0\u2013 m.\u00a01616\u00a0m.\u00a0baland\u017eio 23\u00a0d. ten pat) \u2013 angl\u0173 ra\u0161ytojas, poetas ir dramaturgas. \u0160ekspyras laikomas vienu i\u0161 svarbiausi\u0173 angl\u0173 ir Vakar\u0173 Europos ra\u0161ytoj\u0173. Da\u017enai vadinamas Anglijos nacionaliniu poetu ir \u201eAvon bardu\u201c.\u00a0Iki \u0161iol yra i\u0161likusios 38 \u0160ekspyro pjes\u0117s, 154 sonetai, du eiliuoti epai ir keletas eil\u0117ra\u0161\u010di\u0173; kai kurie \u0161i\u0173 darb\u0173 gim\u0117 bendradarbiaujant su kitais ra\u0161ytojais. \u0160ekspyro pjes\u0117s buvo i\u0161verstos \u012f daugel\u012f kalb\u0173 ir tai yra dramaturgas, pagal kurio pjeses pastatoma daugiausia spektakli\u0173<\/p>\n<ul class=\"about-product d-none d-xl-block mt-4\">\n<li><strong>Autorius:<\/strong>\u00a0Viljamas \u0160ekspyras<\/li>\n<li><strong>Leid\u0117jas:<\/strong>\u00a0\u017daltvyksl\u0117<\/li>\n<li><strong>Metai:<\/strong>\u00a02007<\/li>\n<li><strong>Puslapiai:<\/strong>\u00a0174<\/li>\n<li class=\"toggleable type-new-formats \"><strong>ISBN:<\/strong>\u00a09789986062837<\/li>\n<li><strong>Versijos kodas:<\/strong>\u00a0PT.<\/li>\n<li class=\"toggleable type-new-formats \"><strong>Formatas:<\/strong>\u00a015 x 22 cm, mink\u0161ti vir\u0161eliai<\/li>\n<li><strong>Kalba:<\/strong>\u00a0Lietuvi\u0173<\/li>\n<\/ul>\n","protected":false},"excerpt":{"rendered":"<p>\u201eMokinio skaitini\u0173\u201c\u00a0serij\u0105 sudaro vir\u0161 150-ies pavadinim\u0173 knyg\u0173, kurias rekomenduoja \u0161vietimo programa. Svarbiausias \u0161ios serijos privalumas &#8211; nedidel\u0117 kaina ir adaptuotas turinys. \u0160iame \u201eMokinio skaitini\u0173\u201c leidinyje\u00a0spausdinama garsioji V. \u0160ekspyro tragedija &#8220;Romeo ir D\u017euljeta&#8221;. Viljamas \u0160ekspyras\u00a0(angl.\u00a0William Shakespeare; pakrik\u0161tytas\u00a01564\u00a0m.\u00a0baland\u017eio 26\u00a0d.\u00a0Stratforde prie Eivono\u00a0\u2013 m.\u00a01616\u00a0m.\u00a0baland\u017eio 23\u00a0d. ten pat) \u2013 angl\u0173 ra\u0161ytojas, poetas ir dramaturgas. \u0160ekspyras laikomas vienu i\u0161 svarbiausi\u0173 angl\u0173 ir Vakar\u0173 Europos ra\u0161ytoj\u0173. Da\u017enai vadinamas Anglijos nacionaliniu poetu ir \u201eAvon bardu\u201c.\u00a0Iki \u0161iol yra i\u0161likusios 38 \u0160ekspyro pjes\u0117s, 154 sonetai, du eiliuoti epai ir keletas eil\u0117ra\u0161\u010di\u0173; kai kurie \u0161i\u0173 darb\u0173 gim\u0117 bendradarbiaujant su kitais ra\u0161ytojais. \u0160ekspyro pjes\u0117s buvo i\u0161verstos \u012f daugel\u012f kalb\u0173 ir tai yra dramaturgas, pagal kurio pjeses pastatoma daugiausia spektakli\u0173 Autorius:\u00a0Viljamas \u0160ekspyras Leid\u0117jas:\u00a0\u017daltvyksl\u0117 Metai:\u00a02007 Puslapiai:\u00a0174 ISBN:\u00a09789986062837 Versijos kodas:\u00a0PT. Formatas:\u00a015 x 22 cm, mink\u0161ti vir\u0161eliai Kalba:\u00a0Lietuvi\u0173<\/p>\n","protected":false},"featured_media":15672,"comment_status":"open","ping_status":"closed","template":"","meta":{"_acf_changed":false,"site-sidebar-layout":"default","site-content-layout":"","ast-site-content-layout":"default","site-content-style":"default","site-sidebar-style":"default","ast-global-header-display":"","ast-banner-title-visibility":"","ast-main-header-display":"","ast-hfb-above-header-display":"","ast-hfb-below-header-display":"","ast-hfb-mobile-header-display":"","site-post-title":"","ast-breadcrumbs-content":"","ast-featured-img":"","footer-sml-layout":"","ast-disable-related-posts":"","theme-transparent-header-meta":"default","adv-header-id-meta":"","stick-header-meta":"","header-above-stick-meta":"","header-main-stick-meta":"","header-below-stick-meta":"","astra-migrate-meta-layouts":"set","ast-page-background-enabled":"default","ast-page-background-meta":{"desktop":{"background-color":"","background-image":"","background-repeat":"repeat","background-position":"center center","background-size":"auto","background-attachment":"scroll","background-type":"","background-media":"","overlay-type":"","overlay-color":"","overlay-opacity":"","overlay-gradient":""},"tablet":{"background-color":"","background-image":"","background-repeat":"repeat","background-position":"center center","background-size":"auto","background-attachment":"scroll","background-type":"","background-media":"","overlay-type":"","overlay-color":"","overlay-opacity":"","overlay-gradient":""},"mobile":{"background-color":"","background-image":"","background-repeat":"repeat","background-position":"center center","background-size":"auto","background-attachment":"scroll","background-type":"","background-media":"","overlay-type":"","overlay-color":"","overlay-opacity":"","overlay-gradient":""}},"ast-content-background-meta":{"desktop":{"background-color":"var(--ast-global-color-4)","background-image":"","background-repeat":"repeat","background-position":"center center","background-size":"auto","background-attachment":"scroll","background-type":"","background-media":"","overlay-type":"","overlay-color":"","overlay-opacity":"","overlay-gradient":""},"tablet":{"background-color":"var(--ast-global-color-4)","background-image":"","background-repeat":"repeat","background-position":"center center","background-size":"auto","background-attachment":"scroll","background-type":"","background-media":"","overlay-type":"","overlay-color":"","overlay-opacity":"","overlay-gradient":""},"mobile":{"background-color":"var(--ast-global-color-4)","background-image":"","background-repeat":"repeat","background-position":"center center","background-size":"auto","background-attachment":"scroll","background-type":"","background-media":"","overlay-type":"","overlay-color":"","overlay-opacity":"","overlay-gradient":""}}},"product_brand":[],"product_cat":[31,15],"product_tag":[],"class_list":{"0":"post-15579","1":"product","2":"type-product","3":"status-publish","4":"has-post-thumbnail","6":"product_cat-grozine-literatura","7":"product_cat-uncategorized","8":"desktop-align-left","9":"tablet-align-left","10":"mobile-align-left","12":"first","13":"instock","14":"shipping-taxable","15":"purchasable","16":"product-type-simple"},"acf":[],"yoast_head":"<!-- This site is optimized with the Yoast SEO plugin v27.0 - https:\/\/yoast.com\/product\/yoast-seo-wordpress\/ -->\n<title>Romeo ir D\u017euljeta<\/title>\n<meta name=\"description\" content=\"\u201eMokinio skaitini\u0173\u201c\u00a0serij\u0105 sudaro vir\u0161 150-ies pavadinim\u0173 knyg\u0173, kurias rekomenduoja \u0161vietimo programa. Svarbiausias \u0161ios serijos privalumas - nedidel\u0117\" \/>\n<meta name=\"robots\" content=\"index, follow, max-snippet:-1, max-image-preview:large, max-video-preview:-1\" \/>\n<link rel=\"canonical\" href=\"https:\/\/skaitytaknyga.lt\/en\/produktas\/romeo-ir-dzuljeta\/\" \/>\n<meta property=\"og:locale\" content=\"en_GB\" \/>\n<meta property=\"og:locale:alternate\" content=\"lt_LT\" \/>\n<meta property=\"og:type\" content=\"article\" \/>\n<meta property=\"og:title\" content=\"Romeo ir D\u017euljeta\" \/>\n<meta property=\"og:description\" content=\"\u201eMokinio skaitini\u0173\u201c\u00a0serij\u0105 sudaro vir\u0161 150-ies pavadinim\u0173 knyg\u0173, kurias rekomenduoja \u0161vietimo programa. Svarbiausias \u0161ios serijos privalumas - nedidel\u0117\" \/>\n<meta property=\"og:url\" content=\"https:\/\/skaitytaknyga.lt\/en\/produktas\/romeo-ir-dzuljeta\/\" \/>\n<meta property=\"og:site_name\" content=\"Skaitytaknyga\" \/>\n<meta property=\"article:publisher\" content=\"https:\/\/www.facebook.com\/skaitytaknyga\/\" \/>\n<meta property=\"article:modified_time\" content=\"2025-05-24T17:32:56+00:00\" \/>\n<meta property=\"og:image\" content=\"https:\/\/skaitytaknyga.lt\/wp-content\/uploads\/2024\/12\/Romeo-ir-Dzuljeta.webp\" \/>\n\t<meta property=\"og:image:width\" content=\"554\" \/>\n\t<meta property=\"og:image:height\" content=\"800\" \/>\n\t<meta property=\"og:image:type\" content=\"image\/webp\" \/>\n<meta name=\"twitter:card\" content=\"summary_large_image\" \/>\n<meta name=\"twitter:label1\" content=\"Estimated reading time\" \/>\n\t<meta name=\"twitter:data1\" content=\"1 minute\" \/>\n<script type=\"application\/ld+json\" class=\"yoast-schema-graph\">{\"@context\":\"https:\/\/schema.org\",\"@graph\":[{\"@type\":\"WebPage\",\"@id\":\"https:\/\/skaitytaknyga.lt\/produktas\/romeo-ir-dzuljeta\/\",\"url\":\"https:\/\/skaitytaknyga.lt\/produktas\/romeo-ir-dzuljeta\/\",\"name\":\"Romeo ir D\u017euljeta\",\"isPartOf\":{\"@id\":\"https:\/\/skaitytaknyga.lt\/#website\"},\"primaryImageOfPage\":{\"@id\":\"https:\/\/skaitytaknyga.lt\/produktas\/romeo-ir-dzuljeta\/#primaryimage\"},\"image\":{\"@id\":\"https:\/\/skaitytaknyga.lt\/produktas\/romeo-ir-dzuljeta\/#primaryimage\"},\"thumbnailUrl\":\"https:\/\/skaitytaknyga.lt\/wp-content\/uploads\/2024\/12\/Romeo-ir-Dzuljeta.webp\",\"datePublished\":\"2024-12-19T09:10:07+00:00\",\"dateModified\":\"2025-05-24T17:32:56+00:00\",\"description\":\"\u201eMokinio skaitini\u0173\u201c\u00a0serij\u0105 sudaro vir\u0161 150-ies pavadinim\u0173 knyg\u0173, kurias rekomenduoja \u0161vietimo programa. Svarbiausias \u0161ios serijos privalumas - nedidel\u0117\",\"breadcrumb\":{\"@id\":\"https:\/\/skaitytaknyga.lt\/produktas\/romeo-ir-dzuljeta\/#breadcrumb\"},\"inLanguage\":\"en-GB\",\"potentialAction\":[{\"@type\":\"ReadAction\",\"target\":[\"https:\/\/skaitytaknyga.lt\/produktas\/romeo-ir-dzuljeta\/\"]}]},{\"@type\":\"ImageObject\",\"inLanguage\":\"en-GB\",\"@id\":\"https:\/\/skaitytaknyga.lt\/produktas\/romeo-ir-dzuljeta\/#primaryimage\",\"url\":\"https:\/\/skaitytaknyga.lt\/wp-content\/uploads\/2024\/12\/Romeo-ir-Dzuljeta.webp\",\"contentUrl\":\"https:\/\/skaitytaknyga.lt\/wp-content\/uploads\/2024\/12\/Romeo-ir-Dzuljeta.webp\",\"width\":554,\"height\":800,\"caption\":\"Romeo ir D\u017euljeta\"},{\"@type\":\"BreadcrumbList\",\"@id\":\"https:\/\/skaitytaknyga.lt\/produktas\/romeo-ir-dzuljeta\/#breadcrumb\",\"itemListElement\":[{\"@type\":\"ListItem\",\"position\":1,\"name\":\"Home\",\"item\":\"https:\/\/skaitytaknyga.lt\/\"},{\"@type\":\"ListItem\",\"position\":2,\"name\":\"Parduotuv\u0117\",\"item\":\"https:\/\/skaitytaknyga.lt\/knygu-parduotuve\/\"},{\"@type\":\"ListItem\",\"position\":3,\"name\":\"Romeo ir D\u017euljeta\"}]},{\"@type\":\"WebSite\",\"@id\":\"https:\/\/skaitytaknyga.lt\/#website\",\"url\":\"https:\/\/skaitytaknyga.lt\/\",\"name\":\"skaitytaknyga.lt\",\"description\":\"Skaitytaknyga.lt \u2013 tai ma\u017eas \u0161eimos verslas, kuris prasid\u0117jo nuo meil\u0117s knygoms ir siekio i\u0161gelb\u0117ti knygas nuo likimo prie konteinerio. Kas vienam nereikalingas daiktas \u2013 kitam lobis, o mes esame tarpininkai, kurie padeda abiems tapti laimingesniems ???? \u017dinome kaip nelengva i\u0161gyventi ma\u017eiems verslams, tad nuo \u0161iol, \u010dia rasite ir kit\u0173, ma\u017e\u0173 \u0161eim\u0173 versl\u0173, rank\u0173 darbo, dovan\u0173 sau ir artimiesiems.\",\"publisher\":{\"@id\":\"https:\/\/skaitytaknyga.lt\/#organization\"},\"potentialAction\":[{\"@type\":\"SearchAction\",\"target\":{\"@type\":\"EntryPoint\",\"urlTemplate\":\"https:\/\/skaitytaknyga.lt\/?s={search_term_string}\"},\"query-input\":{\"@type\":\"PropertyValueSpecification\",\"valueRequired\":true,\"valueName\":\"search_term_string\"}}],\"inLanguage\":\"en-GB\"},{\"@type\":\"Organization\",\"@id\":\"https:\/\/skaitytaknyga.lt\/#organization\",\"name\":\"skaitytaknyga.lt\",\"url\":\"https:\/\/skaitytaknyga.lt\/\",\"logo\":{\"@type\":\"ImageObject\",\"inLanguage\":\"en-GB\",\"@id\":\"https:\/\/skaitytaknyga.lt\/#\/schema\/logo\/image\/\",\"url\":\"https:\/\/skaitytaknyga.lt\/wp-content\/uploads\/2024\/05\/cropped-cropped-cropped-02_00843_jt3bggkj1j3HLc7SyY6rEUpg.jpeg\",\"contentUrl\":\"https:\/\/skaitytaknyga.lt\/wp-content\/uploads\/2024\/05\/cropped-cropped-cropped-02_00843_jt3bggkj1j3HLc7SyY6rEUpg.jpeg\",\"width\":1600,\"height\":1600,\"caption\":\"skaitytaknyga.lt\"},\"image\":{\"@id\":\"https:\/\/skaitytaknyga.lt\/#\/schema\/logo\/image\/\"},\"sameAs\":[\"https:\/\/www.facebook.com\/skaitytaknyga\/\"]}]}<\/script>\n<!-- \/ Yoast SEO plugin. -->","yoast_head_json":{"title":"Romeo ir D\u017euljeta","description":"\u201eMokinio skaitini\u0173\u201c\u00a0serij\u0105 sudaro vir\u0161 150-ies pavadinim\u0173 knyg\u0173, kurias rekomenduoja \u0161vietimo programa. Svarbiausias \u0161ios serijos privalumas - nedidel\u0117","robots":{"index":"index","follow":"follow","max-snippet":"max-snippet:-1","max-image-preview":"max-image-preview:large","max-video-preview":"max-video-preview:-1"},"canonical":"https:\/\/skaitytaknyga.lt\/en\/produktas\/romeo-ir-dzuljeta\/","og_locale":"en_GB","og_type":"article","og_title":"[:lt]Romeo ir D\u017euljeta[:] - Skaitytaknyga","og_description":"\u201eMokinio skaitini\u0173\u201c\u00a0serij\u0105 sudaro vir\u0161 150-ies pavadinim\u0173 knyg\u0173, kurias rekomenduoja \u0161vietimo programa. Svarbiausias \u0161ios serijos privalumas - nedidel\u0117","og_url":"https:\/\/skaitytaknyga.lt\/en\/produktas\/romeo-ir-dzuljeta\/","og_site_name":"Skaitytaknyga","article_publisher":"https:\/\/www.facebook.com\/skaitytaknyga\/","article_modified_time":"2025-05-24T17:32:56+00:00","og_image":[{"width":554,"height":800,"url":"https:\/\/skaitytaknyga.lt\/wp-content\/uploads\/2024\/12\/Romeo-ir-Dzuljeta.webp","type":"image\/webp"}],"twitter_card":"summary_large_image","twitter_misc":{"Estimated reading time":"1 minute"},"schema":{"@context":"https:\/\/schema.org","@graph":[{"@type":"WebPage","@id":"https:\/\/skaitytaknyga.lt\/produktas\/romeo-ir-dzuljeta\/","url":"https:\/\/skaitytaknyga.lt\/produktas\/romeo-ir-dzuljeta\/","name":"Romeo ir D\u017euljeta","isPartOf":{"@id":"https:\/\/skaitytaknyga.lt\/#website"},"primaryImageOfPage":{"@id":"https:\/\/skaitytaknyga.lt\/produktas\/romeo-ir-dzuljeta\/#primaryimage"},"image":{"@id":"https:\/\/skaitytaknyga.lt\/produktas\/romeo-ir-dzuljeta\/#primaryimage"},"thumbnailUrl":"https:\/\/skaitytaknyga.lt\/wp-content\/uploads\/2024\/12\/Romeo-ir-Dzuljeta.webp","datePublished":"2024-12-19T09:10:07+00:00","dateModified":"2025-05-24T17:32:56+00:00","description":"\u201eMokinio skaitini\u0173\u201c\u00a0serij\u0105 sudaro vir\u0161 150-ies pavadinim\u0173 knyg\u0173, kurias rekomenduoja \u0161vietimo programa. Svarbiausias \u0161ios serijos privalumas - nedidel\u0117","breadcrumb":{"@id":"https:\/\/skaitytaknyga.lt\/produktas\/romeo-ir-dzuljeta\/#breadcrumb"},"inLanguage":"en-GB","potentialAction":[{"@type":"ReadAction","target":["https:\/\/skaitytaknyga.lt\/produktas\/romeo-ir-dzuljeta\/"]}]},{"@type":"ImageObject","inLanguage":"en-GB","@id":"https:\/\/skaitytaknyga.lt\/produktas\/romeo-ir-dzuljeta\/#primaryimage","url":"https:\/\/skaitytaknyga.lt\/wp-content\/uploads\/2024\/12\/Romeo-ir-Dzuljeta.webp","contentUrl":"https:\/\/skaitytaknyga.lt\/wp-content\/uploads\/2024\/12\/Romeo-ir-Dzuljeta.webp","width":554,"height":800,"caption":"Romeo ir D\u017euljeta"},{"@type":"BreadcrumbList","@id":"https:\/\/skaitytaknyga.lt\/produktas\/romeo-ir-dzuljeta\/#breadcrumb","itemListElement":[{"@type":"ListItem","position":1,"name":"Home","item":"https:\/\/skaitytaknyga.lt\/"},{"@type":"ListItem","position":2,"name":"Parduotuv\u0117","item":"https:\/\/skaitytaknyga.lt\/knygu-parduotuve\/"},{"@type":"ListItem","position":3,"name":"Romeo ir D\u017euljeta"}]},{"@type":"WebSite","@id":"https:\/\/skaitytaknyga.lt\/#website","url":"https:\/\/skaitytaknyga.lt\/","name":"skaitytaknyga.lt","description":"Skaitytaknyga.lt \u2013 tai ma\u017eas \u0161eimos verslas, kuris prasid\u0117jo nuo meil\u0117s knygoms ir siekio i\u0161gelb\u0117ti knygas nuo likimo prie konteinerio. Kas vienam nereikalingas daiktas \u2013 kitam lobis, o mes esame tarpininkai, kurie padeda abiems tapti laimingesniems ???? \u017dinome kaip nelengva i\u0161gyventi ma\u017eiems verslams, tad nuo \u0161iol, \u010dia rasite ir kit\u0173, ma\u017e\u0173 \u0161eim\u0173 versl\u0173, rank\u0173 darbo, dovan\u0173 sau ir artimiesiems.","publisher":{"@id":"https:\/\/skaitytaknyga.lt\/#organization"},"potentialAction":[{"@type":"SearchAction","target":{"@type":"EntryPoint","urlTemplate":"https:\/\/skaitytaknyga.lt\/?s={search_term_string}"},"query-input":{"@type":"PropertyValueSpecification","valueRequired":true,"valueName":"search_term_string"}}],"inLanguage":"en-GB"},{"@type":"Organization","@id":"https:\/\/skaitytaknyga.lt\/#organization","name":"skaitytaknyga.lt","url":"https:\/\/skaitytaknyga.lt\/","logo":{"@type":"ImageObject","inLanguage":"en-GB","@id":"https:\/\/skaitytaknyga.lt\/#\/schema\/logo\/image\/","url":"https:\/\/skaitytaknyga.lt\/wp-content\/uploads\/2024\/05\/cropped-cropped-cropped-02_00843_jt3bggkj1j3HLc7SyY6rEUpg.jpeg","contentUrl":"https:\/\/skaitytaknyga.lt\/wp-content\/uploads\/2024\/05\/cropped-cropped-cropped-02_00843_jt3bggkj1j3HLc7SyY6rEUpg.jpeg","width":1600,"height":1600,"caption":"skaitytaknyga.lt"},"image":{"@id":"https:\/\/skaitytaknyga.lt\/#\/schema\/logo\/image\/"},"sameAs":["https:\/\/www.facebook.com\/skaitytaknyga\/"]}]}},"_links":{"self":[{"href":"https:\/\/skaitytaknyga.lt\/en\/wp-json\/wp\/v2\/product\/15579","targetHints":{"allow":["GET"]}}],"collection":[{"href":"https:\/\/skaitytaknyga.lt\/en\/wp-json\/wp\/v2\/product"}],"about":[{"href":"https:\/\/skaitytaknyga.lt\/en\/wp-json\/wp\/v2\/types\/product"}],"replies":[{"embeddable":true,"href":"https:\/\/skaitytaknyga.lt\/en\/wp-json\/wp\/v2\/comments?post=15579"}],"wp:featuredmedia":[{"embeddable":true,"href":"https:\/\/skaitytaknyga.lt\/en\/wp-json\/wp\/v2\/media\/15672"}],"wp:attachment":[{"href":"https:\/\/skaitytaknyga.lt\/en\/wp-json\/wp\/v2\/media?parent=15579"}],"wp:term":[{"taxonomy":"product_brand","embeddable":true,"href":"https:\/\/skaitytaknyga.lt\/en\/wp-json\/wp\/v2\/product_brand?post=15579"},{"taxonomy":"product_cat","embeddable":true,"href":"https:\/\/skaitytaknyga.lt\/en\/wp-json\/wp\/v2\/product_cat?post=15579"},{"taxonomy":"product_tag","embeddable":true,"href":"https:\/\/skaitytaknyga.lt\/en\/wp-json\/wp\/v2\/product_tag?post=15579"}],"curies":[{"name":"wp","href":"https:\/\/api.w.org\/{rel}","templated":true}]}}