{"id":15578,"date":"2024-12-19T11:10:07","date_gmt":"2024-12-19T09:10:07","guid":{"rendered":"https:\/\/skaitytaknyga.lt\/?post_type=product&#038;p=15578"},"modified":"2026-03-10T10:17:54","modified_gmt":"2026-03-10T08:17:54","slug":"pieniu-vynas","status":"publish","type":"product","link":"https:\/\/skaitytaknyga.lt\/en\/produktas\/pieniu-vynas\/","title":{"rendered":"Pieni\u0173 vynas"},"content":{"rendered":"<p>\u201eLiterat\u016bra. Svarbiausi tekstai\u201c \u2013 tai serija knyg\u0173, supa\u017eindinan\u010di\u0173 moksleivius ir visuomen\u0119 su pagrindiniais lietuvi\u0173 ir pasaulio autori\u0173 k\u016briniais.<\/p>\n<p>Bradbury k\u016bryba \u2013 poeti\u0161ka ir drauge i\u0161mintinga, paslaptinga ir kartais bauginanti. \u201ePieni\u0173 vyne\u201c paprastai ir jautriai pasakojama apie vaikyst\u0119 ir senatv\u0119, laiming\u0105 gyvenim\u0105 ir mirt\u012f.<\/p>\n<p>Ma\u017eame \u017ealiame Ilinojaus valstijos Grintauno miestelyje Daglas Spoldingas gyvena dvylikt\u0105j\u0105 savo gyvenimo vasar\u0105. Ji nepaprasta \u2013 pilna stebukling\u0173 ir baisi\u0173 \u012fvyki\u0173, lydin\u010di\u0173 Dagl\u0105 kiekvien\u0105 vasaros dien\u0105. Stebukladar\u0117 senel\u0117, mokanti konservuoti gyvenimo d\u017eiaugsm\u0105, \u0161eimos ritualu tap\u0119s pieni\u0173 skynimas vynui, kuriame i\u0161saugoma kiekviena Spolding\u0173 vasara, i\u0161mintingi pokalbiai apie augim\u0105 ir brand\u0105, vaik\u0173 \u017eaidimai ir suaugusi\u0173j\u0173 poelgiai \u2013 viskas formuoja Daglo Spoldingo pasaul\u0117jaut\u0105 ir paver\u010dia \u0161i\u0105 vasar\u0105 unikalia, virsmo, vasara.<\/p>\n<p>Radusi keli\u0105 ne \u012f vienos jaunimo kartos \u0161irdis, knyga \u201ePieni\u0173 vynas\u201c spinduliuoja gaivumu ir tyrumu. Vieniems primena vaikyst\u0119, kitiems padeda su ja atsisveikinti ir bent trumpam prisiminti paprastus, bet da\u017enai pamir\u0161tamus gyvenimo d\u017eiaugsmus.<\/p>\n<p>Pieni\u0173 vynas \u2013 g\u0117rimas ir kartu metafora, atskleid\u017eianti augant \u012fgyjamos patirties saldum\u0105 ir kartum\u0105.<\/p>\n<p>\u201ePieni\u0173 vynas\u201c \u2013 vienas garsiausi\u0173 Ray Bradbury k\u016brini\u0173, pasi\u017eymintis ypatingu skaidrumu, lengvumu ir poeti\u0161kumu. Paveikslai, kuriami autoriaus, visam laikui i\u0161lieka skaitytojo atmintyje; i\u0161mintis, sklindanti i\u0161 teksto, priver\u010dia \u012fsiklausyti \u012f \u017eod\u017eius, tinkamus ir jaunam, ir senam. Tai nepakartojamas autoriaus vaikyst\u0117s prisiminim\u0173 ir nei\u0161senkamos fantazijos derinys, i\u0161 ties\u0173 padedantis \u012fgyti arba atgauti prarast\u0105 gyvenimo d\u017eiaugsm\u0105.<\/p>\n<ul class=\"about-product d-none d-xl-block mt-4\">\n<li><strong>Originalus pavadinimas:<\/strong>\u00a0Dandelion Wine<\/li>\n<li><strong>Autorius:<\/strong>\u00a0Ray Bradbury<\/li>\n<li><strong>Leid\u0117jas:<\/strong>\u00a0Alma littera<\/li>\n<li><strong>Metai:<\/strong>\u00a02015<\/li>\n<li><strong>Puslapiai:<\/strong>\u00a0320<\/li>\n<li class=\"toggleable type-new-formats \"><strong>ISBN:<\/strong>\u00a09786090117910<\/li>\n<li><strong>Versijos kodas:<\/strong>\u00a0PT.<\/li>\n<li class=\"toggleable type-new-formats \"><strong>Formatas:<\/strong>\u00a012,5 x 20 cm, mink\u0161ti vir\u0161eliai<\/li>\n<li><strong>Kalba:<\/strong>\u00a0Lietuvi\u0173<\/li>\n<li><strong>Vert\u0117jas:<\/strong>\u00a0Gra\u017evydas Kirvaitis<\/li>\n<li><strong>Knyg\u0173 serija:<\/strong>\u00a0Literat\u016bra. Svarbiausi tekstai<\/li>\n<\/ul>\n","protected":false},"excerpt":{"rendered":"<p>\u201eLiterat\u016bra. Svarbiausi tekstai\u201c \u2013 tai serija knyg\u0173, supa\u017eindinan\u010di\u0173 moksleivius ir visuomen\u0119 su pagrindiniais lietuvi\u0173 ir pasaulio autori\u0173 k\u016briniais. Bradbury k\u016bryba \u2013 poeti\u0161ka ir drauge i\u0161mintinga, paslaptinga ir kartais bauginanti. \u201ePieni\u0173 vyne\u201c paprastai ir jautriai pasakojama apie vaikyst\u0119 ir senatv\u0119, laiming\u0105 gyvenim\u0105 ir mirt\u012f. Ma\u017eame \u017ealiame Ilinojaus valstijos Grintauno miestelyje Daglas Spoldingas gyvena dvylikt\u0105j\u0105 savo gyvenimo vasar\u0105. Ji nepaprasta \u2013 pilna stebukling\u0173 ir baisi\u0173 \u012fvyki\u0173, lydin\u010di\u0173 Dagl\u0105 kiekvien\u0105 vasaros dien\u0105. Stebukladar\u0117 senel\u0117, mokanti konservuoti gyvenimo d\u017eiaugsm\u0105, \u0161eimos ritualu tap\u0119s pieni\u0173 skynimas vynui, kuriame i\u0161saugoma kiekviena Spolding\u0173 vasara, i\u0161mintingi pokalbiai apie augim\u0105 ir brand\u0105, vaik\u0173 \u017eaidimai ir suaugusi\u0173j\u0173 poelgiai \u2013 viskas formuoja Daglo Spoldingo pasaul\u0117jaut\u0105 ir paver\u010dia \u0161i\u0105 vasar\u0105 unikalia, virsmo, vasara. Radusi keli\u0105 ne \u012f vienos jaunimo kartos \u0161irdis, knyga \u201ePieni\u0173 vynas\u201c spinduliuoja gaivumu ir tyrumu. Vieniems primena vaikyst\u0119, kitiems padeda su ja atsisveikinti ir bent trumpam prisiminti paprastus, bet da\u017enai pamir\u0161tamus gyvenimo d\u017eiaugsmus. Pieni\u0173 vynas \u2013 g\u0117rimas ir kartu metafora, atskleid\u017eianti augant \u012fgyjamos patirties saldum\u0105 ir kartum\u0105. \u201ePieni\u0173 vynas\u201c \u2013 vienas garsiausi\u0173 Ray Bradbury k\u016brini\u0173, pasi\u017eymintis ypatingu skaidrumu, lengvumu ir poeti\u0161kumu. Paveikslai, kuriami autoriaus, visam laikui i\u0161lieka skaitytojo atmintyje; i\u0161mintis, sklindanti i\u0161 teksto, priver\u010dia \u012fsiklausyti \u012f \u017eod\u017eius, tinkamus ir jaunam, ir senam. Tai nepakartojamas autoriaus vaikyst\u0117s prisiminim\u0173 ir nei\u0161senkamos fantazijos derinys, i\u0161 ties\u0173 padedantis \u012fgyti arba atgauti prarast\u0105 gyvenimo d\u017eiaugsm\u0105. Originalus pavadinimas:\u00a0Dandelion Wine Autorius:\u00a0Ray Bradbury Leid\u0117jas:\u00a0Alma littera Metai:\u00a02015 Puslapiai:\u00a0320 ISBN:\u00a09786090117910 Versijos kodas:\u00a0PT. Formatas:\u00a012,5 x 20 cm, mink\u0161ti vir\u0161eliai Kalba:\u00a0Lietuvi\u0173 Vert\u0117jas:\u00a0Gra\u017evydas Kirvaitis Knyg\u0173 serija:\u00a0Literat\u016bra. Svarbiausi tekstai<\/p>\n","protected":false},"featured_media":15691,"comment_status":"open","ping_status":"closed","template":"","meta":{"_acf_changed":false,"site-sidebar-layout":"default","site-content-layout":"","ast-site-content-layout":"default","site-content-style":"default","site-sidebar-style":"default","ast-global-header-display":"","ast-banner-title-visibility":"","ast-main-header-display":"","ast-hfb-above-header-display":"","ast-hfb-below-header-display":"","ast-hfb-mobile-header-display":"","site-post-title":"","ast-breadcrumbs-content":"","ast-featured-img":"","footer-sml-layout":"","ast-disable-related-posts":"","theme-transparent-header-meta":"default","adv-header-id-meta":"","stick-header-meta":"","header-above-stick-meta":"","header-main-stick-meta":"","header-below-stick-meta":"","astra-migrate-meta-layouts":"set","ast-page-background-enabled":"default","ast-page-background-meta":{"desktop":{"background-color":"","background-image":"","background-repeat":"repeat","background-position":"center center","background-size":"auto","background-attachment":"scroll","background-type":"","background-media":"","overlay-type":"","overlay-color":"","overlay-opacity":"","overlay-gradient":""},"tablet":{"background-color":"","background-image":"","background-repeat":"repeat","background-position":"center center","background-size":"auto","background-attachment":"scroll","background-type":"","background-media":"","overlay-type":"","overlay-color":"","overlay-opacity":"","overlay-gradient":""},"mobile":{"background-color":"","background-image":"","background-repeat":"repeat","background-position":"center center","background-size":"auto","background-attachment":"scroll","background-type":"","background-media":"","overlay-type":"","overlay-color":"","overlay-opacity":"","overlay-gradient":""}},"ast-content-background-meta":{"desktop":{"background-color":"var(--ast-global-color-4)","background-image":"","background-repeat":"repeat","background-position":"center center","background-size":"auto","background-attachment":"scroll","background-type":"","background-media":"","overlay-type":"","overlay-color":"","overlay-opacity":"","overlay-gradient":""},"tablet":{"background-color":"var(--ast-global-color-4)","background-image":"","background-repeat":"repeat","background-position":"center center","background-size":"auto","background-attachment":"scroll","background-type":"","background-media":"","overlay-type":"","overlay-color":"","overlay-opacity":"","overlay-gradient":""},"mobile":{"background-color":"var(--ast-global-color-4)","background-image":"","background-repeat":"repeat","background-position":"center center","background-size":"auto","background-attachment":"scroll","background-type":"","background-media":"","overlay-type":"","overlay-color":"","overlay-opacity":"","overlay-gradient":""}}},"product_brand":[],"product_cat":[15],"product_tag":[],"class_list":{"0":"post-15578","1":"product","2":"type-product","3":"status-publish","4":"has-post-thumbnail","6":"product_cat-uncategorized","7":"desktop-align-left","8":"tablet-align-left","9":"mobile-align-left","11":"first","12":"outofstock","13":"shipping-taxable","14":"purchasable","15":"product-type-simple"},"acf":[],"yoast_head":"<!-- This site is optimized with the Yoast SEO plugin v27.0 - https:\/\/yoast.com\/product\/yoast-seo-wordpress\/ -->\n<title>Pieni\u0173 vynas<\/title>\n<meta name=\"description\" content=\"\u201eLiterat\u016bra. Svarbiausi tekstai\u201c \u2013 tai serija knyg\u0173, supa\u017eindinan\u010di\u0173 moksleivius ir visuomen\u0119 su pagrindiniais lietuvi\u0173 ir pasaulio autori\u0173 k\u016briniais.\" \/>\n<meta name=\"robots\" content=\"index, follow, max-snippet:-1, max-image-preview:large, max-video-preview:-1\" \/>\n<link rel=\"canonical\" href=\"https:\/\/skaitytaknyga.lt\/en\/produktas\/pieniu-vynas\/\" \/>\n<meta property=\"og:locale\" content=\"en_GB\" \/>\n<meta property=\"og:locale:alternate\" content=\"lt_LT\" \/>\n<meta property=\"og:type\" content=\"article\" \/>\n<meta property=\"og:title\" content=\"Pieni\u0173 vynas\" \/>\n<meta property=\"og:description\" content=\"\u201eLiterat\u016bra. Svarbiausi tekstai\u201c \u2013 tai serija knyg\u0173, supa\u017eindinan\u010di\u0173 moksleivius ir visuomen\u0119 su pagrindiniais lietuvi\u0173 ir pasaulio autori\u0173 k\u016briniais.\" \/>\n<meta property=\"og:url\" content=\"https:\/\/skaitytaknyga.lt\/en\/produktas\/pieniu-vynas\/\" \/>\n<meta property=\"og:site_name\" content=\"Skaitytaknyga\" \/>\n<meta property=\"article:publisher\" content=\"https:\/\/www.facebook.com\/skaitytaknyga\/\" \/>\n<meta property=\"article:modified_time\" content=\"2026-03-10T08:17:54+00:00\" \/>\n<meta property=\"og:image\" content=\"https:\/\/skaitytaknyga.lt\/wp-content\/uploads\/2024\/12\/Pieniu-vynas.webp\" \/>\n\t<meta property=\"og:image:width\" content=\"379\" \/>\n\t<meta property=\"og:image:height\" content=\"600\" \/>\n\t<meta property=\"og:image:type\" content=\"image\/webp\" \/>\n<meta name=\"twitter:card\" content=\"summary_large_image\" \/>\n<meta name=\"twitter:label1\" content=\"Estimated reading time\" \/>\n\t<meta name=\"twitter:data1\" content=\"2 minutes\" \/>\n<script type=\"application\/ld+json\" class=\"yoast-schema-graph\">{\"@context\":\"https:\/\/schema.org\",\"@graph\":[{\"@type\":\"WebPage\",\"@id\":\"https:\/\/skaitytaknyga.lt\/produktas\/pieniu-vynas\/\",\"url\":\"https:\/\/skaitytaknyga.lt\/produktas\/pieniu-vynas\/\",\"name\":\"Pieni\u0173 vynas\",\"isPartOf\":{\"@id\":\"https:\/\/skaitytaknyga.lt\/#website\"},\"primaryImageOfPage\":{\"@id\":\"https:\/\/skaitytaknyga.lt\/produktas\/pieniu-vynas\/#primaryimage\"},\"image\":{\"@id\":\"https:\/\/skaitytaknyga.lt\/produktas\/pieniu-vynas\/#primaryimage\"},\"thumbnailUrl\":\"https:\/\/skaitytaknyga.lt\/wp-content\/uploads\/2024\/12\/Pieniu-vynas.webp\",\"datePublished\":\"2024-12-19T09:10:07+00:00\",\"dateModified\":\"2026-03-10T08:17:54+00:00\",\"description\":\"\u201eLiterat\u016bra. Svarbiausi tekstai\u201c \u2013 tai serija knyg\u0173, supa\u017eindinan\u010di\u0173 moksleivius ir visuomen\u0119 su pagrindiniais lietuvi\u0173 ir pasaulio autori\u0173 k\u016briniais.\",\"breadcrumb\":{\"@id\":\"https:\/\/skaitytaknyga.lt\/produktas\/pieniu-vynas\/#breadcrumb\"},\"inLanguage\":\"en-GB\",\"potentialAction\":[{\"@type\":\"ReadAction\",\"target\":[\"https:\/\/skaitytaknyga.lt\/produktas\/pieniu-vynas\/\"]}]},{\"@type\":\"ImageObject\",\"inLanguage\":\"en-GB\",\"@id\":\"https:\/\/skaitytaknyga.lt\/produktas\/pieniu-vynas\/#primaryimage\",\"url\":\"https:\/\/skaitytaknyga.lt\/wp-content\/uploads\/2024\/12\/Pieniu-vynas.webp\",\"contentUrl\":\"https:\/\/skaitytaknyga.lt\/wp-content\/uploads\/2024\/12\/Pieniu-vynas.webp\",\"width\":379,\"height\":600,\"caption\":\"Pieni\u0173 vynas\"},{\"@type\":\"BreadcrumbList\",\"@id\":\"https:\/\/skaitytaknyga.lt\/produktas\/pieniu-vynas\/#breadcrumb\",\"itemListElement\":[{\"@type\":\"ListItem\",\"position\":1,\"name\":\"Home\",\"item\":\"https:\/\/skaitytaknyga.lt\/\"},{\"@type\":\"ListItem\",\"position\":2,\"name\":\"Parduotuv\u0117\",\"item\":\"https:\/\/skaitytaknyga.lt\/knygu-parduotuve\/\"},{\"@type\":\"ListItem\",\"position\":3,\"name\":\"Pieni\u0173 vynas\"}]},{\"@type\":\"WebSite\",\"@id\":\"https:\/\/skaitytaknyga.lt\/#website\",\"url\":\"https:\/\/skaitytaknyga.lt\/\",\"name\":\"skaitytaknyga.lt\",\"description\":\"Skaitytaknyga.lt \u2013 tai ma\u017eas \u0161eimos verslas, kuris prasid\u0117jo nuo meil\u0117s knygoms ir siekio i\u0161gelb\u0117ti knygas nuo likimo prie konteinerio. Kas vienam nereikalingas daiktas \u2013 kitam lobis, o mes esame tarpininkai, kurie padeda abiems tapti laimingesniems ???? \u017dinome kaip nelengva i\u0161gyventi ma\u017eiems verslams, tad nuo \u0161iol, \u010dia rasite ir kit\u0173, ma\u017e\u0173 \u0161eim\u0173 versl\u0173, rank\u0173 darbo, dovan\u0173 sau ir artimiesiems.\",\"publisher\":{\"@id\":\"https:\/\/skaitytaknyga.lt\/#organization\"},\"potentialAction\":[{\"@type\":\"SearchAction\",\"target\":{\"@type\":\"EntryPoint\",\"urlTemplate\":\"https:\/\/skaitytaknyga.lt\/?s={search_term_string}\"},\"query-input\":{\"@type\":\"PropertyValueSpecification\",\"valueRequired\":true,\"valueName\":\"search_term_string\"}}],\"inLanguage\":\"en-GB\"},{\"@type\":\"Organization\",\"@id\":\"https:\/\/skaitytaknyga.lt\/#organization\",\"name\":\"skaitytaknyga.lt\",\"url\":\"https:\/\/skaitytaknyga.lt\/\",\"logo\":{\"@type\":\"ImageObject\",\"inLanguage\":\"en-GB\",\"@id\":\"https:\/\/skaitytaknyga.lt\/#\/schema\/logo\/image\/\",\"url\":\"https:\/\/skaitytaknyga.lt\/wp-content\/uploads\/2024\/05\/cropped-cropped-cropped-02_00843_jt3bggkj1j3HLc7SyY6rEUpg.jpeg\",\"contentUrl\":\"https:\/\/skaitytaknyga.lt\/wp-content\/uploads\/2024\/05\/cropped-cropped-cropped-02_00843_jt3bggkj1j3HLc7SyY6rEUpg.jpeg\",\"width\":1600,\"height\":1600,\"caption\":\"skaitytaknyga.lt\"},\"image\":{\"@id\":\"https:\/\/skaitytaknyga.lt\/#\/schema\/logo\/image\/\"},\"sameAs\":[\"https:\/\/www.facebook.com\/skaitytaknyga\/\"]}]}<\/script>\n<!-- \/ Yoast SEO plugin. -->","yoast_head_json":{"title":"Pieni\u0173 vynas","description":"\u201eLiterat\u016bra. Svarbiausi tekstai\u201c \u2013 tai serija knyg\u0173, supa\u017eindinan\u010di\u0173 moksleivius ir visuomen\u0119 su pagrindiniais lietuvi\u0173 ir pasaulio autori\u0173 k\u016briniais.","robots":{"index":"index","follow":"follow","max-snippet":"max-snippet:-1","max-image-preview":"max-image-preview:large","max-video-preview":"max-video-preview:-1"},"canonical":"https:\/\/skaitytaknyga.lt\/en\/produktas\/pieniu-vynas\/","og_locale":"en_GB","og_type":"article","og_title":"[:lt]Pieni\u0173 vynas[:] - Skaitytaknyga","og_description":"\u201eLiterat\u016bra. Svarbiausi tekstai\u201c \u2013 tai serija knyg\u0173, supa\u017eindinan\u010di\u0173 moksleivius ir visuomen\u0119 su pagrindiniais lietuvi\u0173 ir pasaulio autori\u0173 k\u016briniais.","og_url":"https:\/\/skaitytaknyga.lt\/en\/produktas\/pieniu-vynas\/","og_site_name":"Skaitytaknyga","article_publisher":"https:\/\/www.facebook.com\/skaitytaknyga\/","article_modified_time":"2026-03-10T08:17:54+00:00","og_image":[{"width":379,"height":600,"url":"https:\/\/skaitytaknyga.lt\/wp-content\/uploads\/2024\/12\/Pieniu-vynas.webp","type":"image\/webp"}],"twitter_card":"summary_large_image","twitter_misc":{"Estimated reading time":"2 minutes"},"schema":{"@context":"https:\/\/schema.org","@graph":[{"@type":"WebPage","@id":"https:\/\/skaitytaknyga.lt\/produktas\/pieniu-vynas\/","url":"https:\/\/skaitytaknyga.lt\/produktas\/pieniu-vynas\/","name":"Pieni\u0173 vynas","isPartOf":{"@id":"https:\/\/skaitytaknyga.lt\/#website"},"primaryImageOfPage":{"@id":"https:\/\/skaitytaknyga.lt\/produktas\/pieniu-vynas\/#primaryimage"},"image":{"@id":"https:\/\/skaitytaknyga.lt\/produktas\/pieniu-vynas\/#primaryimage"},"thumbnailUrl":"https:\/\/skaitytaknyga.lt\/wp-content\/uploads\/2024\/12\/Pieniu-vynas.webp","datePublished":"2024-12-19T09:10:07+00:00","dateModified":"2026-03-10T08:17:54+00:00","description":"\u201eLiterat\u016bra. Svarbiausi tekstai\u201c \u2013 tai serija knyg\u0173, supa\u017eindinan\u010di\u0173 moksleivius ir visuomen\u0119 su pagrindiniais lietuvi\u0173 ir pasaulio autori\u0173 k\u016briniais.","breadcrumb":{"@id":"https:\/\/skaitytaknyga.lt\/produktas\/pieniu-vynas\/#breadcrumb"},"inLanguage":"en-GB","potentialAction":[{"@type":"ReadAction","target":["https:\/\/skaitytaknyga.lt\/produktas\/pieniu-vynas\/"]}]},{"@type":"ImageObject","inLanguage":"en-GB","@id":"https:\/\/skaitytaknyga.lt\/produktas\/pieniu-vynas\/#primaryimage","url":"https:\/\/skaitytaknyga.lt\/wp-content\/uploads\/2024\/12\/Pieniu-vynas.webp","contentUrl":"https:\/\/skaitytaknyga.lt\/wp-content\/uploads\/2024\/12\/Pieniu-vynas.webp","width":379,"height":600,"caption":"Pieni\u0173 vynas"},{"@type":"BreadcrumbList","@id":"https:\/\/skaitytaknyga.lt\/produktas\/pieniu-vynas\/#breadcrumb","itemListElement":[{"@type":"ListItem","position":1,"name":"Home","item":"https:\/\/skaitytaknyga.lt\/"},{"@type":"ListItem","position":2,"name":"Parduotuv\u0117","item":"https:\/\/skaitytaknyga.lt\/knygu-parduotuve\/"},{"@type":"ListItem","position":3,"name":"Pieni\u0173 vynas"}]},{"@type":"WebSite","@id":"https:\/\/skaitytaknyga.lt\/#website","url":"https:\/\/skaitytaknyga.lt\/","name":"skaitytaknyga.lt","description":"Skaitytaknyga.lt \u2013 tai ma\u017eas \u0161eimos verslas, kuris prasid\u0117jo nuo meil\u0117s knygoms ir siekio i\u0161gelb\u0117ti knygas nuo likimo prie konteinerio. Kas vienam nereikalingas daiktas \u2013 kitam lobis, o mes esame tarpininkai, kurie padeda abiems tapti laimingesniems ???? \u017dinome kaip nelengva i\u0161gyventi ma\u017eiems verslams, tad nuo \u0161iol, \u010dia rasite ir kit\u0173, ma\u017e\u0173 \u0161eim\u0173 versl\u0173, rank\u0173 darbo, dovan\u0173 sau ir artimiesiems.","publisher":{"@id":"https:\/\/skaitytaknyga.lt\/#organization"},"potentialAction":[{"@type":"SearchAction","target":{"@type":"EntryPoint","urlTemplate":"https:\/\/skaitytaknyga.lt\/?s={search_term_string}"},"query-input":{"@type":"PropertyValueSpecification","valueRequired":true,"valueName":"search_term_string"}}],"inLanguage":"en-GB"},{"@type":"Organization","@id":"https:\/\/skaitytaknyga.lt\/#organization","name":"skaitytaknyga.lt","url":"https:\/\/skaitytaknyga.lt\/","logo":{"@type":"ImageObject","inLanguage":"en-GB","@id":"https:\/\/skaitytaknyga.lt\/#\/schema\/logo\/image\/","url":"https:\/\/skaitytaknyga.lt\/wp-content\/uploads\/2024\/05\/cropped-cropped-cropped-02_00843_jt3bggkj1j3HLc7SyY6rEUpg.jpeg","contentUrl":"https:\/\/skaitytaknyga.lt\/wp-content\/uploads\/2024\/05\/cropped-cropped-cropped-02_00843_jt3bggkj1j3HLc7SyY6rEUpg.jpeg","width":1600,"height":1600,"caption":"skaitytaknyga.lt"},"image":{"@id":"https:\/\/skaitytaknyga.lt\/#\/schema\/logo\/image\/"},"sameAs":["https:\/\/www.facebook.com\/skaitytaknyga\/"]}]}},"_links":{"self":[{"href":"https:\/\/skaitytaknyga.lt\/en\/wp-json\/wp\/v2\/product\/15578","targetHints":{"allow":["GET"]}}],"collection":[{"href":"https:\/\/skaitytaknyga.lt\/en\/wp-json\/wp\/v2\/product"}],"about":[{"href":"https:\/\/skaitytaknyga.lt\/en\/wp-json\/wp\/v2\/types\/product"}],"replies":[{"embeddable":true,"href":"https:\/\/skaitytaknyga.lt\/en\/wp-json\/wp\/v2\/comments?post=15578"}],"wp:featuredmedia":[{"embeddable":true,"href":"https:\/\/skaitytaknyga.lt\/en\/wp-json\/wp\/v2\/media\/15691"}],"wp:attachment":[{"href":"https:\/\/skaitytaknyga.lt\/en\/wp-json\/wp\/v2\/media?parent=15578"}],"wp:term":[{"taxonomy":"product_brand","embeddable":true,"href":"https:\/\/skaitytaknyga.lt\/en\/wp-json\/wp\/v2\/product_brand?post=15578"},{"taxonomy":"product_cat","embeddable":true,"href":"https:\/\/skaitytaknyga.lt\/en\/wp-json\/wp\/v2\/product_cat?post=15578"},{"taxonomy":"product_tag","embeddable":true,"href":"https:\/\/skaitytaknyga.lt\/en\/wp-json\/wp\/v2\/product_tag?post=15578"}],"curies":[{"name":"wp","href":"https:\/\/api.w.org\/{rel}","templated":true}]}}