{"id":15577,"date":"2024-12-19T11:10:07","date_gmt":"2024-12-19T09:10:07","guid":{"rendered":"https:\/\/skaitytaknyga.lt\/?post_type=product&#038;p=15577"},"modified":"2024-12-23T08:34:35","modified_gmt":"2024-12-23T06:34:35","slug":"aplink-pasauli-per-80-dienu-virselio-pazeidimai","status":"publish","type":"product","link":"https:\/\/skaitytaknyga.lt\/en\/produktas\/aplink-pasauli-per-80-dienu-virselio-pazeidimai\/","title":{"rendered":"Aplink pasaul\u012f per 80 dien\u0173 (vir\u0161elio pa\u017eeidimai)"},"content":{"rendered":"<p lang=\"en-US\"><strong>\u201eAplink \u017dem\u0119 per 80 dien\u0173\u201c<\/strong>\u00a0\u2013\u00a0 klasikin\u0117 nuotyki\u0173 knyga, kuri\u0105 iliustravo H. Ch. Anderseno medaliu apdovanotas dailininkas Robertas Ingpenas.<\/p>\n<p lang=\"en-US\">1872 metais Londone gyvena tikrai kietas rie\u0161ut\u0117lis, vardu Filijas Fogas. Jis neturi nei \u017emonos, nei vaik\u0173, nei draug\u0173. Niekur neskuba ir niekada nev\u0117luoja, niekuo nesistebi ir ma\u017eai kalba. Bet kart\u0105 vienos la\u017eybos pakei\u010dia jo gyvenim\u0105.<\/p>\n<p lang=\"en-US\">Filijas Fogas pasiry\u017eta apkeliauti \u017dem\u0117s rutul\u012f vos per 80 dien\u0173<span lang=\"en-US\">!<\/span>\u00a0Ir jam neprireikia dideli\u0173 raumen\u0173 ir \u012fsp\u016bding\u0173 ginkl\u0173<span lang=\"en-US\">!<\/span>\u00a0Laim\u0117ti jam padeda \u0161altakrauji\u0161kumas, plienin\u0117 valia ir gera \u0161irdis.<\/p>\n<p lang=\"en-US\">Padedamas i\u0161tikimo tarno ir trukdomas atkaklaus seklio, Fogas nusiperka drambl\u012f, susikauna su ind\u0117nais, i\u0161bando laiv\u0173 ir traukini\u0173 greitum\u0105, \u010diuo\u017eia burin\u0117mis rog\u0117mis ir net atsiduria kal\u0117jime. O i\u0161 kelion\u0117s parsive\u017ea visai ne tai, ko tik\u0117josi&#8230;<\/p>\n<ul class=\"about-product d-none d-xl-block mt-4\">\n<li><strong>Originalus pavadinimas:<\/strong>\u00a0LE TOUR DU MONDE EN QUATRE-VINGTS JOURS<\/li>\n<li><strong>Autorius:<\/strong>\u00a0Jules Verne<\/li>\n<li><strong>Leid\u0117jas:<\/strong>\u00a0Nieko rimto<\/li>\n<li><strong>Metai:<\/strong>\u00a02022<\/li>\n<li><strong>Puslapiai:<\/strong>\u00a0248<\/li>\n<li class=\"toggleable type-new-formats \"><strong>ISBN:<\/strong>\u00a09786094411946<\/li>\n<li><strong>Versijos kodas:<\/strong>\u00a04<\/li>\n<li class=\"toggleable type-new-formats \"><strong>Formatas:<\/strong>\u00a020 x 22,4 x 3 cm, kieti vir\u0161eliai<\/li>\n<li><strong>Kalba:<\/strong>\u00a0Lietuvi\u0173<\/li>\n<li><strong>Vert\u0117jas:<\/strong>\u00a0Juozas Bal\u010dikonis<\/li>\n<\/ul>\n","protected":false},"excerpt":{"rendered":"<p>\u201eAplink \u017dem\u0119 per 80 dien\u0173\u201c\u00a0\u2013\u00a0 klasikin\u0117 nuotyki\u0173 knyga, kuri\u0105 iliustravo H. Ch. Anderseno medaliu apdovanotas dailininkas Robertas Ingpenas. 1872 metais Londone gyvena tikrai kietas rie\u0161ut\u0117lis, vardu Filijas Fogas. Jis neturi nei \u017emonos, nei vaik\u0173, nei draug\u0173. Niekur neskuba ir niekada nev\u0117luoja, niekuo nesistebi ir ma\u017eai kalba. Bet kart\u0105 vienos la\u017eybos pakei\u010dia jo gyvenim\u0105. Filijas Fogas pasiry\u017eta apkeliauti \u017dem\u0117s rutul\u012f vos per 80 dien\u0173!\u00a0Ir jam neprireikia dideli\u0173 raumen\u0173 ir \u012fsp\u016bding\u0173 ginkl\u0173!\u00a0Laim\u0117ti jam padeda \u0161altakrauji\u0161kumas, plienin\u0117 valia ir gera \u0161irdis. Padedamas i\u0161tikimo tarno ir trukdomas atkaklaus seklio, Fogas nusiperka drambl\u012f, susikauna su ind\u0117nais, i\u0161bando laiv\u0173 ir traukini\u0173 greitum\u0105, \u010diuo\u017eia burin\u0117mis rog\u0117mis ir net atsiduria kal\u0117jime. O i\u0161 kelion\u0117s parsive\u017ea visai ne tai, ko tik\u0117josi&#8230; Originalus pavadinimas:\u00a0LE TOUR DU MONDE EN QUATRE-VINGTS JOURS Autorius:\u00a0Jules Verne Leid\u0117jas:\u00a0Nieko rimto Metai:\u00a02022 Puslapiai:\u00a0248 ISBN:\u00a09786094411946 Versijos kodas:\u00a04 Formatas:\u00a020 x 22,4 x 3 cm, kieti vir\u0161eliai Kalba:\u00a0Lietuvi\u0173 Vert\u0117jas:\u00a0Juozas Bal\u010dikonis<\/p>\n","protected":false},"featured_media":15611,"comment_status":"open","ping_status":"closed","template":"","meta":{"_acf_changed":false,"site-sidebar-layout":"default","site-content-layout":"","ast-site-content-layout":"default","site-content-style":"default","site-sidebar-style":"default","ast-global-header-display":"","ast-banner-title-visibility":"","ast-main-header-display":"","ast-hfb-above-header-display":"","ast-hfb-below-header-display":"","ast-hfb-mobile-header-display":"","site-post-title":"","ast-breadcrumbs-content":"","ast-featured-img":"","footer-sml-layout":"","ast-disable-related-posts":"","theme-transparent-header-meta":"default","adv-header-id-meta":"","stick-header-meta":"","header-above-stick-meta":"","header-main-stick-meta":"","header-below-stick-meta":"","astra-migrate-meta-layouts":"set","ast-page-background-enabled":"default","ast-page-background-meta":{"desktop":{"background-color":"","background-image":"","background-repeat":"repeat","background-position":"center center","background-size":"auto","background-attachment":"scroll","background-type":"","background-media":"","overlay-type":"","overlay-color":"","overlay-opacity":"","overlay-gradient":""},"tablet":{"background-color":"","background-image":"","background-repeat":"repeat","background-position":"center center","background-size":"auto","background-attachment":"scroll","background-type":"","background-media":"","overlay-type":"","overlay-color":"","overlay-opacity":"","overlay-gradient":""},"mobile":{"background-color":"","background-image":"","background-repeat":"repeat","background-position":"center center","background-size":"auto","background-attachment":"scroll","background-type":"","background-media":"","overlay-type":"","overlay-color":"","overlay-opacity":"","overlay-gradient":""}},"ast-content-background-meta":{"desktop":{"background-color":"var(--ast-global-color-4)","background-image":"","background-repeat":"repeat","background-position":"center center","background-size":"auto","background-attachment":"scroll","background-type":"","background-media":"","overlay-type":"","overlay-color":"","overlay-opacity":"","overlay-gradient":""},"tablet":{"background-color":"var(--ast-global-color-4)","background-image":"","background-repeat":"repeat","background-position":"center center","background-size":"auto","background-attachment":"scroll","background-type":"","background-media":"","overlay-type":"","overlay-color":"","overlay-opacity":"","overlay-gradient":""},"mobile":{"background-color":"var(--ast-global-color-4)","background-image":"","background-repeat":"repeat","background-position":"center center","background-size":"auto","background-attachment":"scroll","background-type":"","background-media":"","overlay-type":"","overlay-color":"","overlay-opacity":"","overlay-gradient":""}}},"product_brand":[],"product_cat":[15],"product_tag":[],"class_list":{"0":"post-15577","1":"product","2":"type-product","3":"status-publish","4":"has-post-thumbnail","6":"product_cat-uncategorized","7":"desktop-align-left","8":"tablet-align-left","9":"mobile-align-left","11":"first","12":"instock","13":"shipping-taxable","14":"purchasable","15":"product-type-simple"},"acf":[],"yoast_head":"<!-- This site is optimized with the Yoast SEO plugin v27.0 - https:\/\/yoast.com\/product\/yoast-seo-wordpress\/ -->\n<title>Aplink pasaul\u012f per 80 dien\u0173 (vir\u0161elio pa\u017eeidimai)<\/title>\n<meta name=\"description\" content=\"\u201eAplink \u017dem\u0119 per 80 dien\u0173\u201c\u00a0\u2013\u00a0 klasikin\u0117 nuotyki\u0173 knyga, kuri\u0105 iliustravo H. Ch. Anderseno medaliu apdovanotas dailininkas Robertas Ingpenas. 1872 metais\" \/>\n<meta name=\"robots\" content=\"index, follow, max-snippet:-1, max-image-preview:large, max-video-preview:-1\" \/>\n<link rel=\"canonical\" href=\"https:\/\/skaitytaknyga.lt\/en\/produktas\/aplink-pasauli-per-80-dienu-virselio-pazeidimai\/\" \/>\n<meta property=\"og:locale\" content=\"en_GB\" \/>\n<meta property=\"og:locale:alternate\" content=\"lt_LT\" \/>\n<meta property=\"og:type\" content=\"article\" \/>\n<meta property=\"og:title\" content=\"Aplink pasaul\u012f per 80 dien\u0173 (vir\u0161elio pa\u017eeidimai)\" \/>\n<meta property=\"og:description\" content=\"\u201eAplink \u017dem\u0119 per 80 dien\u0173\u201c\u00a0\u2013\u00a0 klasikin\u0117 nuotyki\u0173 knyga, kuri\u0105 iliustravo H. Ch. Anderseno medaliu apdovanotas dailininkas Robertas Ingpenas. 1872 metais\" \/>\n<meta property=\"og:url\" content=\"https:\/\/skaitytaknyga.lt\/en\/produktas\/aplink-pasauli-per-80-dienu-virselio-pazeidimai\/\" \/>\n<meta property=\"og:site_name\" content=\"Skaitytaknyga\" \/>\n<meta property=\"article:publisher\" content=\"https:\/\/www.facebook.com\/skaitytaknyga\/\" \/>\n<meta property=\"article:modified_time\" content=\"2024-12-23T06:34:35+00:00\" \/>\n<meta property=\"og:image\" content=\"https:\/\/skaitytaknyga.lt\/wp-content\/uploads\/2024\/12\/Aplink-pasauli-per-80-dienu-1.webp\" \/>\n\t<meta property=\"og:image:width\" content=\"329\" \/>\n\t<meta property=\"og:image:height\" content=\"400\" \/>\n\t<meta property=\"og:image:type\" content=\"image\/webp\" \/>\n<meta name=\"twitter:card\" content=\"summary_large_image\" \/>\n<meta name=\"twitter:label1\" content=\"Estimated reading time\" \/>\n\t<meta name=\"twitter:data1\" content=\"1 minute\" \/>\n<script type=\"application\/ld+json\" class=\"yoast-schema-graph\">{\"@context\":\"https:\/\/schema.org\",\"@graph\":[{\"@type\":\"WebPage\",\"@id\":\"https:\/\/skaitytaknyga.lt\/produktas\/aplink-pasauli-per-80-dienu-virselio-pazeidimai\/\",\"url\":\"https:\/\/skaitytaknyga.lt\/produktas\/aplink-pasauli-per-80-dienu-virselio-pazeidimai\/\",\"name\":\"Aplink pasaul\u012f per 80 dien\u0173 (vir\u0161elio pa\u017eeidimai)\",\"isPartOf\":{\"@id\":\"https:\/\/skaitytaknyga.lt\/#website\"},\"primaryImageOfPage\":{\"@id\":\"https:\/\/skaitytaknyga.lt\/produktas\/aplink-pasauli-per-80-dienu-virselio-pazeidimai\/#primaryimage\"},\"image\":{\"@id\":\"https:\/\/skaitytaknyga.lt\/produktas\/aplink-pasauli-per-80-dienu-virselio-pazeidimai\/#primaryimage\"},\"thumbnailUrl\":\"https:\/\/skaitytaknyga.lt\/wp-content\/uploads\/2024\/12\/Aplink-pasauli-per-80-dienu-1.webp\",\"datePublished\":\"2024-12-19T09:10:07+00:00\",\"dateModified\":\"2024-12-23T06:34:35+00:00\",\"description\":\"\u201eAplink \u017dem\u0119 per 80 dien\u0173\u201c\u00a0\u2013\u00a0 klasikin\u0117 nuotyki\u0173 knyga, kuri\u0105 iliustravo H. Ch. Anderseno medaliu apdovanotas dailininkas Robertas Ingpenas. 1872 metais\",\"breadcrumb\":{\"@id\":\"https:\/\/skaitytaknyga.lt\/produktas\/aplink-pasauli-per-80-dienu-virselio-pazeidimai\/#breadcrumb\"},\"inLanguage\":\"en-GB\",\"potentialAction\":[{\"@type\":\"ReadAction\",\"target\":[\"https:\/\/skaitytaknyga.lt\/produktas\/aplink-pasauli-per-80-dienu-virselio-pazeidimai\/\"]}]},{\"@type\":\"ImageObject\",\"inLanguage\":\"en-GB\",\"@id\":\"https:\/\/skaitytaknyga.lt\/produktas\/aplink-pasauli-per-80-dienu-virselio-pazeidimai\/#primaryimage\",\"url\":\"https:\/\/skaitytaknyga.lt\/wp-content\/uploads\/2024\/12\/Aplink-pasauli-per-80-dienu-1.webp\",\"contentUrl\":\"https:\/\/skaitytaknyga.lt\/wp-content\/uploads\/2024\/12\/Aplink-pasauli-per-80-dienu-1.webp\",\"width\":329,\"height\":400,\"caption\":\"Aplink pasaul\u012f per 80 dien\u0173\"},{\"@type\":\"BreadcrumbList\",\"@id\":\"https:\/\/skaitytaknyga.lt\/produktas\/aplink-pasauli-per-80-dienu-virselio-pazeidimai\/#breadcrumb\",\"itemListElement\":[{\"@type\":\"ListItem\",\"position\":1,\"name\":\"Home\",\"item\":\"https:\/\/skaitytaknyga.lt\/\"},{\"@type\":\"ListItem\",\"position\":2,\"name\":\"Parduotuv\u0117\",\"item\":\"https:\/\/skaitytaknyga.lt\/knygu-parduotuve\/\"},{\"@type\":\"ListItem\",\"position\":3,\"name\":\"Aplink pasaul\u012f per 80 dien\u0173 (vir\u0161elio pa\u017eeidimai)\"}]},{\"@type\":\"WebSite\",\"@id\":\"https:\/\/skaitytaknyga.lt\/#website\",\"url\":\"https:\/\/skaitytaknyga.lt\/\",\"name\":\"skaitytaknyga.lt\",\"description\":\"Skaitytaknyga.lt \u2013 tai ma\u017eas \u0161eimos verslas, kuris prasid\u0117jo nuo meil\u0117s knygoms ir siekio i\u0161gelb\u0117ti knygas nuo likimo prie konteinerio. Kas vienam nereikalingas daiktas \u2013 kitam lobis, o mes esame tarpininkai, kurie padeda abiems tapti laimingesniems ???? \u017dinome kaip nelengva i\u0161gyventi ma\u017eiems verslams, tad nuo \u0161iol, \u010dia rasite ir kit\u0173, ma\u017e\u0173 \u0161eim\u0173 versl\u0173, rank\u0173 darbo, dovan\u0173 sau ir artimiesiems.\",\"publisher\":{\"@id\":\"https:\/\/skaitytaknyga.lt\/#organization\"},\"potentialAction\":[{\"@type\":\"SearchAction\",\"target\":{\"@type\":\"EntryPoint\",\"urlTemplate\":\"https:\/\/skaitytaknyga.lt\/?s={search_term_string}\"},\"query-input\":{\"@type\":\"PropertyValueSpecification\",\"valueRequired\":true,\"valueName\":\"search_term_string\"}}],\"inLanguage\":\"en-GB\"},{\"@type\":\"Organization\",\"@id\":\"https:\/\/skaitytaknyga.lt\/#organization\",\"name\":\"skaitytaknyga.lt\",\"url\":\"https:\/\/skaitytaknyga.lt\/\",\"logo\":{\"@type\":\"ImageObject\",\"inLanguage\":\"en-GB\",\"@id\":\"https:\/\/skaitytaknyga.lt\/#\/schema\/logo\/image\/\",\"url\":\"https:\/\/skaitytaknyga.lt\/wp-content\/uploads\/2024\/05\/cropped-cropped-cropped-02_00843_jt3bggkj1j3HLc7SyY6rEUpg.jpeg\",\"contentUrl\":\"https:\/\/skaitytaknyga.lt\/wp-content\/uploads\/2024\/05\/cropped-cropped-cropped-02_00843_jt3bggkj1j3HLc7SyY6rEUpg.jpeg\",\"width\":1600,\"height\":1600,\"caption\":\"skaitytaknyga.lt\"},\"image\":{\"@id\":\"https:\/\/skaitytaknyga.lt\/#\/schema\/logo\/image\/\"},\"sameAs\":[\"https:\/\/www.facebook.com\/skaitytaknyga\/\"]}]}<\/script>\n<!-- \/ Yoast SEO plugin. -->","yoast_head_json":{"title":"Aplink pasaul\u012f per 80 dien\u0173 (vir\u0161elio pa\u017eeidimai)","description":"\u201eAplink \u017dem\u0119 per 80 dien\u0173\u201c\u00a0\u2013\u00a0 klasikin\u0117 nuotyki\u0173 knyga, kuri\u0105 iliustravo H. Ch. Anderseno medaliu apdovanotas dailininkas Robertas Ingpenas. 1872 metais","robots":{"index":"index","follow":"follow","max-snippet":"max-snippet:-1","max-image-preview":"max-image-preview:large","max-video-preview":"max-video-preview:-1"},"canonical":"https:\/\/skaitytaknyga.lt\/en\/produktas\/aplink-pasauli-per-80-dienu-virselio-pazeidimai\/","og_locale":"en_GB","og_type":"article","og_title":"[:lt]Aplink pasaul\u012f per 80 dien\u0173 (vir\u0161elio pa\u017eeidimai)[:] - Skaitytaknyga","og_description":"\u201eAplink \u017dem\u0119 per 80 dien\u0173\u201c\u00a0\u2013\u00a0 klasikin\u0117 nuotyki\u0173 knyga, kuri\u0105 iliustravo H. Ch. Anderseno medaliu apdovanotas dailininkas Robertas Ingpenas. 1872 metais","og_url":"https:\/\/skaitytaknyga.lt\/en\/produktas\/aplink-pasauli-per-80-dienu-virselio-pazeidimai\/","og_site_name":"Skaitytaknyga","article_publisher":"https:\/\/www.facebook.com\/skaitytaknyga\/","article_modified_time":"2024-12-23T06:34:35+00:00","og_image":[{"width":329,"height":400,"url":"https:\/\/skaitytaknyga.lt\/wp-content\/uploads\/2024\/12\/Aplink-pasauli-per-80-dienu-1.webp","type":"image\/webp"}],"twitter_card":"summary_large_image","twitter_misc":{"Estimated reading time":"1 minute"},"schema":{"@context":"https:\/\/schema.org","@graph":[{"@type":"WebPage","@id":"https:\/\/skaitytaknyga.lt\/produktas\/aplink-pasauli-per-80-dienu-virselio-pazeidimai\/","url":"https:\/\/skaitytaknyga.lt\/produktas\/aplink-pasauli-per-80-dienu-virselio-pazeidimai\/","name":"Aplink pasaul\u012f per 80 dien\u0173 (vir\u0161elio pa\u017eeidimai)","isPartOf":{"@id":"https:\/\/skaitytaknyga.lt\/#website"},"primaryImageOfPage":{"@id":"https:\/\/skaitytaknyga.lt\/produktas\/aplink-pasauli-per-80-dienu-virselio-pazeidimai\/#primaryimage"},"image":{"@id":"https:\/\/skaitytaknyga.lt\/produktas\/aplink-pasauli-per-80-dienu-virselio-pazeidimai\/#primaryimage"},"thumbnailUrl":"https:\/\/skaitytaknyga.lt\/wp-content\/uploads\/2024\/12\/Aplink-pasauli-per-80-dienu-1.webp","datePublished":"2024-12-19T09:10:07+00:00","dateModified":"2024-12-23T06:34:35+00:00","description":"\u201eAplink \u017dem\u0119 per 80 dien\u0173\u201c\u00a0\u2013\u00a0 klasikin\u0117 nuotyki\u0173 knyga, kuri\u0105 iliustravo H. Ch. Anderseno medaliu apdovanotas dailininkas Robertas Ingpenas. 1872 metais","breadcrumb":{"@id":"https:\/\/skaitytaknyga.lt\/produktas\/aplink-pasauli-per-80-dienu-virselio-pazeidimai\/#breadcrumb"},"inLanguage":"en-GB","potentialAction":[{"@type":"ReadAction","target":["https:\/\/skaitytaknyga.lt\/produktas\/aplink-pasauli-per-80-dienu-virselio-pazeidimai\/"]}]},{"@type":"ImageObject","inLanguage":"en-GB","@id":"https:\/\/skaitytaknyga.lt\/produktas\/aplink-pasauli-per-80-dienu-virselio-pazeidimai\/#primaryimage","url":"https:\/\/skaitytaknyga.lt\/wp-content\/uploads\/2024\/12\/Aplink-pasauli-per-80-dienu-1.webp","contentUrl":"https:\/\/skaitytaknyga.lt\/wp-content\/uploads\/2024\/12\/Aplink-pasauli-per-80-dienu-1.webp","width":329,"height":400,"caption":"Aplink pasaul\u012f per 80 dien\u0173"},{"@type":"BreadcrumbList","@id":"https:\/\/skaitytaknyga.lt\/produktas\/aplink-pasauli-per-80-dienu-virselio-pazeidimai\/#breadcrumb","itemListElement":[{"@type":"ListItem","position":1,"name":"Home","item":"https:\/\/skaitytaknyga.lt\/"},{"@type":"ListItem","position":2,"name":"Parduotuv\u0117","item":"https:\/\/skaitytaknyga.lt\/knygu-parduotuve\/"},{"@type":"ListItem","position":3,"name":"Aplink pasaul\u012f per 80 dien\u0173 (vir\u0161elio pa\u017eeidimai)"}]},{"@type":"WebSite","@id":"https:\/\/skaitytaknyga.lt\/#website","url":"https:\/\/skaitytaknyga.lt\/","name":"skaitytaknyga.lt","description":"Skaitytaknyga.lt \u2013 tai ma\u017eas \u0161eimos verslas, kuris prasid\u0117jo nuo meil\u0117s knygoms ir siekio i\u0161gelb\u0117ti knygas nuo likimo prie konteinerio. Kas vienam nereikalingas daiktas \u2013 kitam lobis, o mes esame tarpininkai, kurie padeda abiems tapti laimingesniems ???? \u017dinome kaip nelengva i\u0161gyventi ma\u017eiems verslams, tad nuo \u0161iol, \u010dia rasite ir kit\u0173, ma\u017e\u0173 \u0161eim\u0173 versl\u0173, rank\u0173 darbo, dovan\u0173 sau ir artimiesiems.","publisher":{"@id":"https:\/\/skaitytaknyga.lt\/#organization"},"potentialAction":[{"@type":"SearchAction","target":{"@type":"EntryPoint","urlTemplate":"https:\/\/skaitytaknyga.lt\/?s={search_term_string}"},"query-input":{"@type":"PropertyValueSpecification","valueRequired":true,"valueName":"search_term_string"}}],"inLanguage":"en-GB"},{"@type":"Organization","@id":"https:\/\/skaitytaknyga.lt\/#organization","name":"skaitytaknyga.lt","url":"https:\/\/skaitytaknyga.lt\/","logo":{"@type":"ImageObject","inLanguage":"en-GB","@id":"https:\/\/skaitytaknyga.lt\/#\/schema\/logo\/image\/","url":"https:\/\/skaitytaknyga.lt\/wp-content\/uploads\/2024\/05\/cropped-cropped-cropped-02_00843_jt3bggkj1j3HLc7SyY6rEUpg.jpeg","contentUrl":"https:\/\/skaitytaknyga.lt\/wp-content\/uploads\/2024\/05\/cropped-cropped-cropped-02_00843_jt3bggkj1j3HLc7SyY6rEUpg.jpeg","width":1600,"height":1600,"caption":"skaitytaknyga.lt"},"image":{"@id":"https:\/\/skaitytaknyga.lt\/#\/schema\/logo\/image\/"},"sameAs":["https:\/\/www.facebook.com\/skaitytaknyga\/"]}]}},"_links":{"self":[{"href":"https:\/\/skaitytaknyga.lt\/en\/wp-json\/wp\/v2\/product\/15577","targetHints":{"allow":["GET"]}}],"collection":[{"href":"https:\/\/skaitytaknyga.lt\/en\/wp-json\/wp\/v2\/product"}],"about":[{"href":"https:\/\/skaitytaknyga.lt\/en\/wp-json\/wp\/v2\/types\/product"}],"replies":[{"embeddable":true,"href":"https:\/\/skaitytaknyga.lt\/en\/wp-json\/wp\/v2\/comments?post=15577"}],"wp:featuredmedia":[{"embeddable":true,"href":"https:\/\/skaitytaknyga.lt\/en\/wp-json\/wp\/v2\/media\/15611"}],"wp:attachment":[{"href":"https:\/\/skaitytaknyga.lt\/en\/wp-json\/wp\/v2\/media?parent=15577"}],"wp:term":[{"taxonomy":"product_brand","embeddable":true,"href":"https:\/\/skaitytaknyga.lt\/en\/wp-json\/wp\/v2\/product_brand?post=15577"},{"taxonomy":"product_cat","embeddable":true,"href":"https:\/\/skaitytaknyga.lt\/en\/wp-json\/wp\/v2\/product_cat?post=15577"},{"taxonomy":"product_tag","embeddable":true,"href":"https:\/\/skaitytaknyga.lt\/en\/wp-json\/wp\/v2\/product_tag?post=15577"}],"curies":[{"name":"wp","href":"https:\/\/api.w.org\/{rel}","templated":true}]}}