{"id":15574,"date":"2024-12-19T11:10:06","date_gmt":"2024-12-19T09:10:06","guid":{"rendered":"https:\/\/skaitytaknyga.lt\/?post_type=product&#038;p=15574"},"modified":"2026-03-05T11:38:27","modified_gmt":"2026-03-05T09:38:27","slug":"paslaptingas-drakonas","status":"publish","type":"product","link":"https:\/\/skaitytaknyga.lt\/en\/produktas\/paslaptingas-drakonas\/","title":{"rendered":"Paslaptingas drakonas"},"content":{"rendered":"<p>\u2013 Niekam nesakyk! \u2013 pareikalavo Marija.<br \/>\nDilanas nesiklaus\u0117. Jis negal\u0117jo atpl\u0117\u0161ti aki\u0173 nuo smulkios kampe susig\u016b\u017eusios b\u016btyb\u0117s.<br \/>\n\u2013 \u010cia&#8230; drakonas.<\/p>\n<p>Marija \u2013 tikra mokslinink\u0117. Nesvarbu, kad jai dar tik dvylika. Na, rugs\u0117j\u012f sueis dvylika. Am\u017eius \u2013 tik smulkmena, kur kas svarbiau tai, k\u0105 gali nuveikti ir su\u017einoti! Marijai labiausiai patinka fosilijos. Kur kas labiau nei \u017emon\u0117s ar gyv\u016bnai.<\/p>\n<p>Kas gal\u0117jo pagalvoti, kad vienas archeologinis radinys pasirodys es\u0105s&#8230; pats tikriausias drakonas?<\/p>\n<p>Tai linksmas ir \u012ftraukiantis brit\u0173 ra\u0161ytojo Edo Clarke&#8217;o pasakojimas apie mergait\u0119 Marij\u0105, svajojan\u010di\u0105 tapti mokslininke kaip ir jos t\u0117tis, berniuk\u0105 Dilan\u0105, labai mylint\u012f gyv\u016bnus, ir tikrai ypating\u0105 radin\u012f \u2013 ma\u017eyt\u012f drakon\u0105. Kaip Marijai, ie\u0161kojusiai fosilij\u0173, ta\u010diau radusiai tikr\u0173 tikriausi\u0105 gyv\u0105 drakono jaunikl\u012f seksis j\u012f ne tik tyrin\u0117ti, bet ir pri\u017ei\u016br\u0117ti? Knyga sudomins ne tik vidutinio mokyklinio am\u017eiaus skaitytojus, bet ir visus, kam patinka moksliniai tyrimai, fantastin\u0117s b\u016btyb\u0117s ir, \u017einoma, nuotykiai.<\/p>\n<ul class=\"about-product d-none d-xl-block mt-4\">\n<li><strong>Originalus pavadinimas:<\/strong>\u00a0THE SECRET DRAGON<\/li>\n<li><strong>Autorius:<\/strong>\u00a0Ed Clarke<\/li>\n<li><strong>Leid\u0117jas:<\/strong>\u00a0Nieko rimto<\/li>\n<li><strong>Metai:<\/strong>\u00a02020<\/li>\n<li><strong>Puslapiai:<\/strong>\u00a0160<\/li>\n<li class=\"toggleable type-new-formats \"><strong>ISBN:<\/strong>\u00a09786094416415<\/li>\n<li><strong>Versijos kodas:<\/strong>\u00a0PT.<\/li>\n<li class=\"toggleable type-new-formats \"><strong>Formatas:<\/strong>\u00a016 x 22 x 1,6 cm, kieti vir\u0161eliai<\/li>\n<li><strong>Kalba:<\/strong>\u00a0Lietuvi\u0173<\/li>\n<li><strong>Vert\u0117jas:<\/strong>\u00a0Kristina Tamulevi\u010di\u016bt\u0117<\/li>\n<\/ul>\n","protected":false},"excerpt":{"rendered":"<p>\u2013 Niekam nesakyk! \u2013 pareikalavo Marija. Dilanas nesiklaus\u0117. Jis negal\u0117jo atpl\u0117\u0161ti aki\u0173 nuo smulkios kampe susig\u016b\u017eusios b\u016btyb\u0117s. \u2013 \u010cia&#8230; drakonas. Marija \u2013 tikra mokslinink\u0117. Nesvarbu, kad jai dar tik dvylika. Na, rugs\u0117j\u012f sueis dvylika. Am\u017eius \u2013 tik smulkmena, kur kas svarbiau tai, k\u0105 gali nuveikti ir su\u017einoti! Marijai labiausiai patinka fosilijos. Kur kas labiau nei \u017emon\u0117s ar gyv\u016bnai. Kas gal\u0117jo pagalvoti, kad vienas archeologinis radinys pasirodys es\u0105s&#8230; pats tikriausias drakonas? Tai linksmas ir \u012ftraukiantis brit\u0173 ra\u0161ytojo Edo Clarke&#8217;o pasakojimas apie mergait\u0119 Marij\u0105, svajojan\u010di\u0105 tapti mokslininke kaip ir jos t\u0117tis, berniuk\u0105 Dilan\u0105, labai mylint\u012f gyv\u016bnus, ir tikrai ypating\u0105 radin\u012f \u2013 ma\u017eyt\u012f drakon\u0105. Kaip Marijai, ie\u0161kojusiai fosilij\u0173, ta\u010diau radusiai tikr\u0173 tikriausi\u0105 gyv\u0105 drakono jaunikl\u012f seksis j\u012f ne tik tyrin\u0117ti, bet ir pri\u017ei\u016br\u0117ti? Knyga sudomins ne tik vidutinio mokyklinio am\u017eiaus skaitytojus, bet ir visus, kam patinka moksliniai tyrimai, fantastin\u0117s b\u016btyb\u0117s ir, \u017einoma, nuotykiai. Originalus pavadinimas:\u00a0THE SECRET DRAGON Autorius:\u00a0Ed Clarke Leid\u0117jas:\u00a0Nieko rimto Metai:\u00a02020 Puslapiai:\u00a0160 ISBN:\u00a09786094416415 Versijos kodas:\u00a0PT. Formatas:\u00a016 x 22 x 1,6 cm, kieti vir\u0161eliai Kalba:\u00a0Lietuvi\u0173 Vert\u0117jas:\u00a0Kristina Tamulevi\u010di\u016bt\u0117<\/p>\n","protected":false},"featured_media":15675,"comment_status":"open","ping_status":"closed","template":"","meta":{"_acf_changed":false,"site-sidebar-layout":"default","site-content-layout":"","ast-site-content-layout":"default","site-content-style":"default","site-sidebar-style":"default","ast-global-header-display":"","ast-banner-title-visibility":"","ast-main-header-display":"","ast-hfb-above-header-display":"","ast-hfb-below-header-display":"","ast-hfb-mobile-header-display":"","site-post-title":"","ast-breadcrumbs-content":"","ast-featured-img":"","footer-sml-layout":"","ast-disable-related-posts":"","theme-transparent-header-meta":"default","adv-header-id-meta":"","stick-header-meta":"","header-above-stick-meta":"","header-main-stick-meta":"","header-below-stick-meta":"","astra-migrate-meta-layouts":"set","ast-page-background-enabled":"default","ast-page-background-meta":{"desktop":{"background-color":"","background-image":"","background-repeat":"repeat","background-position":"center center","background-size":"auto","background-attachment":"scroll","background-type":"","background-media":"","overlay-type":"","overlay-color":"","overlay-opacity":"","overlay-gradient":""},"tablet":{"background-color":"","background-image":"","background-repeat":"repeat","background-position":"center center","background-size":"auto","background-attachment":"scroll","background-type":"","background-media":"","overlay-type":"","overlay-color":"","overlay-opacity":"","overlay-gradient":""},"mobile":{"background-color":"","background-image":"","background-repeat":"repeat","background-position":"center center","background-size":"auto","background-attachment":"scroll","background-type":"","background-media":"","overlay-type":"","overlay-color":"","overlay-opacity":"","overlay-gradient":""}},"ast-content-background-meta":{"desktop":{"background-color":"var(--ast-global-color-4)","background-image":"","background-repeat":"repeat","background-position":"center center","background-size":"auto","background-attachment":"scroll","background-type":"","background-media":"","overlay-type":"","overlay-color":"","overlay-opacity":"","overlay-gradient":""},"tablet":{"background-color":"var(--ast-global-color-4)","background-image":"","background-repeat":"repeat","background-position":"center center","background-size":"auto","background-attachment":"scroll","background-type":"","background-media":"","overlay-type":"","overlay-color":"","overlay-opacity":"","overlay-gradient":""},"mobile":{"background-color":"var(--ast-global-color-4)","background-image":"","background-repeat":"repeat","background-position":"center center","background-size":"auto","background-attachment":"scroll","background-type":"","background-media":"","overlay-type":"","overlay-color":"","overlay-opacity":"","overlay-gradient":""}}},"product_brand":[],"product_cat":[15,35],"product_tag":[9517],"class_list":{"0":"post-15574","1":"product","2":"type-product","3":"status-publish","4":"has-post-thumbnail","6":"product_cat-uncategorized","7":"product_cat-vaikams-ir-paaugliams","8":"product_tag-lted-clarke","9":"desktop-align-left","10":"tablet-align-left","11":"mobile-align-left","13":"first","14":"instock","15":"shipping-taxable","16":"purchasable","17":"product-type-simple"},"acf":[],"yoast_head":"<!-- This site is optimized with the Yoast SEO plugin v27.0 - https:\/\/yoast.com\/product\/yoast-seo-wordpress\/ -->\n<title>Paslaptingas drakonas<\/title>\n<meta name=\"description\" content=\"\u2013 Niekam nesakyk! \u2013 pareikalavo Marija. Dilanas nesiklaus\u0117. Jis negal\u0117jo atpl\u0117\u0161ti aki\u0173 nuo smulkios kampe susig\u016b\u017eusios b\u016btyb\u0117s. \u2013 \u010cia... drakonas. Marija\" \/>\n<meta name=\"robots\" content=\"index, follow, max-snippet:-1, max-image-preview:large, max-video-preview:-1\" \/>\n<link rel=\"canonical\" href=\"https:\/\/skaitytaknyga.lt\/en\/produktas\/paslaptingas-drakonas\/\" \/>\n<meta property=\"og:locale\" content=\"en_GB\" \/>\n<meta property=\"og:locale:alternate\" content=\"lt_LT\" \/>\n<meta property=\"og:type\" content=\"article\" \/>\n<meta property=\"og:title\" content=\"Paslaptingas drakonas\" \/>\n<meta property=\"og:description\" content=\"\u2013 Niekam nesakyk! \u2013 pareikalavo Marija. Dilanas nesiklaus\u0117. Jis negal\u0117jo atpl\u0117\u0161ti aki\u0173 nuo smulkios kampe susig\u016b\u017eusios b\u016btyb\u0117s. \u2013 \u010cia... drakonas. Marija\" \/>\n<meta property=\"og:url\" content=\"https:\/\/skaitytaknyga.lt\/en\/produktas\/paslaptingas-drakonas\/\" \/>\n<meta property=\"og:site_name\" content=\"Skaitytaknyga\" \/>\n<meta property=\"article:publisher\" content=\"https:\/\/www.facebook.com\/skaitytaknyga\/\" \/>\n<meta property=\"article:modified_time\" content=\"2026-03-05T09:38:27+00:00\" \/>\n<meta property=\"og:image\" content=\"https:\/\/skaitytaknyga.lt\/wp-content\/uploads\/2024\/12\/Paslaptingas-drakonas.webp\" \/>\n\t<meta property=\"og:image:width\" content=\"400\" \/>\n\t<meta property=\"og:image:height\" content=\"550\" \/>\n\t<meta property=\"og:image:type\" content=\"image\/webp\" \/>\n<meta name=\"twitter:card\" content=\"summary_large_image\" \/>\n<meta name=\"twitter:label1\" content=\"Estimated reading time\" \/>\n\t<meta name=\"twitter:data1\" content=\"1 minute\" \/>\n<script type=\"application\/ld+json\" class=\"yoast-schema-graph\">{\"@context\":\"https:\/\/schema.org\",\"@graph\":[{\"@type\":\"WebPage\",\"@id\":\"https:\/\/skaitytaknyga.lt\/produktas\/paslaptingas-drakonas\/\",\"url\":\"https:\/\/skaitytaknyga.lt\/produktas\/paslaptingas-drakonas\/\",\"name\":\"Paslaptingas drakonas\",\"isPartOf\":{\"@id\":\"https:\/\/skaitytaknyga.lt\/#website\"},\"primaryImageOfPage\":{\"@id\":\"https:\/\/skaitytaknyga.lt\/produktas\/paslaptingas-drakonas\/#primaryimage\"},\"image\":{\"@id\":\"https:\/\/skaitytaknyga.lt\/produktas\/paslaptingas-drakonas\/#primaryimage\"},\"thumbnailUrl\":\"https:\/\/skaitytaknyga.lt\/wp-content\/uploads\/2024\/12\/Paslaptingas-drakonas.webp\",\"datePublished\":\"2024-12-19T09:10:06+00:00\",\"dateModified\":\"2026-03-05T09:38:27+00:00\",\"description\":\"\u2013 Niekam nesakyk! \u2013 pareikalavo Marija. Dilanas nesiklaus\u0117. Jis negal\u0117jo atpl\u0117\u0161ti aki\u0173 nuo smulkios kampe susig\u016b\u017eusios b\u016btyb\u0117s. \u2013 \u010cia... drakonas. Marija\",\"breadcrumb\":{\"@id\":\"https:\/\/skaitytaknyga.lt\/produktas\/paslaptingas-drakonas\/#breadcrumb\"},\"inLanguage\":\"en-GB\",\"potentialAction\":[{\"@type\":\"ReadAction\",\"target\":[\"https:\/\/skaitytaknyga.lt\/produktas\/paslaptingas-drakonas\/\"]}]},{\"@type\":\"ImageObject\",\"inLanguage\":\"en-GB\",\"@id\":\"https:\/\/skaitytaknyga.lt\/produktas\/paslaptingas-drakonas\/#primaryimage\",\"url\":\"https:\/\/skaitytaknyga.lt\/wp-content\/uploads\/2024\/12\/Paslaptingas-drakonas.webp\",\"contentUrl\":\"https:\/\/skaitytaknyga.lt\/wp-content\/uploads\/2024\/12\/Paslaptingas-drakonas.webp\",\"width\":400,\"height\":550,\"caption\":\"Paslaptingas drakonas\"},{\"@type\":\"BreadcrumbList\",\"@id\":\"https:\/\/skaitytaknyga.lt\/produktas\/paslaptingas-drakonas\/#breadcrumb\",\"itemListElement\":[{\"@type\":\"ListItem\",\"position\":1,\"name\":\"Home\",\"item\":\"https:\/\/skaitytaknyga.lt\/\"},{\"@type\":\"ListItem\",\"position\":2,\"name\":\"Parduotuv\u0117\",\"item\":\"https:\/\/skaitytaknyga.lt\/knygu-parduotuve\/\"},{\"@type\":\"ListItem\",\"position\":3,\"name\":\"Paslaptingas drakonas\"}]},{\"@type\":\"WebSite\",\"@id\":\"https:\/\/skaitytaknyga.lt\/#website\",\"url\":\"https:\/\/skaitytaknyga.lt\/\",\"name\":\"skaitytaknyga.lt\",\"description\":\"Skaitytaknyga.lt \u2013 tai ma\u017eas \u0161eimos verslas, kuris prasid\u0117jo nuo meil\u0117s knygoms ir siekio i\u0161gelb\u0117ti knygas nuo likimo prie konteinerio. Kas vienam nereikalingas daiktas \u2013 kitam lobis, o mes esame tarpininkai, kurie padeda abiems tapti laimingesniems ???? \u017dinome kaip nelengva i\u0161gyventi ma\u017eiems verslams, tad nuo \u0161iol, \u010dia rasite ir kit\u0173, ma\u017e\u0173 \u0161eim\u0173 versl\u0173, rank\u0173 darbo, dovan\u0173 sau ir artimiesiems.\",\"publisher\":{\"@id\":\"https:\/\/skaitytaknyga.lt\/#organization\"},\"potentialAction\":[{\"@type\":\"SearchAction\",\"target\":{\"@type\":\"EntryPoint\",\"urlTemplate\":\"https:\/\/skaitytaknyga.lt\/?s={search_term_string}\"},\"query-input\":{\"@type\":\"PropertyValueSpecification\",\"valueRequired\":true,\"valueName\":\"search_term_string\"}}],\"inLanguage\":\"en-GB\"},{\"@type\":\"Organization\",\"@id\":\"https:\/\/skaitytaknyga.lt\/#organization\",\"name\":\"skaitytaknyga.lt\",\"url\":\"https:\/\/skaitytaknyga.lt\/\",\"logo\":{\"@type\":\"ImageObject\",\"inLanguage\":\"en-GB\",\"@id\":\"https:\/\/skaitytaknyga.lt\/#\/schema\/logo\/image\/\",\"url\":\"https:\/\/skaitytaknyga.lt\/wp-content\/uploads\/2024\/05\/cropped-cropped-cropped-02_00843_jt3bggkj1j3HLc7SyY6rEUpg.jpeg\",\"contentUrl\":\"https:\/\/skaitytaknyga.lt\/wp-content\/uploads\/2024\/05\/cropped-cropped-cropped-02_00843_jt3bggkj1j3HLc7SyY6rEUpg.jpeg\",\"width\":1600,\"height\":1600,\"caption\":\"skaitytaknyga.lt\"},\"image\":{\"@id\":\"https:\/\/skaitytaknyga.lt\/#\/schema\/logo\/image\/\"},\"sameAs\":[\"https:\/\/www.facebook.com\/skaitytaknyga\/\"]}]}<\/script>\n<!-- \/ Yoast SEO plugin. -->","yoast_head_json":{"title":"Paslaptingas drakonas","description":"\u2013 Niekam nesakyk! \u2013 pareikalavo Marija. Dilanas nesiklaus\u0117. Jis negal\u0117jo atpl\u0117\u0161ti aki\u0173 nuo smulkios kampe susig\u016b\u017eusios b\u016btyb\u0117s. \u2013 \u010cia... drakonas. Marija","robots":{"index":"index","follow":"follow","max-snippet":"max-snippet:-1","max-image-preview":"max-image-preview:large","max-video-preview":"max-video-preview:-1"},"canonical":"https:\/\/skaitytaknyga.lt\/en\/produktas\/paslaptingas-drakonas\/","og_locale":"en_GB","og_type":"article","og_title":"[:lt]Paslaptingas drakonas[:] - Skaitytaknyga","og_description":"\u2013 Niekam nesakyk! \u2013 pareikalavo Marija. Dilanas nesiklaus\u0117. Jis negal\u0117jo atpl\u0117\u0161ti aki\u0173 nuo smulkios kampe susig\u016b\u017eusios b\u016btyb\u0117s. \u2013 \u010cia... drakonas. Marija","og_url":"https:\/\/skaitytaknyga.lt\/en\/produktas\/paslaptingas-drakonas\/","og_site_name":"Skaitytaknyga","article_publisher":"https:\/\/www.facebook.com\/skaitytaknyga\/","article_modified_time":"2026-03-05T09:38:27+00:00","og_image":[{"width":400,"height":550,"url":"https:\/\/skaitytaknyga.lt\/wp-content\/uploads\/2024\/12\/Paslaptingas-drakonas.webp","type":"image\/webp"}],"twitter_card":"summary_large_image","twitter_misc":{"Estimated reading time":"1 minute"},"schema":{"@context":"https:\/\/schema.org","@graph":[{"@type":"WebPage","@id":"https:\/\/skaitytaknyga.lt\/produktas\/paslaptingas-drakonas\/","url":"https:\/\/skaitytaknyga.lt\/produktas\/paslaptingas-drakonas\/","name":"Paslaptingas drakonas","isPartOf":{"@id":"https:\/\/skaitytaknyga.lt\/#website"},"primaryImageOfPage":{"@id":"https:\/\/skaitytaknyga.lt\/produktas\/paslaptingas-drakonas\/#primaryimage"},"image":{"@id":"https:\/\/skaitytaknyga.lt\/produktas\/paslaptingas-drakonas\/#primaryimage"},"thumbnailUrl":"https:\/\/skaitytaknyga.lt\/wp-content\/uploads\/2024\/12\/Paslaptingas-drakonas.webp","datePublished":"2024-12-19T09:10:06+00:00","dateModified":"2026-03-05T09:38:27+00:00","description":"\u2013 Niekam nesakyk! \u2013 pareikalavo Marija. Dilanas nesiklaus\u0117. Jis negal\u0117jo atpl\u0117\u0161ti aki\u0173 nuo smulkios kampe susig\u016b\u017eusios b\u016btyb\u0117s. \u2013 \u010cia... drakonas. Marija","breadcrumb":{"@id":"https:\/\/skaitytaknyga.lt\/produktas\/paslaptingas-drakonas\/#breadcrumb"},"inLanguage":"en-GB","potentialAction":[{"@type":"ReadAction","target":["https:\/\/skaitytaknyga.lt\/produktas\/paslaptingas-drakonas\/"]}]},{"@type":"ImageObject","inLanguage":"en-GB","@id":"https:\/\/skaitytaknyga.lt\/produktas\/paslaptingas-drakonas\/#primaryimage","url":"https:\/\/skaitytaknyga.lt\/wp-content\/uploads\/2024\/12\/Paslaptingas-drakonas.webp","contentUrl":"https:\/\/skaitytaknyga.lt\/wp-content\/uploads\/2024\/12\/Paslaptingas-drakonas.webp","width":400,"height":550,"caption":"Paslaptingas drakonas"},{"@type":"BreadcrumbList","@id":"https:\/\/skaitytaknyga.lt\/produktas\/paslaptingas-drakonas\/#breadcrumb","itemListElement":[{"@type":"ListItem","position":1,"name":"Home","item":"https:\/\/skaitytaknyga.lt\/"},{"@type":"ListItem","position":2,"name":"Parduotuv\u0117","item":"https:\/\/skaitytaknyga.lt\/knygu-parduotuve\/"},{"@type":"ListItem","position":3,"name":"Paslaptingas drakonas"}]},{"@type":"WebSite","@id":"https:\/\/skaitytaknyga.lt\/#website","url":"https:\/\/skaitytaknyga.lt\/","name":"skaitytaknyga.lt","description":"Skaitytaknyga.lt \u2013 tai ma\u017eas \u0161eimos verslas, kuris prasid\u0117jo nuo meil\u0117s knygoms ir siekio i\u0161gelb\u0117ti knygas nuo likimo prie konteinerio. Kas vienam nereikalingas daiktas \u2013 kitam lobis, o mes esame tarpininkai, kurie padeda abiems tapti laimingesniems ???? \u017dinome kaip nelengva i\u0161gyventi ma\u017eiems verslams, tad nuo \u0161iol, \u010dia rasite ir kit\u0173, ma\u017e\u0173 \u0161eim\u0173 versl\u0173, rank\u0173 darbo, dovan\u0173 sau ir artimiesiems.","publisher":{"@id":"https:\/\/skaitytaknyga.lt\/#organization"},"potentialAction":[{"@type":"SearchAction","target":{"@type":"EntryPoint","urlTemplate":"https:\/\/skaitytaknyga.lt\/?s={search_term_string}"},"query-input":{"@type":"PropertyValueSpecification","valueRequired":true,"valueName":"search_term_string"}}],"inLanguage":"en-GB"},{"@type":"Organization","@id":"https:\/\/skaitytaknyga.lt\/#organization","name":"skaitytaknyga.lt","url":"https:\/\/skaitytaknyga.lt\/","logo":{"@type":"ImageObject","inLanguage":"en-GB","@id":"https:\/\/skaitytaknyga.lt\/#\/schema\/logo\/image\/","url":"https:\/\/skaitytaknyga.lt\/wp-content\/uploads\/2024\/05\/cropped-cropped-cropped-02_00843_jt3bggkj1j3HLc7SyY6rEUpg.jpeg","contentUrl":"https:\/\/skaitytaknyga.lt\/wp-content\/uploads\/2024\/05\/cropped-cropped-cropped-02_00843_jt3bggkj1j3HLc7SyY6rEUpg.jpeg","width":1600,"height":1600,"caption":"skaitytaknyga.lt"},"image":{"@id":"https:\/\/skaitytaknyga.lt\/#\/schema\/logo\/image\/"},"sameAs":["https:\/\/www.facebook.com\/skaitytaknyga\/"]}]}},"_links":{"self":[{"href":"https:\/\/skaitytaknyga.lt\/en\/wp-json\/wp\/v2\/product\/15574","targetHints":{"allow":["GET"]}}],"collection":[{"href":"https:\/\/skaitytaknyga.lt\/en\/wp-json\/wp\/v2\/product"}],"about":[{"href":"https:\/\/skaitytaknyga.lt\/en\/wp-json\/wp\/v2\/types\/product"}],"replies":[{"embeddable":true,"href":"https:\/\/skaitytaknyga.lt\/en\/wp-json\/wp\/v2\/comments?post=15574"}],"wp:featuredmedia":[{"embeddable":true,"href":"https:\/\/skaitytaknyga.lt\/en\/wp-json\/wp\/v2\/media\/15675"}],"wp:attachment":[{"href":"https:\/\/skaitytaknyga.lt\/en\/wp-json\/wp\/v2\/media?parent=15574"}],"wp:term":[{"taxonomy":"product_brand","embeddable":true,"href":"https:\/\/skaitytaknyga.lt\/en\/wp-json\/wp\/v2\/product_brand?post=15574"},{"taxonomy":"product_cat","embeddable":true,"href":"https:\/\/skaitytaknyga.lt\/en\/wp-json\/wp\/v2\/product_cat?post=15574"},{"taxonomy":"product_tag","embeddable":true,"href":"https:\/\/skaitytaknyga.lt\/en\/wp-json\/wp\/v2\/product_tag?post=15574"}],"curies":[{"name":"wp","href":"https:\/\/api.w.org\/{rel}","templated":true}]}}