{"id":15573,"date":"2024-12-19T11:10:06","date_gmt":"2024-12-19T09:10:06","guid":{"rendered":"https:\/\/skaitytaknyga.lt\/?post_type=product&#038;p=15573"},"modified":"2025-01-19T11:52:42","modified_gmt":"2025-01-19T09:52:42","slug":"kiskis-ir-meska-prastas-karalius-liudnas-reikalas","status":"publish","type":"product","link":"https:\/\/skaitytaknyga.lt\/en\/produktas\/kiskis-ir-meska-prastas-karalius-liudnas-reikalas\/","title":{"rendered":"Ki\u0161kis ir me\u0161ka: prastas karalius \u2013 li\u016bdnas reikalas"},"content":{"rendered":"<p>6\u20139 M. VAIKAMS<\/p>\n<p>Ledlokis didelis, piktas ir nori b\u016bti karaliumi.<br \/>\nMe\u0161kai nor\u0117t\u0173si b\u016bti gerai ir draugi\u0161kai. Bet ledlokis tenori r\u016bm\u0173 ir karali\u0161kojo tualeto.<br \/>\nGal pad\u0117s vilkas? Tik vaje \u2013 ki\u0161kis j\u012f jau i\u0161vijo \u012f Tamsi\u0105j\u0105 giri\u0105&#8230;<br \/>\nKnyga apie draugus, prie\u0161us ir kaip saugotis, kad j\u016bs\u0173 neapkakot\u0173 ledlokis.<\/p>\n<p>\u201eValio ki\u0161kiui ir me\u0161kai!&#8221; NEIL GAIMAN<\/p>\n<ul class=\"about-product d-none d-xl-block mt-4\">\n<li><strong>Autorius:<\/strong>\u00a0Julian Gough,\u00a0Jim Field<\/li>\n<li><strong>Leid\u0117jas:<\/strong>\u00a0Alma littera<\/li>\n<li><strong>Metai:<\/strong>\u00a02022<\/li>\n<li><strong>Puslapiai:<\/strong>\u00a0112<\/li>\n<li class=\"toggleable type-new-formats \"><strong>ISBN:<\/strong>\u00a09786090149928<\/li>\n<li><strong>Versijos kodas:<\/strong>\u00a0PT.<\/li>\n<li class=\"toggleable type-new-formats \"><strong>Formatas:<\/strong>\u00a012,9 x 18,1 x 0,9 cm, kieti vir\u0161eliai<\/li>\n<li><strong>Kalba:<\/strong>\u00a0Lietuvi\u0173<\/li>\n<li><strong>Vert\u0117jas:<\/strong>\u00a0Ramun\u0117 Rusait\u0117<\/li>\n<li><strong>Knyg\u0173 serija:<\/strong>\u00a0SKAITAU PATS<\/li>\n<\/ul>\n","protected":false},"excerpt":{"rendered":"<p>6\u20139 M. VAIKAMS Ledlokis didelis, piktas ir nori b\u016bti karaliumi. Me\u0161kai nor\u0117t\u0173si b\u016bti gerai ir draugi\u0161kai. Bet ledlokis tenori r\u016bm\u0173 ir karali\u0161kojo tualeto. Gal pad\u0117s vilkas? Tik vaje \u2013 ki\u0161kis j\u012f jau i\u0161vijo \u012f Tamsi\u0105j\u0105 giri\u0105&#8230; Knyga apie draugus, prie\u0161us ir kaip saugotis, kad j\u016bs\u0173 neapkakot\u0173 ledlokis. \u201eValio ki\u0161kiui ir me\u0161kai!&#8221; NEIL GAIMAN Autorius:\u00a0Julian Gough,\u00a0Jim Field Leid\u0117jas:\u00a0Alma littera Metai:\u00a02022 Puslapiai:\u00a0112 ISBN:\u00a09786090149928 Versijos kodas:\u00a0PT. Formatas:\u00a012,9 x 18,1 x 0,9 cm, kieti vir\u0161eliai Kalba:\u00a0Lietuvi\u0173 Vert\u0117jas:\u00a0Ramun\u0117 Rusait\u0117 Knyg\u0173 serija:\u00a0SKAITAU PATS<\/p>\n","protected":false},"featured_media":15689,"comment_status":"open","ping_status":"closed","template":"","meta":{"_acf_changed":false,"site-sidebar-layout":"default","site-content-layout":"","ast-site-content-layout":"default","site-content-style":"default","site-sidebar-style":"default","ast-global-header-display":"","ast-banner-title-visibility":"","ast-main-header-display":"","ast-hfb-above-header-display":"","ast-hfb-below-header-display":"","ast-hfb-mobile-header-display":"","site-post-title":"","ast-breadcrumbs-content":"","ast-featured-img":"","footer-sml-layout":"","ast-disable-related-posts":"","theme-transparent-header-meta":"default","adv-header-id-meta":"","stick-header-meta":"","header-above-stick-meta":"","header-main-stick-meta":"","header-below-stick-meta":"","astra-migrate-meta-layouts":"set","ast-page-background-enabled":"default","ast-page-background-meta":{"desktop":{"background-color":"","background-image":"","background-repeat":"repeat","background-position":"center center","background-size":"auto","background-attachment":"scroll","background-type":"","background-media":"","overlay-type":"","overlay-color":"","overlay-opacity":"","overlay-gradient":""},"tablet":{"background-color":"","background-image":"","background-repeat":"repeat","background-position":"center center","background-size":"auto","background-attachment":"scroll","background-type":"","background-media":"","overlay-type":"","overlay-color":"","overlay-opacity":"","overlay-gradient":""},"mobile":{"background-color":"","background-image":"","background-repeat":"repeat","background-position":"center center","background-size":"auto","background-attachment":"scroll","background-type":"","background-media":"","overlay-type":"","overlay-color":"","overlay-opacity":"","overlay-gradient":""}},"ast-content-background-meta":{"desktop":{"background-color":"var(--ast-global-color-4)","background-image":"","background-repeat":"repeat","background-position":"center center","background-size":"auto","background-attachment":"scroll","background-type":"","background-media":"","overlay-type":"","overlay-color":"","overlay-opacity":"","overlay-gradient":""},"tablet":{"background-color":"var(--ast-global-color-4)","background-image":"","background-repeat":"repeat","background-position":"center center","background-size":"auto","background-attachment":"scroll","background-type":"","background-media":"","overlay-type":"","overlay-color":"","overlay-opacity":"","overlay-gradient":""},"mobile":{"background-color":"var(--ast-global-color-4)","background-image":"","background-repeat":"repeat","background-position":"center center","background-size":"auto","background-attachment":"scroll","background-type":"","background-media":"","overlay-type":"","overlay-color":"","overlay-opacity":"","overlay-gradient":""}}},"product_brand":[],"product_cat":[15,35],"product_tag":[],"class_list":{"0":"post-15573","1":"product","2":"type-product","3":"status-publish","4":"has-post-thumbnail","6":"product_cat-uncategorized","7":"product_cat-vaikams-ir-paaugliams","8":"desktop-align-left","9":"tablet-align-left","10":"mobile-align-left","12":"first","13":"instock","14":"shipping-taxable","15":"purchasable","16":"product-type-simple"},"acf":[],"yoast_head":"<!-- This site is optimized with the Yoast SEO plugin v27.0 - https:\/\/yoast.com\/product\/yoast-seo-wordpress\/ -->\n<title>Ki\u0161kis ir me\u0161ka: prastas karalius \u2013 li\u016bdnas reikalas<\/title>\n<meta name=\"description\" content=\"6\u20139 M. VAIKAMS Ledlokis didelis, piktas ir nori b\u016bti karaliumi. Me\u0161kai nor\u0117t\u0173si b\u016bti gerai ir draugi\u0161kai. Bet ledlokis tenori r\u016bm\u0173 ir karali\u0161kojo tualeto.\" \/>\n<meta name=\"robots\" content=\"index, follow, max-snippet:-1, max-image-preview:large, max-video-preview:-1\" \/>\n<link rel=\"canonical\" href=\"https:\/\/skaitytaknyga.lt\/en\/produktas\/kiskis-ir-meska-prastas-karalius-liudnas-reikalas\/\" \/>\n<meta property=\"og:locale\" content=\"en_GB\" \/>\n<meta property=\"og:locale:alternate\" content=\"lt_LT\" \/>\n<meta property=\"og:type\" content=\"article\" \/>\n<meta property=\"og:title\" content=\"Ki\u0161kis ir me\u0161ka: prastas karalius \u2013 li\u016bdnas reikalas\" \/>\n<meta property=\"og:description\" content=\"6\u20139 M. VAIKAMS Ledlokis didelis, piktas ir nori b\u016bti karaliumi. Me\u0161kai nor\u0117t\u0173si b\u016bti gerai ir draugi\u0161kai. Bet ledlokis tenori r\u016bm\u0173 ir karali\u0161kojo tualeto.\" \/>\n<meta property=\"og:url\" content=\"https:\/\/skaitytaknyga.lt\/en\/produktas\/kiskis-ir-meska-prastas-karalius-liudnas-reikalas\/\" \/>\n<meta property=\"og:site_name\" content=\"Skaitytaknyga\" \/>\n<meta property=\"article:publisher\" content=\"https:\/\/www.facebook.com\/skaitytaknyga\/\" \/>\n<meta property=\"article:modified_time\" content=\"2025-01-19T09:52:42+00:00\" \/>\n<meta property=\"og:image\" content=\"https:\/\/skaitytaknyga.lt\/wp-content\/uploads\/2024\/12\/Kiskis-ir-meska-prastas-karalius-\u2013-liudnas-reikalas-1.webp\" \/>\n\t<meta property=\"og:image:width\" content=\"433\" \/>\n\t<meta property=\"og:image:height\" content=\"600\" \/>\n\t<meta property=\"og:image:type\" content=\"image\/webp\" \/>\n<meta name=\"twitter:card\" content=\"summary_large_image\" \/>\n<meta name=\"twitter:label1\" content=\"Estimated reading time\" \/>\n\t<meta name=\"twitter:data1\" content=\"1 minute\" \/>\n<script type=\"application\/ld+json\" class=\"yoast-schema-graph\">{\"@context\":\"https:\/\/schema.org\",\"@graph\":[{\"@type\":\"WebPage\",\"@id\":\"https:\/\/skaitytaknyga.lt\/produktas\/kiskis-ir-meska-prastas-karalius-liudnas-reikalas\/\",\"url\":\"https:\/\/skaitytaknyga.lt\/produktas\/kiskis-ir-meska-prastas-karalius-liudnas-reikalas\/\",\"name\":\"Ki\u0161kis ir me\u0161ka: prastas karalius \u2013 li\u016bdnas reikalas\",\"isPartOf\":{\"@id\":\"https:\/\/skaitytaknyga.lt\/#website\"},\"primaryImageOfPage\":{\"@id\":\"https:\/\/skaitytaknyga.lt\/produktas\/kiskis-ir-meska-prastas-karalius-liudnas-reikalas\/#primaryimage\"},\"image\":{\"@id\":\"https:\/\/skaitytaknyga.lt\/produktas\/kiskis-ir-meska-prastas-karalius-liudnas-reikalas\/#primaryimage\"},\"thumbnailUrl\":\"https:\/\/skaitytaknyga.lt\/wp-content\/uploads\/2024\/12\/Kiskis-ir-meska-prastas-karalius-\u2013-liudnas-reikalas-1.webp\",\"datePublished\":\"2024-12-19T09:10:06+00:00\",\"dateModified\":\"2025-01-19T09:52:42+00:00\",\"description\":\"6\u20139 M. VAIKAMS Ledlokis didelis, piktas ir nori b\u016bti karaliumi. Me\u0161kai nor\u0117t\u0173si b\u016bti gerai ir draugi\u0161kai. Bet ledlokis tenori r\u016bm\u0173 ir karali\u0161kojo tualeto.\",\"breadcrumb\":{\"@id\":\"https:\/\/skaitytaknyga.lt\/produktas\/kiskis-ir-meska-prastas-karalius-liudnas-reikalas\/#breadcrumb\"},\"inLanguage\":\"en-GB\",\"potentialAction\":[{\"@type\":\"ReadAction\",\"target\":[\"https:\/\/skaitytaknyga.lt\/produktas\/kiskis-ir-meska-prastas-karalius-liudnas-reikalas\/\"]}]},{\"@type\":\"ImageObject\",\"inLanguage\":\"en-GB\",\"@id\":\"https:\/\/skaitytaknyga.lt\/produktas\/kiskis-ir-meska-prastas-karalius-liudnas-reikalas\/#primaryimage\",\"url\":\"https:\/\/skaitytaknyga.lt\/wp-content\/uploads\/2024\/12\/Kiskis-ir-meska-prastas-karalius-\u2013-liudnas-reikalas-1.webp\",\"contentUrl\":\"https:\/\/skaitytaknyga.lt\/wp-content\/uploads\/2024\/12\/Kiskis-ir-meska-prastas-karalius-\u2013-liudnas-reikalas-1.webp\",\"width\":433,\"height\":600,\"caption\":\"Ki\u0161kis ir me\u0161ka prastas karalius \u2013 li\u016bdnas reikalas\"},{\"@type\":\"BreadcrumbList\",\"@id\":\"https:\/\/skaitytaknyga.lt\/produktas\/kiskis-ir-meska-prastas-karalius-liudnas-reikalas\/#breadcrumb\",\"itemListElement\":[{\"@type\":\"ListItem\",\"position\":1,\"name\":\"Home\",\"item\":\"https:\/\/skaitytaknyga.lt\/\"},{\"@type\":\"ListItem\",\"position\":2,\"name\":\"Parduotuv\u0117\",\"item\":\"https:\/\/skaitytaknyga.lt\/knygu-parduotuve\/\"},{\"@type\":\"ListItem\",\"position\":3,\"name\":\"Ki\u0161kis ir me\u0161ka: prastas karalius \u2013 li\u016bdnas reikalas\"}]},{\"@type\":\"WebSite\",\"@id\":\"https:\/\/skaitytaknyga.lt\/#website\",\"url\":\"https:\/\/skaitytaknyga.lt\/\",\"name\":\"skaitytaknyga.lt\",\"description\":\"Skaitytaknyga.lt \u2013 tai ma\u017eas \u0161eimos verslas, kuris prasid\u0117jo nuo meil\u0117s knygoms ir siekio i\u0161gelb\u0117ti knygas nuo likimo prie konteinerio. Kas vienam nereikalingas daiktas \u2013 kitam lobis, o mes esame tarpininkai, kurie padeda abiems tapti laimingesniems ???? \u017dinome kaip nelengva i\u0161gyventi ma\u017eiems verslams, tad nuo \u0161iol, \u010dia rasite ir kit\u0173, ma\u017e\u0173 \u0161eim\u0173 versl\u0173, rank\u0173 darbo, dovan\u0173 sau ir artimiesiems.\",\"publisher\":{\"@id\":\"https:\/\/skaitytaknyga.lt\/#organization\"},\"potentialAction\":[{\"@type\":\"SearchAction\",\"target\":{\"@type\":\"EntryPoint\",\"urlTemplate\":\"https:\/\/skaitytaknyga.lt\/?s={search_term_string}\"},\"query-input\":{\"@type\":\"PropertyValueSpecification\",\"valueRequired\":true,\"valueName\":\"search_term_string\"}}],\"inLanguage\":\"en-GB\"},{\"@type\":\"Organization\",\"@id\":\"https:\/\/skaitytaknyga.lt\/#organization\",\"name\":\"skaitytaknyga.lt\",\"url\":\"https:\/\/skaitytaknyga.lt\/\",\"logo\":{\"@type\":\"ImageObject\",\"inLanguage\":\"en-GB\",\"@id\":\"https:\/\/skaitytaknyga.lt\/#\/schema\/logo\/image\/\",\"url\":\"https:\/\/skaitytaknyga.lt\/wp-content\/uploads\/2024\/05\/cropped-cropped-cropped-02_00843_jt3bggkj1j3HLc7SyY6rEUpg.jpeg\",\"contentUrl\":\"https:\/\/skaitytaknyga.lt\/wp-content\/uploads\/2024\/05\/cropped-cropped-cropped-02_00843_jt3bggkj1j3HLc7SyY6rEUpg.jpeg\",\"width\":1600,\"height\":1600,\"caption\":\"skaitytaknyga.lt\"},\"image\":{\"@id\":\"https:\/\/skaitytaknyga.lt\/#\/schema\/logo\/image\/\"},\"sameAs\":[\"https:\/\/www.facebook.com\/skaitytaknyga\/\"]}]}<\/script>\n<!-- \/ Yoast SEO plugin. -->","yoast_head_json":{"title":"Ki\u0161kis ir me\u0161ka: prastas karalius \u2013 li\u016bdnas reikalas","description":"6\u20139 M. VAIKAMS Ledlokis didelis, piktas ir nori b\u016bti karaliumi. Me\u0161kai nor\u0117t\u0173si b\u016bti gerai ir draugi\u0161kai. Bet ledlokis tenori r\u016bm\u0173 ir karali\u0161kojo tualeto.","robots":{"index":"index","follow":"follow","max-snippet":"max-snippet:-1","max-image-preview":"max-image-preview:large","max-video-preview":"max-video-preview:-1"},"canonical":"https:\/\/skaitytaknyga.lt\/en\/produktas\/kiskis-ir-meska-prastas-karalius-liudnas-reikalas\/","og_locale":"en_GB","og_type":"article","og_title":"[:en]Ki\u0161kis ir me\u0161ka: prastas karalius \u2013 li\u016bdnas reikalas[:lt]Ki\u0161kis ir me\u0161ka: prastas karalius \u2013 li\u016bdnas reikalas[:] - Skaitytaknyga","og_description":"6\u20139 M. VAIKAMS Ledlokis didelis, piktas ir nori b\u016bti karaliumi. Me\u0161kai nor\u0117t\u0173si b\u016bti gerai ir draugi\u0161kai. Bet ledlokis tenori r\u016bm\u0173 ir karali\u0161kojo tualeto.","og_url":"https:\/\/skaitytaknyga.lt\/en\/produktas\/kiskis-ir-meska-prastas-karalius-liudnas-reikalas\/","og_site_name":"Skaitytaknyga","article_publisher":"https:\/\/www.facebook.com\/skaitytaknyga\/","article_modified_time":"2025-01-19T09:52:42+00:00","og_image":[{"width":433,"height":600,"url":"https:\/\/skaitytaknyga.lt\/wp-content\/uploads\/2024\/12\/Kiskis-ir-meska-prastas-karalius-\u2013-liudnas-reikalas-1.webp","type":"image\/webp"}],"twitter_card":"summary_large_image","twitter_misc":{"Estimated reading time":"1 minute"},"schema":{"@context":"https:\/\/schema.org","@graph":[{"@type":"WebPage","@id":"https:\/\/skaitytaknyga.lt\/produktas\/kiskis-ir-meska-prastas-karalius-liudnas-reikalas\/","url":"https:\/\/skaitytaknyga.lt\/produktas\/kiskis-ir-meska-prastas-karalius-liudnas-reikalas\/","name":"Ki\u0161kis ir me\u0161ka: prastas karalius \u2013 li\u016bdnas reikalas","isPartOf":{"@id":"https:\/\/skaitytaknyga.lt\/#website"},"primaryImageOfPage":{"@id":"https:\/\/skaitytaknyga.lt\/produktas\/kiskis-ir-meska-prastas-karalius-liudnas-reikalas\/#primaryimage"},"image":{"@id":"https:\/\/skaitytaknyga.lt\/produktas\/kiskis-ir-meska-prastas-karalius-liudnas-reikalas\/#primaryimage"},"thumbnailUrl":"https:\/\/skaitytaknyga.lt\/wp-content\/uploads\/2024\/12\/Kiskis-ir-meska-prastas-karalius-\u2013-liudnas-reikalas-1.webp","datePublished":"2024-12-19T09:10:06+00:00","dateModified":"2025-01-19T09:52:42+00:00","description":"6\u20139 M. VAIKAMS Ledlokis didelis, piktas ir nori b\u016bti karaliumi. Me\u0161kai nor\u0117t\u0173si b\u016bti gerai ir draugi\u0161kai. Bet ledlokis tenori r\u016bm\u0173 ir karali\u0161kojo tualeto.","breadcrumb":{"@id":"https:\/\/skaitytaknyga.lt\/produktas\/kiskis-ir-meska-prastas-karalius-liudnas-reikalas\/#breadcrumb"},"inLanguage":"en-GB","potentialAction":[{"@type":"ReadAction","target":["https:\/\/skaitytaknyga.lt\/produktas\/kiskis-ir-meska-prastas-karalius-liudnas-reikalas\/"]}]},{"@type":"ImageObject","inLanguage":"en-GB","@id":"https:\/\/skaitytaknyga.lt\/produktas\/kiskis-ir-meska-prastas-karalius-liudnas-reikalas\/#primaryimage","url":"https:\/\/skaitytaknyga.lt\/wp-content\/uploads\/2024\/12\/Kiskis-ir-meska-prastas-karalius-\u2013-liudnas-reikalas-1.webp","contentUrl":"https:\/\/skaitytaknyga.lt\/wp-content\/uploads\/2024\/12\/Kiskis-ir-meska-prastas-karalius-\u2013-liudnas-reikalas-1.webp","width":433,"height":600,"caption":"Ki\u0161kis ir me\u0161ka prastas karalius \u2013 li\u016bdnas reikalas"},{"@type":"BreadcrumbList","@id":"https:\/\/skaitytaknyga.lt\/produktas\/kiskis-ir-meska-prastas-karalius-liudnas-reikalas\/#breadcrumb","itemListElement":[{"@type":"ListItem","position":1,"name":"Home","item":"https:\/\/skaitytaknyga.lt\/"},{"@type":"ListItem","position":2,"name":"Parduotuv\u0117","item":"https:\/\/skaitytaknyga.lt\/knygu-parduotuve\/"},{"@type":"ListItem","position":3,"name":"Ki\u0161kis ir me\u0161ka: prastas karalius \u2013 li\u016bdnas reikalas"}]},{"@type":"WebSite","@id":"https:\/\/skaitytaknyga.lt\/#website","url":"https:\/\/skaitytaknyga.lt\/","name":"skaitytaknyga.lt","description":"Skaitytaknyga.lt \u2013 tai ma\u017eas \u0161eimos verslas, kuris prasid\u0117jo nuo meil\u0117s knygoms ir siekio i\u0161gelb\u0117ti knygas nuo likimo prie konteinerio. Kas vienam nereikalingas daiktas \u2013 kitam lobis, o mes esame tarpininkai, kurie padeda abiems tapti laimingesniems ???? \u017dinome kaip nelengva i\u0161gyventi ma\u017eiems verslams, tad nuo \u0161iol, \u010dia rasite ir kit\u0173, ma\u017e\u0173 \u0161eim\u0173 versl\u0173, rank\u0173 darbo, dovan\u0173 sau ir artimiesiems.","publisher":{"@id":"https:\/\/skaitytaknyga.lt\/#organization"},"potentialAction":[{"@type":"SearchAction","target":{"@type":"EntryPoint","urlTemplate":"https:\/\/skaitytaknyga.lt\/?s={search_term_string}"},"query-input":{"@type":"PropertyValueSpecification","valueRequired":true,"valueName":"search_term_string"}}],"inLanguage":"en-GB"},{"@type":"Organization","@id":"https:\/\/skaitytaknyga.lt\/#organization","name":"skaitytaknyga.lt","url":"https:\/\/skaitytaknyga.lt\/","logo":{"@type":"ImageObject","inLanguage":"en-GB","@id":"https:\/\/skaitytaknyga.lt\/#\/schema\/logo\/image\/","url":"https:\/\/skaitytaknyga.lt\/wp-content\/uploads\/2024\/05\/cropped-cropped-cropped-02_00843_jt3bggkj1j3HLc7SyY6rEUpg.jpeg","contentUrl":"https:\/\/skaitytaknyga.lt\/wp-content\/uploads\/2024\/05\/cropped-cropped-cropped-02_00843_jt3bggkj1j3HLc7SyY6rEUpg.jpeg","width":1600,"height":1600,"caption":"skaitytaknyga.lt"},"image":{"@id":"https:\/\/skaitytaknyga.lt\/#\/schema\/logo\/image\/"},"sameAs":["https:\/\/www.facebook.com\/skaitytaknyga\/"]}]}},"_links":{"self":[{"href":"https:\/\/skaitytaknyga.lt\/en\/wp-json\/wp\/v2\/product\/15573","targetHints":{"allow":["GET"]}}],"collection":[{"href":"https:\/\/skaitytaknyga.lt\/en\/wp-json\/wp\/v2\/product"}],"about":[{"href":"https:\/\/skaitytaknyga.lt\/en\/wp-json\/wp\/v2\/types\/product"}],"replies":[{"embeddable":true,"href":"https:\/\/skaitytaknyga.lt\/en\/wp-json\/wp\/v2\/comments?post=15573"}],"wp:featuredmedia":[{"embeddable":true,"href":"https:\/\/skaitytaknyga.lt\/en\/wp-json\/wp\/v2\/media\/15689"}],"wp:attachment":[{"href":"https:\/\/skaitytaknyga.lt\/en\/wp-json\/wp\/v2\/media?parent=15573"}],"wp:term":[{"taxonomy":"product_brand","embeddable":true,"href":"https:\/\/skaitytaknyga.lt\/en\/wp-json\/wp\/v2\/product_brand?post=15573"},{"taxonomy":"product_cat","embeddable":true,"href":"https:\/\/skaitytaknyga.lt\/en\/wp-json\/wp\/v2\/product_cat?post=15573"},{"taxonomy":"product_tag","embeddable":true,"href":"https:\/\/skaitytaknyga.lt\/en\/wp-json\/wp\/v2\/product_tag?post=15573"}],"curies":[{"name":"wp","href":"https:\/\/api.w.org\/{rel}","templated":true}]}}