{"id":15572,"date":"2024-12-19T11:10:06","date_gmt":"2024-12-19T09:10:06","guid":{"rendered":"https:\/\/skaitytaknyga.lt\/?post_type=product&#038;p=15572"},"modified":"2025-06-03T17:48:27","modified_gmt":"2025-06-03T14:48:27","slug":"nevala-bertis-klykt","status":"publish","type":"product","link":"https:\/\/skaitytaknyga.lt\/en\/produktas\/nevala-bertis-klykt\/","title":{"rendered":"Nevala Bertis. Klykt!"},"content":{"rendered":"<p>Ra\u0161ytojo\u00a0<strong>Alano Makdonaldo<\/strong>\u00a0(Alan MacDonald, g. 1958 m.) ir iliustruotojo\u00a0<strong>Deivido Robertso<\/strong>\u00a0(David Roberts, g. 1970 m.) bendras darbas \u2013 knygut\u0117s apie Bert\u012f ir draugus. \u0160ioje Bertis kuria siaubo kambar\u012f, nenori su t\u0117vais va\u017eiuoti \u012f kaimo sodyb\u0105 ir dalyvauja \u017eod\u017ei\u0173 tarimo paraid\u017eiui konkurse. Linksmos ir nuotaikingos istorijos jau i\u0161mokusiems skaityti pad\u0117s nesunkiai ir smagiai \u012ftvirtinti \u012fg\u016bd\u017eius.<\/p>\n<p>K\u0105 daryti, kai visi draugai eina \u0161v\u0119sti Helovino, o tau t\u0117vai liep\u0117 likti namie su vos keliais saldainiais?<br \/>\nBertis tikrai nes\u0117d\u0117s vienas ir neli\u016bd\u0117s.<\/p>\n<p>Jis turi \u0160IURPIAI GER\u0104 plan\u0105!<\/p>\n<ul class=\"about-product d-none d-xl-block mt-4\">\n<li><strong>Originalus pavadinimas:<\/strong>\u00a0DIRTIE BERTIE. SCREAM!<\/li>\n<li><strong>Autorius:<\/strong>\u00a0Alan MacDonald<\/li>\n<li><strong>Leid\u0117jas:<\/strong>\u00a0Nieko rimto<\/li>\n<li><strong>Metai:<\/strong>\u00a02020<\/li>\n<li><strong>Puslapiai:<\/strong>\u00a096<\/li>\n<li class=\"toggleable type-new-formats \"><strong>ISBN:<\/strong>\u00a09786094416019<\/li>\n<li><strong>Versijos kodas:<\/strong>\u00a0PT.<\/li>\n<li class=\"toggleable type-new-formats \"><strong>Formatas:<\/strong>\u00a015,6 x 23,4 x 1,3 cm, kieti vir\u0161eliai<\/li>\n<li><strong>Kalba:<\/strong>\u00a0Lietuvi\u0173<\/li>\n<li><strong>Vert\u0117jas:<\/strong>\u00a0Valdas Kalvis<\/li>\n<li><strong>Knyg\u0173 serija:<\/strong>\u00a0A\u0161 skaitau! 2<\/li>\n<\/ul>\n","protected":false},"excerpt":{"rendered":"<p>Ra\u0161ytojo\u00a0Alano Makdonaldo\u00a0(Alan MacDonald, g. 1958 m.) ir iliustruotojo\u00a0Deivido Robertso\u00a0(David Roberts, g. 1970 m.) bendras darbas \u2013 knygut\u0117s apie Bert\u012f ir draugus. \u0160ioje Bertis kuria siaubo kambar\u012f, nenori su t\u0117vais va\u017eiuoti \u012f kaimo sodyb\u0105 ir dalyvauja \u017eod\u017ei\u0173 tarimo paraid\u017eiui konkurse. Linksmos ir nuotaikingos istorijos jau i\u0161mokusiems skaityti pad\u0117s nesunkiai ir smagiai \u012ftvirtinti \u012fg\u016bd\u017eius. K\u0105 daryti, kai visi draugai eina \u0161v\u0119sti Helovino, o tau t\u0117vai liep\u0117 likti namie su vos keliais saldainiais? Bertis tikrai nes\u0117d\u0117s vienas ir neli\u016bd\u0117s. Jis turi \u0160IURPIAI GER\u0104 plan\u0105! Originalus pavadinimas:\u00a0DIRTIE BERTIE. SCREAM! Autorius:\u00a0Alan MacDonald Leid\u0117jas:\u00a0Nieko rimto Metai:\u00a02020 Puslapiai:\u00a096 ISBN:\u00a09786094416019 Versijos kodas:\u00a0PT. Formatas:\u00a015,6 x 23,4 x 1,3 cm, kieti vir\u0161eliai Kalba:\u00a0Lietuvi\u0173 Vert\u0117jas:\u00a0Valdas Kalvis Knyg\u0173 serija:\u00a0A\u0161 skaitau! 2<\/p>\n","protected":false},"featured_media":15677,"comment_status":"open","ping_status":"closed","template":"","meta":{"_acf_changed":false,"site-sidebar-layout":"default","site-content-layout":"","ast-site-content-layout":"default","site-content-style":"default","site-sidebar-style":"default","ast-global-header-display":"","ast-banner-title-visibility":"","ast-main-header-display":"","ast-hfb-above-header-display":"","ast-hfb-below-header-display":"","ast-hfb-mobile-header-display":"","site-post-title":"","ast-breadcrumbs-content":"","ast-featured-img":"","footer-sml-layout":"","ast-disable-related-posts":"","theme-transparent-header-meta":"default","adv-header-id-meta":"","stick-header-meta":"","header-above-stick-meta":"","header-main-stick-meta":"","header-below-stick-meta":"","astra-migrate-meta-layouts":"set","ast-page-background-enabled":"default","ast-page-background-meta":{"desktop":{"background-color":"","background-image":"","background-repeat":"repeat","background-position":"center center","background-size":"auto","background-attachment":"scroll","background-type":"","background-media":"","overlay-type":"","overlay-color":"","overlay-opacity":"","overlay-gradient":""},"tablet":{"background-color":"","background-image":"","background-repeat":"repeat","background-position":"center center","background-size":"auto","background-attachment":"scroll","background-type":"","background-media":"","overlay-type":"","overlay-color":"","overlay-opacity":"","overlay-gradient":""},"mobile":{"background-color":"","background-image":"","background-repeat":"repeat","background-position":"center center","background-size":"auto","background-attachment":"scroll","background-type":"","background-media":"","overlay-type":"","overlay-color":"","overlay-opacity":"","overlay-gradient":""}},"ast-content-background-meta":{"desktop":{"background-color":"var(--ast-global-color-4)","background-image":"","background-repeat":"repeat","background-position":"center center","background-size":"auto","background-attachment":"scroll","background-type":"","background-media":"","overlay-type":"","overlay-color":"","overlay-opacity":"","overlay-gradient":""},"tablet":{"background-color":"var(--ast-global-color-4)","background-image":"","background-repeat":"repeat","background-position":"center center","background-size":"auto","background-attachment":"scroll","background-type":"","background-media":"","overlay-type":"","overlay-color":"","overlay-opacity":"","overlay-gradient":""},"mobile":{"background-color":"var(--ast-global-color-4)","background-image":"","background-repeat":"repeat","background-position":"center center","background-size":"auto","background-attachment":"scroll","background-type":"","background-media":"","overlay-type":"","overlay-color":"","overlay-opacity":"","overlay-gradient":""}}},"product_brand":[],"product_cat":[15,35],"product_tag":[3166,3165,3169,3167,1451,3170,1785],"class_list":{"0":"post-15572","1":"product","2":"type-product","3":"status-publish","4":"has-post-thumbnail","6":"product_cat-uncategorized","7":"product_cat-vaikams-ir-paaugliams","8":"product_tag-alan-macdonald","9":"product_tag-david-roberts","10":"product_tag-helovinas","11":"product_tag-nevala-bertis","12":"product_tag-nuotykiai","13":"product_tag-siaubo-kambarys","14":"product_tag-vaikams","15":"desktop-align-left","16":"tablet-align-left","17":"mobile-align-left","19":"first","20":"outofstock","21":"shipping-taxable","22":"purchasable","23":"product-type-simple"},"acf":[],"yoast_head":"<!-- This site is optimized with the Yoast SEO plugin v27.0 - https:\/\/yoast.com\/product\/yoast-seo-wordpress\/ -->\n<title>Nevala Bertis. Klykt!<\/title>\n<meta name=\"description\" content=\"Ra\u0161ytojo\u00a0Alano Makdonaldo\u00a0(Alan MacDonald, g. 1958 m.) ir iliustruotojo\u00a0Deivido Robertso\u00a0(David Roberts, g. 1970 m.) bendras darbas \u2013 knygut\u0117s apie Bert\u012f\" \/>\n<meta name=\"robots\" content=\"index, follow, max-snippet:-1, max-image-preview:large, max-video-preview:-1\" \/>\n<link rel=\"canonical\" href=\"https:\/\/skaitytaknyga.lt\/en\/produktas\/nevala-bertis-klykt\/\" \/>\n<meta property=\"og:locale\" content=\"en_GB\" \/>\n<meta property=\"og:locale:alternate\" content=\"lt_LT\" \/>\n<meta property=\"og:type\" content=\"article\" \/>\n<meta property=\"og:title\" content=\"Nevala Bertis. Klykt!\" \/>\n<meta property=\"og:description\" content=\"Ra\u0161ytojo\u00a0Alano Makdonaldo\u00a0(Alan MacDonald, g. 1958 m.) ir iliustruotojo\u00a0Deivido Robertso\u00a0(David Roberts, g. 1970 m.) bendras darbas \u2013 knygut\u0117s apie Bert\u012f\" \/>\n<meta property=\"og:url\" content=\"https:\/\/skaitytaknyga.lt\/en\/produktas\/nevala-bertis-klykt\/\" \/>\n<meta property=\"og:site_name\" content=\"Skaitytaknyga\" \/>\n<meta property=\"article:publisher\" content=\"https:\/\/www.facebook.com\/skaitytaknyga\/\" \/>\n<meta property=\"article:modified_time\" content=\"2025-06-03T14:48:27+00:00\" \/>\n<meta property=\"og:image\" content=\"https:\/\/skaitytaknyga.lt\/wp-content\/uploads\/2024\/12\/Nevala-Bertis.-Klykt.webp\" \/>\n\t<meta property=\"og:image:width\" content=\"530\" \/>\n\t<meta property=\"og:image:height\" content=\"800\" \/>\n\t<meta property=\"og:image:type\" content=\"image\/webp\" \/>\n<meta name=\"twitter:card\" content=\"summary_large_image\" \/>\n<meta name=\"twitter:label1\" content=\"Estimated reading time\" \/>\n\t<meta name=\"twitter:data1\" content=\"1 minute\" \/>\n<script type=\"application\/ld+json\" class=\"yoast-schema-graph\">{\"@context\":\"https:\/\/schema.org\",\"@graph\":[{\"@type\":\"WebPage\",\"@id\":\"https:\/\/skaitytaknyga.lt\/produktas\/nevala-bertis-klykt\/\",\"url\":\"https:\/\/skaitytaknyga.lt\/produktas\/nevala-bertis-klykt\/\",\"name\":\"Nevala Bertis. Klykt!\",\"isPartOf\":{\"@id\":\"https:\/\/skaitytaknyga.lt\/#website\"},\"primaryImageOfPage\":{\"@id\":\"https:\/\/skaitytaknyga.lt\/produktas\/nevala-bertis-klykt\/#primaryimage\"},\"image\":{\"@id\":\"https:\/\/skaitytaknyga.lt\/produktas\/nevala-bertis-klykt\/#primaryimage\"},\"thumbnailUrl\":\"https:\/\/skaitytaknyga.lt\/wp-content\/uploads\/2024\/12\/Nevala-Bertis.-Klykt.webp\",\"datePublished\":\"2024-12-19T09:10:06+00:00\",\"dateModified\":\"2025-06-03T14:48:27+00:00\",\"description\":\"Ra\u0161ytojo\u00a0Alano Makdonaldo\u00a0(Alan MacDonald, g. 1958 m.) ir iliustruotojo\u00a0Deivido Robertso\u00a0(David Roberts, g. 1970 m.) bendras darbas \u2013 knygut\u0117s apie Bert\u012f\",\"breadcrumb\":{\"@id\":\"https:\/\/skaitytaknyga.lt\/produktas\/nevala-bertis-klykt\/#breadcrumb\"},\"inLanguage\":\"en-GB\",\"potentialAction\":[{\"@type\":\"ReadAction\",\"target\":[\"https:\/\/skaitytaknyga.lt\/produktas\/nevala-bertis-klykt\/\"]}]},{\"@type\":\"ImageObject\",\"inLanguage\":\"en-GB\",\"@id\":\"https:\/\/skaitytaknyga.lt\/produktas\/nevala-bertis-klykt\/#primaryimage\",\"url\":\"https:\/\/skaitytaknyga.lt\/wp-content\/uploads\/2024\/12\/Nevala-Bertis.-Klykt.webp\",\"contentUrl\":\"https:\/\/skaitytaknyga.lt\/wp-content\/uploads\/2024\/12\/Nevala-Bertis.-Klykt.webp\",\"width\":530,\"height\":800,\"caption\":\"Nevala Bertis. Klykt!\"},{\"@type\":\"BreadcrumbList\",\"@id\":\"https:\/\/skaitytaknyga.lt\/produktas\/nevala-bertis-klykt\/#breadcrumb\",\"itemListElement\":[{\"@type\":\"ListItem\",\"position\":1,\"name\":\"Home\",\"item\":\"https:\/\/skaitytaknyga.lt\/\"},{\"@type\":\"ListItem\",\"position\":2,\"name\":\"Parduotuv\u0117\",\"item\":\"https:\/\/skaitytaknyga.lt\/knygu-parduotuve\/\"},{\"@type\":\"ListItem\",\"position\":3,\"name\":\"Nevala Bertis. Klykt!\"}]},{\"@type\":\"WebSite\",\"@id\":\"https:\/\/skaitytaknyga.lt\/#website\",\"url\":\"https:\/\/skaitytaknyga.lt\/\",\"name\":\"skaitytaknyga.lt\",\"description\":\"Skaitytaknyga.lt \u2013 tai ma\u017eas \u0161eimos verslas, kuris prasid\u0117jo nuo meil\u0117s knygoms ir siekio i\u0161gelb\u0117ti knygas nuo likimo prie konteinerio. Kas vienam nereikalingas daiktas \u2013 kitam lobis, o mes esame tarpininkai, kurie padeda abiems tapti laimingesniems ???? \u017dinome kaip nelengva i\u0161gyventi ma\u017eiems verslams, tad nuo \u0161iol, \u010dia rasite ir kit\u0173, ma\u017e\u0173 \u0161eim\u0173 versl\u0173, rank\u0173 darbo, dovan\u0173 sau ir artimiesiems.\",\"publisher\":{\"@id\":\"https:\/\/skaitytaknyga.lt\/#organization\"},\"potentialAction\":[{\"@type\":\"SearchAction\",\"target\":{\"@type\":\"EntryPoint\",\"urlTemplate\":\"https:\/\/skaitytaknyga.lt\/?s={search_term_string}\"},\"query-input\":{\"@type\":\"PropertyValueSpecification\",\"valueRequired\":true,\"valueName\":\"search_term_string\"}}],\"inLanguage\":\"en-GB\"},{\"@type\":\"Organization\",\"@id\":\"https:\/\/skaitytaknyga.lt\/#organization\",\"name\":\"skaitytaknyga.lt\",\"url\":\"https:\/\/skaitytaknyga.lt\/\",\"logo\":{\"@type\":\"ImageObject\",\"inLanguage\":\"en-GB\",\"@id\":\"https:\/\/skaitytaknyga.lt\/#\/schema\/logo\/image\/\",\"url\":\"https:\/\/skaitytaknyga.lt\/wp-content\/uploads\/2024\/05\/cropped-cropped-cropped-02_00843_jt3bggkj1j3HLc7SyY6rEUpg.jpeg\",\"contentUrl\":\"https:\/\/skaitytaknyga.lt\/wp-content\/uploads\/2024\/05\/cropped-cropped-cropped-02_00843_jt3bggkj1j3HLc7SyY6rEUpg.jpeg\",\"width\":1600,\"height\":1600,\"caption\":\"skaitytaknyga.lt\"},\"image\":{\"@id\":\"https:\/\/skaitytaknyga.lt\/#\/schema\/logo\/image\/\"},\"sameAs\":[\"https:\/\/www.facebook.com\/skaitytaknyga\/\"]}]}<\/script>\n<!-- \/ Yoast SEO plugin. -->","yoast_head_json":{"title":"Nevala Bertis. Klykt!","description":"Ra\u0161ytojo\u00a0Alano Makdonaldo\u00a0(Alan MacDonald, g. 1958 m.) ir iliustruotojo\u00a0Deivido Robertso\u00a0(David Roberts, g. 1970 m.) bendras darbas \u2013 knygut\u0117s apie Bert\u012f","robots":{"index":"index","follow":"follow","max-snippet":"max-snippet:-1","max-image-preview":"max-image-preview:large","max-video-preview":"max-video-preview:-1"},"canonical":"https:\/\/skaitytaknyga.lt\/en\/produktas\/nevala-bertis-klykt\/","og_locale":"en_GB","og_type":"article","og_title":"[:lt]Nevala Bertis. Klykt![:] - Skaitytaknyga","og_description":"Ra\u0161ytojo\u00a0Alano Makdonaldo\u00a0(Alan MacDonald, g. 1958 m.) ir iliustruotojo\u00a0Deivido Robertso\u00a0(David Roberts, g. 1970 m.) bendras darbas \u2013 knygut\u0117s apie Bert\u012f","og_url":"https:\/\/skaitytaknyga.lt\/en\/produktas\/nevala-bertis-klykt\/","og_site_name":"Skaitytaknyga","article_publisher":"https:\/\/www.facebook.com\/skaitytaknyga\/","article_modified_time":"2025-06-03T14:48:27+00:00","og_image":[{"width":530,"height":800,"url":"https:\/\/skaitytaknyga.lt\/wp-content\/uploads\/2024\/12\/Nevala-Bertis.-Klykt.webp","type":"image\/webp"}],"twitter_card":"summary_large_image","twitter_misc":{"Estimated reading time":"1 minute"},"schema":{"@context":"https:\/\/schema.org","@graph":[{"@type":"WebPage","@id":"https:\/\/skaitytaknyga.lt\/produktas\/nevala-bertis-klykt\/","url":"https:\/\/skaitytaknyga.lt\/produktas\/nevala-bertis-klykt\/","name":"Nevala Bertis. Klykt!","isPartOf":{"@id":"https:\/\/skaitytaknyga.lt\/#website"},"primaryImageOfPage":{"@id":"https:\/\/skaitytaknyga.lt\/produktas\/nevala-bertis-klykt\/#primaryimage"},"image":{"@id":"https:\/\/skaitytaknyga.lt\/produktas\/nevala-bertis-klykt\/#primaryimage"},"thumbnailUrl":"https:\/\/skaitytaknyga.lt\/wp-content\/uploads\/2024\/12\/Nevala-Bertis.-Klykt.webp","datePublished":"2024-12-19T09:10:06+00:00","dateModified":"2025-06-03T14:48:27+00:00","description":"Ra\u0161ytojo\u00a0Alano Makdonaldo\u00a0(Alan MacDonald, g. 1958 m.) ir iliustruotojo\u00a0Deivido Robertso\u00a0(David Roberts, g. 1970 m.) bendras darbas \u2013 knygut\u0117s apie Bert\u012f","breadcrumb":{"@id":"https:\/\/skaitytaknyga.lt\/produktas\/nevala-bertis-klykt\/#breadcrumb"},"inLanguage":"en-GB","potentialAction":[{"@type":"ReadAction","target":["https:\/\/skaitytaknyga.lt\/produktas\/nevala-bertis-klykt\/"]}]},{"@type":"ImageObject","inLanguage":"en-GB","@id":"https:\/\/skaitytaknyga.lt\/produktas\/nevala-bertis-klykt\/#primaryimage","url":"https:\/\/skaitytaknyga.lt\/wp-content\/uploads\/2024\/12\/Nevala-Bertis.-Klykt.webp","contentUrl":"https:\/\/skaitytaknyga.lt\/wp-content\/uploads\/2024\/12\/Nevala-Bertis.-Klykt.webp","width":530,"height":800,"caption":"Nevala Bertis. Klykt!"},{"@type":"BreadcrumbList","@id":"https:\/\/skaitytaknyga.lt\/produktas\/nevala-bertis-klykt\/#breadcrumb","itemListElement":[{"@type":"ListItem","position":1,"name":"Home","item":"https:\/\/skaitytaknyga.lt\/"},{"@type":"ListItem","position":2,"name":"Parduotuv\u0117","item":"https:\/\/skaitytaknyga.lt\/knygu-parduotuve\/"},{"@type":"ListItem","position":3,"name":"Nevala Bertis. Klykt!"}]},{"@type":"WebSite","@id":"https:\/\/skaitytaknyga.lt\/#website","url":"https:\/\/skaitytaknyga.lt\/","name":"skaitytaknyga.lt","description":"Skaitytaknyga.lt \u2013 tai ma\u017eas \u0161eimos verslas, kuris prasid\u0117jo nuo meil\u0117s knygoms ir siekio i\u0161gelb\u0117ti knygas nuo likimo prie konteinerio. Kas vienam nereikalingas daiktas \u2013 kitam lobis, o mes esame tarpininkai, kurie padeda abiems tapti laimingesniems ???? \u017dinome kaip nelengva i\u0161gyventi ma\u017eiems verslams, tad nuo \u0161iol, \u010dia rasite ir kit\u0173, ma\u017e\u0173 \u0161eim\u0173 versl\u0173, rank\u0173 darbo, dovan\u0173 sau ir artimiesiems.","publisher":{"@id":"https:\/\/skaitytaknyga.lt\/#organization"},"potentialAction":[{"@type":"SearchAction","target":{"@type":"EntryPoint","urlTemplate":"https:\/\/skaitytaknyga.lt\/?s={search_term_string}"},"query-input":{"@type":"PropertyValueSpecification","valueRequired":true,"valueName":"search_term_string"}}],"inLanguage":"en-GB"},{"@type":"Organization","@id":"https:\/\/skaitytaknyga.lt\/#organization","name":"skaitytaknyga.lt","url":"https:\/\/skaitytaknyga.lt\/","logo":{"@type":"ImageObject","inLanguage":"en-GB","@id":"https:\/\/skaitytaknyga.lt\/#\/schema\/logo\/image\/","url":"https:\/\/skaitytaknyga.lt\/wp-content\/uploads\/2024\/05\/cropped-cropped-cropped-02_00843_jt3bggkj1j3HLc7SyY6rEUpg.jpeg","contentUrl":"https:\/\/skaitytaknyga.lt\/wp-content\/uploads\/2024\/05\/cropped-cropped-cropped-02_00843_jt3bggkj1j3HLc7SyY6rEUpg.jpeg","width":1600,"height":1600,"caption":"skaitytaknyga.lt"},"image":{"@id":"https:\/\/skaitytaknyga.lt\/#\/schema\/logo\/image\/"},"sameAs":["https:\/\/www.facebook.com\/skaitytaknyga\/"]}]}},"_links":{"self":[{"href":"https:\/\/skaitytaknyga.lt\/en\/wp-json\/wp\/v2\/product\/15572","targetHints":{"allow":["GET"]}}],"collection":[{"href":"https:\/\/skaitytaknyga.lt\/en\/wp-json\/wp\/v2\/product"}],"about":[{"href":"https:\/\/skaitytaknyga.lt\/en\/wp-json\/wp\/v2\/types\/product"}],"replies":[{"embeddable":true,"href":"https:\/\/skaitytaknyga.lt\/en\/wp-json\/wp\/v2\/comments?post=15572"}],"wp:featuredmedia":[{"embeddable":true,"href":"https:\/\/skaitytaknyga.lt\/en\/wp-json\/wp\/v2\/media\/15677"}],"wp:attachment":[{"href":"https:\/\/skaitytaknyga.lt\/en\/wp-json\/wp\/v2\/media?parent=15572"}],"wp:term":[{"taxonomy":"product_brand","embeddable":true,"href":"https:\/\/skaitytaknyga.lt\/en\/wp-json\/wp\/v2\/product_brand?post=15572"},{"taxonomy":"product_cat","embeddable":true,"href":"https:\/\/skaitytaknyga.lt\/en\/wp-json\/wp\/v2\/product_cat?post=15572"},{"taxonomy":"product_tag","embeddable":true,"href":"https:\/\/skaitytaknyga.lt\/en\/wp-json\/wp\/v2\/product_tag?post=15572"}],"curies":[{"name":"wp","href":"https:\/\/api.w.org\/{rel}","templated":true}]}}