{"id":15571,"date":"2024-12-19T11:10:06","date_gmt":"2024-12-19T09:10:06","guid":{"rendered":"https:\/\/skaitytaknyga.lt\/?post_type=product&#038;p=15571"},"modified":"2024-12-23T08:29:03","modified_gmt":"2024-12-23T06:29:03","slug":"vine-nardo","status":"publish","type":"product","link":"https:\/\/skaitytaknyga.lt\/en\/produktas\/vine-nardo\/","title":{"rendered":"Vin\u0117 nardo"},"content":{"rendered":"<p>PLIUMPT!<\/p>\n<p>Kas \u010dia buvo?<\/p>\n<p>Ogi ragan\u0117l\u0117 Vin\u0117 neria \u012f nuotykius!<\/p>\n<p>\u0160auniausia pasaulio ragana nesnaud\u017eia: kartu su mylimu katinu Vilburu ketina nuveikti daugyb\u0119 smagi\u0173 dalyk\u0173.<\/p>\n<p>\u0160okime ir mes \u012f linksmybi\u0173 j\u016br\u0105!<\/p>\n<p>Kuo \u0161i knyga naudinga:<\/p>\n<p>&#8211; Turt\u0117ja vaizduot\u0117, \u017eodynas ir i\u0161kalba<\/p>\n<p>&#8211; Lav\u0117ja humoro jausmas, skatinama dr\u0105sa ir k\u016brybi\u0161kumas<\/p>\n<p>&#8211; Trumpi, linksmi pasakojimai, neilgi sakiniai, didesnis \u0161riftas pad\u0117s maloniai \u012ftvirtinti skaitymo \u012fg\u016bd\u017eius<\/p>\n<p>&#8211; Skaitant \u012ftraukian\u010dias istorijas, skatinamas dom\u0117jimasis knygomis<\/p>\n<div class=\"feature\"><span class=\"name\">Formatas\u00a0<\/span><span class=\"value\">15.2 x 22.8 cm<\/span><\/div>\n<div class=\"feature\"><span class=\"name\">Vir\u0161elis\u00a0<\/span><span class=\"value\">kietas<\/span><\/div>\n<div class=\"feature\"><span class=\"name\">Dailininkas\u00a0<\/span><span class=\"value\">Korky Paul<\/span><\/div>\n<div class=\"feature\"><span class=\"name\">I\u0161leidimo metai\u00a0<\/span><span class=\"value\">2021<\/span><\/div>\n<div class=\"feature\"><span class=\"name\">Skirta\u00a0<\/span><span class=\"value\">7\u201310 m.<\/span><\/div>\n<div class=\"feature\"><span class=\"name\">Puslapi\u0173 skai\u010dius\u00a0<\/span><span class=\"value\">96<\/span><\/div>\n<div class=\"feature\"><span class=\"name\">Vertimas\u00a0<\/span><span class=\"value\">I\u0161 angl\u0173 kalbos vert\u0117 K\u0161i\u0161tofas K\u0161ivecas<\/span><\/div>\n<div class=\"feature\"><span class=\"name\">Serija\u00a0<\/span><span class=\"value\">A\u0161 skaitau!<\/span><\/div>\n<div class=\"feature\"><span class=\"name\">Serija\u00a0<\/span><span class=\"value\">Ragan\u0117l\u0117 Vin\u0117<\/span><\/div>\n","protected":false},"excerpt":{"rendered":"<p>PLIUMPT! Kas \u010dia buvo? Ogi ragan\u0117l\u0117 Vin\u0117 neria \u012f nuotykius! \u0160auniausia pasaulio ragana nesnaud\u017eia: kartu su mylimu katinu Vilburu ketina nuveikti daugyb\u0119 smagi\u0173 dalyk\u0173. \u0160okime ir mes \u012f linksmybi\u0173 j\u016br\u0105! Kuo \u0161i knyga naudinga: &#8211; Turt\u0117ja vaizduot\u0117, \u017eodynas ir i\u0161kalba &#8211; Lav\u0117ja humoro jausmas, skatinama dr\u0105sa ir k\u016brybi\u0161kumas &#8211; Trumpi, linksmi pasakojimai, neilgi sakiniai, didesnis \u0161riftas pad\u0117s maloniai \u012ftvirtinti skaitymo \u012fg\u016bd\u017eius &#8211; Skaitant \u012ftraukian\u010dias istorijas, skatinamas dom\u0117jimasis knygomis Formatas\u00a015.2 x 22.8 cm Vir\u0161elis\u00a0kietas Dailininkas\u00a0Korky Paul I\u0161leidimo metai\u00a02021 Skirta\u00a07\u201310 m. Puslapi\u0173 skai\u010dius\u00a096 Vertimas\u00a0I\u0161 angl\u0173 kalbos vert\u0117 K\u0161i\u0161tofas K\u0161ivecas Serija\u00a0A\u0161 skaitau! Serija\u00a0Ragan\u0117l\u0117 Vin\u0117<\/p>\n","protected":false},"featured_media":15678,"comment_status":"open","ping_status":"closed","template":"","meta":{"_acf_changed":false,"site-sidebar-layout":"default","site-content-layout":"","ast-site-content-layout":"default","site-content-style":"default","site-sidebar-style":"default","ast-global-header-display":"","ast-banner-title-visibility":"","ast-main-header-display":"","ast-hfb-above-header-display":"","ast-hfb-below-header-display":"","ast-hfb-mobile-header-display":"","site-post-title":"","ast-breadcrumbs-content":"","ast-featured-img":"","footer-sml-layout":"","ast-disable-related-posts":"","theme-transparent-header-meta":"default","adv-header-id-meta":"","stick-header-meta":"","header-above-stick-meta":"","header-main-stick-meta":"","header-below-stick-meta":"","astra-migrate-meta-layouts":"set","ast-page-background-enabled":"default","ast-page-background-meta":{"desktop":{"background-color":"","background-image":"","background-repeat":"repeat","background-position":"center center","background-size":"auto","background-attachment":"scroll","background-type":"","background-media":"","overlay-type":"","overlay-color":"","overlay-opacity":"","overlay-gradient":""},"tablet":{"background-color":"","background-image":"","background-repeat":"repeat","background-position":"center center","background-size":"auto","background-attachment":"scroll","background-type":"","background-media":"","overlay-type":"","overlay-color":"","overlay-opacity":"","overlay-gradient":""},"mobile":{"background-color":"","background-image":"","background-repeat":"repeat","background-position":"center center","background-size":"auto","background-attachment":"scroll","background-type":"","background-media":"","overlay-type":"","overlay-color":"","overlay-opacity":"","overlay-gradient":""}},"ast-content-background-meta":{"desktop":{"background-color":"var(--ast-global-color-4)","background-image":"","background-repeat":"repeat","background-position":"center center","background-size":"auto","background-attachment":"scroll","background-type":"","background-media":"","overlay-type":"","overlay-color":"","overlay-opacity":"","overlay-gradient":""},"tablet":{"background-color":"var(--ast-global-color-4)","background-image":"","background-repeat":"repeat","background-position":"center center","background-size":"auto","background-attachment":"scroll","background-type":"","background-media":"","overlay-type":"","overlay-color":"","overlay-opacity":"","overlay-gradient":""},"mobile":{"background-color":"var(--ast-global-color-4)","background-image":"","background-repeat":"repeat","background-position":"center center","background-size":"auto","background-attachment":"scroll","background-type":"","background-media":"","overlay-type":"","overlay-color":"","overlay-opacity":"","overlay-gradient":""}}},"product_brand":[],"product_cat":[15,35],"product_tag":[],"class_list":{"0":"post-15571","1":"product","2":"type-product","3":"status-publish","4":"has-post-thumbnail","6":"product_cat-uncategorized","7":"product_cat-vaikams-ir-paaugliams","8":"desktop-align-left","9":"tablet-align-left","10":"mobile-align-left","12":"first","13":"instock","14":"shipping-taxable","15":"purchasable","16":"product-type-simple"},"acf":[],"yoast_head":"<!-- This site is optimized with the Yoast SEO plugin v27.0 - https:\/\/yoast.com\/product\/yoast-seo-wordpress\/ -->\n<title>Vin\u0117 nardo<\/title>\n<meta name=\"description\" content=\"PLIUMPT! Kas \u010dia buvo? Ogi ragan\u0117l\u0117 Vin\u0117 neria \u012f nuotykius! \u0160auniausia pasaulio ragana nesnaud\u017eia: kartu su mylimu katinu Vilburu ketina nuveikti daugyb\u0119\" \/>\n<meta name=\"robots\" content=\"index, follow, max-snippet:-1, max-image-preview:large, max-video-preview:-1\" \/>\n<link rel=\"canonical\" href=\"https:\/\/skaitytaknyga.lt\/en\/produktas\/vine-nardo\/\" \/>\n<meta property=\"og:locale\" content=\"en_GB\" \/>\n<meta property=\"og:locale:alternate\" content=\"lt_LT\" \/>\n<meta property=\"og:type\" content=\"article\" \/>\n<meta property=\"og:title\" content=\"Vin\u0117 nardo\" \/>\n<meta property=\"og:description\" content=\"PLIUMPT! Kas \u010dia buvo? Ogi ragan\u0117l\u0117 Vin\u0117 neria \u012f nuotykius! \u0160auniausia pasaulio ragana nesnaud\u017eia: kartu su mylimu katinu Vilburu ketina nuveikti daugyb\u0119\" \/>\n<meta property=\"og:url\" content=\"https:\/\/skaitytaknyga.lt\/en\/produktas\/vine-nardo\/\" \/>\n<meta property=\"og:site_name\" content=\"Skaitytaknyga\" \/>\n<meta property=\"article:publisher\" content=\"https:\/\/www.facebook.com\/skaitytaknyga\/\" \/>\n<meta property=\"article:modified_time\" content=\"2024-12-23T06:29:03+00:00\" \/>\n<meta property=\"og:image\" content=\"https:\/\/skaitytaknyga.lt\/wp-content\/uploads\/2024\/12\/Vine-nardo-e1734935337327.jpg\" \/>\n\t<meta property=\"og:image:width\" content=\"370\" \/>\n\t<meta property=\"og:image:height\" content=\"606\" \/>\n\t<meta property=\"og:image:type\" content=\"image\/jpeg\" \/>\n<meta name=\"twitter:card\" content=\"summary_large_image\" \/>\n<meta name=\"twitter:label1\" content=\"Estimated reading time\" \/>\n\t<meta name=\"twitter:data1\" content=\"1 minute\" \/>\n<script type=\"application\/ld+json\" class=\"yoast-schema-graph\">{\"@context\":\"https:\/\/schema.org\",\"@graph\":[{\"@type\":\"WebPage\",\"@id\":\"https:\/\/skaitytaknyga.lt\/produktas\/vine-nardo\/\",\"url\":\"https:\/\/skaitytaknyga.lt\/produktas\/vine-nardo\/\",\"name\":\"Vin\u0117 nardo\",\"isPartOf\":{\"@id\":\"https:\/\/skaitytaknyga.lt\/#website\"},\"primaryImageOfPage\":{\"@id\":\"https:\/\/skaitytaknyga.lt\/produktas\/vine-nardo\/#primaryimage\"},\"image\":{\"@id\":\"https:\/\/skaitytaknyga.lt\/produktas\/vine-nardo\/#primaryimage\"},\"thumbnailUrl\":\"https:\/\/skaitytaknyga.lt\/wp-content\/uploads\/2024\/12\/Vine-nardo-e1734935337327.jpg\",\"datePublished\":\"2024-12-19T09:10:06+00:00\",\"dateModified\":\"2024-12-23T06:29:03+00:00\",\"description\":\"PLIUMPT! Kas \u010dia buvo? Ogi ragan\u0117l\u0117 Vin\u0117 neria \u012f nuotykius! \u0160auniausia pasaulio ragana nesnaud\u017eia: kartu su mylimu katinu Vilburu ketina nuveikti daugyb\u0119\",\"breadcrumb\":{\"@id\":\"https:\/\/skaitytaknyga.lt\/produktas\/vine-nardo\/#breadcrumb\"},\"inLanguage\":\"en-GB\",\"potentialAction\":[{\"@type\":\"ReadAction\",\"target\":[\"https:\/\/skaitytaknyga.lt\/produktas\/vine-nardo\/\"]}]},{\"@type\":\"ImageObject\",\"inLanguage\":\"en-GB\",\"@id\":\"https:\/\/skaitytaknyga.lt\/produktas\/vine-nardo\/#primaryimage\",\"url\":\"https:\/\/skaitytaknyga.lt\/wp-content\/uploads\/2024\/12\/Vine-nardo-e1734935337327.jpg\",\"contentUrl\":\"https:\/\/skaitytaknyga.lt\/wp-content\/uploads\/2024\/12\/Vine-nardo-e1734935337327.jpg\",\"width\":370,\"height\":606,\"caption\":\"Vin\u0117 nardo\"},{\"@type\":\"BreadcrumbList\",\"@id\":\"https:\/\/skaitytaknyga.lt\/produktas\/vine-nardo\/#breadcrumb\",\"itemListElement\":[{\"@type\":\"ListItem\",\"position\":1,\"name\":\"Home\",\"item\":\"https:\/\/skaitytaknyga.lt\/\"},{\"@type\":\"ListItem\",\"position\":2,\"name\":\"Parduotuv\u0117\",\"item\":\"https:\/\/skaitytaknyga.lt\/knygu-parduotuve\/\"},{\"@type\":\"ListItem\",\"position\":3,\"name\":\"Vin\u0117 nardo\"}]},{\"@type\":\"WebSite\",\"@id\":\"https:\/\/skaitytaknyga.lt\/#website\",\"url\":\"https:\/\/skaitytaknyga.lt\/\",\"name\":\"skaitytaknyga.lt\",\"description\":\"Skaitytaknyga.lt \u2013 tai ma\u017eas \u0161eimos verslas, kuris prasid\u0117jo nuo meil\u0117s knygoms ir siekio i\u0161gelb\u0117ti knygas nuo likimo prie konteinerio. Kas vienam nereikalingas daiktas \u2013 kitam lobis, o mes esame tarpininkai, kurie padeda abiems tapti laimingesniems ???? \u017dinome kaip nelengva i\u0161gyventi ma\u017eiems verslams, tad nuo \u0161iol, \u010dia rasite ir kit\u0173, ma\u017e\u0173 \u0161eim\u0173 versl\u0173, rank\u0173 darbo, dovan\u0173 sau ir artimiesiems.\",\"publisher\":{\"@id\":\"https:\/\/skaitytaknyga.lt\/#organization\"},\"potentialAction\":[{\"@type\":\"SearchAction\",\"target\":{\"@type\":\"EntryPoint\",\"urlTemplate\":\"https:\/\/skaitytaknyga.lt\/?s={search_term_string}\"},\"query-input\":{\"@type\":\"PropertyValueSpecification\",\"valueRequired\":true,\"valueName\":\"search_term_string\"}}],\"inLanguage\":\"en-GB\"},{\"@type\":\"Organization\",\"@id\":\"https:\/\/skaitytaknyga.lt\/#organization\",\"name\":\"skaitytaknyga.lt\",\"url\":\"https:\/\/skaitytaknyga.lt\/\",\"logo\":{\"@type\":\"ImageObject\",\"inLanguage\":\"en-GB\",\"@id\":\"https:\/\/skaitytaknyga.lt\/#\/schema\/logo\/image\/\",\"url\":\"https:\/\/skaitytaknyga.lt\/wp-content\/uploads\/2024\/05\/cropped-cropped-cropped-02_00843_jt3bggkj1j3HLc7SyY6rEUpg.jpeg\",\"contentUrl\":\"https:\/\/skaitytaknyga.lt\/wp-content\/uploads\/2024\/05\/cropped-cropped-cropped-02_00843_jt3bggkj1j3HLc7SyY6rEUpg.jpeg\",\"width\":1600,\"height\":1600,\"caption\":\"skaitytaknyga.lt\"},\"image\":{\"@id\":\"https:\/\/skaitytaknyga.lt\/#\/schema\/logo\/image\/\"},\"sameAs\":[\"https:\/\/www.facebook.com\/skaitytaknyga\/\"]}]}<\/script>\n<!-- \/ Yoast SEO plugin. -->","yoast_head_json":{"title":"Vin\u0117 nardo","description":"PLIUMPT! Kas \u010dia buvo? Ogi ragan\u0117l\u0117 Vin\u0117 neria \u012f nuotykius! \u0160auniausia pasaulio ragana nesnaud\u017eia: kartu su mylimu katinu Vilburu ketina nuveikti daugyb\u0119","robots":{"index":"index","follow":"follow","max-snippet":"max-snippet:-1","max-image-preview":"max-image-preview:large","max-video-preview":"max-video-preview:-1"},"canonical":"https:\/\/skaitytaknyga.lt\/en\/produktas\/vine-nardo\/","og_locale":"en_GB","og_type":"article","og_title":"[:lt]Vin\u0117 nardo[:] - Skaitytaknyga","og_description":"PLIUMPT! Kas \u010dia buvo? Ogi ragan\u0117l\u0117 Vin\u0117 neria \u012f nuotykius! \u0160auniausia pasaulio ragana nesnaud\u017eia: kartu su mylimu katinu Vilburu ketina nuveikti daugyb\u0119","og_url":"https:\/\/skaitytaknyga.lt\/en\/produktas\/vine-nardo\/","og_site_name":"Skaitytaknyga","article_publisher":"https:\/\/www.facebook.com\/skaitytaknyga\/","article_modified_time":"2024-12-23T06:29:03+00:00","og_image":[{"width":370,"height":606,"url":"https:\/\/skaitytaknyga.lt\/wp-content\/uploads\/2024\/12\/Vine-nardo-e1734935337327.jpg","type":"image\/jpeg"}],"twitter_card":"summary_large_image","twitter_misc":{"Estimated reading time":"1 minute"},"schema":{"@context":"https:\/\/schema.org","@graph":[{"@type":"WebPage","@id":"https:\/\/skaitytaknyga.lt\/produktas\/vine-nardo\/","url":"https:\/\/skaitytaknyga.lt\/produktas\/vine-nardo\/","name":"Vin\u0117 nardo","isPartOf":{"@id":"https:\/\/skaitytaknyga.lt\/#website"},"primaryImageOfPage":{"@id":"https:\/\/skaitytaknyga.lt\/produktas\/vine-nardo\/#primaryimage"},"image":{"@id":"https:\/\/skaitytaknyga.lt\/produktas\/vine-nardo\/#primaryimage"},"thumbnailUrl":"https:\/\/skaitytaknyga.lt\/wp-content\/uploads\/2024\/12\/Vine-nardo-e1734935337327.jpg","datePublished":"2024-12-19T09:10:06+00:00","dateModified":"2024-12-23T06:29:03+00:00","description":"PLIUMPT! Kas \u010dia buvo? Ogi ragan\u0117l\u0117 Vin\u0117 neria \u012f nuotykius! \u0160auniausia pasaulio ragana nesnaud\u017eia: kartu su mylimu katinu Vilburu ketina nuveikti daugyb\u0119","breadcrumb":{"@id":"https:\/\/skaitytaknyga.lt\/produktas\/vine-nardo\/#breadcrumb"},"inLanguage":"en-GB","potentialAction":[{"@type":"ReadAction","target":["https:\/\/skaitytaknyga.lt\/produktas\/vine-nardo\/"]}]},{"@type":"ImageObject","inLanguage":"en-GB","@id":"https:\/\/skaitytaknyga.lt\/produktas\/vine-nardo\/#primaryimage","url":"https:\/\/skaitytaknyga.lt\/wp-content\/uploads\/2024\/12\/Vine-nardo-e1734935337327.jpg","contentUrl":"https:\/\/skaitytaknyga.lt\/wp-content\/uploads\/2024\/12\/Vine-nardo-e1734935337327.jpg","width":370,"height":606,"caption":"Vin\u0117 nardo"},{"@type":"BreadcrumbList","@id":"https:\/\/skaitytaknyga.lt\/produktas\/vine-nardo\/#breadcrumb","itemListElement":[{"@type":"ListItem","position":1,"name":"Home","item":"https:\/\/skaitytaknyga.lt\/"},{"@type":"ListItem","position":2,"name":"Parduotuv\u0117","item":"https:\/\/skaitytaknyga.lt\/knygu-parduotuve\/"},{"@type":"ListItem","position":3,"name":"Vin\u0117 nardo"}]},{"@type":"WebSite","@id":"https:\/\/skaitytaknyga.lt\/#website","url":"https:\/\/skaitytaknyga.lt\/","name":"skaitytaknyga.lt","description":"Skaitytaknyga.lt \u2013 tai ma\u017eas \u0161eimos verslas, kuris prasid\u0117jo nuo meil\u0117s knygoms ir siekio i\u0161gelb\u0117ti knygas nuo likimo prie konteinerio. Kas vienam nereikalingas daiktas \u2013 kitam lobis, o mes esame tarpininkai, kurie padeda abiems tapti laimingesniems ???? \u017dinome kaip nelengva i\u0161gyventi ma\u017eiems verslams, tad nuo \u0161iol, \u010dia rasite ir kit\u0173, ma\u017e\u0173 \u0161eim\u0173 versl\u0173, rank\u0173 darbo, dovan\u0173 sau ir artimiesiems.","publisher":{"@id":"https:\/\/skaitytaknyga.lt\/#organization"},"potentialAction":[{"@type":"SearchAction","target":{"@type":"EntryPoint","urlTemplate":"https:\/\/skaitytaknyga.lt\/?s={search_term_string}"},"query-input":{"@type":"PropertyValueSpecification","valueRequired":true,"valueName":"search_term_string"}}],"inLanguage":"en-GB"},{"@type":"Organization","@id":"https:\/\/skaitytaknyga.lt\/#organization","name":"skaitytaknyga.lt","url":"https:\/\/skaitytaknyga.lt\/","logo":{"@type":"ImageObject","inLanguage":"en-GB","@id":"https:\/\/skaitytaknyga.lt\/#\/schema\/logo\/image\/","url":"https:\/\/skaitytaknyga.lt\/wp-content\/uploads\/2024\/05\/cropped-cropped-cropped-02_00843_jt3bggkj1j3HLc7SyY6rEUpg.jpeg","contentUrl":"https:\/\/skaitytaknyga.lt\/wp-content\/uploads\/2024\/05\/cropped-cropped-cropped-02_00843_jt3bggkj1j3HLc7SyY6rEUpg.jpeg","width":1600,"height":1600,"caption":"skaitytaknyga.lt"},"image":{"@id":"https:\/\/skaitytaknyga.lt\/#\/schema\/logo\/image\/"},"sameAs":["https:\/\/www.facebook.com\/skaitytaknyga\/"]}]}},"_links":{"self":[{"href":"https:\/\/skaitytaknyga.lt\/en\/wp-json\/wp\/v2\/product\/15571","targetHints":{"allow":["GET"]}}],"collection":[{"href":"https:\/\/skaitytaknyga.lt\/en\/wp-json\/wp\/v2\/product"}],"about":[{"href":"https:\/\/skaitytaknyga.lt\/en\/wp-json\/wp\/v2\/types\/product"}],"replies":[{"embeddable":true,"href":"https:\/\/skaitytaknyga.lt\/en\/wp-json\/wp\/v2\/comments?post=15571"}],"wp:featuredmedia":[{"embeddable":true,"href":"https:\/\/skaitytaknyga.lt\/en\/wp-json\/wp\/v2\/media\/15678"}],"wp:attachment":[{"href":"https:\/\/skaitytaknyga.lt\/en\/wp-json\/wp\/v2\/media?parent=15571"}],"wp:term":[{"taxonomy":"product_brand","embeddable":true,"href":"https:\/\/skaitytaknyga.lt\/en\/wp-json\/wp\/v2\/product_brand?post=15571"},{"taxonomy":"product_cat","embeddable":true,"href":"https:\/\/skaitytaknyga.lt\/en\/wp-json\/wp\/v2\/product_cat?post=15571"},{"taxonomy":"product_tag","embeddable":true,"href":"https:\/\/skaitytaknyga.lt\/en\/wp-json\/wp\/v2\/product_tag?post=15571"}],"curies":[{"name":"wp","href":"https:\/\/api.w.org\/{rel}","templated":true}]}}