{"id":15569,"date":"2024-12-19T10:44:45","date_gmt":"2024-12-19T08:44:45","guid":{"rendered":"https:\/\/skaitytaknyga.lt\/?post_type=product&#038;p=15569"},"modified":"2024-12-23T08:26:14","modified_gmt":"2024-12-23T06:26:14","slug":"domas-ir-tomas-dingusios-mergaites-byla-7-knyga","status":"publish","type":"product","link":"https:\/\/skaitytaknyga.lt\/en\/produktas\/domas-ir-tomas-dingusios-mergaites-byla-7-knyga\/","title":{"rendered":"Domas ir Tomas. Dingusios mergait\u0117s byla. 7 knyga"},"content":{"rendered":"<p><strong>TOMAS DIRG\u0116LA<\/strong>\u00a0\u2013 vienas populiariausi\u0173 lietuvi\u0173 vaik\u0173 ra\u0161ytoj\u0173, kurio knygos leid\u017eiamos pakartotinai ir ver\u010diamos \u012f u\u017esienio kalbas, o vaikai tiesiog eina i\u0161 proto d\u0117l jo detektyvin\u0117s serijos \u201eDomas ir Tomas&#8221;! Ra\u0161ytoj\u0105 vaikai atpa\u017e\u012fsta net gatv\u0117je ir b\u016btinai pasidomi b\u016bsimomis knygomis ar papra\u0161o bendros nuotraukos. Savo skaitytojams Tomas Dirg\u0117la padovanojo jau daugiau nei 20 knyg\u0173 ir visai nesiruo\u0161ia sustoti!<\/p>\n<p>Kai mokyklos direktorius Liudas M\u0117m\u0117 sumai\u0161\u0119s dienas sumano papok\u0161tauti Baland\u017eio 1-osios proga, Miestamies\u010dio mokykloje belieka laukti dar vienos smagi\u0173 nesusipratim\u0173 virtin\u0117s! Ta\u010diau kai pamokos metu dingsta mergait\u0117, darosi jau visai nebejuokinga&#8230;<\/p>\n<p>Kur ji prapuol\u0117? Gal tai ne\u017eemi\u0161k\u0173 b\u016btybi\u0173 darbas? Ar \u010dia nagus priki\u0161o juodoji magija ar baltoji kar\u0161tin\u0117? O gal \u0161i\u0105 istorij\u0105 tik i\u0161galvojo Tomas Dirg\u0117la, nor\u0117damas para\u0161yti dar vien\u0105 \u201eDomo ir Tomo&#8221; serijos knyg\u0105?<\/p>\n<p>B\u016btent taip ir buvo, bet&#8230; bet vis tiek paskaityk \u2013 su Domu, Tomu ir Upe visada yra k\u0105 veikti!<\/p>\n<ul class=\"about-product d-none d-xl-block mt-4\">\n<li><strong>Autorius:<\/strong>\u00a0Tomas Dirg\u0117la<\/li>\n<li><strong>Leid\u0117jas:<\/strong>\u00a0Tyto alba<\/li>\n<li><strong>Metai:<\/strong>\u00a02021<\/li>\n<li><strong>Puslapiai:<\/strong>\u00a0200<\/li>\n<li class=\"toggleable type-new-formats \"><strong>ISBN:<\/strong>\u00a09786094665936<\/li>\n<li><strong>Versijos kodas:<\/strong>\u00a010<\/li>\n<li class=\"toggleable type-new-formats \"><strong>Formatas:<\/strong>\u00a014,7 x 22,1 x 1,7 cm, kieti vir\u0161eliai<\/li>\n<li><strong>Kalba:<\/strong>\u00a0Lietuvi\u0173<\/li>\n<li><strong>Knyg\u0173 serija:<\/strong>\u00a0Domas ir Tomas<\/li>\n<\/ul>\n","protected":false},"excerpt":{"rendered":"<p>TOMAS DIRG\u0116LA\u00a0\u2013 vienas populiariausi\u0173 lietuvi\u0173 vaik\u0173 ra\u0161ytoj\u0173, kurio knygos leid\u017eiamos pakartotinai ir ver\u010diamos \u012f u\u017esienio kalbas, o vaikai tiesiog eina i\u0161 proto d\u0117l jo detektyvin\u0117s serijos \u201eDomas ir Tomas&#8221;! Ra\u0161ytoj\u0105 vaikai atpa\u017e\u012fsta net gatv\u0117je ir b\u016btinai pasidomi b\u016bsimomis knygomis ar papra\u0161o bendros nuotraukos. Savo skaitytojams Tomas Dirg\u0117la padovanojo jau daugiau nei 20 knyg\u0173 ir visai nesiruo\u0161ia sustoti! Kai mokyklos direktorius Liudas M\u0117m\u0117 sumai\u0161\u0119s dienas sumano papok\u0161tauti Baland\u017eio 1-osios proga, Miestamies\u010dio mokykloje belieka laukti dar vienos smagi\u0173 nesusipratim\u0173 virtin\u0117s! Ta\u010diau kai pamokos metu dingsta mergait\u0117, darosi jau visai nebejuokinga&#8230; Kur ji prapuol\u0117? Gal tai ne\u017eemi\u0161k\u0173 b\u016btybi\u0173 darbas? Ar \u010dia nagus priki\u0161o juodoji magija ar baltoji kar\u0161tin\u0117? O gal \u0161i\u0105 istorij\u0105 tik i\u0161galvojo Tomas Dirg\u0117la, nor\u0117damas para\u0161yti dar vien\u0105 \u201eDomo ir Tomo&#8221; serijos knyg\u0105? B\u016btent taip ir buvo, bet&#8230; bet vis tiek paskaityk \u2013 su Domu, Tomu ir Upe visada yra k\u0105 veikti! Autorius:\u00a0Tomas Dirg\u0117la Leid\u0117jas:\u00a0Tyto alba Metai:\u00a02021 Puslapiai:\u00a0200 ISBN:\u00a09786094665936 Versijos kodas:\u00a010 Formatas:\u00a014,7 x 22,1 x 1,7 cm, kieti vir\u0161eliai Kalba:\u00a0Lietuvi\u0173 Knyg\u0173 serija:\u00a0Domas ir Tomas<\/p>\n","protected":false},"featured_media":15686,"comment_status":"open","ping_status":"closed","template":"","meta":{"_acf_changed":false,"site-sidebar-layout":"default","site-content-layout":"","ast-site-content-layout":"default","site-content-style":"default","site-sidebar-style":"default","ast-global-header-display":"","ast-banner-title-visibility":"","ast-main-header-display":"","ast-hfb-above-header-display":"","ast-hfb-below-header-display":"","ast-hfb-mobile-header-display":"","site-post-title":"","ast-breadcrumbs-content":"","ast-featured-img":"","footer-sml-layout":"","ast-disable-related-posts":"","theme-transparent-header-meta":"default","adv-header-id-meta":"","stick-header-meta":"","header-above-stick-meta":"","header-main-stick-meta":"","header-below-stick-meta":"","astra-migrate-meta-layouts":"set","ast-page-background-enabled":"default","ast-page-background-meta":{"desktop":{"background-color":"","background-image":"","background-repeat":"repeat","background-position":"center center","background-size":"auto","background-attachment":"scroll","background-type":"","background-media":"","overlay-type":"","overlay-color":"","overlay-opacity":"","overlay-gradient":""},"tablet":{"background-color":"","background-image":"","background-repeat":"repeat","background-position":"center center","background-size":"auto","background-attachment":"scroll","background-type":"","background-media":"","overlay-type":"","overlay-color":"","overlay-opacity":"","overlay-gradient":""},"mobile":{"background-color":"","background-image":"","background-repeat":"repeat","background-position":"center center","background-size":"auto","background-attachment":"scroll","background-type":"","background-media":"","overlay-type":"","overlay-color":"","overlay-opacity":"","overlay-gradient":""}},"ast-content-background-meta":{"desktop":{"background-color":"var(--ast-global-color-4)","background-image":"","background-repeat":"repeat","background-position":"center center","background-size":"auto","background-attachment":"scroll","background-type":"","background-media":"","overlay-type":"","overlay-color":"","overlay-opacity":"","overlay-gradient":""},"tablet":{"background-color":"var(--ast-global-color-4)","background-image":"","background-repeat":"repeat","background-position":"center center","background-size":"auto","background-attachment":"scroll","background-type":"","background-media":"","overlay-type":"","overlay-color":"","overlay-opacity":"","overlay-gradient":""},"mobile":{"background-color":"var(--ast-global-color-4)","background-image":"","background-repeat":"repeat","background-position":"center center","background-size":"auto","background-attachment":"scroll","background-type":"","background-media":"","overlay-type":"","overlay-color":"","overlay-opacity":"","overlay-gradient":""}}},"product_brand":[],"product_cat":[35,15],"product_tag":[],"class_list":{"0":"post-15569","1":"product","2":"type-product","3":"status-publish","4":"has-post-thumbnail","6":"product_cat-vaikams-ir-paaugliams","7":"product_cat-uncategorized","8":"desktop-align-left","9":"tablet-align-left","10":"mobile-align-left","12":"first","13":"instock","14":"shipping-taxable","15":"purchasable","16":"product-type-simple"},"acf":[],"yoast_head":"<!-- This site is optimized with the Yoast SEO plugin v27.4 - https:\/\/yoast.com\/product\/yoast-seo-wordpress\/ -->\n<title>Domas ir Tomas. Dingusios mergait\u0117s byla. 7 knyga<\/title>\n<meta name=\"description\" content=\"TOMAS DIRG\u0116LA\u00a0\u2013 vienas populiariausi\u0173 lietuvi\u0173 vaik\u0173 ra\u0161ytoj\u0173, kurio knygos leid\u017eiamos pakartotinai ir ver\u010diamos \u012f u\u017esienio kalbas, o vaikai tiesiog eina\" \/>\n<meta name=\"robots\" content=\"index, follow, max-snippet:-1, max-image-preview:large, max-video-preview:-1\" \/>\n<link rel=\"canonical\" href=\"https:\/\/skaitytaknyga.lt\/en\/produktas\/domas-ir-tomas-dingusios-mergaites-byla-7-knyga\/\" \/>\n<meta property=\"og:locale\" content=\"en_GB\" \/>\n<meta property=\"og:locale:alternate\" content=\"lt_LT\" \/>\n<meta property=\"og:type\" content=\"article\" \/>\n<meta property=\"og:title\" content=\"Domas ir Tomas. Dingusios mergait\u0117s byla. 7 knyga\" \/>\n<meta property=\"og:description\" content=\"TOMAS DIRG\u0116LA\u00a0\u2013 vienas populiariausi\u0173 lietuvi\u0173 vaik\u0173 ra\u0161ytoj\u0173, kurio knygos leid\u017eiamos pakartotinai ir ver\u010diamos \u012f u\u017esienio kalbas, o vaikai tiesiog eina\" \/>\n<meta property=\"og:url\" content=\"https:\/\/skaitytaknyga.lt\/en\/produktas\/domas-ir-tomas-dingusios-mergaites-byla-7-knyga\/\" \/>\n<meta property=\"og:site_name\" content=\"Skaitytaknyga\" \/>\n<meta property=\"article:publisher\" content=\"https:\/\/www.facebook.com\/skaitytaknyga\/\" \/>\n<meta property=\"article:modified_time\" content=\"2024-12-23T06:26:14+00:00\" \/>\n<meta property=\"og:image\" content=\"https:\/\/skaitytaknyga.lt\/wp-content\/uploads\/2024\/12\/Domas-ir-Tomas.-Dingusios-mergaites-byla.-7-knyga.webp\" \/>\n\t<meta property=\"og:image:width\" content=\"533\" \/>\n\t<meta property=\"og:image:height\" content=\"800\" \/>\n\t<meta property=\"og:image:type\" content=\"image\/webp\" \/>\n<meta name=\"twitter:card\" content=\"summary_large_image\" \/>\n<meta name=\"twitter:label1\" content=\"Estimated reading time\" \/>\n\t<meta name=\"twitter:data1\" content=\"2 minutes\" \/>\n<script type=\"application\/ld+json\" class=\"yoast-schema-graph\">{\"@context\":\"https:\\\/\\\/schema.org\",\"@graph\":[{\"@type\":\"WebPage\",\"@id\":\"https:\\\/\\\/skaitytaknyga.lt\\\/produktas\\\/domas-ir-tomas-dingusios-mergaites-byla-7-knyga\\\/\",\"url\":\"https:\\\/\\\/skaitytaknyga.lt\\\/produktas\\\/domas-ir-tomas-dingusios-mergaites-byla-7-knyga\\\/\",\"name\":\"Domas ir Tomas. Dingusios mergait\u0117s byla. 7 knyga\",\"isPartOf\":{\"@id\":\"https:\\\/\\\/skaitytaknyga.lt\\\/#website\"},\"primaryImageOfPage\":{\"@id\":\"https:\\\/\\\/skaitytaknyga.lt\\\/produktas\\\/domas-ir-tomas-dingusios-mergaites-byla-7-knyga\\\/#primaryimage\"},\"image\":{\"@id\":\"https:\\\/\\\/skaitytaknyga.lt\\\/produktas\\\/domas-ir-tomas-dingusios-mergaites-byla-7-knyga\\\/#primaryimage\"},\"thumbnailUrl\":\"https:\\\/\\\/skaitytaknyga.lt\\\/wp-content\\\/uploads\\\/2024\\\/12\\\/Domas-ir-Tomas.-Dingusios-mergaites-byla.-7-knyga.webp\",\"datePublished\":\"2024-12-19T08:44:45+00:00\",\"dateModified\":\"2024-12-23T06:26:14+00:00\",\"description\":\"TOMAS DIRG\u0116LA\u00a0\u2013 vienas populiariausi\u0173 lietuvi\u0173 vaik\u0173 ra\u0161ytoj\u0173, kurio knygos leid\u017eiamos pakartotinai ir ver\u010diamos \u012f u\u017esienio kalbas, o vaikai tiesiog eina\",\"breadcrumb\":{\"@id\":\"https:\\\/\\\/skaitytaknyga.lt\\\/produktas\\\/domas-ir-tomas-dingusios-mergaites-byla-7-knyga\\\/#breadcrumb\"},\"inLanguage\":\"en-GB\",\"potentialAction\":[{\"@type\":\"ReadAction\",\"target\":[\"https:\\\/\\\/skaitytaknyga.lt\\\/produktas\\\/domas-ir-tomas-dingusios-mergaites-byla-7-knyga\\\/\"]}]},{\"@type\":\"ImageObject\",\"inLanguage\":\"en-GB\",\"@id\":\"https:\\\/\\\/skaitytaknyga.lt\\\/produktas\\\/domas-ir-tomas-dingusios-mergaites-byla-7-knyga\\\/#primaryimage\",\"url\":\"https:\\\/\\\/skaitytaknyga.lt\\\/wp-content\\\/uploads\\\/2024\\\/12\\\/Domas-ir-Tomas.-Dingusios-mergaites-byla.-7-knyga.webp\",\"contentUrl\":\"https:\\\/\\\/skaitytaknyga.lt\\\/wp-content\\\/uploads\\\/2024\\\/12\\\/Domas-ir-Tomas.-Dingusios-mergaites-byla.-7-knyga.webp\",\"width\":533,\"height\":800,\"caption\":\"Domas ir Tomas. Dingusios mergait\u0117s byla. 7 knyga\"},{\"@type\":\"BreadcrumbList\",\"@id\":\"https:\\\/\\\/skaitytaknyga.lt\\\/produktas\\\/domas-ir-tomas-dingusios-mergaites-byla-7-knyga\\\/#breadcrumb\",\"itemListElement\":[{\"@type\":\"ListItem\",\"position\":1,\"name\":\"Home\",\"item\":\"https:\\\/\\\/skaitytaknyga.lt\\\/\"},{\"@type\":\"ListItem\",\"position\":2,\"name\":\"Parduotuv\u0117\",\"item\":\"https:\\\/\\\/skaitytaknyga.lt\\\/knygu-parduotuve\\\/\"},{\"@type\":\"ListItem\",\"position\":3,\"name\":\"Domas ir Tomas. Dingusios mergait\u0117s byla. 7 knyga\"}]},{\"@type\":\"WebSite\",\"@id\":\"https:\\\/\\\/skaitytaknyga.lt\\\/#website\",\"url\":\"https:\\\/\\\/skaitytaknyga.lt\\\/\",\"name\":\"skaitytaknyga.lt\",\"description\":\"Skaitytaknyga.lt \u2013 tai ma\u017eas \u0161eimos verslas, kuris prasid\u0117jo nuo meil\u0117s knygoms ir siekio i\u0161gelb\u0117ti knygas nuo likimo prie konteinerio. Kas vienam nereikalingas daiktas \u2013 kitam lobis, o mes esame tarpininkai, kurie padeda abiems tapti laimingesniems ???? \u017dinome kaip nelengva i\u0161gyventi ma\u017eiems verslams, tad nuo \u0161iol, \u010dia rasite ir kit\u0173, ma\u017e\u0173 \u0161eim\u0173 versl\u0173, rank\u0173 darbo, dovan\u0173 sau ir artimiesiems.\",\"publisher\":{\"@id\":\"https:\\\/\\\/skaitytaknyga.lt\\\/#organization\"},\"potentialAction\":[{\"@type\":\"SearchAction\",\"target\":{\"@type\":\"EntryPoint\",\"urlTemplate\":\"https:\\\/\\\/skaitytaknyga.lt\\\/?s={search_term_string}\"},\"query-input\":{\"@type\":\"PropertyValueSpecification\",\"valueRequired\":true,\"valueName\":\"search_term_string\"}}],\"inLanguage\":\"en-GB\"},{\"@type\":\"Organization\",\"@id\":\"https:\\\/\\\/skaitytaknyga.lt\\\/#organization\",\"name\":\"skaitytaknyga.lt\",\"url\":\"https:\\\/\\\/skaitytaknyga.lt\\\/\",\"logo\":{\"@type\":\"ImageObject\",\"inLanguage\":\"en-GB\",\"@id\":\"https:\\\/\\\/skaitytaknyga.lt\\\/#\\\/schema\\\/logo\\\/image\\\/\",\"url\":\"https:\\\/\\\/skaitytaknyga.lt\\\/wp-content\\\/uploads\\\/2024\\\/05\\\/cropped-cropped-cropped-02_00843_jt3bggkj1j3HLc7SyY6rEUpg.jpeg\",\"contentUrl\":\"https:\\\/\\\/skaitytaknyga.lt\\\/wp-content\\\/uploads\\\/2024\\\/05\\\/cropped-cropped-cropped-02_00843_jt3bggkj1j3HLc7SyY6rEUpg.jpeg\",\"width\":1600,\"height\":1600,\"caption\":\"skaitytaknyga.lt\"},\"image\":{\"@id\":\"https:\\\/\\\/skaitytaknyga.lt\\\/#\\\/schema\\\/logo\\\/image\\\/\"},\"sameAs\":[\"https:\\\/\\\/www.facebook.com\\\/skaitytaknyga\\\/\"]}]}<\/script>\n<!-- \/ Yoast SEO plugin. -->","yoast_head_json":{"title":"Domas ir Tomas. Dingusios mergait\u0117s byla. 7 knyga","description":"TOMAS DIRG\u0116LA\u00a0\u2013 vienas populiariausi\u0173 lietuvi\u0173 vaik\u0173 ra\u0161ytoj\u0173, kurio knygos leid\u017eiamos pakartotinai ir ver\u010diamos \u012f u\u017esienio kalbas, o vaikai tiesiog eina","robots":{"index":"index","follow":"follow","max-snippet":"max-snippet:-1","max-image-preview":"max-image-preview:large","max-video-preview":"max-video-preview:-1"},"canonical":"https:\/\/skaitytaknyga.lt\/en\/produktas\/domas-ir-tomas-dingusios-mergaites-byla-7-knyga\/","og_locale":"en_GB","og_type":"article","og_title":"[:lt]Domas ir Tomas. Dingusios mergait\u0117s byla. 7 knyga[:] - Skaitytaknyga","og_description":"TOMAS DIRG\u0116LA\u00a0\u2013 vienas populiariausi\u0173 lietuvi\u0173 vaik\u0173 ra\u0161ytoj\u0173, kurio knygos leid\u017eiamos pakartotinai ir ver\u010diamos \u012f u\u017esienio kalbas, o vaikai tiesiog eina","og_url":"https:\/\/skaitytaknyga.lt\/en\/produktas\/domas-ir-tomas-dingusios-mergaites-byla-7-knyga\/","og_site_name":"Skaitytaknyga","article_publisher":"https:\/\/www.facebook.com\/skaitytaknyga\/","article_modified_time":"2024-12-23T06:26:14+00:00","og_image":[{"width":533,"height":800,"url":"https:\/\/skaitytaknyga.lt\/wp-content\/uploads\/2024\/12\/Domas-ir-Tomas.-Dingusios-mergaites-byla.-7-knyga.webp","type":"image\/webp"}],"twitter_card":"summary_large_image","twitter_misc":{"Estimated reading time":"2 minutes"},"schema":{"@context":"https:\/\/schema.org","@graph":[{"@type":"WebPage","@id":"https:\/\/skaitytaknyga.lt\/produktas\/domas-ir-tomas-dingusios-mergaites-byla-7-knyga\/","url":"https:\/\/skaitytaknyga.lt\/produktas\/domas-ir-tomas-dingusios-mergaites-byla-7-knyga\/","name":"Domas ir Tomas. Dingusios mergait\u0117s byla. 7 knyga","isPartOf":{"@id":"https:\/\/skaitytaknyga.lt\/#website"},"primaryImageOfPage":{"@id":"https:\/\/skaitytaknyga.lt\/produktas\/domas-ir-tomas-dingusios-mergaites-byla-7-knyga\/#primaryimage"},"image":{"@id":"https:\/\/skaitytaknyga.lt\/produktas\/domas-ir-tomas-dingusios-mergaites-byla-7-knyga\/#primaryimage"},"thumbnailUrl":"https:\/\/skaitytaknyga.lt\/wp-content\/uploads\/2024\/12\/Domas-ir-Tomas.-Dingusios-mergaites-byla.-7-knyga.webp","datePublished":"2024-12-19T08:44:45+00:00","dateModified":"2024-12-23T06:26:14+00:00","description":"TOMAS DIRG\u0116LA\u00a0\u2013 vienas populiariausi\u0173 lietuvi\u0173 vaik\u0173 ra\u0161ytoj\u0173, kurio knygos leid\u017eiamos pakartotinai ir ver\u010diamos \u012f u\u017esienio kalbas, o vaikai tiesiog eina","breadcrumb":{"@id":"https:\/\/skaitytaknyga.lt\/produktas\/domas-ir-tomas-dingusios-mergaites-byla-7-knyga\/#breadcrumb"},"inLanguage":"en-GB","potentialAction":[{"@type":"ReadAction","target":["https:\/\/skaitytaknyga.lt\/produktas\/domas-ir-tomas-dingusios-mergaites-byla-7-knyga\/"]}]},{"@type":"ImageObject","inLanguage":"en-GB","@id":"https:\/\/skaitytaknyga.lt\/produktas\/domas-ir-tomas-dingusios-mergaites-byla-7-knyga\/#primaryimage","url":"https:\/\/skaitytaknyga.lt\/wp-content\/uploads\/2024\/12\/Domas-ir-Tomas.-Dingusios-mergaites-byla.-7-knyga.webp","contentUrl":"https:\/\/skaitytaknyga.lt\/wp-content\/uploads\/2024\/12\/Domas-ir-Tomas.-Dingusios-mergaites-byla.-7-knyga.webp","width":533,"height":800,"caption":"Domas ir Tomas. Dingusios mergait\u0117s byla. 7 knyga"},{"@type":"BreadcrumbList","@id":"https:\/\/skaitytaknyga.lt\/produktas\/domas-ir-tomas-dingusios-mergaites-byla-7-knyga\/#breadcrumb","itemListElement":[{"@type":"ListItem","position":1,"name":"Home","item":"https:\/\/skaitytaknyga.lt\/"},{"@type":"ListItem","position":2,"name":"Parduotuv\u0117","item":"https:\/\/skaitytaknyga.lt\/knygu-parduotuve\/"},{"@type":"ListItem","position":3,"name":"Domas ir Tomas. Dingusios mergait\u0117s byla. 7 knyga"}]},{"@type":"WebSite","@id":"https:\/\/skaitytaknyga.lt\/#website","url":"https:\/\/skaitytaknyga.lt\/","name":"skaitytaknyga.lt","description":"Skaitytaknyga.lt \u2013 tai ma\u017eas \u0161eimos verslas, kuris prasid\u0117jo nuo meil\u0117s knygoms ir siekio i\u0161gelb\u0117ti knygas nuo likimo prie konteinerio. Kas vienam nereikalingas daiktas \u2013 kitam lobis, o mes esame tarpininkai, kurie padeda abiems tapti laimingesniems ???? \u017dinome kaip nelengva i\u0161gyventi ma\u017eiems verslams, tad nuo \u0161iol, \u010dia rasite ir kit\u0173, ma\u017e\u0173 \u0161eim\u0173 versl\u0173, rank\u0173 darbo, dovan\u0173 sau ir artimiesiems.","publisher":{"@id":"https:\/\/skaitytaknyga.lt\/#organization"},"potentialAction":[{"@type":"SearchAction","target":{"@type":"EntryPoint","urlTemplate":"https:\/\/skaitytaknyga.lt\/?s={search_term_string}"},"query-input":{"@type":"PropertyValueSpecification","valueRequired":true,"valueName":"search_term_string"}}],"inLanguage":"en-GB"},{"@type":"Organization","@id":"https:\/\/skaitytaknyga.lt\/#organization","name":"skaitytaknyga.lt","url":"https:\/\/skaitytaknyga.lt\/","logo":{"@type":"ImageObject","inLanguage":"en-GB","@id":"https:\/\/skaitytaknyga.lt\/#\/schema\/logo\/image\/","url":"https:\/\/skaitytaknyga.lt\/wp-content\/uploads\/2024\/05\/cropped-cropped-cropped-02_00843_jt3bggkj1j3HLc7SyY6rEUpg.jpeg","contentUrl":"https:\/\/skaitytaknyga.lt\/wp-content\/uploads\/2024\/05\/cropped-cropped-cropped-02_00843_jt3bggkj1j3HLc7SyY6rEUpg.jpeg","width":1600,"height":1600,"caption":"skaitytaknyga.lt"},"image":{"@id":"https:\/\/skaitytaknyga.lt\/#\/schema\/logo\/image\/"},"sameAs":["https:\/\/www.facebook.com\/skaitytaknyga\/"]}]}},"_links":{"self":[{"href":"https:\/\/skaitytaknyga.lt\/en\/wp-json\/wp\/v2\/product\/15569","targetHints":{"allow":["GET"]}}],"collection":[{"href":"https:\/\/skaitytaknyga.lt\/en\/wp-json\/wp\/v2\/product"}],"about":[{"href":"https:\/\/skaitytaknyga.lt\/en\/wp-json\/wp\/v2\/types\/product"}],"replies":[{"embeddable":true,"href":"https:\/\/skaitytaknyga.lt\/en\/wp-json\/wp\/v2\/comments?post=15569"}],"wp:featuredmedia":[{"embeddable":true,"href":"https:\/\/skaitytaknyga.lt\/en\/wp-json\/wp\/v2\/media\/15686"}],"wp:attachment":[{"href":"https:\/\/skaitytaknyga.lt\/en\/wp-json\/wp\/v2\/media?parent=15569"}],"wp:term":[{"taxonomy":"product_brand","embeddable":true,"href":"https:\/\/skaitytaknyga.lt\/en\/wp-json\/wp\/v2\/product_brand?post=15569"},{"taxonomy":"product_cat","embeddable":true,"href":"https:\/\/skaitytaknyga.lt\/en\/wp-json\/wp\/v2\/product_cat?post=15569"},{"taxonomy":"product_tag","embeddable":true,"href":"https:\/\/skaitytaknyga.lt\/en\/wp-json\/wp\/v2\/product_tag?post=15569"}],"curies":[{"name":"wp","href":"https:\/\/api.w.org\/{rel}","templated":true}]}}