{"id":15566,"date":"2024-12-19T10:44:45","date_gmt":"2024-12-19T08:44:45","guid":{"rendered":"https:\/\/skaitytaknyga.lt\/?post_type=product&#038;p=15566"},"modified":"2025-05-13T14:37:38","modified_gmt":"2025-05-13T11:37:38","slug":"padukeliu-mokykla-nepamirstama-isvyka","status":"publish","type":"product","link":"https:\/\/skaitytaknyga.lt\/en\/produktas\/padukeliu-mokykla-nepamirstama-isvyka\/","title":{"rendered":"Pad\u016bk\u0117li\u0173 mokykla. Nepamir\u0161tama i\u0161vyka!"},"content":{"rendered":"<p>6\u20139 m. vaikams.<\/p>\n<p>Did\u017eiausi mokyklos pasiut\u0117liai, i\u0161daigininkai ir pad\u016bk\u0117liai pasireng\u0119 kitam nuotykiui.<\/p>\n<p>Ne-\u012f-ti-k\u0117-ti-na stovykla mi\u0161ke!<\/p>\n<p>Kas gali b\u016bti \u012fdomiau?<\/p>\n<p>Lukas, Asimas, dvynuk\u0117s ir Karlosas pasiry\u017e\u0119 puikiai praleisti laik\u0105. Jie mano, kad stovykloje laukia \u017eaidimai ir pramogos, bet kai i\u0161girsta legend\u0105 apie mi\u0161ke dingusi\u0105 mergait\u0119, viskas pakrypsta netik\u0117ta linkme.<\/p>\n<p>Ar jiems pavyks atskleisti dingusios mergait\u0117s paslapt\u012f?<\/p>\n<p><strong>\u201ePad\u016bk\u0117li\u0173 mokykla&#8221;:<\/strong><\/p>\n<p>\u2022 lavina humoro jausm\u0105 ir skatina i\u0161radingum\u0105,<br \/>\n\u2022 moko, kokia svarbi yra draugyst\u0117 ir komandinis darbas,<br \/>\n\u2022 pabr\u0117\u017eia, jog nereikia pasikliauti i\u0161ankstin\u0117mis nuostatomis,<br \/>\n\u2022 tinka pradedantiems skaityti.<\/p>\n<ul class=\"about-product d-none d-xl-block mt-4\">\n<li><strong>Originalus pavadinimas:<\/strong>\u00a0COLE DE LOCOS. \u00a1Una excursi\u00f3n \u00e9pica!<\/li>\n<li><strong>Autorius:<\/strong>\u00a0Dashiell Fern\u00e1ndez<\/li>\n<li><strong>Leid\u0117jas:<\/strong>\u00a0Alma littera<\/li>\n<li><strong>Metai:<\/strong>\u00a02021<\/li>\n<li><strong>Puslapiai:<\/strong>\u00a096<\/li>\n<li class=\"toggleable type-new-formats \"><strong>ISBN:<\/strong>\u00a09786090145081<\/li>\n<li><strong>Versijos kodas:<\/strong>\u00a0PT.<\/li>\n<li class=\"toggleable type-new-formats \"><strong>Formatas:<\/strong>\u00a012,5 x 20,5 x 1,2 cm, kieti vir\u0161eliai<\/li>\n<li><strong>Kalba:<\/strong>\u00a0Lietuvi\u0173<\/li>\n<li><strong>Vert\u0117jas:<\/strong>\u00a0Aira Nekra\u0161ait\u0117<\/li>\n<li><strong>Knyg\u0173 serija:<\/strong>\u00a0Pad\u016bk\u0117li\u0173 mokykla<\/li>\n<\/ul>\n","protected":false},"excerpt":{"rendered":"<p>6\u20139 m. vaikams. Did\u017eiausi mokyklos pasiut\u0117liai, i\u0161daigininkai ir pad\u016bk\u0117liai pasireng\u0119 kitam nuotykiui. Ne-\u012f-ti-k\u0117-ti-na stovykla mi\u0161ke! Kas gali b\u016bti \u012fdomiau? Lukas, Asimas, dvynuk\u0117s ir Karlosas pasiry\u017e\u0119 puikiai praleisti laik\u0105. Jie mano, kad stovykloje laukia \u017eaidimai ir pramogos, bet kai i\u0161girsta legend\u0105 apie mi\u0161ke dingusi\u0105 mergait\u0119, viskas pakrypsta netik\u0117ta linkme. Ar jiems pavyks atskleisti dingusios mergait\u0117s paslapt\u012f? \u201ePad\u016bk\u0117li\u0173 mokykla&#8221;: \u2022 lavina humoro jausm\u0105 ir skatina i\u0161radingum\u0105, \u2022 moko, kokia svarbi yra draugyst\u0117 ir komandinis darbas, \u2022 pabr\u0117\u017eia, jog nereikia pasikliauti i\u0161ankstin\u0117mis nuostatomis, \u2022 tinka pradedantiems skaityti. Originalus pavadinimas:\u00a0COLE DE LOCOS. \u00a1Una excursi\u00f3n \u00e9pica! Autorius:\u00a0Dashiell Fern\u00e1ndez Leid\u0117jas:\u00a0Alma littera Metai:\u00a02021 Puslapiai:\u00a096 ISBN:\u00a09786090145081 Versijos kodas:\u00a0PT. Formatas:\u00a012,5 x 20,5 x 1,2 cm, kieti vir\u0161eliai Kalba:\u00a0Lietuvi\u0173 Vert\u0117jas:\u00a0Aira Nekra\u0161ait\u0117 Knyg\u0173 serija:\u00a0Pad\u016bk\u0117li\u0173 mokykla<\/p>\n","protected":false},"featured_media":15687,"comment_status":"open","ping_status":"closed","template":"","meta":{"_acf_changed":false,"site-sidebar-layout":"default","site-content-layout":"","ast-site-content-layout":"default","site-content-style":"default","site-sidebar-style":"default","ast-global-header-display":"","ast-banner-title-visibility":"","ast-main-header-display":"","ast-hfb-above-header-display":"","ast-hfb-below-header-display":"","ast-hfb-mobile-header-display":"","site-post-title":"","ast-breadcrumbs-content":"","ast-featured-img":"","footer-sml-layout":"","ast-disable-related-posts":"","theme-transparent-header-meta":"default","adv-header-id-meta":"","stick-header-meta":"","header-above-stick-meta":"","header-main-stick-meta":"","header-below-stick-meta":"","astra-migrate-meta-layouts":"set","ast-page-background-enabled":"default","ast-page-background-meta":{"desktop":{"background-color":"","background-image":"","background-repeat":"repeat","background-position":"center center","background-size":"auto","background-attachment":"scroll","background-type":"","background-media":"","overlay-type":"","overlay-color":"","overlay-opacity":"","overlay-gradient":""},"tablet":{"background-color":"","background-image":"","background-repeat":"repeat","background-position":"center center","background-size":"auto","background-attachment":"scroll","background-type":"","background-media":"","overlay-type":"","overlay-color":"","overlay-opacity":"","overlay-gradient":""},"mobile":{"background-color":"","background-image":"","background-repeat":"repeat","background-position":"center center","background-size":"auto","background-attachment":"scroll","background-type":"","background-media":"","overlay-type":"","overlay-color":"","overlay-opacity":"","overlay-gradient":""}},"ast-content-background-meta":{"desktop":{"background-color":"var(--ast-global-color-4)","background-image":"","background-repeat":"repeat","background-position":"center center","background-size":"auto","background-attachment":"scroll","background-type":"","background-media":"","overlay-type":"","overlay-color":"","overlay-opacity":"","overlay-gradient":""},"tablet":{"background-color":"var(--ast-global-color-4)","background-image":"","background-repeat":"repeat","background-position":"center center","background-size":"auto","background-attachment":"scroll","background-type":"","background-media":"","overlay-type":"","overlay-color":"","overlay-opacity":"","overlay-gradient":""},"mobile":{"background-color":"var(--ast-global-color-4)","background-image":"","background-repeat":"repeat","background-position":"center center","background-size":"auto","background-attachment":"scroll","background-type":"","background-media":"","overlay-type":"","overlay-color":"","overlay-opacity":"","overlay-gradient":""}}},"product_brand":[],"product_cat":[15,35],"product_tag":[2286,2288,2287,1451,2291,1785],"class_list":{"0":"post-15566","1":"product","2":"type-product","3":"status-publish","4":"has-post-thumbnail","6":"product_cat-uncategorized","7":"product_cat-vaikams-ir-paaugliams","8":"product_tag-dashiell-fernandez","9":"product_tag-isvykos","10":"product_tag-mokykla","11":"product_tag-nuotykiai","12":"product_tag-padukeliu-mokykla-nepamirstama-isvyka-2","13":"product_tag-vaikams","14":"desktop-align-left","15":"tablet-align-left","16":"mobile-align-left","18":"first","19":"instock","20":"shipping-taxable","21":"purchasable","22":"product-type-simple"},"acf":[],"yoast_head":"<!-- This site is optimized with the Yoast SEO plugin v27.0 - https:\/\/yoast.com\/product\/yoast-seo-wordpress\/ -->\n<title>Pad\u016bk\u0117li\u0173 mokykla. Nepamir\u0161tama i\u0161vyka!<\/title>\n<meta name=\"description\" content=\"6\u20139 m. vaikams. Did\u017eiausi mokyklos pasiut\u0117liai, i\u0161daigininkai ir pad\u016bk\u0117liai pasireng\u0119 kitam nuotykiui. Ne-\u012f-ti-k\u0117-ti-na stovykla mi\u0161ke! Kas gali b\u016bti\" \/>\n<meta name=\"robots\" content=\"index, follow, max-snippet:-1, max-image-preview:large, max-video-preview:-1\" \/>\n<link rel=\"canonical\" href=\"https:\/\/skaitytaknyga.lt\/en\/produktas\/padukeliu-mokykla-nepamirstama-isvyka\/\" \/>\n<meta property=\"og:locale\" content=\"en_GB\" \/>\n<meta property=\"og:locale:alternate\" content=\"lt_LT\" \/>\n<meta property=\"og:type\" content=\"article\" \/>\n<meta property=\"og:title\" content=\"Pad\u016bk\u0117li\u0173 mokykla. Nepamir\u0161tama i\u0161vyka!\" \/>\n<meta property=\"og:description\" content=\"6\u20139 m. vaikams. Did\u017eiausi mokyklos pasiut\u0117liai, i\u0161daigininkai ir pad\u016bk\u0117liai pasireng\u0119 kitam nuotykiui. Ne-\u012f-ti-k\u0117-ti-na stovykla mi\u0161ke! Kas gali b\u016bti\" \/>\n<meta property=\"og:url\" content=\"https:\/\/skaitytaknyga.lt\/en\/produktas\/padukeliu-mokykla-nepamirstama-isvyka\/\" \/>\n<meta property=\"og:site_name\" content=\"Skaitytaknyga\" \/>\n<meta property=\"article:publisher\" content=\"https:\/\/www.facebook.com\/skaitytaknyga\/\" \/>\n<meta property=\"article:modified_time\" content=\"2025-05-13T11:37:38+00:00\" \/>\n<meta property=\"og:image\" content=\"https:\/\/skaitytaknyga.lt\/wp-content\/uploads\/2024\/12\/Padukeliu-mokykla.-Nepamirstama-isvyka.webp\" \/>\n\t<meta property=\"og:image:width\" content=\"380\" \/>\n\t<meta property=\"og:image:height\" content=\"600\" \/>\n\t<meta property=\"og:image:type\" content=\"image\/webp\" \/>\n<meta name=\"twitter:card\" content=\"summary_large_image\" \/>\n<meta name=\"twitter:label1\" content=\"Estimated reading time\" \/>\n\t<meta name=\"twitter:data1\" content=\"1 minute\" \/>\n<script type=\"application\/ld+json\" class=\"yoast-schema-graph\">{\"@context\":\"https:\/\/schema.org\",\"@graph\":[{\"@type\":\"WebPage\",\"@id\":\"https:\/\/skaitytaknyga.lt\/produktas\/padukeliu-mokykla-nepamirstama-isvyka\/\",\"url\":\"https:\/\/skaitytaknyga.lt\/produktas\/padukeliu-mokykla-nepamirstama-isvyka\/\",\"name\":\"Pad\u016bk\u0117li\u0173 mokykla. Nepamir\u0161tama i\u0161vyka!\",\"isPartOf\":{\"@id\":\"https:\/\/skaitytaknyga.lt\/#website\"},\"primaryImageOfPage\":{\"@id\":\"https:\/\/skaitytaknyga.lt\/produktas\/padukeliu-mokykla-nepamirstama-isvyka\/#primaryimage\"},\"image\":{\"@id\":\"https:\/\/skaitytaknyga.lt\/produktas\/padukeliu-mokykla-nepamirstama-isvyka\/#primaryimage\"},\"thumbnailUrl\":\"https:\/\/skaitytaknyga.lt\/wp-content\/uploads\/2024\/12\/Padukeliu-mokykla.-Nepamirstama-isvyka.webp\",\"datePublished\":\"2024-12-19T08:44:45+00:00\",\"dateModified\":\"2025-05-13T11:37:38+00:00\",\"description\":\"6\u20139 m. vaikams. Did\u017eiausi mokyklos pasiut\u0117liai, i\u0161daigininkai ir pad\u016bk\u0117liai pasireng\u0119 kitam nuotykiui. Ne-\u012f-ti-k\u0117-ti-na stovykla mi\u0161ke! Kas gali b\u016bti\",\"breadcrumb\":{\"@id\":\"https:\/\/skaitytaknyga.lt\/produktas\/padukeliu-mokykla-nepamirstama-isvyka\/#breadcrumb\"},\"inLanguage\":\"en-GB\",\"potentialAction\":[{\"@type\":\"ReadAction\",\"target\":[\"https:\/\/skaitytaknyga.lt\/produktas\/padukeliu-mokykla-nepamirstama-isvyka\/\"]}]},{\"@type\":\"ImageObject\",\"inLanguage\":\"en-GB\",\"@id\":\"https:\/\/skaitytaknyga.lt\/produktas\/padukeliu-mokykla-nepamirstama-isvyka\/#primaryimage\",\"url\":\"https:\/\/skaitytaknyga.lt\/wp-content\/uploads\/2024\/12\/Padukeliu-mokykla.-Nepamirstama-isvyka.webp\",\"contentUrl\":\"https:\/\/skaitytaknyga.lt\/wp-content\/uploads\/2024\/12\/Padukeliu-mokykla.-Nepamirstama-isvyka.webp\",\"width\":380,\"height\":600,\"caption\":\"Pad\u016bk\u0117li\u0173 mokykla. Nepamir\u0161tama i\u0161vyka!\"},{\"@type\":\"BreadcrumbList\",\"@id\":\"https:\/\/skaitytaknyga.lt\/produktas\/padukeliu-mokykla-nepamirstama-isvyka\/#breadcrumb\",\"itemListElement\":[{\"@type\":\"ListItem\",\"position\":1,\"name\":\"Home\",\"item\":\"https:\/\/skaitytaknyga.lt\/\"},{\"@type\":\"ListItem\",\"position\":2,\"name\":\"Parduotuv\u0117\",\"item\":\"https:\/\/skaitytaknyga.lt\/knygu-parduotuve\/\"},{\"@type\":\"ListItem\",\"position\":3,\"name\":\"Pad\u016bk\u0117li\u0173 mokykla. Nepamir\u0161tama i\u0161vyka!\"}]},{\"@type\":\"WebSite\",\"@id\":\"https:\/\/skaitytaknyga.lt\/#website\",\"url\":\"https:\/\/skaitytaknyga.lt\/\",\"name\":\"skaitytaknyga.lt\",\"description\":\"Skaitytaknyga.lt \u2013 tai ma\u017eas \u0161eimos verslas, kuris prasid\u0117jo nuo meil\u0117s knygoms ir siekio i\u0161gelb\u0117ti knygas nuo likimo prie konteinerio. Kas vienam nereikalingas daiktas \u2013 kitam lobis, o mes esame tarpininkai, kurie padeda abiems tapti laimingesniems ???? \u017dinome kaip nelengva i\u0161gyventi ma\u017eiems verslams, tad nuo \u0161iol, \u010dia rasite ir kit\u0173, ma\u017e\u0173 \u0161eim\u0173 versl\u0173, rank\u0173 darbo, dovan\u0173 sau ir artimiesiems.\",\"publisher\":{\"@id\":\"https:\/\/skaitytaknyga.lt\/#organization\"},\"potentialAction\":[{\"@type\":\"SearchAction\",\"target\":{\"@type\":\"EntryPoint\",\"urlTemplate\":\"https:\/\/skaitytaknyga.lt\/?s={search_term_string}\"},\"query-input\":{\"@type\":\"PropertyValueSpecification\",\"valueRequired\":true,\"valueName\":\"search_term_string\"}}],\"inLanguage\":\"en-GB\"},{\"@type\":\"Organization\",\"@id\":\"https:\/\/skaitytaknyga.lt\/#organization\",\"name\":\"skaitytaknyga.lt\",\"url\":\"https:\/\/skaitytaknyga.lt\/\",\"logo\":{\"@type\":\"ImageObject\",\"inLanguage\":\"en-GB\",\"@id\":\"https:\/\/skaitytaknyga.lt\/#\/schema\/logo\/image\/\",\"url\":\"https:\/\/skaitytaknyga.lt\/wp-content\/uploads\/2024\/05\/cropped-cropped-cropped-02_00843_jt3bggkj1j3HLc7SyY6rEUpg.jpeg\",\"contentUrl\":\"https:\/\/skaitytaknyga.lt\/wp-content\/uploads\/2024\/05\/cropped-cropped-cropped-02_00843_jt3bggkj1j3HLc7SyY6rEUpg.jpeg\",\"width\":1600,\"height\":1600,\"caption\":\"skaitytaknyga.lt\"},\"image\":{\"@id\":\"https:\/\/skaitytaknyga.lt\/#\/schema\/logo\/image\/\"},\"sameAs\":[\"https:\/\/www.facebook.com\/skaitytaknyga\/\"]}]}<\/script>\n<!-- \/ Yoast SEO plugin. -->","yoast_head_json":{"title":"Pad\u016bk\u0117li\u0173 mokykla. Nepamir\u0161tama i\u0161vyka!","description":"6\u20139 m. vaikams. Did\u017eiausi mokyklos pasiut\u0117liai, i\u0161daigininkai ir pad\u016bk\u0117liai pasireng\u0119 kitam nuotykiui. Ne-\u012f-ti-k\u0117-ti-na stovykla mi\u0161ke! Kas gali b\u016bti","robots":{"index":"index","follow":"follow","max-snippet":"max-snippet:-1","max-image-preview":"max-image-preview:large","max-video-preview":"max-video-preview:-1"},"canonical":"https:\/\/skaitytaknyga.lt\/en\/produktas\/padukeliu-mokykla-nepamirstama-isvyka\/","og_locale":"en_GB","og_type":"article","og_title":"[:lt]Pad\u016bk\u0117li\u0173 mokykla. Nepamir\u0161tama i\u0161vyka![:] - Skaitytaknyga","og_description":"6\u20139 m. vaikams. Did\u017eiausi mokyklos pasiut\u0117liai, i\u0161daigininkai ir pad\u016bk\u0117liai pasireng\u0119 kitam nuotykiui. Ne-\u012f-ti-k\u0117-ti-na stovykla mi\u0161ke! Kas gali b\u016bti","og_url":"https:\/\/skaitytaknyga.lt\/en\/produktas\/padukeliu-mokykla-nepamirstama-isvyka\/","og_site_name":"Skaitytaknyga","article_publisher":"https:\/\/www.facebook.com\/skaitytaknyga\/","article_modified_time":"2025-05-13T11:37:38+00:00","og_image":[{"width":380,"height":600,"url":"https:\/\/skaitytaknyga.lt\/wp-content\/uploads\/2024\/12\/Padukeliu-mokykla.-Nepamirstama-isvyka.webp","type":"image\/webp"}],"twitter_card":"summary_large_image","twitter_misc":{"Estimated reading time":"1 minute"},"schema":{"@context":"https:\/\/schema.org","@graph":[{"@type":"WebPage","@id":"https:\/\/skaitytaknyga.lt\/produktas\/padukeliu-mokykla-nepamirstama-isvyka\/","url":"https:\/\/skaitytaknyga.lt\/produktas\/padukeliu-mokykla-nepamirstama-isvyka\/","name":"Pad\u016bk\u0117li\u0173 mokykla. Nepamir\u0161tama i\u0161vyka!","isPartOf":{"@id":"https:\/\/skaitytaknyga.lt\/#website"},"primaryImageOfPage":{"@id":"https:\/\/skaitytaknyga.lt\/produktas\/padukeliu-mokykla-nepamirstama-isvyka\/#primaryimage"},"image":{"@id":"https:\/\/skaitytaknyga.lt\/produktas\/padukeliu-mokykla-nepamirstama-isvyka\/#primaryimage"},"thumbnailUrl":"https:\/\/skaitytaknyga.lt\/wp-content\/uploads\/2024\/12\/Padukeliu-mokykla.-Nepamirstama-isvyka.webp","datePublished":"2024-12-19T08:44:45+00:00","dateModified":"2025-05-13T11:37:38+00:00","description":"6\u20139 m. vaikams. Did\u017eiausi mokyklos pasiut\u0117liai, i\u0161daigininkai ir pad\u016bk\u0117liai pasireng\u0119 kitam nuotykiui. Ne-\u012f-ti-k\u0117-ti-na stovykla mi\u0161ke! Kas gali b\u016bti","breadcrumb":{"@id":"https:\/\/skaitytaknyga.lt\/produktas\/padukeliu-mokykla-nepamirstama-isvyka\/#breadcrumb"},"inLanguage":"en-GB","potentialAction":[{"@type":"ReadAction","target":["https:\/\/skaitytaknyga.lt\/produktas\/padukeliu-mokykla-nepamirstama-isvyka\/"]}]},{"@type":"ImageObject","inLanguage":"en-GB","@id":"https:\/\/skaitytaknyga.lt\/produktas\/padukeliu-mokykla-nepamirstama-isvyka\/#primaryimage","url":"https:\/\/skaitytaknyga.lt\/wp-content\/uploads\/2024\/12\/Padukeliu-mokykla.-Nepamirstama-isvyka.webp","contentUrl":"https:\/\/skaitytaknyga.lt\/wp-content\/uploads\/2024\/12\/Padukeliu-mokykla.-Nepamirstama-isvyka.webp","width":380,"height":600,"caption":"Pad\u016bk\u0117li\u0173 mokykla. Nepamir\u0161tama i\u0161vyka!"},{"@type":"BreadcrumbList","@id":"https:\/\/skaitytaknyga.lt\/produktas\/padukeliu-mokykla-nepamirstama-isvyka\/#breadcrumb","itemListElement":[{"@type":"ListItem","position":1,"name":"Home","item":"https:\/\/skaitytaknyga.lt\/"},{"@type":"ListItem","position":2,"name":"Parduotuv\u0117","item":"https:\/\/skaitytaknyga.lt\/knygu-parduotuve\/"},{"@type":"ListItem","position":3,"name":"Pad\u016bk\u0117li\u0173 mokykla. Nepamir\u0161tama i\u0161vyka!"}]},{"@type":"WebSite","@id":"https:\/\/skaitytaknyga.lt\/#website","url":"https:\/\/skaitytaknyga.lt\/","name":"skaitytaknyga.lt","description":"Skaitytaknyga.lt \u2013 tai ma\u017eas \u0161eimos verslas, kuris prasid\u0117jo nuo meil\u0117s knygoms ir siekio i\u0161gelb\u0117ti knygas nuo likimo prie konteinerio. Kas vienam nereikalingas daiktas \u2013 kitam lobis, o mes esame tarpininkai, kurie padeda abiems tapti laimingesniems ???? \u017dinome kaip nelengva i\u0161gyventi ma\u017eiems verslams, tad nuo \u0161iol, \u010dia rasite ir kit\u0173, ma\u017e\u0173 \u0161eim\u0173 versl\u0173, rank\u0173 darbo, dovan\u0173 sau ir artimiesiems.","publisher":{"@id":"https:\/\/skaitytaknyga.lt\/#organization"},"potentialAction":[{"@type":"SearchAction","target":{"@type":"EntryPoint","urlTemplate":"https:\/\/skaitytaknyga.lt\/?s={search_term_string}"},"query-input":{"@type":"PropertyValueSpecification","valueRequired":true,"valueName":"search_term_string"}}],"inLanguage":"en-GB"},{"@type":"Organization","@id":"https:\/\/skaitytaknyga.lt\/#organization","name":"skaitytaknyga.lt","url":"https:\/\/skaitytaknyga.lt\/","logo":{"@type":"ImageObject","inLanguage":"en-GB","@id":"https:\/\/skaitytaknyga.lt\/#\/schema\/logo\/image\/","url":"https:\/\/skaitytaknyga.lt\/wp-content\/uploads\/2024\/05\/cropped-cropped-cropped-02_00843_jt3bggkj1j3HLc7SyY6rEUpg.jpeg","contentUrl":"https:\/\/skaitytaknyga.lt\/wp-content\/uploads\/2024\/05\/cropped-cropped-cropped-02_00843_jt3bggkj1j3HLc7SyY6rEUpg.jpeg","width":1600,"height":1600,"caption":"skaitytaknyga.lt"},"image":{"@id":"https:\/\/skaitytaknyga.lt\/#\/schema\/logo\/image\/"},"sameAs":["https:\/\/www.facebook.com\/skaitytaknyga\/"]}]}},"_links":{"self":[{"href":"https:\/\/skaitytaknyga.lt\/en\/wp-json\/wp\/v2\/product\/15566","targetHints":{"allow":["GET"]}}],"collection":[{"href":"https:\/\/skaitytaknyga.lt\/en\/wp-json\/wp\/v2\/product"}],"about":[{"href":"https:\/\/skaitytaknyga.lt\/en\/wp-json\/wp\/v2\/types\/product"}],"replies":[{"embeddable":true,"href":"https:\/\/skaitytaknyga.lt\/en\/wp-json\/wp\/v2\/comments?post=15566"}],"wp:featuredmedia":[{"embeddable":true,"href":"https:\/\/skaitytaknyga.lt\/en\/wp-json\/wp\/v2\/media\/15687"}],"wp:attachment":[{"href":"https:\/\/skaitytaknyga.lt\/en\/wp-json\/wp\/v2\/media?parent=15566"}],"wp:term":[{"taxonomy":"product_brand","embeddable":true,"href":"https:\/\/skaitytaknyga.lt\/en\/wp-json\/wp\/v2\/product_brand?post=15566"},{"taxonomy":"product_cat","embeddable":true,"href":"https:\/\/skaitytaknyga.lt\/en\/wp-json\/wp\/v2\/product_cat?post=15566"},{"taxonomy":"product_tag","embeddable":true,"href":"https:\/\/skaitytaknyga.lt\/en\/wp-json\/wp\/v2\/product_tag?post=15566"}],"curies":[{"name":"wp","href":"https:\/\/api.w.org\/{rel}","templated":true}]}}