{"id":15565,"date":"2024-12-19T10:44:45","date_gmt":"2024-12-19T08:44:45","guid":{"rendered":"https:\/\/skaitytaknyga.lt\/?post_type=product&#038;p=15565"},"modified":"2025-05-13T14:37:38","modified_gmt":"2025-05-13T11:37:38","slug":"padukeliu-mokykla-gimtadienio-staigmena","status":"publish","type":"product","link":"https:\/\/skaitytaknyga.lt\/en\/produktas\/padukeliu-mokykla-gimtadienio-staigmena\/","title":{"rendered":"Pad\u016bk\u0117li\u0173 mokykla. Gimtadienio staigmena!"},"content":{"rendered":"<p>6\u20139 met\u0173 vaikams<\/p>\n<p>Gimtadienis \u2013 geriausias dalykas pasauly!<\/p>\n<p>Greitai did\u017eiausi\u0173 mokyklos pad\u016bk\u0117li\u0173 mokytojos Anos gimimo diena, ir visi nusprend\u017eia surengti jai ne-pa-kar-to-ja-m\u0105 gimtadienio staigmen\u0105. Balionai, girliandos, saldainiai, \u017eaidimai&#8230; viskas paruo\u0161ta, bet netik\u0117tai vaikai nuvilia An\u0105. Ta\u010diau netrukus ji supras, kad mokiniai reng\u0117 jai geriausi\u0105 gimtadien\u012f, kok\u012f tik ji gal\u0117jo \u012fsivaizduoti!<\/p>\n<p>Bet&#8230; palaukit! Kur tortas?<\/p>\n<p>\u201ePad\u016bk\u0117li\u0173 mokykla\u201c:<\/p>\n<p>\u2022 lavina humoro jausm\u0105 ir skatina i\u0161radingum\u0105,<\/p>\n<p>\u2022 moko, kokia svarbi yra draugyst\u0117 ir komandinis darbas,<\/p>\n<p>\u2022 pabr\u0117\u017eia, jog nereikia pasikliauti i\u0161ankstin\u0117mis nuostatomis,<\/p>\n<p>\u2022 tinka pradedantiems skaityti.<\/p>\n<p><span class=\"product-full-width__description-specs-name\">ISBN kodas:\u00a0<\/span>9786090145647<\/p>\n<p><span class=\"product-full-width__description-specs-name\">EAN kodas:\u00a0<\/span>9786090145647<\/p>\n<p><span class=\"product-full-width__description-specs-name\">SKU:\u00a0<\/span>000000000001112581<\/p>\n<p><span class=\"product-full-width__description-specs-name\">Puslapi\u0173 skai\u010dius:\u00a0<\/span>96<\/p>\n<p><span class=\"product-full-width__description-specs-name\">Vir\u0161elio tipas:\u00a0<\/span>Kietas<\/p>\n<p><span class=\"product-full-width__description-specs-name\">Originalo kalba:\u00a0<\/span>Ispan\u0173<\/p>\n<p><span class=\"product-full-width__description-specs-name\">Spalvingumas:\u00a0<\/span>Spalvotas<\/p>\n<p><span class=\"product-full-width__description-specs-name\">Formatas:\u00a0<\/span>19,8&#215;12,5&#215;1,2<\/p>\n<p><span class=\"product-full-width__description-specs-name\">Vert\u0117jas:\u00a0<\/span>Aira Nekra\u0161ait\u0117<\/p>\n<p><span class=\"product-full-width__description-specs-name\">Iliustratorius:\u00a0<\/span>Candela Ferr\u00e1ndez<\/p>\n<p><span class=\"product-full-width__description-specs-name\">Leidimo metai:\u00a0<\/span>2021 06 08<\/p>\n","protected":false},"excerpt":{"rendered":"<p>6\u20139 met\u0173 vaikams Gimtadienis \u2013 geriausias dalykas pasauly! Greitai did\u017eiausi\u0173 mokyklos pad\u016bk\u0117li\u0173 mokytojos Anos gimimo diena, ir visi nusprend\u017eia surengti jai ne-pa-kar-to-ja-m\u0105 gimtadienio staigmen\u0105. Balionai, girliandos, saldainiai, \u017eaidimai&#8230; viskas paruo\u0161ta, bet netik\u0117tai vaikai nuvilia An\u0105. Ta\u010diau netrukus ji supras, kad mokiniai reng\u0117 jai geriausi\u0105 gimtadien\u012f, kok\u012f tik ji gal\u0117jo \u012fsivaizduoti! Bet&#8230; palaukit! Kur tortas? \u201ePad\u016bk\u0117li\u0173 mokykla\u201c: \u2022 lavina humoro jausm\u0105 ir skatina i\u0161radingum\u0105, \u2022 moko, kokia svarbi yra draugyst\u0117 ir komandinis darbas, \u2022 pabr\u0117\u017eia, jog nereikia pasikliauti i\u0161ankstin\u0117mis nuostatomis, \u2022 tinka pradedantiems skaityti. ISBN kodas:\u00a09786090145647 EAN kodas:\u00a09786090145647 SKU:\u00a0000000000001112581 Puslapi\u0173 skai\u010dius:\u00a096 Vir\u0161elio tipas:\u00a0Kietas Originalo kalba:\u00a0Ispan\u0173 Spalvingumas:\u00a0Spalvotas Formatas:\u00a019,8&#215;12,5&#215;1,2 Vert\u0117jas:\u00a0Aira Nekra\u0161ait\u0117 Iliustratorius:\u00a0Candela Ferr\u00e1ndez Leidimo metai:\u00a02021 06 08<\/p>\n","protected":false},"featured_media":15684,"comment_status":"open","ping_status":"closed","template":"","meta":{"_acf_changed":false,"site-sidebar-layout":"default","site-content-layout":"","ast-site-content-layout":"default","site-content-style":"default","site-sidebar-style":"default","ast-global-header-display":"","ast-banner-title-visibility":"","ast-main-header-display":"","ast-hfb-above-header-display":"","ast-hfb-below-header-display":"","ast-hfb-mobile-header-display":"","site-post-title":"","ast-breadcrumbs-content":"","ast-featured-img":"","footer-sml-layout":"","ast-disable-related-posts":"","theme-transparent-header-meta":"default","adv-header-id-meta":"","stick-header-meta":"","header-above-stick-meta":"","header-main-stick-meta":"","header-below-stick-meta":"","astra-migrate-meta-layouts":"set","ast-page-background-enabled":"default","ast-page-background-meta":{"desktop":{"background-color":"","background-image":"","background-repeat":"repeat","background-position":"center center","background-size":"auto","background-attachment":"scroll","background-type":"","background-media":"","overlay-type":"","overlay-color":"","overlay-opacity":"","overlay-gradient":""},"tablet":{"background-color":"","background-image":"","background-repeat":"repeat","background-position":"center center","background-size":"auto","background-attachment":"scroll","background-type":"","background-media":"","overlay-type":"","overlay-color":"","overlay-opacity":"","overlay-gradient":""},"mobile":{"background-color":"","background-image":"","background-repeat":"repeat","background-position":"center center","background-size":"auto","background-attachment":"scroll","background-type":"","background-media":"","overlay-type":"","overlay-color":"","overlay-opacity":"","overlay-gradient":""}},"ast-content-background-meta":{"desktop":{"background-color":"var(--ast-global-color-4)","background-image":"","background-repeat":"repeat","background-position":"center center","background-size":"auto","background-attachment":"scroll","background-type":"","background-media":"","overlay-type":"","overlay-color":"","overlay-opacity":"","overlay-gradient":""},"tablet":{"background-color":"var(--ast-global-color-4)","background-image":"","background-repeat":"repeat","background-position":"center center","background-size":"auto","background-attachment":"scroll","background-type":"","background-media":"","overlay-type":"","overlay-color":"","overlay-opacity":"","overlay-gradient":""},"mobile":{"background-color":"var(--ast-global-color-4)","background-image":"","background-repeat":"repeat","background-position":"center center","background-size":"auto","background-attachment":"scroll","background-type":"","background-media":"","overlay-type":"","overlay-color":"","overlay-opacity":"","overlay-gradient":""}}},"product_brand":[],"product_cat":[15,35],"product_tag":[2286,2282,2284,2285,2283,1785],"class_list":{"0":"post-15565","1":"product","2":"type-product","3":"status-publish","4":"has-post-thumbnail","6":"product_cat-uncategorized","7":"product_cat-vaikams-ir-paaugliams","8":"product_tag-dashiell-fernandez","9":"product_tag-gimtadienis","10":"product_tag-linksmybes","11":"product_tag-padukeliu-mokykla-gimtadienio-staigmena","12":"product_tag-staigmena","13":"product_tag-vaikams","14":"desktop-align-left","15":"tablet-align-left","16":"mobile-align-left","18":"first","19":"instock","20":"shipping-taxable","21":"purchasable","22":"product-type-simple"},"acf":[],"yoast_head":"<!-- This site is optimized with the Yoast SEO plugin v27.0 - https:\/\/yoast.com\/product\/yoast-seo-wordpress\/ -->\n<title>Pad\u016bk\u0117li\u0173 mokykla. Gimtadienio staigmena!<\/title>\n<meta name=\"description\" content=\"6\u20139 met\u0173 vaikams Gimtadienis \u2013 geriausias dalykas pasauly! Greitai did\u017eiausi\u0173 mokyklos pad\u016bk\u0117li\u0173 mokytojos Anos gimimo diena, ir visi nusprend\u017eia surengti\" \/>\n<meta name=\"robots\" content=\"index, follow, max-snippet:-1, max-image-preview:large, max-video-preview:-1\" \/>\n<link rel=\"canonical\" href=\"https:\/\/skaitytaknyga.lt\/en\/produktas\/padukeliu-mokykla-gimtadienio-staigmena\/\" \/>\n<meta property=\"og:locale\" content=\"en_GB\" \/>\n<meta property=\"og:locale:alternate\" content=\"lt_LT\" \/>\n<meta property=\"og:type\" content=\"article\" \/>\n<meta property=\"og:title\" content=\"Pad\u016bk\u0117li\u0173 mokykla. Gimtadienio staigmena!\" \/>\n<meta property=\"og:description\" content=\"6\u20139 met\u0173 vaikams Gimtadienis \u2013 geriausias dalykas pasauly! Greitai did\u017eiausi\u0173 mokyklos pad\u016bk\u0117li\u0173 mokytojos Anos gimimo diena, ir visi nusprend\u017eia surengti\" \/>\n<meta property=\"og:url\" content=\"https:\/\/skaitytaknyga.lt\/en\/produktas\/padukeliu-mokykla-gimtadienio-staigmena\/\" \/>\n<meta property=\"og:site_name\" content=\"Skaitytaknyga\" \/>\n<meta property=\"article:publisher\" content=\"https:\/\/www.facebook.com\/skaitytaknyga\/\" \/>\n<meta property=\"article:modified_time\" content=\"2025-05-13T11:37:38+00:00\" \/>\n<meta property=\"og:image\" content=\"https:\/\/skaitytaknyga.lt\/wp-content\/uploads\/2024\/12\/Padukeliu-mokykla.-Gimtadienio-staigmena.webp\" \/>\n\t<meta property=\"og:image:width\" content=\"380\" \/>\n\t<meta property=\"og:image:height\" content=\"600\" \/>\n\t<meta property=\"og:image:type\" content=\"image\/webp\" \/>\n<meta name=\"twitter:card\" content=\"summary_large_image\" \/>\n<meta name=\"twitter:label1\" content=\"Estimated reading time\" \/>\n\t<meta name=\"twitter:data1\" content=\"1 minute\" \/>\n<script type=\"application\/ld+json\" class=\"yoast-schema-graph\">{\"@context\":\"https:\/\/schema.org\",\"@graph\":[{\"@type\":\"WebPage\",\"@id\":\"https:\/\/skaitytaknyga.lt\/produktas\/padukeliu-mokykla-gimtadienio-staigmena\/\",\"url\":\"https:\/\/skaitytaknyga.lt\/produktas\/padukeliu-mokykla-gimtadienio-staigmena\/\",\"name\":\"Pad\u016bk\u0117li\u0173 mokykla. Gimtadienio staigmena!\",\"isPartOf\":{\"@id\":\"https:\/\/skaitytaknyga.lt\/#website\"},\"primaryImageOfPage\":{\"@id\":\"https:\/\/skaitytaknyga.lt\/produktas\/padukeliu-mokykla-gimtadienio-staigmena\/#primaryimage\"},\"image\":{\"@id\":\"https:\/\/skaitytaknyga.lt\/produktas\/padukeliu-mokykla-gimtadienio-staigmena\/#primaryimage\"},\"thumbnailUrl\":\"https:\/\/skaitytaknyga.lt\/wp-content\/uploads\/2024\/12\/Padukeliu-mokykla.-Gimtadienio-staigmena.webp\",\"datePublished\":\"2024-12-19T08:44:45+00:00\",\"dateModified\":\"2025-05-13T11:37:38+00:00\",\"description\":\"6\u20139 met\u0173 vaikams Gimtadienis \u2013 geriausias dalykas pasauly! Greitai did\u017eiausi\u0173 mokyklos pad\u016bk\u0117li\u0173 mokytojos Anos gimimo diena, ir visi nusprend\u017eia surengti\",\"breadcrumb\":{\"@id\":\"https:\/\/skaitytaknyga.lt\/produktas\/padukeliu-mokykla-gimtadienio-staigmena\/#breadcrumb\"},\"inLanguage\":\"en-GB\",\"potentialAction\":[{\"@type\":\"ReadAction\",\"target\":[\"https:\/\/skaitytaknyga.lt\/produktas\/padukeliu-mokykla-gimtadienio-staigmena\/\"]}]},{\"@type\":\"ImageObject\",\"inLanguage\":\"en-GB\",\"@id\":\"https:\/\/skaitytaknyga.lt\/produktas\/padukeliu-mokykla-gimtadienio-staigmena\/#primaryimage\",\"url\":\"https:\/\/skaitytaknyga.lt\/wp-content\/uploads\/2024\/12\/Padukeliu-mokykla.-Gimtadienio-staigmena.webp\",\"contentUrl\":\"https:\/\/skaitytaknyga.lt\/wp-content\/uploads\/2024\/12\/Padukeliu-mokykla.-Gimtadienio-staigmena.webp\",\"width\":380,\"height\":600,\"caption\":\"Pad\u016bk\u0117li\u0173 mokykla. Gimtadienio staigmena!\"},{\"@type\":\"BreadcrumbList\",\"@id\":\"https:\/\/skaitytaknyga.lt\/produktas\/padukeliu-mokykla-gimtadienio-staigmena\/#breadcrumb\",\"itemListElement\":[{\"@type\":\"ListItem\",\"position\":1,\"name\":\"Home\",\"item\":\"https:\/\/skaitytaknyga.lt\/\"},{\"@type\":\"ListItem\",\"position\":2,\"name\":\"Parduotuv\u0117\",\"item\":\"https:\/\/skaitytaknyga.lt\/knygu-parduotuve\/\"},{\"@type\":\"ListItem\",\"position\":3,\"name\":\"Pad\u016bk\u0117li\u0173 mokykla. Gimtadienio staigmena!\"}]},{\"@type\":\"WebSite\",\"@id\":\"https:\/\/skaitytaknyga.lt\/#website\",\"url\":\"https:\/\/skaitytaknyga.lt\/\",\"name\":\"skaitytaknyga.lt\",\"description\":\"Skaitytaknyga.lt \u2013 tai ma\u017eas \u0161eimos verslas, kuris prasid\u0117jo nuo meil\u0117s knygoms ir siekio i\u0161gelb\u0117ti knygas nuo likimo prie konteinerio. Kas vienam nereikalingas daiktas \u2013 kitam lobis, o mes esame tarpininkai, kurie padeda abiems tapti laimingesniems ???? \u017dinome kaip nelengva i\u0161gyventi ma\u017eiems verslams, tad nuo \u0161iol, \u010dia rasite ir kit\u0173, ma\u017e\u0173 \u0161eim\u0173 versl\u0173, rank\u0173 darbo, dovan\u0173 sau ir artimiesiems.\",\"publisher\":{\"@id\":\"https:\/\/skaitytaknyga.lt\/#organization\"},\"potentialAction\":[{\"@type\":\"SearchAction\",\"target\":{\"@type\":\"EntryPoint\",\"urlTemplate\":\"https:\/\/skaitytaknyga.lt\/?s={search_term_string}\"},\"query-input\":{\"@type\":\"PropertyValueSpecification\",\"valueRequired\":true,\"valueName\":\"search_term_string\"}}],\"inLanguage\":\"en-GB\"},{\"@type\":\"Organization\",\"@id\":\"https:\/\/skaitytaknyga.lt\/#organization\",\"name\":\"skaitytaknyga.lt\",\"url\":\"https:\/\/skaitytaknyga.lt\/\",\"logo\":{\"@type\":\"ImageObject\",\"inLanguage\":\"en-GB\",\"@id\":\"https:\/\/skaitytaknyga.lt\/#\/schema\/logo\/image\/\",\"url\":\"https:\/\/skaitytaknyga.lt\/wp-content\/uploads\/2024\/05\/cropped-cropped-cropped-02_00843_jt3bggkj1j3HLc7SyY6rEUpg.jpeg\",\"contentUrl\":\"https:\/\/skaitytaknyga.lt\/wp-content\/uploads\/2024\/05\/cropped-cropped-cropped-02_00843_jt3bggkj1j3HLc7SyY6rEUpg.jpeg\",\"width\":1600,\"height\":1600,\"caption\":\"skaitytaknyga.lt\"},\"image\":{\"@id\":\"https:\/\/skaitytaknyga.lt\/#\/schema\/logo\/image\/\"},\"sameAs\":[\"https:\/\/www.facebook.com\/skaitytaknyga\/\"]}]}<\/script>\n<!-- \/ Yoast SEO plugin. -->","yoast_head_json":{"title":"Pad\u016bk\u0117li\u0173 mokykla. Gimtadienio staigmena!","description":"6\u20139 met\u0173 vaikams Gimtadienis \u2013 geriausias dalykas pasauly! Greitai did\u017eiausi\u0173 mokyklos pad\u016bk\u0117li\u0173 mokytojos Anos gimimo diena, ir visi nusprend\u017eia surengti","robots":{"index":"index","follow":"follow","max-snippet":"max-snippet:-1","max-image-preview":"max-image-preview:large","max-video-preview":"max-video-preview:-1"},"canonical":"https:\/\/skaitytaknyga.lt\/en\/produktas\/padukeliu-mokykla-gimtadienio-staigmena\/","og_locale":"en_GB","og_type":"article","og_title":"[:lt]Pad\u016bk\u0117li\u0173 mokykla. Gimtadienio staigmena![:] - Skaitytaknyga","og_description":"6\u20139 met\u0173 vaikams Gimtadienis \u2013 geriausias dalykas pasauly! Greitai did\u017eiausi\u0173 mokyklos pad\u016bk\u0117li\u0173 mokytojos Anos gimimo diena, ir visi nusprend\u017eia surengti","og_url":"https:\/\/skaitytaknyga.lt\/en\/produktas\/padukeliu-mokykla-gimtadienio-staigmena\/","og_site_name":"Skaitytaknyga","article_publisher":"https:\/\/www.facebook.com\/skaitytaknyga\/","article_modified_time":"2025-05-13T11:37:38+00:00","og_image":[{"width":380,"height":600,"url":"https:\/\/skaitytaknyga.lt\/wp-content\/uploads\/2024\/12\/Padukeliu-mokykla.-Gimtadienio-staigmena.webp","type":"image\/webp"}],"twitter_card":"summary_large_image","twitter_misc":{"Estimated reading time":"1 minute"},"schema":{"@context":"https:\/\/schema.org","@graph":[{"@type":"WebPage","@id":"https:\/\/skaitytaknyga.lt\/produktas\/padukeliu-mokykla-gimtadienio-staigmena\/","url":"https:\/\/skaitytaknyga.lt\/produktas\/padukeliu-mokykla-gimtadienio-staigmena\/","name":"Pad\u016bk\u0117li\u0173 mokykla. Gimtadienio staigmena!","isPartOf":{"@id":"https:\/\/skaitytaknyga.lt\/#website"},"primaryImageOfPage":{"@id":"https:\/\/skaitytaknyga.lt\/produktas\/padukeliu-mokykla-gimtadienio-staigmena\/#primaryimage"},"image":{"@id":"https:\/\/skaitytaknyga.lt\/produktas\/padukeliu-mokykla-gimtadienio-staigmena\/#primaryimage"},"thumbnailUrl":"https:\/\/skaitytaknyga.lt\/wp-content\/uploads\/2024\/12\/Padukeliu-mokykla.-Gimtadienio-staigmena.webp","datePublished":"2024-12-19T08:44:45+00:00","dateModified":"2025-05-13T11:37:38+00:00","description":"6\u20139 met\u0173 vaikams Gimtadienis \u2013 geriausias dalykas pasauly! Greitai did\u017eiausi\u0173 mokyklos pad\u016bk\u0117li\u0173 mokytojos Anos gimimo diena, ir visi nusprend\u017eia surengti","breadcrumb":{"@id":"https:\/\/skaitytaknyga.lt\/produktas\/padukeliu-mokykla-gimtadienio-staigmena\/#breadcrumb"},"inLanguage":"en-GB","potentialAction":[{"@type":"ReadAction","target":["https:\/\/skaitytaknyga.lt\/produktas\/padukeliu-mokykla-gimtadienio-staigmena\/"]}]},{"@type":"ImageObject","inLanguage":"en-GB","@id":"https:\/\/skaitytaknyga.lt\/produktas\/padukeliu-mokykla-gimtadienio-staigmena\/#primaryimage","url":"https:\/\/skaitytaknyga.lt\/wp-content\/uploads\/2024\/12\/Padukeliu-mokykla.-Gimtadienio-staigmena.webp","contentUrl":"https:\/\/skaitytaknyga.lt\/wp-content\/uploads\/2024\/12\/Padukeliu-mokykla.-Gimtadienio-staigmena.webp","width":380,"height":600,"caption":"Pad\u016bk\u0117li\u0173 mokykla. Gimtadienio staigmena!"},{"@type":"BreadcrumbList","@id":"https:\/\/skaitytaknyga.lt\/produktas\/padukeliu-mokykla-gimtadienio-staigmena\/#breadcrumb","itemListElement":[{"@type":"ListItem","position":1,"name":"Home","item":"https:\/\/skaitytaknyga.lt\/"},{"@type":"ListItem","position":2,"name":"Parduotuv\u0117","item":"https:\/\/skaitytaknyga.lt\/knygu-parduotuve\/"},{"@type":"ListItem","position":3,"name":"Pad\u016bk\u0117li\u0173 mokykla. Gimtadienio staigmena!"}]},{"@type":"WebSite","@id":"https:\/\/skaitytaknyga.lt\/#website","url":"https:\/\/skaitytaknyga.lt\/","name":"skaitytaknyga.lt","description":"Skaitytaknyga.lt \u2013 tai ma\u017eas \u0161eimos verslas, kuris prasid\u0117jo nuo meil\u0117s knygoms ir siekio i\u0161gelb\u0117ti knygas nuo likimo prie konteinerio. Kas vienam nereikalingas daiktas \u2013 kitam lobis, o mes esame tarpininkai, kurie padeda abiems tapti laimingesniems ???? \u017dinome kaip nelengva i\u0161gyventi ma\u017eiems verslams, tad nuo \u0161iol, \u010dia rasite ir kit\u0173, ma\u017e\u0173 \u0161eim\u0173 versl\u0173, rank\u0173 darbo, dovan\u0173 sau ir artimiesiems.","publisher":{"@id":"https:\/\/skaitytaknyga.lt\/#organization"},"potentialAction":[{"@type":"SearchAction","target":{"@type":"EntryPoint","urlTemplate":"https:\/\/skaitytaknyga.lt\/?s={search_term_string}"},"query-input":{"@type":"PropertyValueSpecification","valueRequired":true,"valueName":"search_term_string"}}],"inLanguage":"en-GB"},{"@type":"Organization","@id":"https:\/\/skaitytaknyga.lt\/#organization","name":"skaitytaknyga.lt","url":"https:\/\/skaitytaknyga.lt\/","logo":{"@type":"ImageObject","inLanguage":"en-GB","@id":"https:\/\/skaitytaknyga.lt\/#\/schema\/logo\/image\/","url":"https:\/\/skaitytaknyga.lt\/wp-content\/uploads\/2024\/05\/cropped-cropped-cropped-02_00843_jt3bggkj1j3HLc7SyY6rEUpg.jpeg","contentUrl":"https:\/\/skaitytaknyga.lt\/wp-content\/uploads\/2024\/05\/cropped-cropped-cropped-02_00843_jt3bggkj1j3HLc7SyY6rEUpg.jpeg","width":1600,"height":1600,"caption":"skaitytaknyga.lt"},"image":{"@id":"https:\/\/skaitytaknyga.lt\/#\/schema\/logo\/image\/"},"sameAs":["https:\/\/www.facebook.com\/skaitytaknyga\/"]}]}},"_links":{"self":[{"href":"https:\/\/skaitytaknyga.lt\/en\/wp-json\/wp\/v2\/product\/15565","targetHints":{"allow":["GET"]}}],"collection":[{"href":"https:\/\/skaitytaknyga.lt\/en\/wp-json\/wp\/v2\/product"}],"about":[{"href":"https:\/\/skaitytaknyga.lt\/en\/wp-json\/wp\/v2\/types\/product"}],"replies":[{"embeddable":true,"href":"https:\/\/skaitytaknyga.lt\/en\/wp-json\/wp\/v2\/comments?post=15565"}],"wp:featuredmedia":[{"embeddable":true,"href":"https:\/\/skaitytaknyga.lt\/en\/wp-json\/wp\/v2\/media\/15684"}],"wp:attachment":[{"href":"https:\/\/skaitytaknyga.lt\/en\/wp-json\/wp\/v2\/media?parent=15565"}],"wp:term":[{"taxonomy":"product_brand","embeddable":true,"href":"https:\/\/skaitytaknyga.lt\/en\/wp-json\/wp\/v2\/product_brand?post=15565"},{"taxonomy":"product_cat","embeddable":true,"href":"https:\/\/skaitytaknyga.lt\/en\/wp-json\/wp\/v2\/product_cat?post=15565"},{"taxonomy":"product_tag","embeddable":true,"href":"https:\/\/skaitytaknyga.lt\/en\/wp-json\/wp\/v2\/product_tag?post=15565"}],"curies":[{"name":"wp","href":"https:\/\/api.w.org\/{rel}","templated":true}]}}