{"id":15564,"date":"2024-12-19T10:44:45","date_gmt":"2024-12-19T08:44:45","guid":{"rendered":"https:\/\/skaitytaknyga.lt\/?post_type=product&#038;p=15564"},"modified":"2025-05-28T10:40:27","modified_gmt":"2025-05-28T07:40:27","slug":"slaptoji-kornelijaus-van-drebelio-misija","status":"publish","type":"product","link":"https:\/\/skaitytaknyga.lt\/en\/produktas\/slaptoji-kornelijaus-van-drebelio-misija\/","title":{"rendered":"Slaptoji Kornelijaus Van Drebelio misija"},"content":{"rendered":"<p>Sveiki,<\/p>\n<p>pasaulio u\u017ekariautoj\u0173 niekada netr\u016bko. Didel\u0117 j\u0173 dalis nuo pat ma\u017e\u0173 dien\u0173 svajojo u\u017evaldyti kit\u0173 \u0161irdis, sielas ir protus, pelnyti simpatijas ir pagarb\u0105. O kai kurie net \u012f\u017e\u016bliai tvirtino, kad \u201epasaulis toks jau daiktas, nori nenori turi j\u012f u\u017ekariauti \u2013 antraip negal\u0117si paskui ramiai nakt\u012f bluosto sud\u0117ti.\u201c<\/p>\n<p>U\u017etai ne kiekvienam u\u017etenka dr\u0105sos tiesiog gyventi pasaulyje nieko i\u0161 jo nereikalaujant. Kas stipresnis \u2013 noras griauti ar kurti? Noras valdyti ar meil\u0117 ir r\u016bpestis? T\u0105 ir m\u0117gins i\u0161siai\u0161kinti paslaptinga trij\u0173 rup\u016b\u017ei\u0173 ir peliuko Red\u017einaldo Mausmejerio komanda. Ar pavyks slaptoji \u201eKornelijaus van Drebelio\u201c misija?<\/p>\n<p>Link\u0117jimai \u2013<\/p>\n<p>Virgis<\/p>\n<p><strong>Kuo \u0161i knyga\u00a0naudinga:<\/strong><\/p>\n<p>&#8211; Turt\u0117ja vaizduot\u0117, \u017eodynas ir i\u0161kalba<\/p>\n<p>&#8211; Ugdoma empatija, geb\u0117jimas atpa\u017einti ir suprasti jausmus<\/p>\n<p>&#8211; Skaitant nuotyki\u0173 knygas, skatinamas vaiko pasitik\u0117jimas savimi, geb\u0117jimas rasti k\u016brybi\u0161kus sprendimus kebliose situacijose, optimistinis po\u017ei\u016bris \u012f gyvenim\u0105 \u2013 juk \u0161i\u0173 knyg\u0173 veik\u0117jai geba rasti i\u0161eit\u012f net tada, kai daugelis pasiduot\u0173, vadinasi, ir gyvenime neverta nuleisti rank\u0173<\/p>\n<p>&#8211; Knygos veik\u0117j\u0173 pavyzdys rodo, kaip k\u016brybingai spr\u0119sti i\u0161kylan\u010dias problemas, skatina ry\u017etingum\u0105 ir geb\u0117jim\u0105 siekti u\u017esibr\u0117\u017eto tikslo<\/p>\n<p>&#8211; Skaitant \u012ftraukian\u010dias istorijas, skatinamas dom\u0117jimasis knygomis<\/p>\n<p>&nbsp;<\/p>\n<p>Ra\u0161ytoj\u0105\u00a0<strong>Virg\u012f \u0160idlausk\u0105<\/strong>\u00a0Lietuvos skaitytojai jau pam\u0117go u\u017e nuotaikingas istorijas\u00a0<a href=\"https:\/\/www.niekorimto.lt\/tekstines-knygos\/ulfas-ir-stebuklinga-barzda_4422\">\u201eUlfas ir stebuklinga barzda\u201c<\/a>,\u00a0<a href=\"https:\/\/www.niekorimto.lt\/knygos-internetu\/ulfas-ir-povandeninis-miestas_6282\">\u201eUlfas ir povandeninis miestas\u201c<\/a>\u00a0bei\u00a0<a href=\"https:\/\/www.niekorimto.lt\/knygos-su-autografais\/ugnikalniukas-iesko-draugu_5426\">\u201eUgnikalniukas ie\u0161ko draug\u0173\u201c<\/a>. \u0160\u012fkart skaitytoj\u0173 laukia naujas nuotykis kartu su trimis rup\u016b\u017eiais ir peliuku nuostabiame povandeniniame laive pavadinimu \u201eKornelijus van Drebelis\u201c. Rup\u016b\u017eiai ramiai gyventi visai nenori \u2013 jie svajoja u\u017ekariauti pasaul\u012f. Kaip jiems seksis \u0161i u\u017ema\u010dia?<\/p>\n<p>Linksma ir \u012ftraukianti istorija patiks 8\u201311 met\u0173 vaikams ir tuo pa\u010diu bus labai naudingas skaitinys \u2013 vaizdinga\u00a0<strong>Virgio \u0160idlausko<\/strong>\u00a0kalba, i\u0161mon\u0117 ir humoras pad\u0117s lavinti vaizduot\u0119, i\u0161kalb\u0105 bei i\u0161radingum\u0105, o nuotykinis pasakojimas paskatins ir susim\u0105styti apie tai, kas gyvenime i\u0161 ties\u0173 yra svarbu. Knyg\u0105 puo\u0161ia \u0161maik\u0161\u010dios ir stilingos lietuvi\u0173 dailinink\u0117s\u00a0<strong>Raimondos Naba\u017eien\u0117s\u00a0<\/strong>iliustracijos.<\/p>\n","protected":false},"excerpt":{"rendered":"<p>Sveiki, pasaulio u\u017ekariautoj\u0173 niekada netr\u016bko. Didel\u0117 j\u0173 dalis nuo pat ma\u017e\u0173 dien\u0173 svajojo u\u017evaldyti kit\u0173 \u0161irdis, sielas ir protus, pelnyti simpatijas ir pagarb\u0105. O kai kurie net \u012f\u017e\u016bliai tvirtino, kad \u201epasaulis toks jau daiktas, nori nenori turi j\u012f u\u017ekariauti \u2013 antraip negal\u0117si paskui ramiai nakt\u012f bluosto sud\u0117ti.\u201c U\u017etai ne kiekvienam u\u017etenka dr\u0105sos tiesiog gyventi pasaulyje nieko i\u0161 jo nereikalaujant. Kas stipresnis \u2013 noras griauti ar kurti? Noras valdyti ar meil\u0117 ir r\u016bpestis? T\u0105 ir m\u0117gins i\u0161siai\u0161kinti paslaptinga trij\u0173 rup\u016b\u017ei\u0173 ir peliuko Red\u017einaldo Mausmejerio komanda. Ar pavyks slaptoji \u201eKornelijaus van Drebelio\u201c misija? Link\u0117jimai \u2013 Virgis Kuo \u0161i knyga\u00a0naudinga: &#8211; Turt\u0117ja vaizduot\u0117, \u017eodynas ir i\u0161kalba &#8211; Ugdoma empatija, geb\u0117jimas atpa\u017einti ir suprasti jausmus &#8211; Skaitant nuotyki\u0173 knygas, skatinamas vaiko pasitik\u0117jimas savimi, geb\u0117jimas rasti k\u016brybi\u0161kus sprendimus kebliose situacijose, optimistinis po\u017ei\u016bris \u012f gyvenim\u0105 \u2013 juk \u0161i\u0173 knyg\u0173 veik\u0117jai geba rasti i\u0161eit\u012f net tada, kai daugelis pasiduot\u0173, vadinasi, ir gyvenime neverta nuleisti rank\u0173 &#8211; Knygos veik\u0117j\u0173 pavyzdys rodo, kaip k\u016brybingai spr\u0119sti i\u0161kylan\u010dias problemas, skatina ry\u017etingum\u0105 ir geb\u0117jim\u0105 siekti u\u017esibr\u0117\u017eto tikslo &#8211; Skaitant \u012ftraukian\u010dias istorijas, skatinamas dom\u0117jimasis knygomis &nbsp; Ra\u0161ytoj\u0105\u00a0Virg\u012f \u0160idlausk\u0105\u00a0Lietuvos skaitytojai jau pam\u0117go u\u017e nuotaikingas istorijas\u00a0\u201eUlfas ir stebuklinga barzda\u201c,\u00a0\u201eUlfas ir povandeninis miestas\u201c\u00a0bei\u00a0\u201eUgnikalniukas ie\u0161ko draug\u0173\u201c. \u0160\u012fkart skaitytoj\u0173 laukia naujas nuotykis kartu su trimis rup\u016b\u017eiais ir peliuku nuostabiame povandeniniame laive pavadinimu \u201eKornelijus van Drebelis\u201c. Rup\u016b\u017eiai ramiai gyventi visai nenori \u2013 jie svajoja u\u017ekariauti pasaul\u012f. Kaip jiems seksis \u0161i u\u017ema\u010dia? Linksma ir \u012ftraukianti istorija patiks 8\u201311 met\u0173 vaikams ir tuo pa\u010diu bus labai naudingas skaitinys \u2013 vaizdinga\u00a0Virgio \u0160idlausko\u00a0kalba, i\u0161mon\u0117 ir humoras pad\u0117s lavinti vaizduot\u0119, i\u0161kalb\u0105 bei i\u0161radingum\u0105, o nuotykinis pasakojimas paskatins ir susim\u0105styti apie tai, kas gyvenime i\u0161 ties\u0173 yra svarbu. Knyg\u0105 puo\u0161ia \u0161maik\u0161\u010dios ir stilingos lietuvi\u0173 dailinink\u0117s\u00a0Raimondos Naba\u017eien\u0117s\u00a0iliustracijos.<\/p>\n","protected":false},"featured_media":15680,"comment_status":"open","ping_status":"closed","template":"","meta":{"_acf_changed":false,"site-sidebar-layout":"default","site-content-layout":"","ast-site-content-layout":"default","site-content-style":"default","site-sidebar-style":"default","ast-global-header-display":"","ast-banner-title-visibility":"","ast-main-header-display":"","ast-hfb-above-header-display":"","ast-hfb-below-header-display":"","ast-hfb-mobile-header-display":"","site-post-title":"","ast-breadcrumbs-content":"","ast-featured-img":"","footer-sml-layout":"","ast-disable-related-posts":"","theme-transparent-header-meta":"default","adv-header-id-meta":"","stick-header-meta":"","header-above-stick-meta":"","header-main-stick-meta":"","header-below-stick-meta":"","astra-migrate-meta-layouts":"set","ast-page-background-enabled":"default","ast-page-background-meta":{"desktop":{"background-color":"","background-image":"","background-repeat":"repeat","background-position":"center center","background-size":"auto","background-attachment":"scroll","background-type":"","background-media":"","overlay-type":"","overlay-color":"","overlay-opacity":"","overlay-gradient":""},"tablet":{"background-color":"","background-image":"","background-repeat":"repeat","background-position":"center center","background-size":"auto","background-attachment":"scroll","background-type":"","background-media":"","overlay-type":"","overlay-color":"","overlay-opacity":"","overlay-gradient":""},"mobile":{"background-color":"","background-image":"","background-repeat":"repeat","background-position":"center center","background-size":"auto","background-attachment":"scroll","background-type":"","background-media":"","overlay-type":"","overlay-color":"","overlay-opacity":"","overlay-gradient":""}},"ast-content-background-meta":{"desktop":{"background-color":"var(--ast-global-color-4)","background-image":"","background-repeat":"repeat","background-position":"center center","background-size":"auto","background-attachment":"scroll","background-type":"","background-media":"","overlay-type":"","overlay-color":"","overlay-opacity":"","overlay-gradient":""},"tablet":{"background-color":"var(--ast-global-color-4)","background-image":"","background-repeat":"repeat","background-position":"center center","background-size":"auto","background-attachment":"scroll","background-type":"","background-media":"","overlay-type":"","overlay-color":"","overlay-opacity":"","overlay-gradient":""},"mobile":{"background-color":"var(--ast-global-color-4)","background-image":"","background-repeat":"repeat","background-position":"center center","background-size":"auto","background-attachment":"scroll","background-type":"","background-media":"","overlay-type":"","overlay-color":"","overlay-opacity":"","overlay-gradient":""}}},"product_brand":[],"product_cat":[35,15],"product_tag":[1647,2827,1451,1785,4577,4576],"class_list":{"0":"post-15564","1":"product","2":"type-product","3":"status-publish","4":"has-post-thumbnail","6":"product_cat-vaikams-ir-paaugliams","7":"product_cat-uncategorized","8":"product_tag-draugyste","9":"product_tag-empatija","10":"product_tag-nuotykiai","11":"product_tag-vaikams","12":"product_tag-vaizduote","13":"product_tag-virgis-sidlauskas","14":"desktop-align-left","15":"tablet-align-left","16":"mobile-align-left","18":"first","19":"instock","20":"shipping-taxable","21":"purchasable","22":"product-type-simple"},"acf":[],"yoast_head":"<!-- This site is optimized with the Yoast SEO plugin v27.4 - https:\/\/yoast.com\/product\/yoast-seo-wordpress\/ -->\n<title>Slaptoji Kornelijaus Van Drebelio misija<\/title>\n<meta name=\"description\" content=\"Sveiki, pasaulio u\u017ekariautoj\u0173 niekada netr\u016bko. Didel\u0117 j\u0173 dalis nuo pat ma\u017e\u0173 dien\u0173 svajojo u\u017evaldyti kit\u0173 \u0161irdis, sielas ir protus, pelnyti simpatijas ir\" \/>\n<meta name=\"robots\" content=\"index, follow, max-snippet:-1, max-image-preview:large, max-video-preview:-1\" \/>\n<link rel=\"canonical\" href=\"https:\/\/skaitytaknyga.lt\/en\/produktas\/slaptoji-kornelijaus-van-drebelio-misija\/\" \/>\n<meta property=\"og:locale\" content=\"en_GB\" \/>\n<meta property=\"og:locale:alternate\" content=\"lt_LT\" \/>\n<meta property=\"og:type\" content=\"article\" \/>\n<meta property=\"og:title\" content=\"Slaptoji Kornelijaus Van Drebelio misija\" \/>\n<meta property=\"og:description\" content=\"Sveiki, pasaulio u\u017ekariautoj\u0173 niekada netr\u016bko. Didel\u0117 j\u0173 dalis nuo pat ma\u017e\u0173 dien\u0173 svajojo u\u017evaldyti kit\u0173 \u0161irdis, sielas ir protus, pelnyti simpatijas ir\" \/>\n<meta property=\"og:url\" content=\"https:\/\/skaitytaknyga.lt\/en\/produktas\/slaptoji-kornelijaus-van-drebelio-misija\/\" \/>\n<meta property=\"og:site_name\" content=\"Skaitytaknyga\" \/>\n<meta property=\"article:publisher\" content=\"https:\/\/www.facebook.com\/skaitytaknyga\/\" \/>\n<meta property=\"article:modified_time\" content=\"2025-05-28T07:40:27+00:00\" \/>\n<meta property=\"og:image\" content=\"https:\/\/skaitytaknyga.lt\/wp-content\/uploads\/2024\/12\/Slaptoji-Kornelijaus-Van-Drebelio-misija-e1734935411356.jpg\" \/>\n\t<meta property=\"og:image:width\" content=\"442\" \/>\n\t<meta property=\"og:image:height\" content=\"630\" \/>\n\t<meta property=\"og:image:type\" content=\"image\/jpeg\" \/>\n<meta name=\"twitter:card\" content=\"summary_large_image\" \/>\n<meta name=\"twitter:label1\" content=\"Estimated reading time\" \/>\n\t<meta name=\"twitter:data1\" content=\"2 minutes\" \/>\n<script type=\"application\/ld+json\" class=\"yoast-schema-graph\">{\"@context\":\"https:\\\/\\\/schema.org\",\"@graph\":[{\"@type\":\"WebPage\",\"@id\":\"https:\\\/\\\/skaitytaknyga.lt\\\/produktas\\\/slaptoji-kornelijaus-van-drebelio-misija\\\/\",\"url\":\"https:\\\/\\\/skaitytaknyga.lt\\\/produktas\\\/slaptoji-kornelijaus-van-drebelio-misija\\\/\",\"name\":\"Slaptoji Kornelijaus Van Drebelio misija\",\"isPartOf\":{\"@id\":\"https:\\\/\\\/skaitytaknyga.lt\\\/#website\"},\"primaryImageOfPage\":{\"@id\":\"https:\\\/\\\/skaitytaknyga.lt\\\/produktas\\\/slaptoji-kornelijaus-van-drebelio-misija\\\/#primaryimage\"},\"image\":{\"@id\":\"https:\\\/\\\/skaitytaknyga.lt\\\/produktas\\\/slaptoji-kornelijaus-van-drebelio-misija\\\/#primaryimage\"},\"thumbnailUrl\":\"https:\\\/\\\/skaitytaknyga.lt\\\/wp-content\\\/uploads\\\/2024\\\/12\\\/Slaptoji-Kornelijaus-Van-Drebelio-misija-e1734935411356.jpg\",\"datePublished\":\"2024-12-19T08:44:45+00:00\",\"dateModified\":\"2025-05-28T07:40:27+00:00\",\"description\":\"Sveiki, pasaulio u\u017ekariautoj\u0173 niekada netr\u016bko. Didel\u0117 j\u0173 dalis nuo pat ma\u017e\u0173 dien\u0173 svajojo u\u017evaldyti kit\u0173 \u0161irdis, sielas ir protus, pelnyti simpatijas ir\",\"breadcrumb\":{\"@id\":\"https:\\\/\\\/skaitytaknyga.lt\\\/produktas\\\/slaptoji-kornelijaus-van-drebelio-misija\\\/#breadcrumb\"},\"inLanguage\":\"en-GB\",\"potentialAction\":[{\"@type\":\"ReadAction\",\"target\":[\"https:\\\/\\\/skaitytaknyga.lt\\\/produktas\\\/slaptoji-kornelijaus-van-drebelio-misija\\\/\"]}]},{\"@type\":\"ImageObject\",\"inLanguage\":\"en-GB\",\"@id\":\"https:\\\/\\\/skaitytaknyga.lt\\\/produktas\\\/slaptoji-kornelijaus-van-drebelio-misija\\\/#primaryimage\",\"url\":\"https:\\\/\\\/skaitytaknyga.lt\\\/wp-content\\\/uploads\\\/2024\\\/12\\\/Slaptoji-Kornelijaus-Van-Drebelio-misija-e1734935411356.jpg\",\"contentUrl\":\"https:\\\/\\\/skaitytaknyga.lt\\\/wp-content\\\/uploads\\\/2024\\\/12\\\/Slaptoji-Kornelijaus-Van-Drebelio-misija-e1734935411356.jpg\",\"width\":442,\"height\":630,\"caption\":\"Slaptoji Kornelijaus Van Drebelio misija\"},{\"@type\":\"BreadcrumbList\",\"@id\":\"https:\\\/\\\/skaitytaknyga.lt\\\/produktas\\\/slaptoji-kornelijaus-van-drebelio-misija\\\/#breadcrumb\",\"itemListElement\":[{\"@type\":\"ListItem\",\"position\":1,\"name\":\"Home\",\"item\":\"https:\\\/\\\/skaitytaknyga.lt\\\/\"},{\"@type\":\"ListItem\",\"position\":2,\"name\":\"Parduotuv\u0117\",\"item\":\"https:\\\/\\\/skaitytaknyga.lt\\\/knygu-parduotuve\\\/\"},{\"@type\":\"ListItem\",\"position\":3,\"name\":\"Slaptoji Kornelijaus Van Drebelio misija\"}]},{\"@type\":\"WebSite\",\"@id\":\"https:\\\/\\\/skaitytaknyga.lt\\\/#website\",\"url\":\"https:\\\/\\\/skaitytaknyga.lt\\\/\",\"name\":\"skaitytaknyga.lt\",\"description\":\"Skaitytaknyga.lt \u2013 tai ma\u017eas \u0161eimos verslas, kuris prasid\u0117jo nuo meil\u0117s knygoms ir siekio i\u0161gelb\u0117ti knygas nuo likimo prie konteinerio. Kas vienam nereikalingas daiktas \u2013 kitam lobis, o mes esame tarpininkai, kurie padeda abiems tapti laimingesniems ???? \u017dinome kaip nelengva i\u0161gyventi ma\u017eiems verslams, tad nuo \u0161iol, \u010dia rasite ir kit\u0173, ma\u017e\u0173 \u0161eim\u0173 versl\u0173, rank\u0173 darbo, dovan\u0173 sau ir artimiesiems.\",\"publisher\":{\"@id\":\"https:\\\/\\\/skaitytaknyga.lt\\\/#organization\"},\"potentialAction\":[{\"@type\":\"SearchAction\",\"target\":{\"@type\":\"EntryPoint\",\"urlTemplate\":\"https:\\\/\\\/skaitytaknyga.lt\\\/?s={search_term_string}\"},\"query-input\":{\"@type\":\"PropertyValueSpecification\",\"valueRequired\":true,\"valueName\":\"search_term_string\"}}],\"inLanguage\":\"en-GB\"},{\"@type\":\"Organization\",\"@id\":\"https:\\\/\\\/skaitytaknyga.lt\\\/#organization\",\"name\":\"skaitytaknyga.lt\",\"url\":\"https:\\\/\\\/skaitytaknyga.lt\\\/\",\"logo\":{\"@type\":\"ImageObject\",\"inLanguage\":\"en-GB\",\"@id\":\"https:\\\/\\\/skaitytaknyga.lt\\\/#\\\/schema\\\/logo\\\/image\\\/\",\"url\":\"https:\\\/\\\/skaitytaknyga.lt\\\/wp-content\\\/uploads\\\/2024\\\/05\\\/cropped-cropped-cropped-02_00843_jt3bggkj1j3HLc7SyY6rEUpg.jpeg\",\"contentUrl\":\"https:\\\/\\\/skaitytaknyga.lt\\\/wp-content\\\/uploads\\\/2024\\\/05\\\/cropped-cropped-cropped-02_00843_jt3bggkj1j3HLc7SyY6rEUpg.jpeg\",\"width\":1600,\"height\":1600,\"caption\":\"skaitytaknyga.lt\"},\"image\":{\"@id\":\"https:\\\/\\\/skaitytaknyga.lt\\\/#\\\/schema\\\/logo\\\/image\\\/\"},\"sameAs\":[\"https:\\\/\\\/www.facebook.com\\\/skaitytaknyga\\\/\"]}]}<\/script>\n<!-- \/ Yoast SEO plugin. -->","yoast_head_json":{"title":"Slaptoji Kornelijaus Van Drebelio misija","description":"Sveiki, pasaulio u\u017ekariautoj\u0173 niekada netr\u016bko. Didel\u0117 j\u0173 dalis nuo pat ma\u017e\u0173 dien\u0173 svajojo u\u017evaldyti kit\u0173 \u0161irdis, sielas ir protus, pelnyti simpatijas ir","robots":{"index":"index","follow":"follow","max-snippet":"max-snippet:-1","max-image-preview":"max-image-preview:large","max-video-preview":"max-video-preview:-1"},"canonical":"https:\/\/skaitytaknyga.lt\/en\/produktas\/slaptoji-kornelijaus-van-drebelio-misija\/","og_locale":"en_GB","og_type":"article","og_title":"[:lt]Slaptoji Kornelijaus Van Drebelio misija[:] - Skaitytaknyga","og_description":"Sveiki, pasaulio u\u017ekariautoj\u0173 niekada netr\u016bko. Didel\u0117 j\u0173 dalis nuo pat ma\u017e\u0173 dien\u0173 svajojo u\u017evaldyti kit\u0173 \u0161irdis, sielas ir protus, pelnyti simpatijas ir","og_url":"https:\/\/skaitytaknyga.lt\/en\/produktas\/slaptoji-kornelijaus-van-drebelio-misija\/","og_site_name":"Skaitytaknyga","article_publisher":"https:\/\/www.facebook.com\/skaitytaknyga\/","article_modified_time":"2025-05-28T07:40:27+00:00","og_image":[{"width":442,"height":630,"url":"https:\/\/skaitytaknyga.lt\/wp-content\/uploads\/2024\/12\/Slaptoji-Kornelijaus-Van-Drebelio-misija-e1734935411356.jpg","type":"image\/jpeg"}],"twitter_card":"summary_large_image","twitter_misc":{"Estimated reading time":"2 minutes"},"schema":{"@context":"https:\/\/schema.org","@graph":[{"@type":"WebPage","@id":"https:\/\/skaitytaknyga.lt\/produktas\/slaptoji-kornelijaus-van-drebelio-misija\/","url":"https:\/\/skaitytaknyga.lt\/produktas\/slaptoji-kornelijaus-van-drebelio-misija\/","name":"Slaptoji Kornelijaus Van Drebelio misija","isPartOf":{"@id":"https:\/\/skaitytaknyga.lt\/#website"},"primaryImageOfPage":{"@id":"https:\/\/skaitytaknyga.lt\/produktas\/slaptoji-kornelijaus-van-drebelio-misija\/#primaryimage"},"image":{"@id":"https:\/\/skaitytaknyga.lt\/produktas\/slaptoji-kornelijaus-van-drebelio-misija\/#primaryimage"},"thumbnailUrl":"https:\/\/skaitytaknyga.lt\/wp-content\/uploads\/2024\/12\/Slaptoji-Kornelijaus-Van-Drebelio-misija-e1734935411356.jpg","datePublished":"2024-12-19T08:44:45+00:00","dateModified":"2025-05-28T07:40:27+00:00","description":"Sveiki, pasaulio u\u017ekariautoj\u0173 niekada netr\u016bko. Didel\u0117 j\u0173 dalis nuo pat ma\u017e\u0173 dien\u0173 svajojo u\u017evaldyti kit\u0173 \u0161irdis, sielas ir protus, pelnyti simpatijas ir","breadcrumb":{"@id":"https:\/\/skaitytaknyga.lt\/produktas\/slaptoji-kornelijaus-van-drebelio-misija\/#breadcrumb"},"inLanguage":"en-GB","potentialAction":[{"@type":"ReadAction","target":["https:\/\/skaitytaknyga.lt\/produktas\/slaptoji-kornelijaus-van-drebelio-misija\/"]}]},{"@type":"ImageObject","inLanguage":"en-GB","@id":"https:\/\/skaitytaknyga.lt\/produktas\/slaptoji-kornelijaus-van-drebelio-misija\/#primaryimage","url":"https:\/\/skaitytaknyga.lt\/wp-content\/uploads\/2024\/12\/Slaptoji-Kornelijaus-Van-Drebelio-misija-e1734935411356.jpg","contentUrl":"https:\/\/skaitytaknyga.lt\/wp-content\/uploads\/2024\/12\/Slaptoji-Kornelijaus-Van-Drebelio-misija-e1734935411356.jpg","width":442,"height":630,"caption":"Slaptoji Kornelijaus Van Drebelio misija"},{"@type":"BreadcrumbList","@id":"https:\/\/skaitytaknyga.lt\/produktas\/slaptoji-kornelijaus-van-drebelio-misija\/#breadcrumb","itemListElement":[{"@type":"ListItem","position":1,"name":"Home","item":"https:\/\/skaitytaknyga.lt\/"},{"@type":"ListItem","position":2,"name":"Parduotuv\u0117","item":"https:\/\/skaitytaknyga.lt\/knygu-parduotuve\/"},{"@type":"ListItem","position":3,"name":"Slaptoji Kornelijaus Van Drebelio misija"}]},{"@type":"WebSite","@id":"https:\/\/skaitytaknyga.lt\/#website","url":"https:\/\/skaitytaknyga.lt\/","name":"skaitytaknyga.lt","description":"Skaitytaknyga.lt \u2013 tai ma\u017eas \u0161eimos verslas, kuris prasid\u0117jo nuo meil\u0117s knygoms ir siekio i\u0161gelb\u0117ti knygas nuo likimo prie konteinerio. Kas vienam nereikalingas daiktas \u2013 kitam lobis, o mes esame tarpininkai, kurie padeda abiems tapti laimingesniems ???? \u017dinome kaip nelengva i\u0161gyventi ma\u017eiems verslams, tad nuo \u0161iol, \u010dia rasite ir kit\u0173, ma\u017e\u0173 \u0161eim\u0173 versl\u0173, rank\u0173 darbo, dovan\u0173 sau ir artimiesiems.","publisher":{"@id":"https:\/\/skaitytaknyga.lt\/#organization"},"potentialAction":[{"@type":"SearchAction","target":{"@type":"EntryPoint","urlTemplate":"https:\/\/skaitytaknyga.lt\/?s={search_term_string}"},"query-input":{"@type":"PropertyValueSpecification","valueRequired":true,"valueName":"search_term_string"}}],"inLanguage":"en-GB"},{"@type":"Organization","@id":"https:\/\/skaitytaknyga.lt\/#organization","name":"skaitytaknyga.lt","url":"https:\/\/skaitytaknyga.lt\/","logo":{"@type":"ImageObject","inLanguage":"en-GB","@id":"https:\/\/skaitytaknyga.lt\/#\/schema\/logo\/image\/","url":"https:\/\/skaitytaknyga.lt\/wp-content\/uploads\/2024\/05\/cropped-cropped-cropped-02_00843_jt3bggkj1j3HLc7SyY6rEUpg.jpeg","contentUrl":"https:\/\/skaitytaknyga.lt\/wp-content\/uploads\/2024\/05\/cropped-cropped-cropped-02_00843_jt3bggkj1j3HLc7SyY6rEUpg.jpeg","width":1600,"height":1600,"caption":"skaitytaknyga.lt"},"image":{"@id":"https:\/\/skaitytaknyga.lt\/#\/schema\/logo\/image\/"},"sameAs":["https:\/\/www.facebook.com\/skaitytaknyga\/"]}]}},"_links":{"self":[{"href":"https:\/\/skaitytaknyga.lt\/en\/wp-json\/wp\/v2\/product\/15564","targetHints":{"allow":["GET"]}}],"collection":[{"href":"https:\/\/skaitytaknyga.lt\/en\/wp-json\/wp\/v2\/product"}],"about":[{"href":"https:\/\/skaitytaknyga.lt\/en\/wp-json\/wp\/v2\/types\/product"}],"replies":[{"embeddable":true,"href":"https:\/\/skaitytaknyga.lt\/en\/wp-json\/wp\/v2\/comments?post=15564"}],"wp:featuredmedia":[{"embeddable":true,"href":"https:\/\/skaitytaknyga.lt\/en\/wp-json\/wp\/v2\/media\/15680"}],"wp:attachment":[{"href":"https:\/\/skaitytaknyga.lt\/en\/wp-json\/wp\/v2\/media?parent=15564"}],"wp:term":[{"taxonomy":"product_brand","embeddable":true,"href":"https:\/\/skaitytaknyga.lt\/en\/wp-json\/wp\/v2\/product_brand?post=15564"},{"taxonomy":"product_cat","embeddable":true,"href":"https:\/\/skaitytaknyga.lt\/en\/wp-json\/wp\/v2\/product_cat?post=15564"},{"taxonomy":"product_tag","embeddable":true,"href":"https:\/\/skaitytaknyga.lt\/en\/wp-json\/wp\/v2\/product_tag?post=15564"}],"curies":[{"name":"wp","href":"https:\/\/api.w.org\/{rel}","templated":true}]}}