{"id":15563,"date":"2024-12-19T10:44:45","date_gmt":"2024-12-19T08:44:45","guid":{"rendered":"https:\/\/skaitytaknyga.lt\/?post_type=product&#038;p=15563"},"modified":"2024-12-23T08:28:05","modified_gmt":"2024-12-23T06:28:05","slug":"bertis-ir-jo-broliai-visiskai-sugadinta-pirmoji-mokyklos-diena","status":"publish","type":"product","link":"https:\/\/skaitytaknyga.lt\/en\/produktas\/bertis-ir-jo-broliai-visiskai-sugadinta-pirmoji-mokyklos-diena\/","title":{"rendered":"Bertis ir jo broliai. Visi\u0161kai sugadinta pirmoji mokyklos diena"},"content":{"rendered":"<p>Ak, kiek daug juoking\u0173 nuotyki\u0173 gali nutikti, jei susiv\u0117linsi vos kelias minutes! Paskub\u0117k, tav\u0119s laukia pa\u0161\u0117l\u0119s rytas su pirmoku Ber\u010diu!<\/p>\n<p>Gelb\u0117kit! Ir kod\u0117l b\u016btent pirm\u0105 Ber\u010dio dien\u0105 mokykloje visa \u0161eima pramiega?! T\u0117tis spaud\u017eia grei\u010dio pedal\u0105 ir lekia \u012f mokykl\u0105 \u2013 kol sustabdo policija. Tada Bertis ir jo broliai vieni skuod\u017eia \u012f mokykl\u0105. Bet pakeliui j\u0173 tyko pats pik\u010diausias \u0161uo pasaulyje \u017dvaig\u017ed\u016bnas. Ir jis dar taikosi \u012f Ber\u010dio t\u016btoje esan\u010dius saldumynus&#8230; Ar pavyks Ber\u010diui kaip nors pasiekti mokykl\u0105?<\/p>\n<p>Knyga papildyta literat\u016brin\u0117mis u\u017eduotimis, \u017eaidimais ir galvos\u016bkiais.<\/p>\n<p>Jie pad\u0117s geriau \u012fsiminti \u0161i\u0105 linksm\u0105 Ber\u010dio istorij\u0105 ir patikrins pastabum\u0105!<\/p>\n<ul class=\"about-product d-none d-xl-block mt-4\">\n<li><strong>Originalus pavadinimas:<\/strong>\u00a0Berti und seine Brueder. Der voll verpatzte Schulstart<\/li>\n<li><strong>Autorius:<\/strong>\u00a0Lisa-Marie Dickreiter,\u00a0Andreas G\u00f6tz<\/li>\n<li><strong>Leid\u0117jas:<\/strong>\u00a0Alma littera<\/li>\n<li><strong>Metai:<\/strong>\u00a02021<\/li>\n<li><strong>Puslapiai:<\/strong>\u00a064<\/li>\n<li class=\"toggleable type-new-formats \"><strong>ISBN:<\/strong>\u00a09786090144626<\/li>\n<li class=\"toggleable type-new-formats \"><strong>Formatas:<\/strong>\u00a014,3 x 19,8 x 1 cm, kieti vir\u0161eliai<\/li>\n<li><strong>Kalba:<\/strong>\u00a0Lietuvi\u0173<\/li>\n<li><strong>Vert\u0117jas:<\/strong>\u00a0Violeta \u017demaitien\u0117<\/li>\n<\/ul>\n","protected":false},"excerpt":{"rendered":"<p>Ak, kiek daug juoking\u0173 nuotyki\u0173 gali nutikti, jei susiv\u0117linsi vos kelias minutes! Paskub\u0117k, tav\u0119s laukia pa\u0161\u0117l\u0119s rytas su pirmoku Ber\u010diu! Gelb\u0117kit! Ir kod\u0117l b\u016btent pirm\u0105 Ber\u010dio dien\u0105 mokykloje visa \u0161eima pramiega?! T\u0117tis spaud\u017eia grei\u010dio pedal\u0105 ir lekia \u012f mokykl\u0105 \u2013 kol sustabdo policija. Tada Bertis ir jo broliai vieni skuod\u017eia \u012f mokykl\u0105. Bet pakeliui j\u0173 tyko pats pik\u010diausias \u0161uo pasaulyje \u017dvaig\u017ed\u016bnas. Ir jis dar taikosi \u012f Ber\u010dio t\u016btoje esan\u010dius saldumynus&#8230; Ar pavyks Ber\u010diui kaip nors pasiekti mokykl\u0105? Knyga papildyta literat\u016brin\u0117mis u\u017eduotimis, \u017eaidimais ir galvos\u016bkiais. Jie pad\u0117s geriau \u012fsiminti \u0161i\u0105 linksm\u0105 Ber\u010dio istorij\u0105 ir patikrins pastabum\u0105! Originalus pavadinimas:\u00a0Berti und seine Brueder. Der voll verpatzte Schulstart Autorius:\u00a0Lisa-Marie Dickreiter,\u00a0Andreas G\u00f6tz Leid\u0117jas:\u00a0Alma littera Metai:\u00a02021 Puslapiai:\u00a064 ISBN:\u00a09786090144626 Formatas:\u00a014,3 x 19,8 x 1 cm, kieti vir\u0161eliai Kalba:\u00a0Lietuvi\u0173 Vert\u0117jas:\u00a0Violeta \u017demaitien\u0117<\/p>\n","protected":false},"featured_media":15681,"comment_status":"open","ping_status":"closed","template":"","meta":{"_acf_changed":false,"site-sidebar-layout":"default","site-content-layout":"","ast-site-content-layout":"default","site-content-style":"default","site-sidebar-style":"default","ast-global-header-display":"","ast-banner-title-visibility":"","ast-main-header-display":"","ast-hfb-above-header-display":"","ast-hfb-below-header-display":"","ast-hfb-mobile-header-display":"","site-post-title":"","ast-breadcrumbs-content":"","ast-featured-img":"","footer-sml-layout":"","ast-disable-related-posts":"","theme-transparent-header-meta":"default","adv-header-id-meta":"","stick-header-meta":"","header-above-stick-meta":"","header-main-stick-meta":"","header-below-stick-meta":"","astra-migrate-meta-layouts":"set","ast-page-background-enabled":"default","ast-page-background-meta":{"desktop":{"background-color":"","background-image":"","background-repeat":"repeat","background-position":"center center","background-size":"auto","background-attachment":"scroll","background-type":"","background-media":"","overlay-type":"","overlay-color":"","overlay-opacity":"","overlay-gradient":""},"tablet":{"background-color":"","background-image":"","background-repeat":"repeat","background-position":"center center","background-size":"auto","background-attachment":"scroll","background-type":"","background-media":"","overlay-type":"","overlay-color":"","overlay-opacity":"","overlay-gradient":""},"mobile":{"background-color":"","background-image":"","background-repeat":"repeat","background-position":"center center","background-size":"auto","background-attachment":"scroll","background-type":"","background-media":"","overlay-type":"","overlay-color":"","overlay-opacity":"","overlay-gradient":""}},"ast-content-background-meta":{"desktop":{"background-color":"var(--ast-global-color-4)","background-image":"","background-repeat":"repeat","background-position":"center center","background-size":"auto","background-attachment":"scroll","background-type":"","background-media":"","overlay-type":"","overlay-color":"","overlay-opacity":"","overlay-gradient":""},"tablet":{"background-color":"var(--ast-global-color-4)","background-image":"","background-repeat":"repeat","background-position":"center center","background-size":"auto","background-attachment":"scroll","background-type":"","background-media":"","overlay-type":"","overlay-color":"","overlay-opacity":"","overlay-gradient":""},"mobile":{"background-color":"var(--ast-global-color-4)","background-image":"","background-repeat":"repeat","background-position":"center center","background-size":"auto","background-attachment":"scroll","background-type":"","background-media":"","overlay-type":"","overlay-color":"","overlay-opacity":"","overlay-gradient":""}}},"product_brand":[],"product_cat":[15,35],"product_tag":[],"class_list":{"0":"post-15563","1":"product","2":"type-product","3":"status-publish","4":"has-post-thumbnail","6":"product_cat-uncategorized","7":"product_cat-vaikams-ir-paaugliams","8":"desktop-align-left","9":"tablet-align-left","10":"mobile-align-left","12":"first","13":"instock","14":"shipping-taxable","15":"purchasable","16":"product-type-simple"},"acf":[],"yoast_head":"<!-- This site is optimized with the Yoast SEO plugin v27.0 - https:\/\/yoast.com\/product\/yoast-seo-wordpress\/ -->\n<title>Bertis ir jo broliai. Visi\u0161kai sugadinta pirmoji mokyklos diena<\/title>\n<meta name=\"description\" content=\"Ak, kiek daug juoking\u0173 nuotyki\u0173 gali nutikti, jei susiv\u0117linsi vos kelias minutes! Paskub\u0117k, tav\u0119s laukia pa\u0161\u0117l\u0119s rytas su pirmoku Ber\u010diu! Gelb\u0117kit! Ir\" \/>\n<meta name=\"robots\" content=\"index, follow, max-snippet:-1, max-image-preview:large, max-video-preview:-1\" \/>\n<link rel=\"canonical\" href=\"https:\/\/skaitytaknyga.lt\/en\/produktas\/bertis-ir-jo-broliai-visiskai-sugadinta-pirmoji-mokyklos-diena\/\" \/>\n<meta property=\"og:locale\" content=\"en_GB\" \/>\n<meta property=\"og:locale:alternate\" content=\"lt_LT\" \/>\n<meta property=\"og:type\" content=\"article\" \/>\n<meta property=\"og:title\" content=\"Bertis ir jo broliai. Visi\u0161kai sugadinta pirmoji mokyklos diena\" \/>\n<meta property=\"og:description\" content=\"Ak, kiek daug juoking\u0173 nuotyki\u0173 gali nutikti, jei susiv\u0117linsi vos kelias minutes! Paskub\u0117k, tav\u0119s laukia pa\u0161\u0117l\u0119s rytas su pirmoku Ber\u010diu! Gelb\u0117kit! Ir\" \/>\n<meta property=\"og:url\" content=\"https:\/\/skaitytaknyga.lt\/en\/produktas\/bertis-ir-jo-broliai-visiskai-sugadinta-pirmoji-mokyklos-diena\/\" \/>\n<meta property=\"og:site_name\" content=\"Skaitytaknyga\" \/>\n<meta property=\"article:publisher\" content=\"https:\/\/www.facebook.com\/skaitytaknyga\/\" \/>\n<meta property=\"article:modified_time\" content=\"2024-12-23T06:28:05+00:00\" \/>\n<meta property=\"og:image\" content=\"https:\/\/skaitytaknyga.lt\/wp-content\/uploads\/2024\/12\/Bertis-ir-jo-broliai.-Visiskai-sugadinta-pirmoji-mokyklos-diena.webp\" \/>\n\t<meta property=\"og:image:width\" content=\"432\" \/>\n\t<meta property=\"og:image:height\" content=\"600\" \/>\n\t<meta property=\"og:image:type\" content=\"image\/webp\" \/>\n<meta name=\"twitter:card\" content=\"summary_large_image\" \/>\n<meta name=\"twitter:label1\" content=\"Estimated reading time\" \/>\n\t<meta name=\"twitter:data1\" content=\"1 minute\" \/>\n<script type=\"application\/ld+json\" class=\"yoast-schema-graph\">{\"@context\":\"https:\/\/schema.org\",\"@graph\":[{\"@type\":\"WebPage\",\"@id\":\"https:\/\/skaitytaknyga.lt\/produktas\/bertis-ir-jo-broliai-visiskai-sugadinta-pirmoji-mokyklos-diena\/\",\"url\":\"https:\/\/skaitytaknyga.lt\/produktas\/bertis-ir-jo-broliai-visiskai-sugadinta-pirmoji-mokyklos-diena\/\",\"name\":\"Bertis ir jo broliai. Visi\u0161kai sugadinta pirmoji mokyklos diena\",\"isPartOf\":{\"@id\":\"https:\/\/skaitytaknyga.lt\/#website\"},\"primaryImageOfPage\":{\"@id\":\"https:\/\/skaitytaknyga.lt\/produktas\/bertis-ir-jo-broliai-visiskai-sugadinta-pirmoji-mokyklos-diena\/#primaryimage\"},\"image\":{\"@id\":\"https:\/\/skaitytaknyga.lt\/produktas\/bertis-ir-jo-broliai-visiskai-sugadinta-pirmoji-mokyklos-diena\/#primaryimage\"},\"thumbnailUrl\":\"https:\/\/skaitytaknyga.lt\/wp-content\/uploads\/2024\/12\/Bertis-ir-jo-broliai.-Visiskai-sugadinta-pirmoji-mokyklos-diena.webp\",\"datePublished\":\"2024-12-19T08:44:45+00:00\",\"dateModified\":\"2024-12-23T06:28:05+00:00\",\"description\":\"Ak, kiek daug juoking\u0173 nuotyki\u0173 gali nutikti, jei susiv\u0117linsi vos kelias minutes! Paskub\u0117k, tav\u0119s laukia pa\u0161\u0117l\u0119s rytas su pirmoku Ber\u010diu! Gelb\u0117kit! Ir\",\"breadcrumb\":{\"@id\":\"https:\/\/skaitytaknyga.lt\/produktas\/bertis-ir-jo-broliai-visiskai-sugadinta-pirmoji-mokyklos-diena\/#breadcrumb\"},\"inLanguage\":\"en-GB\",\"potentialAction\":[{\"@type\":\"ReadAction\",\"target\":[\"https:\/\/skaitytaknyga.lt\/produktas\/bertis-ir-jo-broliai-visiskai-sugadinta-pirmoji-mokyklos-diena\/\"]}]},{\"@type\":\"ImageObject\",\"inLanguage\":\"en-GB\",\"@id\":\"https:\/\/skaitytaknyga.lt\/produktas\/bertis-ir-jo-broliai-visiskai-sugadinta-pirmoji-mokyklos-diena\/#primaryimage\",\"url\":\"https:\/\/skaitytaknyga.lt\/wp-content\/uploads\/2024\/12\/Bertis-ir-jo-broliai.-Visiskai-sugadinta-pirmoji-mokyklos-diena.webp\",\"contentUrl\":\"https:\/\/skaitytaknyga.lt\/wp-content\/uploads\/2024\/12\/Bertis-ir-jo-broliai.-Visiskai-sugadinta-pirmoji-mokyklos-diena.webp\",\"width\":432,\"height\":600,\"caption\":\"Bertis ir jo broliai. Visi\u0161kai sugadinta pirmoji mokyklos diena\"},{\"@type\":\"BreadcrumbList\",\"@id\":\"https:\/\/skaitytaknyga.lt\/produktas\/bertis-ir-jo-broliai-visiskai-sugadinta-pirmoji-mokyklos-diena\/#breadcrumb\",\"itemListElement\":[{\"@type\":\"ListItem\",\"position\":1,\"name\":\"Home\",\"item\":\"https:\/\/skaitytaknyga.lt\/\"},{\"@type\":\"ListItem\",\"position\":2,\"name\":\"Parduotuv\u0117\",\"item\":\"https:\/\/skaitytaknyga.lt\/knygu-parduotuve\/\"},{\"@type\":\"ListItem\",\"position\":3,\"name\":\"Bertis ir jo broliai. Visi\u0161kai sugadinta pirmoji mokyklos diena\"}]},{\"@type\":\"WebSite\",\"@id\":\"https:\/\/skaitytaknyga.lt\/#website\",\"url\":\"https:\/\/skaitytaknyga.lt\/\",\"name\":\"skaitytaknyga.lt\",\"description\":\"Skaitytaknyga.lt \u2013 tai ma\u017eas \u0161eimos verslas, kuris prasid\u0117jo nuo meil\u0117s knygoms ir siekio i\u0161gelb\u0117ti knygas nuo likimo prie konteinerio. Kas vienam nereikalingas daiktas \u2013 kitam lobis, o mes esame tarpininkai, kurie padeda abiems tapti laimingesniems ???? \u017dinome kaip nelengva i\u0161gyventi ma\u017eiems verslams, tad nuo \u0161iol, \u010dia rasite ir kit\u0173, ma\u017e\u0173 \u0161eim\u0173 versl\u0173, rank\u0173 darbo, dovan\u0173 sau ir artimiesiems.\",\"publisher\":{\"@id\":\"https:\/\/skaitytaknyga.lt\/#organization\"},\"potentialAction\":[{\"@type\":\"SearchAction\",\"target\":{\"@type\":\"EntryPoint\",\"urlTemplate\":\"https:\/\/skaitytaknyga.lt\/?s={search_term_string}\"},\"query-input\":{\"@type\":\"PropertyValueSpecification\",\"valueRequired\":true,\"valueName\":\"search_term_string\"}}],\"inLanguage\":\"en-GB\"},{\"@type\":\"Organization\",\"@id\":\"https:\/\/skaitytaknyga.lt\/#organization\",\"name\":\"skaitytaknyga.lt\",\"url\":\"https:\/\/skaitytaknyga.lt\/\",\"logo\":{\"@type\":\"ImageObject\",\"inLanguage\":\"en-GB\",\"@id\":\"https:\/\/skaitytaknyga.lt\/#\/schema\/logo\/image\/\",\"url\":\"https:\/\/skaitytaknyga.lt\/wp-content\/uploads\/2024\/05\/cropped-cropped-cropped-02_00843_jt3bggkj1j3HLc7SyY6rEUpg.jpeg\",\"contentUrl\":\"https:\/\/skaitytaknyga.lt\/wp-content\/uploads\/2024\/05\/cropped-cropped-cropped-02_00843_jt3bggkj1j3HLc7SyY6rEUpg.jpeg\",\"width\":1600,\"height\":1600,\"caption\":\"skaitytaknyga.lt\"},\"image\":{\"@id\":\"https:\/\/skaitytaknyga.lt\/#\/schema\/logo\/image\/\"},\"sameAs\":[\"https:\/\/www.facebook.com\/skaitytaknyga\/\"]}]}<\/script>\n<!-- \/ Yoast SEO plugin. -->","yoast_head_json":{"title":"Bertis ir jo broliai. Visi\u0161kai sugadinta pirmoji mokyklos diena","description":"Ak, kiek daug juoking\u0173 nuotyki\u0173 gali nutikti, jei susiv\u0117linsi vos kelias minutes! Paskub\u0117k, tav\u0119s laukia pa\u0161\u0117l\u0119s rytas su pirmoku Ber\u010diu! Gelb\u0117kit! Ir","robots":{"index":"index","follow":"follow","max-snippet":"max-snippet:-1","max-image-preview":"max-image-preview:large","max-video-preview":"max-video-preview:-1"},"canonical":"https:\/\/skaitytaknyga.lt\/en\/produktas\/bertis-ir-jo-broliai-visiskai-sugadinta-pirmoji-mokyklos-diena\/","og_locale":"en_GB","og_type":"article","og_title":"[:lt]Bertis ir jo broliai. Visi\u0161kai sugadinta pirmoji mokyklos diena[:] - Skaitytaknyga","og_description":"Ak, kiek daug juoking\u0173 nuotyki\u0173 gali nutikti, jei susiv\u0117linsi vos kelias minutes! Paskub\u0117k, tav\u0119s laukia pa\u0161\u0117l\u0119s rytas su pirmoku Ber\u010diu! Gelb\u0117kit! Ir","og_url":"https:\/\/skaitytaknyga.lt\/en\/produktas\/bertis-ir-jo-broliai-visiskai-sugadinta-pirmoji-mokyklos-diena\/","og_site_name":"Skaitytaknyga","article_publisher":"https:\/\/www.facebook.com\/skaitytaknyga\/","article_modified_time":"2024-12-23T06:28:05+00:00","og_image":[{"width":432,"height":600,"url":"https:\/\/skaitytaknyga.lt\/wp-content\/uploads\/2024\/12\/Bertis-ir-jo-broliai.-Visiskai-sugadinta-pirmoji-mokyklos-diena.webp","type":"image\/webp"}],"twitter_card":"summary_large_image","twitter_misc":{"Estimated reading time":"1 minute"},"schema":{"@context":"https:\/\/schema.org","@graph":[{"@type":"WebPage","@id":"https:\/\/skaitytaknyga.lt\/produktas\/bertis-ir-jo-broliai-visiskai-sugadinta-pirmoji-mokyklos-diena\/","url":"https:\/\/skaitytaknyga.lt\/produktas\/bertis-ir-jo-broliai-visiskai-sugadinta-pirmoji-mokyklos-diena\/","name":"Bertis ir jo broliai. Visi\u0161kai sugadinta pirmoji mokyklos diena","isPartOf":{"@id":"https:\/\/skaitytaknyga.lt\/#website"},"primaryImageOfPage":{"@id":"https:\/\/skaitytaknyga.lt\/produktas\/bertis-ir-jo-broliai-visiskai-sugadinta-pirmoji-mokyklos-diena\/#primaryimage"},"image":{"@id":"https:\/\/skaitytaknyga.lt\/produktas\/bertis-ir-jo-broliai-visiskai-sugadinta-pirmoji-mokyklos-diena\/#primaryimage"},"thumbnailUrl":"https:\/\/skaitytaknyga.lt\/wp-content\/uploads\/2024\/12\/Bertis-ir-jo-broliai.-Visiskai-sugadinta-pirmoji-mokyklos-diena.webp","datePublished":"2024-12-19T08:44:45+00:00","dateModified":"2024-12-23T06:28:05+00:00","description":"Ak, kiek daug juoking\u0173 nuotyki\u0173 gali nutikti, jei susiv\u0117linsi vos kelias minutes! Paskub\u0117k, tav\u0119s laukia pa\u0161\u0117l\u0119s rytas su pirmoku Ber\u010diu! Gelb\u0117kit! Ir","breadcrumb":{"@id":"https:\/\/skaitytaknyga.lt\/produktas\/bertis-ir-jo-broliai-visiskai-sugadinta-pirmoji-mokyklos-diena\/#breadcrumb"},"inLanguage":"en-GB","potentialAction":[{"@type":"ReadAction","target":["https:\/\/skaitytaknyga.lt\/produktas\/bertis-ir-jo-broliai-visiskai-sugadinta-pirmoji-mokyklos-diena\/"]}]},{"@type":"ImageObject","inLanguage":"en-GB","@id":"https:\/\/skaitytaknyga.lt\/produktas\/bertis-ir-jo-broliai-visiskai-sugadinta-pirmoji-mokyklos-diena\/#primaryimage","url":"https:\/\/skaitytaknyga.lt\/wp-content\/uploads\/2024\/12\/Bertis-ir-jo-broliai.-Visiskai-sugadinta-pirmoji-mokyklos-diena.webp","contentUrl":"https:\/\/skaitytaknyga.lt\/wp-content\/uploads\/2024\/12\/Bertis-ir-jo-broliai.-Visiskai-sugadinta-pirmoji-mokyklos-diena.webp","width":432,"height":600,"caption":"Bertis ir jo broliai. Visi\u0161kai sugadinta pirmoji mokyklos diena"},{"@type":"BreadcrumbList","@id":"https:\/\/skaitytaknyga.lt\/produktas\/bertis-ir-jo-broliai-visiskai-sugadinta-pirmoji-mokyklos-diena\/#breadcrumb","itemListElement":[{"@type":"ListItem","position":1,"name":"Home","item":"https:\/\/skaitytaknyga.lt\/"},{"@type":"ListItem","position":2,"name":"Parduotuv\u0117","item":"https:\/\/skaitytaknyga.lt\/knygu-parduotuve\/"},{"@type":"ListItem","position":3,"name":"Bertis ir jo broliai. Visi\u0161kai sugadinta pirmoji mokyklos diena"}]},{"@type":"WebSite","@id":"https:\/\/skaitytaknyga.lt\/#website","url":"https:\/\/skaitytaknyga.lt\/","name":"skaitytaknyga.lt","description":"Skaitytaknyga.lt \u2013 tai ma\u017eas \u0161eimos verslas, kuris prasid\u0117jo nuo meil\u0117s knygoms ir siekio i\u0161gelb\u0117ti knygas nuo likimo prie konteinerio. Kas vienam nereikalingas daiktas \u2013 kitam lobis, o mes esame tarpininkai, kurie padeda abiems tapti laimingesniems ???? \u017dinome kaip nelengva i\u0161gyventi ma\u017eiems verslams, tad nuo \u0161iol, \u010dia rasite ir kit\u0173, ma\u017e\u0173 \u0161eim\u0173 versl\u0173, rank\u0173 darbo, dovan\u0173 sau ir artimiesiems.","publisher":{"@id":"https:\/\/skaitytaknyga.lt\/#organization"},"potentialAction":[{"@type":"SearchAction","target":{"@type":"EntryPoint","urlTemplate":"https:\/\/skaitytaknyga.lt\/?s={search_term_string}"},"query-input":{"@type":"PropertyValueSpecification","valueRequired":true,"valueName":"search_term_string"}}],"inLanguage":"en-GB"},{"@type":"Organization","@id":"https:\/\/skaitytaknyga.lt\/#organization","name":"skaitytaknyga.lt","url":"https:\/\/skaitytaknyga.lt\/","logo":{"@type":"ImageObject","inLanguage":"en-GB","@id":"https:\/\/skaitytaknyga.lt\/#\/schema\/logo\/image\/","url":"https:\/\/skaitytaknyga.lt\/wp-content\/uploads\/2024\/05\/cropped-cropped-cropped-02_00843_jt3bggkj1j3HLc7SyY6rEUpg.jpeg","contentUrl":"https:\/\/skaitytaknyga.lt\/wp-content\/uploads\/2024\/05\/cropped-cropped-cropped-02_00843_jt3bggkj1j3HLc7SyY6rEUpg.jpeg","width":1600,"height":1600,"caption":"skaitytaknyga.lt"},"image":{"@id":"https:\/\/skaitytaknyga.lt\/#\/schema\/logo\/image\/"},"sameAs":["https:\/\/www.facebook.com\/skaitytaknyga\/"]}]}},"_links":{"self":[{"href":"https:\/\/skaitytaknyga.lt\/en\/wp-json\/wp\/v2\/product\/15563","targetHints":{"allow":["GET"]}}],"collection":[{"href":"https:\/\/skaitytaknyga.lt\/en\/wp-json\/wp\/v2\/product"}],"about":[{"href":"https:\/\/skaitytaknyga.lt\/en\/wp-json\/wp\/v2\/types\/product"}],"replies":[{"embeddable":true,"href":"https:\/\/skaitytaknyga.lt\/en\/wp-json\/wp\/v2\/comments?post=15563"}],"wp:featuredmedia":[{"embeddable":true,"href":"https:\/\/skaitytaknyga.lt\/en\/wp-json\/wp\/v2\/media\/15681"}],"wp:attachment":[{"href":"https:\/\/skaitytaknyga.lt\/en\/wp-json\/wp\/v2\/media?parent=15563"}],"wp:term":[{"taxonomy":"product_brand","embeddable":true,"href":"https:\/\/skaitytaknyga.lt\/en\/wp-json\/wp\/v2\/product_brand?post=15563"},{"taxonomy":"product_cat","embeddable":true,"href":"https:\/\/skaitytaknyga.lt\/en\/wp-json\/wp\/v2\/product_cat?post=15563"},{"taxonomy":"product_tag","embeddable":true,"href":"https:\/\/skaitytaknyga.lt\/en\/wp-json\/wp\/v2\/product_tag?post=15563"}],"curies":[{"name":"wp","href":"https:\/\/api.w.org\/{rel}","templated":true}]}}