{"id":15562,"date":"2024-12-19T10:44:45","date_gmt":"2024-12-19T08:44:45","guid":{"rendered":"https:\/\/skaitytaknyga.lt\/?post_type=product&#038;p=15562"},"modified":"2024-12-23T08:26:33","modified_gmt":"2024-12-23T06:26:33","slug":"robotuko-robio-isdaigos","status":"publish","type":"product","link":"https:\/\/skaitytaknyga.lt\/en\/produktas\/robotuko-robio-isdaigos\/","title":{"rendered":"Robotuko Robio i\u0161daigos"},"content":{"rendered":"<p><em>Prie Robio prijungtas elektros laidas blykstel\u0117jo, ir robotuko link kaip rusenantis dagtis nuskriejo kibirk\u0161tis. Pasigirdo tylus trek\u0161tel\u0117jimas.<\/em><br \/>\n<em>\u2013 O varge! Dabar jis tikrai sugedo! \u2013 su\u0161uko Linusas.<\/em><br \/>\n<em>Bet jis klydo. Po keli\u0173 sekund\u017ei\u0173 \u012fvyko kai kas nepaprasta. Draugai vos gal\u0117jo patik\u0117ti savo akimis: skardinis robotukas sujud\u0117jo.<\/em><\/p>\n<p>Protingiausias pasaulyje robotas Orbis sugr\u012f\u017eo pa\u010diu laiku! Jo geriausiems draugams Linusui ir Frederikei \u017e\u016btb\u016bt reikia pagalbos. Vaikams ramyb\u0117s jau kur\u012f laik\u0105 neduoda padau\u017e\u0173 gauja \u2013 nedor\u0117li\u0173 ketvertas u\u017egrob\u0117 \u017eaidim\u0173 aik\u0161tel\u0119, ma\u017ea to, jie sulau\u017e\u0117 nauj\u0105j\u012f Linuso robotuk\u0105 Rob\u012f.<\/p>\n<p>Sumaniojo Orbio d\u0117ka ma\u017easis robotas Robis atgyja ir tampa i\u0161tikimu trijul\u0117s draugu. Jis kaip \u012fmanydamas stengiasi jiems patikti ir visai nenoromis kre\u010dia linksmas eibes. Ta\u010diau vien\u0105 dien\u0105, kai i\u0161 kal\u0117jimo \u012f laisv\u0119 paleid\u017eiami pl\u0117\u0161ikai Edis ir Kral\u0117, robotukui Robiui i\u0161kyla rimtas pavojus&#8230;<\/p>\n<ul class=\"about-product d-none d-xl-block mt-4\">\n<li><strong>Originalus pavadinimas:<\/strong>\u00a0ORBIS ABENTEUER \u2013 EIN KLEINER ROBOTER L\u00c4SST ES SCHEPPERN<\/li>\n<li><strong>Autorius:<\/strong>\u00a0Thomas Christos<\/li>\n<li><strong>Leid\u0117jas:<\/strong>\u00a0Nieko rimto<\/li>\n<li><strong>Metai:<\/strong>\u00a02017<\/li>\n<li><strong>Puslapiai:<\/strong>\u00a0104<\/li>\n<li class=\"toggleable type-new-formats \"><strong>ISBN:<\/strong>\u00a09786094414459<\/li>\n<li><strong>Versijos kodas:<\/strong>\u00a0PT.<\/li>\n<li class=\"toggleable type-new-formats \"><strong>Formatas:<\/strong>\u00a016,4 x 22,6 x 1,4 cm, kieti vir\u0161eliai<\/li>\n<li><strong>Vert\u0117jas:<\/strong>\u00a0Kristina Kvili\u016bnait\u0117<\/li>\n<\/ul>\n","protected":false},"excerpt":{"rendered":"<p>Prie Robio prijungtas elektros laidas blykstel\u0117jo, ir robotuko link kaip rusenantis dagtis nuskriejo kibirk\u0161tis. Pasigirdo tylus trek\u0161tel\u0117jimas. \u2013 O varge! Dabar jis tikrai sugedo! \u2013 su\u0161uko Linusas. Bet jis klydo. Po keli\u0173 sekund\u017ei\u0173 \u012fvyko kai kas nepaprasta. Draugai vos gal\u0117jo patik\u0117ti savo akimis: skardinis robotukas sujud\u0117jo. Protingiausias pasaulyje robotas Orbis sugr\u012f\u017eo pa\u010diu laiku! Jo geriausiems draugams Linusui ir Frederikei \u017e\u016btb\u016bt reikia pagalbos. Vaikams ramyb\u0117s jau kur\u012f laik\u0105 neduoda padau\u017e\u0173 gauja \u2013 nedor\u0117li\u0173 ketvertas u\u017egrob\u0117 \u017eaidim\u0173 aik\u0161tel\u0119, ma\u017ea to, jie sulau\u017e\u0117 nauj\u0105j\u012f Linuso robotuk\u0105 Rob\u012f. Sumaniojo Orbio d\u0117ka ma\u017easis robotas Robis atgyja ir tampa i\u0161tikimu trijul\u0117s draugu. Jis kaip \u012fmanydamas stengiasi jiems patikti ir visai nenoromis kre\u010dia linksmas eibes. Ta\u010diau vien\u0105 dien\u0105, kai i\u0161 kal\u0117jimo \u012f laisv\u0119 paleid\u017eiami pl\u0117\u0161ikai Edis ir Kral\u0117, robotukui Robiui i\u0161kyla rimtas pavojus&#8230; Originalus pavadinimas:\u00a0ORBIS ABENTEUER \u2013 EIN KLEINER ROBOTER L\u00c4SST ES SCHEPPERN Autorius:\u00a0Thomas Christos Leid\u0117jas:\u00a0Nieko rimto Metai:\u00a02017 Puslapiai:\u00a0104 ISBN:\u00a09786094414459 Versijos kodas:\u00a0PT. Formatas:\u00a016,4 x 22,6 x 1,4 cm, kieti vir\u0161eliai Vert\u0117jas:\u00a0Kristina Kvili\u016bnait\u0117<\/p>\n","protected":false},"featured_media":15682,"comment_status":"open","ping_status":"closed","template":"","meta":{"_acf_changed":false,"site-sidebar-layout":"default","site-content-layout":"","ast-site-content-layout":"default","site-content-style":"default","site-sidebar-style":"default","ast-global-header-display":"","ast-banner-title-visibility":"","ast-main-header-display":"","ast-hfb-above-header-display":"","ast-hfb-below-header-display":"","ast-hfb-mobile-header-display":"","site-post-title":"","ast-breadcrumbs-content":"","ast-featured-img":"","footer-sml-layout":"","ast-disable-related-posts":"","theme-transparent-header-meta":"default","adv-header-id-meta":"","stick-header-meta":"","header-above-stick-meta":"","header-main-stick-meta":"","header-below-stick-meta":"","astra-migrate-meta-layouts":"set","ast-page-background-enabled":"default","ast-page-background-meta":{"desktop":{"background-color":"","background-image":"","background-repeat":"repeat","background-position":"center center","background-size":"auto","background-attachment":"scroll","background-type":"","background-media":"","overlay-type":"","overlay-color":"","overlay-opacity":"","overlay-gradient":""},"tablet":{"background-color":"","background-image":"","background-repeat":"repeat","background-position":"center center","background-size":"auto","background-attachment":"scroll","background-type":"","background-media":"","overlay-type":"","overlay-color":"","overlay-opacity":"","overlay-gradient":""},"mobile":{"background-color":"","background-image":"","background-repeat":"repeat","background-position":"center center","background-size":"auto","background-attachment":"scroll","background-type":"","background-media":"","overlay-type":"","overlay-color":"","overlay-opacity":"","overlay-gradient":""}},"ast-content-background-meta":{"desktop":{"background-color":"var(--ast-global-color-4)","background-image":"","background-repeat":"repeat","background-position":"center center","background-size":"auto","background-attachment":"scroll","background-type":"","background-media":"","overlay-type":"","overlay-color":"","overlay-opacity":"","overlay-gradient":""},"tablet":{"background-color":"var(--ast-global-color-4)","background-image":"","background-repeat":"repeat","background-position":"center center","background-size":"auto","background-attachment":"scroll","background-type":"","background-media":"","overlay-type":"","overlay-color":"","overlay-opacity":"","overlay-gradient":""},"mobile":{"background-color":"var(--ast-global-color-4)","background-image":"","background-repeat":"repeat","background-position":"center center","background-size":"auto","background-attachment":"scroll","background-type":"","background-media":"","overlay-type":"","overlay-color":"","overlay-opacity":"","overlay-gradient":""}}},"product_brand":[],"product_cat":[15,35],"product_tag":[],"class_list":{"0":"post-15562","1":"product","2":"type-product","3":"status-publish","4":"has-post-thumbnail","6":"product_cat-uncategorized","7":"product_cat-vaikams-ir-paaugliams","8":"desktop-align-left","9":"tablet-align-left","10":"mobile-align-left","12":"first","13":"instock","14":"shipping-taxable","15":"purchasable","16":"product-type-simple"},"acf":[],"yoast_head":"<!-- This site is optimized with the Yoast SEO plugin v27.0 - https:\/\/yoast.com\/product\/yoast-seo-wordpress\/ -->\n<title>Robotuko Robio i\u0161daigos<\/title>\n<meta name=\"description\" content=\"Prie Robio prijungtas elektros laidas blykstel\u0117jo, ir robotuko link kaip rusenantis dagtis nuskriejo kibirk\u0161tis. Pasigirdo tylus trek\u0161tel\u0117jimas. \u2013 O\" \/>\n<meta name=\"robots\" content=\"index, follow, max-snippet:-1, max-image-preview:large, max-video-preview:-1\" \/>\n<link rel=\"canonical\" href=\"https:\/\/skaitytaknyga.lt\/en\/produktas\/robotuko-robio-isdaigos\/\" \/>\n<meta property=\"og:locale\" content=\"en_GB\" \/>\n<meta property=\"og:locale:alternate\" content=\"lt_LT\" \/>\n<meta property=\"og:type\" content=\"article\" \/>\n<meta property=\"og:title\" content=\"Robotuko Robio i\u0161daigos\" \/>\n<meta property=\"og:description\" content=\"Prie Robio prijungtas elektros laidas blykstel\u0117jo, ir robotuko link kaip rusenantis dagtis nuskriejo kibirk\u0161tis. Pasigirdo tylus trek\u0161tel\u0117jimas. \u2013 O\" \/>\n<meta property=\"og:url\" content=\"https:\/\/skaitytaknyga.lt\/en\/produktas\/robotuko-robio-isdaigos\/\" \/>\n<meta property=\"og:site_name\" content=\"Skaitytaknyga\" \/>\n<meta property=\"article:publisher\" content=\"https:\/\/www.facebook.com\/skaitytaknyga\/\" \/>\n<meta property=\"article:modified_time\" content=\"2024-12-23T06:26:33+00:00\" \/>\n<meta property=\"og:image\" content=\"https:\/\/skaitytaknyga.lt\/wp-content\/uploads\/2024\/12\/Robotuko-Robio-isdaigos.webp\" \/>\n\t<meta property=\"og:image:width\" content=\"290\" \/>\n\t<meta property=\"og:image:height\" content=\"400\" \/>\n\t<meta property=\"og:image:type\" content=\"image\/webp\" \/>\n<meta name=\"twitter:card\" content=\"summary_large_image\" \/>\n<meta name=\"twitter:label1\" content=\"Estimated reading time\" \/>\n\t<meta name=\"twitter:data1\" content=\"1 minute\" \/>\n<script type=\"application\/ld+json\" class=\"yoast-schema-graph\">{\"@context\":\"https:\/\/schema.org\",\"@graph\":[{\"@type\":\"WebPage\",\"@id\":\"https:\/\/skaitytaknyga.lt\/produktas\/robotuko-robio-isdaigos\/\",\"url\":\"https:\/\/skaitytaknyga.lt\/produktas\/robotuko-robio-isdaigos\/\",\"name\":\"Robotuko Robio i\u0161daigos\",\"isPartOf\":{\"@id\":\"https:\/\/skaitytaknyga.lt\/#website\"},\"primaryImageOfPage\":{\"@id\":\"https:\/\/skaitytaknyga.lt\/produktas\/robotuko-robio-isdaigos\/#primaryimage\"},\"image\":{\"@id\":\"https:\/\/skaitytaknyga.lt\/produktas\/robotuko-robio-isdaigos\/#primaryimage\"},\"thumbnailUrl\":\"https:\/\/skaitytaknyga.lt\/wp-content\/uploads\/2024\/12\/Robotuko-Robio-isdaigos.webp\",\"datePublished\":\"2024-12-19T08:44:45+00:00\",\"dateModified\":\"2024-12-23T06:26:33+00:00\",\"description\":\"Prie Robio prijungtas elektros laidas blykstel\u0117jo, ir robotuko link kaip rusenantis dagtis nuskriejo kibirk\u0161tis. Pasigirdo tylus trek\u0161tel\u0117jimas. \u2013 O\",\"breadcrumb\":{\"@id\":\"https:\/\/skaitytaknyga.lt\/produktas\/robotuko-robio-isdaigos\/#breadcrumb\"},\"inLanguage\":\"en-GB\",\"potentialAction\":[{\"@type\":\"ReadAction\",\"target\":[\"https:\/\/skaitytaknyga.lt\/produktas\/robotuko-robio-isdaigos\/\"]}]},{\"@type\":\"ImageObject\",\"inLanguage\":\"en-GB\",\"@id\":\"https:\/\/skaitytaknyga.lt\/produktas\/robotuko-robio-isdaigos\/#primaryimage\",\"url\":\"https:\/\/skaitytaknyga.lt\/wp-content\/uploads\/2024\/12\/Robotuko-Robio-isdaigos.webp\",\"contentUrl\":\"https:\/\/skaitytaknyga.lt\/wp-content\/uploads\/2024\/12\/Robotuko-Robio-isdaigos.webp\",\"width\":290,\"height\":400,\"caption\":\"Robotuko Robio i\u0161daigos\"},{\"@type\":\"BreadcrumbList\",\"@id\":\"https:\/\/skaitytaknyga.lt\/produktas\/robotuko-robio-isdaigos\/#breadcrumb\",\"itemListElement\":[{\"@type\":\"ListItem\",\"position\":1,\"name\":\"Home\",\"item\":\"https:\/\/skaitytaknyga.lt\/\"},{\"@type\":\"ListItem\",\"position\":2,\"name\":\"Parduotuv\u0117\",\"item\":\"https:\/\/skaitytaknyga.lt\/knygu-parduotuve\/\"},{\"@type\":\"ListItem\",\"position\":3,\"name\":\"Robotuko Robio i\u0161daigos\"}]},{\"@type\":\"WebSite\",\"@id\":\"https:\/\/skaitytaknyga.lt\/#website\",\"url\":\"https:\/\/skaitytaknyga.lt\/\",\"name\":\"skaitytaknyga.lt\",\"description\":\"Skaitytaknyga.lt \u2013 tai ma\u017eas \u0161eimos verslas, kuris prasid\u0117jo nuo meil\u0117s knygoms ir siekio i\u0161gelb\u0117ti knygas nuo likimo prie konteinerio. Kas vienam nereikalingas daiktas \u2013 kitam lobis, o mes esame tarpininkai, kurie padeda abiems tapti laimingesniems ???? \u017dinome kaip nelengva i\u0161gyventi ma\u017eiems verslams, tad nuo \u0161iol, \u010dia rasite ir kit\u0173, ma\u017e\u0173 \u0161eim\u0173 versl\u0173, rank\u0173 darbo, dovan\u0173 sau ir artimiesiems.\",\"publisher\":{\"@id\":\"https:\/\/skaitytaknyga.lt\/#organization\"},\"potentialAction\":[{\"@type\":\"SearchAction\",\"target\":{\"@type\":\"EntryPoint\",\"urlTemplate\":\"https:\/\/skaitytaknyga.lt\/?s={search_term_string}\"},\"query-input\":{\"@type\":\"PropertyValueSpecification\",\"valueRequired\":true,\"valueName\":\"search_term_string\"}}],\"inLanguage\":\"en-GB\"},{\"@type\":\"Organization\",\"@id\":\"https:\/\/skaitytaknyga.lt\/#organization\",\"name\":\"skaitytaknyga.lt\",\"url\":\"https:\/\/skaitytaknyga.lt\/\",\"logo\":{\"@type\":\"ImageObject\",\"inLanguage\":\"en-GB\",\"@id\":\"https:\/\/skaitytaknyga.lt\/#\/schema\/logo\/image\/\",\"url\":\"https:\/\/skaitytaknyga.lt\/wp-content\/uploads\/2024\/05\/cropped-cropped-cropped-02_00843_jt3bggkj1j3HLc7SyY6rEUpg.jpeg\",\"contentUrl\":\"https:\/\/skaitytaknyga.lt\/wp-content\/uploads\/2024\/05\/cropped-cropped-cropped-02_00843_jt3bggkj1j3HLc7SyY6rEUpg.jpeg\",\"width\":1600,\"height\":1600,\"caption\":\"skaitytaknyga.lt\"},\"image\":{\"@id\":\"https:\/\/skaitytaknyga.lt\/#\/schema\/logo\/image\/\"},\"sameAs\":[\"https:\/\/www.facebook.com\/skaitytaknyga\/\"]}]}<\/script>\n<!-- \/ Yoast SEO plugin. -->","yoast_head_json":{"title":"Robotuko Robio i\u0161daigos","description":"Prie Robio prijungtas elektros laidas blykstel\u0117jo, ir robotuko link kaip rusenantis dagtis nuskriejo kibirk\u0161tis. Pasigirdo tylus trek\u0161tel\u0117jimas. \u2013 O","robots":{"index":"index","follow":"follow","max-snippet":"max-snippet:-1","max-image-preview":"max-image-preview:large","max-video-preview":"max-video-preview:-1"},"canonical":"https:\/\/skaitytaknyga.lt\/en\/produktas\/robotuko-robio-isdaigos\/","og_locale":"en_GB","og_type":"article","og_title":"[:lt]Robotuko Robio i\u0161daigos[:] - Skaitytaknyga","og_description":"Prie Robio prijungtas elektros laidas blykstel\u0117jo, ir robotuko link kaip rusenantis dagtis nuskriejo kibirk\u0161tis. Pasigirdo tylus trek\u0161tel\u0117jimas. \u2013 O","og_url":"https:\/\/skaitytaknyga.lt\/en\/produktas\/robotuko-robio-isdaigos\/","og_site_name":"Skaitytaknyga","article_publisher":"https:\/\/www.facebook.com\/skaitytaknyga\/","article_modified_time":"2024-12-23T06:26:33+00:00","og_image":[{"width":290,"height":400,"url":"https:\/\/skaitytaknyga.lt\/wp-content\/uploads\/2024\/12\/Robotuko-Robio-isdaigos.webp","type":"image\/webp"}],"twitter_card":"summary_large_image","twitter_misc":{"Estimated reading time":"1 minute"},"schema":{"@context":"https:\/\/schema.org","@graph":[{"@type":"WebPage","@id":"https:\/\/skaitytaknyga.lt\/produktas\/robotuko-robio-isdaigos\/","url":"https:\/\/skaitytaknyga.lt\/produktas\/robotuko-robio-isdaigos\/","name":"Robotuko Robio i\u0161daigos","isPartOf":{"@id":"https:\/\/skaitytaknyga.lt\/#website"},"primaryImageOfPage":{"@id":"https:\/\/skaitytaknyga.lt\/produktas\/robotuko-robio-isdaigos\/#primaryimage"},"image":{"@id":"https:\/\/skaitytaknyga.lt\/produktas\/robotuko-robio-isdaigos\/#primaryimage"},"thumbnailUrl":"https:\/\/skaitytaknyga.lt\/wp-content\/uploads\/2024\/12\/Robotuko-Robio-isdaigos.webp","datePublished":"2024-12-19T08:44:45+00:00","dateModified":"2024-12-23T06:26:33+00:00","description":"Prie Robio prijungtas elektros laidas blykstel\u0117jo, ir robotuko link kaip rusenantis dagtis nuskriejo kibirk\u0161tis. Pasigirdo tylus trek\u0161tel\u0117jimas. \u2013 O","breadcrumb":{"@id":"https:\/\/skaitytaknyga.lt\/produktas\/robotuko-robio-isdaigos\/#breadcrumb"},"inLanguage":"en-GB","potentialAction":[{"@type":"ReadAction","target":["https:\/\/skaitytaknyga.lt\/produktas\/robotuko-robio-isdaigos\/"]}]},{"@type":"ImageObject","inLanguage":"en-GB","@id":"https:\/\/skaitytaknyga.lt\/produktas\/robotuko-robio-isdaigos\/#primaryimage","url":"https:\/\/skaitytaknyga.lt\/wp-content\/uploads\/2024\/12\/Robotuko-Robio-isdaigos.webp","contentUrl":"https:\/\/skaitytaknyga.lt\/wp-content\/uploads\/2024\/12\/Robotuko-Robio-isdaigos.webp","width":290,"height":400,"caption":"Robotuko Robio i\u0161daigos"},{"@type":"BreadcrumbList","@id":"https:\/\/skaitytaknyga.lt\/produktas\/robotuko-robio-isdaigos\/#breadcrumb","itemListElement":[{"@type":"ListItem","position":1,"name":"Home","item":"https:\/\/skaitytaknyga.lt\/"},{"@type":"ListItem","position":2,"name":"Parduotuv\u0117","item":"https:\/\/skaitytaknyga.lt\/knygu-parduotuve\/"},{"@type":"ListItem","position":3,"name":"Robotuko Robio i\u0161daigos"}]},{"@type":"WebSite","@id":"https:\/\/skaitytaknyga.lt\/#website","url":"https:\/\/skaitytaknyga.lt\/","name":"skaitytaknyga.lt","description":"Skaitytaknyga.lt \u2013 tai ma\u017eas \u0161eimos verslas, kuris prasid\u0117jo nuo meil\u0117s knygoms ir siekio i\u0161gelb\u0117ti knygas nuo likimo prie konteinerio. Kas vienam nereikalingas daiktas \u2013 kitam lobis, o mes esame tarpininkai, kurie padeda abiems tapti laimingesniems ???? \u017dinome kaip nelengva i\u0161gyventi ma\u017eiems verslams, tad nuo \u0161iol, \u010dia rasite ir kit\u0173, ma\u017e\u0173 \u0161eim\u0173 versl\u0173, rank\u0173 darbo, dovan\u0173 sau ir artimiesiems.","publisher":{"@id":"https:\/\/skaitytaknyga.lt\/#organization"},"potentialAction":[{"@type":"SearchAction","target":{"@type":"EntryPoint","urlTemplate":"https:\/\/skaitytaknyga.lt\/?s={search_term_string}"},"query-input":{"@type":"PropertyValueSpecification","valueRequired":true,"valueName":"search_term_string"}}],"inLanguage":"en-GB"},{"@type":"Organization","@id":"https:\/\/skaitytaknyga.lt\/#organization","name":"skaitytaknyga.lt","url":"https:\/\/skaitytaknyga.lt\/","logo":{"@type":"ImageObject","inLanguage":"en-GB","@id":"https:\/\/skaitytaknyga.lt\/#\/schema\/logo\/image\/","url":"https:\/\/skaitytaknyga.lt\/wp-content\/uploads\/2024\/05\/cropped-cropped-cropped-02_00843_jt3bggkj1j3HLc7SyY6rEUpg.jpeg","contentUrl":"https:\/\/skaitytaknyga.lt\/wp-content\/uploads\/2024\/05\/cropped-cropped-cropped-02_00843_jt3bggkj1j3HLc7SyY6rEUpg.jpeg","width":1600,"height":1600,"caption":"skaitytaknyga.lt"},"image":{"@id":"https:\/\/skaitytaknyga.lt\/#\/schema\/logo\/image\/"},"sameAs":["https:\/\/www.facebook.com\/skaitytaknyga\/"]}]}},"_links":{"self":[{"href":"https:\/\/skaitytaknyga.lt\/en\/wp-json\/wp\/v2\/product\/15562","targetHints":{"allow":["GET"]}}],"collection":[{"href":"https:\/\/skaitytaknyga.lt\/en\/wp-json\/wp\/v2\/product"}],"about":[{"href":"https:\/\/skaitytaknyga.lt\/en\/wp-json\/wp\/v2\/types\/product"}],"replies":[{"embeddable":true,"href":"https:\/\/skaitytaknyga.lt\/en\/wp-json\/wp\/v2\/comments?post=15562"}],"wp:featuredmedia":[{"embeddable":true,"href":"https:\/\/skaitytaknyga.lt\/en\/wp-json\/wp\/v2\/media\/15682"}],"wp:attachment":[{"href":"https:\/\/skaitytaknyga.lt\/en\/wp-json\/wp\/v2\/media?parent=15562"}],"wp:term":[{"taxonomy":"product_brand","embeddable":true,"href":"https:\/\/skaitytaknyga.lt\/en\/wp-json\/wp\/v2\/product_brand?post=15562"},{"taxonomy":"product_cat","embeddable":true,"href":"https:\/\/skaitytaknyga.lt\/en\/wp-json\/wp\/v2\/product_cat?post=15562"},{"taxonomy":"product_tag","embeddable":true,"href":"https:\/\/skaitytaknyga.lt\/en\/wp-json\/wp\/v2\/product_tag?post=15562"}],"curies":[{"name":"wp","href":"https:\/\/api.w.org\/{rel}","templated":true}]}}