{"id":15561,"date":"2024-12-19T10:44:44","date_gmt":"2024-12-19T08:44:44","guid":{"rendered":"https:\/\/skaitytaknyga.lt\/?post_type=product&#038;p=15561"},"modified":"2025-05-22T09:09:30","modified_gmt":"2025-05-22T06:09:30","slug":"nevala-bertis-9-barkst","status":"publish","type":"product","link":"https:\/\/skaitytaknyga.lt\/en\/produktas\/nevala-bertis-9-barkst\/","title":{"rendered":"Nevala Bertis 9. Bark\u0161t!"},"content":{"rendered":"<p>Ra\u0161ytojo Alano Makdonaldo (Alan MacDonald, g. 1958 m.) ir iliustruotojo Deivido Robertso (David Roberts, g. 1970 m.) bendras darbas \u2013 knygut\u0117s apie Bert\u012f ir draugus. \u0160ioje Bertis futbolo kamuoliu i\u0161mu\u0161a kaimyn\u0117s \u0161iltnamio lang\u0105, kartu su mo\u010diute eina \u017eaisti bingo ir padeda t\u0117\u010diui golfo var\u017eybose. Linksmos ir nuotaikingos istorijos jau i\u0161mokusiems skaityti pad\u0117s nesunkiai ir smagiai \u012ftvirtinti \u012fg\u016bd\u017eius. Bertis nesistengia kr\u0117sti eibi\u0173. Nemalonumai patys j\u012f susiranda. Kad ir \u0161iandien \u2013 tiesiog i\u0161b\u0117go su draugais pa\u017eaisti futbolo. BARK\u0160T! Ir kod\u0117l tas kamuolys turi pataikyti tiesiai \u012f kaimyn\u0117s lang\u0105?<\/p>\n<ul class=\"about-product d-none d-xl-block mt-4\">\n<li><strong>Originalus pavadinimas:<\/strong>\u00a0DIRTY BERTIE. SMASH!<\/li>\n<li><strong>Autorius:<\/strong>\u00a0Alan MacDonald<\/li>\n<li><strong>Leid\u0117jas:<\/strong>\u00a0Nieko rimto<\/li>\n<li><strong>Metai:<\/strong>\u00a02020<\/li>\n<li><strong>Puslapiai:<\/strong>\u00a088<\/li>\n<li class=\"toggleable type-new-formats \"><strong>ISBN:<\/strong>\u00a09786094416170<\/li>\n<li><strong>Versijos kodas:<\/strong>\u00a0PT.<\/li>\n<li class=\"toggleable type-new-formats \"><strong>Formatas:<\/strong>\u00a015,6 x 23,4 x 1,2 cm, kieti vir\u0161eliai<\/li>\n<li><strong>Kalba:<\/strong>\u00a0Lietuvi\u0173<\/li>\n<li><strong>Vert\u0117jas:<\/strong>\u00a0Valdas Kalvis<\/li>\n<li><strong>Knyg\u0173 serija:<\/strong>\u00a0A\u0161 skaitau! 2<\/li>\n<\/ul>\n","protected":false},"excerpt":{"rendered":"<p>Ra\u0161ytojo Alano Makdonaldo (Alan MacDonald, g. 1958 m.) ir iliustruotojo Deivido Robertso (David Roberts, g. 1970 m.) bendras darbas \u2013 knygut\u0117s apie Bert\u012f ir draugus. \u0160ioje Bertis futbolo kamuoliu i\u0161mu\u0161a kaimyn\u0117s \u0161iltnamio lang\u0105, kartu su mo\u010diute eina \u017eaisti bingo ir padeda t\u0117\u010diui golfo var\u017eybose. Linksmos ir nuotaikingos istorijos jau i\u0161mokusiems skaityti pad\u0117s nesunkiai ir smagiai \u012ftvirtinti \u012fg\u016bd\u017eius. Bertis nesistengia kr\u0117sti eibi\u0173. Nemalonumai patys j\u012f susiranda. Kad ir \u0161iandien \u2013 tiesiog i\u0161b\u0117go su draugais pa\u017eaisti futbolo. BARK\u0160T! Ir kod\u0117l tas kamuolys turi pataikyti tiesiai \u012f kaimyn\u0117s lang\u0105? Originalus pavadinimas:\u00a0DIRTY BERTIE. SMASH! Autorius:\u00a0Alan MacDonald Leid\u0117jas:\u00a0Nieko rimto Metai:\u00a02020 Puslapiai:\u00a088 ISBN:\u00a09786094416170 Versijos kodas:\u00a0PT. Formatas:\u00a015,6 x 23,4 x 1,2 cm, kieti vir\u0161eliai Kalba:\u00a0Lietuvi\u0173 Vert\u0117jas:\u00a0Valdas Kalvis Knyg\u0173 serija:\u00a0A\u0161 skaitau! 2<\/p>\n","protected":false},"featured_media":15683,"comment_status":"open","ping_status":"closed","template":"","meta":{"_acf_changed":false,"site-sidebar-layout":"default","site-content-layout":"","ast-site-content-layout":"default","site-content-style":"default","site-sidebar-style":"default","ast-global-header-display":"","ast-banner-title-visibility":"","ast-main-header-display":"","ast-hfb-above-header-display":"","ast-hfb-below-header-display":"","ast-hfb-mobile-header-display":"","site-post-title":"","ast-breadcrumbs-content":"","ast-featured-img":"","footer-sml-layout":"","ast-disable-related-posts":"","theme-transparent-header-meta":"default","adv-header-id-meta":"","stick-header-meta":"","header-above-stick-meta":"","header-main-stick-meta":"","header-below-stick-meta":"","astra-migrate-meta-layouts":"set","ast-page-background-enabled":"default","ast-page-background-meta":{"desktop":{"background-color":"","background-image":"","background-repeat":"repeat","background-position":"center center","background-size":"auto","background-attachment":"scroll","background-type":"","background-media":"","overlay-type":"","overlay-color":"","overlay-opacity":"","overlay-gradient":""},"tablet":{"background-color":"","background-image":"","background-repeat":"repeat","background-position":"center center","background-size":"auto","background-attachment":"scroll","background-type":"","background-media":"","overlay-type":"","overlay-color":"","overlay-opacity":"","overlay-gradient":""},"mobile":{"background-color":"","background-image":"","background-repeat":"repeat","background-position":"center center","background-size":"auto","background-attachment":"scroll","background-type":"","background-media":"","overlay-type":"","overlay-color":"","overlay-opacity":"","overlay-gradient":""}},"ast-content-background-meta":{"desktop":{"background-color":"var(--ast-global-color-4)","background-image":"","background-repeat":"repeat","background-position":"center center","background-size":"auto","background-attachment":"scroll","background-type":"","background-media":"","overlay-type":"","overlay-color":"","overlay-opacity":"","overlay-gradient":""},"tablet":{"background-color":"var(--ast-global-color-4)","background-image":"","background-repeat":"repeat","background-position":"center center","background-size":"auto","background-attachment":"scroll","background-type":"","background-media":"","overlay-type":"","overlay-color":"","overlay-opacity":"","overlay-gradient":""},"mobile":{"background-color":"var(--ast-global-color-4)","background-image":"","background-repeat":"repeat","background-position":"center center","background-size":"auto","background-attachment":"scroll","background-type":"","background-media":"","overlay-type":"","overlay-color":"","overlay-opacity":"","overlay-gradient":""}}},"product_brand":[],"product_cat":[15,35],"product_tag":[3166,3165,3168,3167,1451,3150,1785],"class_list":{"0":"post-15561","1":"product","2":"type-product","3":"status-publish","4":"has-post-thumbnail","6":"product_cat-uncategorized","7":"product_cat-vaikams-ir-paaugliams","8":"product_tag-alan-macdonald","9":"product_tag-david-roberts","10":"product_tag-futbolas","11":"product_tag-nevala-bertis","12":"product_tag-nuotykiai","13":"product_tag-sportas","14":"product_tag-vaikams","15":"desktop-align-left","16":"tablet-align-left","17":"mobile-align-left","19":"first","20":"outofstock","21":"shipping-taxable","22":"purchasable","23":"product-type-simple"},"acf":[],"yoast_head":"<!-- This site is optimized with the Yoast SEO plugin v27.0 - https:\/\/yoast.com\/product\/yoast-seo-wordpress\/ -->\n<title>Nevala Bertis 9. Bark\u0161t!<\/title>\n<meta name=\"description\" content=\"Ra\u0161ytojo Alano Makdonaldo (Alan MacDonald, g. 1958 m.) ir iliustruotojo Deivido Robertso (David Roberts, g. 1970 m.) bendras darbas \u2013 knygut\u0117s apie Bert\u012f\" \/>\n<meta name=\"robots\" content=\"index, follow, max-snippet:-1, max-image-preview:large, max-video-preview:-1\" \/>\n<link rel=\"canonical\" href=\"https:\/\/skaitytaknyga.lt\/en\/produktas\/nevala-bertis-9-barkst\/\" \/>\n<meta property=\"og:locale\" content=\"en_GB\" \/>\n<meta property=\"og:locale:alternate\" content=\"lt_LT\" \/>\n<meta property=\"og:type\" content=\"article\" \/>\n<meta property=\"og:title\" content=\"Nevala Bertis 9. Bark\u0161t!\" \/>\n<meta property=\"og:description\" content=\"Ra\u0161ytojo Alano Makdonaldo (Alan MacDonald, g. 1958 m.) ir iliustruotojo Deivido Robertso (David Roberts, g. 1970 m.) bendras darbas \u2013 knygut\u0117s apie Bert\u012f\" \/>\n<meta property=\"og:url\" content=\"https:\/\/skaitytaknyga.lt\/en\/produktas\/nevala-bertis-9-barkst\/\" \/>\n<meta property=\"og:site_name\" content=\"Skaitytaknyga\" \/>\n<meta property=\"article:publisher\" content=\"https:\/\/www.facebook.com\/skaitytaknyga\/\" \/>\n<meta property=\"article:modified_time\" content=\"2025-05-22T06:09:30+00:00\" \/>\n<meta property=\"og:image\" content=\"https:\/\/skaitytaknyga.lt\/wp-content\/uploads\/2024\/12\/Nevala-Bertis-9.-Barkst.webp\" \/>\n\t<meta property=\"og:image:width\" content=\"531\" \/>\n\t<meta property=\"og:image:height\" content=\"800\" \/>\n\t<meta property=\"og:image:type\" content=\"image\/webp\" \/>\n<meta name=\"twitter:card\" content=\"summary_large_image\" \/>\n<meta name=\"twitter:label1\" content=\"Estimated reading time\" \/>\n\t<meta name=\"twitter:data1\" content=\"1 minute\" \/>\n<script type=\"application\/ld+json\" class=\"yoast-schema-graph\">{\"@context\":\"https:\/\/schema.org\",\"@graph\":[{\"@type\":\"WebPage\",\"@id\":\"https:\/\/skaitytaknyga.lt\/produktas\/nevala-bertis-9-barkst\/\",\"url\":\"https:\/\/skaitytaknyga.lt\/produktas\/nevala-bertis-9-barkst\/\",\"name\":\"Nevala Bertis 9. Bark\u0161t!\",\"isPartOf\":{\"@id\":\"https:\/\/skaitytaknyga.lt\/#website\"},\"primaryImageOfPage\":{\"@id\":\"https:\/\/skaitytaknyga.lt\/produktas\/nevala-bertis-9-barkst\/#primaryimage\"},\"image\":{\"@id\":\"https:\/\/skaitytaknyga.lt\/produktas\/nevala-bertis-9-barkst\/#primaryimage\"},\"thumbnailUrl\":\"https:\/\/skaitytaknyga.lt\/wp-content\/uploads\/2024\/12\/Nevala-Bertis-9.-Barkst.webp\",\"datePublished\":\"2024-12-19T08:44:44+00:00\",\"dateModified\":\"2025-05-22T06:09:30+00:00\",\"description\":\"Ra\u0161ytojo Alano Makdonaldo (Alan MacDonald, g. 1958 m.) ir iliustruotojo Deivido Robertso (David Roberts, g. 1970 m.) bendras darbas \u2013 knygut\u0117s apie Bert\u012f\",\"breadcrumb\":{\"@id\":\"https:\/\/skaitytaknyga.lt\/produktas\/nevala-bertis-9-barkst\/#breadcrumb\"},\"inLanguage\":\"en-GB\",\"potentialAction\":[{\"@type\":\"ReadAction\",\"target\":[\"https:\/\/skaitytaknyga.lt\/produktas\/nevala-bertis-9-barkst\/\"]}]},{\"@type\":\"ImageObject\",\"inLanguage\":\"en-GB\",\"@id\":\"https:\/\/skaitytaknyga.lt\/produktas\/nevala-bertis-9-barkst\/#primaryimage\",\"url\":\"https:\/\/skaitytaknyga.lt\/wp-content\/uploads\/2024\/12\/Nevala-Bertis-9.-Barkst.webp\",\"contentUrl\":\"https:\/\/skaitytaknyga.lt\/wp-content\/uploads\/2024\/12\/Nevala-Bertis-9.-Barkst.webp\",\"width\":531,\"height\":800,\"caption\":\"Nevala Bertis 9. Bark\u0161t!\"},{\"@type\":\"BreadcrumbList\",\"@id\":\"https:\/\/skaitytaknyga.lt\/produktas\/nevala-bertis-9-barkst\/#breadcrumb\",\"itemListElement\":[{\"@type\":\"ListItem\",\"position\":1,\"name\":\"Home\",\"item\":\"https:\/\/skaitytaknyga.lt\/\"},{\"@type\":\"ListItem\",\"position\":2,\"name\":\"Parduotuv\u0117\",\"item\":\"https:\/\/skaitytaknyga.lt\/knygu-parduotuve\/\"},{\"@type\":\"ListItem\",\"position\":3,\"name\":\"Nevala Bertis 9. Bark\u0161t!\"}]},{\"@type\":\"WebSite\",\"@id\":\"https:\/\/skaitytaknyga.lt\/#website\",\"url\":\"https:\/\/skaitytaknyga.lt\/\",\"name\":\"skaitytaknyga.lt\",\"description\":\"Skaitytaknyga.lt \u2013 tai ma\u017eas \u0161eimos verslas, kuris prasid\u0117jo nuo meil\u0117s knygoms ir siekio i\u0161gelb\u0117ti knygas nuo likimo prie konteinerio. Kas vienam nereikalingas daiktas \u2013 kitam lobis, o mes esame tarpininkai, kurie padeda abiems tapti laimingesniems ???? \u017dinome kaip nelengva i\u0161gyventi ma\u017eiems verslams, tad nuo \u0161iol, \u010dia rasite ir kit\u0173, ma\u017e\u0173 \u0161eim\u0173 versl\u0173, rank\u0173 darbo, dovan\u0173 sau ir artimiesiems.\",\"publisher\":{\"@id\":\"https:\/\/skaitytaknyga.lt\/#organization\"},\"potentialAction\":[{\"@type\":\"SearchAction\",\"target\":{\"@type\":\"EntryPoint\",\"urlTemplate\":\"https:\/\/skaitytaknyga.lt\/?s={search_term_string}\"},\"query-input\":{\"@type\":\"PropertyValueSpecification\",\"valueRequired\":true,\"valueName\":\"search_term_string\"}}],\"inLanguage\":\"en-GB\"},{\"@type\":\"Organization\",\"@id\":\"https:\/\/skaitytaknyga.lt\/#organization\",\"name\":\"skaitytaknyga.lt\",\"url\":\"https:\/\/skaitytaknyga.lt\/\",\"logo\":{\"@type\":\"ImageObject\",\"inLanguage\":\"en-GB\",\"@id\":\"https:\/\/skaitytaknyga.lt\/#\/schema\/logo\/image\/\",\"url\":\"https:\/\/skaitytaknyga.lt\/wp-content\/uploads\/2024\/05\/cropped-cropped-cropped-02_00843_jt3bggkj1j3HLc7SyY6rEUpg.jpeg\",\"contentUrl\":\"https:\/\/skaitytaknyga.lt\/wp-content\/uploads\/2024\/05\/cropped-cropped-cropped-02_00843_jt3bggkj1j3HLc7SyY6rEUpg.jpeg\",\"width\":1600,\"height\":1600,\"caption\":\"skaitytaknyga.lt\"},\"image\":{\"@id\":\"https:\/\/skaitytaknyga.lt\/#\/schema\/logo\/image\/\"},\"sameAs\":[\"https:\/\/www.facebook.com\/skaitytaknyga\/\"]}]}<\/script>\n<!-- \/ Yoast SEO plugin. -->","yoast_head_json":{"title":"Nevala Bertis 9. Bark\u0161t!","description":"Ra\u0161ytojo Alano Makdonaldo (Alan MacDonald, g. 1958 m.) ir iliustruotojo Deivido Robertso (David Roberts, g. 1970 m.) bendras darbas \u2013 knygut\u0117s apie Bert\u012f","robots":{"index":"index","follow":"follow","max-snippet":"max-snippet:-1","max-image-preview":"max-image-preview:large","max-video-preview":"max-video-preview:-1"},"canonical":"https:\/\/skaitytaknyga.lt\/en\/produktas\/nevala-bertis-9-barkst\/","og_locale":"en_GB","og_type":"article","og_title":"[:lt]Nevala Bertis 9. Bark\u0161t![:] - Skaitytaknyga","og_description":"Ra\u0161ytojo Alano Makdonaldo (Alan MacDonald, g. 1958 m.) ir iliustruotojo Deivido Robertso (David Roberts, g. 1970 m.) bendras darbas \u2013 knygut\u0117s apie Bert\u012f","og_url":"https:\/\/skaitytaknyga.lt\/en\/produktas\/nevala-bertis-9-barkst\/","og_site_name":"Skaitytaknyga","article_publisher":"https:\/\/www.facebook.com\/skaitytaknyga\/","article_modified_time":"2025-05-22T06:09:30+00:00","og_image":[{"width":531,"height":800,"url":"https:\/\/skaitytaknyga.lt\/wp-content\/uploads\/2024\/12\/Nevala-Bertis-9.-Barkst.webp","type":"image\/webp"}],"twitter_card":"summary_large_image","twitter_misc":{"Estimated reading time":"1 minute"},"schema":{"@context":"https:\/\/schema.org","@graph":[{"@type":"WebPage","@id":"https:\/\/skaitytaknyga.lt\/produktas\/nevala-bertis-9-barkst\/","url":"https:\/\/skaitytaknyga.lt\/produktas\/nevala-bertis-9-barkst\/","name":"Nevala Bertis 9. Bark\u0161t!","isPartOf":{"@id":"https:\/\/skaitytaknyga.lt\/#website"},"primaryImageOfPage":{"@id":"https:\/\/skaitytaknyga.lt\/produktas\/nevala-bertis-9-barkst\/#primaryimage"},"image":{"@id":"https:\/\/skaitytaknyga.lt\/produktas\/nevala-bertis-9-barkst\/#primaryimage"},"thumbnailUrl":"https:\/\/skaitytaknyga.lt\/wp-content\/uploads\/2024\/12\/Nevala-Bertis-9.-Barkst.webp","datePublished":"2024-12-19T08:44:44+00:00","dateModified":"2025-05-22T06:09:30+00:00","description":"Ra\u0161ytojo Alano Makdonaldo (Alan MacDonald, g. 1958 m.) ir iliustruotojo Deivido Robertso (David Roberts, g. 1970 m.) bendras darbas \u2013 knygut\u0117s apie Bert\u012f","breadcrumb":{"@id":"https:\/\/skaitytaknyga.lt\/produktas\/nevala-bertis-9-barkst\/#breadcrumb"},"inLanguage":"en-GB","potentialAction":[{"@type":"ReadAction","target":["https:\/\/skaitytaknyga.lt\/produktas\/nevala-bertis-9-barkst\/"]}]},{"@type":"ImageObject","inLanguage":"en-GB","@id":"https:\/\/skaitytaknyga.lt\/produktas\/nevala-bertis-9-barkst\/#primaryimage","url":"https:\/\/skaitytaknyga.lt\/wp-content\/uploads\/2024\/12\/Nevala-Bertis-9.-Barkst.webp","contentUrl":"https:\/\/skaitytaknyga.lt\/wp-content\/uploads\/2024\/12\/Nevala-Bertis-9.-Barkst.webp","width":531,"height":800,"caption":"Nevala Bertis 9. Bark\u0161t!"},{"@type":"BreadcrumbList","@id":"https:\/\/skaitytaknyga.lt\/produktas\/nevala-bertis-9-barkst\/#breadcrumb","itemListElement":[{"@type":"ListItem","position":1,"name":"Home","item":"https:\/\/skaitytaknyga.lt\/"},{"@type":"ListItem","position":2,"name":"Parduotuv\u0117","item":"https:\/\/skaitytaknyga.lt\/knygu-parduotuve\/"},{"@type":"ListItem","position":3,"name":"Nevala Bertis 9. Bark\u0161t!"}]},{"@type":"WebSite","@id":"https:\/\/skaitytaknyga.lt\/#website","url":"https:\/\/skaitytaknyga.lt\/","name":"skaitytaknyga.lt","description":"Skaitytaknyga.lt \u2013 tai ma\u017eas \u0161eimos verslas, kuris prasid\u0117jo nuo meil\u0117s knygoms ir siekio i\u0161gelb\u0117ti knygas nuo likimo prie konteinerio. Kas vienam nereikalingas daiktas \u2013 kitam lobis, o mes esame tarpininkai, kurie padeda abiems tapti laimingesniems ???? \u017dinome kaip nelengva i\u0161gyventi ma\u017eiems verslams, tad nuo \u0161iol, \u010dia rasite ir kit\u0173, ma\u017e\u0173 \u0161eim\u0173 versl\u0173, rank\u0173 darbo, dovan\u0173 sau ir artimiesiems.","publisher":{"@id":"https:\/\/skaitytaknyga.lt\/#organization"},"potentialAction":[{"@type":"SearchAction","target":{"@type":"EntryPoint","urlTemplate":"https:\/\/skaitytaknyga.lt\/?s={search_term_string}"},"query-input":{"@type":"PropertyValueSpecification","valueRequired":true,"valueName":"search_term_string"}}],"inLanguage":"en-GB"},{"@type":"Organization","@id":"https:\/\/skaitytaknyga.lt\/#organization","name":"skaitytaknyga.lt","url":"https:\/\/skaitytaknyga.lt\/","logo":{"@type":"ImageObject","inLanguage":"en-GB","@id":"https:\/\/skaitytaknyga.lt\/#\/schema\/logo\/image\/","url":"https:\/\/skaitytaknyga.lt\/wp-content\/uploads\/2024\/05\/cropped-cropped-cropped-02_00843_jt3bggkj1j3HLc7SyY6rEUpg.jpeg","contentUrl":"https:\/\/skaitytaknyga.lt\/wp-content\/uploads\/2024\/05\/cropped-cropped-cropped-02_00843_jt3bggkj1j3HLc7SyY6rEUpg.jpeg","width":1600,"height":1600,"caption":"skaitytaknyga.lt"},"image":{"@id":"https:\/\/skaitytaknyga.lt\/#\/schema\/logo\/image\/"},"sameAs":["https:\/\/www.facebook.com\/skaitytaknyga\/"]}]}},"_links":{"self":[{"href":"https:\/\/skaitytaknyga.lt\/en\/wp-json\/wp\/v2\/product\/15561","targetHints":{"allow":["GET"]}}],"collection":[{"href":"https:\/\/skaitytaknyga.lt\/en\/wp-json\/wp\/v2\/product"}],"about":[{"href":"https:\/\/skaitytaknyga.lt\/en\/wp-json\/wp\/v2\/types\/product"}],"replies":[{"embeddable":true,"href":"https:\/\/skaitytaknyga.lt\/en\/wp-json\/wp\/v2\/comments?post=15561"}],"wp:featuredmedia":[{"embeddable":true,"href":"https:\/\/skaitytaknyga.lt\/en\/wp-json\/wp\/v2\/media\/15683"}],"wp:attachment":[{"href":"https:\/\/skaitytaknyga.lt\/en\/wp-json\/wp\/v2\/media?parent=15561"}],"wp:term":[{"taxonomy":"product_brand","embeddable":true,"href":"https:\/\/skaitytaknyga.lt\/en\/wp-json\/wp\/v2\/product_brand?post=15561"},{"taxonomy":"product_cat","embeddable":true,"href":"https:\/\/skaitytaknyga.lt\/en\/wp-json\/wp\/v2\/product_cat?post=15561"},{"taxonomy":"product_tag","embeddable":true,"href":"https:\/\/skaitytaknyga.lt\/en\/wp-json\/wp\/v2\/product_tag?post=15561"}],"curies":[{"name":"wp","href":"https:\/\/api.w.org\/{rel}","templated":true}]}}