{"id":15488,"date":"2024-12-18T14:19:13","date_gmt":"2024-12-18T12:19:13","guid":{"rendered":"https:\/\/skaitytaknyga.lt\/?post_type=product&#038;p=15488"},"modified":"2024-12-19T07:50:49","modified_gmt":"2024-12-19T05:50:49","slug":"as-ir-pasaulis","status":"publish","type":"product","link":"https:\/\/skaitytaknyga.lt\/en\/produktas\/as-ir-pasaulis\/","title":{"rendered":"A\u0161 ir pasaulis"},"content":{"rendered":"<p>Esi smalsus? Ir jau lankai mokykl\u0105? \u0160aunu! O ar \u017einai, i\u0161 ko gaminami\u00a0zefyrai, kada prasideda mokslo metai Australijoje ir kod\u0117l i\u0161nyko\u00a0dinozaurai (oi, o gal keletas j\u0173 liko?). I\u0161 ko statomi namai, kiek kalb\u0173\u00a0moka delfinai ir kur \u012fkurta pirmoji mokykla Lietuvoje?<\/p>\n<p>Nor\u0117tum su\u017einoti? Pa\u017einti ne tik pasaul\u012f, bet ir save? Tai \u0161tai \u2013 pra\u0161om!\u00a0Versk puslapius ir keliauk! \u0160i\u0105 knyg\u0105 kaip tik tau suk\u016br\u0117 vaik\u0173\u00a0ra\u0161ytoja\u00a0<strong>Danguol\u0117 Kandrotien\u0117<\/strong>\u00a0(2014 met\u0173 knygos autor\u0117) kartu su\u00a0b\u016briu dailinink\u0173, autori\u0173 ir kit\u0173 smalsi\u0173 \u017emoni\u0173.<\/p>\n<p><strong>\u201eA\u0161 ir pasaulis\u201c<\/strong>\u00a0\u2013 pradini\u0173 klasi\u0173 moksleiviams skirta enciklopedija, parengta Lietuvoje.\u00a0Ma\u017eieji smalsuoliai, skaitydami \u0161i\u0105 knyg\u0105, su\u017einos svarbiausi\u0173 fakt\u0173 apie pasaul\u012f ir m\u016bs\u0173 \u0161al\u012f \u2013 Lietuv\u0105. Ai\u0161kiai ir pradinukams suprantamai pateikta informacija apie pasaulio ir Lietuvos\u00a0istorij\u0105, \u017eemynus, moksl\u0105, kult\u016br\u0105, augalus, gyv\u016bnus ir, svarbiausia, mus pa\u010dius \u2013 \u017emones.\u00a0Nuotaikingos nuotraukos ir iliustracijos padeda mokytis \u012fdomiau ir linksmiau!<\/p>\n<p><strong>\u017daismingos iliustracijos\u00a0<\/strong><\/p>\n<p><strong>\u012edom\u016bs tekstai<\/strong><\/p>\n<p><strong>Papildo mokykl\u0173 ugdymo programas<\/strong><\/p>\n<ul class=\"about-product d-none d-xl-block mt-4\">\n<li><strong>Autorius:<\/strong>\u00a0Danguol\u0117 Kandrotien\u0117<\/li>\n<li><strong>Leid\u0117jas:<\/strong>\u00a0Debes\u0173 ganyklos<\/li>\n<li><strong>Metai:<\/strong>\u00a02015<\/li>\n<li><strong>Puslapiai:<\/strong>\u00a0224<\/li>\n<li class=\"toggleable type-new-formats \"><strong>ISBN:<\/strong>\u00a09786098090802<\/li>\n<li><strong>Versijos kodas:<\/strong>\u00a0PT.<\/li>\n<li class=\"toggleable type-new-formats \"><strong>Formatas:<\/strong>\u00a021,5 x 30,5 cm, kieti vir\u0161eliai<\/li>\n<li><strong>Kalba:<\/strong>\u00a0Lietuvi\u0173<\/li>\n<\/ul>\n","protected":false},"excerpt":{"rendered":"<p>Esi smalsus? Ir jau lankai mokykl\u0105? \u0160aunu! O ar \u017einai, i\u0161 ko gaminami\u00a0zefyrai, kada prasideda mokslo metai Australijoje ir kod\u0117l i\u0161nyko\u00a0dinozaurai (oi, o gal keletas j\u0173 liko?). I\u0161 ko statomi namai, kiek kalb\u0173\u00a0moka delfinai ir kur \u012fkurta pirmoji mokykla Lietuvoje? Nor\u0117tum su\u017einoti? Pa\u017einti ne tik pasaul\u012f, bet ir save? Tai \u0161tai \u2013 pra\u0161om!\u00a0Versk puslapius ir keliauk! \u0160i\u0105 knyg\u0105 kaip tik tau suk\u016br\u0117 vaik\u0173\u00a0ra\u0161ytoja\u00a0Danguol\u0117 Kandrotien\u0117\u00a0(2014 met\u0173 knygos autor\u0117) kartu su\u00a0b\u016briu dailinink\u0173, autori\u0173 ir kit\u0173 smalsi\u0173 \u017emoni\u0173. \u201eA\u0161 ir pasaulis\u201c\u00a0\u2013 pradini\u0173 klasi\u0173 moksleiviams skirta enciklopedija, parengta Lietuvoje.\u00a0Ma\u017eieji smalsuoliai, skaitydami \u0161i\u0105 knyg\u0105, su\u017einos svarbiausi\u0173 fakt\u0173 apie pasaul\u012f ir m\u016bs\u0173 \u0161al\u012f \u2013 Lietuv\u0105. Ai\u0161kiai ir pradinukams suprantamai pateikta informacija apie pasaulio ir Lietuvos\u00a0istorij\u0105, \u017eemynus, moksl\u0105, kult\u016br\u0105, augalus, gyv\u016bnus ir, svarbiausia, mus pa\u010dius \u2013 \u017emones.\u00a0Nuotaikingos nuotraukos ir iliustracijos padeda mokytis \u012fdomiau ir linksmiau! \u017daismingos iliustracijos\u00a0 \u012edom\u016bs tekstai Papildo mokykl\u0173 ugdymo programas Autorius:\u00a0Danguol\u0117 Kandrotien\u0117 Leid\u0117jas:\u00a0Debes\u0173 ganyklos Metai:\u00a02015 Puslapiai:\u00a0224 ISBN:\u00a09786098090802 Versijos kodas:\u00a0PT. Formatas:\u00a021,5 x 30,5 cm, kieti vir\u0161eliai Kalba:\u00a0Lietuvi\u0173<\/p>\n","protected":false},"featured_media":15500,"comment_status":"open","ping_status":"closed","template":"","meta":{"_acf_changed":false,"site-sidebar-layout":"default","site-content-layout":"","ast-site-content-layout":"default","site-content-style":"default","site-sidebar-style":"default","ast-global-header-display":"","ast-banner-title-visibility":"","ast-main-header-display":"","ast-hfb-above-header-display":"","ast-hfb-below-header-display":"","ast-hfb-mobile-header-display":"","site-post-title":"","ast-breadcrumbs-content":"","ast-featured-img":"","footer-sml-layout":"","ast-disable-related-posts":"","theme-transparent-header-meta":"default","adv-header-id-meta":"","stick-header-meta":"","header-above-stick-meta":"","header-main-stick-meta":"","header-below-stick-meta":"","astra-migrate-meta-layouts":"set","ast-page-background-enabled":"default","ast-page-background-meta":{"desktop":{"background-color":"","background-image":"","background-repeat":"repeat","background-position":"center center","background-size":"auto","background-attachment":"scroll","background-type":"","background-media":"","overlay-type":"","overlay-color":"","overlay-opacity":"","overlay-gradient":""},"tablet":{"background-color":"","background-image":"","background-repeat":"repeat","background-position":"center center","background-size":"auto","background-attachment":"scroll","background-type":"","background-media":"","overlay-type":"","overlay-color":"","overlay-opacity":"","overlay-gradient":""},"mobile":{"background-color":"","background-image":"","background-repeat":"repeat","background-position":"center center","background-size":"auto","background-attachment":"scroll","background-type":"","background-media":"","overlay-type":"","overlay-color":"","overlay-opacity":"","overlay-gradient":""}},"ast-content-background-meta":{"desktop":{"background-color":"var(--ast-global-color-4)","background-image":"","background-repeat":"repeat","background-position":"center center","background-size":"auto","background-attachment":"scroll","background-type":"","background-media":"","overlay-type":"","overlay-color":"","overlay-opacity":"","overlay-gradient":""},"tablet":{"background-color":"var(--ast-global-color-4)","background-image":"","background-repeat":"repeat","background-position":"center center","background-size":"auto","background-attachment":"scroll","background-type":"","background-media":"","overlay-type":"","overlay-color":"","overlay-opacity":"","overlay-gradient":""},"mobile":{"background-color":"var(--ast-global-color-4)","background-image":"","background-repeat":"repeat","background-position":"center center","background-size":"auto","background-attachment":"scroll","background-type":"","background-media":"","overlay-type":"","overlay-color":"","overlay-opacity":"","overlay-gradient":""}}},"product_brand":[],"product_cat":[15,35],"product_tag":[],"class_list":{"0":"post-15488","1":"product","2":"type-product","3":"status-publish","4":"has-post-thumbnail","6":"product_cat-uncategorized","7":"product_cat-vaikams-ir-paaugliams","8":"desktop-align-left","9":"tablet-align-left","10":"mobile-align-left","12":"first","13":"instock","14":"shipping-taxable","15":"purchasable","16":"product-type-simple"},"acf":[],"yoast_head":"<!-- This site is optimized with the Yoast SEO plugin v27.0 - https:\/\/yoast.com\/product\/yoast-seo-wordpress\/ -->\n<title>A\u0161 ir pasaulis<\/title>\n<meta name=\"description\" content=\"Esi smalsus? Ir jau lankai mokykl\u0105? \u0160aunu! O ar \u017einai, i\u0161 ko gaminami\u00a0zefyrai, kada prasideda mokslo metai Australijoje ir kod\u0117l i\u0161nyko\u00a0dinozaurai (oi, o\" \/>\n<meta name=\"robots\" content=\"index, follow, max-snippet:-1, max-image-preview:large, max-video-preview:-1\" \/>\n<link rel=\"canonical\" href=\"https:\/\/skaitytaknyga.lt\/en\/produktas\/as-ir-pasaulis\/\" \/>\n<meta property=\"og:locale\" content=\"en_GB\" \/>\n<meta property=\"og:locale:alternate\" content=\"lt_LT\" \/>\n<meta property=\"og:type\" content=\"article\" \/>\n<meta property=\"og:title\" content=\"A\u0161 ir pasaulis\" \/>\n<meta property=\"og:description\" content=\"Esi smalsus? Ir jau lankai mokykl\u0105? \u0160aunu! O ar \u017einai, i\u0161 ko gaminami\u00a0zefyrai, kada prasideda mokslo metai Australijoje ir kod\u0117l i\u0161nyko\u00a0dinozaurai (oi, o\" \/>\n<meta property=\"og:url\" content=\"https:\/\/skaitytaknyga.lt\/en\/produktas\/as-ir-pasaulis\/\" \/>\n<meta property=\"og:site_name\" content=\"Skaitytaknyga\" \/>\n<meta property=\"article:publisher\" content=\"https:\/\/www.facebook.com\/skaitytaknyga\/\" \/>\n<meta property=\"article:modified_time\" content=\"2024-12-19T05:50:49+00:00\" \/>\n<meta property=\"og:image\" content=\"https:\/\/skaitytaknyga.lt\/wp-content\/uploads\/2024\/12\/As-ir-pasaulis.webp\" \/>\n\t<meta property=\"og:image:width\" content=\"510\" \/>\n\t<meta property=\"og:image:height\" content=\"722\" \/>\n\t<meta property=\"og:image:type\" content=\"image\/webp\" \/>\n<meta name=\"twitter:card\" content=\"summary_large_image\" \/>\n<meta name=\"twitter:label1\" content=\"Estimated reading time\" \/>\n\t<meta name=\"twitter:data1\" content=\"2 minutes\" \/>\n<script type=\"application\/ld+json\" class=\"yoast-schema-graph\">{\"@context\":\"https:\/\/schema.org\",\"@graph\":[{\"@type\":\"WebPage\",\"@id\":\"https:\/\/skaitytaknyga.lt\/produktas\/as-ir-pasaulis\/\",\"url\":\"https:\/\/skaitytaknyga.lt\/produktas\/as-ir-pasaulis\/\",\"name\":\"A\u0161 ir pasaulis\",\"isPartOf\":{\"@id\":\"https:\/\/skaitytaknyga.lt\/#website\"},\"primaryImageOfPage\":{\"@id\":\"https:\/\/skaitytaknyga.lt\/produktas\/as-ir-pasaulis\/#primaryimage\"},\"image\":{\"@id\":\"https:\/\/skaitytaknyga.lt\/produktas\/as-ir-pasaulis\/#primaryimage\"},\"thumbnailUrl\":\"https:\/\/skaitytaknyga.lt\/wp-content\/uploads\/2024\/12\/As-ir-pasaulis.webp\",\"datePublished\":\"2024-12-18T12:19:13+00:00\",\"dateModified\":\"2024-12-19T05:50:49+00:00\",\"description\":\"Esi smalsus? Ir jau lankai mokykl\u0105? \u0160aunu! O ar \u017einai, i\u0161 ko gaminami\u00a0zefyrai, kada prasideda mokslo metai Australijoje ir kod\u0117l i\u0161nyko\u00a0dinozaurai (oi, o\",\"breadcrumb\":{\"@id\":\"https:\/\/skaitytaknyga.lt\/produktas\/as-ir-pasaulis\/#breadcrumb\"},\"inLanguage\":\"en-GB\",\"potentialAction\":[{\"@type\":\"ReadAction\",\"target\":[\"https:\/\/skaitytaknyga.lt\/produktas\/as-ir-pasaulis\/\"]}]},{\"@type\":\"ImageObject\",\"inLanguage\":\"en-GB\",\"@id\":\"https:\/\/skaitytaknyga.lt\/produktas\/as-ir-pasaulis\/#primaryimage\",\"url\":\"https:\/\/skaitytaknyga.lt\/wp-content\/uploads\/2024\/12\/As-ir-pasaulis.webp\",\"contentUrl\":\"https:\/\/skaitytaknyga.lt\/wp-content\/uploads\/2024\/12\/As-ir-pasaulis.webp\",\"width\":510,\"height\":722,\"caption\":\"A\u0161 ir pasaulis\"},{\"@type\":\"BreadcrumbList\",\"@id\":\"https:\/\/skaitytaknyga.lt\/produktas\/as-ir-pasaulis\/#breadcrumb\",\"itemListElement\":[{\"@type\":\"ListItem\",\"position\":1,\"name\":\"Home\",\"item\":\"https:\/\/skaitytaknyga.lt\/\"},{\"@type\":\"ListItem\",\"position\":2,\"name\":\"Parduotuv\u0117\",\"item\":\"https:\/\/skaitytaknyga.lt\/knygu-parduotuve\/\"},{\"@type\":\"ListItem\",\"position\":3,\"name\":\"A\u0161 ir pasaulis\"}]},{\"@type\":\"WebSite\",\"@id\":\"https:\/\/skaitytaknyga.lt\/#website\",\"url\":\"https:\/\/skaitytaknyga.lt\/\",\"name\":\"skaitytaknyga.lt\",\"description\":\"Skaitytaknyga.lt \u2013 tai ma\u017eas \u0161eimos verslas, kuris prasid\u0117jo nuo meil\u0117s knygoms ir siekio i\u0161gelb\u0117ti knygas nuo likimo prie konteinerio. Kas vienam nereikalingas daiktas \u2013 kitam lobis, o mes esame tarpininkai, kurie padeda abiems tapti laimingesniems ???? \u017dinome kaip nelengva i\u0161gyventi ma\u017eiems verslams, tad nuo \u0161iol, \u010dia rasite ir kit\u0173, ma\u017e\u0173 \u0161eim\u0173 versl\u0173, rank\u0173 darbo, dovan\u0173 sau ir artimiesiems.\",\"publisher\":{\"@id\":\"https:\/\/skaitytaknyga.lt\/#organization\"},\"potentialAction\":[{\"@type\":\"SearchAction\",\"target\":{\"@type\":\"EntryPoint\",\"urlTemplate\":\"https:\/\/skaitytaknyga.lt\/?s={search_term_string}\"},\"query-input\":{\"@type\":\"PropertyValueSpecification\",\"valueRequired\":true,\"valueName\":\"search_term_string\"}}],\"inLanguage\":\"en-GB\"},{\"@type\":\"Organization\",\"@id\":\"https:\/\/skaitytaknyga.lt\/#organization\",\"name\":\"skaitytaknyga.lt\",\"url\":\"https:\/\/skaitytaknyga.lt\/\",\"logo\":{\"@type\":\"ImageObject\",\"inLanguage\":\"en-GB\",\"@id\":\"https:\/\/skaitytaknyga.lt\/#\/schema\/logo\/image\/\",\"url\":\"https:\/\/skaitytaknyga.lt\/wp-content\/uploads\/2024\/05\/cropped-cropped-cropped-02_00843_jt3bggkj1j3HLc7SyY6rEUpg.jpeg\",\"contentUrl\":\"https:\/\/skaitytaknyga.lt\/wp-content\/uploads\/2024\/05\/cropped-cropped-cropped-02_00843_jt3bggkj1j3HLc7SyY6rEUpg.jpeg\",\"width\":1600,\"height\":1600,\"caption\":\"skaitytaknyga.lt\"},\"image\":{\"@id\":\"https:\/\/skaitytaknyga.lt\/#\/schema\/logo\/image\/\"},\"sameAs\":[\"https:\/\/www.facebook.com\/skaitytaknyga\/\"]}]}<\/script>\n<!-- \/ Yoast SEO plugin. -->","yoast_head_json":{"title":"A\u0161 ir pasaulis","description":"Esi smalsus? Ir jau lankai mokykl\u0105? \u0160aunu! O ar \u017einai, i\u0161 ko gaminami\u00a0zefyrai, kada prasideda mokslo metai Australijoje ir kod\u0117l i\u0161nyko\u00a0dinozaurai (oi, o","robots":{"index":"index","follow":"follow","max-snippet":"max-snippet:-1","max-image-preview":"max-image-preview:large","max-video-preview":"max-video-preview:-1"},"canonical":"https:\/\/skaitytaknyga.lt\/en\/produktas\/as-ir-pasaulis\/","og_locale":"en_GB","og_type":"article","og_title":"[:lt]A\u0161 ir pasaulis[:] - Skaitytaknyga","og_description":"Esi smalsus? Ir jau lankai mokykl\u0105? \u0160aunu! O ar \u017einai, i\u0161 ko gaminami\u00a0zefyrai, kada prasideda mokslo metai Australijoje ir kod\u0117l i\u0161nyko\u00a0dinozaurai (oi, o","og_url":"https:\/\/skaitytaknyga.lt\/en\/produktas\/as-ir-pasaulis\/","og_site_name":"Skaitytaknyga","article_publisher":"https:\/\/www.facebook.com\/skaitytaknyga\/","article_modified_time":"2024-12-19T05:50:49+00:00","og_image":[{"width":510,"height":722,"url":"https:\/\/skaitytaknyga.lt\/wp-content\/uploads\/2024\/12\/As-ir-pasaulis.webp","type":"image\/webp"}],"twitter_card":"summary_large_image","twitter_misc":{"Estimated reading time":"2 minutes"},"schema":{"@context":"https:\/\/schema.org","@graph":[{"@type":"WebPage","@id":"https:\/\/skaitytaknyga.lt\/produktas\/as-ir-pasaulis\/","url":"https:\/\/skaitytaknyga.lt\/produktas\/as-ir-pasaulis\/","name":"A\u0161 ir pasaulis","isPartOf":{"@id":"https:\/\/skaitytaknyga.lt\/#website"},"primaryImageOfPage":{"@id":"https:\/\/skaitytaknyga.lt\/produktas\/as-ir-pasaulis\/#primaryimage"},"image":{"@id":"https:\/\/skaitytaknyga.lt\/produktas\/as-ir-pasaulis\/#primaryimage"},"thumbnailUrl":"https:\/\/skaitytaknyga.lt\/wp-content\/uploads\/2024\/12\/As-ir-pasaulis.webp","datePublished":"2024-12-18T12:19:13+00:00","dateModified":"2024-12-19T05:50:49+00:00","description":"Esi smalsus? Ir jau lankai mokykl\u0105? \u0160aunu! O ar \u017einai, i\u0161 ko gaminami\u00a0zefyrai, kada prasideda mokslo metai Australijoje ir kod\u0117l i\u0161nyko\u00a0dinozaurai (oi, o","breadcrumb":{"@id":"https:\/\/skaitytaknyga.lt\/produktas\/as-ir-pasaulis\/#breadcrumb"},"inLanguage":"en-GB","potentialAction":[{"@type":"ReadAction","target":["https:\/\/skaitytaknyga.lt\/produktas\/as-ir-pasaulis\/"]}]},{"@type":"ImageObject","inLanguage":"en-GB","@id":"https:\/\/skaitytaknyga.lt\/produktas\/as-ir-pasaulis\/#primaryimage","url":"https:\/\/skaitytaknyga.lt\/wp-content\/uploads\/2024\/12\/As-ir-pasaulis.webp","contentUrl":"https:\/\/skaitytaknyga.lt\/wp-content\/uploads\/2024\/12\/As-ir-pasaulis.webp","width":510,"height":722,"caption":"A\u0161 ir pasaulis"},{"@type":"BreadcrumbList","@id":"https:\/\/skaitytaknyga.lt\/produktas\/as-ir-pasaulis\/#breadcrumb","itemListElement":[{"@type":"ListItem","position":1,"name":"Home","item":"https:\/\/skaitytaknyga.lt\/"},{"@type":"ListItem","position":2,"name":"Parduotuv\u0117","item":"https:\/\/skaitytaknyga.lt\/knygu-parduotuve\/"},{"@type":"ListItem","position":3,"name":"A\u0161 ir pasaulis"}]},{"@type":"WebSite","@id":"https:\/\/skaitytaknyga.lt\/#website","url":"https:\/\/skaitytaknyga.lt\/","name":"skaitytaknyga.lt","description":"Skaitytaknyga.lt \u2013 tai ma\u017eas \u0161eimos verslas, kuris prasid\u0117jo nuo meil\u0117s knygoms ir siekio i\u0161gelb\u0117ti knygas nuo likimo prie konteinerio. Kas vienam nereikalingas daiktas \u2013 kitam lobis, o mes esame tarpininkai, kurie padeda abiems tapti laimingesniems ???? \u017dinome kaip nelengva i\u0161gyventi ma\u017eiems verslams, tad nuo \u0161iol, \u010dia rasite ir kit\u0173, ma\u017e\u0173 \u0161eim\u0173 versl\u0173, rank\u0173 darbo, dovan\u0173 sau ir artimiesiems.","publisher":{"@id":"https:\/\/skaitytaknyga.lt\/#organization"},"potentialAction":[{"@type":"SearchAction","target":{"@type":"EntryPoint","urlTemplate":"https:\/\/skaitytaknyga.lt\/?s={search_term_string}"},"query-input":{"@type":"PropertyValueSpecification","valueRequired":true,"valueName":"search_term_string"}}],"inLanguage":"en-GB"},{"@type":"Organization","@id":"https:\/\/skaitytaknyga.lt\/#organization","name":"skaitytaknyga.lt","url":"https:\/\/skaitytaknyga.lt\/","logo":{"@type":"ImageObject","inLanguage":"en-GB","@id":"https:\/\/skaitytaknyga.lt\/#\/schema\/logo\/image\/","url":"https:\/\/skaitytaknyga.lt\/wp-content\/uploads\/2024\/05\/cropped-cropped-cropped-02_00843_jt3bggkj1j3HLc7SyY6rEUpg.jpeg","contentUrl":"https:\/\/skaitytaknyga.lt\/wp-content\/uploads\/2024\/05\/cropped-cropped-cropped-02_00843_jt3bggkj1j3HLc7SyY6rEUpg.jpeg","width":1600,"height":1600,"caption":"skaitytaknyga.lt"},"image":{"@id":"https:\/\/skaitytaknyga.lt\/#\/schema\/logo\/image\/"},"sameAs":["https:\/\/www.facebook.com\/skaitytaknyga\/"]}]}},"_links":{"self":[{"href":"https:\/\/skaitytaknyga.lt\/en\/wp-json\/wp\/v2\/product\/15488","targetHints":{"allow":["GET"]}}],"collection":[{"href":"https:\/\/skaitytaknyga.lt\/en\/wp-json\/wp\/v2\/product"}],"about":[{"href":"https:\/\/skaitytaknyga.lt\/en\/wp-json\/wp\/v2\/types\/product"}],"replies":[{"embeddable":true,"href":"https:\/\/skaitytaknyga.lt\/en\/wp-json\/wp\/v2\/comments?post=15488"}],"wp:featuredmedia":[{"embeddable":true,"href":"https:\/\/skaitytaknyga.lt\/en\/wp-json\/wp\/v2\/media\/15500"}],"wp:attachment":[{"href":"https:\/\/skaitytaknyga.lt\/en\/wp-json\/wp\/v2\/media?parent=15488"}],"wp:term":[{"taxonomy":"product_brand","embeddable":true,"href":"https:\/\/skaitytaknyga.lt\/en\/wp-json\/wp\/v2\/product_brand?post=15488"},{"taxonomy":"product_cat","embeddable":true,"href":"https:\/\/skaitytaknyga.lt\/en\/wp-json\/wp\/v2\/product_cat?post=15488"},{"taxonomy":"product_tag","embeddable":true,"href":"https:\/\/skaitytaknyga.lt\/en\/wp-json\/wp\/v2\/product_tag?post=15488"}],"curies":[{"name":"wp","href":"https:\/\/api.w.org\/{rel}","templated":true}]}}