{"id":15486,"date":"2024-12-18T14:14:57","date_gmt":"2024-12-18T12:14:57","guid":{"rendered":"https:\/\/skaitytaknyga.lt\/?post_type=product&#038;p=15486"},"modified":"2026-02-20T20:36:32","modified_gmt":"2026-02-20T18:36:32","slug":"arklio-dominyko-meile","status":"publish","type":"product","link":"https:\/\/skaitytaknyga.lt\/en\/produktas\/arklio-dominyko-meile\/","title":{"rendered":"Arklio Dominyko meil\u0117"},"content":{"rendered":"<p>\u201eArklio Dominyko meil\u0117\u201c \u2013 meil\u0117s ir kelioni\u0173 pasaka, kurioje Baltas laukinis arklys Dominykas \u012fsimyli \u0161iek tiek i\u0161paikusi\u0105 rugiag\u0117l\u0119. Ta\u010diau ruden\u012f, art\u0117jant \u0161alnoms, jis yra priverstas pasl\u0117pti j\u0105 po akmeniu, o pats i\u0161keliauja Afrikon ie\u0161koti rugiag\u0117l\u0117s gimini\u0173. Ten Dominykas susipa\u017e\u012fsta su krokodilu, begemotu, be\u017ed\u017eion\u0117le, kupranugariu ir kitais linksmais persona\u017eais.<\/p>\n<p>Pavasar\u012f arklys sugr\u012f\u017eta \u012f Lietuv\u0105 ir apie savo pasaki\u0161k\u0105 kelion\u0119 papasakoja v\u0117l i\u0161dygusiai rugiag\u0117lei.<\/p>\n<p>Knyga moko meil\u0117s, k\u016brybos. Kartu ji subtiliai paliudija ir apie am\u017ein\u0105j\u012f gyvenim\u0105, apie nuolat vykstant\u012f atsinaujinim\u0105 ir atgimim\u0105.<\/p>\n<p>2004 metais i\u0161rinkta geriausia met\u0173 knyga.<\/p>\n<ul class=\"about-product d-none d-xl-block mt-4\">\n<li><strong>Autorius:<\/strong>\u00a0Vytautas V. Landsbergis<\/li>\n<li><strong>Leid\u0117jas:<\/strong>\u00a0Dominicus Lituanus<\/li>\n<li><strong>Metai:<\/strong>\u00a02015<\/li>\n<li><strong>Puslapiai:<\/strong>\u00a084<\/li>\n<li class=\"toggleable type-new-formats \"><strong>ISBN:<\/strong>\u00a09789955811770<\/li>\n<li><strong>Versijos kodas:<\/strong>\u00a0PT.<\/li>\n<li class=\"toggleable type-new-formats \"><strong>Formatas:<\/strong>\u00a021 x 27,6 cm, kieti vir\u0161eliai<\/li>\n<li><strong>Kalba:<\/strong>\u00a0Lietuvi\u0173<\/li>\n<\/ul>\n","protected":false},"excerpt":{"rendered":"<p>\u201eArklio Dominyko meil\u0117\u201c \u2013 meil\u0117s ir kelioni\u0173 pasaka, kurioje Baltas laukinis arklys Dominykas \u012fsimyli \u0161iek tiek i\u0161paikusi\u0105 rugiag\u0117l\u0119. Ta\u010diau ruden\u012f, art\u0117jant \u0161alnoms, jis yra priverstas pasl\u0117pti j\u0105 po akmeniu, o pats i\u0161keliauja Afrikon ie\u0161koti rugiag\u0117l\u0117s gimini\u0173. Ten Dominykas susipa\u017e\u012fsta su krokodilu, begemotu, be\u017ed\u017eion\u0117le, kupranugariu ir kitais linksmais persona\u017eais. Pavasar\u012f arklys sugr\u012f\u017eta \u012f Lietuv\u0105 ir apie savo pasaki\u0161k\u0105 kelion\u0119 papasakoja v\u0117l i\u0161dygusiai rugiag\u0117lei. Knyga moko meil\u0117s, k\u016brybos. Kartu ji subtiliai paliudija ir apie am\u017ein\u0105j\u012f gyvenim\u0105, apie nuolat vykstant\u012f atsinaujinim\u0105 ir atgimim\u0105. 2004 metais i\u0161rinkta geriausia met\u0173 knyga. Autorius:\u00a0Vytautas V. Landsbergis Leid\u0117jas:\u00a0Dominicus Lituanus Metai:\u00a02015 Puslapiai:\u00a084 ISBN:\u00a09789955811770 Versijos kodas:\u00a0PT. Formatas:\u00a021 x 27,6 cm, kieti vir\u0161eliai Kalba:\u00a0Lietuvi\u0173<\/p>\n","protected":false},"featured_media":15502,"comment_status":"open","ping_status":"closed","template":"","meta":{"_acf_changed":false,"site-sidebar-layout":"default","site-content-layout":"","ast-site-content-layout":"default","site-content-style":"default","site-sidebar-style":"default","ast-global-header-display":"","ast-banner-title-visibility":"","ast-main-header-display":"","ast-hfb-above-header-display":"","ast-hfb-below-header-display":"","ast-hfb-mobile-header-display":"","site-post-title":"","ast-breadcrumbs-content":"","ast-featured-img":"","footer-sml-layout":"","ast-disable-related-posts":"","theme-transparent-header-meta":"default","adv-header-id-meta":"","stick-header-meta":"","header-above-stick-meta":"","header-main-stick-meta":"","header-below-stick-meta":"","astra-migrate-meta-layouts":"set","ast-page-background-enabled":"default","ast-page-background-meta":{"desktop":{"background-color":"","background-image":"","background-repeat":"repeat","background-position":"center center","background-size":"auto","background-attachment":"scroll","background-type":"","background-media":"","overlay-type":"","overlay-color":"","overlay-opacity":"","overlay-gradient":""},"tablet":{"background-color":"","background-image":"","background-repeat":"repeat","background-position":"center center","background-size":"auto","background-attachment":"scroll","background-type":"","background-media":"","overlay-type":"","overlay-color":"","overlay-opacity":"","overlay-gradient":""},"mobile":{"background-color":"","background-image":"","background-repeat":"repeat","background-position":"center center","background-size":"auto","background-attachment":"scroll","background-type":"","background-media":"","overlay-type":"","overlay-color":"","overlay-opacity":"","overlay-gradient":""}},"ast-content-background-meta":{"desktop":{"background-color":"var(--ast-global-color-4)","background-image":"","background-repeat":"repeat","background-position":"center center","background-size":"auto","background-attachment":"scroll","background-type":"","background-media":"","overlay-type":"","overlay-color":"","overlay-opacity":"","overlay-gradient":""},"tablet":{"background-color":"var(--ast-global-color-4)","background-image":"","background-repeat":"repeat","background-position":"center center","background-size":"auto","background-attachment":"scroll","background-type":"","background-media":"","overlay-type":"","overlay-color":"","overlay-opacity":"","overlay-gradient":""},"mobile":{"background-color":"var(--ast-global-color-4)","background-image":"","background-repeat":"repeat","background-position":"center center","background-size":"auto","background-attachment":"scroll","background-type":"","background-media":"","overlay-type":"","overlay-color":"","overlay-opacity":"","overlay-gradient":""}}},"product_brand":[],"product_cat":[15,35],"product_tag":[5065,5066,1445,1744,1796,4816,1645,1781],"class_list":{"0":"post-15486","1":"product","2":"type-product","3":"status-publish","4":"has-post-thumbnail","6":"product_cat-uncategorized","7":"product_cat-vaikams-ir-paaugliams","8":"product_tag-atgimimas","9":"product_tag-dominykas","10":"product_tag-keliones","11":"product_tag-lietuviu-literatura","12":"product_tag-meile","13":"product_tag-pasaka","14":"product_tag-vaiku-literatura","15":"product_tag-vytautas-v-landsbergis","16":"desktop-align-left","17":"tablet-align-left","18":"mobile-align-left","20":"first","21":"outofstock","22":"shipping-taxable","23":"purchasable","24":"product-type-simple"},"acf":[],"yoast_head":"<!-- This site is optimized with the Yoast SEO plugin v27.0 - https:\/\/yoast.com\/product\/yoast-seo-wordpress\/ -->\n<title>Arklio Dominyko meil\u0117<\/title>\n<meta name=\"description\" content=\"\u201eArklio Dominyko meil\u0117\u201c \u2013 meil\u0117s ir kelioni\u0173 pasaka, kurioje Baltas laukinis arklys Dominykas \u012fsimyli \u0161iek tiek i\u0161paikusi\u0105 rugiag\u0117l\u0119. Ta\u010diau ruden\u012f,\" \/>\n<meta name=\"robots\" content=\"index, follow, max-snippet:-1, max-image-preview:large, max-video-preview:-1\" \/>\n<link rel=\"canonical\" href=\"https:\/\/skaitytaknyga.lt\/en\/produktas\/arklio-dominyko-meile\/\" \/>\n<meta property=\"og:locale\" content=\"en_GB\" \/>\n<meta property=\"og:locale:alternate\" content=\"lt_LT\" \/>\n<meta property=\"og:type\" content=\"article\" \/>\n<meta property=\"og:title\" content=\"Arklio Dominyko meil\u0117\" \/>\n<meta property=\"og:description\" content=\"\u201eArklio Dominyko meil\u0117\u201c \u2013 meil\u0117s ir kelioni\u0173 pasaka, kurioje Baltas laukinis arklys Dominykas \u012fsimyli \u0161iek tiek i\u0161paikusi\u0105 rugiag\u0117l\u0119. Ta\u010diau ruden\u012f,\" \/>\n<meta property=\"og:url\" content=\"https:\/\/skaitytaknyga.lt\/en\/produktas\/arklio-dominyko-meile\/\" \/>\n<meta property=\"og:site_name\" content=\"Skaitytaknyga\" \/>\n<meta property=\"article:publisher\" content=\"https:\/\/www.facebook.com\/skaitytaknyga\/\" \/>\n<meta property=\"article:modified_time\" content=\"2026-02-20T18:36:32+00:00\" \/>\n<meta property=\"og:image\" content=\"https:\/\/skaitytaknyga.lt\/wp-content\/uploads\/2024\/12\/Arklio-Dominyko-meile.webp\" \/>\n\t<meta property=\"og:image:width\" content=\"572\" \/>\n\t<meta property=\"og:image:height\" content=\"800\" \/>\n\t<meta property=\"og:image:type\" content=\"image\/webp\" \/>\n<meta name=\"twitter:card\" content=\"summary_large_image\" \/>\n<meta name=\"twitter:label1\" content=\"Estimated reading time\" \/>\n\t<meta name=\"twitter:data1\" content=\"1 minute\" \/>\n<script type=\"application\/ld+json\" class=\"yoast-schema-graph\">{\"@context\":\"https:\/\/schema.org\",\"@graph\":[{\"@type\":\"WebPage\",\"@id\":\"https:\/\/skaitytaknyga.lt\/produktas\/arklio-dominyko-meile\/\",\"url\":\"https:\/\/skaitytaknyga.lt\/produktas\/arklio-dominyko-meile\/\",\"name\":\"Arklio Dominyko meil\u0117\",\"isPartOf\":{\"@id\":\"https:\/\/skaitytaknyga.lt\/#website\"},\"primaryImageOfPage\":{\"@id\":\"https:\/\/skaitytaknyga.lt\/produktas\/arklio-dominyko-meile\/#primaryimage\"},\"image\":{\"@id\":\"https:\/\/skaitytaknyga.lt\/produktas\/arklio-dominyko-meile\/#primaryimage\"},\"thumbnailUrl\":\"https:\/\/skaitytaknyga.lt\/wp-content\/uploads\/2024\/12\/Arklio-Dominyko-meile.webp\",\"datePublished\":\"2024-12-18T12:14:57+00:00\",\"dateModified\":\"2026-02-20T18:36:32+00:00\",\"description\":\"\u201eArklio Dominyko meil\u0117\u201c \u2013 meil\u0117s ir kelioni\u0173 pasaka, kurioje Baltas laukinis arklys Dominykas \u012fsimyli \u0161iek tiek i\u0161paikusi\u0105 rugiag\u0117l\u0119. Ta\u010diau ruden\u012f,\",\"breadcrumb\":{\"@id\":\"https:\/\/skaitytaknyga.lt\/produktas\/arklio-dominyko-meile\/#breadcrumb\"},\"inLanguage\":\"en-GB\",\"potentialAction\":[{\"@type\":\"ReadAction\",\"target\":[\"https:\/\/skaitytaknyga.lt\/produktas\/arklio-dominyko-meile\/\"]}]},{\"@type\":\"ImageObject\",\"inLanguage\":\"en-GB\",\"@id\":\"https:\/\/skaitytaknyga.lt\/produktas\/arklio-dominyko-meile\/#primaryimage\",\"url\":\"https:\/\/skaitytaknyga.lt\/wp-content\/uploads\/2024\/12\/Arklio-Dominyko-meile.webp\",\"contentUrl\":\"https:\/\/skaitytaknyga.lt\/wp-content\/uploads\/2024\/12\/Arklio-Dominyko-meile.webp\",\"width\":572,\"height\":800,\"caption\":\"Arklio Dominyko meil\u0117\"},{\"@type\":\"BreadcrumbList\",\"@id\":\"https:\/\/skaitytaknyga.lt\/produktas\/arklio-dominyko-meile\/#breadcrumb\",\"itemListElement\":[{\"@type\":\"ListItem\",\"position\":1,\"name\":\"Home\",\"item\":\"https:\/\/skaitytaknyga.lt\/\"},{\"@type\":\"ListItem\",\"position\":2,\"name\":\"Parduotuv\u0117\",\"item\":\"https:\/\/skaitytaknyga.lt\/knygu-parduotuve\/\"},{\"@type\":\"ListItem\",\"position\":3,\"name\":\"Arklio Dominyko meil\u0117\"}]},{\"@type\":\"WebSite\",\"@id\":\"https:\/\/skaitytaknyga.lt\/#website\",\"url\":\"https:\/\/skaitytaknyga.lt\/\",\"name\":\"skaitytaknyga.lt\",\"description\":\"Skaitytaknyga.lt \u2013 tai ma\u017eas \u0161eimos verslas, kuris prasid\u0117jo nuo meil\u0117s knygoms ir siekio i\u0161gelb\u0117ti knygas nuo likimo prie konteinerio. Kas vienam nereikalingas daiktas \u2013 kitam lobis, o mes esame tarpininkai, kurie padeda abiems tapti laimingesniems ???? \u017dinome kaip nelengva i\u0161gyventi ma\u017eiems verslams, tad nuo \u0161iol, \u010dia rasite ir kit\u0173, ma\u017e\u0173 \u0161eim\u0173 versl\u0173, rank\u0173 darbo, dovan\u0173 sau ir artimiesiems.\",\"publisher\":{\"@id\":\"https:\/\/skaitytaknyga.lt\/#organization\"},\"potentialAction\":[{\"@type\":\"SearchAction\",\"target\":{\"@type\":\"EntryPoint\",\"urlTemplate\":\"https:\/\/skaitytaknyga.lt\/?s={search_term_string}\"},\"query-input\":{\"@type\":\"PropertyValueSpecification\",\"valueRequired\":true,\"valueName\":\"search_term_string\"}}],\"inLanguage\":\"en-GB\"},{\"@type\":\"Organization\",\"@id\":\"https:\/\/skaitytaknyga.lt\/#organization\",\"name\":\"skaitytaknyga.lt\",\"url\":\"https:\/\/skaitytaknyga.lt\/\",\"logo\":{\"@type\":\"ImageObject\",\"inLanguage\":\"en-GB\",\"@id\":\"https:\/\/skaitytaknyga.lt\/#\/schema\/logo\/image\/\",\"url\":\"https:\/\/skaitytaknyga.lt\/wp-content\/uploads\/2024\/05\/cropped-cropped-cropped-02_00843_jt3bggkj1j3HLc7SyY6rEUpg.jpeg\",\"contentUrl\":\"https:\/\/skaitytaknyga.lt\/wp-content\/uploads\/2024\/05\/cropped-cropped-cropped-02_00843_jt3bggkj1j3HLc7SyY6rEUpg.jpeg\",\"width\":1600,\"height\":1600,\"caption\":\"skaitytaknyga.lt\"},\"image\":{\"@id\":\"https:\/\/skaitytaknyga.lt\/#\/schema\/logo\/image\/\"},\"sameAs\":[\"https:\/\/www.facebook.com\/skaitytaknyga\/\"]}]}<\/script>\n<!-- \/ Yoast SEO plugin. -->","yoast_head_json":{"title":"Arklio Dominyko meil\u0117","description":"\u201eArklio Dominyko meil\u0117\u201c \u2013 meil\u0117s ir kelioni\u0173 pasaka, kurioje Baltas laukinis arklys Dominykas \u012fsimyli \u0161iek tiek i\u0161paikusi\u0105 rugiag\u0117l\u0119. Ta\u010diau ruden\u012f,","robots":{"index":"index","follow":"follow","max-snippet":"max-snippet:-1","max-image-preview":"max-image-preview:large","max-video-preview":"max-video-preview:-1"},"canonical":"https:\/\/skaitytaknyga.lt\/en\/produktas\/arklio-dominyko-meile\/","og_locale":"en_GB","og_type":"article","og_title":"[:lt]Arklio Dominyko meil\u0117[:] - Skaitytaknyga","og_description":"\u201eArklio Dominyko meil\u0117\u201c \u2013 meil\u0117s ir kelioni\u0173 pasaka, kurioje Baltas laukinis arklys Dominykas \u012fsimyli \u0161iek tiek i\u0161paikusi\u0105 rugiag\u0117l\u0119. Ta\u010diau ruden\u012f,","og_url":"https:\/\/skaitytaknyga.lt\/en\/produktas\/arklio-dominyko-meile\/","og_site_name":"Skaitytaknyga","article_publisher":"https:\/\/www.facebook.com\/skaitytaknyga\/","article_modified_time":"2026-02-20T18:36:32+00:00","og_image":[{"width":572,"height":800,"url":"https:\/\/skaitytaknyga.lt\/wp-content\/uploads\/2024\/12\/Arklio-Dominyko-meile.webp","type":"image\/webp"}],"twitter_card":"summary_large_image","twitter_misc":{"Estimated reading time":"1 minute"},"schema":{"@context":"https:\/\/schema.org","@graph":[{"@type":"WebPage","@id":"https:\/\/skaitytaknyga.lt\/produktas\/arklio-dominyko-meile\/","url":"https:\/\/skaitytaknyga.lt\/produktas\/arklio-dominyko-meile\/","name":"Arklio Dominyko meil\u0117","isPartOf":{"@id":"https:\/\/skaitytaknyga.lt\/#website"},"primaryImageOfPage":{"@id":"https:\/\/skaitytaknyga.lt\/produktas\/arklio-dominyko-meile\/#primaryimage"},"image":{"@id":"https:\/\/skaitytaknyga.lt\/produktas\/arklio-dominyko-meile\/#primaryimage"},"thumbnailUrl":"https:\/\/skaitytaknyga.lt\/wp-content\/uploads\/2024\/12\/Arklio-Dominyko-meile.webp","datePublished":"2024-12-18T12:14:57+00:00","dateModified":"2026-02-20T18:36:32+00:00","description":"\u201eArklio Dominyko meil\u0117\u201c \u2013 meil\u0117s ir kelioni\u0173 pasaka, kurioje Baltas laukinis arklys Dominykas \u012fsimyli \u0161iek tiek i\u0161paikusi\u0105 rugiag\u0117l\u0119. Ta\u010diau ruden\u012f,","breadcrumb":{"@id":"https:\/\/skaitytaknyga.lt\/produktas\/arklio-dominyko-meile\/#breadcrumb"},"inLanguage":"en-GB","potentialAction":[{"@type":"ReadAction","target":["https:\/\/skaitytaknyga.lt\/produktas\/arklio-dominyko-meile\/"]}]},{"@type":"ImageObject","inLanguage":"en-GB","@id":"https:\/\/skaitytaknyga.lt\/produktas\/arklio-dominyko-meile\/#primaryimage","url":"https:\/\/skaitytaknyga.lt\/wp-content\/uploads\/2024\/12\/Arklio-Dominyko-meile.webp","contentUrl":"https:\/\/skaitytaknyga.lt\/wp-content\/uploads\/2024\/12\/Arklio-Dominyko-meile.webp","width":572,"height":800,"caption":"Arklio Dominyko meil\u0117"},{"@type":"BreadcrumbList","@id":"https:\/\/skaitytaknyga.lt\/produktas\/arklio-dominyko-meile\/#breadcrumb","itemListElement":[{"@type":"ListItem","position":1,"name":"Home","item":"https:\/\/skaitytaknyga.lt\/"},{"@type":"ListItem","position":2,"name":"Parduotuv\u0117","item":"https:\/\/skaitytaknyga.lt\/knygu-parduotuve\/"},{"@type":"ListItem","position":3,"name":"Arklio Dominyko meil\u0117"}]},{"@type":"WebSite","@id":"https:\/\/skaitytaknyga.lt\/#website","url":"https:\/\/skaitytaknyga.lt\/","name":"skaitytaknyga.lt","description":"Skaitytaknyga.lt \u2013 tai ma\u017eas \u0161eimos verslas, kuris prasid\u0117jo nuo meil\u0117s knygoms ir siekio i\u0161gelb\u0117ti knygas nuo likimo prie konteinerio. Kas vienam nereikalingas daiktas \u2013 kitam lobis, o mes esame tarpininkai, kurie padeda abiems tapti laimingesniems ???? \u017dinome kaip nelengva i\u0161gyventi ma\u017eiems verslams, tad nuo \u0161iol, \u010dia rasite ir kit\u0173, ma\u017e\u0173 \u0161eim\u0173 versl\u0173, rank\u0173 darbo, dovan\u0173 sau ir artimiesiems.","publisher":{"@id":"https:\/\/skaitytaknyga.lt\/#organization"},"potentialAction":[{"@type":"SearchAction","target":{"@type":"EntryPoint","urlTemplate":"https:\/\/skaitytaknyga.lt\/?s={search_term_string}"},"query-input":{"@type":"PropertyValueSpecification","valueRequired":true,"valueName":"search_term_string"}}],"inLanguage":"en-GB"},{"@type":"Organization","@id":"https:\/\/skaitytaknyga.lt\/#organization","name":"skaitytaknyga.lt","url":"https:\/\/skaitytaknyga.lt\/","logo":{"@type":"ImageObject","inLanguage":"en-GB","@id":"https:\/\/skaitytaknyga.lt\/#\/schema\/logo\/image\/","url":"https:\/\/skaitytaknyga.lt\/wp-content\/uploads\/2024\/05\/cropped-cropped-cropped-02_00843_jt3bggkj1j3HLc7SyY6rEUpg.jpeg","contentUrl":"https:\/\/skaitytaknyga.lt\/wp-content\/uploads\/2024\/05\/cropped-cropped-cropped-02_00843_jt3bggkj1j3HLc7SyY6rEUpg.jpeg","width":1600,"height":1600,"caption":"skaitytaknyga.lt"},"image":{"@id":"https:\/\/skaitytaknyga.lt\/#\/schema\/logo\/image\/"},"sameAs":["https:\/\/www.facebook.com\/skaitytaknyga\/"]}]}},"_links":{"self":[{"href":"https:\/\/skaitytaknyga.lt\/en\/wp-json\/wp\/v2\/product\/15486","targetHints":{"allow":["GET"]}}],"collection":[{"href":"https:\/\/skaitytaknyga.lt\/en\/wp-json\/wp\/v2\/product"}],"about":[{"href":"https:\/\/skaitytaknyga.lt\/en\/wp-json\/wp\/v2\/types\/product"}],"replies":[{"embeddable":true,"href":"https:\/\/skaitytaknyga.lt\/en\/wp-json\/wp\/v2\/comments?post=15486"}],"wp:featuredmedia":[{"embeddable":true,"href":"https:\/\/skaitytaknyga.lt\/en\/wp-json\/wp\/v2\/media\/15502"}],"wp:attachment":[{"href":"https:\/\/skaitytaknyga.lt\/en\/wp-json\/wp\/v2\/media?parent=15486"}],"wp:term":[{"taxonomy":"product_brand","embeddable":true,"href":"https:\/\/skaitytaknyga.lt\/en\/wp-json\/wp\/v2\/product_brand?post=15486"},{"taxonomy":"product_cat","embeddable":true,"href":"https:\/\/skaitytaknyga.lt\/en\/wp-json\/wp\/v2\/product_cat?post=15486"},{"taxonomy":"product_tag","embeddable":true,"href":"https:\/\/skaitytaknyga.lt\/en\/wp-json\/wp\/v2\/product_tag?post=15486"}],"curies":[{"name":"wp","href":"https:\/\/api.w.org\/{rel}","templated":true}]}}