{"id":15481,"date":"2024-12-17T14:31:28","date_gmt":"2024-12-17T12:31:28","guid":{"rendered":"https:\/\/skaitytaknyga.lt\/?post_type=product&#038;p=15481"},"modified":"2026-03-05T13:47:31","modified_gmt":"2026-03-05T11:47:31","slug":"mirtis-is-misko","status":"publish","type":"product","link":"https:\/\/skaitytaknyga.lt\/en\/produktas\/mirtis-is-misko\/","title":{"rendered":"Mirtis i\u0161 mi\u0161ko"},"content":{"rendered":"<p>Trisde\u0161imt \u0161e\u0161eri\u0173 met\u0173 Elizos gyvenimas sustojo, kai sprogus bombai \u017euvo jos mylimas \u017emogus, o ji pati tapo spengian\u010dios tylos \u012fkaite. Nuo to laiko ji gyvena savo min\u010di\u0173 pasaulyje, pri\u017ei\u016brima budriosios slaug\u0117s Ivet\u0117s. Paraly\u017eiuota, nereg\u0117, bet tvirtai pasiry\u017eusi \u012frodyti, kad ji gyva, kad girdi ir suvokia informacij\u0105, kuri\u0105 skleid\u017eia i\u0161orinis pasaulis. O j\u0105 supan\u010diame pasaulyje gl\u016bdi nema\u017eai paslap\u010di\u0173&#8230;<\/p>\n<div>\n<p>Vien\u0105 dien\u0105 prie Elizos, l\u016bkuriuojan\u010dios savo slaug\u0117s, prieina Vir\u017eini, septynmet\u0117 mergait\u0117, ir papasakoja nerim\u0105 kelian\u010di\u0173 dalyk\u0173 apie vaik\u0173, tarp j\u0173 ir savo brolio, nu\u017eudymus. \u201eTai Mirties mi\u0161ko darbas\u201c, \u2013 patikslina mergait\u0117. O mirtis, \u017einome, labai nem\u0117gsta dykin\u0117ti&#8230; Kraup\u016bs \u012fvykiai netrukus tai pavirtina. Keistuolis komisaras Isaras, kuriam pavesta vykdyti tyrim\u0105, greitai \u012fsitikina, kad Eliza \u017eino gerokai daugiau, nei gali perduoti \u017eenklais. Su kiekviena diena Eliza vis labiau \u012fsipainioja \u012f \u0161iurpi\u0173 nusikaltim\u0173 byl\u0105 ir galiausiai pati imasi j\u0105 narplioti, nes Mirtis i\u0161 mi\u0161ko pradeda klaid\u017eiot ir aplink jos namus&#8230;<\/p>\n<ul class=\"about-product d-none d-xl-block mt-4\">\n<li><strong>Autorius:<\/strong>\u00a0Brigitte Aubert<\/li>\n<li><strong>Leid\u0117jas:<\/strong>\u00a0Alma littera<\/li>\n<li><strong>Metai:<\/strong>\u00a02006<\/li>\n<li><strong>Puslapiai:<\/strong>\u00a0294<\/li>\n<li class=\"toggleable type-new-formats \"><strong>ISBN:<\/strong>\u00a09789955244622<\/li>\n<li class=\"toggleable type-new-formats \"><strong>Formatas:<\/strong>\u00a015 x 24 x 2,6 cm, kieti vir\u0161eliai<\/li>\n<li><strong>Vert\u0117jas:<\/strong>\u00a0Lina Bar\u0161tyt\u0117<\/li>\n<\/ul>\n<\/div>\n","protected":false},"excerpt":{"rendered":"<p>Trisde\u0161imt \u0161e\u0161eri\u0173 met\u0173 Elizos gyvenimas sustojo, kai sprogus bombai \u017euvo jos mylimas \u017emogus, o ji pati tapo spengian\u010dios tylos \u012fkaite. Nuo to laiko ji gyvena savo min\u010di\u0173 pasaulyje, pri\u017ei\u016brima budriosios slaug\u0117s Ivet\u0117s. Paraly\u017eiuota, nereg\u0117, bet tvirtai pasiry\u017eusi \u012frodyti, kad ji gyva, kad girdi ir suvokia informacij\u0105, kuri\u0105 skleid\u017eia i\u0161orinis pasaulis. O j\u0105 supan\u010diame pasaulyje gl\u016bdi nema\u017eai paslap\u010di\u0173&#8230; Vien\u0105 dien\u0105 prie Elizos, l\u016bkuriuojan\u010dios savo slaug\u0117s, prieina Vir\u017eini, septynmet\u0117 mergait\u0117, ir papasakoja nerim\u0105 kelian\u010di\u0173 dalyk\u0173 apie vaik\u0173, tarp j\u0173 ir savo brolio, nu\u017eudymus. \u201eTai Mirties mi\u0161ko darbas\u201c, \u2013 patikslina mergait\u0117. O mirtis, \u017einome, labai nem\u0117gsta dykin\u0117ti&#8230; Kraup\u016bs \u012fvykiai netrukus tai pavirtina. Keistuolis komisaras Isaras, kuriam pavesta vykdyti tyrim\u0105, greitai \u012fsitikina, kad Eliza \u017eino gerokai daugiau, nei gali perduoti \u017eenklais. Su kiekviena diena Eliza vis labiau \u012fsipainioja \u012f \u0161iurpi\u0173 nusikaltim\u0173 byl\u0105 ir galiausiai pati imasi j\u0105 narplioti, nes Mirtis i\u0161 mi\u0161ko pradeda klaid\u017eiot ir aplink jos namus&#8230; Autorius:\u00a0Brigitte Aubert Leid\u0117jas:\u00a0Alma littera Metai:\u00a02006 Puslapiai:\u00a0294 ISBN:\u00a09789955244622 Formatas:\u00a015 x 24 x 2,6 cm, kieti vir\u0161eliai Vert\u0117jas:\u00a0Lina Bar\u0161tyt\u0117<\/p>\n","protected":false},"featured_media":15505,"comment_status":"open","ping_status":"closed","template":"","meta":{"_acf_changed":false,"site-sidebar-layout":"default","site-content-layout":"","ast-site-content-layout":"default","site-content-style":"default","site-sidebar-style":"default","ast-global-header-display":"","ast-banner-title-visibility":"","ast-main-header-display":"","ast-hfb-above-header-display":"","ast-hfb-below-header-display":"","ast-hfb-mobile-header-display":"","site-post-title":"","ast-breadcrumbs-content":"","ast-featured-img":"","footer-sml-layout":"","ast-disable-related-posts":"","theme-transparent-header-meta":"default","adv-header-id-meta":"","stick-header-meta":"","header-above-stick-meta":"","header-main-stick-meta":"","header-below-stick-meta":"","astra-migrate-meta-layouts":"set","ast-page-background-enabled":"default","ast-page-background-meta":{"desktop":{"background-color":"","background-image":"","background-repeat":"repeat","background-position":"center center","background-size":"auto","background-attachment":"scroll","background-type":"","background-media":"","overlay-type":"","overlay-color":"","overlay-opacity":"","overlay-gradient":""},"tablet":{"background-color":"","background-image":"","background-repeat":"repeat","background-position":"center center","background-size":"auto","background-attachment":"scroll","background-type":"","background-media":"","overlay-type":"","overlay-color":"","overlay-opacity":"","overlay-gradient":""},"mobile":{"background-color":"","background-image":"","background-repeat":"repeat","background-position":"center center","background-size":"auto","background-attachment":"scroll","background-type":"","background-media":"","overlay-type":"","overlay-color":"","overlay-opacity":"","overlay-gradient":""}},"ast-content-background-meta":{"desktop":{"background-color":"var(--ast-global-color-4)","background-image":"","background-repeat":"repeat","background-position":"center center","background-size":"auto","background-attachment":"scroll","background-type":"","background-media":"","overlay-type":"","overlay-color":"","overlay-opacity":"","overlay-gradient":""},"tablet":{"background-color":"var(--ast-global-color-4)","background-image":"","background-repeat":"repeat","background-position":"center center","background-size":"auto","background-attachment":"scroll","background-type":"","background-media":"","overlay-type":"","overlay-color":"","overlay-opacity":"","overlay-gradient":""},"mobile":{"background-color":"var(--ast-global-color-4)","background-image":"","background-repeat":"repeat","background-position":"center center","background-size":"auto","background-attachment":"scroll","background-type":"","background-media":"","overlay-type":"","overlay-color":"","overlay-opacity":"","overlay-gradient":""}}},"product_brand":[],"product_cat":[9581,15],"product_tag":[],"class_list":{"0":"post-15481","1":"product","2":"type-product","3":"status-publish","4":"has-post-thumbnail","6":"product_cat-kriminaliniai-romanai","7":"product_cat-uncategorized","8":"desktop-align-left","9":"tablet-align-left","10":"mobile-align-left","12":"first","13":"instock","14":"shipping-taxable","15":"purchasable","16":"product-type-simple"},"acf":[],"yoast_head":"<!-- This site is optimized with the Yoast SEO plugin v27.0 - https:\/\/yoast.com\/product\/yoast-seo-wordpress\/ -->\n<title>Mirtis i\u0161 mi\u0161ko<\/title>\n<meta name=\"description\" content=\"Trisde\u0161imt \u0161e\u0161eri\u0173 met\u0173 Elizos gyvenimas sustojo, kai sprogus bombai \u017euvo jos mylimas \u017emogus, o ji pati tapo spengian\u010dios tylos \u012fkaite. Nuo to laiko ji\" \/>\n<meta name=\"robots\" content=\"index, follow, max-snippet:-1, max-image-preview:large, max-video-preview:-1\" \/>\n<link rel=\"canonical\" href=\"https:\/\/skaitytaknyga.lt\/en\/produktas\/mirtis-is-misko\/\" \/>\n<meta property=\"og:locale\" content=\"en_GB\" \/>\n<meta property=\"og:locale:alternate\" content=\"lt_LT\" \/>\n<meta property=\"og:type\" content=\"article\" \/>\n<meta property=\"og:title\" content=\"Mirtis i\u0161 mi\u0161ko\" \/>\n<meta property=\"og:description\" content=\"Trisde\u0161imt \u0161e\u0161eri\u0173 met\u0173 Elizos gyvenimas sustojo, kai sprogus bombai \u017euvo jos mylimas \u017emogus, o ji pati tapo spengian\u010dios tylos \u012fkaite. Nuo to laiko ji\" \/>\n<meta property=\"og:url\" content=\"https:\/\/skaitytaknyga.lt\/en\/produktas\/mirtis-is-misko\/\" \/>\n<meta property=\"og:site_name\" content=\"Skaitytaknyga\" \/>\n<meta property=\"article:publisher\" content=\"https:\/\/www.facebook.com\/skaitytaknyga\/\" \/>\n<meta property=\"article:modified_time\" content=\"2026-03-05T11:47:31+00:00\" \/>\n<meta property=\"og:image\" content=\"https:\/\/skaitytaknyga.lt\/wp-content\/uploads\/2024\/12\/Mirtis-is-misko.webp\" \/>\n\t<meta property=\"og:image:width\" content=\"478\" \/>\n\t<meta property=\"og:image:height\" content=\"799\" \/>\n\t<meta property=\"og:image:type\" content=\"image\/webp\" \/>\n<meta name=\"twitter:card\" content=\"summary_large_image\" \/>\n<meta name=\"twitter:label1\" content=\"Estimated reading time\" \/>\n\t<meta name=\"twitter:data1\" content=\"2 minutes\" \/>\n<script type=\"application\/ld+json\" class=\"yoast-schema-graph\">{\"@context\":\"https:\/\/schema.org\",\"@graph\":[{\"@type\":\"WebPage\",\"@id\":\"https:\/\/skaitytaknyga.lt\/produktas\/mirtis-is-misko\/\",\"url\":\"https:\/\/skaitytaknyga.lt\/produktas\/mirtis-is-misko\/\",\"name\":\"Mirtis i\u0161 mi\u0161ko\",\"isPartOf\":{\"@id\":\"https:\/\/skaitytaknyga.lt\/#website\"},\"primaryImageOfPage\":{\"@id\":\"https:\/\/skaitytaknyga.lt\/produktas\/mirtis-is-misko\/#primaryimage\"},\"image\":{\"@id\":\"https:\/\/skaitytaknyga.lt\/produktas\/mirtis-is-misko\/#primaryimage\"},\"thumbnailUrl\":\"https:\/\/skaitytaknyga.lt\/wp-content\/uploads\/2024\/12\/Mirtis-is-misko.webp\",\"datePublished\":\"2024-12-17T12:31:28+00:00\",\"dateModified\":\"2026-03-05T11:47:31+00:00\",\"description\":\"Trisde\u0161imt \u0161e\u0161eri\u0173 met\u0173 Elizos gyvenimas sustojo, kai sprogus bombai \u017euvo jos mylimas \u017emogus, o ji pati tapo spengian\u010dios tylos \u012fkaite. Nuo to laiko ji\",\"breadcrumb\":{\"@id\":\"https:\/\/skaitytaknyga.lt\/produktas\/mirtis-is-misko\/#breadcrumb\"},\"inLanguage\":\"en-GB\",\"potentialAction\":[{\"@type\":\"ReadAction\",\"target\":[\"https:\/\/skaitytaknyga.lt\/produktas\/mirtis-is-misko\/\"]}]},{\"@type\":\"ImageObject\",\"inLanguage\":\"en-GB\",\"@id\":\"https:\/\/skaitytaknyga.lt\/produktas\/mirtis-is-misko\/#primaryimage\",\"url\":\"https:\/\/skaitytaknyga.lt\/wp-content\/uploads\/2024\/12\/Mirtis-is-misko.webp\",\"contentUrl\":\"https:\/\/skaitytaknyga.lt\/wp-content\/uploads\/2024\/12\/Mirtis-is-misko.webp\",\"width\":478,\"height\":799,\"caption\":\"Mirtis i\u0161 mi\u0161ko\"},{\"@type\":\"BreadcrumbList\",\"@id\":\"https:\/\/skaitytaknyga.lt\/produktas\/mirtis-is-misko\/#breadcrumb\",\"itemListElement\":[{\"@type\":\"ListItem\",\"position\":1,\"name\":\"Home\",\"item\":\"https:\/\/skaitytaknyga.lt\/\"},{\"@type\":\"ListItem\",\"position\":2,\"name\":\"Parduotuv\u0117\",\"item\":\"https:\/\/skaitytaknyga.lt\/knygu-parduotuve\/\"},{\"@type\":\"ListItem\",\"position\":3,\"name\":\"Mirtis i\u0161 mi\u0161ko\"}]},{\"@type\":\"WebSite\",\"@id\":\"https:\/\/skaitytaknyga.lt\/#website\",\"url\":\"https:\/\/skaitytaknyga.lt\/\",\"name\":\"skaitytaknyga.lt\",\"description\":\"Skaitytaknyga.lt \u2013 tai ma\u017eas \u0161eimos verslas, kuris prasid\u0117jo nuo meil\u0117s knygoms ir siekio i\u0161gelb\u0117ti knygas nuo likimo prie konteinerio. Kas vienam nereikalingas daiktas \u2013 kitam lobis, o mes esame tarpininkai, kurie padeda abiems tapti laimingesniems ???? \u017dinome kaip nelengva i\u0161gyventi ma\u017eiems verslams, tad nuo \u0161iol, \u010dia rasite ir kit\u0173, ma\u017e\u0173 \u0161eim\u0173 versl\u0173, rank\u0173 darbo, dovan\u0173 sau ir artimiesiems.\",\"publisher\":{\"@id\":\"https:\/\/skaitytaknyga.lt\/#organization\"},\"potentialAction\":[{\"@type\":\"SearchAction\",\"target\":{\"@type\":\"EntryPoint\",\"urlTemplate\":\"https:\/\/skaitytaknyga.lt\/?s={search_term_string}\"},\"query-input\":{\"@type\":\"PropertyValueSpecification\",\"valueRequired\":true,\"valueName\":\"search_term_string\"}}],\"inLanguage\":\"en-GB\"},{\"@type\":\"Organization\",\"@id\":\"https:\/\/skaitytaknyga.lt\/#organization\",\"name\":\"skaitytaknyga.lt\",\"url\":\"https:\/\/skaitytaknyga.lt\/\",\"logo\":{\"@type\":\"ImageObject\",\"inLanguage\":\"en-GB\",\"@id\":\"https:\/\/skaitytaknyga.lt\/#\/schema\/logo\/image\/\",\"url\":\"https:\/\/skaitytaknyga.lt\/wp-content\/uploads\/2024\/05\/cropped-cropped-cropped-02_00843_jt3bggkj1j3HLc7SyY6rEUpg.jpeg\",\"contentUrl\":\"https:\/\/skaitytaknyga.lt\/wp-content\/uploads\/2024\/05\/cropped-cropped-cropped-02_00843_jt3bggkj1j3HLc7SyY6rEUpg.jpeg\",\"width\":1600,\"height\":1600,\"caption\":\"skaitytaknyga.lt\"},\"image\":{\"@id\":\"https:\/\/skaitytaknyga.lt\/#\/schema\/logo\/image\/\"},\"sameAs\":[\"https:\/\/www.facebook.com\/skaitytaknyga\/\"]}]}<\/script>\n<!-- \/ Yoast SEO plugin. -->","yoast_head_json":{"title":"Mirtis i\u0161 mi\u0161ko","description":"Trisde\u0161imt \u0161e\u0161eri\u0173 met\u0173 Elizos gyvenimas sustojo, kai sprogus bombai \u017euvo jos mylimas \u017emogus, o ji pati tapo spengian\u010dios tylos \u012fkaite. Nuo to laiko ji","robots":{"index":"index","follow":"follow","max-snippet":"max-snippet:-1","max-image-preview":"max-image-preview:large","max-video-preview":"max-video-preview:-1"},"canonical":"https:\/\/skaitytaknyga.lt\/en\/produktas\/mirtis-is-misko\/","og_locale":"en_GB","og_type":"article","og_title":"[:lt]Mirtis i\u0161 mi\u0161ko[:] - Skaitytaknyga","og_description":"Trisde\u0161imt \u0161e\u0161eri\u0173 met\u0173 Elizos gyvenimas sustojo, kai sprogus bombai \u017euvo jos mylimas \u017emogus, o ji pati tapo spengian\u010dios tylos \u012fkaite. Nuo to laiko ji","og_url":"https:\/\/skaitytaknyga.lt\/en\/produktas\/mirtis-is-misko\/","og_site_name":"Skaitytaknyga","article_publisher":"https:\/\/www.facebook.com\/skaitytaknyga\/","article_modified_time":"2026-03-05T11:47:31+00:00","og_image":[{"width":478,"height":799,"url":"https:\/\/skaitytaknyga.lt\/wp-content\/uploads\/2024\/12\/Mirtis-is-misko.webp","type":"image\/webp"}],"twitter_card":"summary_large_image","twitter_misc":{"Estimated reading time":"2 minutes"},"schema":{"@context":"https:\/\/schema.org","@graph":[{"@type":"WebPage","@id":"https:\/\/skaitytaknyga.lt\/produktas\/mirtis-is-misko\/","url":"https:\/\/skaitytaknyga.lt\/produktas\/mirtis-is-misko\/","name":"Mirtis i\u0161 mi\u0161ko","isPartOf":{"@id":"https:\/\/skaitytaknyga.lt\/#website"},"primaryImageOfPage":{"@id":"https:\/\/skaitytaknyga.lt\/produktas\/mirtis-is-misko\/#primaryimage"},"image":{"@id":"https:\/\/skaitytaknyga.lt\/produktas\/mirtis-is-misko\/#primaryimage"},"thumbnailUrl":"https:\/\/skaitytaknyga.lt\/wp-content\/uploads\/2024\/12\/Mirtis-is-misko.webp","datePublished":"2024-12-17T12:31:28+00:00","dateModified":"2026-03-05T11:47:31+00:00","description":"Trisde\u0161imt \u0161e\u0161eri\u0173 met\u0173 Elizos gyvenimas sustojo, kai sprogus bombai \u017euvo jos mylimas \u017emogus, o ji pati tapo spengian\u010dios tylos \u012fkaite. Nuo to laiko ji","breadcrumb":{"@id":"https:\/\/skaitytaknyga.lt\/produktas\/mirtis-is-misko\/#breadcrumb"},"inLanguage":"en-GB","potentialAction":[{"@type":"ReadAction","target":["https:\/\/skaitytaknyga.lt\/produktas\/mirtis-is-misko\/"]}]},{"@type":"ImageObject","inLanguage":"en-GB","@id":"https:\/\/skaitytaknyga.lt\/produktas\/mirtis-is-misko\/#primaryimage","url":"https:\/\/skaitytaknyga.lt\/wp-content\/uploads\/2024\/12\/Mirtis-is-misko.webp","contentUrl":"https:\/\/skaitytaknyga.lt\/wp-content\/uploads\/2024\/12\/Mirtis-is-misko.webp","width":478,"height":799,"caption":"Mirtis i\u0161 mi\u0161ko"},{"@type":"BreadcrumbList","@id":"https:\/\/skaitytaknyga.lt\/produktas\/mirtis-is-misko\/#breadcrumb","itemListElement":[{"@type":"ListItem","position":1,"name":"Home","item":"https:\/\/skaitytaknyga.lt\/"},{"@type":"ListItem","position":2,"name":"Parduotuv\u0117","item":"https:\/\/skaitytaknyga.lt\/knygu-parduotuve\/"},{"@type":"ListItem","position":3,"name":"Mirtis i\u0161 mi\u0161ko"}]},{"@type":"WebSite","@id":"https:\/\/skaitytaknyga.lt\/#website","url":"https:\/\/skaitytaknyga.lt\/","name":"skaitytaknyga.lt","description":"Skaitytaknyga.lt \u2013 tai ma\u017eas \u0161eimos verslas, kuris prasid\u0117jo nuo meil\u0117s knygoms ir siekio i\u0161gelb\u0117ti knygas nuo likimo prie konteinerio. Kas vienam nereikalingas daiktas \u2013 kitam lobis, o mes esame tarpininkai, kurie padeda abiems tapti laimingesniems ???? \u017dinome kaip nelengva i\u0161gyventi ma\u017eiems verslams, tad nuo \u0161iol, \u010dia rasite ir kit\u0173, ma\u017e\u0173 \u0161eim\u0173 versl\u0173, rank\u0173 darbo, dovan\u0173 sau ir artimiesiems.","publisher":{"@id":"https:\/\/skaitytaknyga.lt\/#organization"},"potentialAction":[{"@type":"SearchAction","target":{"@type":"EntryPoint","urlTemplate":"https:\/\/skaitytaknyga.lt\/?s={search_term_string}"},"query-input":{"@type":"PropertyValueSpecification","valueRequired":true,"valueName":"search_term_string"}}],"inLanguage":"en-GB"},{"@type":"Organization","@id":"https:\/\/skaitytaknyga.lt\/#organization","name":"skaitytaknyga.lt","url":"https:\/\/skaitytaknyga.lt\/","logo":{"@type":"ImageObject","inLanguage":"en-GB","@id":"https:\/\/skaitytaknyga.lt\/#\/schema\/logo\/image\/","url":"https:\/\/skaitytaknyga.lt\/wp-content\/uploads\/2024\/05\/cropped-cropped-cropped-02_00843_jt3bggkj1j3HLc7SyY6rEUpg.jpeg","contentUrl":"https:\/\/skaitytaknyga.lt\/wp-content\/uploads\/2024\/05\/cropped-cropped-cropped-02_00843_jt3bggkj1j3HLc7SyY6rEUpg.jpeg","width":1600,"height":1600,"caption":"skaitytaknyga.lt"},"image":{"@id":"https:\/\/skaitytaknyga.lt\/#\/schema\/logo\/image\/"},"sameAs":["https:\/\/www.facebook.com\/skaitytaknyga\/"]}]}},"_links":{"self":[{"href":"https:\/\/skaitytaknyga.lt\/en\/wp-json\/wp\/v2\/product\/15481","targetHints":{"allow":["GET"]}}],"collection":[{"href":"https:\/\/skaitytaknyga.lt\/en\/wp-json\/wp\/v2\/product"}],"about":[{"href":"https:\/\/skaitytaknyga.lt\/en\/wp-json\/wp\/v2\/types\/product"}],"replies":[{"embeddable":true,"href":"https:\/\/skaitytaknyga.lt\/en\/wp-json\/wp\/v2\/comments?post=15481"}],"wp:featuredmedia":[{"embeddable":true,"href":"https:\/\/skaitytaknyga.lt\/en\/wp-json\/wp\/v2\/media\/15505"}],"wp:attachment":[{"href":"https:\/\/skaitytaknyga.lt\/en\/wp-json\/wp\/v2\/media?parent=15481"}],"wp:term":[{"taxonomy":"product_brand","embeddable":true,"href":"https:\/\/skaitytaknyga.lt\/en\/wp-json\/wp\/v2\/product_brand?post=15481"},{"taxonomy":"product_cat","embeddable":true,"href":"https:\/\/skaitytaknyga.lt\/en\/wp-json\/wp\/v2\/product_cat?post=15481"},{"taxonomy":"product_tag","embeddable":true,"href":"https:\/\/skaitytaknyga.lt\/en\/wp-json\/wp\/v2\/product_tag?post=15481"}],"curies":[{"name":"wp","href":"https:\/\/api.w.org\/{rel}","templated":true}]}}