{"id":15480,"date":"2024-12-17T14:31:28","date_gmt":"2024-12-17T12:31:28","guid":{"rendered":"https:\/\/skaitytaknyga.lt\/?post_type=product&#038;p=15480"},"modified":"2025-06-11T13:37:16","modified_gmt":"2025-06-11T10:37:16","slug":"proverzio-patirtis","status":"publish","type":"product","link":"https:\/\/skaitytaknyga.lt\/en\/produktas\/proverzio-patirtis\/","title":{"rendered":"Prover\u017eio patirtis"},"content":{"rendered":"<p>\u0160ios knygos pagrindas \u2013 autoriaus dviej\u0173 dien\u0173 seminaro programa \u201eProver\u017eio patirtis&#8221; (Breakthrough ExperienceTM). Knyga papildyta visatos d\u0117sniais, autobiografija, \u012fkvepian\u010diais daugelio did\u017ei\u0173j\u0173 \u017emoni\u0173 \u017eod\u017eiais, istorijomis apie paprastus \u017emones, kurie patyr\u0117 \u012fsp\u016bding\u0173 stulbinan\u010di\u0173 i\u0161gyvenim\u0173.<\/p>\n<p>Mokslas, kuris pristatomas knygoje, yra pa\u017eangiausias, filosofija \u2013 \u012fkvepianti ir skatinanti veikti dr\u0105siai, o pasakojamos istorijos tikros. Kiekvieno skyriaus pabaigoje pateikiami pratimai pad\u0117s i\u0161siai\u0161kinti giliai pasl\u0117ptus \u012fsitikinimus, kuriais grind\u017eiamas j\u016bs\u0173 gyvenimas, bei patirtis, o afirmacijos ir citatos leis atskleisti ir i\u0161naudoti vis\u0105 savo potencial\u0105.<\/p>\n<p>Tolesniuose knygos puslapiuose su\u017einosite svajoni\u0173 realizavimo formul\u0119, atrasite \u0161irdies atv\u0117rimo paslaptis, apie kurias n\u0117 nenutuok\u0117te, i\u0161siai\u0161kinsite, kaip sustiprinti meil\u0119 ir geriau suprasti kiekvien\u0105 gyvenimo aspekt\u0105, o gilios \u012f\u017evalgos pad\u0117s s\u0117kmingai u\u017emegzti daugiau puiki\u0173 jus tenkinan\u010di\u0173 santyki\u0173, atgauti savo prigimtines teises kaip tikram genijui, \u012fveikti visas baimes ir iliuzijas, susijusias su mirties mitu, taip pat atrasti savo tikr\u0105j\u0105 gyvenimo misij\u0105 ir tiksl\u0105 \u0161ioje \u017dem\u0117je.<\/p>\n<p>J\u016bs patirsite tai, kas iki \u0161iol tokia forma niekada nebuvo pateikta, skirtas laikas bei pastangos atsipirks t\u016bkstanteriopai. Tai ne tik knyga; kaip pamin\u0117ta pavadinime, tai \u2013 patirtis. Manau, tikrai \u012fsitikinsite, kad j\u0105 perskai\u010dius ne\u012fmanoma likti abejingam ir nepasikeitusiam.<\/p>\n<p>Turite \u017einoti, knyga \u201eProver\u017eio patirtis&#8221; nepadarys j\u016bs\u0173 laimingo. Tai gerokai daugiau nei laim\u0117 ir li\u016bdesys. Kiekvien\u0105 kart\u0105 pereidamas i\u0161 vienos koncentrin\u0117s egzistencijos sferos \u012f kit\u0105, kiekvien\u0105 kart\u0105 atlikdamas kvantin\u012f \u0161uol\u012f \u012f nauj\u0105 ir kitok\u012f s\u0105mon\u0117s lygmen\u012f, i\u0161gyvensite laikin\u0105 tapatyb\u0117s kriz\u0119. \u0160is rei\u0161kinys b\u016btinas norint augti, ir kuo didesnis \u0161uolis, tuo didesn\u0117 kriz\u0117. J\u016bs\u0173 gyvenimas sumodeliuotas pagal \u012fsitikinimus ir suvokimo sistem\u0105, o kai staiga toji sistema nebepritaikoma, kai per\u017eengiate jos ribas, pereinate \u012f tapatyb\u0117s kriz\u0117s faz\u0119, kol prisitaikote prie naujojo koncentrinio modelio.<\/p>\n","protected":false},"excerpt":{"rendered":"<p>\u0160ios knygos pagrindas \u2013 autoriaus dviej\u0173 dien\u0173 seminaro programa \u201eProver\u017eio patirtis&#8221; (Breakthrough ExperienceTM). Knyga papildyta visatos d\u0117sniais, autobiografija, \u012fkvepian\u010diais daugelio did\u017ei\u0173j\u0173 \u017emoni\u0173 \u017eod\u017eiais, istorijomis apie paprastus \u017emones, kurie patyr\u0117 \u012fsp\u016bding\u0173 stulbinan\u010di\u0173 i\u0161gyvenim\u0173. Mokslas, kuris pristatomas knygoje, yra pa\u017eangiausias, filosofija \u2013 \u012fkvepianti ir skatinanti veikti dr\u0105siai, o pasakojamos istorijos tikros. Kiekvieno skyriaus pabaigoje pateikiami pratimai pad\u0117s i\u0161siai\u0161kinti giliai pasl\u0117ptus \u012fsitikinimus, kuriais grind\u017eiamas j\u016bs\u0173 gyvenimas, bei patirtis, o afirmacijos ir citatos leis atskleisti ir i\u0161naudoti vis\u0105 savo potencial\u0105. Tolesniuose knygos puslapiuose su\u017einosite svajoni\u0173 realizavimo formul\u0119, atrasite \u0161irdies atv\u0117rimo paslaptis, apie kurias n\u0117 nenutuok\u0117te, i\u0161siai\u0161kinsite, kaip sustiprinti meil\u0119 ir geriau suprasti kiekvien\u0105 gyvenimo aspekt\u0105, o gilios \u012f\u017evalgos pad\u0117s s\u0117kmingai u\u017emegzti daugiau puiki\u0173 jus tenkinan\u010di\u0173 santyki\u0173, atgauti savo prigimtines teises kaip tikram genijui, \u012fveikti visas baimes ir iliuzijas, susijusias su mirties mitu, taip pat atrasti savo tikr\u0105j\u0105 gyvenimo misij\u0105 ir tiksl\u0105 \u0161ioje \u017dem\u0117je. J\u016bs patirsite tai, kas iki \u0161iol tokia forma niekada nebuvo pateikta, skirtas laikas bei pastangos atsipirks t\u016bkstanteriopai. Tai ne tik knyga; kaip pamin\u0117ta pavadinime, tai \u2013 patirtis. Manau, tikrai \u012fsitikinsite, kad j\u0105 perskai\u010dius ne\u012fmanoma likti abejingam ir nepasikeitusiam. Turite \u017einoti, knyga \u201eProver\u017eio patirtis&#8221; nepadarys j\u016bs\u0173 laimingo. Tai gerokai daugiau nei laim\u0117 ir li\u016bdesys. Kiekvien\u0105 kart\u0105 pereidamas i\u0161 vienos koncentrin\u0117s egzistencijos sferos \u012f kit\u0105, kiekvien\u0105 kart\u0105 atlikdamas kvantin\u012f \u0161uol\u012f \u012f nauj\u0105 ir kitok\u012f s\u0105mon\u0117s lygmen\u012f, i\u0161gyvensite laikin\u0105 tapatyb\u0117s kriz\u0119. \u0160is rei\u0161kinys b\u016btinas norint augti, ir kuo didesnis \u0161uolis, tuo didesn\u0117 kriz\u0117. J\u016bs\u0173 gyvenimas sumodeliuotas pagal \u012fsitikinimus ir suvokimo sistem\u0105, o kai staiga toji sistema nebepritaikoma, kai per\u017eengiate jos ribas, pereinate \u012f tapatyb\u0117s kriz\u0117s faz\u0119, kol prisitaikote prie naujojo koncentrinio modelio.<\/p>\n","protected":false},"featured_media":15535,"comment_status":"open","ping_status":"closed","template":"","meta":{"_acf_changed":false,"site-sidebar-layout":"default","site-content-layout":"","ast-site-content-layout":"default","site-content-style":"default","site-sidebar-style":"default","ast-global-header-display":"","ast-banner-title-visibility":"","ast-main-header-display":"","ast-hfb-above-header-display":"","ast-hfb-below-header-display":"","ast-hfb-mobile-header-display":"","site-post-title":"","ast-breadcrumbs-content":"","ast-featured-img":"","footer-sml-layout":"","ast-disable-related-posts":"","theme-transparent-header-meta":"default","adv-header-id-meta":"","stick-header-meta":"","header-above-stick-meta":"","header-main-stick-meta":"","header-below-stick-meta":"","astra-migrate-meta-layouts":"set","ast-page-background-enabled":"default","ast-page-background-meta":{"desktop":{"background-color":"","background-image":"","background-repeat":"repeat","background-position":"center center","background-size":"auto","background-attachment":"scroll","background-type":"","background-media":"","overlay-type":"","overlay-color":"","overlay-opacity":"","overlay-gradient":""},"tablet":{"background-color":"","background-image":"","background-repeat":"repeat","background-position":"center center","background-size":"auto","background-attachment":"scroll","background-type":"","background-media":"","overlay-type":"","overlay-color":"","overlay-opacity":"","overlay-gradient":""},"mobile":{"background-color":"","background-image":"","background-repeat":"repeat","background-position":"center center","background-size":"auto","background-attachment":"scroll","background-type":"","background-media":"","overlay-type":"","overlay-color":"","overlay-opacity":"","overlay-gradient":""}},"ast-content-background-meta":{"desktop":{"background-color":"var(--ast-global-color-4)","background-image":"","background-repeat":"repeat","background-position":"center center","background-size":"auto","background-attachment":"scroll","background-type":"","background-media":"","overlay-type":"","overlay-color":"","overlay-opacity":"","overlay-gradient":""},"tablet":{"background-color":"var(--ast-global-color-4)","background-image":"","background-repeat":"repeat","background-position":"center center","background-size":"auto","background-attachment":"scroll","background-type":"","background-media":"","overlay-type":"","overlay-color":"","overlay-opacity":"","overlay-gradient":""},"mobile":{"background-color":"var(--ast-global-color-4)","background-image":"","background-repeat":"repeat","background-position":"center center","background-size":"auto","background-attachment":"scroll","background-type":"","background-media":"","overlay-type":"","overlay-color":"","overlay-opacity":"","overlay-gradient":""}}},"product_brand":[],"product_cat":[15,30],"product_tag":[5063,1994,5064,5060,1409,5061,1392,1968,1396,5062],"class_list":{"0":"post-15480","1":"product","2":"type-product","3":"status-publish","4":"has-post-thumbnail","6":"product_cat-uncategorized","7":"product_cat-psichologija-ir-saviugda","8":"product_tag-afirmacijos","9":"product_tag-dvasinis-augimas","10":"product_tag-gyvenimo-tikslas","11":"product_tag-john-f-demartini","12":"product_tag-motyvacija","13":"product_tag-proverzis","14":"product_tag-psichologija","15":"product_tag-samoningumas","16":"product_tag-saviugda","17":"product_tag-transformacija","18":"desktop-align-left","19":"tablet-align-left","20":"mobile-align-left","22":"first","23":"instock","24":"shipping-taxable","25":"purchasable","26":"product-type-simple"},"acf":[],"yoast_head":"<!-- This site is optimized with the Yoast SEO plugin v27.0 - https:\/\/yoast.com\/product\/yoast-seo-wordpress\/ -->\n<title>Prover\u017eio patirtis<\/title>\n<meta name=\"description\" content=\"\u0160ios knygos pagrindas \u2013 autoriaus dviej\u0173 dien\u0173 seminaro programa \u201eProver\u017eio patirtis&quot; (Breakthrough ExperienceTM). Knyga papildyta visatos d\u0117sniais,\" \/>\n<meta name=\"robots\" content=\"index, follow, max-snippet:-1, max-image-preview:large, max-video-preview:-1\" \/>\n<link rel=\"canonical\" href=\"https:\/\/skaitytaknyga.lt\/en\/produktas\/proverzio-patirtis\/\" \/>\n<meta property=\"og:locale\" content=\"en_GB\" \/>\n<meta property=\"og:locale:alternate\" content=\"lt_LT\" \/>\n<meta property=\"og:type\" content=\"article\" \/>\n<meta property=\"og:title\" content=\"Prover\u017eio patirtis\" \/>\n<meta property=\"og:description\" content=\"\u0160ios knygos pagrindas \u2013 autoriaus dviej\u0173 dien\u0173 seminaro programa \u201eProver\u017eio patirtis&quot; (Breakthrough ExperienceTM). Knyga papildyta visatos d\u0117sniais,\" \/>\n<meta property=\"og:url\" content=\"https:\/\/skaitytaknyga.lt\/en\/produktas\/proverzio-patirtis\/\" \/>\n<meta property=\"og:site_name\" content=\"Skaitytaknyga\" \/>\n<meta property=\"article:publisher\" content=\"https:\/\/www.facebook.com\/skaitytaknyga\/\" \/>\n<meta property=\"article:modified_time\" content=\"2025-06-11T10:37:16+00:00\" \/>\n<meta property=\"og:image\" content=\"https:\/\/skaitytaknyga.lt\/wp-content\/uploads\/2024\/12\/Proverzio-patirtis.jpg\" \/>\n\t<meta property=\"og:image:width\" content=\"450\" \/>\n\t<meta property=\"og:image:height\" content=\"600\" \/>\n\t<meta property=\"og:image:type\" content=\"image\/jpeg\" \/>\n<meta name=\"twitter:card\" content=\"summary_large_image\" \/>\n<meta name=\"twitter:label1\" content=\"Estimated reading time\" \/>\n\t<meta name=\"twitter:data1\" content=\"2 minutes\" \/>\n<script type=\"application\/ld+json\" class=\"yoast-schema-graph\">{\"@context\":\"https:\/\/schema.org\",\"@graph\":[{\"@type\":\"WebPage\",\"@id\":\"https:\/\/skaitytaknyga.lt\/produktas\/proverzio-patirtis\/\",\"url\":\"https:\/\/skaitytaknyga.lt\/produktas\/proverzio-patirtis\/\",\"name\":\"Prover\u017eio patirtis\",\"isPartOf\":{\"@id\":\"https:\/\/skaitytaknyga.lt\/#website\"},\"primaryImageOfPage\":{\"@id\":\"https:\/\/skaitytaknyga.lt\/produktas\/proverzio-patirtis\/#primaryimage\"},\"image\":{\"@id\":\"https:\/\/skaitytaknyga.lt\/produktas\/proverzio-patirtis\/#primaryimage\"},\"thumbnailUrl\":\"https:\/\/skaitytaknyga.lt\/wp-content\/uploads\/2024\/12\/Proverzio-patirtis.jpg\",\"datePublished\":\"2024-12-17T12:31:28+00:00\",\"dateModified\":\"2025-06-11T10:37:16+00:00\",\"description\":\"\u0160ios knygos pagrindas \u2013 autoriaus dviej\u0173 dien\u0173 seminaro programa \u201eProver\u017eio patirtis\\\" (Breakthrough ExperienceTM). Knyga papildyta visatos d\u0117sniais,\",\"breadcrumb\":{\"@id\":\"https:\/\/skaitytaknyga.lt\/produktas\/proverzio-patirtis\/#breadcrumb\"},\"inLanguage\":\"en-GB\",\"potentialAction\":[{\"@type\":\"ReadAction\",\"target\":[\"https:\/\/skaitytaknyga.lt\/produktas\/proverzio-patirtis\/\"]}]},{\"@type\":\"ImageObject\",\"inLanguage\":\"en-GB\",\"@id\":\"https:\/\/skaitytaknyga.lt\/produktas\/proverzio-patirtis\/#primaryimage\",\"url\":\"https:\/\/skaitytaknyga.lt\/wp-content\/uploads\/2024\/12\/Proverzio-patirtis.jpg\",\"contentUrl\":\"https:\/\/skaitytaknyga.lt\/wp-content\/uploads\/2024\/12\/Proverzio-patirtis.jpg\",\"width\":450,\"height\":600,\"caption\":\"Prover\u017eio patirtis:\"},{\"@type\":\"BreadcrumbList\",\"@id\":\"https:\/\/skaitytaknyga.lt\/produktas\/proverzio-patirtis\/#breadcrumb\",\"itemListElement\":[{\"@type\":\"ListItem\",\"position\":1,\"name\":\"Home\",\"item\":\"https:\/\/skaitytaknyga.lt\/\"},{\"@type\":\"ListItem\",\"position\":2,\"name\":\"Parduotuv\u0117\",\"item\":\"https:\/\/skaitytaknyga.lt\/knygu-parduotuve\/\"},{\"@type\":\"ListItem\",\"position\":3,\"name\":\"Prover\u017eio patirtis\"}]},{\"@type\":\"WebSite\",\"@id\":\"https:\/\/skaitytaknyga.lt\/#website\",\"url\":\"https:\/\/skaitytaknyga.lt\/\",\"name\":\"skaitytaknyga.lt\",\"description\":\"Skaitytaknyga.lt \u2013 tai ma\u017eas \u0161eimos verslas, kuris prasid\u0117jo nuo meil\u0117s knygoms ir siekio i\u0161gelb\u0117ti knygas nuo likimo prie konteinerio. Kas vienam nereikalingas daiktas \u2013 kitam lobis, o mes esame tarpininkai, kurie padeda abiems tapti laimingesniems ???? \u017dinome kaip nelengva i\u0161gyventi ma\u017eiems verslams, tad nuo \u0161iol, \u010dia rasite ir kit\u0173, ma\u017e\u0173 \u0161eim\u0173 versl\u0173, rank\u0173 darbo, dovan\u0173 sau ir artimiesiems.\",\"publisher\":{\"@id\":\"https:\/\/skaitytaknyga.lt\/#organization\"},\"potentialAction\":[{\"@type\":\"SearchAction\",\"target\":{\"@type\":\"EntryPoint\",\"urlTemplate\":\"https:\/\/skaitytaknyga.lt\/?s={search_term_string}\"},\"query-input\":{\"@type\":\"PropertyValueSpecification\",\"valueRequired\":true,\"valueName\":\"search_term_string\"}}],\"inLanguage\":\"en-GB\"},{\"@type\":\"Organization\",\"@id\":\"https:\/\/skaitytaknyga.lt\/#organization\",\"name\":\"skaitytaknyga.lt\",\"url\":\"https:\/\/skaitytaknyga.lt\/\",\"logo\":{\"@type\":\"ImageObject\",\"inLanguage\":\"en-GB\",\"@id\":\"https:\/\/skaitytaknyga.lt\/#\/schema\/logo\/image\/\",\"url\":\"https:\/\/skaitytaknyga.lt\/wp-content\/uploads\/2024\/05\/cropped-cropped-cropped-02_00843_jt3bggkj1j3HLc7SyY6rEUpg.jpeg\",\"contentUrl\":\"https:\/\/skaitytaknyga.lt\/wp-content\/uploads\/2024\/05\/cropped-cropped-cropped-02_00843_jt3bggkj1j3HLc7SyY6rEUpg.jpeg\",\"width\":1600,\"height\":1600,\"caption\":\"skaitytaknyga.lt\"},\"image\":{\"@id\":\"https:\/\/skaitytaknyga.lt\/#\/schema\/logo\/image\/\"},\"sameAs\":[\"https:\/\/www.facebook.com\/skaitytaknyga\/\"]}]}<\/script>\n<!-- \/ Yoast SEO plugin. -->","yoast_head_json":{"title":"Prover\u017eio patirtis","description":"\u0160ios knygos pagrindas \u2013 autoriaus dviej\u0173 dien\u0173 seminaro programa \u201eProver\u017eio patirtis\" (Breakthrough ExperienceTM). Knyga papildyta visatos d\u0117sniais,","robots":{"index":"index","follow":"follow","max-snippet":"max-snippet:-1","max-image-preview":"max-image-preview:large","max-video-preview":"max-video-preview:-1"},"canonical":"https:\/\/skaitytaknyga.lt\/en\/produktas\/proverzio-patirtis\/","og_locale":"en_GB","og_type":"article","og_title":"[:lt]Prover\u017eio patirtis[:] - Skaitytaknyga","og_description":"\u0160ios knygos pagrindas \u2013 autoriaus dviej\u0173 dien\u0173 seminaro programa \u201eProver\u017eio patirtis\" (Breakthrough ExperienceTM). Knyga papildyta visatos d\u0117sniais,","og_url":"https:\/\/skaitytaknyga.lt\/en\/produktas\/proverzio-patirtis\/","og_site_name":"Skaitytaknyga","article_publisher":"https:\/\/www.facebook.com\/skaitytaknyga\/","article_modified_time":"2025-06-11T10:37:16+00:00","og_image":[{"width":450,"height":600,"url":"https:\/\/skaitytaknyga.lt\/wp-content\/uploads\/2024\/12\/Proverzio-patirtis.jpg","type":"image\/jpeg"}],"twitter_card":"summary_large_image","twitter_misc":{"Estimated reading time":"2 minutes"},"schema":{"@context":"https:\/\/schema.org","@graph":[{"@type":"WebPage","@id":"https:\/\/skaitytaknyga.lt\/produktas\/proverzio-patirtis\/","url":"https:\/\/skaitytaknyga.lt\/produktas\/proverzio-patirtis\/","name":"Prover\u017eio patirtis","isPartOf":{"@id":"https:\/\/skaitytaknyga.lt\/#website"},"primaryImageOfPage":{"@id":"https:\/\/skaitytaknyga.lt\/produktas\/proverzio-patirtis\/#primaryimage"},"image":{"@id":"https:\/\/skaitytaknyga.lt\/produktas\/proverzio-patirtis\/#primaryimage"},"thumbnailUrl":"https:\/\/skaitytaknyga.lt\/wp-content\/uploads\/2024\/12\/Proverzio-patirtis.jpg","datePublished":"2024-12-17T12:31:28+00:00","dateModified":"2025-06-11T10:37:16+00:00","description":"\u0160ios knygos pagrindas \u2013 autoriaus dviej\u0173 dien\u0173 seminaro programa \u201eProver\u017eio patirtis\" (Breakthrough ExperienceTM). Knyga papildyta visatos d\u0117sniais,","breadcrumb":{"@id":"https:\/\/skaitytaknyga.lt\/produktas\/proverzio-patirtis\/#breadcrumb"},"inLanguage":"en-GB","potentialAction":[{"@type":"ReadAction","target":["https:\/\/skaitytaknyga.lt\/produktas\/proverzio-patirtis\/"]}]},{"@type":"ImageObject","inLanguage":"en-GB","@id":"https:\/\/skaitytaknyga.lt\/produktas\/proverzio-patirtis\/#primaryimage","url":"https:\/\/skaitytaknyga.lt\/wp-content\/uploads\/2024\/12\/Proverzio-patirtis.jpg","contentUrl":"https:\/\/skaitytaknyga.lt\/wp-content\/uploads\/2024\/12\/Proverzio-patirtis.jpg","width":450,"height":600,"caption":"Prover\u017eio patirtis:"},{"@type":"BreadcrumbList","@id":"https:\/\/skaitytaknyga.lt\/produktas\/proverzio-patirtis\/#breadcrumb","itemListElement":[{"@type":"ListItem","position":1,"name":"Home","item":"https:\/\/skaitytaknyga.lt\/"},{"@type":"ListItem","position":2,"name":"Parduotuv\u0117","item":"https:\/\/skaitytaknyga.lt\/knygu-parduotuve\/"},{"@type":"ListItem","position":3,"name":"Prover\u017eio patirtis"}]},{"@type":"WebSite","@id":"https:\/\/skaitytaknyga.lt\/#website","url":"https:\/\/skaitytaknyga.lt\/","name":"skaitytaknyga.lt","description":"Skaitytaknyga.lt \u2013 tai ma\u017eas \u0161eimos verslas, kuris prasid\u0117jo nuo meil\u0117s knygoms ir siekio i\u0161gelb\u0117ti knygas nuo likimo prie konteinerio. Kas vienam nereikalingas daiktas \u2013 kitam lobis, o mes esame tarpininkai, kurie padeda abiems tapti laimingesniems ???? \u017dinome kaip nelengva i\u0161gyventi ma\u017eiems verslams, tad nuo \u0161iol, \u010dia rasite ir kit\u0173, ma\u017e\u0173 \u0161eim\u0173 versl\u0173, rank\u0173 darbo, dovan\u0173 sau ir artimiesiems.","publisher":{"@id":"https:\/\/skaitytaknyga.lt\/#organization"},"potentialAction":[{"@type":"SearchAction","target":{"@type":"EntryPoint","urlTemplate":"https:\/\/skaitytaknyga.lt\/?s={search_term_string}"},"query-input":{"@type":"PropertyValueSpecification","valueRequired":true,"valueName":"search_term_string"}}],"inLanguage":"en-GB"},{"@type":"Organization","@id":"https:\/\/skaitytaknyga.lt\/#organization","name":"skaitytaknyga.lt","url":"https:\/\/skaitytaknyga.lt\/","logo":{"@type":"ImageObject","inLanguage":"en-GB","@id":"https:\/\/skaitytaknyga.lt\/#\/schema\/logo\/image\/","url":"https:\/\/skaitytaknyga.lt\/wp-content\/uploads\/2024\/05\/cropped-cropped-cropped-02_00843_jt3bggkj1j3HLc7SyY6rEUpg.jpeg","contentUrl":"https:\/\/skaitytaknyga.lt\/wp-content\/uploads\/2024\/05\/cropped-cropped-cropped-02_00843_jt3bggkj1j3HLc7SyY6rEUpg.jpeg","width":1600,"height":1600,"caption":"skaitytaknyga.lt"},"image":{"@id":"https:\/\/skaitytaknyga.lt\/#\/schema\/logo\/image\/"},"sameAs":["https:\/\/www.facebook.com\/skaitytaknyga\/"]}]}},"_links":{"self":[{"href":"https:\/\/skaitytaknyga.lt\/en\/wp-json\/wp\/v2\/product\/15480","targetHints":{"allow":["GET"]}}],"collection":[{"href":"https:\/\/skaitytaknyga.lt\/en\/wp-json\/wp\/v2\/product"}],"about":[{"href":"https:\/\/skaitytaknyga.lt\/en\/wp-json\/wp\/v2\/types\/product"}],"replies":[{"embeddable":true,"href":"https:\/\/skaitytaknyga.lt\/en\/wp-json\/wp\/v2\/comments?post=15480"}],"wp:featuredmedia":[{"embeddable":true,"href":"https:\/\/skaitytaknyga.lt\/en\/wp-json\/wp\/v2\/media\/15535"}],"wp:attachment":[{"href":"https:\/\/skaitytaknyga.lt\/en\/wp-json\/wp\/v2\/media?parent=15480"}],"wp:term":[{"taxonomy":"product_brand","embeddable":true,"href":"https:\/\/skaitytaknyga.lt\/en\/wp-json\/wp\/v2\/product_brand?post=15480"},{"taxonomy":"product_cat","embeddable":true,"href":"https:\/\/skaitytaknyga.lt\/en\/wp-json\/wp\/v2\/product_cat?post=15480"},{"taxonomy":"product_tag","embeddable":true,"href":"https:\/\/skaitytaknyga.lt\/en\/wp-json\/wp\/v2\/product_tag?post=15480"}],"curies":[{"name":"wp","href":"https:\/\/api.w.org\/{rel}","templated":true}]}}