{"id":15479,"date":"2024-12-17T14:31:28","date_gmt":"2024-12-17T12:31:28","guid":{"rendered":"https:\/\/skaitytaknyga.lt\/?post_type=product&#038;p=15479"},"modified":"2024-12-19T07:56:28","modified_gmt":"2024-12-19T05:56:28","slug":"kiti-balsai-kiti-kambariai","status":"publish","type":"product","link":"https:\/\/skaitytaknyga.lt\/en\/produktas\/kiti-balsai-kiti-kambariai\/","title":{"rendered":"Kiti balsai, kiti kambariai"},"content":{"rendered":"<p>\u201eKiti balsai, kiti kambariai\u201c \u2013 tai moderniosios JAV Piet\u0173 literat\u016bros k\u016brinys, pasakojantis apie jautr\u0173 berniuk\u0105, kuriam per\u017eengti paauglyst\u0117s siaubus ir vienatv\u0119 padeda du \u017emon\u0117s: pasaulio i\u0161mint\u012f sukaup\u0119s cini\u0161kas intelektualas d\u0117d\u0117 ir \u0161auni, naivi pad\u016bk\u0117l\u0117 jo draug\u0117.<br \/>\nTai moderniosios gotikos romanas, kuriame klasikin\u0117s gotikos atributus \u2013 viduram\u017ei\u0173 pilis su vaiduokliais, magij\u0105 \u2013 pakei\u010dia \u012f Tvin Pyks\u0105 pana\u0161\u016bs miesteliai, g\u016bd\u016bs mi\u0161kai ir raistai, kur gyvena keisti, nesuprantami, pam\u0117kli\u0161ki \u017emon\u0117s.<br \/>\nTokia yra ir Skali\u0173 Laukym\u0117 \u2013 baugi vieta praradusiam jauk\u0173 nam\u0173 \u017eidin\u012f D\u017eoeliui, skausmingai ie\u0161kan\u010diam ne tik nepa\u017e\u012fstamo t\u0117vo, bet ir harmonijos su savimi ir pasauliu.<\/p>\n<ul class=\"about-product d-none d-xl-block mt-4\">\n<li><strong>Autorius:<\/strong>\u00a0Truman Capote<\/li>\n<li><strong>Leid\u0117jas:<\/strong>\u00a0Alma littera<\/li>\n<li><strong>Metai:<\/strong>\u00a02005<\/li>\n<li><strong>Puslapiai:<\/strong>\u00a0168<\/li>\n<li class=\"toggleable type-new-formats \"><strong>ISBN:<\/strong>\u00a09789955088851<\/li>\n<li class=\"toggleable type-new-formats \"><strong>Formatas:<\/strong>\u00a015 x 24 x 2 cm, kieti vir\u0161eliai<\/li>\n<li><strong>Kalba:<\/strong>\u00a0Lietuvi\u0173<\/li>\n<li><strong>Vert\u0117jas:<\/strong>\u00a0Laimantas Jonu\u0161ys<\/li>\n<\/ul>\n","protected":false},"excerpt":{"rendered":"<p>\u201eKiti balsai, kiti kambariai\u201c \u2013 tai moderniosios JAV Piet\u0173 literat\u016bros k\u016brinys, pasakojantis apie jautr\u0173 berniuk\u0105, kuriam per\u017eengti paauglyst\u0117s siaubus ir vienatv\u0119 padeda du \u017emon\u0117s: pasaulio i\u0161mint\u012f sukaup\u0119s cini\u0161kas intelektualas d\u0117d\u0117 ir \u0161auni, naivi pad\u016bk\u0117l\u0117 jo draug\u0117. Tai moderniosios gotikos romanas, kuriame klasikin\u0117s gotikos atributus \u2013 viduram\u017ei\u0173 pilis su vaiduokliais, magij\u0105 \u2013 pakei\u010dia \u012f Tvin Pyks\u0105 pana\u0161\u016bs miesteliai, g\u016bd\u016bs mi\u0161kai ir raistai, kur gyvena keisti, nesuprantami, pam\u0117kli\u0161ki \u017emon\u0117s. Tokia yra ir Skali\u0173 Laukym\u0117 \u2013 baugi vieta praradusiam jauk\u0173 nam\u0173 \u017eidin\u012f D\u017eoeliui, skausmingai ie\u0161kan\u010diam ne tik nepa\u017e\u012fstamo t\u0117vo, bet ir harmonijos su savimi ir pasauliu. Autorius:\u00a0Truman Capote Leid\u0117jas:\u00a0Alma littera Metai:\u00a02005 Puslapiai:\u00a0168 ISBN:\u00a09789955088851 Formatas:\u00a015 x 24 x 2 cm, kieti vir\u0161eliai Kalba:\u00a0Lietuvi\u0173 Vert\u0117jas:\u00a0Laimantas Jonu\u0161ys<\/p>\n","protected":false},"featured_media":15506,"comment_status":"open","ping_status":"closed","template":"","meta":{"_acf_changed":false,"site-sidebar-layout":"default","site-content-layout":"","ast-site-content-layout":"default","site-content-style":"default","site-sidebar-style":"default","ast-global-header-display":"","ast-banner-title-visibility":"","ast-main-header-display":"","ast-hfb-above-header-display":"","ast-hfb-below-header-display":"","ast-hfb-mobile-header-display":"","site-post-title":"","ast-breadcrumbs-content":"","ast-featured-img":"","footer-sml-layout":"","ast-disable-related-posts":"","theme-transparent-header-meta":"default","adv-header-id-meta":"","stick-header-meta":"","header-above-stick-meta":"","header-main-stick-meta":"","header-below-stick-meta":"","astra-migrate-meta-layouts":"set","ast-page-background-enabled":"default","ast-page-background-meta":{"desktop":{"background-color":"","background-image":"","background-repeat":"repeat","background-position":"center center","background-size":"auto","background-attachment":"scroll","background-type":"","background-media":"","overlay-type":"","overlay-color":"","overlay-opacity":"","overlay-gradient":""},"tablet":{"background-color":"","background-image":"","background-repeat":"repeat","background-position":"center center","background-size":"auto","background-attachment":"scroll","background-type":"","background-media":"","overlay-type":"","overlay-color":"","overlay-opacity":"","overlay-gradient":""},"mobile":{"background-color":"","background-image":"","background-repeat":"repeat","background-position":"center center","background-size":"auto","background-attachment":"scroll","background-type":"","background-media":"","overlay-type":"","overlay-color":"","overlay-opacity":"","overlay-gradient":""}},"ast-content-background-meta":{"desktop":{"background-color":"var(--ast-global-color-4)","background-image":"","background-repeat":"repeat","background-position":"center center","background-size":"auto","background-attachment":"scroll","background-type":"","background-media":"","overlay-type":"","overlay-color":"","overlay-opacity":"","overlay-gradient":""},"tablet":{"background-color":"var(--ast-global-color-4)","background-image":"","background-repeat":"repeat","background-position":"center center","background-size":"auto","background-attachment":"scroll","background-type":"","background-media":"","overlay-type":"","overlay-color":"","overlay-opacity":"","overlay-gradient":""},"mobile":{"background-color":"var(--ast-global-color-4)","background-image":"","background-repeat":"repeat","background-position":"center center","background-size":"auto","background-attachment":"scroll","background-type":"","background-media":"","overlay-type":"","overlay-color":"","overlay-opacity":"","overlay-gradient":""}}},"product_brand":[],"product_cat":[31,15],"product_tag":[],"class_list":{"0":"post-15479","1":"product","2":"type-product","3":"status-publish","4":"has-post-thumbnail","6":"product_cat-grozine-literatura","7":"product_cat-uncategorized","8":"desktop-align-left","9":"tablet-align-left","10":"mobile-align-left","12":"first","13":"instock","14":"shipping-taxable","15":"purchasable","16":"product-type-simple"},"acf":[],"yoast_head":"<!-- This site is optimized with the Yoast SEO plugin v27.0 - https:\/\/yoast.com\/product\/yoast-seo-wordpress\/ -->\n<title>Kiti balsai, kiti kambariai<\/title>\n<meta name=\"description\" content=\"\u201eKiti balsai, kiti kambariai\u201c \u2013 tai moderniosios JAV Piet\u0173 literat\u016bros k\u016brinys, pasakojantis apie jautr\u0173 berniuk\u0105, kuriam per\u017eengti paauglyst\u0117s siaubus ir\" \/>\n<meta name=\"robots\" content=\"index, follow, max-snippet:-1, max-image-preview:large, max-video-preview:-1\" \/>\n<link rel=\"canonical\" href=\"https:\/\/skaitytaknyga.lt\/en\/produktas\/kiti-balsai-kiti-kambariai\/\" \/>\n<meta property=\"og:locale\" content=\"en_GB\" \/>\n<meta property=\"og:locale:alternate\" content=\"lt_LT\" \/>\n<meta property=\"og:type\" content=\"article\" \/>\n<meta property=\"og:title\" content=\"Kiti balsai, kiti kambariai\" \/>\n<meta property=\"og:description\" content=\"\u201eKiti balsai, kiti kambariai\u201c \u2013 tai moderniosios JAV Piet\u0173 literat\u016bros k\u016brinys, pasakojantis apie jautr\u0173 berniuk\u0105, kuriam per\u017eengti paauglyst\u0117s siaubus ir\" \/>\n<meta property=\"og:url\" content=\"https:\/\/skaitytaknyga.lt\/en\/produktas\/kiti-balsai-kiti-kambariai\/\" \/>\n<meta property=\"og:site_name\" content=\"Skaitytaknyga\" \/>\n<meta property=\"article:publisher\" content=\"https:\/\/www.facebook.com\/skaitytaknyga\/\" \/>\n<meta property=\"article:modified_time\" content=\"2024-12-19T05:56:28+00:00\" \/>\n<meta property=\"og:image\" content=\"https:\/\/skaitytaknyga.lt\/wp-content\/uploads\/2024\/12\/Kiti-balsai-kiti-kambariai.webp\" \/>\n\t<meta property=\"og:image:width\" content=\"285\" \/>\n\t<meta property=\"og:image:height\" content=\"463\" \/>\n\t<meta property=\"og:image:type\" content=\"image\/webp\" \/>\n<meta name=\"twitter:card\" content=\"summary_large_image\" \/>\n<meta name=\"twitter:label1\" content=\"Estimated reading time\" \/>\n\t<meta name=\"twitter:data1\" content=\"1 minute\" \/>\n<script type=\"application\/ld+json\" class=\"yoast-schema-graph\">{\"@context\":\"https:\/\/schema.org\",\"@graph\":[{\"@type\":\"WebPage\",\"@id\":\"https:\/\/skaitytaknyga.lt\/produktas\/kiti-balsai-kiti-kambariai\/\",\"url\":\"https:\/\/skaitytaknyga.lt\/produktas\/kiti-balsai-kiti-kambariai\/\",\"name\":\"Kiti balsai, kiti kambariai\",\"isPartOf\":{\"@id\":\"https:\/\/skaitytaknyga.lt\/#website\"},\"primaryImageOfPage\":{\"@id\":\"https:\/\/skaitytaknyga.lt\/produktas\/kiti-balsai-kiti-kambariai\/#primaryimage\"},\"image\":{\"@id\":\"https:\/\/skaitytaknyga.lt\/produktas\/kiti-balsai-kiti-kambariai\/#primaryimage\"},\"thumbnailUrl\":\"https:\/\/skaitytaknyga.lt\/wp-content\/uploads\/2024\/12\/Kiti-balsai-kiti-kambariai.webp\",\"datePublished\":\"2024-12-17T12:31:28+00:00\",\"dateModified\":\"2024-12-19T05:56:28+00:00\",\"description\":\"\u201eKiti balsai, kiti kambariai\u201c \u2013 tai moderniosios JAV Piet\u0173 literat\u016bros k\u016brinys, pasakojantis apie jautr\u0173 berniuk\u0105, kuriam per\u017eengti paauglyst\u0117s siaubus ir\",\"breadcrumb\":{\"@id\":\"https:\/\/skaitytaknyga.lt\/produktas\/kiti-balsai-kiti-kambariai\/#breadcrumb\"},\"inLanguage\":\"en-GB\",\"potentialAction\":[{\"@type\":\"ReadAction\",\"target\":[\"https:\/\/skaitytaknyga.lt\/produktas\/kiti-balsai-kiti-kambariai\/\"]}]},{\"@type\":\"ImageObject\",\"inLanguage\":\"en-GB\",\"@id\":\"https:\/\/skaitytaknyga.lt\/produktas\/kiti-balsai-kiti-kambariai\/#primaryimage\",\"url\":\"https:\/\/skaitytaknyga.lt\/wp-content\/uploads\/2024\/12\/Kiti-balsai-kiti-kambariai.webp\",\"contentUrl\":\"https:\/\/skaitytaknyga.lt\/wp-content\/uploads\/2024\/12\/Kiti-balsai-kiti-kambariai.webp\",\"width\":285,\"height\":463,\"caption\":\"Kiti balsai, kiti kambariai\"},{\"@type\":\"BreadcrumbList\",\"@id\":\"https:\/\/skaitytaknyga.lt\/produktas\/kiti-balsai-kiti-kambariai\/#breadcrumb\",\"itemListElement\":[{\"@type\":\"ListItem\",\"position\":1,\"name\":\"Home\",\"item\":\"https:\/\/skaitytaknyga.lt\/\"},{\"@type\":\"ListItem\",\"position\":2,\"name\":\"Parduotuv\u0117\",\"item\":\"https:\/\/skaitytaknyga.lt\/knygu-parduotuve\/\"},{\"@type\":\"ListItem\",\"position\":3,\"name\":\"Kiti balsai, kiti kambariai\"}]},{\"@type\":\"WebSite\",\"@id\":\"https:\/\/skaitytaknyga.lt\/#website\",\"url\":\"https:\/\/skaitytaknyga.lt\/\",\"name\":\"skaitytaknyga.lt\",\"description\":\"Skaitytaknyga.lt \u2013 tai ma\u017eas \u0161eimos verslas, kuris prasid\u0117jo nuo meil\u0117s knygoms ir siekio i\u0161gelb\u0117ti knygas nuo likimo prie konteinerio. Kas vienam nereikalingas daiktas \u2013 kitam lobis, o mes esame tarpininkai, kurie padeda abiems tapti laimingesniems ???? \u017dinome kaip nelengva i\u0161gyventi ma\u017eiems verslams, tad nuo \u0161iol, \u010dia rasite ir kit\u0173, ma\u017e\u0173 \u0161eim\u0173 versl\u0173, rank\u0173 darbo, dovan\u0173 sau ir artimiesiems.\",\"publisher\":{\"@id\":\"https:\/\/skaitytaknyga.lt\/#organization\"},\"potentialAction\":[{\"@type\":\"SearchAction\",\"target\":{\"@type\":\"EntryPoint\",\"urlTemplate\":\"https:\/\/skaitytaknyga.lt\/?s={search_term_string}\"},\"query-input\":{\"@type\":\"PropertyValueSpecification\",\"valueRequired\":true,\"valueName\":\"search_term_string\"}}],\"inLanguage\":\"en-GB\"},{\"@type\":\"Organization\",\"@id\":\"https:\/\/skaitytaknyga.lt\/#organization\",\"name\":\"skaitytaknyga.lt\",\"url\":\"https:\/\/skaitytaknyga.lt\/\",\"logo\":{\"@type\":\"ImageObject\",\"inLanguage\":\"en-GB\",\"@id\":\"https:\/\/skaitytaknyga.lt\/#\/schema\/logo\/image\/\",\"url\":\"https:\/\/skaitytaknyga.lt\/wp-content\/uploads\/2024\/05\/cropped-cropped-cropped-02_00843_jt3bggkj1j3HLc7SyY6rEUpg.jpeg\",\"contentUrl\":\"https:\/\/skaitytaknyga.lt\/wp-content\/uploads\/2024\/05\/cropped-cropped-cropped-02_00843_jt3bggkj1j3HLc7SyY6rEUpg.jpeg\",\"width\":1600,\"height\":1600,\"caption\":\"skaitytaknyga.lt\"},\"image\":{\"@id\":\"https:\/\/skaitytaknyga.lt\/#\/schema\/logo\/image\/\"},\"sameAs\":[\"https:\/\/www.facebook.com\/skaitytaknyga\/\"]}]}<\/script>\n<!-- \/ Yoast SEO plugin. -->","yoast_head_json":{"title":"Kiti balsai, kiti kambariai","description":"\u201eKiti balsai, kiti kambariai\u201c \u2013 tai moderniosios JAV Piet\u0173 literat\u016bros k\u016brinys, pasakojantis apie jautr\u0173 berniuk\u0105, kuriam per\u017eengti paauglyst\u0117s siaubus ir","robots":{"index":"index","follow":"follow","max-snippet":"max-snippet:-1","max-image-preview":"max-image-preview:large","max-video-preview":"max-video-preview:-1"},"canonical":"https:\/\/skaitytaknyga.lt\/en\/produktas\/kiti-balsai-kiti-kambariai\/","og_locale":"en_GB","og_type":"article","og_title":"[:lt]Kiti balsai, kiti kambariai[:] - Skaitytaknyga","og_description":"\u201eKiti balsai, kiti kambariai\u201c \u2013 tai moderniosios JAV Piet\u0173 literat\u016bros k\u016brinys, pasakojantis apie jautr\u0173 berniuk\u0105, kuriam per\u017eengti paauglyst\u0117s siaubus ir","og_url":"https:\/\/skaitytaknyga.lt\/en\/produktas\/kiti-balsai-kiti-kambariai\/","og_site_name":"Skaitytaknyga","article_publisher":"https:\/\/www.facebook.com\/skaitytaknyga\/","article_modified_time":"2024-12-19T05:56:28+00:00","og_image":[{"width":285,"height":463,"url":"https:\/\/skaitytaknyga.lt\/wp-content\/uploads\/2024\/12\/Kiti-balsai-kiti-kambariai.webp","type":"image\/webp"}],"twitter_card":"summary_large_image","twitter_misc":{"Estimated reading time":"1 minute"},"schema":{"@context":"https:\/\/schema.org","@graph":[{"@type":"WebPage","@id":"https:\/\/skaitytaknyga.lt\/produktas\/kiti-balsai-kiti-kambariai\/","url":"https:\/\/skaitytaknyga.lt\/produktas\/kiti-balsai-kiti-kambariai\/","name":"Kiti balsai, kiti kambariai","isPartOf":{"@id":"https:\/\/skaitytaknyga.lt\/#website"},"primaryImageOfPage":{"@id":"https:\/\/skaitytaknyga.lt\/produktas\/kiti-balsai-kiti-kambariai\/#primaryimage"},"image":{"@id":"https:\/\/skaitytaknyga.lt\/produktas\/kiti-balsai-kiti-kambariai\/#primaryimage"},"thumbnailUrl":"https:\/\/skaitytaknyga.lt\/wp-content\/uploads\/2024\/12\/Kiti-balsai-kiti-kambariai.webp","datePublished":"2024-12-17T12:31:28+00:00","dateModified":"2024-12-19T05:56:28+00:00","description":"\u201eKiti balsai, kiti kambariai\u201c \u2013 tai moderniosios JAV Piet\u0173 literat\u016bros k\u016brinys, pasakojantis apie jautr\u0173 berniuk\u0105, kuriam per\u017eengti paauglyst\u0117s siaubus ir","breadcrumb":{"@id":"https:\/\/skaitytaknyga.lt\/produktas\/kiti-balsai-kiti-kambariai\/#breadcrumb"},"inLanguage":"en-GB","potentialAction":[{"@type":"ReadAction","target":["https:\/\/skaitytaknyga.lt\/produktas\/kiti-balsai-kiti-kambariai\/"]}]},{"@type":"ImageObject","inLanguage":"en-GB","@id":"https:\/\/skaitytaknyga.lt\/produktas\/kiti-balsai-kiti-kambariai\/#primaryimage","url":"https:\/\/skaitytaknyga.lt\/wp-content\/uploads\/2024\/12\/Kiti-balsai-kiti-kambariai.webp","contentUrl":"https:\/\/skaitytaknyga.lt\/wp-content\/uploads\/2024\/12\/Kiti-balsai-kiti-kambariai.webp","width":285,"height":463,"caption":"Kiti balsai, kiti kambariai"},{"@type":"BreadcrumbList","@id":"https:\/\/skaitytaknyga.lt\/produktas\/kiti-balsai-kiti-kambariai\/#breadcrumb","itemListElement":[{"@type":"ListItem","position":1,"name":"Home","item":"https:\/\/skaitytaknyga.lt\/"},{"@type":"ListItem","position":2,"name":"Parduotuv\u0117","item":"https:\/\/skaitytaknyga.lt\/knygu-parduotuve\/"},{"@type":"ListItem","position":3,"name":"Kiti balsai, kiti kambariai"}]},{"@type":"WebSite","@id":"https:\/\/skaitytaknyga.lt\/#website","url":"https:\/\/skaitytaknyga.lt\/","name":"skaitytaknyga.lt","description":"Skaitytaknyga.lt \u2013 tai ma\u017eas \u0161eimos verslas, kuris prasid\u0117jo nuo meil\u0117s knygoms ir siekio i\u0161gelb\u0117ti knygas nuo likimo prie konteinerio. Kas vienam nereikalingas daiktas \u2013 kitam lobis, o mes esame tarpininkai, kurie padeda abiems tapti laimingesniems ???? \u017dinome kaip nelengva i\u0161gyventi ma\u017eiems verslams, tad nuo \u0161iol, \u010dia rasite ir kit\u0173, ma\u017e\u0173 \u0161eim\u0173 versl\u0173, rank\u0173 darbo, dovan\u0173 sau ir artimiesiems.","publisher":{"@id":"https:\/\/skaitytaknyga.lt\/#organization"},"potentialAction":[{"@type":"SearchAction","target":{"@type":"EntryPoint","urlTemplate":"https:\/\/skaitytaknyga.lt\/?s={search_term_string}"},"query-input":{"@type":"PropertyValueSpecification","valueRequired":true,"valueName":"search_term_string"}}],"inLanguage":"en-GB"},{"@type":"Organization","@id":"https:\/\/skaitytaknyga.lt\/#organization","name":"skaitytaknyga.lt","url":"https:\/\/skaitytaknyga.lt\/","logo":{"@type":"ImageObject","inLanguage":"en-GB","@id":"https:\/\/skaitytaknyga.lt\/#\/schema\/logo\/image\/","url":"https:\/\/skaitytaknyga.lt\/wp-content\/uploads\/2024\/05\/cropped-cropped-cropped-02_00843_jt3bggkj1j3HLc7SyY6rEUpg.jpeg","contentUrl":"https:\/\/skaitytaknyga.lt\/wp-content\/uploads\/2024\/05\/cropped-cropped-cropped-02_00843_jt3bggkj1j3HLc7SyY6rEUpg.jpeg","width":1600,"height":1600,"caption":"skaitytaknyga.lt"},"image":{"@id":"https:\/\/skaitytaknyga.lt\/#\/schema\/logo\/image\/"},"sameAs":["https:\/\/www.facebook.com\/skaitytaknyga\/"]}]}},"_links":{"self":[{"href":"https:\/\/skaitytaknyga.lt\/en\/wp-json\/wp\/v2\/product\/15479","targetHints":{"allow":["GET"]}}],"collection":[{"href":"https:\/\/skaitytaknyga.lt\/en\/wp-json\/wp\/v2\/product"}],"about":[{"href":"https:\/\/skaitytaknyga.lt\/en\/wp-json\/wp\/v2\/types\/product"}],"replies":[{"embeddable":true,"href":"https:\/\/skaitytaknyga.lt\/en\/wp-json\/wp\/v2\/comments?post=15479"}],"wp:featuredmedia":[{"embeddable":true,"href":"https:\/\/skaitytaknyga.lt\/en\/wp-json\/wp\/v2\/media\/15506"}],"wp:attachment":[{"href":"https:\/\/skaitytaknyga.lt\/en\/wp-json\/wp\/v2\/media?parent=15479"}],"wp:term":[{"taxonomy":"product_brand","embeddable":true,"href":"https:\/\/skaitytaknyga.lt\/en\/wp-json\/wp\/v2\/product_brand?post=15479"},{"taxonomy":"product_cat","embeddable":true,"href":"https:\/\/skaitytaknyga.lt\/en\/wp-json\/wp\/v2\/product_cat?post=15479"},{"taxonomy":"product_tag","embeddable":true,"href":"https:\/\/skaitytaknyga.lt\/en\/wp-json\/wp\/v2\/product_tag?post=15479"}],"curies":[{"name":"wp","href":"https:\/\/api.w.org\/{rel}","templated":true}]}}