{"id":15477,"date":"2024-12-17T14:31:27","date_gmt":"2024-12-17T12:31:27","guid":{"rendered":"https:\/\/skaitytaknyga.lt\/?post_type=product&#038;p=15477"},"modified":"2025-06-11T13:37:16","modified_gmt":"2025-06-11T10:37:16","slug":"surask-mane","status":"publish","type":"product","link":"https:\/\/skaitytaknyga.lt\/en\/produktas\/surask-mane\/","title":{"rendered":"Surask mane"},"content":{"rendered":"<p><strong>Pra\u0117jus daugiau nei de\u0161imtme\u010diui, pasaulin\u0117s \u0161lov\u0117s sulaukusio bestselerio\u00a0\u201eVadink mane savo vardu\u201c\u00a0autorius nusprend\u017eia dar kart\u0105 aplankyti daugiaplanius \u0161ios knygos persona\u017eus ir leid\u017eiasi \u012f kerin\u010di\u0105 daugyb\u0117s meil\u0117s atmain\u0173 paie\u0161k\u0105.<\/strong><\/p>\n<p>Ko gero, jokia kita \u0161iuolaikinio skaitytojo atmintin \u012fsir\u0117\u017eusi pastarojo meto istorija neprabyla apie meil\u0117s prigimt\u012f jautriau negu Andr\u00e9 Acimano romanas\u00a0\u201eVadink mane savo vardu\u201c. Nepaprasto gro\u017eio pasakojimas apie septyniolikme\u010dio Elijo ir jo t\u0117v\u0173 viloje vie\u0161in\u010dio doktoranto Oliverio aistr\u0105 buvo perkeltas \u012f kino ekranus ir peln\u0117 presti\u017ein\u012f \u201eOskar\u0105\u201c.<\/p>\n<p>Romane\u00a0<strong>\u201eSurask mane\u201c<\/strong>\u00a0Acimanas pasakoja apie Samuelio, Elijo t\u0117vo, kelion\u0119 i\u0161 Florencijos \u012f Rom\u0105 aplankyti talentingu pianistu tapusio s\u016bnaus. Atsitiktin\u0117 pa\u017eintis traukinyje su jauna gra\u017eia mergina sujaukia planus ir visiems laikams pakei\u010dia Samuelio gyvenim\u0105.<\/p>\n<p>Netrukus Elijas persikelia \u012f Pary\u017ei\u0173 ir taip pat i\u0161gyvena meil\u0117s roman\u0105. O \u0161eim\u0105 suk\u016br\u0119s Oliveris, Naujosios Anglijos koled\u017eo profesorius, susivokia svarstantis leistis \u012f sugr\u012f\u017eimo kelion\u0119 anapus Atlanto.<\/p>\n<p>Acimanas sugeba meistri\u0161kai \u012f\u017evelgti \u017emoni\u0173 jausmus, pastebi intymias detales ir emocinius niuansus, gl\u016bdin\u010dius aistros gelm\u0117se.\u00a0<strong>\u201eSurask mane\u201c<\/strong>\u00a0sugr\u0105\u017eina \u012f magi\u0161k\u0105 vienos puikiausi\u0173 \u0161io laikme\u010dio meil\u0117s istorij\u0173 rat\u0105 ir klausia, ar tikr\u0105 meil\u0119 kada nors i\u0161tinka mirtis.<\/p>\n<ul class=\"about-product d-none d-xl-block mt-4\">\n<li><strong>Originalus pavadinimas:<\/strong>\u00a0Find Me<\/li>\n<li><strong>Autorius:<\/strong>\u00a0Andr\u00e9 Aciman<\/li>\n<li><strong>Leid\u0117jas:<\/strong>\u00a0BALTO leidybos namai<\/li>\n<li><strong>Metai:<\/strong>\u00a02021<\/li>\n<li><strong>Puslapiai:<\/strong>\u00a0272<\/li>\n<li class=\"toggleable type-new-formats \"><strong>ISBN:<\/strong>\u00a09786094871573<\/li>\n<li class=\"toggleable type-new-formats \"><strong>Formatas:<\/strong>\u00a021,3 x 14,3 x 2,5 cm, kieti vir\u0161eliai<\/li>\n<li><strong>Kalba:<\/strong>\u00a0Lietuvi\u0173<\/li>\n<li><strong>Vert\u0117jas:<\/strong>\u00a0Helga Gav\u0117nait\u0117<\/li>\n<\/ul>\n","protected":false},"excerpt":{"rendered":"<p>Pra\u0117jus daugiau nei de\u0161imtme\u010diui, pasaulin\u0117s \u0161lov\u0117s sulaukusio bestselerio\u00a0\u201eVadink mane savo vardu\u201c\u00a0autorius nusprend\u017eia dar kart\u0105 aplankyti daugiaplanius \u0161ios knygos persona\u017eus ir leid\u017eiasi \u012f kerin\u010di\u0105 daugyb\u0117s meil\u0117s atmain\u0173 paie\u0161k\u0105. Ko gero, jokia kita \u0161iuolaikinio skaitytojo atmintin \u012fsir\u0117\u017eusi pastarojo meto istorija neprabyla apie meil\u0117s prigimt\u012f jautriau negu Andr\u00e9 Acimano romanas\u00a0\u201eVadink mane savo vardu\u201c. Nepaprasto gro\u017eio pasakojimas apie septyniolikme\u010dio Elijo ir jo t\u0117v\u0173 viloje vie\u0161in\u010dio doktoranto Oliverio aistr\u0105 buvo perkeltas \u012f kino ekranus ir peln\u0117 presti\u017ein\u012f \u201eOskar\u0105\u201c. Romane\u00a0\u201eSurask mane\u201c\u00a0Acimanas pasakoja apie Samuelio, Elijo t\u0117vo, kelion\u0119 i\u0161 Florencijos \u012f Rom\u0105 aplankyti talentingu pianistu tapusio s\u016bnaus. Atsitiktin\u0117 pa\u017eintis traukinyje su jauna gra\u017eia mergina sujaukia planus ir visiems laikams pakei\u010dia Samuelio gyvenim\u0105. Netrukus Elijas persikelia \u012f Pary\u017ei\u0173 ir taip pat i\u0161gyvena meil\u0117s roman\u0105. O \u0161eim\u0105 suk\u016br\u0119s Oliveris, Naujosios Anglijos koled\u017eo profesorius, susivokia svarstantis leistis \u012f sugr\u012f\u017eimo kelion\u0119 anapus Atlanto. Acimanas sugeba meistri\u0161kai \u012f\u017evelgti \u017emoni\u0173 jausmus, pastebi intymias detales ir emocinius niuansus, gl\u016bdin\u010dius aistros gelm\u0117se.\u00a0\u201eSurask mane\u201c\u00a0sugr\u0105\u017eina \u012f magi\u0161k\u0105 vienos puikiausi\u0173 \u0161io laikme\u010dio meil\u0117s istorij\u0173 rat\u0105 ir klausia, ar tikr\u0105 meil\u0119 kada nors i\u0161tinka mirtis. Originalus pavadinimas:\u00a0Find Me Autorius:\u00a0Andr\u00e9 Aciman Leid\u0117jas:\u00a0BALTO leidybos namai Metai:\u00a02021 Puslapiai:\u00a0272 ISBN:\u00a09786094871573 Formatas:\u00a021,3 x 14,3 x 2,5 cm, kieti vir\u0161eliai Kalba:\u00a0Lietuvi\u0173 Vert\u0117jas:\u00a0Helga Gav\u0117nait\u0117<\/p>\n","protected":false},"featured_media":15508,"comment_status":"open","ping_status":"closed","template":"","meta":{"_acf_changed":false,"site-sidebar-layout":"default","site-content-layout":"","ast-site-content-layout":"default","site-content-style":"default","site-sidebar-style":"default","ast-global-header-display":"","ast-banner-title-visibility":"","ast-main-header-display":"","ast-hfb-above-header-display":"","ast-hfb-below-header-display":"","ast-hfb-mobile-header-display":"","site-post-title":"","ast-breadcrumbs-content":"","ast-featured-img":"","footer-sml-layout":"","ast-disable-related-posts":"","theme-transparent-header-meta":"default","adv-header-id-meta":"","stick-header-meta":"","header-above-stick-meta":"","header-main-stick-meta":"","header-below-stick-meta":"","astra-migrate-meta-layouts":"set","ast-page-background-enabled":"default","ast-page-background-meta":{"desktop":{"background-color":"","background-image":"","background-repeat":"repeat","background-position":"center center","background-size":"auto","background-attachment":"scroll","background-type":"","background-media":"","overlay-type":"","overlay-color":"","overlay-opacity":"","overlay-gradient":""},"tablet":{"background-color":"","background-image":"","background-repeat":"repeat","background-position":"center center","background-size":"auto","background-attachment":"scroll","background-type":"","background-media":"","overlay-type":"","overlay-color":"","overlay-opacity":"","overlay-gradient":""},"mobile":{"background-color":"","background-image":"","background-repeat":"repeat","background-position":"center center","background-size":"auto","background-attachment":"scroll","background-type":"","background-media":"","overlay-type":"","overlay-color":"","overlay-opacity":"","overlay-gradient":""}},"ast-content-background-meta":{"desktop":{"background-color":"var(--ast-global-color-4)","background-image":"","background-repeat":"repeat","background-position":"center center","background-size":"auto","background-attachment":"scroll","background-type":"","background-media":"","overlay-type":"","overlay-color":"","overlay-opacity":"","overlay-gradient":""},"tablet":{"background-color":"var(--ast-global-color-4)","background-image":"","background-repeat":"repeat","background-position":"center center","background-size":"auto","background-attachment":"scroll","background-type":"","background-media":"","overlay-type":"","overlay-color":"","overlay-opacity":"","overlay-gradient":""},"mobile":{"background-color":"var(--ast-global-color-4)","background-image":"","background-repeat":"repeat","background-position":"center center","background-size":"auto","background-attachment":"scroll","background-type":"","background-media":"","overlay-type":"","overlay-color":"","overlay-opacity":"","overlay-gradient":""}}},"product_brand":[],"product_cat":[31,15],"product_tag":[5048,5045,5050,1748,1745,4144,5049],"class_list":{"0":"post-15477","1":"product","2":"type-product","3":"status-publish","4":"has-post-thumbnail","6":"product_cat-grozine-literatura","7":"product_cat-uncategorized","8":"product_tag-andre-aciman","9":"product_tag-emocinis-romanas","10":"product_tag-intymus-jausmai","11":"product_tag-meiles-istorija","12":"product_tag-romanas","13":"product_tag-siuolaikine-literatura","14":"product_tag-tesinys","15":"desktop-align-left","16":"tablet-align-left","17":"mobile-align-left","19":"first","20":"instock","21":"shipping-taxable","22":"purchasable","23":"product-type-simple"},"acf":[],"yoast_head":"<!-- This site is optimized with the Yoast SEO plugin v27.0 - https:\/\/yoast.com\/product\/yoast-seo-wordpress\/ -->\n<title>Surask mane<\/title>\n<meta name=\"description\" content=\"Pra\u0117jus daugiau nei de\u0161imtme\u010diui, pasaulin\u0117s \u0161lov\u0117s sulaukusio bestselerio\u00a0\u201eVadink mane savo vardu\u201c\u00a0autorius nusprend\u017eia dar kart\u0105 aplankyti daugiaplanius\" \/>\n<meta name=\"robots\" content=\"index, follow, max-snippet:-1, max-image-preview:large, max-video-preview:-1\" \/>\n<link rel=\"canonical\" href=\"https:\/\/skaitytaknyga.lt\/en\/produktas\/surask-mane\/\" \/>\n<meta property=\"og:locale\" content=\"en_GB\" \/>\n<meta property=\"og:locale:alternate\" content=\"lt_LT\" \/>\n<meta property=\"og:type\" content=\"article\" \/>\n<meta property=\"og:title\" content=\"Surask mane\" \/>\n<meta property=\"og:description\" content=\"Pra\u0117jus daugiau nei de\u0161imtme\u010diui, pasaulin\u0117s \u0161lov\u0117s sulaukusio bestselerio\u00a0\u201eVadink mane savo vardu\u201c\u00a0autorius nusprend\u017eia dar kart\u0105 aplankyti daugiaplanius\" \/>\n<meta property=\"og:url\" content=\"https:\/\/skaitytaknyga.lt\/en\/produktas\/surask-mane\/\" \/>\n<meta property=\"og:site_name\" content=\"Skaitytaknyga\" \/>\n<meta property=\"article:publisher\" content=\"https:\/\/www.facebook.com\/skaitytaknyga\/\" \/>\n<meta property=\"article:modified_time\" content=\"2025-06-11T10:37:16+00:00\" \/>\n<meta property=\"og:image\" content=\"https:\/\/skaitytaknyga.lt\/wp-content\/uploads\/2024\/12\/SURASK-MANE.webp\" \/>\n\t<meta property=\"og:image:width\" content=\"417\" \/>\n\t<meta property=\"og:image:height\" content=\"621\" \/>\n\t<meta property=\"og:image:type\" content=\"image\/webp\" \/>\n<meta name=\"twitter:card\" content=\"summary_large_image\" \/>\n<meta name=\"twitter:label1\" content=\"Estimated reading time\" \/>\n\t<meta name=\"twitter:data1\" content=\"2 minutes\" \/>\n<script type=\"application\/ld+json\" class=\"yoast-schema-graph\">{\"@context\":\"https:\/\/schema.org\",\"@graph\":[{\"@type\":\"WebPage\",\"@id\":\"https:\/\/skaitytaknyga.lt\/produktas\/surask-mane\/\",\"url\":\"https:\/\/skaitytaknyga.lt\/produktas\/surask-mane\/\",\"name\":\"Surask mane\",\"isPartOf\":{\"@id\":\"https:\/\/skaitytaknyga.lt\/#website\"},\"primaryImageOfPage\":{\"@id\":\"https:\/\/skaitytaknyga.lt\/produktas\/surask-mane\/#primaryimage\"},\"image\":{\"@id\":\"https:\/\/skaitytaknyga.lt\/produktas\/surask-mane\/#primaryimage\"},\"thumbnailUrl\":\"https:\/\/skaitytaknyga.lt\/wp-content\/uploads\/2024\/12\/SURASK-MANE.webp\",\"datePublished\":\"2024-12-17T12:31:27+00:00\",\"dateModified\":\"2025-06-11T10:37:16+00:00\",\"description\":\"Pra\u0117jus daugiau nei de\u0161imtme\u010diui, pasaulin\u0117s \u0161lov\u0117s sulaukusio bestselerio\u00a0\u201eVadink mane savo vardu\u201c\u00a0autorius nusprend\u017eia dar kart\u0105 aplankyti daugiaplanius\",\"breadcrumb\":{\"@id\":\"https:\/\/skaitytaknyga.lt\/produktas\/surask-mane\/#breadcrumb\"},\"inLanguage\":\"en-GB\",\"potentialAction\":[{\"@type\":\"ReadAction\",\"target\":[\"https:\/\/skaitytaknyga.lt\/produktas\/surask-mane\/\"]}]},{\"@type\":\"ImageObject\",\"inLanguage\":\"en-GB\",\"@id\":\"https:\/\/skaitytaknyga.lt\/produktas\/surask-mane\/#primaryimage\",\"url\":\"https:\/\/skaitytaknyga.lt\/wp-content\/uploads\/2024\/12\/SURASK-MANE.webp\",\"contentUrl\":\"https:\/\/skaitytaknyga.lt\/wp-content\/uploads\/2024\/12\/SURASK-MANE.webp\",\"width\":417,\"height\":621,\"caption\":\"Surask mane\"},{\"@type\":\"BreadcrumbList\",\"@id\":\"https:\/\/skaitytaknyga.lt\/produktas\/surask-mane\/#breadcrumb\",\"itemListElement\":[{\"@type\":\"ListItem\",\"position\":1,\"name\":\"Home\",\"item\":\"https:\/\/skaitytaknyga.lt\/\"},{\"@type\":\"ListItem\",\"position\":2,\"name\":\"Parduotuv\u0117\",\"item\":\"https:\/\/skaitytaknyga.lt\/knygu-parduotuve\/\"},{\"@type\":\"ListItem\",\"position\":3,\"name\":\"Surask mane\"}]},{\"@type\":\"WebSite\",\"@id\":\"https:\/\/skaitytaknyga.lt\/#website\",\"url\":\"https:\/\/skaitytaknyga.lt\/\",\"name\":\"skaitytaknyga.lt\",\"description\":\"Skaitytaknyga.lt \u2013 tai ma\u017eas \u0161eimos verslas, kuris prasid\u0117jo nuo meil\u0117s knygoms ir siekio i\u0161gelb\u0117ti knygas nuo likimo prie konteinerio. Kas vienam nereikalingas daiktas \u2013 kitam lobis, o mes esame tarpininkai, kurie padeda abiems tapti laimingesniems ???? \u017dinome kaip nelengva i\u0161gyventi ma\u017eiems verslams, tad nuo \u0161iol, \u010dia rasite ir kit\u0173, ma\u017e\u0173 \u0161eim\u0173 versl\u0173, rank\u0173 darbo, dovan\u0173 sau ir artimiesiems.\",\"publisher\":{\"@id\":\"https:\/\/skaitytaknyga.lt\/#organization\"},\"potentialAction\":[{\"@type\":\"SearchAction\",\"target\":{\"@type\":\"EntryPoint\",\"urlTemplate\":\"https:\/\/skaitytaknyga.lt\/?s={search_term_string}\"},\"query-input\":{\"@type\":\"PropertyValueSpecification\",\"valueRequired\":true,\"valueName\":\"search_term_string\"}}],\"inLanguage\":\"en-GB\"},{\"@type\":\"Organization\",\"@id\":\"https:\/\/skaitytaknyga.lt\/#organization\",\"name\":\"skaitytaknyga.lt\",\"url\":\"https:\/\/skaitytaknyga.lt\/\",\"logo\":{\"@type\":\"ImageObject\",\"inLanguage\":\"en-GB\",\"@id\":\"https:\/\/skaitytaknyga.lt\/#\/schema\/logo\/image\/\",\"url\":\"https:\/\/skaitytaknyga.lt\/wp-content\/uploads\/2024\/05\/cropped-cropped-cropped-02_00843_jt3bggkj1j3HLc7SyY6rEUpg.jpeg\",\"contentUrl\":\"https:\/\/skaitytaknyga.lt\/wp-content\/uploads\/2024\/05\/cropped-cropped-cropped-02_00843_jt3bggkj1j3HLc7SyY6rEUpg.jpeg\",\"width\":1600,\"height\":1600,\"caption\":\"skaitytaknyga.lt\"},\"image\":{\"@id\":\"https:\/\/skaitytaknyga.lt\/#\/schema\/logo\/image\/\"},\"sameAs\":[\"https:\/\/www.facebook.com\/skaitytaknyga\/\"]}]}<\/script>\n<!-- \/ Yoast SEO plugin. -->","yoast_head_json":{"title":"Surask mane","description":"Pra\u0117jus daugiau nei de\u0161imtme\u010diui, pasaulin\u0117s \u0161lov\u0117s sulaukusio bestselerio\u00a0\u201eVadink mane savo vardu\u201c\u00a0autorius nusprend\u017eia dar kart\u0105 aplankyti daugiaplanius","robots":{"index":"index","follow":"follow","max-snippet":"max-snippet:-1","max-image-preview":"max-image-preview:large","max-video-preview":"max-video-preview:-1"},"canonical":"https:\/\/skaitytaknyga.lt\/en\/produktas\/surask-mane\/","og_locale":"en_GB","og_type":"article","og_title":"[:lt]Surask mane[:] - Skaitytaknyga","og_description":"Pra\u0117jus daugiau nei de\u0161imtme\u010diui, pasaulin\u0117s \u0161lov\u0117s sulaukusio bestselerio\u00a0\u201eVadink mane savo vardu\u201c\u00a0autorius nusprend\u017eia dar kart\u0105 aplankyti daugiaplanius","og_url":"https:\/\/skaitytaknyga.lt\/en\/produktas\/surask-mane\/","og_site_name":"Skaitytaknyga","article_publisher":"https:\/\/www.facebook.com\/skaitytaknyga\/","article_modified_time":"2025-06-11T10:37:16+00:00","og_image":[{"width":417,"height":621,"url":"https:\/\/skaitytaknyga.lt\/wp-content\/uploads\/2024\/12\/SURASK-MANE.webp","type":"image\/webp"}],"twitter_card":"summary_large_image","twitter_misc":{"Estimated reading time":"2 minutes"},"schema":{"@context":"https:\/\/schema.org","@graph":[{"@type":"WebPage","@id":"https:\/\/skaitytaknyga.lt\/produktas\/surask-mane\/","url":"https:\/\/skaitytaknyga.lt\/produktas\/surask-mane\/","name":"Surask mane","isPartOf":{"@id":"https:\/\/skaitytaknyga.lt\/#website"},"primaryImageOfPage":{"@id":"https:\/\/skaitytaknyga.lt\/produktas\/surask-mane\/#primaryimage"},"image":{"@id":"https:\/\/skaitytaknyga.lt\/produktas\/surask-mane\/#primaryimage"},"thumbnailUrl":"https:\/\/skaitytaknyga.lt\/wp-content\/uploads\/2024\/12\/SURASK-MANE.webp","datePublished":"2024-12-17T12:31:27+00:00","dateModified":"2025-06-11T10:37:16+00:00","description":"Pra\u0117jus daugiau nei de\u0161imtme\u010diui, pasaulin\u0117s \u0161lov\u0117s sulaukusio bestselerio\u00a0\u201eVadink mane savo vardu\u201c\u00a0autorius nusprend\u017eia dar kart\u0105 aplankyti daugiaplanius","breadcrumb":{"@id":"https:\/\/skaitytaknyga.lt\/produktas\/surask-mane\/#breadcrumb"},"inLanguage":"en-GB","potentialAction":[{"@type":"ReadAction","target":["https:\/\/skaitytaknyga.lt\/produktas\/surask-mane\/"]}]},{"@type":"ImageObject","inLanguage":"en-GB","@id":"https:\/\/skaitytaknyga.lt\/produktas\/surask-mane\/#primaryimage","url":"https:\/\/skaitytaknyga.lt\/wp-content\/uploads\/2024\/12\/SURASK-MANE.webp","contentUrl":"https:\/\/skaitytaknyga.lt\/wp-content\/uploads\/2024\/12\/SURASK-MANE.webp","width":417,"height":621,"caption":"Surask mane"},{"@type":"BreadcrumbList","@id":"https:\/\/skaitytaknyga.lt\/produktas\/surask-mane\/#breadcrumb","itemListElement":[{"@type":"ListItem","position":1,"name":"Home","item":"https:\/\/skaitytaknyga.lt\/"},{"@type":"ListItem","position":2,"name":"Parduotuv\u0117","item":"https:\/\/skaitytaknyga.lt\/knygu-parduotuve\/"},{"@type":"ListItem","position":3,"name":"Surask mane"}]},{"@type":"WebSite","@id":"https:\/\/skaitytaknyga.lt\/#website","url":"https:\/\/skaitytaknyga.lt\/","name":"skaitytaknyga.lt","description":"Skaitytaknyga.lt \u2013 tai ma\u017eas \u0161eimos verslas, kuris prasid\u0117jo nuo meil\u0117s knygoms ir siekio i\u0161gelb\u0117ti knygas nuo likimo prie konteinerio. Kas vienam nereikalingas daiktas \u2013 kitam lobis, o mes esame tarpininkai, kurie padeda abiems tapti laimingesniems ???? \u017dinome kaip nelengva i\u0161gyventi ma\u017eiems verslams, tad nuo \u0161iol, \u010dia rasite ir kit\u0173, ma\u017e\u0173 \u0161eim\u0173 versl\u0173, rank\u0173 darbo, dovan\u0173 sau ir artimiesiems.","publisher":{"@id":"https:\/\/skaitytaknyga.lt\/#organization"},"potentialAction":[{"@type":"SearchAction","target":{"@type":"EntryPoint","urlTemplate":"https:\/\/skaitytaknyga.lt\/?s={search_term_string}"},"query-input":{"@type":"PropertyValueSpecification","valueRequired":true,"valueName":"search_term_string"}}],"inLanguage":"en-GB"},{"@type":"Organization","@id":"https:\/\/skaitytaknyga.lt\/#organization","name":"skaitytaknyga.lt","url":"https:\/\/skaitytaknyga.lt\/","logo":{"@type":"ImageObject","inLanguage":"en-GB","@id":"https:\/\/skaitytaknyga.lt\/#\/schema\/logo\/image\/","url":"https:\/\/skaitytaknyga.lt\/wp-content\/uploads\/2024\/05\/cropped-cropped-cropped-02_00843_jt3bggkj1j3HLc7SyY6rEUpg.jpeg","contentUrl":"https:\/\/skaitytaknyga.lt\/wp-content\/uploads\/2024\/05\/cropped-cropped-cropped-02_00843_jt3bggkj1j3HLc7SyY6rEUpg.jpeg","width":1600,"height":1600,"caption":"skaitytaknyga.lt"},"image":{"@id":"https:\/\/skaitytaknyga.lt\/#\/schema\/logo\/image\/"},"sameAs":["https:\/\/www.facebook.com\/skaitytaknyga\/"]}]}},"_links":{"self":[{"href":"https:\/\/skaitytaknyga.lt\/en\/wp-json\/wp\/v2\/product\/15477","targetHints":{"allow":["GET"]}}],"collection":[{"href":"https:\/\/skaitytaknyga.lt\/en\/wp-json\/wp\/v2\/product"}],"about":[{"href":"https:\/\/skaitytaknyga.lt\/en\/wp-json\/wp\/v2\/types\/product"}],"replies":[{"embeddable":true,"href":"https:\/\/skaitytaknyga.lt\/en\/wp-json\/wp\/v2\/comments?post=15477"}],"wp:featuredmedia":[{"embeddable":true,"href":"https:\/\/skaitytaknyga.lt\/en\/wp-json\/wp\/v2\/media\/15508"}],"wp:attachment":[{"href":"https:\/\/skaitytaknyga.lt\/en\/wp-json\/wp\/v2\/media?parent=15477"}],"wp:term":[{"taxonomy":"product_brand","embeddable":true,"href":"https:\/\/skaitytaknyga.lt\/en\/wp-json\/wp\/v2\/product_brand?post=15477"},{"taxonomy":"product_cat","embeddable":true,"href":"https:\/\/skaitytaknyga.lt\/en\/wp-json\/wp\/v2\/product_cat?post=15477"},{"taxonomy":"product_tag","embeddable":true,"href":"https:\/\/skaitytaknyga.lt\/en\/wp-json\/wp\/v2\/product_tag?post=15477"}],"curies":[{"name":"wp","href":"https:\/\/api.w.org\/{rel}","templated":true}]}}