{"id":15476,"date":"2024-12-17T14:31:27","date_gmt":"2024-12-17T12:31:27","guid":{"rendered":"https:\/\/skaitytaknyga.lt\/?post_type=product&#038;p=15476"},"modified":"2024-12-19T07:58:00","modified_gmt":"2024-12-19T05:58:00","slug":"jura","status":"publish","type":"product","link":"https:\/\/skaitytaknyga.lt\/en\/produktas\/jura\/","title":{"rendered":"J\u016bra"},"content":{"rendered":"<p>Vandenynai yra \u012fs\u010dios, kuriose u\u017esimezg\u0117 gyvyb\u0117. Nors vandenynuose, kaip sausumoje ir ore, jau matome daug \u017emoni\u0173 veiklos po\u017eymi\u0173, iki \u0161iol jie yra i\u0161laik\u0119 nema\u017eai pirmyk\u0161\u010di\u0173 bruo\u017e\u0173. Per du pastaruosius \u0161imtme\u010dius \u017eem\u0117s gyventoj\u0173 skai\u010dius padid\u0117jo penkis kartus, jie \u012fsik\u016br\u0117 dar palyginti neseniai buvusiuose visi\u0161kai laukin\u0117se vietov\u0117se, tokiose kaip mi\u0161kai, dykumos ir step\u0117s. Netgi tundrai teko u\u017eleisti viet\u0105 miestams, \u016bkiams ir gamykloms. Laivai, neretai netgi didesni u\u017e j\u016br\u0173 pakrant\u0117se stovin\u010dius miestelius, \u0117m\u0117 plaukioti visais \u012fmanomais j\u016br\u0173 keliais \u012f kitus \u017eemynus. Nepaisant to, beribi\u0173 j\u016br\u0173 platybi\u0173 gamta i\u0161lieka \u017emoni\u0173 ma\u017eiausiai pakeista, laukin\u0117 ir nesutramdoma.<br \/>\n\u0160ioje knygoje pavaizduotos j\u016bros gelm\u0117s ir begalin\u0117s platyb\u0117s gniau\u017eia kvap\u0105. \u010cia pateiktos nuotraukos nukelia mus \u012f laukin\u012f ir nesutramdom\u0105 pasaul\u012f.<\/p>\n<ul class=\"about-product d-none d-xl-block mt-4\">\n<li><strong>Autorius:<\/strong>\u00a0L. Deans Nora<\/li>\n<li><strong>Leid\u0117jas:<\/strong>\u00a0Alma littera<\/li>\n<li><strong>Puslapiai:<\/strong>\u00a0736<\/li>\n<li class=\"toggleable type-new-formats \"><strong>ISBN:<\/strong>\u00a09789955086918<\/li>\n<li class=\"toggleable type-new-formats \"><strong>Formatas:<\/strong>\u00a016, 5&#215;16<\/li>\n<li><strong>Kalba:<\/strong>\u00a0Lietuvi\u0173<\/li>\n<\/ul>\n","protected":false},"excerpt":{"rendered":"<p>Vandenynai yra \u012fs\u010dios, kuriose u\u017esimezg\u0117 gyvyb\u0117. Nors vandenynuose, kaip sausumoje ir ore, jau matome daug \u017emoni\u0173 veiklos po\u017eymi\u0173, iki \u0161iol jie yra i\u0161laik\u0119 nema\u017eai pirmyk\u0161\u010di\u0173 bruo\u017e\u0173. Per du pastaruosius \u0161imtme\u010dius \u017eem\u0117s gyventoj\u0173 skai\u010dius padid\u0117jo penkis kartus, jie \u012fsik\u016br\u0117 dar palyginti neseniai buvusiuose visi\u0161kai laukin\u0117se vietov\u0117se, tokiose kaip mi\u0161kai, dykumos ir step\u0117s. Netgi tundrai teko u\u017eleisti viet\u0105 miestams, \u016bkiams ir gamykloms. Laivai, neretai netgi didesni u\u017e j\u016br\u0173 pakrant\u0117se stovin\u010dius miestelius, \u0117m\u0117 plaukioti visais \u012fmanomais j\u016br\u0173 keliais \u012f kitus \u017eemynus. Nepaisant to, beribi\u0173 j\u016br\u0173 platybi\u0173 gamta i\u0161lieka \u017emoni\u0173 ma\u017eiausiai pakeista, laukin\u0117 ir nesutramdoma. \u0160ioje knygoje pavaizduotos j\u016bros gelm\u0117s ir begalin\u0117s platyb\u0117s gniau\u017eia kvap\u0105. \u010cia pateiktos nuotraukos nukelia mus \u012f laukin\u012f ir nesutramdom\u0105 pasaul\u012f. Autorius:\u00a0L. Deans Nora Leid\u0117jas:\u00a0Alma littera Puslapiai:\u00a0736 ISBN:\u00a09789955086918 Formatas:\u00a016, 5&#215;16 Kalba:\u00a0Lietuvi\u0173<\/p>\n","protected":false},"featured_media":15509,"comment_status":"open","ping_status":"closed","template":"","meta":{"_acf_changed":false,"site-sidebar-layout":"default","site-content-layout":"","ast-site-content-layout":"default","site-content-style":"default","site-sidebar-style":"default","ast-global-header-display":"","ast-banner-title-visibility":"","ast-main-header-display":"","ast-hfb-above-header-display":"","ast-hfb-below-header-display":"","ast-hfb-mobile-header-display":"","site-post-title":"","ast-breadcrumbs-content":"","ast-featured-img":"","footer-sml-layout":"","ast-disable-related-posts":"","theme-transparent-header-meta":"default","adv-header-id-meta":"","stick-header-meta":"","header-above-stick-meta":"","header-main-stick-meta":"","header-below-stick-meta":"","astra-migrate-meta-layouts":"set","ast-page-background-enabled":"default","ast-page-background-meta":{"desktop":{"background-color":"","background-image":"","background-repeat":"repeat","background-position":"center center","background-size":"auto","background-attachment":"scroll","background-type":"","background-media":"","overlay-type":"","overlay-color":"","overlay-opacity":"","overlay-gradient":""},"tablet":{"background-color":"","background-image":"","background-repeat":"repeat","background-position":"center center","background-size":"auto","background-attachment":"scroll","background-type":"","background-media":"","overlay-type":"","overlay-color":"","overlay-opacity":"","overlay-gradient":""},"mobile":{"background-color":"","background-image":"","background-repeat":"repeat","background-position":"center center","background-size":"auto","background-attachment":"scroll","background-type":"","background-media":"","overlay-type":"","overlay-color":"","overlay-opacity":"","overlay-gradient":""}},"ast-content-background-meta":{"desktop":{"background-color":"var(--ast-global-color-4)","background-image":"","background-repeat":"repeat","background-position":"center center","background-size":"auto","background-attachment":"scroll","background-type":"","background-media":"","overlay-type":"","overlay-color":"","overlay-opacity":"","overlay-gradient":""},"tablet":{"background-color":"var(--ast-global-color-4)","background-image":"","background-repeat":"repeat","background-position":"center center","background-size":"auto","background-attachment":"scroll","background-type":"","background-media":"","overlay-type":"","overlay-color":"","overlay-opacity":"","overlay-gradient":""},"mobile":{"background-color":"var(--ast-global-color-4)","background-image":"","background-repeat":"repeat","background-position":"center center","background-size":"auto","background-attachment":"scroll","background-type":"","background-media":"","overlay-type":"","overlay-color":"","overlay-opacity":"","overlay-gradient":""}}},"product_brand":[],"product_cat":[269,15],"product_tag":[],"class_list":{"0":"post-15476","1":"product","2":"type-product","3":"status-publish","4":"has-post-thumbnail","6":"product_cat-gamtos-mokslai","7":"product_cat-uncategorized","8":"desktop-align-left","9":"tablet-align-left","10":"mobile-align-left","12":"first","13":"instock","14":"shipping-taxable","15":"purchasable","16":"product-type-simple"},"acf":[],"yoast_head":"<!-- This site is optimized with the Yoast SEO plugin v27.0 - https:\/\/yoast.com\/product\/yoast-seo-wordpress\/ -->\n<title>J\u016bra<\/title>\n<meta name=\"description\" content=\"Vandenynai yra \u012fs\u010dios, kuriose u\u017esimezg\u0117 gyvyb\u0117. Nors vandenynuose, kaip sausumoje ir ore, jau matome daug \u017emoni\u0173 veiklos po\u017eymi\u0173, iki \u0161iol jie yra\" \/>\n<meta name=\"robots\" content=\"index, follow, max-snippet:-1, max-image-preview:large, max-video-preview:-1\" \/>\n<link rel=\"canonical\" href=\"https:\/\/skaitytaknyga.lt\/en\/produktas\/jura\/\" \/>\n<meta property=\"og:locale\" content=\"en_GB\" \/>\n<meta property=\"og:locale:alternate\" content=\"lt_LT\" \/>\n<meta property=\"og:type\" content=\"article\" \/>\n<meta property=\"og:title\" content=\"J\u016bra\" \/>\n<meta property=\"og:description\" content=\"Vandenynai yra \u012fs\u010dios, kuriose u\u017esimezg\u0117 gyvyb\u0117. Nors vandenynuose, kaip sausumoje ir ore, jau matome daug \u017emoni\u0173 veiklos po\u017eymi\u0173, iki \u0161iol jie yra\" \/>\n<meta property=\"og:url\" content=\"https:\/\/skaitytaknyga.lt\/en\/produktas\/jura\/\" \/>\n<meta property=\"og:site_name\" content=\"Skaitytaknyga\" \/>\n<meta property=\"article:publisher\" content=\"https:\/\/www.facebook.com\/skaitytaknyga\/\" \/>\n<meta property=\"article:modified_time\" content=\"2024-12-19T05:58:00+00:00\" \/>\n<meta property=\"og:image\" content=\"https:\/\/skaitytaknyga.lt\/wp-content\/uploads\/2024\/12\/Jura.webp\" \/>\n\t<meta property=\"og:image:width\" content=\"170\" \/>\n\t<meta property=\"og:image:height\" content=\"172\" \/>\n\t<meta property=\"og:image:type\" content=\"image\/webp\" \/>\n<meta name=\"twitter:card\" content=\"summary_large_image\" \/>\n<meta name=\"twitter:label1\" content=\"Estimated reading time\" \/>\n\t<meta name=\"twitter:data1\" content=\"1 minute\" \/>\n<script type=\"application\/ld+json\" class=\"yoast-schema-graph\">{\"@context\":\"https:\/\/schema.org\",\"@graph\":[{\"@type\":\"WebPage\",\"@id\":\"https:\/\/skaitytaknyga.lt\/produktas\/jura\/\",\"url\":\"https:\/\/skaitytaknyga.lt\/produktas\/jura\/\",\"name\":\"J\u016bra\",\"isPartOf\":{\"@id\":\"https:\/\/skaitytaknyga.lt\/#website\"},\"primaryImageOfPage\":{\"@id\":\"https:\/\/skaitytaknyga.lt\/produktas\/jura\/#primaryimage\"},\"image\":{\"@id\":\"https:\/\/skaitytaknyga.lt\/produktas\/jura\/#primaryimage\"},\"thumbnailUrl\":\"https:\/\/skaitytaknyga.lt\/wp-content\/uploads\/2024\/12\/Jura.webp\",\"datePublished\":\"2024-12-17T12:31:27+00:00\",\"dateModified\":\"2024-12-19T05:58:00+00:00\",\"description\":\"Vandenynai yra \u012fs\u010dios, kuriose u\u017esimezg\u0117 gyvyb\u0117. Nors vandenynuose, kaip sausumoje ir ore, jau matome daug \u017emoni\u0173 veiklos po\u017eymi\u0173, iki \u0161iol jie yra\",\"breadcrumb\":{\"@id\":\"https:\/\/skaitytaknyga.lt\/produktas\/jura\/#breadcrumb\"},\"inLanguage\":\"en-GB\",\"potentialAction\":[{\"@type\":\"ReadAction\",\"target\":[\"https:\/\/skaitytaknyga.lt\/produktas\/jura\/\"]}]},{\"@type\":\"ImageObject\",\"inLanguage\":\"en-GB\",\"@id\":\"https:\/\/skaitytaknyga.lt\/produktas\/jura\/#primaryimage\",\"url\":\"https:\/\/skaitytaknyga.lt\/wp-content\/uploads\/2024\/12\/Jura.webp\",\"contentUrl\":\"https:\/\/skaitytaknyga.lt\/wp-content\/uploads\/2024\/12\/Jura.webp\",\"width\":170,\"height\":172,\"caption\":\"J\u016bra\"},{\"@type\":\"BreadcrumbList\",\"@id\":\"https:\/\/skaitytaknyga.lt\/produktas\/jura\/#breadcrumb\",\"itemListElement\":[{\"@type\":\"ListItem\",\"position\":1,\"name\":\"Home\",\"item\":\"https:\/\/skaitytaknyga.lt\/\"},{\"@type\":\"ListItem\",\"position\":2,\"name\":\"Parduotuv\u0117\",\"item\":\"https:\/\/skaitytaknyga.lt\/knygu-parduotuve\/\"},{\"@type\":\"ListItem\",\"position\":3,\"name\":\"J\u016bra\"}]},{\"@type\":\"WebSite\",\"@id\":\"https:\/\/skaitytaknyga.lt\/#website\",\"url\":\"https:\/\/skaitytaknyga.lt\/\",\"name\":\"skaitytaknyga.lt\",\"description\":\"Skaitytaknyga.lt \u2013 tai ma\u017eas \u0161eimos verslas, kuris prasid\u0117jo nuo meil\u0117s knygoms ir siekio i\u0161gelb\u0117ti knygas nuo likimo prie konteinerio. Kas vienam nereikalingas daiktas \u2013 kitam lobis, o mes esame tarpininkai, kurie padeda abiems tapti laimingesniems ???? \u017dinome kaip nelengva i\u0161gyventi ma\u017eiems verslams, tad nuo \u0161iol, \u010dia rasite ir kit\u0173, ma\u017e\u0173 \u0161eim\u0173 versl\u0173, rank\u0173 darbo, dovan\u0173 sau ir artimiesiems.\",\"publisher\":{\"@id\":\"https:\/\/skaitytaknyga.lt\/#organization\"},\"potentialAction\":[{\"@type\":\"SearchAction\",\"target\":{\"@type\":\"EntryPoint\",\"urlTemplate\":\"https:\/\/skaitytaknyga.lt\/?s={search_term_string}\"},\"query-input\":{\"@type\":\"PropertyValueSpecification\",\"valueRequired\":true,\"valueName\":\"search_term_string\"}}],\"inLanguage\":\"en-GB\"},{\"@type\":\"Organization\",\"@id\":\"https:\/\/skaitytaknyga.lt\/#organization\",\"name\":\"skaitytaknyga.lt\",\"url\":\"https:\/\/skaitytaknyga.lt\/\",\"logo\":{\"@type\":\"ImageObject\",\"inLanguage\":\"en-GB\",\"@id\":\"https:\/\/skaitytaknyga.lt\/#\/schema\/logo\/image\/\",\"url\":\"https:\/\/skaitytaknyga.lt\/wp-content\/uploads\/2024\/05\/cropped-cropped-cropped-02_00843_jt3bggkj1j3HLc7SyY6rEUpg.jpeg\",\"contentUrl\":\"https:\/\/skaitytaknyga.lt\/wp-content\/uploads\/2024\/05\/cropped-cropped-cropped-02_00843_jt3bggkj1j3HLc7SyY6rEUpg.jpeg\",\"width\":1600,\"height\":1600,\"caption\":\"skaitytaknyga.lt\"},\"image\":{\"@id\":\"https:\/\/skaitytaknyga.lt\/#\/schema\/logo\/image\/\"},\"sameAs\":[\"https:\/\/www.facebook.com\/skaitytaknyga\/\"]}]}<\/script>\n<!-- \/ Yoast SEO plugin. -->","yoast_head_json":{"title":"J\u016bra","description":"Vandenynai yra \u012fs\u010dios, kuriose u\u017esimezg\u0117 gyvyb\u0117. Nors vandenynuose, kaip sausumoje ir ore, jau matome daug \u017emoni\u0173 veiklos po\u017eymi\u0173, iki \u0161iol jie yra","robots":{"index":"index","follow":"follow","max-snippet":"max-snippet:-1","max-image-preview":"max-image-preview:large","max-video-preview":"max-video-preview:-1"},"canonical":"https:\/\/skaitytaknyga.lt\/en\/produktas\/jura\/","og_locale":"en_GB","og_type":"article","og_title":"[:lt]J\u016bra[:] - Skaitytaknyga","og_description":"Vandenynai yra \u012fs\u010dios, kuriose u\u017esimezg\u0117 gyvyb\u0117. Nors vandenynuose, kaip sausumoje ir ore, jau matome daug \u017emoni\u0173 veiklos po\u017eymi\u0173, iki \u0161iol jie yra","og_url":"https:\/\/skaitytaknyga.lt\/en\/produktas\/jura\/","og_site_name":"Skaitytaknyga","article_publisher":"https:\/\/www.facebook.com\/skaitytaknyga\/","article_modified_time":"2024-12-19T05:58:00+00:00","og_image":[{"width":170,"height":172,"url":"https:\/\/skaitytaknyga.lt\/wp-content\/uploads\/2024\/12\/Jura.webp","type":"image\/webp"}],"twitter_card":"summary_large_image","twitter_misc":{"Estimated reading time":"1 minute"},"schema":{"@context":"https:\/\/schema.org","@graph":[{"@type":"WebPage","@id":"https:\/\/skaitytaknyga.lt\/produktas\/jura\/","url":"https:\/\/skaitytaknyga.lt\/produktas\/jura\/","name":"J\u016bra","isPartOf":{"@id":"https:\/\/skaitytaknyga.lt\/#website"},"primaryImageOfPage":{"@id":"https:\/\/skaitytaknyga.lt\/produktas\/jura\/#primaryimage"},"image":{"@id":"https:\/\/skaitytaknyga.lt\/produktas\/jura\/#primaryimage"},"thumbnailUrl":"https:\/\/skaitytaknyga.lt\/wp-content\/uploads\/2024\/12\/Jura.webp","datePublished":"2024-12-17T12:31:27+00:00","dateModified":"2024-12-19T05:58:00+00:00","description":"Vandenynai yra \u012fs\u010dios, kuriose u\u017esimezg\u0117 gyvyb\u0117. Nors vandenynuose, kaip sausumoje ir ore, jau matome daug \u017emoni\u0173 veiklos po\u017eymi\u0173, iki \u0161iol jie yra","breadcrumb":{"@id":"https:\/\/skaitytaknyga.lt\/produktas\/jura\/#breadcrumb"},"inLanguage":"en-GB","potentialAction":[{"@type":"ReadAction","target":["https:\/\/skaitytaknyga.lt\/produktas\/jura\/"]}]},{"@type":"ImageObject","inLanguage":"en-GB","@id":"https:\/\/skaitytaknyga.lt\/produktas\/jura\/#primaryimage","url":"https:\/\/skaitytaknyga.lt\/wp-content\/uploads\/2024\/12\/Jura.webp","contentUrl":"https:\/\/skaitytaknyga.lt\/wp-content\/uploads\/2024\/12\/Jura.webp","width":170,"height":172,"caption":"J\u016bra"},{"@type":"BreadcrumbList","@id":"https:\/\/skaitytaknyga.lt\/produktas\/jura\/#breadcrumb","itemListElement":[{"@type":"ListItem","position":1,"name":"Home","item":"https:\/\/skaitytaknyga.lt\/"},{"@type":"ListItem","position":2,"name":"Parduotuv\u0117","item":"https:\/\/skaitytaknyga.lt\/knygu-parduotuve\/"},{"@type":"ListItem","position":3,"name":"J\u016bra"}]},{"@type":"WebSite","@id":"https:\/\/skaitytaknyga.lt\/#website","url":"https:\/\/skaitytaknyga.lt\/","name":"skaitytaknyga.lt","description":"Skaitytaknyga.lt \u2013 tai ma\u017eas \u0161eimos verslas, kuris prasid\u0117jo nuo meil\u0117s knygoms ir siekio i\u0161gelb\u0117ti knygas nuo likimo prie konteinerio. Kas vienam nereikalingas daiktas \u2013 kitam lobis, o mes esame tarpininkai, kurie padeda abiems tapti laimingesniems ???? \u017dinome kaip nelengva i\u0161gyventi ma\u017eiems verslams, tad nuo \u0161iol, \u010dia rasite ir kit\u0173, ma\u017e\u0173 \u0161eim\u0173 versl\u0173, rank\u0173 darbo, dovan\u0173 sau ir artimiesiems.","publisher":{"@id":"https:\/\/skaitytaknyga.lt\/#organization"},"potentialAction":[{"@type":"SearchAction","target":{"@type":"EntryPoint","urlTemplate":"https:\/\/skaitytaknyga.lt\/?s={search_term_string}"},"query-input":{"@type":"PropertyValueSpecification","valueRequired":true,"valueName":"search_term_string"}}],"inLanguage":"en-GB"},{"@type":"Organization","@id":"https:\/\/skaitytaknyga.lt\/#organization","name":"skaitytaknyga.lt","url":"https:\/\/skaitytaknyga.lt\/","logo":{"@type":"ImageObject","inLanguage":"en-GB","@id":"https:\/\/skaitytaknyga.lt\/#\/schema\/logo\/image\/","url":"https:\/\/skaitytaknyga.lt\/wp-content\/uploads\/2024\/05\/cropped-cropped-cropped-02_00843_jt3bggkj1j3HLc7SyY6rEUpg.jpeg","contentUrl":"https:\/\/skaitytaknyga.lt\/wp-content\/uploads\/2024\/05\/cropped-cropped-cropped-02_00843_jt3bggkj1j3HLc7SyY6rEUpg.jpeg","width":1600,"height":1600,"caption":"skaitytaknyga.lt"},"image":{"@id":"https:\/\/skaitytaknyga.lt\/#\/schema\/logo\/image\/"},"sameAs":["https:\/\/www.facebook.com\/skaitytaknyga\/"]}]}},"_links":{"self":[{"href":"https:\/\/skaitytaknyga.lt\/en\/wp-json\/wp\/v2\/product\/15476","targetHints":{"allow":["GET"]}}],"collection":[{"href":"https:\/\/skaitytaknyga.lt\/en\/wp-json\/wp\/v2\/product"}],"about":[{"href":"https:\/\/skaitytaknyga.lt\/en\/wp-json\/wp\/v2\/types\/product"}],"replies":[{"embeddable":true,"href":"https:\/\/skaitytaknyga.lt\/en\/wp-json\/wp\/v2\/comments?post=15476"}],"wp:featuredmedia":[{"embeddable":true,"href":"https:\/\/skaitytaknyga.lt\/en\/wp-json\/wp\/v2\/media\/15509"}],"wp:attachment":[{"href":"https:\/\/skaitytaknyga.lt\/en\/wp-json\/wp\/v2\/media?parent=15476"}],"wp:term":[{"taxonomy":"product_brand","embeddable":true,"href":"https:\/\/skaitytaknyga.lt\/en\/wp-json\/wp\/v2\/product_brand?post=15476"},{"taxonomy":"product_cat","embeddable":true,"href":"https:\/\/skaitytaknyga.lt\/en\/wp-json\/wp\/v2\/product_cat?post=15476"},{"taxonomy":"product_tag","embeddable":true,"href":"https:\/\/skaitytaknyga.lt\/en\/wp-json\/wp\/v2\/product_tag?post=15476"}],"curies":[{"name":"wp","href":"https:\/\/api.w.org\/{rel}","templated":true}]}}