{"id":15474,"date":"2024-12-17T14:31:27","date_gmt":"2024-12-17T12:31:27","guid":{"rendered":"https:\/\/skaitytaknyga.lt\/?post_type=product&#038;p=15474"},"modified":"2024-12-19T07:57:32","modified_gmt":"2024-12-19T05:57:32","slug":"laimeti-ne-nuodeme-krikscioniskas-poziuris-i-sekme-ir-lyderyste","status":"publish","type":"product","link":"https:\/\/skaitytaknyga.lt\/en\/produktas\/laimeti-ne-nuodeme-krikscioniskas-poziuris-i-sekme-ir-lyderyste\/","title":{"rendered":"Laim\u0117ti \u2013 ne nuod\u0117m\u0117: krik\u0161\u010dioni\u0161kas po\u017ei\u016bris \u012f s\u0117km\u0119 ir lyderyst\u0119"},"content":{"rendered":"<p>Krik\u0161\u010dioni\u0161kas po\u017ei\u016bris \u012f s\u0117km\u0119 ir lyderyst\u0119<br \/>\nAlgirdas Toliatas, Antanas Saulaitis, Gintaras Gru\u0161as, Juozapas Marija \u017dukauskas, K\u0119stutis K\u0117valas, Ri\u010dardas Doveika, Vaidas Vai\u0161vilas, Vilius Viktoravi\u010dius, Visvaldas Kulbokas<\/p>\n<p>Itin atviri pokalbiai su 9 \u017eymiais Lietuvos dvasininkais, j\u0173 pa\u010di\u0173 lyderyst\u0117s patirtys ir gair\u0117s s\u0117kmingam gyvenimui.<\/p>\n<p><em>Ligi \u0161iol nematytas projektas, kvie\u010diantis pa\u017evelgti naujai tiek \u012f krik\u0161\u010dionyb\u0117s siun\u010diam\u0105 \u017eini\u0105, tiek \u012f jos svarb\u0105 veikliame ir prasmingame gyvenime.<\/em><\/p>\n<p>Doc. dr. Benas Ulevi\u010dius, Vytauto Did\u017eiojo universiteto Katalik\u0173 teologijos fakulteto dekanas<\/p>\n<p><em>Knyga \u201elupasi&#8221; tarsi svog\u016bnas. I\u0161 pirmo \u017evilgsnio paprastas dialogas su skaitytoju, \u0161iuolaikin\u0117 kalba, anekdotai ir liaudies patarl\u0117s veda giliau ir atidengia meistri\u0161kai nuaust\u0105 kit\u0105 sluoksn\u012f \u2013 metaforomis kaip barokiniais n\u0117riniais neu\u017emaskuot\u0105, nepasl\u0117pt\u0105 po nesuprantamais ritualais ir ceremonijomis krik\u0161\u010dioni\u0161kojo mokymo esm\u0119.<\/em><\/p>\n<p>Daina Klepon\u0117, buvusi V\u0161\u012e \u201eVersli Lietuva&#8221; generalin\u0117 direktor\u0117, verslo konsultant\u0117, kou\u010der\u0117, lektor\u0117<\/p>\n<p><em>Skaitant knyg\u0105 \u201eLaim\u0117ti \u2013 ne nuod\u0117m\u0117&#8221; norisi kilti, kurti, siekti, dirbti \u2013 para\u0161yti \u201esavo knyg\u0105&#8221;. Pasirinkus Krist\u0173 ir mokantis i\u0161 Jo tarnauti, ne\u012fmanoma pralaim\u0117ti.<\/em><\/p>\n<p>Operos solistas Vaidas Vy\u0161niauskas, operos pasaulyje \u017einomas kaip Kristian Benedikt<\/p>\n<p><em>Problematika, kuri\u0105 Giedrius Surplys atveria \u0161ia knyga, u\u017e\u010diuopia pa\u010di\u0105 krik\u0161\u010dionyb\u0117s \u0161erd\u012f: \u201eDangaus karalyst\u0119 smarkieji sau grobia.&#8221; Ir visai teisingai. Krik\u0161\u010dionyb\u0117 yra dr\u0105si\u0173 \u017emoni\u0173 religija. Autorius kvie\u010dia skaitytojus kurti ry\u0161k\u0173, \u0161vies\u0173, ambicing\u0105, laisv\u0105, atsaking\u0105 gyvenim\u0105. Toks, matyt, ir yra krik\u0161\u010dionio pa\u0161aukimas.<\/em><\/p>\n<p>Monsinjoras prof. dr. Arvydas Ramonas, Klaip\u0117dos universiteto Jono Pauliaus II krik\u0161\u010dioni\u0161k\u0173j\u0173 studij\u0173 centro vadovas<\/p>\n<ul class=\"about-product d-none d-xl-block mt-4\">\n<li><strong>Autorius:<\/strong>\u00a0Giedrius Surplys<\/li>\n<li><strong>Leid\u0117jas:<\/strong>\u00a0Alma littera<\/li>\n<li><strong>Metai:<\/strong>\u00a02022<\/li>\n<li><strong>Puslapiai:<\/strong>\u00a0232<\/li>\n<li class=\"toggleable type-new-formats \"><strong>ISBN:<\/strong>\u00a09786090150634<\/li>\n<li class=\"toggleable type-new-formats \"><strong>Formatas:<\/strong>\u00a014,3 x 21,3 x 2,2 cm, kieti vir\u0161eliai<\/li>\n<li><strong>Kalba:<\/strong>\u00a0Lietuvi\u0173<\/li>\n<\/ul>\n","protected":false},"excerpt":{"rendered":"<p>Krik\u0161\u010dioni\u0161kas po\u017ei\u016bris \u012f s\u0117km\u0119 ir lyderyst\u0119 Algirdas Toliatas, Antanas Saulaitis, Gintaras Gru\u0161as, Juozapas Marija \u017dukauskas, K\u0119stutis K\u0117valas, Ri\u010dardas Doveika, Vaidas Vai\u0161vilas, Vilius Viktoravi\u010dius, Visvaldas Kulbokas Itin atviri pokalbiai su 9 \u017eymiais Lietuvos dvasininkais, j\u0173 pa\u010di\u0173 lyderyst\u0117s patirtys ir gair\u0117s s\u0117kmingam gyvenimui. Ligi \u0161iol nematytas projektas, kvie\u010diantis pa\u017evelgti naujai tiek \u012f krik\u0161\u010dionyb\u0117s siun\u010diam\u0105 \u017eini\u0105, tiek \u012f jos svarb\u0105 veikliame ir prasmingame gyvenime. Doc. dr. Benas Ulevi\u010dius, Vytauto Did\u017eiojo universiteto Katalik\u0173 teologijos fakulteto dekanas Knyga \u201elupasi&#8221; tarsi svog\u016bnas. I\u0161 pirmo \u017evilgsnio paprastas dialogas su skaitytoju, \u0161iuolaikin\u0117 kalba, anekdotai ir liaudies patarl\u0117s veda giliau ir atidengia meistri\u0161kai nuaust\u0105 kit\u0105 sluoksn\u012f \u2013 metaforomis kaip barokiniais n\u0117riniais neu\u017emaskuot\u0105, nepasl\u0117pt\u0105 po nesuprantamais ritualais ir ceremonijomis krik\u0161\u010dioni\u0161kojo mokymo esm\u0119. Daina Klepon\u0117, buvusi V\u0161\u012e \u201eVersli Lietuva&#8221; generalin\u0117 direktor\u0117, verslo konsultant\u0117, kou\u010der\u0117, lektor\u0117 Skaitant knyg\u0105 \u201eLaim\u0117ti \u2013 ne nuod\u0117m\u0117&#8221; norisi kilti, kurti, siekti, dirbti \u2013 para\u0161yti \u201esavo knyg\u0105&#8221;. Pasirinkus Krist\u0173 ir mokantis i\u0161 Jo tarnauti, ne\u012fmanoma pralaim\u0117ti. Operos solistas Vaidas Vy\u0161niauskas, operos pasaulyje \u017einomas kaip Kristian Benedikt Problematika, kuri\u0105 Giedrius Surplys atveria \u0161ia knyga, u\u017e\u010diuopia pa\u010di\u0105 krik\u0161\u010dionyb\u0117s \u0161erd\u012f: \u201eDangaus karalyst\u0119 smarkieji sau grobia.&#8221; Ir visai teisingai. Krik\u0161\u010dionyb\u0117 yra dr\u0105si\u0173 \u017emoni\u0173 religija. Autorius kvie\u010dia skaitytojus kurti ry\u0161k\u0173, \u0161vies\u0173, ambicing\u0105, laisv\u0105, atsaking\u0105 gyvenim\u0105. Toks, matyt, ir yra krik\u0161\u010dionio pa\u0161aukimas. Monsinjoras prof. dr. Arvydas Ramonas, Klaip\u0117dos universiteto Jono Pauliaus II krik\u0161\u010dioni\u0161k\u0173j\u0173 studij\u0173 centro vadovas Autorius:\u00a0Giedrius Surplys Leid\u0117jas:\u00a0Alma littera Metai:\u00a02022 Puslapiai:\u00a0232 ISBN:\u00a09786090150634 Formatas:\u00a014,3 x 21,3 x 2,2 cm, kieti vir\u0161eliai Kalba:\u00a0Lietuvi\u0173<\/p>\n","protected":false},"featured_media":15511,"comment_status":"open","ping_status":"closed","template":"","meta":{"_acf_changed":false,"site-sidebar-layout":"default","site-content-layout":"","ast-site-content-layout":"default","site-content-style":"default","site-sidebar-style":"default","ast-global-header-display":"","ast-banner-title-visibility":"","ast-main-header-display":"","ast-hfb-above-header-display":"","ast-hfb-below-header-display":"","ast-hfb-mobile-header-display":"","site-post-title":"","ast-breadcrumbs-content":"","ast-featured-img":"","footer-sml-layout":"","ast-disable-related-posts":"","theme-transparent-header-meta":"default","adv-header-id-meta":"","stick-header-meta":"","header-above-stick-meta":"","header-main-stick-meta":"","header-below-stick-meta":"","astra-migrate-meta-layouts":"set","ast-page-background-enabled":"default","ast-page-background-meta":{"desktop":{"background-color":"","background-image":"","background-repeat":"repeat","background-position":"center center","background-size":"auto","background-attachment":"scroll","background-type":"","background-media":"","overlay-type":"","overlay-color":"","overlay-opacity":"","overlay-gradient":""},"tablet":{"background-color":"","background-image":"","background-repeat":"repeat","background-position":"center center","background-size":"auto","background-attachment":"scroll","background-type":"","background-media":"","overlay-type":"","overlay-color":"","overlay-opacity":"","overlay-gradient":""},"mobile":{"background-color":"","background-image":"","background-repeat":"repeat","background-position":"center center","background-size":"auto","background-attachment":"scroll","background-type":"","background-media":"","overlay-type":"","overlay-color":"","overlay-opacity":"","overlay-gradient":""}},"ast-content-background-meta":{"desktop":{"background-color":"var(--ast-global-color-4)","background-image":"","background-repeat":"repeat","background-position":"center center","background-size":"auto","background-attachment":"scroll","background-type":"","background-media":"","overlay-type":"","overlay-color":"","overlay-opacity":"","overlay-gradient":""},"tablet":{"background-color":"var(--ast-global-color-4)","background-image":"","background-repeat":"repeat","background-position":"center center","background-size":"auto","background-attachment":"scroll","background-type":"","background-media":"","overlay-type":"","overlay-color":"","overlay-opacity":"","overlay-gradient":""},"mobile":{"background-color":"var(--ast-global-color-4)","background-image":"","background-repeat":"repeat","background-position":"center center","background-size":"auto","background-attachment":"scroll","background-type":"","background-media":"","overlay-type":"","overlay-color":"","overlay-opacity":"","overlay-gradient":""}}},"product_brand":[],"product_cat":[15,165],"product_tag":[],"class_list":{"0":"post-15474","1":"product","2":"type-product","3":"status-publish","4":"has-post-thumbnail","6":"product_cat-uncategorized","7":"product_cat-religija-filosofija-ir-ezoterika","8":"desktop-align-left","9":"tablet-align-left","10":"mobile-align-left","12":"first","13":"instock","14":"shipping-taxable","15":"purchasable","16":"product-type-simple"},"acf":[],"yoast_head":"<!-- This site is optimized with the Yoast SEO plugin v27.0 - https:\/\/yoast.com\/product\/yoast-seo-wordpress\/ -->\n<title>Laim\u0117ti \u2013 ne nuod\u0117m\u0117: krik\u0161\u010dioni\u0161kas po\u017ei\u016bris \u012f s\u0117km\u0119 ir lyderyst\u0119<\/title>\n<meta name=\"description\" content=\"Krik\u0161\u010dioni\u0161kas po\u017ei\u016bris \u012f s\u0117km\u0119 ir lyderyst\u0119 Algirdas Toliatas, Antanas Saulaitis, Gintaras Gru\u0161as, Juozapas Marija \u017dukauskas, K\u0119stutis K\u0117valas, Ri\u010dardas\" \/>\n<meta name=\"robots\" content=\"index, follow, max-snippet:-1, max-image-preview:large, max-video-preview:-1\" \/>\n<link rel=\"canonical\" href=\"https:\/\/skaitytaknyga.lt\/en\/produktas\/laimeti-ne-nuodeme-krikscioniskas-poziuris-i-sekme-ir-lyderyste\/\" \/>\n<meta property=\"og:locale\" content=\"en_GB\" \/>\n<meta property=\"og:locale:alternate\" content=\"lt_LT\" \/>\n<meta property=\"og:type\" content=\"article\" \/>\n<meta property=\"og:title\" content=\"Laim\u0117ti \u2013 ne nuod\u0117m\u0117: krik\u0161\u010dioni\u0161kas po\u017ei\u016bris \u012f s\u0117km\u0119 ir lyderyst\u0119\" \/>\n<meta property=\"og:description\" content=\"Krik\u0161\u010dioni\u0161kas po\u017ei\u016bris \u012f s\u0117km\u0119 ir lyderyst\u0119 Algirdas Toliatas, Antanas Saulaitis, Gintaras Gru\u0161as, Juozapas Marija \u017dukauskas, K\u0119stutis K\u0117valas, Ri\u010dardas\" \/>\n<meta property=\"og:url\" content=\"https:\/\/skaitytaknyga.lt\/en\/produktas\/laimeti-ne-nuodeme-krikscioniskas-poziuris-i-sekme-ir-lyderyste\/\" \/>\n<meta property=\"og:site_name\" content=\"Skaitytaknyga\" \/>\n<meta property=\"article:publisher\" content=\"https:\/\/www.facebook.com\/skaitytaknyga\/\" \/>\n<meta property=\"article:modified_time\" content=\"2024-12-19T05:57:32+00:00\" \/>\n<meta property=\"og:image\" content=\"https:\/\/skaitytaknyga.lt\/wp-content\/uploads\/2024\/12\/Laimeti-\u2013-ne-nuodeme-krikscioniskas-poziuris-i-sekme-ir-lyderyste.webp\" \/>\n\t<meta property=\"og:image:width\" content=\"403\" \/>\n\t<meta property=\"og:image:height\" content=\"600\" \/>\n\t<meta property=\"og:image:type\" content=\"image\/webp\" \/>\n<meta name=\"twitter:card\" content=\"summary_large_image\" \/>\n<meta name=\"twitter:label1\" content=\"Estimated reading time\" \/>\n\t<meta name=\"twitter:data1\" content=\"2 minutes\" \/>\n<script type=\"application\/ld+json\" class=\"yoast-schema-graph\">{\"@context\":\"https:\/\/schema.org\",\"@graph\":[{\"@type\":\"WebPage\",\"@id\":\"https:\/\/skaitytaknyga.lt\/produktas\/laimeti-ne-nuodeme-krikscioniskas-poziuris-i-sekme-ir-lyderyste\/\",\"url\":\"https:\/\/skaitytaknyga.lt\/produktas\/laimeti-ne-nuodeme-krikscioniskas-poziuris-i-sekme-ir-lyderyste\/\",\"name\":\"Laim\u0117ti \u2013 ne nuod\u0117m\u0117: krik\u0161\u010dioni\u0161kas po\u017ei\u016bris \u012f s\u0117km\u0119 ir lyderyst\u0119\",\"isPartOf\":{\"@id\":\"https:\/\/skaitytaknyga.lt\/#website\"},\"primaryImageOfPage\":{\"@id\":\"https:\/\/skaitytaknyga.lt\/produktas\/laimeti-ne-nuodeme-krikscioniskas-poziuris-i-sekme-ir-lyderyste\/#primaryimage\"},\"image\":{\"@id\":\"https:\/\/skaitytaknyga.lt\/produktas\/laimeti-ne-nuodeme-krikscioniskas-poziuris-i-sekme-ir-lyderyste\/#primaryimage\"},\"thumbnailUrl\":\"https:\/\/skaitytaknyga.lt\/wp-content\/uploads\/2024\/12\/Laimeti-\u2013-ne-nuodeme-krikscioniskas-poziuris-i-sekme-ir-lyderyste.webp\",\"datePublished\":\"2024-12-17T12:31:27+00:00\",\"dateModified\":\"2024-12-19T05:57:32+00:00\",\"description\":\"Krik\u0161\u010dioni\u0161kas po\u017ei\u016bris \u012f s\u0117km\u0119 ir lyderyst\u0119 Algirdas Toliatas, Antanas Saulaitis, Gintaras Gru\u0161as, Juozapas Marija \u017dukauskas, K\u0119stutis K\u0117valas, Ri\u010dardas\",\"breadcrumb\":{\"@id\":\"https:\/\/skaitytaknyga.lt\/produktas\/laimeti-ne-nuodeme-krikscioniskas-poziuris-i-sekme-ir-lyderyste\/#breadcrumb\"},\"inLanguage\":\"en-GB\",\"potentialAction\":[{\"@type\":\"ReadAction\",\"target\":[\"https:\/\/skaitytaknyga.lt\/produktas\/laimeti-ne-nuodeme-krikscioniskas-poziuris-i-sekme-ir-lyderyste\/\"]}]},{\"@type\":\"ImageObject\",\"inLanguage\":\"en-GB\",\"@id\":\"https:\/\/skaitytaknyga.lt\/produktas\/laimeti-ne-nuodeme-krikscioniskas-poziuris-i-sekme-ir-lyderyste\/#primaryimage\",\"url\":\"https:\/\/skaitytaknyga.lt\/wp-content\/uploads\/2024\/12\/Laimeti-\u2013-ne-nuodeme-krikscioniskas-poziuris-i-sekme-ir-lyderyste.webp\",\"contentUrl\":\"https:\/\/skaitytaknyga.lt\/wp-content\/uploads\/2024\/12\/Laimeti-\u2013-ne-nuodeme-krikscioniskas-poziuris-i-sekme-ir-lyderyste.webp\",\"width\":403,\"height\":600,\"caption\":\"Laim\u0117ti \u2013 ne nuod\u0117m\u0117\"},{\"@type\":\"BreadcrumbList\",\"@id\":\"https:\/\/skaitytaknyga.lt\/produktas\/laimeti-ne-nuodeme-krikscioniskas-poziuris-i-sekme-ir-lyderyste\/#breadcrumb\",\"itemListElement\":[{\"@type\":\"ListItem\",\"position\":1,\"name\":\"Home\",\"item\":\"https:\/\/skaitytaknyga.lt\/\"},{\"@type\":\"ListItem\",\"position\":2,\"name\":\"Parduotuv\u0117\",\"item\":\"https:\/\/skaitytaknyga.lt\/knygu-parduotuve\/\"},{\"@type\":\"ListItem\",\"position\":3,\"name\":\"Laim\u0117ti \u2013 ne nuod\u0117m\u0117: krik\u0161\u010dioni\u0161kas po\u017ei\u016bris \u012f s\u0117km\u0119 ir lyderyst\u0119\"}]},{\"@type\":\"WebSite\",\"@id\":\"https:\/\/skaitytaknyga.lt\/#website\",\"url\":\"https:\/\/skaitytaknyga.lt\/\",\"name\":\"skaitytaknyga.lt\",\"description\":\"Skaitytaknyga.lt \u2013 tai ma\u017eas \u0161eimos verslas, kuris prasid\u0117jo nuo meil\u0117s knygoms ir siekio i\u0161gelb\u0117ti knygas nuo likimo prie konteinerio. Kas vienam nereikalingas daiktas \u2013 kitam lobis, o mes esame tarpininkai, kurie padeda abiems tapti laimingesniems ???? \u017dinome kaip nelengva i\u0161gyventi ma\u017eiems verslams, tad nuo \u0161iol, \u010dia rasite ir kit\u0173, ma\u017e\u0173 \u0161eim\u0173 versl\u0173, rank\u0173 darbo, dovan\u0173 sau ir artimiesiems.\",\"publisher\":{\"@id\":\"https:\/\/skaitytaknyga.lt\/#organization\"},\"potentialAction\":[{\"@type\":\"SearchAction\",\"target\":{\"@type\":\"EntryPoint\",\"urlTemplate\":\"https:\/\/skaitytaknyga.lt\/?s={search_term_string}\"},\"query-input\":{\"@type\":\"PropertyValueSpecification\",\"valueRequired\":true,\"valueName\":\"search_term_string\"}}],\"inLanguage\":\"en-GB\"},{\"@type\":\"Organization\",\"@id\":\"https:\/\/skaitytaknyga.lt\/#organization\",\"name\":\"skaitytaknyga.lt\",\"url\":\"https:\/\/skaitytaknyga.lt\/\",\"logo\":{\"@type\":\"ImageObject\",\"inLanguage\":\"en-GB\",\"@id\":\"https:\/\/skaitytaknyga.lt\/#\/schema\/logo\/image\/\",\"url\":\"https:\/\/skaitytaknyga.lt\/wp-content\/uploads\/2024\/05\/cropped-cropped-cropped-02_00843_jt3bggkj1j3HLc7SyY6rEUpg.jpeg\",\"contentUrl\":\"https:\/\/skaitytaknyga.lt\/wp-content\/uploads\/2024\/05\/cropped-cropped-cropped-02_00843_jt3bggkj1j3HLc7SyY6rEUpg.jpeg\",\"width\":1600,\"height\":1600,\"caption\":\"skaitytaknyga.lt\"},\"image\":{\"@id\":\"https:\/\/skaitytaknyga.lt\/#\/schema\/logo\/image\/\"},\"sameAs\":[\"https:\/\/www.facebook.com\/skaitytaknyga\/\"]}]}<\/script>\n<!-- \/ Yoast SEO plugin. -->","yoast_head_json":{"title":"Laim\u0117ti \u2013 ne nuod\u0117m\u0117: krik\u0161\u010dioni\u0161kas po\u017ei\u016bris \u012f s\u0117km\u0119 ir lyderyst\u0119","description":"Krik\u0161\u010dioni\u0161kas po\u017ei\u016bris \u012f s\u0117km\u0119 ir lyderyst\u0119 Algirdas Toliatas, Antanas Saulaitis, Gintaras Gru\u0161as, Juozapas Marija \u017dukauskas, K\u0119stutis K\u0117valas, Ri\u010dardas","robots":{"index":"index","follow":"follow","max-snippet":"max-snippet:-1","max-image-preview":"max-image-preview:large","max-video-preview":"max-video-preview:-1"},"canonical":"https:\/\/skaitytaknyga.lt\/en\/produktas\/laimeti-ne-nuodeme-krikscioniskas-poziuris-i-sekme-ir-lyderyste\/","og_locale":"en_GB","og_type":"article","og_title":"[:lt]Laim\u0117ti \u2013 ne nuod\u0117m\u0117: krik\u0161\u010dioni\u0161kas po\u017ei\u016bris \u012f s\u0117km\u0119 ir lyderyst\u0119[:] - Skaitytaknyga","og_description":"Krik\u0161\u010dioni\u0161kas po\u017ei\u016bris \u012f s\u0117km\u0119 ir lyderyst\u0119 Algirdas Toliatas, Antanas Saulaitis, Gintaras Gru\u0161as, Juozapas Marija \u017dukauskas, K\u0119stutis K\u0117valas, Ri\u010dardas","og_url":"https:\/\/skaitytaknyga.lt\/en\/produktas\/laimeti-ne-nuodeme-krikscioniskas-poziuris-i-sekme-ir-lyderyste\/","og_site_name":"Skaitytaknyga","article_publisher":"https:\/\/www.facebook.com\/skaitytaknyga\/","article_modified_time":"2024-12-19T05:57:32+00:00","og_image":[{"width":403,"height":600,"url":"https:\/\/skaitytaknyga.lt\/wp-content\/uploads\/2024\/12\/Laimeti-\u2013-ne-nuodeme-krikscioniskas-poziuris-i-sekme-ir-lyderyste.webp","type":"image\/webp"}],"twitter_card":"summary_large_image","twitter_misc":{"Estimated reading time":"2 minutes"},"schema":{"@context":"https:\/\/schema.org","@graph":[{"@type":"WebPage","@id":"https:\/\/skaitytaknyga.lt\/produktas\/laimeti-ne-nuodeme-krikscioniskas-poziuris-i-sekme-ir-lyderyste\/","url":"https:\/\/skaitytaknyga.lt\/produktas\/laimeti-ne-nuodeme-krikscioniskas-poziuris-i-sekme-ir-lyderyste\/","name":"Laim\u0117ti \u2013 ne nuod\u0117m\u0117: krik\u0161\u010dioni\u0161kas po\u017ei\u016bris \u012f s\u0117km\u0119 ir lyderyst\u0119","isPartOf":{"@id":"https:\/\/skaitytaknyga.lt\/#website"},"primaryImageOfPage":{"@id":"https:\/\/skaitytaknyga.lt\/produktas\/laimeti-ne-nuodeme-krikscioniskas-poziuris-i-sekme-ir-lyderyste\/#primaryimage"},"image":{"@id":"https:\/\/skaitytaknyga.lt\/produktas\/laimeti-ne-nuodeme-krikscioniskas-poziuris-i-sekme-ir-lyderyste\/#primaryimage"},"thumbnailUrl":"https:\/\/skaitytaknyga.lt\/wp-content\/uploads\/2024\/12\/Laimeti-\u2013-ne-nuodeme-krikscioniskas-poziuris-i-sekme-ir-lyderyste.webp","datePublished":"2024-12-17T12:31:27+00:00","dateModified":"2024-12-19T05:57:32+00:00","description":"Krik\u0161\u010dioni\u0161kas po\u017ei\u016bris \u012f s\u0117km\u0119 ir lyderyst\u0119 Algirdas Toliatas, Antanas Saulaitis, Gintaras Gru\u0161as, Juozapas Marija \u017dukauskas, K\u0119stutis K\u0117valas, Ri\u010dardas","breadcrumb":{"@id":"https:\/\/skaitytaknyga.lt\/produktas\/laimeti-ne-nuodeme-krikscioniskas-poziuris-i-sekme-ir-lyderyste\/#breadcrumb"},"inLanguage":"en-GB","potentialAction":[{"@type":"ReadAction","target":["https:\/\/skaitytaknyga.lt\/produktas\/laimeti-ne-nuodeme-krikscioniskas-poziuris-i-sekme-ir-lyderyste\/"]}]},{"@type":"ImageObject","inLanguage":"en-GB","@id":"https:\/\/skaitytaknyga.lt\/produktas\/laimeti-ne-nuodeme-krikscioniskas-poziuris-i-sekme-ir-lyderyste\/#primaryimage","url":"https:\/\/skaitytaknyga.lt\/wp-content\/uploads\/2024\/12\/Laimeti-\u2013-ne-nuodeme-krikscioniskas-poziuris-i-sekme-ir-lyderyste.webp","contentUrl":"https:\/\/skaitytaknyga.lt\/wp-content\/uploads\/2024\/12\/Laimeti-\u2013-ne-nuodeme-krikscioniskas-poziuris-i-sekme-ir-lyderyste.webp","width":403,"height":600,"caption":"Laim\u0117ti \u2013 ne nuod\u0117m\u0117"},{"@type":"BreadcrumbList","@id":"https:\/\/skaitytaknyga.lt\/produktas\/laimeti-ne-nuodeme-krikscioniskas-poziuris-i-sekme-ir-lyderyste\/#breadcrumb","itemListElement":[{"@type":"ListItem","position":1,"name":"Home","item":"https:\/\/skaitytaknyga.lt\/"},{"@type":"ListItem","position":2,"name":"Parduotuv\u0117","item":"https:\/\/skaitytaknyga.lt\/knygu-parduotuve\/"},{"@type":"ListItem","position":3,"name":"Laim\u0117ti \u2013 ne nuod\u0117m\u0117: krik\u0161\u010dioni\u0161kas po\u017ei\u016bris \u012f s\u0117km\u0119 ir lyderyst\u0119"}]},{"@type":"WebSite","@id":"https:\/\/skaitytaknyga.lt\/#website","url":"https:\/\/skaitytaknyga.lt\/","name":"skaitytaknyga.lt","description":"Skaitytaknyga.lt \u2013 tai ma\u017eas \u0161eimos verslas, kuris prasid\u0117jo nuo meil\u0117s knygoms ir siekio i\u0161gelb\u0117ti knygas nuo likimo prie konteinerio. Kas vienam nereikalingas daiktas \u2013 kitam lobis, o mes esame tarpininkai, kurie padeda abiems tapti laimingesniems ???? \u017dinome kaip nelengva i\u0161gyventi ma\u017eiems verslams, tad nuo \u0161iol, \u010dia rasite ir kit\u0173, ma\u017e\u0173 \u0161eim\u0173 versl\u0173, rank\u0173 darbo, dovan\u0173 sau ir artimiesiems.","publisher":{"@id":"https:\/\/skaitytaknyga.lt\/#organization"},"potentialAction":[{"@type":"SearchAction","target":{"@type":"EntryPoint","urlTemplate":"https:\/\/skaitytaknyga.lt\/?s={search_term_string}"},"query-input":{"@type":"PropertyValueSpecification","valueRequired":true,"valueName":"search_term_string"}}],"inLanguage":"en-GB"},{"@type":"Organization","@id":"https:\/\/skaitytaknyga.lt\/#organization","name":"skaitytaknyga.lt","url":"https:\/\/skaitytaknyga.lt\/","logo":{"@type":"ImageObject","inLanguage":"en-GB","@id":"https:\/\/skaitytaknyga.lt\/#\/schema\/logo\/image\/","url":"https:\/\/skaitytaknyga.lt\/wp-content\/uploads\/2024\/05\/cropped-cropped-cropped-02_00843_jt3bggkj1j3HLc7SyY6rEUpg.jpeg","contentUrl":"https:\/\/skaitytaknyga.lt\/wp-content\/uploads\/2024\/05\/cropped-cropped-cropped-02_00843_jt3bggkj1j3HLc7SyY6rEUpg.jpeg","width":1600,"height":1600,"caption":"skaitytaknyga.lt"},"image":{"@id":"https:\/\/skaitytaknyga.lt\/#\/schema\/logo\/image\/"},"sameAs":["https:\/\/www.facebook.com\/skaitytaknyga\/"]}]}},"_links":{"self":[{"href":"https:\/\/skaitytaknyga.lt\/en\/wp-json\/wp\/v2\/product\/15474","targetHints":{"allow":["GET"]}}],"collection":[{"href":"https:\/\/skaitytaknyga.lt\/en\/wp-json\/wp\/v2\/product"}],"about":[{"href":"https:\/\/skaitytaknyga.lt\/en\/wp-json\/wp\/v2\/types\/product"}],"replies":[{"embeddable":true,"href":"https:\/\/skaitytaknyga.lt\/en\/wp-json\/wp\/v2\/comments?post=15474"}],"wp:featuredmedia":[{"embeddable":true,"href":"https:\/\/skaitytaknyga.lt\/en\/wp-json\/wp\/v2\/media\/15511"}],"wp:attachment":[{"href":"https:\/\/skaitytaknyga.lt\/en\/wp-json\/wp\/v2\/media?parent=15474"}],"wp:term":[{"taxonomy":"product_brand","embeddable":true,"href":"https:\/\/skaitytaknyga.lt\/en\/wp-json\/wp\/v2\/product_brand?post=15474"},{"taxonomy":"product_cat","embeddable":true,"href":"https:\/\/skaitytaknyga.lt\/en\/wp-json\/wp\/v2\/product_cat?post=15474"},{"taxonomy":"product_tag","embeddable":true,"href":"https:\/\/skaitytaknyga.lt\/en\/wp-json\/wp\/v2\/product_tag?post=15474"}],"curies":[{"name":"wp","href":"https:\/\/api.w.org\/{rel}","templated":true}]}}