{"id":15472,"date":"2024-12-17T14:15:33","date_gmt":"2024-12-17T12:15:33","guid":{"rendered":"https:\/\/skaitytaknyga.lt\/?post_type=product&#038;p=15472"},"modified":"2024-12-19T07:58:30","modified_gmt":"2024-12-19T05:58:30","slug":"cheirono-abecele-improvizacines-dramos-pradziamokslis","status":"publish","type":"product","link":"https:\/\/skaitytaknyga.lt\/en\/produktas\/cheirono-abecele-improvizacines-dramos-pradziamokslis\/","title":{"rendered":"Cheirono ab\u0117c\u0117l\u0117. Improvizacin\u0117s dramos prad\u017eiamokslis"},"content":{"rendered":"<p>\u201eNaujasis teatras ne\u012fmanomas be atkaklaus darbo suvokiant\u00a0<em>\u017emogaus fenomen\u0105<\/em>\u00a0kaip tok\u012f, t. y. neperformuluojant nauju lygiu klausim\u0173, kuriuos sau k\u0117l\u0117 pradinis antikinis teatras. \u0160iuo atveju pa\u017einimo subjektas yra \u017emogaus<em>\u00a0\u201eA\u0161&#8221;<\/em>, jo \u012frankis \u2013 \u017emogaus\u00a0<em>psichika<\/em>, o jo objektas \u2013 \u017emogaus\u00a0<em>Vidinis Pasaulis<\/em>, \u012fskaitant t\u0105 jo dal\u012f, kuri yra tiesiogiai susijusi su i\u0161oriniu pasauliu.&#8221;<\/p>\n<p>\u201eIki \u0161iol neatsirado naujojo Hamleto, ta\u010diau senojo \u201einterpretacij\u0173&#8221; skai\u010dius perkopia visas \u012fmanomas ribas. Bet Hamletas \u2013 fenomenas, o jo \u201einterpretavimas&#8221; \u2013 tai konvejeris.&#8221;<\/p>\n<p>\u201eSenasis teatras pavargo nuo sav\u0119s ir ne\u012fsteng\u0117 per\u017eengti t\u016bkstantme\u010di\u0173 rib\u0173. Teatras neb\u0117ra misterija \u2013 tai savoti\u0161ka pramogos r\u016b\u0161is, o tokio teatro aktoriai tapo \u201epadav\u0117jais sielai&#8221;. Mes \u017ei\u016brime spektakl\u012f, plojame, \u017eiovaujame, i\u0161einame ir paprastai netrukus pamir\u0161tame, k\u0105 mat\u0117me.&#8221;<\/p>\n<p>\u201eKyla klausimas, koks pagaliau teatras gali tapti naujosios eros teatru? Kaip i\u0161vengti to, apie k\u0105 kadaise kalb\u0117jo Stanislavskis: \u201eLabiausiai neken\u010diu teatro teatre&#8221;?&#8221;<\/p>\n<p>Tai tik keletas tem\u0173 ir klausim\u0173, kuriuos\u00a0<strong>Oleksijus Arestovy\u010dius<\/strong>\u00a0pateikia savo knygoje<strong>\u00a0\u201eCheirono ab\u0117c\u0117l\u0117&#8221;<\/strong>. Skaitytojas susipa\u017eins su improvizacijos (gyvojo) teatro ypatyb\u0117mis, suvoks, su kokiais i\u0161\u0161\u016bkiais susiduria improvizacijos teatro aktorius, taip pat gaus puiki\u0105 prog\u0105 ne tik paanalizuoti save, bet ir suprasti, koks yra ry\u0161ys tarp s\u0105mon\u0117s ir pas\u0105mon\u0117s, koki\u0173 \u201enesutarim\u0173&#8221; tarp j\u0173 kyla, kas yra kolektyvin\u0117 pas\u0105mon\u0117 ir kod\u0117l esame taip stipriai jos veikiami, kas yra m\u016bs\u0173 vidin\u0117s subasmenyb\u0117s ir kaip su jomis s\u0105veikauti.<\/p>\n<ul class=\"about-product d-none d-xl-block mt-4\">\n<li><strong>Autorius:<\/strong>\u00a0Oleksij Arestovy\u010d<\/li>\n<li><strong>Leid\u0117jas:<\/strong>\u00a0Vaga<\/li>\n<li><strong>Metai:<\/strong>\u00a02023<\/li>\n<li><strong>Puslapiai:<\/strong>\u00a0112<\/li>\n<li class=\"toggleable type-new-formats \"><strong>ISBN:<\/strong>\u00a09785415026760<\/li>\n<li class=\"toggleable type-new-formats \"><strong>Formatas:<\/strong>\u00a013,5 x 20,5 x 1,5 cm, kieti vir\u0161eliai<\/li>\n<li><strong>Kalba:<\/strong>\u00a0Lietuvi\u0173<\/li>\n<li><strong>Vert\u0117jas:<\/strong>\u00a0Donata Rinkevi\u010dien\u0117<\/li>\n<\/ul>\n","protected":false},"excerpt":{"rendered":"<p>\u201eNaujasis teatras ne\u012fmanomas be atkaklaus darbo suvokiant\u00a0\u017emogaus fenomen\u0105\u00a0kaip tok\u012f, t. y. neperformuluojant nauju lygiu klausim\u0173, kuriuos sau k\u0117l\u0117 pradinis antikinis teatras. \u0160iuo atveju pa\u017einimo subjektas yra \u017emogaus\u00a0\u201eA\u0161&#8221;, jo \u012frankis \u2013 \u017emogaus\u00a0psichika, o jo objektas \u2013 \u017emogaus\u00a0Vidinis Pasaulis, \u012fskaitant t\u0105 jo dal\u012f, kuri yra tiesiogiai susijusi su i\u0161oriniu pasauliu.&#8221; \u201eIki \u0161iol neatsirado naujojo Hamleto, ta\u010diau senojo \u201einterpretacij\u0173&#8221; skai\u010dius perkopia visas \u012fmanomas ribas. Bet Hamletas \u2013 fenomenas, o jo \u201einterpretavimas&#8221; \u2013 tai konvejeris.&#8221; \u201eSenasis teatras pavargo nuo sav\u0119s ir ne\u012fsteng\u0117 per\u017eengti t\u016bkstantme\u010di\u0173 rib\u0173. Teatras neb\u0117ra misterija \u2013 tai savoti\u0161ka pramogos r\u016b\u0161is, o tokio teatro aktoriai tapo \u201epadav\u0117jais sielai&#8221;. Mes \u017ei\u016brime spektakl\u012f, plojame, \u017eiovaujame, i\u0161einame ir paprastai netrukus pamir\u0161tame, k\u0105 mat\u0117me.&#8221; \u201eKyla klausimas, koks pagaliau teatras gali tapti naujosios eros teatru? Kaip i\u0161vengti to, apie k\u0105 kadaise kalb\u0117jo Stanislavskis: \u201eLabiausiai neken\u010diu teatro teatre&#8221;?&#8221; Tai tik keletas tem\u0173 ir klausim\u0173, kuriuos\u00a0Oleksijus Arestovy\u010dius\u00a0pateikia savo knygoje\u00a0\u201eCheirono ab\u0117c\u0117l\u0117&#8221;. Skaitytojas susipa\u017eins su improvizacijos (gyvojo) teatro ypatyb\u0117mis, suvoks, su kokiais i\u0161\u0161\u016bkiais susiduria improvizacijos teatro aktorius, taip pat gaus puiki\u0105 prog\u0105 ne tik paanalizuoti save, bet ir suprasti, koks yra ry\u0161ys tarp s\u0105mon\u0117s ir pas\u0105mon\u0117s, koki\u0173 \u201enesutarim\u0173&#8221; tarp j\u0173 kyla, kas yra kolektyvin\u0117 pas\u0105mon\u0117 ir kod\u0117l esame taip stipriai jos veikiami, kas yra m\u016bs\u0173 vidin\u0117s subasmenyb\u0117s ir kaip su jomis s\u0105veikauti. Autorius:\u00a0Oleksij Arestovy\u010d Leid\u0117jas:\u00a0Vaga Metai:\u00a02023 Puslapiai:\u00a0112 ISBN:\u00a09785415026760 Formatas:\u00a013,5 x 20,5 x 1,5 cm, kieti vir\u0161eliai Kalba:\u00a0Lietuvi\u0173 Vert\u0117jas:\u00a0Donata Rinkevi\u010dien\u0117<\/p>\n","protected":false},"featured_media":15512,"comment_status":"open","ping_status":"closed","template":"","meta":{"_acf_changed":false,"site-sidebar-layout":"default","site-content-layout":"","ast-site-content-layout":"default","site-content-style":"default","site-sidebar-style":"default","ast-global-header-display":"","ast-banner-title-visibility":"","ast-main-header-display":"","ast-hfb-above-header-display":"","ast-hfb-below-header-display":"","ast-hfb-mobile-header-display":"","site-post-title":"","ast-breadcrumbs-content":"","ast-featured-img":"","footer-sml-layout":"","ast-disable-related-posts":"","theme-transparent-header-meta":"default","adv-header-id-meta":"","stick-header-meta":"","header-above-stick-meta":"","header-main-stick-meta":"","header-below-stick-meta":"","astra-migrate-meta-layouts":"set","ast-page-background-enabled":"default","ast-page-background-meta":{"desktop":{"background-color":"","background-image":"","background-repeat":"repeat","background-position":"center center","background-size":"auto","background-attachment":"scroll","background-type":"","background-media":"","overlay-type":"","overlay-color":"","overlay-opacity":"","overlay-gradient":""},"tablet":{"background-color":"","background-image":"","background-repeat":"repeat","background-position":"center center","background-size":"auto","background-attachment":"scroll","background-type":"","background-media":"","overlay-type":"","overlay-color":"","overlay-opacity":"","overlay-gradient":""},"mobile":{"background-color":"","background-image":"","background-repeat":"repeat","background-position":"center center","background-size":"auto","background-attachment":"scroll","background-type":"","background-media":"","overlay-type":"","overlay-color":"","overlay-opacity":"","overlay-gradient":""}},"ast-content-background-meta":{"desktop":{"background-color":"var(--ast-global-color-4)","background-image":"","background-repeat":"repeat","background-position":"center center","background-size":"auto","background-attachment":"scroll","background-type":"","background-media":"","overlay-type":"","overlay-color":"","overlay-opacity":"","overlay-gradient":""},"tablet":{"background-color":"var(--ast-global-color-4)","background-image":"","background-repeat":"repeat","background-position":"center center","background-size":"auto","background-attachment":"scroll","background-type":"","background-media":"","overlay-type":"","overlay-color":"","overlay-opacity":"","overlay-gradient":""},"mobile":{"background-color":"var(--ast-global-color-4)","background-image":"","background-repeat":"repeat","background-position":"center center","background-size":"auto","background-attachment":"scroll","background-type":"","background-media":"","overlay-type":"","overlay-color":"","overlay-opacity":"","overlay-gradient":""}}},"product_brand":[],"product_cat":[174,15],"product_tag":[],"class_list":{"0":"post-15472","1":"product","2":"type-product","3":"status-publish","4":"has-post-thumbnail","6":"product_cat-istorija-ir-politologija","7":"product_cat-uncategorized","8":"desktop-align-left","9":"tablet-align-left","10":"mobile-align-left","12":"first","13":"instock","14":"shipping-taxable","15":"purchasable","16":"product-type-simple"},"acf":[],"yoast_head":"<!-- This site is optimized with the Yoast SEO plugin v27.0 - https:\/\/yoast.com\/product\/yoast-seo-wordpress\/ -->\n<title>Cheirono ab\u0117c\u0117l\u0117. Improvizacin\u0117s dramos prad\u017eiamokslis<\/title>\n<meta name=\"description\" content=\"\u201eNaujasis teatras ne\u012fmanomas be atkaklaus darbo suvokiant\u00a0\u017emogaus fenomen\u0105\u00a0kaip tok\u012f, t. y. neperformuluojant nauju lygiu klausim\u0173, kuriuos sau k\u0117l\u0117\" \/>\n<meta name=\"robots\" content=\"index, follow, max-snippet:-1, max-image-preview:large, max-video-preview:-1\" \/>\n<link rel=\"canonical\" href=\"https:\/\/skaitytaknyga.lt\/en\/produktas\/cheirono-abecele-improvizacines-dramos-pradziamokslis\/\" \/>\n<meta property=\"og:locale\" content=\"en_GB\" \/>\n<meta property=\"og:locale:alternate\" content=\"lt_LT\" \/>\n<meta property=\"og:type\" content=\"article\" \/>\n<meta property=\"og:title\" content=\"Cheirono ab\u0117c\u0117l\u0117. Improvizacin\u0117s dramos prad\u017eiamokslis\" \/>\n<meta property=\"og:description\" content=\"\u201eNaujasis teatras ne\u012fmanomas be atkaklaus darbo suvokiant\u00a0\u017emogaus fenomen\u0105\u00a0kaip tok\u012f, t. y. neperformuluojant nauju lygiu klausim\u0173, kuriuos sau k\u0117l\u0117\" \/>\n<meta property=\"og:url\" content=\"https:\/\/skaitytaknyga.lt\/en\/produktas\/cheirono-abecele-improvizacines-dramos-pradziamokslis\/\" \/>\n<meta property=\"og:site_name\" content=\"Skaitytaknyga\" \/>\n<meta property=\"article:publisher\" content=\"https:\/\/www.facebook.com\/skaitytaknyga\/\" \/>\n<meta property=\"article:modified_time\" content=\"2024-12-19T05:58:30+00:00\" \/>\n<meta property=\"og:image\" content=\"https:\/\/skaitytaknyga.lt\/wp-content\/uploads\/2024\/12\/Cheirono-abecele.-Improvizacines-dramos-pradziamokslis.webp\" \/>\n\t<meta property=\"og:image:width\" content=\"534\" \/>\n\t<meta property=\"og:image:height\" content=\"800\" \/>\n\t<meta property=\"og:image:type\" content=\"image\/webp\" \/>\n<meta name=\"twitter:card\" content=\"summary_large_image\" \/>\n<meta name=\"twitter:label1\" content=\"Estimated reading time\" \/>\n\t<meta name=\"twitter:data1\" content=\"2 minutes\" \/>\n<script type=\"application\/ld+json\" class=\"yoast-schema-graph\">{\"@context\":\"https:\/\/schema.org\",\"@graph\":[{\"@type\":\"WebPage\",\"@id\":\"https:\/\/skaitytaknyga.lt\/produktas\/cheirono-abecele-improvizacines-dramos-pradziamokslis\/\",\"url\":\"https:\/\/skaitytaknyga.lt\/produktas\/cheirono-abecele-improvizacines-dramos-pradziamokslis\/\",\"name\":\"Cheirono ab\u0117c\u0117l\u0117. Improvizacin\u0117s dramos prad\u017eiamokslis\",\"isPartOf\":{\"@id\":\"https:\/\/skaitytaknyga.lt\/#website\"},\"primaryImageOfPage\":{\"@id\":\"https:\/\/skaitytaknyga.lt\/produktas\/cheirono-abecele-improvizacines-dramos-pradziamokslis\/#primaryimage\"},\"image\":{\"@id\":\"https:\/\/skaitytaknyga.lt\/produktas\/cheirono-abecele-improvizacines-dramos-pradziamokslis\/#primaryimage\"},\"thumbnailUrl\":\"https:\/\/skaitytaknyga.lt\/wp-content\/uploads\/2024\/12\/Cheirono-abecele.-Improvizacines-dramos-pradziamokslis.webp\",\"datePublished\":\"2024-12-17T12:15:33+00:00\",\"dateModified\":\"2024-12-19T05:58:30+00:00\",\"description\":\"\u201eNaujasis teatras ne\u012fmanomas be atkaklaus darbo suvokiant\u00a0\u017emogaus fenomen\u0105\u00a0kaip tok\u012f, t. y. neperformuluojant nauju lygiu klausim\u0173, kuriuos sau k\u0117l\u0117\",\"breadcrumb\":{\"@id\":\"https:\/\/skaitytaknyga.lt\/produktas\/cheirono-abecele-improvizacines-dramos-pradziamokslis\/#breadcrumb\"},\"inLanguage\":\"en-GB\",\"potentialAction\":[{\"@type\":\"ReadAction\",\"target\":[\"https:\/\/skaitytaknyga.lt\/produktas\/cheirono-abecele-improvizacines-dramos-pradziamokslis\/\"]}]},{\"@type\":\"ImageObject\",\"inLanguage\":\"en-GB\",\"@id\":\"https:\/\/skaitytaknyga.lt\/produktas\/cheirono-abecele-improvizacines-dramos-pradziamokslis\/#primaryimage\",\"url\":\"https:\/\/skaitytaknyga.lt\/wp-content\/uploads\/2024\/12\/Cheirono-abecele.-Improvizacines-dramos-pradziamokslis.webp\",\"contentUrl\":\"https:\/\/skaitytaknyga.lt\/wp-content\/uploads\/2024\/12\/Cheirono-abecele.-Improvizacines-dramos-pradziamokslis.webp\",\"width\":534,\"height\":800,\"caption\":\"Cheirono ab\u0117c\u0117l\u0117. Improvizacin\u0117s dramos prad\u017eiamokslis\"},{\"@type\":\"BreadcrumbList\",\"@id\":\"https:\/\/skaitytaknyga.lt\/produktas\/cheirono-abecele-improvizacines-dramos-pradziamokslis\/#breadcrumb\",\"itemListElement\":[{\"@type\":\"ListItem\",\"position\":1,\"name\":\"Home\",\"item\":\"https:\/\/skaitytaknyga.lt\/\"},{\"@type\":\"ListItem\",\"position\":2,\"name\":\"Parduotuv\u0117\",\"item\":\"https:\/\/skaitytaknyga.lt\/knygu-parduotuve\/\"},{\"@type\":\"ListItem\",\"position\":3,\"name\":\"Cheirono ab\u0117c\u0117l\u0117. Improvizacin\u0117s dramos prad\u017eiamokslis\"}]},{\"@type\":\"WebSite\",\"@id\":\"https:\/\/skaitytaknyga.lt\/#website\",\"url\":\"https:\/\/skaitytaknyga.lt\/\",\"name\":\"skaitytaknyga.lt\",\"description\":\"Skaitytaknyga.lt \u2013 tai ma\u017eas \u0161eimos verslas, kuris prasid\u0117jo nuo meil\u0117s knygoms ir siekio i\u0161gelb\u0117ti knygas nuo likimo prie konteinerio. Kas vienam nereikalingas daiktas \u2013 kitam lobis, o mes esame tarpininkai, kurie padeda abiems tapti laimingesniems ???? \u017dinome kaip nelengva i\u0161gyventi ma\u017eiems verslams, tad nuo \u0161iol, \u010dia rasite ir kit\u0173, ma\u017e\u0173 \u0161eim\u0173 versl\u0173, rank\u0173 darbo, dovan\u0173 sau ir artimiesiems.\",\"publisher\":{\"@id\":\"https:\/\/skaitytaknyga.lt\/#organization\"},\"potentialAction\":[{\"@type\":\"SearchAction\",\"target\":{\"@type\":\"EntryPoint\",\"urlTemplate\":\"https:\/\/skaitytaknyga.lt\/?s={search_term_string}\"},\"query-input\":{\"@type\":\"PropertyValueSpecification\",\"valueRequired\":true,\"valueName\":\"search_term_string\"}}],\"inLanguage\":\"en-GB\"},{\"@type\":\"Organization\",\"@id\":\"https:\/\/skaitytaknyga.lt\/#organization\",\"name\":\"skaitytaknyga.lt\",\"url\":\"https:\/\/skaitytaknyga.lt\/\",\"logo\":{\"@type\":\"ImageObject\",\"inLanguage\":\"en-GB\",\"@id\":\"https:\/\/skaitytaknyga.lt\/#\/schema\/logo\/image\/\",\"url\":\"https:\/\/skaitytaknyga.lt\/wp-content\/uploads\/2024\/05\/cropped-cropped-cropped-02_00843_jt3bggkj1j3HLc7SyY6rEUpg.jpeg\",\"contentUrl\":\"https:\/\/skaitytaknyga.lt\/wp-content\/uploads\/2024\/05\/cropped-cropped-cropped-02_00843_jt3bggkj1j3HLc7SyY6rEUpg.jpeg\",\"width\":1600,\"height\":1600,\"caption\":\"skaitytaknyga.lt\"},\"image\":{\"@id\":\"https:\/\/skaitytaknyga.lt\/#\/schema\/logo\/image\/\"},\"sameAs\":[\"https:\/\/www.facebook.com\/skaitytaknyga\/\"]}]}<\/script>\n<!-- \/ Yoast SEO plugin. -->","yoast_head_json":{"title":"Cheirono ab\u0117c\u0117l\u0117. Improvizacin\u0117s dramos prad\u017eiamokslis","description":"\u201eNaujasis teatras ne\u012fmanomas be atkaklaus darbo suvokiant\u00a0\u017emogaus fenomen\u0105\u00a0kaip tok\u012f, t. y. neperformuluojant nauju lygiu klausim\u0173, kuriuos sau k\u0117l\u0117","robots":{"index":"index","follow":"follow","max-snippet":"max-snippet:-1","max-image-preview":"max-image-preview:large","max-video-preview":"max-video-preview:-1"},"canonical":"https:\/\/skaitytaknyga.lt\/en\/produktas\/cheirono-abecele-improvizacines-dramos-pradziamokslis\/","og_locale":"en_GB","og_type":"article","og_title":"[:lt]Cheirono ab\u0117c\u0117l\u0117. Improvizacin\u0117s dramos prad\u017eiamokslis[:] - Skaitytaknyga","og_description":"\u201eNaujasis teatras ne\u012fmanomas be atkaklaus darbo suvokiant\u00a0\u017emogaus fenomen\u0105\u00a0kaip tok\u012f, t. y. neperformuluojant nauju lygiu klausim\u0173, kuriuos sau k\u0117l\u0117","og_url":"https:\/\/skaitytaknyga.lt\/en\/produktas\/cheirono-abecele-improvizacines-dramos-pradziamokslis\/","og_site_name":"Skaitytaknyga","article_publisher":"https:\/\/www.facebook.com\/skaitytaknyga\/","article_modified_time":"2024-12-19T05:58:30+00:00","og_image":[{"width":534,"height":800,"url":"https:\/\/skaitytaknyga.lt\/wp-content\/uploads\/2024\/12\/Cheirono-abecele.-Improvizacines-dramos-pradziamokslis.webp","type":"image\/webp"}],"twitter_card":"summary_large_image","twitter_misc":{"Estimated reading time":"2 minutes"},"schema":{"@context":"https:\/\/schema.org","@graph":[{"@type":"WebPage","@id":"https:\/\/skaitytaknyga.lt\/produktas\/cheirono-abecele-improvizacines-dramos-pradziamokslis\/","url":"https:\/\/skaitytaknyga.lt\/produktas\/cheirono-abecele-improvizacines-dramos-pradziamokslis\/","name":"Cheirono ab\u0117c\u0117l\u0117. Improvizacin\u0117s dramos prad\u017eiamokslis","isPartOf":{"@id":"https:\/\/skaitytaknyga.lt\/#website"},"primaryImageOfPage":{"@id":"https:\/\/skaitytaknyga.lt\/produktas\/cheirono-abecele-improvizacines-dramos-pradziamokslis\/#primaryimage"},"image":{"@id":"https:\/\/skaitytaknyga.lt\/produktas\/cheirono-abecele-improvizacines-dramos-pradziamokslis\/#primaryimage"},"thumbnailUrl":"https:\/\/skaitytaknyga.lt\/wp-content\/uploads\/2024\/12\/Cheirono-abecele.-Improvizacines-dramos-pradziamokslis.webp","datePublished":"2024-12-17T12:15:33+00:00","dateModified":"2024-12-19T05:58:30+00:00","description":"\u201eNaujasis teatras ne\u012fmanomas be atkaklaus darbo suvokiant\u00a0\u017emogaus fenomen\u0105\u00a0kaip tok\u012f, t. y. neperformuluojant nauju lygiu klausim\u0173, kuriuos sau k\u0117l\u0117","breadcrumb":{"@id":"https:\/\/skaitytaknyga.lt\/produktas\/cheirono-abecele-improvizacines-dramos-pradziamokslis\/#breadcrumb"},"inLanguage":"en-GB","potentialAction":[{"@type":"ReadAction","target":["https:\/\/skaitytaknyga.lt\/produktas\/cheirono-abecele-improvizacines-dramos-pradziamokslis\/"]}]},{"@type":"ImageObject","inLanguage":"en-GB","@id":"https:\/\/skaitytaknyga.lt\/produktas\/cheirono-abecele-improvizacines-dramos-pradziamokslis\/#primaryimage","url":"https:\/\/skaitytaknyga.lt\/wp-content\/uploads\/2024\/12\/Cheirono-abecele.-Improvizacines-dramos-pradziamokslis.webp","contentUrl":"https:\/\/skaitytaknyga.lt\/wp-content\/uploads\/2024\/12\/Cheirono-abecele.-Improvizacines-dramos-pradziamokslis.webp","width":534,"height":800,"caption":"Cheirono ab\u0117c\u0117l\u0117. Improvizacin\u0117s dramos prad\u017eiamokslis"},{"@type":"BreadcrumbList","@id":"https:\/\/skaitytaknyga.lt\/produktas\/cheirono-abecele-improvizacines-dramos-pradziamokslis\/#breadcrumb","itemListElement":[{"@type":"ListItem","position":1,"name":"Home","item":"https:\/\/skaitytaknyga.lt\/"},{"@type":"ListItem","position":2,"name":"Parduotuv\u0117","item":"https:\/\/skaitytaknyga.lt\/knygu-parduotuve\/"},{"@type":"ListItem","position":3,"name":"Cheirono ab\u0117c\u0117l\u0117. Improvizacin\u0117s dramos prad\u017eiamokslis"}]},{"@type":"WebSite","@id":"https:\/\/skaitytaknyga.lt\/#website","url":"https:\/\/skaitytaknyga.lt\/","name":"skaitytaknyga.lt","description":"Skaitytaknyga.lt \u2013 tai ma\u017eas \u0161eimos verslas, kuris prasid\u0117jo nuo meil\u0117s knygoms ir siekio i\u0161gelb\u0117ti knygas nuo likimo prie konteinerio. Kas vienam nereikalingas daiktas \u2013 kitam lobis, o mes esame tarpininkai, kurie padeda abiems tapti laimingesniems ???? \u017dinome kaip nelengva i\u0161gyventi ma\u017eiems verslams, tad nuo \u0161iol, \u010dia rasite ir kit\u0173, ma\u017e\u0173 \u0161eim\u0173 versl\u0173, rank\u0173 darbo, dovan\u0173 sau ir artimiesiems.","publisher":{"@id":"https:\/\/skaitytaknyga.lt\/#organization"},"potentialAction":[{"@type":"SearchAction","target":{"@type":"EntryPoint","urlTemplate":"https:\/\/skaitytaknyga.lt\/?s={search_term_string}"},"query-input":{"@type":"PropertyValueSpecification","valueRequired":true,"valueName":"search_term_string"}}],"inLanguage":"en-GB"},{"@type":"Organization","@id":"https:\/\/skaitytaknyga.lt\/#organization","name":"skaitytaknyga.lt","url":"https:\/\/skaitytaknyga.lt\/","logo":{"@type":"ImageObject","inLanguage":"en-GB","@id":"https:\/\/skaitytaknyga.lt\/#\/schema\/logo\/image\/","url":"https:\/\/skaitytaknyga.lt\/wp-content\/uploads\/2024\/05\/cropped-cropped-cropped-02_00843_jt3bggkj1j3HLc7SyY6rEUpg.jpeg","contentUrl":"https:\/\/skaitytaknyga.lt\/wp-content\/uploads\/2024\/05\/cropped-cropped-cropped-02_00843_jt3bggkj1j3HLc7SyY6rEUpg.jpeg","width":1600,"height":1600,"caption":"skaitytaknyga.lt"},"image":{"@id":"https:\/\/skaitytaknyga.lt\/#\/schema\/logo\/image\/"},"sameAs":["https:\/\/www.facebook.com\/skaitytaknyga\/"]}]}},"_links":{"self":[{"href":"https:\/\/skaitytaknyga.lt\/en\/wp-json\/wp\/v2\/product\/15472","targetHints":{"allow":["GET"]}}],"collection":[{"href":"https:\/\/skaitytaknyga.lt\/en\/wp-json\/wp\/v2\/product"}],"about":[{"href":"https:\/\/skaitytaknyga.lt\/en\/wp-json\/wp\/v2\/types\/product"}],"replies":[{"embeddable":true,"href":"https:\/\/skaitytaknyga.lt\/en\/wp-json\/wp\/v2\/comments?post=15472"}],"wp:featuredmedia":[{"embeddable":true,"href":"https:\/\/skaitytaknyga.lt\/en\/wp-json\/wp\/v2\/media\/15512"}],"wp:attachment":[{"href":"https:\/\/skaitytaknyga.lt\/en\/wp-json\/wp\/v2\/media?parent=15472"}],"wp:term":[{"taxonomy":"product_brand","embeddable":true,"href":"https:\/\/skaitytaknyga.lt\/en\/wp-json\/wp\/v2\/product_brand?post=15472"},{"taxonomy":"product_cat","embeddable":true,"href":"https:\/\/skaitytaknyga.lt\/en\/wp-json\/wp\/v2\/product_cat?post=15472"},{"taxonomy":"product_tag","embeddable":true,"href":"https:\/\/skaitytaknyga.lt\/en\/wp-json\/wp\/v2\/product_tag?post=15472"}],"curies":[{"name":"wp","href":"https:\/\/api.w.org\/{rel}","templated":true}]}}