{"id":15471,"date":"2024-12-17T14:15:33","date_gmt":"2024-12-17T12:15:33","guid":{"rendered":"https:\/\/skaitytaknyga.lt\/?post_type=product&#038;p=15471"},"modified":"2025-05-12T14:05:56","modified_gmt":"2025-05-12T11:05:56","slug":"buk-ne-tobulas-o-laimingas","status":"publish","type":"product","link":"https:\/\/skaitytaknyga.lt\/en\/produktas\/buk-ne-tobulas-o-laimingas\/","title":{"rendered":"B\u016bk ne tobulas, o laimingas"},"content":{"rendered":"<p><em>Tau nereikia siekti tobulyb\u0117s, nereikia nieko idealizuoti. Tau tereikia sekti tais \u017emon\u0117mis, kurie ry\u017eosi akistatai su savimi ir savo gyvenimu. Ilgainiui tu pamatysi, kad, nustoj\u0119s stengtis bet kuria kaina tobul\u0117ti, pasikeisi savaime.<\/em><\/p>\n<p><strong>Mark Van Buren<\/strong>\u00a0(Markas Van Burenas) \u2013 s\u0105moningumo (mindfulness) mokytojas, muzikantas, asmenyb\u0117s treneris, ra\u0161antis straipsnius apie meditacij\u0105 ir nuolatos vadovaujantis k\u016brybin\u0117ms dirbtuv\u0117ms bei retritams. Knyga\u00a0<strong>\u201eB\u016bk ne tobulas, o laimingas&#8221;<\/strong>\u00a0\u2013 vadovas tiems, kurie nepraktikuoja budizmo ar kitos religijos, neturi meditacijos \u012fg\u016bd\u017ei\u0173, ta\u010diau savo gyvenime vis tiek nori atrasti ramyb\u0119 ir lengvum\u0105.<\/p>\n<p>Pripa\u017einkime: mums niekada neu\u017etenka to, kas mes esame ir k\u0105 turime. To negana, pasistenk labiau. Dar labiau! \u2013 \u0161is niekuomet nenutylantis vidinis balsas tikriausiai pa\u017e\u012fstamas daugeliui. Ir mes stengiam\u0117s i\u0161 vis\u0173 j\u0117g\u0173, skubame, vejam\u0117s t\u0105 akimirk\u0105, kai gal\u0117sime pasakyti: \u0161tai ji, laim\u0117. Bet jeigu tas pa\u010dias aplinkybes, i\u0161 kuri\u0173 mes nuolat stengiam\u0117s pab\u0117gti, i\u0161naudotume savo viduje slypin\u010dios ramyb\u0117s paie\u0161koms? Tik kaip? Atsakymai \u2013 \u0161ioje knygoje.<\/p>\n<p><strong>\u201eB\u016bk ne tobulas, o laimingas&#8221;<\/strong>\u00a0parodys jums, kaip rasti vidin\u0119 ramyb\u0119 ir laim\u0119. Autorius nenuobod\u017eiai, i\u0161mintingai ir su \u0161velniu humoru parodo, kad visk\u0105, k\u0105 jums suteikia gyvenimas, galima panaudoti u\u017euojautai, i\u0161min\u010diai ir meilei gausinti. Skaitydami suprasite, kas i\u0161 ties\u0173 esate, ir i\u0161moksite priimti ir pamilti tikr\u0105 save.<\/p>\n<p>Jei manote, kad laimingi tapsite tik tuomet, kai pasieksite tobulyb\u0119 (tai yra niekada) \u2013 j\u016bs labai klystate. Mark Van Buren savo pavyzd\u017eiu ai\u0161kiai parodo, kad laim\u0117 \u012fmanoma \u010dia ir dabar.<\/p>\n<ul class=\"about-product d-none d-xl-block mt-4\">\n<li><strong>Originalus pavadinimas:<\/strong>\u00a0A FOOL&#8217;S GUIDE TO ACTUAL HAPPINESS<\/li>\n<li><strong>Autorius:<\/strong>\u00a0Mark Van Buren<\/li>\n<li><strong>Leid\u0117jas:<\/strong>\u00a0Tyto alba<\/li>\n<li><strong>Metai:<\/strong>\u00a02020<\/li>\n<li><strong>Puslapiai:<\/strong>\u00a0184<\/li>\n<li class=\"toggleable type-new-formats \"><strong>ISBN:<\/strong>\u00a09786094664939<\/li>\n<li><strong>Versijos kodas:<\/strong>\u00a0PT.<\/li>\n<li class=\"toggleable type-new-formats \"><strong>Formatas:<\/strong>\u00a013,2 x 20,6 x 1,8 cm, kieti vir\u0161eliai<\/li>\n<li><strong>Kalba:<\/strong>\u00a0Lietuvi\u0173<\/li>\n<li><strong>Vert\u0117jas:<\/strong>\u00a0J\u016brat\u0117 Lamprecht<\/li>\n<\/ul>\n","protected":false},"excerpt":{"rendered":"<p>Tau nereikia siekti tobulyb\u0117s, nereikia nieko idealizuoti. Tau tereikia sekti tais \u017emon\u0117mis, kurie ry\u017eosi akistatai su savimi ir savo gyvenimu. Ilgainiui tu pamatysi, kad, nustoj\u0119s stengtis bet kuria kaina tobul\u0117ti, pasikeisi savaime. Mark Van Buren\u00a0(Markas Van Burenas) \u2013 s\u0105moningumo (mindfulness) mokytojas, muzikantas, asmenyb\u0117s treneris, ra\u0161antis straipsnius apie meditacij\u0105 ir nuolatos vadovaujantis k\u016brybin\u0117ms dirbtuv\u0117ms bei retritams. Knyga\u00a0\u201eB\u016bk ne tobulas, o laimingas&#8221;\u00a0\u2013 vadovas tiems, kurie nepraktikuoja budizmo ar kitos religijos, neturi meditacijos \u012fg\u016bd\u017ei\u0173, ta\u010diau savo gyvenime vis tiek nori atrasti ramyb\u0119 ir lengvum\u0105. Pripa\u017einkime: mums niekada neu\u017etenka to, kas mes esame ir k\u0105 turime. To negana, pasistenk labiau. Dar labiau! \u2013 \u0161is niekuomet nenutylantis vidinis balsas tikriausiai pa\u017e\u012fstamas daugeliui. Ir mes stengiam\u0117s i\u0161 vis\u0173 j\u0117g\u0173, skubame, vejam\u0117s t\u0105 akimirk\u0105, kai gal\u0117sime pasakyti: \u0161tai ji, laim\u0117. Bet jeigu tas pa\u010dias aplinkybes, i\u0161 kuri\u0173 mes nuolat stengiam\u0117s pab\u0117gti, i\u0161naudotume savo viduje slypin\u010dios ramyb\u0117s paie\u0161koms? Tik kaip? Atsakymai \u2013 \u0161ioje knygoje. \u201eB\u016bk ne tobulas, o laimingas&#8221;\u00a0parodys jums, kaip rasti vidin\u0119 ramyb\u0119 ir laim\u0119. Autorius nenuobod\u017eiai, i\u0161mintingai ir su \u0161velniu humoru parodo, kad visk\u0105, k\u0105 jums suteikia gyvenimas, galima panaudoti u\u017euojautai, i\u0161min\u010diai ir meilei gausinti. Skaitydami suprasite, kas i\u0161 ties\u0173 esate, ir i\u0161moksite priimti ir pamilti tikr\u0105 save. Jei manote, kad laimingi tapsite tik tuomet, kai pasieksite tobulyb\u0119 (tai yra niekada) \u2013 j\u016bs labai klystate. Mark Van Buren savo pavyzd\u017eiu ai\u0161kiai parodo, kad laim\u0117 \u012fmanoma \u010dia ir dabar. Originalus pavadinimas:\u00a0A FOOL&#8217;S GUIDE TO ACTUAL HAPPINESS Autorius:\u00a0Mark Van Buren Leid\u0117jas:\u00a0Tyto alba Metai:\u00a02020 Puslapiai:\u00a0184 ISBN:\u00a09786094664939 Versijos kodas:\u00a0PT. Formatas:\u00a013,2 x 20,6 x 1,8 cm, kieti vir\u0161eliai Kalba:\u00a0Lietuvi\u0173 Vert\u0117jas:\u00a0J\u016brat\u0117 Lamprecht<\/p>\n","protected":false},"featured_media":15513,"comment_status":"open","ping_status":"closed","template":"","meta":{"_acf_changed":false,"site-sidebar-layout":"default","site-content-layout":"","ast-site-content-layout":"default","site-content-style":"default","site-sidebar-style":"default","ast-global-header-display":"","ast-banner-title-visibility":"","ast-main-header-display":"","ast-hfb-above-header-display":"","ast-hfb-below-header-display":"","ast-hfb-mobile-header-display":"","site-post-title":"","ast-breadcrumbs-content":"","ast-featured-img":"","footer-sml-layout":"","ast-disable-related-posts":"","theme-transparent-header-meta":"default","adv-header-id-meta":"","stick-header-meta":"","header-above-stick-meta":"","header-main-stick-meta":"","header-below-stick-meta":"","astra-migrate-meta-layouts":"set","ast-page-background-enabled":"default","ast-page-background-meta":{"desktop":{"background-color":"","background-image":"","background-repeat":"repeat","background-position":"center center","background-size":"auto","background-attachment":"scroll","background-type":"","background-media":"","overlay-type":"","overlay-color":"","overlay-opacity":"","overlay-gradient":""},"tablet":{"background-color":"","background-image":"","background-repeat":"repeat","background-position":"center center","background-size":"auto","background-attachment":"scroll","background-type":"","background-media":"","overlay-type":"","overlay-color":"","overlay-opacity":"","overlay-gradient":""},"mobile":{"background-color":"","background-image":"","background-repeat":"repeat","background-position":"center center","background-size":"auto","background-attachment":"scroll","background-type":"","background-media":"","overlay-type":"","overlay-color":"","overlay-opacity":"","overlay-gradient":""}},"ast-content-background-meta":{"desktop":{"background-color":"var(--ast-global-color-4)","background-image":"","background-repeat":"repeat","background-position":"center center","background-size":"auto","background-attachment":"scroll","background-type":"","background-media":"","overlay-type":"","overlay-color":"","overlay-opacity":"","overlay-gradient":""},"tablet":{"background-color":"var(--ast-global-color-4)","background-image":"","background-repeat":"repeat","background-position":"center center","background-size":"auto","background-attachment":"scroll","background-type":"","background-media":"","overlay-type":"","overlay-color":"","overlay-opacity":"","overlay-gradient":""},"mobile":{"background-color":"var(--ast-global-color-4)","background-image":"","background-repeat":"repeat","background-position":"center center","background-size":"auto","background-attachment":"scroll","background-type":"","background-media":"","overlay-type":"","overlay-color":"","overlay-opacity":"","overlay-gradient":""}}},"product_brand":[],"product_cat":[15,30],"product_tag":[1972,1969,1970,1967,1971,1968],"class_list":{"0":"post-15471","1":"product","2":"type-product","3":"status-publish","4":"has-post-thumbnail","6":"product_cat-uncategorized","7":"product_cat-psichologija-ir-saviugda","8":"product_tag-asmeninis-augimas","9":"product_tag-budizmas","10":"product_tag-laime","11":"product_tag-mark-van-buren","12":"product_tag-perfekcionizmas","13":"product_tag-samoningumas","14":"desktop-align-left","15":"tablet-align-left","16":"mobile-align-left","18":"first","19":"instock","20":"shipping-taxable","21":"purchasable","22":"product-type-simple"},"acf":[],"yoast_head":"<!-- This site is optimized with the Yoast SEO plugin v27.0 - https:\/\/yoast.com\/product\/yoast-seo-wordpress\/ -->\n<title>B\u016bk ne tobulas, o laimingas<\/title>\n<meta name=\"description\" content=\"Tau nereikia siekti tobulyb\u0117s, nereikia nieko idealizuoti. Tau tereikia sekti tais \u017emon\u0117mis, kurie ry\u017eosi akistatai su savimi ir savo gyvenimu. Ilgainiui\" \/>\n<meta name=\"robots\" content=\"index, follow, max-snippet:-1, max-image-preview:large, max-video-preview:-1\" \/>\n<link rel=\"canonical\" href=\"https:\/\/skaitytaknyga.lt\/en\/produktas\/buk-ne-tobulas-o-laimingas\/\" \/>\n<meta property=\"og:locale\" content=\"en_GB\" \/>\n<meta property=\"og:locale:alternate\" content=\"lt_LT\" \/>\n<meta property=\"og:type\" content=\"article\" \/>\n<meta property=\"og:title\" content=\"B\u016bk ne tobulas, o laimingas\" \/>\n<meta property=\"og:description\" content=\"Tau nereikia siekti tobulyb\u0117s, nereikia nieko idealizuoti. Tau tereikia sekti tais \u017emon\u0117mis, kurie ry\u017eosi akistatai su savimi ir savo gyvenimu. Ilgainiui\" \/>\n<meta property=\"og:url\" content=\"https:\/\/skaitytaknyga.lt\/en\/produktas\/buk-ne-tobulas-o-laimingas\/\" \/>\n<meta property=\"og:site_name\" content=\"Skaitytaknyga\" \/>\n<meta property=\"article:publisher\" content=\"https:\/\/www.facebook.com\/skaitytaknyga\/\" \/>\n<meta property=\"article:modified_time\" content=\"2025-05-12T11:05:56+00:00\" \/>\n<meta property=\"og:image\" content=\"https:\/\/skaitytaknyga.lt\/wp-content\/uploads\/2024\/12\/Buk-ne-tobulas-o-laimingas.webp\" \/>\n\t<meta property=\"og:image:width\" content=\"533\" \/>\n\t<meta property=\"og:image:height\" content=\"800\" \/>\n\t<meta property=\"og:image:type\" content=\"image\/webp\" \/>\n<meta name=\"twitter:card\" content=\"summary_large_image\" \/>\n<meta name=\"twitter:label1\" content=\"Estimated reading time\" \/>\n\t<meta name=\"twitter:data1\" content=\"2 minutes\" \/>\n<script type=\"application\/ld+json\" class=\"yoast-schema-graph\">{\"@context\":\"https:\/\/schema.org\",\"@graph\":[{\"@type\":\"WebPage\",\"@id\":\"https:\/\/skaitytaknyga.lt\/produktas\/buk-ne-tobulas-o-laimingas\/\",\"url\":\"https:\/\/skaitytaknyga.lt\/produktas\/buk-ne-tobulas-o-laimingas\/\",\"name\":\"B\u016bk ne tobulas, o laimingas\",\"isPartOf\":{\"@id\":\"https:\/\/skaitytaknyga.lt\/#website\"},\"primaryImageOfPage\":{\"@id\":\"https:\/\/skaitytaknyga.lt\/produktas\/buk-ne-tobulas-o-laimingas\/#primaryimage\"},\"image\":{\"@id\":\"https:\/\/skaitytaknyga.lt\/produktas\/buk-ne-tobulas-o-laimingas\/#primaryimage\"},\"thumbnailUrl\":\"https:\/\/skaitytaknyga.lt\/wp-content\/uploads\/2024\/12\/Buk-ne-tobulas-o-laimingas.webp\",\"datePublished\":\"2024-12-17T12:15:33+00:00\",\"dateModified\":\"2025-05-12T11:05:56+00:00\",\"description\":\"Tau nereikia siekti tobulyb\u0117s, nereikia nieko idealizuoti. Tau tereikia sekti tais \u017emon\u0117mis, kurie ry\u017eosi akistatai su savimi ir savo gyvenimu. Ilgainiui\",\"breadcrumb\":{\"@id\":\"https:\/\/skaitytaknyga.lt\/produktas\/buk-ne-tobulas-o-laimingas\/#breadcrumb\"},\"inLanguage\":\"en-GB\",\"potentialAction\":[{\"@type\":\"ReadAction\",\"target\":[\"https:\/\/skaitytaknyga.lt\/produktas\/buk-ne-tobulas-o-laimingas\/\"]}]},{\"@type\":\"ImageObject\",\"inLanguage\":\"en-GB\",\"@id\":\"https:\/\/skaitytaknyga.lt\/produktas\/buk-ne-tobulas-o-laimingas\/#primaryimage\",\"url\":\"https:\/\/skaitytaknyga.lt\/wp-content\/uploads\/2024\/12\/Buk-ne-tobulas-o-laimingas.webp\",\"contentUrl\":\"https:\/\/skaitytaknyga.lt\/wp-content\/uploads\/2024\/12\/Buk-ne-tobulas-o-laimingas.webp\",\"width\":533,\"height\":800,\"caption\":\"B\u016bk ne tobulas, o laimingas\"},{\"@type\":\"BreadcrumbList\",\"@id\":\"https:\/\/skaitytaknyga.lt\/produktas\/buk-ne-tobulas-o-laimingas\/#breadcrumb\",\"itemListElement\":[{\"@type\":\"ListItem\",\"position\":1,\"name\":\"Home\",\"item\":\"https:\/\/skaitytaknyga.lt\/\"},{\"@type\":\"ListItem\",\"position\":2,\"name\":\"Parduotuv\u0117\",\"item\":\"https:\/\/skaitytaknyga.lt\/knygu-parduotuve\/\"},{\"@type\":\"ListItem\",\"position\":3,\"name\":\"B\u016bk ne tobulas, o laimingas\"}]},{\"@type\":\"WebSite\",\"@id\":\"https:\/\/skaitytaknyga.lt\/#website\",\"url\":\"https:\/\/skaitytaknyga.lt\/\",\"name\":\"skaitytaknyga.lt\",\"description\":\"Skaitytaknyga.lt \u2013 tai ma\u017eas \u0161eimos verslas, kuris prasid\u0117jo nuo meil\u0117s knygoms ir siekio i\u0161gelb\u0117ti knygas nuo likimo prie konteinerio. Kas vienam nereikalingas daiktas \u2013 kitam lobis, o mes esame tarpininkai, kurie padeda abiems tapti laimingesniems ???? \u017dinome kaip nelengva i\u0161gyventi ma\u017eiems verslams, tad nuo \u0161iol, \u010dia rasite ir kit\u0173, ma\u017e\u0173 \u0161eim\u0173 versl\u0173, rank\u0173 darbo, dovan\u0173 sau ir artimiesiems.\",\"publisher\":{\"@id\":\"https:\/\/skaitytaknyga.lt\/#organization\"},\"potentialAction\":[{\"@type\":\"SearchAction\",\"target\":{\"@type\":\"EntryPoint\",\"urlTemplate\":\"https:\/\/skaitytaknyga.lt\/?s={search_term_string}\"},\"query-input\":{\"@type\":\"PropertyValueSpecification\",\"valueRequired\":true,\"valueName\":\"search_term_string\"}}],\"inLanguage\":\"en-GB\"},{\"@type\":\"Organization\",\"@id\":\"https:\/\/skaitytaknyga.lt\/#organization\",\"name\":\"skaitytaknyga.lt\",\"url\":\"https:\/\/skaitytaknyga.lt\/\",\"logo\":{\"@type\":\"ImageObject\",\"inLanguage\":\"en-GB\",\"@id\":\"https:\/\/skaitytaknyga.lt\/#\/schema\/logo\/image\/\",\"url\":\"https:\/\/skaitytaknyga.lt\/wp-content\/uploads\/2024\/05\/cropped-cropped-cropped-02_00843_jt3bggkj1j3HLc7SyY6rEUpg.jpeg\",\"contentUrl\":\"https:\/\/skaitytaknyga.lt\/wp-content\/uploads\/2024\/05\/cropped-cropped-cropped-02_00843_jt3bggkj1j3HLc7SyY6rEUpg.jpeg\",\"width\":1600,\"height\":1600,\"caption\":\"skaitytaknyga.lt\"},\"image\":{\"@id\":\"https:\/\/skaitytaknyga.lt\/#\/schema\/logo\/image\/\"},\"sameAs\":[\"https:\/\/www.facebook.com\/skaitytaknyga\/\"]}]}<\/script>\n<!-- \/ Yoast SEO plugin. -->","yoast_head_json":{"title":"B\u016bk ne tobulas, o laimingas","description":"Tau nereikia siekti tobulyb\u0117s, nereikia nieko idealizuoti. Tau tereikia sekti tais \u017emon\u0117mis, kurie ry\u017eosi akistatai su savimi ir savo gyvenimu. Ilgainiui","robots":{"index":"index","follow":"follow","max-snippet":"max-snippet:-1","max-image-preview":"max-image-preview:large","max-video-preview":"max-video-preview:-1"},"canonical":"https:\/\/skaitytaknyga.lt\/en\/produktas\/buk-ne-tobulas-o-laimingas\/","og_locale":"en_GB","og_type":"article","og_title":"[:lt]B\u016bk ne tobulas, o laimingas[:] - Skaitytaknyga","og_description":"Tau nereikia siekti tobulyb\u0117s, nereikia nieko idealizuoti. Tau tereikia sekti tais \u017emon\u0117mis, kurie ry\u017eosi akistatai su savimi ir savo gyvenimu. Ilgainiui","og_url":"https:\/\/skaitytaknyga.lt\/en\/produktas\/buk-ne-tobulas-o-laimingas\/","og_site_name":"Skaitytaknyga","article_publisher":"https:\/\/www.facebook.com\/skaitytaknyga\/","article_modified_time":"2025-05-12T11:05:56+00:00","og_image":[{"width":533,"height":800,"url":"https:\/\/skaitytaknyga.lt\/wp-content\/uploads\/2024\/12\/Buk-ne-tobulas-o-laimingas.webp","type":"image\/webp"}],"twitter_card":"summary_large_image","twitter_misc":{"Estimated reading time":"2 minutes"},"schema":{"@context":"https:\/\/schema.org","@graph":[{"@type":"WebPage","@id":"https:\/\/skaitytaknyga.lt\/produktas\/buk-ne-tobulas-o-laimingas\/","url":"https:\/\/skaitytaknyga.lt\/produktas\/buk-ne-tobulas-o-laimingas\/","name":"B\u016bk ne tobulas, o laimingas","isPartOf":{"@id":"https:\/\/skaitytaknyga.lt\/#website"},"primaryImageOfPage":{"@id":"https:\/\/skaitytaknyga.lt\/produktas\/buk-ne-tobulas-o-laimingas\/#primaryimage"},"image":{"@id":"https:\/\/skaitytaknyga.lt\/produktas\/buk-ne-tobulas-o-laimingas\/#primaryimage"},"thumbnailUrl":"https:\/\/skaitytaknyga.lt\/wp-content\/uploads\/2024\/12\/Buk-ne-tobulas-o-laimingas.webp","datePublished":"2024-12-17T12:15:33+00:00","dateModified":"2025-05-12T11:05:56+00:00","description":"Tau nereikia siekti tobulyb\u0117s, nereikia nieko idealizuoti. Tau tereikia sekti tais \u017emon\u0117mis, kurie ry\u017eosi akistatai su savimi ir savo gyvenimu. Ilgainiui","breadcrumb":{"@id":"https:\/\/skaitytaknyga.lt\/produktas\/buk-ne-tobulas-o-laimingas\/#breadcrumb"},"inLanguage":"en-GB","potentialAction":[{"@type":"ReadAction","target":["https:\/\/skaitytaknyga.lt\/produktas\/buk-ne-tobulas-o-laimingas\/"]}]},{"@type":"ImageObject","inLanguage":"en-GB","@id":"https:\/\/skaitytaknyga.lt\/produktas\/buk-ne-tobulas-o-laimingas\/#primaryimage","url":"https:\/\/skaitytaknyga.lt\/wp-content\/uploads\/2024\/12\/Buk-ne-tobulas-o-laimingas.webp","contentUrl":"https:\/\/skaitytaknyga.lt\/wp-content\/uploads\/2024\/12\/Buk-ne-tobulas-o-laimingas.webp","width":533,"height":800,"caption":"B\u016bk ne tobulas, o laimingas"},{"@type":"BreadcrumbList","@id":"https:\/\/skaitytaknyga.lt\/produktas\/buk-ne-tobulas-o-laimingas\/#breadcrumb","itemListElement":[{"@type":"ListItem","position":1,"name":"Home","item":"https:\/\/skaitytaknyga.lt\/"},{"@type":"ListItem","position":2,"name":"Parduotuv\u0117","item":"https:\/\/skaitytaknyga.lt\/knygu-parduotuve\/"},{"@type":"ListItem","position":3,"name":"B\u016bk ne tobulas, o laimingas"}]},{"@type":"WebSite","@id":"https:\/\/skaitytaknyga.lt\/#website","url":"https:\/\/skaitytaknyga.lt\/","name":"skaitytaknyga.lt","description":"Skaitytaknyga.lt \u2013 tai ma\u017eas \u0161eimos verslas, kuris prasid\u0117jo nuo meil\u0117s knygoms ir siekio i\u0161gelb\u0117ti knygas nuo likimo prie konteinerio. Kas vienam nereikalingas daiktas \u2013 kitam lobis, o mes esame tarpininkai, kurie padeda abiems tapti laimingesniems ???? \u017dinome kaip nelengva i\u0161gyventi ma\u017eiems verslams, tad nuo \u0161iol, \u010dia rasite ir kit\u0173, ma\u017e\u0173 \u0161eim\u0173 versl\u0173, rank\u0173 darbo, dovan\u0173 sau ir artimiesiems.","publisher":{"@id":"https:\/\/skaitytaknyga.lt\/#organization"},"potentialAction":[{"@type":"SearchAction","target":{"@type":"EntryPoint","urlTemplate":"https:\/\/skaitytaknyga.lt\/?s={search_term_string}"},"query-input":{"@type":"PropertyValueSpecification","valueRequired":true,"valueName":"search_term_string"}}],"inLanguage":"en-GB"},{"@type":"Organization","@id":"https:\/\/skaitytaknyga.lt\/#organization","name":"skaitytaknyga.lt","url":"https:\/\/skaitytaknyga.lt\/","logo":{"@type":"ImageObject","inLanguage":"en-GB","@id":"https:\/\/skaitytaknyga.lt\/#\/schema\/logo\/image\/","url":"https:\/\/skaitytaknyga.lt\/wp-content\/uploads\/2024\/05\/cropped-cropped-cropped-02_00843_jt3bggkj1j3HLc7SyY6rEUpg.jpeg","contentUrl":"https:\/\/skaitytaknyga.lt\/wp-content\/uploads\/2024\/05\/cropped-cropped-cropped-02_00843_jt3bggkj1j3HLc7SyY6rEUpg.jpeg","width":1600,"height":1600,"caption":"skaitytaknyga.lt"},"image":{"@id":"https:\/\/skaitytaknyga.lt\/#\/schema\/logo\/image\/"},"sameAs":["https:\/\/www.facebook.com\/skaitytaknyga\/"]}]}},"_links":{"self":[{"href":"https:\/\/skaitytaknyga.lt\/en\/wp-json\/wp\/v2\/product\/15471","targetHints":{"allow":["GET"]}}],"collection":[{"href":"https:\/\/skaitytaknyga.lt\/en\/wp-json\/wp\/v2\/product"}],"about":[{"href":"https:\/\/skaitytaknyga.lt\/en\/wp-json\/wp\/v2\/types\/product"}],"replies":[{"embeddable":true,"href":"https:\/\/skaitytaknyga.lt\/en\/wp-json\/wp\/v2\/comments?post=15471"}],"wp:featuredmedia":[{"embeddable":true,"href":"https:\/\/skaitytaknyga.lt\/en\/wp-json\/wp\/v2\/media\/15513"}],"wp:attachment":[{"href":"https:\/\/skaitytaknyga.lt\/en\/wp-json\/wp\/v2\/media?parent=15471"}],"wp:term":[{"taxonomy":"product_brand","embeddable":true,"href":"https:\/\/skaitytaknyga.lt\/en\/wp-json\/wp\/v2\/product_brand?post=15471"},{"taxonomy":"product_cat","embeddable":true,"href":"https:\/\/skaitytaknyga.lt\/en\/wp-json\/wp\/v2\/product_cat?post=15471"},{"taxonomy":"product_tag","embeddable":true,"href":"https:\/\/skaitytaknyga.lt\/en\/wp-json\/wp\/v2\/product_tag?post=15471"}],"curies":[{"name":"wp","href":"https:\/\/api.w.org\/{rel}","templated":true}]}}