{"id":15470,"date":"2024-12-17T14:15:33","date_gmt":"2024-12-17T12:15:33","guid":{"rendered":"https:\/\/skaitytaknyga.lt\/?post_type=product&#038;p=15470"},"modified":"2025-05-02T09:10:53","modified_gmt":"2025-05-02T06:10:53","slug":"su-smurtu-susidurus-krikscioniskieji-savigynos-principai","status":"publish","type":"product","link":"https:\/\/skaitytaknyga.lt\/en\/produktas\/su-smurtu-susidurus-krikscioniskieji-savigynos-principai\/","title":{"rendered":"Su smurtu susid\u016brus. Krik\u0161\u010dioni\u0161kieji savigynos principai"},"content":{"rendered":"<p>Vokie\u010di\u0173 vienuolio ir teologo knyga \u2013 krik\u0161\u010dionio laikysenos smurto akivaizdoje apm\u0105stymas. Pasak autoriaus, krik\u0161\u010dionybei priskiriamas \u012fsitikinimas, jog tikintis \u017emogus turi pasyviai reaguoti \u012f smurt\u0105 ir susitaikyti su aukos vaidmeniu, neturi jokio pamato Evangelijoje. Smurto problema neatsiejama nuo \u017emogaus orumo klausimo. Autenti\u0161kas krik\u0161\u010dionio atsakas \u012f smurt\u0105 \u2013 jo sustabdymas ir perkeitimas.<\/p>\n<p>\u201eNe pats smurto aktas yra pagrindinis blogis, ar, kitaip tariant, nuod\u0117m\u0117s \u0161aknys, bet t\u0105 blog\u012f \u012fgalinanti ir skatinanti pagarbos tr\u016bkumo atmosfera. Visuose visuomen\u0117s sluoksniuose \u017eod\u017eiai \u201epagarba\u201c, \u201evert\u0117\u201c yra tap\u0119 i\u0161 vartosenos i\u0161\u0117jusiomis s\u0105vokomis, neturin\u010diomis s\u0105ly\u010dio su realybe. Mes raginami kiek gal\u0117dami ry\u017etingiau ir negarbingiau kovoti, ie\u0161kodami naudos, o kito \u017emogaus teis\u0117s ir garb\u0117 \u010dia jau nebevaidina jokio vaidmens\u201c.<\/p>\n<p>\u201eKiekviena mintis, kiekvienas sakomas \u017eodis, atliekamas veiksmas, kiekviena br\u0119stanti s\u0117kla, kiekvienas naujas gyvenimas, \u2013 viskas prasideda viduje ir auga \u012f i\u0161or\u0119. \u0160tai d\u0117l ko vidus yrasvarbiau u\u017e i\u0161or\u0119. Kas nori augti ir br\u0119sti, savo vidaus turi paisyti labiau nei i\u0161or\u0117s\u201c.<\/p>\n<p>&nbsp;<\/p>\n","protected":false},"excerpt":{"rendered":"<p>Vokie\u010di\u0173 vienuolio ir teologo knyga \u2013 krik\u0161\u010dionio laikysenos smurto akivaizdoje apm\u0105stymas. Pasak autoriaus, krik\u0161\u010dionybei priskiriamas \u012fsitikinimas, jog tikintis \u017emogus turi pasyviai reaguoti \u012f smurt\u0105 ir susitaikyti su aukos vaidmeniu, neturi jokio pamato Evangelijoje. Smurto problema neatsiejama nuo \u017emogaus orumo klausimo. Autenti\u0161kas krik\u0161\u010dionio atsakas \u012f smurt\u0105 \u2013 jo sustabdymas ir perkeitimas. \u201eNe pats smurto aktas yra pagrindinis blogis, ar, kitaip tariant, nuod\u0117m\u0117s \u0161aknys, bet t\u0105 blog\u012f \u012fgalinanti ir skatinanti pagarbos tr\u016bkumo atmosfera. Visuose visuomen\u0117s sluoksniuose \u017eod\u017eiai \u201epagarba\u201c, \u201evert\u0117\u201c yra tap\u0119 i\u0161 vartosenos i\u0161\u0117jusiomis s\u0105vokomis, neturin\u010diomis s\u0105ly\u010dio su realybe. Mes raginami kiek gal\u0117dami ry\u017etingiau ir negarbingiau kovoti, ie\u0161kodami naudos, o kito \u017emogaus teis\u0117s ir garb\u0117 \u010dia jau nebevaidina jokio vaidmens\u201c. \u201eKiekviena mintis, kiekvienas sakomas \u017eodis, atliekamas veiksmas, kiekviena br\u0119stanti s\u0117kla, kiekvienas naujas gyvenimas, \u2013 viskas prasideda viduje ir auga \u012f i\u0161or\u0119. \u0160tai d\u0117l ko vidus yrasvarbiau u\u017e i\u0161or\u0119. Kas nori augti ir br\u0119sti, savo vidaus turi paisyti labiau nei i\u0161or\u0117s\u201c. &nbsp;<\/p>\n","protected":false},"featured_media":15514,"comment_status":"open","ping_status":"closed","template":"","meta":{"_acf_changed":false,"site-sidebar-layout":"default","site-content-layout":"","ast-site-content-layout":"default","site-content-style":"default","site-sidebar-style":"default","ast-global-header-display":"","ast-banner-title-visibility":"","ast-main-header-display":"","ast-hfb-above-header-display":"","ast-hfb-below-header-display":"","ast-hfb-mobile-header-display":"","site-post-title":"","ast-breadcrumbs-content":"","ast-featured-img":"","footer-sml-layout":"","ast-disable-related-posts":"","theme-transparent-header-meta":"default","adv-header-id-meta":"","stick-header-meta":"","header-above-stick-meta":"","header-main-stick-meta":"","header-below-stick-meta":"","astra-migrate-meta-layouts":"set","ast-page-background-enabled":"default","ast-page-background-meta":{"desktop":{"background-color":"","background-image":"","background-repeat":"repeat","background-position":"center center","background-size":"auto","background-attachment":"scroll","background-type":"","background-media":"","overlay-type":"","overlay-color":"","overlay-opacity":"","overlay-gradient":""},"tablet":{"background-color":"","background-image":"","background-repeat":"repeat","background-position":"center center","background-size":"auto","background-attachment":"scroll","background-type":"","background-media":"","overlay-type":"","overlay-color":"","overlay-opacity":"","overlay-gradient":""},"mobile":{"background-color":"","background-image":"","background-repeat":"repeat","background-position":"center center","background-size":"auto","background-attachment":"scroll","background-type":"","background-media":"","overlay-type":"","overlay-color":"","overlay-opacity":"","overlay-gradient":""}},"ast-content-background-meta":{"desktop":{"background-color":"var(--ast-global-color-4)","background-image":"","background-repeat":"repeat","background-position":"center center","background-size":"auto","background-attachment":"scroll","background-type":"","background-media":"","overlay-type":"","overlay-color":"","overlay-opacity":"","overlay-gradient":""},"tablet":{"background-color":"var(--ast-global-color-4)","background-image":"","background-repeat":"repeat","background-position":"center center","background-size":"auto","background-attachment":"scroll","background-type":"","background-media":"","overlay-type":"","overlay-color":"","overlay-opacity":"","overlay-gradient":""},"mobile":{"background-color":"var(--ast-global-color-4)","background-image":"","background-repeat":"repeat","background-position":"center center","background-size":"auto","background-attachment":"scroll","background-type":"","background-media":"","overlay-type":"","overlay-color":"","overlay-opacity":"","overlay-gradient":""}}},"product_brand":[],"product_cat":[15,165],"product_tag":[1306],"class_list":{"0":"post-15470","1":"product","2":"type-product","3":"status-publish","4":"has-post-thumbnail","6":"product_cat-uncategorized","7":"product_cat-religija-filosofija-ir-ezoterika","8":"product_tag-jonathan-during-osb","9":"desktop-align-left","10":"tablet-align-left","11":"mobile-align-left","13":"first","14":"instock","15":"shipping-taxable","16":"purchasable","17":"product-type-simple"},"acf":[],"yoast_head":"<!-- This site is optimized with the Yoast SEO plugin v27.0 - https:\/\/yoast.com\/product\/yoast-seo-wordpress\/ -->\n<title>Su smurtu susid\u016brus. Krik\u0161\u010dioni\u0161kieji savigynos principai<\/title>\n<meta name=\"description\" content=\"Vokie\u010di\u0173 vienuolio ir teologo knyga \u2013 krik\u0161\u010dionio laikysenos smurto akivaizdoje apm\u0105stymas. Pasak autoriaus, krik\u0161\u010dionybei priskiriamas \u012fsitikinimas, jog\" \/>\n<meta name=\"robots\" content=\"index, follow, max-snippet:-1, max-image-preview:large, max-video-preview:-1\" \/>\n<link rel=\"canonical\" href=\"https:\/\/skaitytaknyga.lt\/en\/produktas\/su-smurtu-susidurus-krikscioniskieji-savigynos-principai\/\" \/>\n<meta property=\"og:locale\" content=\"en_GB\" \/>\n<meta property=\"og:locale:alternate\" content=\"lt_LT\" \/>\n<meta property=\"og:type\" content=\"article\" \/>\n<meta property=\"og:title\" content=\"Su smurtu susid\u016brus. Krik\u0161\u010dioni\u0161kieji savigynos principai\" \/>\n<meta property=\"og:description\" content=\"Vokie\u010di\u0173 vienuolio ir teologo knyga \u2013 krik\u0161\u010dionio laikysenos smurto akivaizdoje apm\u0105stymas. Pasak autoriaus, krik\u0161\u010dionybei priskiriamas \u012fsitikinimas, jog\" \/>\n<meta property=\"og:url\" content=\"https:\/\/skaitytaknyga.lt\/en\/produktas\/su-smurtu-susidurus-krikscioniskieji-savigynos-principai\/\" \/>\n<meta property=\"og:site_name\" content=\"Skaitytaknyga\" \/>\n<meta property=\"article:publisher\" content=\"https:\/\/www.facebook.com\/skaitytaknyga\/\" \/>\n<meta property=\"article:modified_time\" content=\"2025-05-02T06:10:53+00:00\" \/>\n<meta property=\"og:image\" content=\"https:\/\/skaitytaknyga.lt\/wp-content\/uploads\/2024\/12\/Su-smurtu-susidurus.-Krikscioniskieji-savigynos-principai.webp\" \/>\n\t<meta property=\"og:image:width\" content=\"519\" \/>\n\t<meta property=\"og:image:height\" content=\"800\" \/>\n\t<meta property=\"og:image:type\" content=\"image\/webp\" \/>\n<meta name=\"twitter:card\" content=\"summary_large_image\" \/>\n<meta name=\"twitter:label1\" content=\"Estimated reading time\" \/>\n\t<meta name=\"twitter:data1\" content=\"1 minute\" \/>\n<script type=\"application\/ld+json\" class=\"yoast-schema-graph\">{\"@context\":\"https:\/\/schema.org\",\"@graph\":[{\"@type\":\"WebPage\",\"@id\":\"https:\/\/skaitytaknyga.lt\/produktas\/su-smurtu-susidurus-krikscioniskieji-savigynos-principai\/\",\"url\":\"https:\/\/skaitytaknyga.lt\/produktas\/su-smurtu-susidurus-krikscioniskieji-savigynos-principai\/\",\"name\":\"Su smurtu susid\u016brus. Krik\u0161\u010dioni\u0161kieji savigynos principai\",\"isPartOf\":{\"@id\":\"https:\/\/skaitytaknyga.lt\/#website\"},\"primaryImageOfPage\":{\"@id\":\"https:\/\/skaitytaknyga.lt\/produktas\/su-smurtu-susidurus-krikscioniskieji-savigynos-principai\/#primaryimage\"},\"image\":{\"@id\":\"https:\/\/skaitytaknyga.lt\/produktas\/su-smurtu-susidurus-krikscioniskieji-savigynos-principai\/#primaryimage\"},\"thumbnailUrl\":\"https:\/\/skaitytaknyga.lt\/wp-content\/uploads\/2024\/12\/Su-smurtu-susidurus.-Krikscioniskieji-savigynos-principai.webp\",\"datePublished\":\"2024-12-17T12:15:33+00:00\",\"dateModified\":\"2025-05-02T06:10:53+00:00\",\"description\":\"Vokie\u010di\u0173 vienuolio ir teologo knyga \u2013 krik\u0161\u010dionio laikysenos smurto akivaizdoje apm\u0105stymas. Pasak autoriaus, krik\u0161\u010dionybei priskiriamas \u012fsitikinimas, jog\",\"breadcrumb\":{\"@id\":\"https:\/\/skaitytaknyga.lt\/produktas\/su-smurtu-susidurus-krikscioniskieji-savigynos-principai\/#breadcrumb\"},\"inLanguage\":\"en-GB\",\"potentialAction\":[{\"@type\":\"ReadAction\",\"target\":[\"https:\/\/skaitytaknyga.lt\/produktas\/su-smurtu-susidurus-krikscioniskieji-savigynos-principai\/\"]}]},{\"@type\":\"ImageObject\",\"inLanguage\":\"en-GB\",\"@id\":\"https:\/\/skaitytaknyga.lt\/produktas\/su-smurtu-susidurus-krikscioniskieji-savigynos-principai\/#primaryimage\",\"url\":\"https:\/\/skaitytaknyga.lt\/wp-content\/uploads\/2024\/12\/Su-smurtu-susidurus.-Krikscioniskieji-savigynos-principai.webp\",\"contentUrl\":\"https:\/\/skaitytaknyga.lt\/wp-content\/uploads\/2024\/12\/Su-smurtu-susidurus.-Krikscioniskieji-savigynos-principai.webp\",\"width\":519,\"height\":800,\"caption\":\"Su smurtu susid\u016brus. Krik\u0161\u010dioni\u0161kieji savigynos principai\"},{\"@type\":\"BreadcrumbList\",\"@id\":\"https:\/\/skaitytaknyga.lt\/produktas\/su-smurtu-susidurus-krikscioniskieji-savigynos-principai\/#breadcrumb\",\"itemListElement\":[{\"@type\":\"ListItem\",\"position\":1,\"name\":\"Home\",\"item\":\"https:\/\/skaitytaknyga.lt\/\"},{\"@type\":\"ListItem\",\"position\":2,\"name\":\"Parduotuv\u0117\",\"item\":\"https:\/\/skaitytaknyga.lt\/knygu-parduotuve\/\"},{\"@type\":\"ListItem\",\"position\":3,\"name\":\"Su smurtu susid\u016brus. Krik\u0161\u010dioni\u0161kieji savigynos principai\"}]},{\"@type\":\"WebSite\",\"@id\":\"https:\/\/skaitytaknyga.lt\/#website\",\"url\":\"https:\/\/skaitytaknyga.lt\/\",\"name\":\"skaitytaknyga.lt\",\"description\":\"Skaitytaknyga.lt \u2013 tai ma\u017eas \u0161eimos verslas, kuris prasid\u0117jo nuo meil\u0117s knygoms ir siekio i\u0161gelb\u0117ti knygas nuo likimo prie konteinerio. Kas vienam nereikalingas daiktas \u2013 kitam lobis, o mes esame tarpininkai, kurie padeda abiems tapti laimingesniems ???? \u017dinome kaip nelengva i\u0161gyventi ma\u017eiems verslams, tad nuo \u0161iol, \u010dia rasite ir kit\u0173, ma\u017e\u0173 \u0161eim\u0173 versl\u0173, rank\u0173 darbo, dovan\u0173 sau ir artimiesiems.\",\"publisher\":{\"@id\":\"https:\/\/skaitytaknyga.lt\/#organization\"},\"potentialAction\":[{\"@type\":\"SearchAction\",\"target\":{\"@type\":\"EntryPoint\",\"urlTemplate\":\"https:\/\/skaitytaknyga.lt\/?s={search_term_string}\"},\"query-input\":{\"@type\":\"PropertyValueSpecification\",\"valueRequired\":true,\"valueName\":\"search_term_string\"}}],\"inLanguage\":\"en-GB\"},{\"@type\":\"Organization\",\"@id\":\"https:\/\/skaitytaknyga.lt\/#organization\",\"name\":\"skaitytaknyga.lt\",\"url\":\"https:\/\/skaitytaknyga.lt\/\",\"logo\":{\"@type\":\"ImageObject\",\"inLanguage\":\"en-GB\",\"@id\":\"https:\/\/skaitytaknyga.lt\/#\/schema\/logo\/image\/\",\"url\":\"https:\/\/skaitytaknyga.lt\/wp-content\/uploads\/2024\/05\/cropped-cropped-cropped-02_00843_jt3bggkj1j3HLc7SyY6rEUpg.jpeg\",\"contentUrl\":\"https:\/\/skaitytaknyga.lt\/wp-content\/uploads\/2024\/05\/cropped-cropped-cropped-02_00843_jt3bggkj1j3HLc7SyY6rEUpg.jpeg\",\"width\":1600,\"height\":1600,\"caption\":\"skaitytaknyga.lt\"},\"image\":{\"@id\":\"https:\/\/skaitytaknyga.lt\/#\/schema\/logo\/image\/\"},\"sameAs\":[\"https:\/\/www.facebook.com\/skaitytaknyga\/\"]}]}<\/script>\n<!-- \/ Yoast SEO plugin. -->","yoast_head_json":{"title":"Su smurtu susid\u016brus. Krik\u0161\u010dioni\u0161kieji savigynos principai","description":"Vokie\u010di\u0173 vienuolio ir teologo knyga \u2013 krik\u0161\u010dionio laikysenos smurto akivaizdoje apm\u0105stymas. Pasak autoriaus, krik\u0161\u010dionybei priskiriamas \u012fsitikinimas, jog","robots":{"index":"index","follow":"follow","max-snippet":"max-snippet:-1","max-image-preview":"max-image-preview:large","max-video-preview":"max-video-preview:-1"},"canonical":"https:\/\/skaitytaknyga.lt\/en\/produktas\/su-smurtu-susidurus-krikscioniskieji-savigynos-principai\/","og_locale":"en_GB","og_type":"article","og_title":"[:lt]Su smurtu susid\u016brus. Krik\u0161\u010dioni\u0161kieji savigynos principai[:] - Skaitytaknyga","og_description":"Vokie\u010di\u0173 vienuolio ir teologo knyga \u2013 krik\u0161\u010dionio laikysenos smurto akivaizdoje apm\u0105stymas. Pasak autoriaus, krik\u0161\u010dionybei priskiriamas \u012fsitikinimas, jog","og_url":"https:\/\/skaitytaknyga.lt\/en\/produktas\/su-smurtu-susidurus-krikscioniskieji-savigynos-principai\/","og_site_name":"Skaitytaknyga","article_publisher":"https:\/\/www.facebook.com\/skaitytaknyga\/","article_modified_time":"2025-05-02T06:10:53+00:00","og_image":[{"width":519,"height":800,"url":"https:\/\/skaitytaknyga.lt\/wp-content\/uploads\/2024\/12\/Su-smurtu-susidurus.-Krikscioniskieji-savigynos-principai.webp","type":"image\/webp"}],"twitter_card":"summary_large_image","twitter_misc":{"Estimated reading time":"1 minute"},"schema":{"@context":"https:\/\/schema.org","@graph":[{"@type":"WebPage","@id":"https:\/\/skaitytaknyga.lt\/produktas\/su-smurtu-susidurus-krikscioniskieji-savigynos-principai\/","url":"https:\/\/skaitytaknyga.lt\/produktas\/su-smurtu-susidurus-krikscioniskieji-savigynos-principai\/","name":"Su smurtu susid\u016brus. Krik\u0161\u010dioni\u0161kieji savigynos principai","isPartOf":{"@id":"https:\/\/skaitytaknyga.lt\/#website"},"primaryImageOfPage":{"@id":"https:\/\/skaitytaknyga.lt\/produktas\/su-smurtu-susidurus-krikscioniskieji-savigynos-principai\/#primaryimage"},"image":{"@id":"https:\/\/skaitytaknyga.lt\/produktas\/su-smurtu-susidurus-krikscioniskieji-savigynos-principai\/#primaryimage"},"thumbnailUrl":"https:\/\/skaitytaknyga.lt\/wp-content\/uploads\/2024\/12\/Su-smurtu-susidurus.-Krikscioniskieji-savigynos-principai.webp","datePublished":"2024-12-17T12:15:33+00:00","dateModified":"2025-05-02T06:10:53+00:00","description":"Vokie\u010di\u0173 vienuolio ir teologo knyga \u2013 krik\u0161\u010dionio laikysenos smurto akivaizdoje apm\u0105stymas. Pasak autoriaus, krik\u0161\u010dionybei priskiriamas \u012fsitikinimas, jog","breadcrumb":{"@id":"https:\/\/skaitytaknyga.lt\/produktas\/su-smurtu-susidurus-krikscioniskieji-savigynos-principai\/#breadcrumb"},"inLanguage":"en-GB","potentialAction":[{"@type":"ReadAction","target":["https:\/\/skaitytaknyga.lt\/produktas\/su-smurtu-susidurus-krikscioniskieji-savigynos-principai\/"]}]},{"@type":"ImageObject","inLanguage":"en-GB","@id":"https:\/\/skaitytaknyga.lt\/produktas\/su-smurtu-susidurus-krikscioniskieji-savigynos-principai\/#primaryimage","url":"https:\/\/skaitytaknyga.lt\/wp-content\/uploads\/2024\/12\/Su-smurtu-susidurus.-Krikscioniskieji-savigynos-principai.webp","contentUrl":"https:\/\/skaitytaknyga.lt\/wp-content\/uploads\/2024\/12\/Su-smurtu-susidurus.-Krikscioniskieji-savigynos-principai.webp","width":519,"height":800,"caption":"Su smurtu susid\u016brus. Krik\u0161\u010dioni\u0161kieji savigynos principai"},{"@type":"BreadcrumbList","@id":"https:\/\/skaitytaknyga.lt\/produktas\/su-smurtu-susidurus-krikscioniskieji-savigynos-principai\/#breadcrumb","itemListElement":[{"@type":"ListItem","position":1,"name":"Home","item":"https:\/\/skaitytaknyga.lt\/"},{"@type":"ListItem","position":2,"name":"Parduotuv\u0117","item":"https:\/\/skaitytaknyga.lt\/knygu-parduotuve\/"},{"@type":"ListItem","position":3,"name":"Su smurtu susid\u016brus. Krik\u0161\u010dioni\u0161kieji savigynos principai"}]},{"@type":"WebSite","@id":"https:\/\/skaitytaknyga.lt\/#website","url":"https:\/\/skaitytaknyga.lt\/","name":"skaitytaknyga.lt","description":"Skaitytaknyga.lt \u2013 tai ma\u017eas \u0161eimos verslas, kuris prasid\u0117jo nuo meil\u0117s knygoms ir siekio i\u0161gelb\u0117ti knygas nuo likimo prie konteinerio. Kas vienam nereikalingas daiktas \u2013 kitam lobis, o mes esame tarpininkai, kurie padeda abiems tapti laimingesniems ???? \u017dinome kaip nelengva i\u0161gyventi ma\u017eiems verslams, tad nuo \u0161iol, \u010dia rasite ir kit\u0173, ma\u017e\u0173 \u0161eim\u0173 versl\u0173, rank\u0173 darbo, dovan\u0173 sau ir artimiesiems.","publisher":{"@id":"https:\/\/skaitytaknyga.lt\/#organization"},"potentialAction":[{"@type":"SearchAction","target":{"@type":"EntryPoint","urlTemplate":"https:\/\/skaitytaknyga.lt\/?s={search_term_string}"},"query-input":{"@type":"PropertyValueSpecification","valueRequired":true,"valueName":"search_term_string"}}],"inLanguage":"en-GB"},{"@type":"Organization","@id":"https:\/\/skaitytaknyga.lt\/#organization","name":"skaitytaknyga.lt","url":"https:\/\/skaitytaknyga.lt\/","logo":{"@type":"ImageObject","inLanguage":"en-GB","@id":"https:\/\/skaitytaknyga.lt\/#\/schema\/logo\/image\/","url":"https:\/\/skaitytaknyga.lt\/wp-content\/uploads\/2024\/05\/cropped-cropped-cropped-02_00843_jt3bggkj1j3HLc7SyY6rEUpg.jpeg","contentUrl":"https:\/\/skaitytaknyga.lt\/wp-content\/uploads\/2024\/05\/cropped-cropped-cropped-02_00843_jt3bggkj1j3HLc7SyY6rEUpg.jpeg","width":1600,"height":1600,"caption":"skaitytaknyga.lt"},"image":{"@id":"https:\/\/skaitytaknyga.lt\/#\/schema\/logo\/image\/"},"sameAs":["https:\/\/www.facebook.com\/skaitytaknyga\/"]}]}},"_links":{"self":[{"href":"https:\/\/skaitytaknyga.lt\/en\/wp-json\/wp\/v2\/product\/15470","targetHints":{"allow":["GET"]}}],"collection":[{"href":"https:\/\/skaitytaknyga.lt\/en\/wp-json\/wp\/v2\/product"}],"about":[{"href":"https:\/\/skaitytaknyga.lt\/en\/wp-json\/wp\/v2\/types\/product"}],"replies":[{"embeddable":true,"href":"https:\/\/skaitytaknyga.lt\/en\/wp-json\/wp\/v2\/comments?post=15470"}],"wp:featuredmedia":[{"embeddable":true,"href":"https:\/\/skaitytaknyga.lt\/en\/wp-json\/wp\/v2\/media\/15514"}],"wp:attachment":[{"href":"https:\/\/skaitytaknyga.lt\/en\/wp-json\/wp\/v2\/media?parent=15470"}],"wp:term":[{"taxonomy":"product_brand","embeddable":true,"href":"https:\/\/skaitytaknyga.lt\/en\/wp-json\/wp\/v2\/product_brand?post=15470"},{"taxonomy":"product_cat","embeddable":true,"href":"https:\/\/skaitytaknyga.lt\/en\/wp-json\/wp\/v2\/product_cat?post=15470"},{"taxonomy":"product_tag","embeddable":true,"href":"https:\/\/skaitytaknyga.lt\/en\/wp-json\/wp\/v2\/product_tag?post=15470"}],"curies":[{"name":"wp","href":"https:\/\/api.w.org\/{rel}","templated":true}]}}