{"id":15468,"date":"2024-12-17T14:15:32","date_gmt":"2024-12-17T12:15:32","guid":{"rendered":"https:\/\/skaitytaknyga.lt\/?post_type=product&#038;p=15468"},"modified":"2026-03-12T22:19:45","modified_gmt":"2026-03-12T20:19:45","slug":"kaip-isvalyti-savo-karmos-asoti","status":"publish","type":"product","link":"https:\/\/skaitytaknyga.lt\/en\/produktas\/kaip-isvalyti-savo-karmos-asoti\/","title":{"rendered":"Kaip i\u0161valyti savo Karmos \u0105sot\u012f"},"content":{"rendered":"<p>Aleksandras Svija\u0161as (\u0410\u043b\u0435\u043a\u0441\u0430\u043d\u0434\u0440 \u0421\u0432\u0438\u044f\u0448) &#8211; psichologas ir psichoterapeutas, keliolikos labai populiari\u0173 knyg\u0173 autorius, Maskvoje veikian\u010dio psichologijos centro \u201eI\u0161mintingas kelias\u201c \u012fk\u016br\u0117jas.<\/p>\n<p>Jo sukurta metodika ypatinga, nes klasikin\u0117s psichologijos ir psichoanaliz\u0117s \u017einios yra papildytos ezoterikos ir parapsichologijos elementais. Tai leid\u017eia pa\u017einti visus konkretaus \u017emogaus esyb\u0117s aspektus \u2013 prot\u0105, emocijas, dvasi\u0105 \u2013 ir nustatyti tas gilumines kli\u016btis, kurios trukdo jam b\u016bti laimingam, gyventi tok\u012f gyvenim\u0105, kokio jis s\u0105moningai trok\u0161ta.<br \/>\nAleksandro Svija\u0161o metodika padeda \u017emogui per\u017eengti vidines ribas, u\u017eimti tinkamiausi\u0105 gyvenimo pozicij\u0105 ir \u012fvaldyti savo lemties k\u016brimo instrumentus.<\/p>\n<p>Knygoje pasakojama, kaip \u017emogaus gyvenim\u0105 padaryti geresn\u012f, kad jis gal\u0117t\u0173 siekti savo tiksl\u0173, nepatekt\u0173 \u012f konfliktines situacijas, nelaimes ir nesirgt\u0173. Pateikiami special\u016bs pratimai ir treningai, kurie pad\u0117s atsikratyti aplinkinio pasaulio daromos neigiamos \u012ftakos.<\/p>\n","protected":false},"excerpt":{"rendered":"<p>Aleksandras Svija\u0161as (\u0410\u043b\u0435\u043a\u0441\u0430\u043d\u0434\u0440 \u0421\u0432\u0438\u044f\u0448) &#8211; psichologas ir psichoterapeutas, keliolikos labai populiari\u0173 knyg\u0173 autorius, Maskvoje veikian\u010dio psichologijos centro \u201eI\u0161mintingas kelias\u201c \u012fk\u016br\u0117jas. Jo sukurta metodika ypatinga, nes klasikin\u0117s psichologijos ir psichoanaliz\u0117s \u017einios yra papildytos ezoterikos ir parapsichologijos elementais. Tai leid\u017eia pa\u017einti visus konkretaus \u017emogaus esyb\u0117s aspektus \u2013 prot\u0105, emocijas, dvasi\u0105 \u2013 ir nustatyti tas gilumines kli\u016btis, kurios trukdo jam b\u016bti laimingam, gyventi tok\u012f gyvenim\u0105, kokio jis s\u0105moningai trok\u0161ta. Aleksandro Svija\u0161o metodika padeda \u017emogui per\u017eengti vidines ribas, u\u017eimti tinkamiausi\u0105 gyvenimo pozicij\u0105 ir \u012fvaldyti savo lemties k\u016brimo instrumentus. Knygoje pasakojama, kaip \u017emogaus gyvenim\u0105 padaryti geresn\u012f, kad jis gal\u0117t\u0173 siekti savo tiksl\u0173, nepatekt\u0173 \u012f konfliktines situacijas, nelaimes ir nesirgt\u0173. Pateikiami special\u016bs pratimai ir treningai, kurie pad\u0117s atsikratyti aplinkinio pasaulio daromos neigiamos \u012ftakos.<\/p>\n","protected":false},"featured_media":22691,"comment_status":"open","ping_status":"closed","template":"","meta":{"_acf_changed":false,"site-sidebar-layout":"default","site-content-layout":"","ast-site-content-layout":"default","site-content-style":"default","site-sidebar-style":"default","ast-global-header-display":"","ast-banner-title-visibility":"","ast-main-header-display":"","ast-hfb-above-header-display":"","ast-hfb-below-header-display":"","ast-hfb-mobile-header-display":"","site-post-title":"","ast-breadcrumbs-content":"","ast-featured-img":"","footer-sml-layout":"","ast-disable-related-posts":"","theme-transparent-header-meta":"default","adv-header-id-meta":"","stick-header-meta":"","header-above-stick-meta":"","header-main-stick-meta":"","header-below-stick-meta":"","astra-migrate-meta-layouts":"set","ast-page-background-enabled":"default","ast-page-background-meta":{"desktop":{"background-color":"","background-image":"","background-repeat":"repeat","background-position":"center center","background-size":"auto","background-attachment":"scroll","background-type":"","background-media":"","overlay-type":"","overlay-color":"","overlay-opacity":"","overlay-gradient":""},"tablet":{"background-color":"","background-image":"","background-repeat":"repeat","background-position":"center center","background-size":"auto","background-attachment":"scroll","background-type":"","background-media":"","overlay-type":"","overlay-color":"","overlay-opacity":"","overlay-gradient":""},"mobile":{"background-color":"","background-image":"","background-repeat":"repeat","background-position":"center center","background-size":"auto","background-attachment":"scroll","background-type":"","background-media":"","overlay-type":"","overlay-color":"","overlay-opacity":"","overlay-gradient":""}},"ast-content-background-meta":{"desktop":{"background-color":"var(--ast-global-color-4)","background-image":"","background-repeat":"repeat","background-position":"center center","background-size":"auto","background-attachment":"scroll","background-type":"","background-media":"","overlay-type":"","overlay-color":"","overlay-opacity":"","overlay-gradient":""},"tablet":{"background-color":"var(--ast-global-color-4)","background-image":"","background-repeat":"repeat","background-position":"center center","background-size":"auto","background-attachment":"scroll","background-type":"","background-media":"","overlay-type":"","overlay-color":"","overlay-opacity":"","overlay-gradient":""},"mobile":{"background-color":"var(--ast-global-color-4)","background-image":"","background-repeat":"repeat","background-position":"center center","background-size":"auto","background-attachment":"scroll","background-type":"","background-media":"","overlay-type":"","overlay-color":"","overlay-opacity":"","overlay-gradient":""}}},"product_brand":[],"product_cat":[15,165],"product_tag":[],"class_list":{"0":"post-15468","1":"product","2":"type-product","3":"status-publish","4":"has-post-thumbnail","6":"product_cat-uncategorized","7":"product_cat-religija-filosofija-ir-ezoterika","8":"desktop-align-left","9":"tablet-align-left","10":"mobile-align-left","12":"first","13":"instock","14":"shipping-taxable","15":"purchasable","16":"product-type-simple"},"acf":[],"yoast_head":"<!-- This site is optimized with the Yoast SEO plugin v27.0 - https:\/\/yoast.com\/product\/yoast-seo-wordpress\/ -->\n<title>Kaip i\u0161valyti savo Karmos \u0105sot\u012f<\/title>\n<meta name=\"description\" content=\"Aleksandras Svija\u0161as (\u0410\u043b\u0435\u043a\u0441\u0430\u043d\u0434\u0440 \u0421\u0432\u0438\u044f\u0448) - psichologas ir psichoterapeutas, keliolikos labai populiari\u0173 knyg\u0173 autorius, Maskvoje veikian\u010dio psichologijos\" \/>\n<meta name=\"robots\" content=\"index, follow, max-snippet:-1, max-image-preview:large, max-video-preview:-1\" \/>\n<link rel=\"canonical\" href=\"https:\/\/skaitytaknyga.lt\/en\/produktas\/kaip-isvalyti-savo-karmos-asoti\/\" \/>\n<meta property=\"og:locale\" content=\"en_GB\" \/>\n<meta property=\"og:locale:alternate\" content=\"lt_LT\" \/>\n<meta property=\"og:type\" content=\"article\" \/>\n<meta property=\"og:title\" content=\"Kaip i\u0161valyti savo Karmos \u0105sot\u012f\" \/>\n<meta property=\"og:description\" content=\"Aleksandras Svija\u0161as (\u0410\u043b\u0435\u043a\u0441\u0430\u043d\u0434\u0440 \u0421\u0432\u0438\u044f\u0448) - psichologas ir psichoterapeutas, keliolikos labai populiari\u0173 knyg\u0173 autorius, Maskvoje veikian\u010dio psichologijos\" \/>\n<meta property=\"og:url\" content=\"https:\/\/skaitytaknyga.lt\/en\/produktas\/kaip-isvalyti-savo-karmos-asoti\/\" \/>\n<meta property=\"og:site_name\" content=\"Skaitytaknyga\" \/>\n<meta property=\"article:publisher\" content=\"https:\/\/www.facebook.com\/skaitytaknyga\/\" \/>\n<meta property=\"article:modified_time\" content=\"2026-03-12T20:19:45+00:00\" \/>\n<meta property=\"og:image\" content=\"https:\/\/skaitytaknyga.lt\/wp-content\/uploads\/2024\/12\/Kaip-isvalyti-savo-Karmos-asoti-1.webp\" \/>\n\t<meta property=\"og:image:width\" content=\"300\" \/>\n\t<meta property=\"og:image:height\" content=\"484\" \/>\n\t<meta property=\"og:image:type\" content=\"image\/webp\" \/>\n<meta name=\"twitter:card\" content=\"summary_large_image\" \/>\n<meta name=\"twitter:label1\" content=\"Estimated reading time\" \/>\n\t<meta name=\"twitter:data1\" content=\"1 minute\" \/>\n<script type=\"application\/ld+json\" class=\"yoast-schema-graph\">{\"@context\":\"https:\/\/schema.org\",\"@graph\":[{\"@type\":\"WebPage\",\"@id\":\"https:\/\/skaitytaknyga.lt\/produktas\/kaip-isvalyti-savo-karmos-asoti\/\",\"url\":\"https:\/\/skaitytaknyga.lt\/produktas\/kaip-isvalyti-savo-karmos-asoti\/\",\"name\":\"Kaip i\u0161valyti savo Karmos \u0105sot\u012f\",\"isPartOf\":{\"@id\":\"https:\/\/skaitytaknyga.lt\/#website\"},\"primaryImageOfPage\":{\"@id\":\"https:\/\/skaitytaknyga.lt\/produktas\/kaip-isvalyti-savo-karmos-asoti\/#primaryimage\"},\"image\":{\"@id\":\"https:\/\/skaitytaknyga.lt\/produktas\/kaip-isvalyti-savo-karmos-asoti\/#primaryimage\"},\"thumbnailUrl\":\"https:\/\/skaitytaknyga.lt\/wp-content\/uploads\/2024\/12\/Kaip-isvalyti-savo-Karmos-asoti-1.webp\",\"datePublished\":\"2024-12-17T12:15:32+00:00\",\"dateModified\":\"2026-03-12T20:19:45+00:00\",\"description\":\"Aleksandras Svija\u0161as (\u0410\u043b\u0435\u043a\u0441\u0430\u043d\u0434\u0440 \u0421\u0432\u0438\u044f\u0448) - psichologas ir psichoterapeutas, keliolikos labai populiari\u0173 knyg\u0173 autorius, Maskvoje veikian\u010dio psichologijos\",\"breadcrumb\":{\"@id\":\"https:\/\/skaitytaknyga.lt\/produktas\/kaip-isvalyti-savo-karmos-asoti\/#breadcrumb\"},\"inLanguage\":\"en-GB\",\"potentialAction\":[{\"@type\":\"ReadAction\",\"target\":[\"https:\/\/skaitytaknyga.lt\/produktas\/kaip-isvalyti-savo-karmos-asoti\/\"]}]},{\"@type\":\"ImageObject\",\"inLanguage\":\"en-GB\",\"@id\":\"https:\/\/skaitytaknyga.lt\/produktas\/kaip-isvalyti-savo-karmos-asoti\/#primaryimage\",\"url\":\"https:\/\/skaitytaknyga.lt\/wp-content\/uploads\/2024\/12\/Kaip-isvalyti-savo-Karmos-asoti-1.webp\",\"contentUrl\":\"https:\/\/skaitytaknyga.lt\/wp-content\/uploads\/2024\/12\/Kaip-isvalyti-savo-Karmos-asoti-1.webp\",\"width\":300,\"height\":484,\"caption\":\"Kaip i\u0161valyti savo Karmos \u0105sot\u012f\"},{\"@type\":\"BreadcrumbList\",\"@id\":\"https:\/\/skaitytaknyga.lt\/produktas\/kaip-isvalyti-savo-karmos-asoti\/#breadcrumb\",\"itemListElement\":[{\"@type\":\"ListItem\",\"position\":1,\"name\":\"Home\",\"item\":\"https:\/\/skaitytaknyga.lt\/\"},{\"@type\":\"ListItem\",\"position\":2,\"name\":\"Parduotuv\u0117\",\"item\":\"https:\/\/skaitytaknyga.lt\/knygu-parduotuve\/\"},{\"@type\":\"ListItem\",\"position\":3,\"name\":\"Kaip i\u0161valyti savo Karmos \u0105sot\u012f\"}]},{\"@type\":\"WebSite\",\"@id\":\"https:\/\/skaitytaknyga.lt\/#website\",\"url\":\"https:\/\/skaitytaknyga.lt\/\",\"name\":\"skaitytaknyga.lt\",\"description\":\"Skaitytaknyga.lt \u2013 tai ma\u017eas \u0161eimos verslas, kuris prasid\u0117jo nuo meil\u0117s knygoms ir siekio i\u0161gelb\u0117ti knygas nuo likimo prie konteinerio. Kas vienam nereikalingas daiktas \u2013 kitam lobis, o mes esame tarpininkai, kurie padeda abiems tapti laimingesniems ???? \u017dinome kaip nelengva i\u0161gyventi ma\u017eiems verslams, tad nuo \u0161iol, \u010dia rasite ir kit\u0173, ma\u017e\u0173 \u0161eim\u0173 versl\u0173, rank\u0173 darbo, dovan\u0173 sau ir artimiesiems.\",\"publisher\":{\"@id\":\"https:\/\/skaitytaknyga.lt\/#organization\"},\"potentialAction\":[{\"@type\":\"SearchAction\",\"target\":{\"@type\":\"EntryPoint\",\"urlTemplate\":\"https:\/\/skaitytaknyga.lt\/?s={search_term_string}\"},\"query-input\":{\"@type\":\"PropertyValueSpecification\",\"valueRequired\":true,\"valueName\":\"search_term_string\"}}],\"inLanguage\":\"en-GB\"},{\"@type\":\"Organization\",\"@id\":\"https:\/\/skaitytaknyga.lt\/#organization\",\"name\":\"skaitytaknyga.lt\",\"url\":\"https:\/\/skaitytaknyga.lt\/\",\"logo\":{\"@type\":\"ImageObject\",\"inLanguage\":\"en-GB\",\"@id\":\"https:\/\/skaitytaknyga.lt\/#\/schema\/logo\/image\/\",\"url\":\"https:\/\/skaitytaknyga.lt\/wp-content\/uploads\/2024\/05\/cropped-cropped-cropped-02_00843_jt3bggkj1j3HLc7SyY6rEUpg.jpeg\",\"contentUrl\":\"https:\/\/skaitytaknyga.lt\/wp-content\/uploads\/2024\/05\/cropped-cropped-cropped-02_00843_jt3bggkj1j3HLc7SyY6rEUpg.jpeg\",\"width\":1600,\"height\":1600,\"caption\":\"skaitytaknyga.lt\"},\"image\":{\"@id\":\"https:\/\/skaitytaknyga.lt\/#\/schema\/logo\/image\/\"},\"sameAs\":[\"https:\/\/www.facebook.com\/skaitytaknyga\/\"]}]}<\/script>\n<!-- \/ Yoast SEO plugin. -->","yoast_head_json":{"title":"Kaip i\u0161valyti savo Karmos \u0105sot\u012f","description":"Aleksandras Svija\u0161as (\u0410\u043b\u0435\u043a\u0441\u0430\u043d\u0434\u0440 \u0421\u0432\u0438\u044f\u0448) - psichologas ir psichoterapeutas, keliolikos labai populiari\u0173 knyg\u0173 autorius, Maskvoje veikian\u010dio psichologijos","robots":{"index":"index","follow":"follow","max-snippet":"max-snippet:-1","max-image-preview":"max-image-preview:large","max-video-preview":"max-video-preview:-1"},"canonical":"https:\/\/skaitytaknyga.lt\/en\/produktas\/kaip-isvalyti-savo-karmos-asoti\/","og_locale":"en_GB","og_type":"article","og_title":"[:lt]Kaip i\u0161valyti savo Karmos \u0105sot\u012f[:] - Skaitytaknyga","og_description":"Aleksandras Svija\u0161as (\u0410\u043b\u0435\u043a\u0441\u0430\u043d\u0434\u0440 \u0421\u0432\u0438\u044f\u0448) - psichologas ir psichoterapeutas, keliolikos labai populiari\u0173 knyg\u0173 autorius, Maskvoje veikian\u010dio psichologijos","og_url":"https:\/\/skaitytaknyga.lt\/en\/produktas\/kaip-isvalyti-savo-karmos-asoti\/","og_site_name":"Skaitytaknyga","article_publisher":"https:\/\/www.facebook.com\/skaitytaknyga\/","article_modified_time":"2026-03-12T20:19:45+00:00","og_image":[{"width":300,"height":484,"url":"https:\/\/skaitytaknyga.lt\/wp-content\/uploads\/2024\/12\/Kaip-isvalyti-savo-Karmos-asoti-1.webp","type":"image\/webp"}],"twitter_card":"summary_large_image","twitter_misc":{"Estimated reading time":"1 minute"},"schema":{"@context":"https:\/\/schema.org","@graph":[{"@type":"WebPage","@id":"https:\/\/skaitytaknyga.lt\/produktas\/kaip-isvalyti-savo-karmos-asoti\/","url":"https:\/\/skaitytaknyga.lt\/produktas\/kaip-isvalyti-savo-karmos-asoti\/","name":"Kaip i\u0161valyti savo Karmos \u0105sot\u012f","isPartOf":{"@id":"https:\/\/skaitytaknyga.lt\/#website"},"primaryImageOfPage":{"@id":"https:\/\/skaitytaknyga.lt\/produktas\/kaip-isvalyti-savo-karmos-asoti\/#primaryimage"},"image":{"@id":"https:\/\/skaitytaknyga.lt\/produktas\/kaip-isvalyti-savo-karmos-asoti\/#primaryimage"},"thumbnailUrl":"https:\/\/skaitytaknyga.lt\/wp-content\/uploads\/2024\/12\/Kaip-isvalyti-savo-Karmos-asoti-1.webp","datePublished":"2024-12-17T12:15:32+00:00","dateModified":"2026-03-12T20:19:45+00:00","description":"Aleksandras Svija\u0161as (\u0410\u043b\u0435\u043a\u0441\u0430\u043d\u0434\u0440 \u0421\u0432\u0438\u044f\u0448) - psichologas ir psichoterapeutas, keliolikos labai populiari\u0173 knyg\u0173 autorius, Maskvoje veikian\u010dio psichologijos","breadcrumb":{"@id":"https:\/\/skaitytaknyga.lt\/produktas\/kaip-isvalyti-savo-karmos-asoti\/#breadcrumb"},"inLanguage":"en-GB","potentialAction":[{"@type":"ReadAction","target":["https:\/\/skaitytaknyga.lt\/produktas\/kaip-isvalyti-savo-karmos-asoti\/"]}]},{"@type":"ImageObject","inLanguage":"en-GB","@id":"https:\/\/skaitytaknyga.lt\/produktas\/kaip-isvalyti-savo-karmos-asoti\/#primaryimage","url":"https:\/\/skaitytaknyga.lt\/wp-content\/uploads\/2024\/12\/Kaip-isvalyti-savo-Karmos-asoti-1.webp","contentUrl":"https:\/\/skaitytaknyga.lt\/wp-content\/uploads\/2024\/12\/Kaip-isvalyti-savo-Karmos-asoti-1.webp","width":300,"height":484,"caption":"Kaip i\u0161valyti savo Karmos \u0105sot\u012f"},{"@type":"BreadcrumbList","@id":"https:\/\/skaitytaknyga.lt\/produktas\/kaip-isvalyti-savo-karmos-asoti\/#breadcrumb","itemListElement":[{"@type":"ListItem","position":1,"name":"Home","item":"https:\/\/skaitytaknyga.lt\/"},{"@type":"ListItem","position":2,"name":"Parduotuv\u0117","item":"https:\/\/skaitytaknyga.lt\/knygu-parduotuve\/"},{"@type":"ListItem","position":3,"name":"Kaip i\u0161valyti savo Karmos \u0105sot\u012f"}]},{"@type":"WebSite","@id":"https:\/\/skaitytaknyga.lt\/#website","url":"https:\/\/skaitytaknyga.lt\/","name":"skaitytaknyga.lt","description":"Skaitytaknyga.lt \u2013 tai ma\u017eas \u0161eimos verslas, kuris prasid\u0117jo nuo meil\u0117s knygoms ir siekio i\u0161gelb\u0117ti knygas nuo likimo prie konteinerio. Kas vienam nereikalingas daiktas \u2013 kitam lobis, o mes esame tarpininkai, kurie padeda abiems tapti laimingesniems ???? \u017dinome kaip nelengva i\u0161gyventi ma\u017eiems verslams, tad nuo \u0161iol, \u010dia rasite ir kit\u0173, ma\u017e\u0173 \u0161eim\u0173 versl\u0173, rank\u0173 darbo, dovan\u0173 sau ir artimiesiems.","publisher":{"@id":"https:\/\/skaitytaknyga.lt\/#organization"},"potentialAction":[{"@type":"SearchAction","target":{"@type":"EntryPoint","urlTemplate":"https:\/\/skaitytaknyga.lt\/?s={search_term_string}"},"query-input":{"@type":"PropertyValueSpecification","valueRequired":true,"valueName":"search_term_string"}}],"inLanguage":"en-GB"},{"@type":"Organization","@id":"https:\/\/skaitytaknyga.lt\/#organization","name":"skaitytaknyga.lt","url":"https:\/\/skaitytaknyga.lt\/","logo":{"@type":"ImageObject","inLanguage":"en-GB","@id":"https:\/\/skaitytaknyga.lt\/#\/schema\/logo\/image\/","url":"https:\/\/skaitytaknyga.lt\/wp-content\/uploads\/2024\/05\/cropped-cropped-cropped-02_00843_jt3bggkj1j3HLc7SyY6rEUpg.jpeg","contentUrl":"https:\/\/skaitytaknyga.lt\/wp-content\/uploads\/2024\/05\/cropped-cropped-cropped-02_00843_jt3bggkj1j3HLc7SyY6rEUpg.jpeg","width":1600,"height":1600,"caption":"skaitytaknyga.lt"},"image":{"@id":"https:\/\/skaitytaknyga.lt\/#\/schema\/logo\/image\/"},"sameAs":["https:\/\/www.facebook.com\/skaitytaknyga\/"]}]}},"_links":{"self":[{"href":"https:\/\/skaitytaknyga.lt\/en\/wp-json\/wp\/v2\/product\/15468","targetHints":{"allow":["GET"]}}],"collection":[{"href":"https:\/\/skaitytaknyga.lt\/en\/wp-json\/wp\/v2\/product"}],"about":[{"href":"https:\/\/skaitytaknyga.lt\/en\/wp-json\/wp\/v2\/types\/product"}],"replies":[{"embeddable":true,"href":"https:\/\/skaitytaknyga.lt\/en\/wp-json\/wp\/v2\/comments?post=15468"}],"wp:featuredmedia":[{"embeddable":true,"href":"https:\/\/skaitytaknyga.lt\/en\/wp-json\/wp\/v2\/media\/22691"}],"wp:attachment":[{"href":"https:\/\/skaitytaknyga.lt\/en\/wp-json\/wp\/v2\/media?parent=15468"}],"wp:term":[{"taxonomy":"product_brand","embeddable":true,"href":"https:\/\/skaitytaknyga.lt\/en\/wp-json\/wp\/v2\/product_brand?post=15468"},{"taxonomy":"product_cat","embeddable":true,"href":"https:\/\/skaitytaknyga.lt\/en\/wp-json\/wp\/v2\/product_cat?post=15468"},{"taxonomy":"product_tag","embeddable":true,"href":"https:\/\/skaitytaknyga.lt\/en\/wp-json\/wp\/v2\/product_tag?post=15468"}],"curies":[{"name":"wp","href":"https:\/\/api.w.org\/{rel}","templated":true}]}}