{"id":15466,"date":"2024-12-17T14:15:32","date_gmt":"2024-12-17T12:15:32","guid":{"rendered":"https:\/\/skaitytaknyga.lt\/?post_type=product&#038;p=15466"},"modified":"2025-06-11T13:42:13","modified_gmt":"2025-06-11T10:42:13","slug":"kataru-sugrizimas","status":"publish","type":"product","link":"https:\/\/skaitytaknyga.lt\/en\/produktas\/kataru-sugrizimas\/","title":{"rendered":"Katar\u0173 sugr\u012f\u017eimas"},"content":{"rendered":"<p>Dar likus \u0161imtme\u010diui iki tamplieri\u0173 ordino \u017elugimo, popie\u017eius paskelb\u0117 anatem\u0105 \u2013 atskyrim\u0105 nuo Ba\u017eny\u010dios. Prasid\u0117jo kruvinas kry\u017eiaus \u017eygis prie\u0161 eretikais vadintus katarus. Piet\u0173 Pranc\u016bzijoje pakilo siaubing\u0173 \u017eudyni\u0173 banga. Nesigail\u0117ta nei moter\u0173, nei vaik\u0173.<\/p>\n<p>Pra\u0117jus a\u0161tuoniems am\u017eiams po j\u0173 i\u0161naikinimo, i\u0161tikimi savo tik\u0117jimui katarai sugr\u012f\u017eta, \u0161\u012fsyk \u012fsiam\u017einti bet kuria kaina.<\/p>\n<p>\u012evykdomas pasik\u0117sinimas galingiausioje pasaulio komunikacij\u0173 kompanijoje, Deiviso korporacijoje. Pagrindinis knygos veik\u0117jas Chaim\u0117 netik\u0117tai tampa liudininku. Be to, jis \u201eatsitiktinai\u201c susipa\u017e\u012fsta su \u017eavinga bendradarbe Karen ir j\u0105 kar\u0161tai \u012fsimyli. Ji suveda vyr\u0105 su viduram\u017eiais vadint\u0173 eretikais, m\u012fsling\u0173j\u0173 katar\u0173 sek\u0117jais.<\/p>\n<p>Misti\u0161kuose sapnuose-sugr\u012f\u017eimuose Chaim\u0117 i\u0161gyvena tragi\u0161kus XIII am\u017eiaus \u012fvykius: kry\u017eiaus \u017eygius prie\u0161 katarus, u\u017edraust\u0105 katalik\u0173 karaliaus meil\u0119 eretikei Korbai. Stulbinamai pana\u0161iai \u012fsiplieskia ir jo aistra Karen.<\/p>\n<p>Nepaj\u0117gdamas atsisakyti mylimos moters, Chaim\u0117 \u012fsivelia \u012f negailesting\u0105 kov\u0105 tarp slapt\u0173 organizacij\u0173, kurios siekia nuversti sen\u0105j\u012f Deivis\u0105 \u2013 galing\u0105j\u012f \u0161ios korporacijos \u0161eiminink\u0105, galint\u012f pakeisti net valstyb\u0117s politikos krypt\u012f.<\/p>\n<ul class=\"about-product d-none d-xl-block mt-4\">\n<li><strong>Originalus pavadinimas:<\/strong>\u00a0El Retorno Cataro<\/li>\n<li><strong>Leid\u0117jas:<\/strong>\u00a0Versus Aureus<\/li>\n<li><strong>Metai:<\/strong>\u00a02007<\/li>\n<li><strong>Puslapiai:<\/strong>\u00a0503<\/li>\n<li class=\"toggleable type-new-formats \"><strong>ISBN:<\/strong>\u00a09789955699712<\/li>\n<li class=\"toggleable type-new-formats \"><strong>Formatas:<\/strong>\u00a014,5 x 21 cm, kieti vir\u0161eliai<\/li>\n<li><strong>Kalba:<\/strong>\u00a0Lietuvi\u0173<\/li>\n<li><strong>Vert\u0117jas:<\/strong>\u00a0Alma Naujokaitien\u0117<\/li>\n<\/ul>\n","protected":false},"excerpt":{"rendered":"<p>Dar likus \u0161imtme\u010diui iki tamplieri\u0173 ordino \u017elugimo, popie\u017eius paskelb\u0117 anatem\u0105 \u2013 atskyrim\u0105 nuo Ba\u017eny\u010dios. Prasid\u0117jo kruvinas kry\u017eiaus \u017eygis prie\u0161 eretikais vadintus katarus. Piet\u0173 Pranc\u016bzijoje pakilo siaubing\u0173 \u017eudyni\u0173 banga. Nesigail\u0117ta nei moter\u0173, nei vaik\u0173. Pra\u0117jus a\u0161tuoniems am\u017eiams po j\u0173 i\u0161naikinimo, i\u0161tikimi savo tik\u0117jimui katarai sugr\u012f\u017eta, \u0161\u012fsyk \u012fsiam\u017einti bet kuria kaina. \u012evykdomas pasik\u0117sinimas galingiausioje pasaulio komunikacij\u0173 kompanijoje, Deiviso korporacijoje. Pagrindinis knygos veik\u0117jas Chaim\u0117 netik\u0117tai tampa liudininku. Be to, jis \u201eatsitiktinai\u201c susipa\u017e\u012fsta su \u017eavinga bendradarbe Karen ir j\u0105 kar\u0161tai \u012fsimyli. Ji suveda vyr\u0105 su viduram\u017eiais vadint\u0173 eretikais, m\u012fsling\u0173j\u0173 katar\u0173 sek\u0117jais. Misti\u0161kuose sapnuose-sugr\u012f\u017eimuose Chaim\u0117 i\u0161gyvena tragi\u0161kus XIII am\u017eiaus \u012fvykius: kry\u017eiaus \u017eygius prie\u0161 katarus, u\u017edraust\u0105 katalik\u0173 karaliaus meil\u0119 eretikei Korbai. Stulbinamai pana\u0161iai \u012fsiplieskia ir jo aistra Karen. Nepaj\u0117gdamas atsisakyti mylimos moters, Chaim\u0117 \u012fsivelia \u012f negailesting\u0105 kov\u0105 tarp slapt\u0173 organizacij\u0173, kurios siekia nuversti sen\u0105j\u012f Deivis\u0105 \u2013 galing\u0105j\u012f \u0161ios korporacijos \u0161eiminink\u0105, galint\u012f pakeisti net valstyb\u0117s politikos krypt\u012f. Originalus pavadinimas:\u00a0El Retorno Cataro Leid\u0117jas:\u00a0Versus Aureus Metai:\u00a02007 Puslapiai:\u00a0503 ISBN:\u00a09789955699712 Formatas:\u00a014,5 x 21 cm, kieti vir\u0161eliai Kalba:\u00a0Lietuvi\u0173 Vert\u0117jas:\u00a0Alma Naujokaitien\u0117<\/p>\n","protected":false},"featured_media":15518,"comment_status":"open","ping_status":"closed","template":"","meta":{"_acf_changed":false,"site-sidebar-layout":"default","site-content-layout":"","ast-site-content-layout":"default","site-content-style":"default","site-sidebar-style":"default","ast-global-header-display":"","ast-banner-title-visibility":"","ast-main-header-display":"","ast-hfb-above-header-display":"","ast-hfb-below-header-display":"","ast-hfb-mobile-header-display":"","site-post-title":"","ast-breadcrumbs-content":"","ast-featured-img":"","footer-sml-layout":"","ast-disable-related-posts":"","theme-transparent-header-meta":"default","adv-header-id-meta":"","stick-header-meta":"","header-above-stick-meta":"","header-main-stick-meta":"","header-below-stick-meta":"","astra-migrate-meta-layouts":"set","ast-page-background-enabled":"default","ast-page-background-meta":{"desktop":{"background-color":"","background-image":"","background-repeat":"repeat","background-position":"center center","background-size":"auto","background-attachment":"scroll","background-type":"","background-media":"","overlay-type":"","overlay-color":"","overlay-opacity":"","overlay-gradient":""},"tablet":{"background-color":"","background-image":"","background-repeat":"repeat","background-position":"center center","background-size":"auto","background-attachment":"scroll","background-type":"","background-media":"","overlay-type":"","overlay-color":"","overlay-opacity":"","overlay-gradient":""},"mobile":{"background-color":"","background-image":"","background-repeat":"repeat","background-position":"center center","background-size":"auto","background-attachment":"scroll","background-type":"","background-media":"","overlay-type":"","overlay-color":"","overlay-opacity":"","overlay-gradient":""}},"ast-content-background-meta":{"desktop":{"background-color":"var(--ast-global-color-4)","background-image":"","background-repeat":"repeat","background-position":"center center","background-size":"auto","background-attachment":"scroll","background-type":"","background-media":"","overlay-type":"","overlay-color":"","overlay-opacity":"","overlay-gradient":""},"tablet":{"background-color":"var(--ast-global-color-4)","background-image":"","background-repeat":"repeat","background-position":"center center","background-size":"auto","background-attachment":"scroll","background-type":"","background-media":"","overlay-type":"","overlay-color":"","overlay-opacity":"","overlay-gradient":""},"mobile":{"background-color":"var(--ast-global-color-4)","background-image":"","background-repeat":"repeat","background-position":"center center","background-size":"auto","background-attachment":"scroll","background-type":"","background-media":"","overlay-type":"","overlay-color":"","overlay-opacity":"","overlay-gradient":""}}},"product_brand":[],"product_cat":[31,15],"product_tag":[4920,5070,5072,2944,5071,3040],"class_list":{"0":"post-15466","1":"product","2":"type-product","3":"status-publish","4":"has-post-thumbnail","6":"product_cat-grozine-literatura","7":"product_cat-uncategorized","8":"product_tag-ispanija","9":"product_tag-kataru-sugrizimas","10":"product_tag-kryziaus-zygiai","11":"product_tag-mistika","12":"product_tag-religinis-trileris","13":"product_tag-viduramziai","14":"desktop-align-left","15":"tablet-align-left","16":"mobile-align-left","18":"first","19":"instock","20":"shipping-taxable","21":"purchasable","22":"product-type-simple"},"acf":[],"yoast_head":"<!-- This site is optimized with the Yoast SEO plugin v27.0 - https:\/\/yoast.com\/product\/yoast-seo-wordpress\/ -->\n<title>Katar\u0173 sugr\u012f\u017eimas<\/title>\n<meta name=\"description\" content=\"Dar likus \u0161imtme\u010diui iki tamplieri\u0173 ordino \u017elugimo, popie\u017eius paskelb\u0117 anatem\u0105 \u2013 atskyrim\u0105 nuo Ba\u017eny\u010dios. Prasid\u0117jo kruvinas kry\u017eiaus \u017eygis prie\u0161\" \/>\n<meta name=\"robots\" content=\"index, follow, max-snippet:-1, max-image-preview:large, max-video-preview:-1\" \/>\n<link rel=\"canonical\" href=\"https:\/\/skaitytaknyga.lt\/en\/produktas\/kataru-sugrizimas\/\" \/>\n<meta property=\"og:locale\" content=\"en_GB\" \/>\n<meta property=\"og:locale:alternate\" content=\"lt_LT\" \/>\n<meta property=\"og:type\" content=\"article\" \/>\n<meta property=\"og:title\" content=\"Katar\u0173 sugr\u012f\u017eimas\" \/>\n<meta property=\"og:description\" content=\"Dar likus \u0161imtme\u010diui iki tamplieri\u0173 ordino \u017elugimo, popie\u017eius paskelb\u0117 anatem\u0105 \u2013 atskyrim\u0105 nuo Ba\u017eny\u010dios. Prasid\u0117jo kruvinas kry\u017eiaus \u017eygis prie\u0161\" \/>\n<meta property=\"og:url\" content=\"https:\/\/skaitytaknyga.lt\/en\/produktas\/kataru-sugrizimas\/\" \/>\n<meta property=\"og:site_name\" content=\"Skaitytaknyga\" \/>\n<meta property=\"article:publisher\" content=\"https:\/\/www.facebook.com\/skaitytaknyga\/\" \/>\n<meta property=\"article:modified_time\" content=\"2025-06-11T10:42:13+00:00\" \/>\n<meta property=\"og:image\" content=\"https:\/\/skaitytaknyga.lt\/wp-content\/uploads\/2024\/12\/Kataru-sugrizimas.webp\" \/>\n\t<meta property=\"og:image:width\" content=\"523\" \/>\n\t<meta property=\"og:image:height\" content=\"800\" \/>\n\t<meta property=\"og:image:type\" content=\"image\/webp\" \/>\n<meta name=\"twitter:card\" content=\"summary_large_image\" \/>\n<meta name=\"twitter:label1\" content=\"Estimated reading time\" \/>\n\t<meta name=\"twitter:data1\" content=\"2 minutes\" \/>\n<script type=\"application\/ld+json\" class=\"yoast-schema-graph\">{\"@context\":\"https:\/\/schema.org\",\"@graph\":[{\"@type\":\"WebPage\",\"@id\":\"https:\/\/skaitytaknyga.lt\/produktas\/kataru-sugrizimas\/\",\"url\":\"https:\/\/skaitytaknyga.lt\/produktas\/kataru-sugrizimas\/\",\"name\":\"Katar\u0173 sugr\u012f\u017eimas\",\"isPartOf\":{\"@id\":\"https:\/\/skaitytaknyga.lt\/#website\"},\"primaryImageOfPage\":{\"@id\":\"https:\/\/skaitytaknyga.lt\/produktas\/kataru-sugrizimas\/#primaryimage\"},\"image\":{\"@id\":\"https:\/\/skaitytaknyga.lt\/produktas\/kataru-sugrizimas\/#primaryimage\"},\"thumbnailUrl\":\"https:\/\/skaitytaknyga.lt\/wp-content\/uploads\/2024\/12\/Kataru-sugrizimas.webp\",\"datePublished\":\"2024-12-17T12:15:32+00:00\",\"dateModified\":\"2025-06-11T10:42:13+00:00\",\"description\":\"Dar likus \u0161imtme\u010diui iki tamplieri\u0173 ordino \u017elugimo, popie\u017eius paskelb\u0117 anatem\u0105 \u2013 atskyrim\u0105 nuo Ba\u017eny\u010dios. Prasid\u0117jo kruvinas kry\u017eiaus \u017eygis prie\u0161\",\"breadcrumb\":{\"@id\":\"https:\/\/skaitytaknyga.lt\/produktas\/kataru-sugrizimas\/#breadcrumb\"},\"inLanguage\":\"en-GB\",\"potentialAction\":[{\"@type\":\"ReadAction\",\"target\":[\"https:\/\/skaitytaknyga.lt\/produktas\/kataru-sugrizimas\/\"]}]},{\"@type\":\"ImageObject\",\"inLanguage\":\"en-GB\",\"@id\":\"https:\/\/skaitytaknyga.lt\/produktas\/kataru-sugrizimas\/#primaryimage\",\"url\":\"https:\/\/skaitytaknyga.lt\/wp-content\/uploads\/2024\/12\/Kataru-sugrizimas.webp\",\"contentUrl\":\"https:\/\/skaitytaknyga.lt\/wp-content\/uploads\/2024\/12\/Kataru-sugrizimas.webp\",\"width\":523,\"height\":800,\"caption\":\"Katar\u0173 sugr\u012f\u017eimas\"},{\"@type\":\"BreadcrumbList\",\"@id\":\"https:\/\/skaitytaknyga.lt\/produktas\/kataru-sugrizimas\/#breadcrumb\",\"itemListElement\":[{\"@type\":\"ListItem\",\"position\":1,\"name\":\"Home\",\"item\":\"https:\/\/skaitytaknyga.lt\/\"},{\"@type\":\"ListItem\",\"position\":2,\"name\":\"Parduotuv\u0117\",\"item\":\"https:\/\/skaitytaknyga.lt\/knygu-parduotuve\/\"},{\"@type\":\"ListItem\",\"position\":3,\"name\":\"Katar\u0173 sugr\u012f\u017eimas\"}]},{\"@type\":\"WebSite\",\"@id\":\"https:\/\/skaitytaknyga.lt\/#website\",\"url\":\"https:\/\/skaitytaknyga.lt\/\",\"name\":\"skaitytaknyga.lt\",\"description\":\"Skaitytaknyga.lt \u2013 tai ma\u017eas \u0161eimos verslas, kuris prasid\u0117jo nuo meil\u0117s knygoms ir siekio i\u0161gelb\u0117ti knygas nuo likimo prie konteinerio. Kas vienam nereikalingas daiktas \u2013 kitam lobis, o mes esame tarpininkai, kurie padeda abiems tapti laimingesniems ???? \u017dinome kaip nelengva i\u0161gyventi ma\u017eiems verslams, tad nuo \u0161iol, \u010dia rasite ir kit\u0173, ma\u017e\u0173 \u0161eim\u0173 versl\u0173, rank\u0173 darbo, dovan\u0173 sau ir artimiesiems.\",\"publisher\":{\"@id\":\"https:\/\/skaitytaknyga.lt\/#organization\"},\"potentialAction\":[{\"@type\":\"SearchAction\",\"target\":{\"@type\":\"EntryPoint\",\"urlTemplate\":\"https:\/\/skaitytaknyga.lt\/?s={search_term_string}\"},\"query-input\":{\"@type\":\"PropertyValueSpecification\",\"valueRequired\":true,\"valueName\":\"search_term_string\"}}],\"inLanguage\":\"en-GB\"},{\"@type\":\"Organization\",\"@id\":\"https:\/\/skaitytaknyga.lt\/#organization\",\"name\":\"skaitytaknyga.lt\",\"url\":\"https:\/\/skaitytaknyga.lt\/\",\"logo\":{\"@type\":\"ImageObject\",\"inLanguage\":\"en-GB\",\"@id\":\"https:\/\/skaitytaknyga.lt\/#\/schema\/logo\/image\/\",\"url\":\"https:\/\/skaitytaknyga.lt\/wp-content\/uploads\/2024\/05\/cropped-cropped-cropped-02_00843_jt3bggkj1j3HLc7SyY6rEUpg.jpeg\",\"contentUrl\":\"https:\/\/skaitytaknyga.lt\/wp-content\/uploads\/2024\/05\/cropped-cropped-cropped-02_00843_jt3bggkj1j3HLc7SyY6rEUpg.jpeg\",\"width\":1600,\"height\":1600,\"caption\":\"skaitytaknyga.lt\"},\"image\":{\"@id\":\"https:\/\/skaitytaknyga.lt\/#\/schema\/logo\/image\/\"},\"sameAs\":[\"https:\/\/www.facebook.com\/skaitytaknyga\/\"]}]}<\/script>\n<!-- \/ Yoast SEO plugin. -->","yoast_head_json":{"title":"Katar\u0173 sugr\u012f\u017eimas","description":"Dar likus \u0161imtme\u010diui iki tamplieri\u0173 ordino \u017elugimo, popie\u017eius paskelb\u0117 anatem\u0105 \u2013 atskyrim\u0105 nuo Ba\u017eny\u010dios. Prasid\u0117jo kruvinas kry\u017eiaus \u017eygis prie\u0161","robots":{"index":"index","follow":"follow","max-snippet":"max-snippet:-1","max-image-preview":"max-image-preview:large","max-video-preview":"max-video-preview:-1"},"canonical":"https:\/\/skaitytaknyga.lt\/en\/produktas\/kataru-sugrizimas\/","og_locale":"en_GB","og_type":"article","og_title":"[:lt]Katar\u0173 sugr\u012f\u017eimas[:] - Skaitytaknyga","og_description":"Dar likus \u0161imtme\u010diui iki tamplieri\u0173 ordino \u017elugimo, popie\u017eius paskelb\u0117 anatem\u0105 \u2013 atskyrim\u0105 nuo Ba\u017eny\u010dios. Prasid\u0117jo kruvinas kry\u017eiaus \u017eygis prie\u0161","og_url":"https:\/\/skaitytaknyga.lt\/en\/produktas\/kataru-sugrizimas\/","og_site_name":"Skaitytaknyga","article_publisher":"https:\/\/www.facebook.com\/skaitytaknyga\/","article_modified_time":"2025-06-11T10:42:13+00:00","og_image":[{"width":523,"height":800,"url":"https:\/\/skaitytaknyga.lt\/wp-content\/uploads\/2024\/12\/Kataru-sugrizimas.webp","type":"image\/webp"}],"twitter_card":"summary_large_image","twitter_misc":{"Estimated reading time":"2 minutes"},"schema":{"@context":"https:\/\/schema.org","@graph":[{"@type":"WebPage","@id":"https:\/\/skaitytaknyga.lt\/produktas\/kataru-sugrizimas\/","url":"https:\/\/skaitytaknyga.lt\/produktas\/kataru-sugrizimas\/","name":"Katar\u0173 sugr\u012f\u017eimas","isPartOf":{"@id":"https:\/\/skaitytaknyga.lt\/#website"},"primaryImageOfPage":{"@id":"https:\/\/skaitytaknyga.lt\/produktas\/kataru-sugrizimas\/#primaryimage"},"image":{"@id":"https:\/\/skaitytaknyga.lt\/produktas\/kataru-sugrizimas\/#primaryimage"},"thumbnailUrl":"https:\/\/skaitytaknyga.lt\/wp-content\/uploads\/2024\/12\/Kataru-sugrizimas.webp","datePublished":"2024-12-17T12:15:32+00:00","dateModified":"2025-06-11T10:42:13+00:00","description":"Dar likus \u0161imtme\u010diui iki tamplieri\u0173 ordino \u017elugimo, popie\u017eius paskelb\u0117 anatem\u0105 \u2013 atskyrim\u0105 nuo Ba\u017eny\u010dios. Prasid\u0117jo kruvinas kry\u017eiaus \u017eygis prie\u0161","breadcrumb":{"@id":"https:\/\/skaitytaknyga.lt\/produktas\/kataru-sugrizimas\/#breadcrumb"},"inLanguage":"en-GB","potentialAction":[{"@type":"ReadAction","target":["https:\/\/skaitytaknyga.lt\/produktas\/kataru-sugrizimas\/"]}]},{"@type":"ImageObject","inLanguage":"en-GB","@id":"https:\/\/skaitytaknyga.lt\/produktas\/kataru-sugrizimas\/#primaryimage","url":"https:\/\/skaitytaknyga.lt\/wp-content\/uploads\/2024\/12\/Kataru-sugrizimas.webp","contentUrl":"https:\/\/skaitytaknyga.lt\/wp-content\/uploads\/2024\/12\/Kataru-sugrizimas.webp","width":523,"height":800,"caption":"Katar\u0173 sugr\u012f\u017eimas"},{"@type":"BreadcrumbList","@id":"https:\/\/skaitytaknyga.lt\/produktas\/kataru-sugrizimas\/#breadcrumb","itemListElement":[{"@type":"ListItem","position":1,"name":"Home","item":"https:\/\/skaitytaknyga.lt\/"},{"@type":"ListItem","position":2,"name":"Parduotuv\u0117","item":"https:\/\/skaitytaknyga.lt\/knygu-parduotuve\/"},{"@type":"ListItem","position":3,"name":"Katar\u0173 sugr\u012f\u017eimas"}]},{"@type":"WebSite","@id":"https:\/\/skaitytaknyga.lt\/#website","url":"https:\/\/skaitytaknyga.lt\/","name":"skaitytaknyga.lt","description":"Skaitytaknyga.lt \u2013 tai ma\u017eas \u0161eimos verslas, kuris prasid\u0117jo nuo meil\u0117s knygoms ir siekio i\u0161gelb\u0117ti knygas nuo likimo prie konteinerio. Kas vienam nereikalingas daiktas \u2013 kitam lobis, o mes esame tarpininkai, kurie padeda abiems tapti laimingesniems ???? \u017dinome kaip nelengva i\u0161gyventi ma\u017eiems verslams, tad nuo \u0161iol, \u010dia rasite ir kit\u0173, ma\u017e\u0173 \u0161eim\u0173 versl\u0173, rank\u0173 darbo, dovan\u0173 sau ir artimiesiems.","publisher":{"@id":"https:\/\/skaitytaknyga.lt\/#organization"},"potentialAction":[{"@type":"SearchAction","target":{"@type":"EntryPoint","urlTemplate":"https:\/\/skaitytaknyga.lt\/?s={search_term_string}"},"query-input":{"@type":"PropertyValueSpecification","valueRequired":true,"valueName":"search_term_string"}}],"inLanguage":"en-GB"},{"@type":"Organization","@id":"https:\/\/skaitytaknyga.lt\/#organization","name":"skaitytaknyga.lt","url":"https:\/\/skaitytaknyga.lt\/","logo":{"@type":"ImageObject","inLanguage":"en-GB","@id":"https:\/\/skaitytaknyga.lt\/#\/schema\/logo\/image\/","url":"https:\/\/skaitytaknyga.lt\/wp-content\/uploads\/2024\/05\/cropped-cropped-cropped-02_00843_jt3bggkj1j3HLc7SyY6rEUpg.jpeg","contentUrl":"https:\/\/skaitytaknyga.lt\/wp-content\/uploads\/2024\/05\/cropped-cropped-cropped-02_00843_jt3bggkj1j3HLc7SyY6rEUpg.jpeg","width":1600,"height":1600,"caption":"skaitytaknyga.lt"},"image":{"@id":"https:\/\/skaitytaknyga.lt\/#\/schema\/logo\/image\/"},"sameAs":["https:\/\/www.facebook.com\/skaitytaknyga\/"]}]}},"_links":{"self":[{"href":"https:\/\/skaitytaknyga.lt\/en\/wp-json\/wp\/v2\/product\/15466","targetHints":{"allow":["GET"]}}],"collection":[{"href":"https:\/\/skaitytaknyga.lt\/en\/wp-json\/wp\/v2\/product"}],"about":[{"href":"https:\/\/skaitytaknyga.lt\/en\/wp-json\/wp\/v2\/types\/product"}],"replies":[{"embeddable":true,"href":"https:\/\/skaitytaknyga.lt\/en\/wp-json\/wp\/v2\/comments?post=15466"}],"wp:featuredmedia":[{"embeddable":true,"href":"https:\/\/skaitytaknyga.lt\/en\/wp-json\/wp\/v2\/media\/15518"}],"wp:attachment":[{"href":"https:\/\/skaitytaknyga.lt\/en\/wp-json\/wp\/v2\/media?parent=15466"}],"wp:term":[{"taxonomy":"product_brand","embeddable":true,"href":"https:\/\/skaitytaknyga.lt\/en\/wp-json\/wp\/v2\/product_brand?post=15466"},{"taxonomy":"product_cat","embeddable":true,"href":"https:\/\/skaitytaknyga.lt\/en\/wp-json\/wp\/v2\/product_cat?post=15466"},{"taxonomy":"product_tag","embeddable":true,"href":"https:\/\/skaitytaknyga.lt\/en\/wp-json\/wp\/v2\/product_tag?post=15466"}],"curies":[{"name":"wp","href":"https:\/\/api.w.org\/{rel}","templated":true}]}}