{"id":15465,"date":"2024-12-17T14:15:32","date_gmt":"2024-12-17T12:15:32","guid":{"rendered":"https:\/\/skaitytaknyga.lt\/?post_type=product&#038;p=15465"},"modified":"2025-05-12T08:31:18","modified_gmt":"2025-05-12T05:31:18","slug":"dvasinis-kapitalas","status":"publish","type":"product","link":"https:\/\/skaitytaknyga.lt\/en\/produktas\/dvasinis-kapitalas\/","title":{"rendered":"Dvasinis kapitalas"},"content":{"rendered":"<p>\u0160i knyga ap\u017evelgia tris kapitalo r\u016b\u0161is (material\u0173j\u012f, socialin\u012f ir dvasin\u012f) ir tris i\u0161minties r\u016b\u0161is (racionali\u0105j\u0105, emocin\u0119 ir dvasin\u0119). Kuriant tvar\u0173 kapitalizm\u0105, visos trys kapitalo r\u016b\u0161ys privalo b\u016bti kaupiamos pasitelkus visas tris i\u0161mintis.<br \/>\nJokia kapitalo r\u016b\u0161is neturi prasm\u0117s be dvasinio kapitalo pamato. Knyga bus naudinga tiems, kas dirba tokiose sferose kaip \u0161vietimas, psichologija, mokslas, politika ar verslas.<\/p>\n<p>Danah Zohar \u2013 fizik\u0117, filosof\u0117 ir vadybos teoretik\u0117. Ji daro prane\u0161imus tarptautin\u0117se konferencijose, skaito paskaitas ir veda seminarus apie versl\u0105, \u0161vietim\u0105, lyderyst\u0119 didel\u0117ms bendrov\u0117ms, fondams ir edukacin\u0117ms organizacijoms \u2013 Volvo, Shell, British Telecom, Motorola, Phillips, Skandia Insurance, UNESCO, Jaun\u0173j\u0173 prezident\u0173 organizacijoje, Europos kult\u016bros fonde ir daugelyje kit\u0173. Ianas Marshallas, jos vyras, yra psichiatras ir psichoterapeutas. Studijavo filosofij\u0105 ir psichologij\u0105 Oksfordo universitete, v\u0117liau baig\u0117 Londono universiteto Medicinos fakultet\u0105. Jiedu para\u0161\u0117 The Quantum Society, Who\u2019s Afraid of Schrodinger\u2019s Cat?, SQ: Connecting With Our Spiritual Intelligence, Spiritual Intelligence ir kitas knygas.<\/p>\n<ul class=\"about-product d-none d-xl-block mt-4\">\n<li><strong>Autorius:<\/strong>\u00a0Danah Zohar,\u00a0Ian Marshall<\/li>\n<li><strong>Leid\u0117jas:<\/strong>\u00a0Tyto alba<\/li>\n<li><strong>Metai:<\/strong>\u00a02006<\/li>\n<li><strong>Puslapiai:<\/strong>\u00a0220<\/li>\n<li class=\"toggleable type-new-formats \"><strong>ISBN:<\/strong>\u00a09789986165279<\/li>\n<li><strong>Versijos kodas:<\/strong>\u00a0PT.<\/li>\n<li class=\"toggleable type-new-formats \"><strong>Formatas:<\/strong>\u00a015 x 22 cm, kieti vir\u0161eliai<\/li>\n<li><strong>Kalba:<\/strong>\u00a0Lietuvi\u0173<\/li>\n<li><strong>Vert\u0117jas:<\/strong>\u00a0R\u016bta Montvilien\u0117<\/li>\n<\/ul>\n","protected":false},"excerpt":{"rendered":"<p>\u0160i knyga ap\u017evelgia tris kapitalo r\u016b\u0161is (material\u0173j\u012f, socialin\u012f ir dvasin\u012f) ir tris i\u0161minties r\u016b\u0161is (racionali\u0105j\u0105, emocin\u0119 ir dvasin\u0119). Kuriant tvar\u0173 kapitalizm\u0105, visos trys kapitalo r\u016b\u0161ys privalo b\u016bti kaupiamos pasitelkus visas tris i\u0161mintis. Jokia kapitalo r\u016b\u0161is neturi prasm\u0117s be dvasinio kapitalo pamato. Knyga bus naudinga tiems, kas dirba tokiose sferose kaip \u0161vietimas, psichologija, mokslas, politika ar verslas. Danah Zohar \u2013 fizik\u0117, filosof\u0117 ir vadybos teoretik\u0117. Ji daro prane\u0161imus tarptautin\u0117se konferencijose, skaito paskaitas ir veda seminarus apie versl\u0105, \u0161vietim\u0105, lyderyst\u0119 didel\u0117ms bendrov\u0117ms, fondams ir edukacin\u0117ms organizacijoms \u2013 Volvo, Shell, British Telecom, Motorola, Phillips, Skandia Insurance, UNESCO, Jaun\u0173j\u0173 prezident\u0173 organizacijoje, Europos kult\u016bros fonde ir daugelyje kit\u0173. Ianas Marshallas, jos vyras, yra psichiatras ir psichoterapeutas. Studijavo filosofij\u0105 ir psichologij\u0105 Oksfordo universitete, v\u0117liau baig\u0117 Londono universiteto Medicinos fakultet\u0105. Jiedu para\u0161\u0117 The Quantum Society, Who\u2019s Afraid of Schrodinger\u2019s Cat?, SQ: Connecting With Our Spiritual Intelligence, Spiritual Intelligence ir kitas knygas. Autorius:\u00a0Danah Zohar,\u00a0Ian Marshall Leid\u0117jas:\u00a0Tyto alba Metai:\u00a02006 Puslapiai:\u00a0220 ISBN:\u00a09789986165279 Versijos kodas:\u00a0PT. Formatas:\u00a015 x 22 cm, kieti vir\u0161eliai Kalba:\u00a0Lietuvi\u0173 Vert\u0117jas:\u00a0R\u016bta Montvilien\u0117<\/p>\n","protected":false},"featured_media":15519,"comment_status":"open","ping_status":"closed","template":"","meta":{"_acf_changed":false,"site-sidebar-layout":"default","site-content-layout":"","ast-site-content-layout":"default","site-content-style":"default","site-sidebar-style":"default","ast-global-header-display":"","ast-banner-title-visibility":"","ast-main-header-display":"","ast-hfb-above-header-display":"","ast-hfb-below-header-display":"","ast-hfb-mobile-header-display":"","site-post-title":"","ast-breadcrumbs-content":"","ast-featured-img":"","footer-sml-layout":"","ast-disable-related-posts":"","theme-transparent-header-meta":"default","adv-header-id-meta":"","stick-header-meta":"","header-above-stick-meta":"","header-main-stick-meta":"","header-below-stick-meta":"","astra-migrate-meta-layouts":"set","ast-page-background-enabled":"default","ast-page-background-meta":{"desktop":{"background-color":"","background-image":"","background-repeat":"repeat","background-position":"center center","background-size":"auto","background-attachment":"scroll","background-type":"","background-media":"","overlay-type":"","overlay-color":"","overlay-opacity":"","overlay-gradient":""},"tablet":{"background-color":"","background-image":"","background-repeat":"repeat","background-position":"center center","background-size":"auto","background-attachment":"scroll","background-type":"","background-media":"","overlay-type":"","overlay-color":"","overlay-opacity":"","overlay-gradient":""},"mobile":{"background-color":"","background-image":"","background-repeat":"repeat","background-position":"center center","background-size":"auto","background-attachment":"scroll","background-type":"","background-media":"","overlay-type":"","overlay-color":"","overlay-opacity":"","overlay-gradient":""}},"ast-content-background-meta":{"desktop":{"background-color":"var(--ast-global-color-4)","background-image":"","background-repeat":"repeat","background-position":"center center","background-size":"auto","background-attachment":"scroll","background-type":"","background-media":"","overlay-type":"","overlay-color":"","overlay-opacity":"","overlay-gradient":""},"tablet":{"background-color":"var(--ast-global-color-4)","background-image":"","background-repeat":"repeat","background-position":"center center","background-size":"auto","background-attachment":"scroll","background-type":"","background-media":"","overlay-type":"","overlay-color":"","overlay-opacity":"","overlay-gradient":""},"mobile":{"background-color":"var(--ast-global-color-4)","background-image":"","background-repeat":"repeat","background-position":"center center","background-size":"auto","background-attachment":"scroll","background-type":"","background-media":"","overlay-type":"","overlay-color":"","overlay-opacity":"","overlay-gradient":""}}},"product_brand":[],"product_cat":[15,165],"product_tag":[1516,1512,1517,1408,1515,1396,1513,1514],"class_list":{"0":"post-15465","1":"product","2":"type-product","3":"status-publish","4":"has-post-thumbnail","6":"product_cat-uncategorized","7":"product_cat-religija-filosofija-ir-ezoterika","8":"product_tag-danah-zohar","9":"product_tag-dvasinis-kapitalas","10":"product_tag-ian-marshall","11":"product_tag-lyderyste","12":"product_tag-organizaciju-kultura","13":"product_tag-saviugda","14":"product_tag-verslo-etika","15":"product_tag-vertybes","16":"desktop-align-left","17":"tablet-align-left","18":"mobile-align-left","20":"first","21":"outofstock","22":"shipping-taxable","23":"purchasable","24":"product-type-simple"},"acf":[],"yoast_head":"<!-- This site is optimized with the Yoast SEO plugin v27.0 - https:\/\/yoast.com\/product\/yoast-seo-wordpress\/ -->\n<title>Dvasinis kapitalas<\/title>\n<meta name=\"description\" content=\"\u0160i knyga ap\u017evelgia tris kapitalo r\u016b\u0161is (material\u0173j\u012f, socialin\u012f ir dvasin\u012f) ir tris i\u0161minties r\u016b\u0161is (racionali\u0105j\u0105, emocin\u0119 ir dvasin\u0119). Kuriant tvar\u0173\" \/>\n<meta name=\"robots\" content=\"index, follow, max-snippet:-1, max-image-preview:large, max-video-preview:-1\" \/>\n<link rel=\"canonical\" href=\"https:\/\/skaitytaknyga.lt\/en\/produktas\/dvasinis-kapitalas\/\" \/>\n<meta property=\"og:locale\" content=\"en_GB\" \/>\n<meta property=\"og:locale:alternate\" content=\"lt_LT\" \/>\n<meta property=\"og:type\" content=\"article\" \/>\n<meta property=\"og:title\" content=\"Dvasinis kapitalas\" \/>\n<meta property=\"og:description\" content=\"\u0160i knyga ap\u017evelgia tris kapitalo r\u016b\u0161is (material\u0173j\u012f, socialin\u012f ir dvasin\u012f) ir tris i\u0161minties r\u016b\u0161is (racionali\u0105j\u0105, emocin\u0119 ir dvasin\u0119). Kuriant tvar\u0173\" \/>\n<meta property=\"og:url\" content=\"https:\/\/skaitytaknyga.lt\/en\/produktas\/dvasinis-kapitalas\/\" \/>\n<meta property=\"og:site_name\" content=\"Skaitytaknyga\" \/>\n<meta property=\"article:publisher\" content=\"https:\/\/www.facebook.com\/skaitytaknyga\/\" \/>\n<meta property=\"article:modified_time\" content=\"2025-05-12T05:31:18+00:00\" \/>\n<meta property=\"og:image\" content=\"https:\/\/skaitytaknyga.lt\/wp-content\/uploads\/2024\/12\/Dvasinis-kapitalas.webp\" \/>\n\t<meta property=\"og:image:width\" content=\"524\" \/>\n\t<meta property=\"og:image:height\" content=\"800\" \/>\n\t<meta property=\"og:image:type\" content=\"image\/webp\" \/>\n<meta name=\"twitter:card\" content=\"summary_large_image\" \/>\n<meta name=\"twitter:label1\" content=\"Estimated reading time\" \/>\n\t<meta name=\"twitter:data1\" content=\"1 minute\" \/>\n<script type=\"application\/ld+json\" class=\"yoast-schema-graph\">{\"@context\":\"https:\/\/schema.org\",\"@graph\":[{\"@type\":\"WebPage\",\"@id\":\"https:\/\/skaitytaknyga.lt\/produktas\/dvasinis-kapitalas\/\",\"url\":\"https:\/\/skaitytaknyga.lt\/produktas\/dvasinis-kapitalas\/\",\"name\":\"Dvasinis kapitalas\",\"isPartOf\":{\"@id\":\"https:\/\/skaitytaknyga.lt\/#website\"},\"primaryImageOfPage\":{\"@id\":\"https:\/\/skaitytaknyga.lt\/produktas\/dvasinis-kapitalas\/#primaryimage\"},\"image\":{\"@id\":\"https:\/\/skaitytaknyga.lt\/produktas\/dvasinis-kapitalas\/#primaryimage\"},\"thumbnailUrl\":\"https:\/\/skaitytaknyga.lt\/wp-content\/uploads\/2024\/12\/Dvasinis-kapitalas.webp\",\"datePublished\":\"2024-12-17T12:15:32+00:00\",\"dateModified\":\"2025-05-12T05:31:18+00:00\",\"description\":\"\u0160i knyga ap\u017evelgia tris kapitalo r\u016b\u0161is (material\u0173j\u012f, socialin\u012f ir dvasin\u012f) ir tris i\u0161minties r\u016b\u0161is (racionali\u0105j\u0105, emocin\u0119 ir dvasin\u0119). Kuriant tvar\u0173\",\"breadcrumb\":{\"@id\":\"https:\/\/skaitytaknyga.lt\/produktas\/dvasinis-kapitalas\/#breadcrumb\"},\"inLanguage\":\"en-GB\",\"potentialAction\":[{\"@type\":\"ReadAction\",\"target\":[\"https:\/\/skaitytaknyga.lt\/produktas\/dvasinis-kapitalas\/\"]}]},{\"@type\":\"ImageObject\",\"inLanguage\":\"en-GB\",\"@id\":\"https:\/\/skaitytaknyga.lt\/produktas\/dvasinis-kapitalas\/#primaryimage\",\"url\":\"https:\/\/skaitytaknyga.lt\/wp-content\/uploads\/2024\/12\/Dvasinis-kapitalas.webp\",\"contentUrl\":\"https:\/\/skaitytaknyga.lt\/wp-content\/uploads\/2024\/12\/Dvasinis-kapitalas.webp\",\"width\":524,\"height\":800,\"caption\":\"Dvasinis kapitalas\"},{\"@type\":\"BreadcrumbList\",\"@id\":\"https:\/\/skaitytaknyga.lt\/produktas\/dvasinis-kapitalas\/#breadcrumb\",\"itemListElement\":[{\"@type\":\"ListItem\",\"position\":1,\"name\":\"Home\",\"item\":\"https:\/\/skaitytaknyga.lt\/\"},{\"@type\":\"ListItem\",\"position\":2,\"name\":\"Parduotuv\u0117\",\"item\":\"https:\/\/skaitytaknyga.lt\/knygu-parduotuve\/\"},{\"@type\":\"ListItem\",\"position\":3,\"name\":\"Dvasinis kapitalas\"}]},{\"@type\":\"WebSite\",\"@id\":\"https:\/\/skaitytaknyga.lt\/#website\",\"url\":\"https:\/\/skaitytaknyga.lt\/\",\"name\":\"skaitytaknyga.lt\",\"description\":\"Skaitytaknyga.lt \u2013 tai ma\u017eas \u0161eimos verslas, kuris prasid\u0117jo nuo meil\u0117s knygoms ir siekio i\u0161gelb\u0117ti knygas nuo likimo prie konteinerio. Kas vienam nereikalingas daiktas \u2013 kitam lobis, o mes esame tarpininkai, kurie padeda abiems tapti laimingesniems ???? \u017dinome kaip nelengva i\u0161gyventi ma\u017eiems verslams, tad nuo \u0161iol, \u010dia rasite ir kit\u0173, ma\u017e\u0173 \u0161eim\u0173 versl\u0173, rank\u0173 darbo, dovan\u0173 sau ir artimiesiems.\",\"publisher\":{\"@id\":\"https:\/\/skaitytaknyga.lt\/#organization\"},\"potentialAction\":[{\"@type\":\"SearchAction\",\"target\":{\"@type\":\"EntryPoint\",\"urlTemplate\":\"https:\/\/skaitytaknyga.lt\/?s={search_term_string}\"},\"query-input\":{\"@type\":\"PropertyValueSpecification\",\"valueRequired\":true,\"valueName\":\"search_term_string\"}}],\"inLanguage\":\"en-GB\"},{\"@type\":\"Organization\",\"@id\":\"https:\/\/skaitytaknyga.lt\/#organization\",\"name\":\"skaitytaknyga.lt\",\"url\":\"https:\/\/skaitytaknyga.lt\/\",\"logo\":{\"@type\":\"ImageObject\",\"inLanguage\":\"en-GB\",\"@id\":\"https:\/\/skaitytaknyga.lt\/#\/schema\/logo\/image\/\",\"url\":\"https:\/\/skaitytaknyga.lt\/wp-content\/uploads\/2024\/05\/cropped-cropped-cropped-02_00843_jt3bggkj1j3HLc7SyY6rEUpg.jpeg\",\"contentUrl\":\"https:\/\/skaitytaknyga.lt\/wp-content\/uploads\/2024\/05\/cropped-cropped-cropped-02_00843_jt3bggkj1j3HLc7SyY6rEUpg.jpeg\",\"width\":1600,\"height\":1600,\"caption\":\"skaitytaknyga.lt\"},\"image\":{\"@id\":\"https:\/\/skaitytaknyga.lt\/#\/schema\/logo\/image\/\"},\"sameAs\":[\"https:\/\/www.facebook.com\/skaitytaknyga\/\"]}]}<\/script>\n<!-- \/ Yoast SEO plugin. -->","yoast_head_json":{"title":"Dvasinis kapitalas","description":"\u0160i knyga ap\u017evelgia tris kapitalo r\u016b\u0161is (material\u0173j\u012f, socialin\u012f ir dvasin\u012f) ir tris i\u0161minties r\u016b\u0161is (racionali\u0105j\u0105, emocin\u0119 ir dvasin\u0119). Kuriant tvar\u0173","robots":{"index":"index","follow":"follow","max-snippet":"max-snippet:-1","max-image-preview":"max-image-preview:large","max-video-preview":"max-video-preview:-1"},"canonical":"https:\/\/skaitytaknyga.lt\/en\/produktas\/dvasinis-kapitalas\/","og_locale":"en_GB","og_type":"article","og_title":"[:lt]Dvasinis kapitalas[:] - Skaitytaknyga","og_description":"\u0160i knyga ap\u017evelgia tris kapitalo r\u016b\u0161is (material\u0173j\u012f, socialin\u012f ir dvasin\u012f) ir tris i\u0161minties r\u016b\u0161is (racionali\u0105j\u0105, emocin\u0119 ir dvasin\u0119). Kuriant tvar\u0173","og_url":"https:\/\/skaitytaknyga.lt\/en\/produktas\/dvasinis-kapitalas\/","og_site_name":"Skaitytaknyga","article_publisher":"https:\/\/www.facebook.com\/skaitytaknyga\/","article_modified_time":"2025-05-12T05:31:18+00:00","og_image":[{"width":524,"height":800,"url":"https:\/\/skaitytaknyga.lt\/wp-content\/uploads\/2024\/12\/Dvasinis-kapitalas.webp","type":"image\/webp"}],"twitter_card":"summary_large_image","twitter_misc":{"Estimated reading time":"1 minute"},"schema":{"@context":"https:\/\/schema.org","@graph":[{"@type":"WebPage","@id":"https:\/\/skaitytaknyga.lt\/produktas\/dvasinis-kapitalas\/","url":"https:\/\/skaitytaknyga.lt\/produktas\/dvasinis-kapitalas\/","name":"Dvasinis kapitalas","isPartOf":{"@id":"https:\/\/skaitytaknyga.lt\/#website"},"primaryImageOfPage":{"@id":"https:\/\/skaitytaknyga.lt\/produktas\/dvasinis-kapitalas\/#primaryimage"},"image":{"@id":"https:\/\/skaitytaknyga.lt\/produktas\/dvasinis-kapitalas\/#primaryimage"},"thumbnailUrl":"https:\/\/skaitytaknyga.lt\/wp-content\/uploads\/2024\/12\/Dvasinis-kapitalas.webp","datePublished":"2024-12-17T12:15:32+00:00","dateModified":"2025-05-12T05:31:18+00:00","description":"\u0160i knyga ap\u017evelgia tris kapitalo r\u016b\u0161is (material\u0173j\u012f, socialin\u012f ir dvasin\u012f) ir tris i\u0161minties r\u016b\u0161is (racionali\u0105j\u0105, emocin\u0119 ir dvasin\u0119). Kuriant tvar\u0173","breadcrumb":{"@id":"https:\/\/skaitytaknyga.lt\/produktas\/dvasinis-kapitalas\/#breadcrumb"},"inLanguage":"en-GB","potentialAction":[{"@type":"ReadAction","target":["https:\/\/skaitytaknyga.lt\/produktas\/dvasinis-kapitalas\/"]}]},{"@type":"ImageObject","inLanguage":"en-GB","@id":"https:\/\/skaitytaknyga.lt\/produktas\/dvasinis-kapitalas\/#primaryimage","url":"https:\/\/skaitytaknyga.lt\/wp-content\/uploads\/2024\/12\/Dvasinis-kapitalas.webp","contentUrl":"https:\/\/skaitytaknyga.lt\/wp-content\/uploads\/2024\/12\/Dvasinis-kapitalas.webp","width":524,"height":800,"caption":"Dvasinis kapitalas"},{"@type":"BreadcrumbList","@id":"https:\/\/skaitytaknyga.lt\/produktas\/dvasinis-kapitalas\/#breadcrumb","itemListElement":[{"@type":"ListItem","position":1,"name":"Home","item":"https:\/\/skaitytaknyga.lt\/"},{"@type":"ListItem","position":2,"name":"Parduotuv\u0117","item":"https:\/\/skaitytaknyga.lt\/knygu-parduotuve\/"},{"@type":"ListItem","position":3,"name":"Dvasinis kapitalas"}]},{"@type":"WebSite","@id":"https:\/\/skaitytaknyga.lt\/#website","url":"https:\/\/skaitytaknyga.lt\/","name":"skaitytaknyga.lt","description":"Skaitytaknyga.lt \u2013 tai ma\u017eas \u0161eimos verslas, kuris prasid\u0117jo nuo meil\u0117s knygoms ir siekio i\u0161gelb\u0117ti knygas nuo likimo prie konteinerio. Kas vienam nereikalingas daiktas \u2013 kitam lobis, o mes esame tarpininkai, kurie padeda abiems tapti laimingesniems ???? \u017dinome kaip nelengva i\u0161gyventi ma\u017eiems verslams, tad nuo \u0161iol, \u010dia rasite ir kit\u0173, ma\u017e\u0173 \u0161eim\u0173 versl\u0173, rank\u0173 darbo, dovan\u0173 sau ir artimiesiems.","publisher":{"@id":"https:\/\/skaitytaknyga.lt\/#organization"},"potentialAction":[{"@type":"SearchAction","target":{"@type":"EntryPoint","urlTemplate":"https:\/\/skaitytaknyga.lt\/?s={search_term_string}"},"query-input":{"@type":"PropertyValueSpecification","valueRequired":true,"valueName":"search_term_string"}}],"inLanguage":"en-GB"},{"@type":"Organization","@id":"https:\/\/skaitytaknyga.lt\/#organization","name":"skaitytaknyga.lt","url":"https:\/\/skaitytaknyga.lt\/","logo":{"@type":"ImageObject","inLanguage":"en-GB","@id":"https:\/\/skaitytaknyga.lt\/#\/schema\/logo\/image\/","url":"https:\/\/skaitytaknyga.lt\/wp-content\/uploads\/2024\/05\/cropped-cropped-cropped-02_00843_jt3bggkj1j3HLc7SyY6rEUpg.jpeg","contentUrl":"https:\/\/skaitytaknyga.lt\/wp-content\/uploads\/2024\/05\/cropped-cropped-cropped-02_00843_jt3bggkj1j3HLc7SyY6rEUpg.jpeg","width":1600,"height":1600,"caption":"skaitytaknyga.lt"},"image":{"@id":"https:\/\/skaitytaknyga.lt\/#\/schema\/logo\/image\/"},"sameAs":["https:\/\/www.facebook.com\/skaitytaknyga\/"]}]}},"_links":{"self":[{"href":"https:\/\/skaitytaknyga.lt\/en\/wp-json\/wp\/v2\/product\/15465","targetHints":{"allow":["GET"]}}],"collection":[{"href":"https:\/\/skaitytaknyga.lt\/en\/wp-json\/wp\/v2\/product"}],"about":[{"href":"https:\/\/skaitytaknyga.lt\/en\/wp-json\/wp\/v2\/types\/product"}],"replies":[{"embeddable":true,"href":"https:\/\/skaitytaknyga.lt\/en\/wp-json\/wp\/v2\/comments?post=15465"}],"wp:featuredmedia":[{"embeddable":true,"href":"https:\/\/skaitytaknyga.lt\/en\/wp-json\/wp\/v2\/media\/15519"}],"wp:attachment":[{"href":"https:\/\/skaitytaknyga.lt\/en\/wp-json\/wp\/v2\/media?parent=15465"}],"wp:term":[{"taxonomy":"product_brand","embeddable":true,"href":"https:\/\/skaitytaknyga.lt\/en\/wp-json\/wp\/v2\/product_brand?post=15465"},{"taxonomy":"product_cat","embeddable":true,"href":"https:\/\/skaitytaknyga.lt\/en\/wp-json\/wp\/v2\/product_cat?post=15465"},{"taxonomy":"product_tag","embeddable":true,"href":"https:\/\/skaitytaknyga.lt\/en\/wp-json\/wp\/v2\/product_tag?post=15465"}],"curies":[{"name":"wp","href":"https:\/\/api.w.org\/{rel}","templated":true}]}}