{"id":15464,"date":"2024-12-17T14:15:32","date_gmt":"2024-12-17T12:15:32","guid":{"rendered":"https:\/\/skaitytaknyga.lt\/?post_type=product&#038;p=15464"},"modified":"2025-06-11T13:42:13","modified_gmt":"2025-06-11T10:42:13","slug":"pagaunama-ir-nepagaunama","status":"publish","type":"product","link":"https:\/\/skaitytaknyga.lt\/en\/produktas\/pagaunama-ir-nepagaunama\/","title":{"rendered":"Pagaunama ir nepagaunama"},"content":{"rendered":"<p>Nauja kunigo Juliaus Sasnausko OFM knyga &#8211; gyvenimo ir tik\u0117jimo i\u0161mint\u012f perteikian\u010di\u0173 es\u0117 rinkinys. Jose m\u0117ginama u\u017e\u010diuopti tikrum\u0105 tik\u0117jime ir kasdienyb\u0117je, mokoma atlaidumo ir meil\u0117s tam, kas netobula, kvie\u010diama b\u016bti seserimis ir broliais, nes \u201enebus kitos galimyb\u0117s i\u0161tverti blog\u0173j\u0173 naujien\u0173 sraut\u0105, lengvinti visuomen\u0117s pe\u010dius prisl\u0117gusi\u0105 negand\u0173 na\u0161t\u0105.\u201c<\/p>\n<p>Tai ir pasivaik\u0161\u010diojim\u0173 po Vilni\u0173 t\u0105sa, iki ma\u017eiausi\u0173 \u017eenkl\u0173 pa\u017e\u012fstam\u0173 gatveli\u0173 bylojimai.<\/p>\n<p>Kai vasaros rytme\u010diais susirenkame \u0161v\u0119sti liturgijos Kristaus laipt\u0173 koply\u010dioje ir kai pabud\u0119s Vilnius b\u016bna \u010dia pat u\u017e dur\u0173, su \u016b\u017eian\u010diais automobiliais, su ba\u017eny\u010di\u0105 aplenkian\u010diais vilnie\u010diais, nuolat pagalvoju: mes prie altoriaus esame ir u\u017e juos, kad dangui prabilus galb\u016bt pana\u0161iai kaip Paulius i\u0161girstume, jog \u0161is miestas tebepriklauso Vie\u0161pa\u010diui. Tod\u0117l vertas maldos, r\u016bpes\u010dio, meil\u0117s pastang\u0173.<\/p>\n<ul class=\"about-product d-none d-xl-block mt-4\">\n<li><strong>Autorius:<\/strong>\u00a0Julius Sasnauskas<\/li>\n<li><strong>Leid\u0117jas:<\/strong>\u00a0Alma littera<\/li>\n<li><strong>Metai:<\/strong>\u00a02013<\/li>\n<li><strong>Puslapiai:<\/strong>\u00a0200<\/li>\n<li class=\"toggleable type-new-formats \"><strong>ISBN:<\/strong>\u00a09786090108260<\/li>\n<li><strong>Versijos kodas:<\/strong>\u00a0PT.<\/li>\n<li class=\"toggleable type-new-formats \"><strong>Formatas:<\/strong>\u00a014 x 21 cm, mink\u0161ti vir\u0161eliai<\/li>\n<li><strong>Kalba:<\/strong>\u00a0Lietuvi\u0173<\/li>\n<\/ul>\n","protected":false},"excerpt":{"rendered":"<p>Nauja kunigo Juliaus Sasnausko OFM knyga &#8211; gyvenimo ir tik\u0117jimo i\u0161mint\u012f perteikian\u010di\u0173 es\u0117 rinkinys. Jose m\u0117ginama u\u017e\u010diuopti tikrum\u0105 tik\u0117jime ir kasdienyb\u0117je, mokoma atlaidumo ir meil\u0117s tam, kas netobula, kvie\u010diama b\u016bti seserimis ir broliais, nes \u201enebus kitos galimyb\u0117s i\u0161tverti blog\u0173j\u0173 naujien\u0173 sraut\u0105, lengvinti visuomen\u0117s pe\u010dius prisl\u0117gusi\u0105 negand\u0173 na\u0161t\u0105.\u201c Tai ir pasivaik\u0161\u010diojim\u0173 po Vilni\u0173 t\u0105sa, iki ma\u017eiausi\u0173 \u017eenkl\u0173 pa\u017e\u012fstam\u0173 gatveli\u0173 bylojimai. Kai vasaros rytme\u010diais susirenkame \u0161v\u0119sti liturgijos Kristaus laipt\u0173 koply\u010dioje ir kai pabud\u0119s Vilnius b\u016bna \u010dia pat u\u017e dur\u0173, su \u016b\u017eian\u010diais automobiliais, su ba\u017eny\u010di\u0105 aplenkian\u010diais vilnie\u010diais, nuolat pagalvoju: mes prie altoriaus esame ir u\u017e juos, kad dangui prabilus galb\u016bt pana\u0161iai kaip Paulius i\u0161girstume, jog \u0161is miestas tebepriklauso Vie\u0161pa\u010diui. Tod\u0117l vertas maldos, r\u016bpes\u010dio, meil\u0117s pastang\u0173. Autorius:\u00a0Julius Sasnauskas Leid\u0117jas:\u00a0Alma littera Metai:\u00a02013 Puslapiai:\u00a0200 ISBN:\u00a09786090108260 Versijos kodas:\u00a0PT. Formatas:\u00a014 x 21 cm, mink\u0161ti vir\u0161eliai Kalba:\u00a0Lietuvi\u0173<\/p>\n","protected":false},"featured_media":15520,"comment_status":"open","ping_status":"closed","template":"","meta":{"_acf_changed":false,"site-sidebar-layout":"default","site-content-layout":"","ast-site-content-layout":"default","site-content-style":"default","site-sidebar-style":"default","ast-global-header-display":"","ast-banner-title-visibility":"","ast-main-header-display":"","ast-hfb-above-header-display":"","ast-hfb-below-header-display":"","ast-hfb-mobile-header-display":"","site-post-title":"","ast-breadcrumbs-content":"","ast-featured-img":"","footer-sml-layout":"","ast-disable-related-posts":"","theme-transparent-header-meta":"default","adv-header-id-meta":"","stick-header-meta":"","header-above-stick-meta":"","header-main-stick-meta":"","header-below-stick-meta":"","astra-migrate-meta-layouts":"set","ast-page-background-enabled":"default","ast-page-background-meta":{"desktop":{"background-color":"","background-image":"","background-repeat":"repeat","background-position":"center center","background-size":"auto","background-attachment":"scroll","background-type":"","background-media":"","overlay-type":"","overlay-color":"","overlay-opacity":"","overlay-gradient":""},"tablet":{"background-color":"","background-image":"","background-repeat":"repeat","background-position":"center center","background-size":"auto","background-attachment":"scroll","background-type":"","background-media":"","overlay-type":"","overlay-color":"","overlay-opacity":"","overlay-gradient":""},"mobile":{"background-color":"","background-image":"","background-repeat":"repeat","background-position":"center center","background-size":"auto","background-attachment":"scroll","background-type":"","background-media":"","overlay-type":"","overlay-color":"","overlay-opacity":"","overlay-gradient":""}},"ast-content-background-meta":{"desktop":{"background-color":"var(--ast-global-color-4)","background-image":"","background-repeat":"repeat","background-position":"center center","background-size":"auto","background-attachment":"scroll","background-type":"","background-media":"","overlay-type":"","overlay-color":"","overlay-opacity":"","overlay-gradient":""},"tablet":{"background-color":"var(--ast-global-color-4)","background-image":"","background-repeat":"repeat","background-position":"center center","background-size":"auto","background-attachment":"scroll","background-type":"","background-media":"","overlay-type":"","overlay-color":"","overlay-opacity":"","overlay-gradient":""},"mobile":{"background-color":"var(--ast-global-color-4)","background-image":"","background-repeat":"repeat","background-position":"center center","background-size":"auto","background-attachment":"scroll","background-type":"","background-media":"","overlay-type":"","overlay-color":"","overlay-opacity":"","overlay-gradient":""}}},"product_brand":[],"product_cat":[15,165],"product_tag":[2033,5067,2673,1942,5068,1581,2601],"class_list":{"0":"post-15464","1":"product","2":"type-product","3":"status-publish","4":"has-post-thumbnail","6":"product_cat-uncategorized","7":"product_cat-religija-filosofija-ir-ezoterika","8":"product_tag-ese","9":"product_tag-julius-sasnauskas","10":"product_tag-kasdienybe","11":"product_tag-krikscionybe","12":"product_tag-lietuviu-autoriai","13":"product_tag-tikejimas","14":"product_tag-vilnius","15":"desktop-align-left","16":"tablet-align-left","17":"mobile-align-left","19":"first","20":"instock","21":"shipping-taxable","22":"purchasable","23":"product-type-simple"},"acf":[],"yoast_head":"<!-- This site is optimized with the Yoast SEO plugin v27.0 - https:\/\/yoast.com\/product\/yoast-seo-wordpress\/ -->\n<title>Pagaunama ir nepagaunama<\/title>\n<meta name=\"description\" content=\"Nauja kunigo Juliaus Sasnausko OFM knyga - gyvenimo ir tik\u0117jimo i\u0161mint\u012f perteikian\u010di\u0173 es\u0117 rinkinys. Jose m\u0117ginama u\u017e\u010diuopti tikrum\u0105 tik\u0117jime ir\" \/>\n<meta name=\"robots\" content=\"index, follow, max-snippet:-1, max-image-preview:large, max-video-preview:-1\" \/>\n<link rel=\"canonical\" href=\"https:\/\/skaitytaknyga.lt\/en\/produktas\/pagaunama-ir-nepagaunama\/\" \/>\n<meta property=\"og:locale\" content=\"en_GB\" \/>\n<meta property=\"og:locale:alternate\" content=\"lt_LT\" \/>\n<meta property=\"og:type\" content=\"article\" \/>\n<meta property=\"og:title\" content=\"Pagaunama ir nepagaunama\" \/>\n<meta property=\"og:description\" content=\"Nauja kunigo Juliaus Sasnausko OFM knyga - gyvenimo ir tik\u0117jimo i\u0161mint\u012f perteikian\u010di\u0173 es\u0117 rinkinys. Jose m\u0117ginama u\u017e\u010diuopti tikrum\u0105 tik\u0117jime ir\" \/>\n<meta property=\"og:url\" content=\"https:\/\/skaitytaknyga.lt\/en\/produktas\/pagaunama-ir-nepagaunama\/\" \/>\n<meta property=\"og:site_name\" content=\"Skaitytaknyga\" \/>\n<meta property=\"article:publisher\" content=\"https:\/\/www.facebook.com\/skaitytaknyga\/\" \/>\n<meta property=\"article:modified_time\" content=\"2025-06-11T10:42:13+00:00\" \/>\n<meta property=\"og:image\" content=\"https:\/\/skaitytaknyga.lt\/wp-content\/uploads\/2024\/12\/Pagaunama-ir-nepagaunama.webp\" \/>\n\t<meta property=\"og:image:width\" content=\"500\" \/>\n\t<meta property=\"og:image:height\" content=\"745\" \/>\n\t<meta property=\"og:image:type\" content=\"image\/webp\" \/>\n<meta name=\"twitter:card\" content=\"summary_large_image\" \/>\n<meta name=\"twitter:label1\" content=\"Estimated reading time\" \/>\n\t<meta name=\"twitter:data1\" content=\"1 minute\" \/>\n<script type=\"application\/ld+json\" class=\"yoast-schema-graph\">{\"@context\":\"https:\/\/schema.org\",\"@graph\":[{\"@type\":\"WebPage\",\"@id\":\"https:\/\/skaitytaknyga.lt\/produktas\/pagaunama-ir-nepagaunama\/\",\"url\":\"https:\/\/skaitytaknyga.lt\/produktas\/pagaunama-ir-nepagaunama\/\",\"name\":\"Pagaunama ir nepagaunama\",\"isPartOf\":{\"@id\":\"https:\/\/skaitytaknyga.lt\/#website\"},\"primaryImageOfPage\":{\"@id\":\"https:\/\/skaitytaknyga.lt\/produktas\/pagaunama-ir-nepagaunama\/#primaryimage\"},\"image\":{\"@id\":\"https:\/\/skaitytaknyga.lt\/produktas\/pagaunama-ir-nepagaunama\/#primaryimage\"},\"thumbnailUrl\":\"https:\/\/skaitytaknyga.lt\/wp-content\/uploads\/2024\/12\/Pagaunama-ir-nepagaunama.webp\",\"datePublished\":\"2024-12-17T12:15:32+00:00\",\"dateModified\":\"2025-06-11T10:42:13+00:00\",\"description\":\"Nauja kunigo Juliaus Sasnausko OFM knyga - gyvenimo ir tik\u0117jimo i\u0161mint\u012f perteikian\u010di\u0173 es\u0117 rinkinys. Jose m\u0117ginama u\u017e\u010diuopti tikrum\u0105 tik\u0117jime ir\",\"breadcrumb\":{\"@id\":\"https:\/\/skaitytaknyga.lt\/produktas\/pagaunama-ir-nepagaunama\/#breadcrumb\"},\"inLanguage\":\"en-GB\",\"potentialAction\":[{\"@type\":\"ReadAction\",\"target\":[\"https:\/\/skaitytaknyga.lt\/produktas\/pagaunama-ir-nepagaunama\/\"]}]},{\"@type\":\"ImageObject\",\"inLanguage\":\"en-GB\",\"@id\":\"https:\/\/skaitytaknyga.lt\/produktas\/pagaunama-ir-nepagaunama\/#primaryimage\",\"url\":\"https:\/\/skaitytaknyga.lt\/wp-content\/uploads\/2024\/12\/Pagaunama-ir-nepagaunama.webp\",\"contentUrl\":\"https:\/\/skaitytaknyga.lt\/wp-content\/uploads\/2024\/12\/Pagaunama-ir-nepagaunama.webp\",\"width\":500,\"height\":745,\"caption\":\"Pagaunama ir nepagaunama\"},{\"@type\":\"BreadcrumbList\",\"@id\":\"https:\/\/skaitytaknyga.lt\/produktas\/pagaunama-ir-nepagaunama\/#breadcrumb\",\"itemListElement\":[{\"@type\":\"ListItem\",\"position\":1,\"name\":\"Home\",\"item\":\"https:\/\/skaitytaknyga.lt\/\"},{\"@type\":\"ListItem\",\"position\":2,\"name\":\"Parduotuv\u0117\",\"item\":\"https:\/\/skaitytaknyga.lt\/knygu-parduotuve\/\"},{\"@type\":\"ListItem\",\"position\":3,\"name\":\"Pagaunama ir nepagaunama\"}]},{\"@type\":\"WebSite\",\"@id\":\"https:\/\/skaitytaknyga.lt\/#website\",\"url\":\"https:\/\/skaitytaknyga.lt\/\",\"name\":\"skaitytaknyga.lt\",\"description\":\"Skaitytaknyga.lt \u2013 tai ma\u017eas \u0161eimos verslas, kuris prasid\u0117jo nuo meil\u0117s knygoms ir siekio i\u0161gelb\u0117ti knygas nuo likimo prie konteinerio. Kas vienam nereikalingas daiktas \u2013 kitam lobis, o mes esame tarpininkai, kurie padeda abiems tapti laimingesniems ???? \u017dinome kaip nelengva i\u0161gyventi ma\u017eiems verslams, tad nuo \u0161iol, \u010dia rasite ir kit\u0173, ma\u017e\u0173 \u0161eim\u0173 versl\u0173, rank\u0173 darbo, dovan\u0173 sau ir artimiesiems.\",\"publisher\":{\"@id\":\"https:\/\/skaitytaknyga.lt\/#organization\"},\"potentialAction\":[{\"@type\":\"SearchAction\",\"target\":{\"@type\":\"EntryPoint\",\"urlTemplate\":\"https:\/\/skaitytaknyga.lt\/?s={search_term_string}\"},\"query-input\":{\"@type\":\"PropertyValueSpecification\",\"valueRequired\":true,\"valueName\":\"search_term_string\"}}],\"inLanguage\":\"en-GB\"},{\"@type\":\"Organization\",\"@id\":\"https:\/\/skaitytaknyga.lt\/#organization\",\"name\":\"skaitytaknyga.lt\",\"url\":\"https:\/\/skaitytaknyga.lt\/\",\"logo\":{\"@type\":\"ImageObject\",\"inLanguage\":\"en-GB\",\"@id\":\"https:\/\/skaitytaknyga.lt\/#\/schema\/logo\/image\/\",\"url\":\"https:\/\/skaitytaknyga.lt\/wp-content\/uploads\/2024\/05\/cropped-cropped-cropped-02_00843_jt3bggkj1j3HLc7SyY6rEUpg.jpeg\",\"contentUrl\":\"https:\/\/skaitytaknyga.lt\/wp-content\/uploads\/2024\/05\/cropped-cropped-cropped-02_00843_jt3bggkj1j3HLc7SyY6rEUpg.jpeg\",\"width\":1600,\"height\":1600,\"caption\":\"skaitytaknyga.lt\"},\"image\":{\"@id\":\"https:\/\/skaitytaknyga.lt\/#\/schema\/logo\/image\/\"},\"sameAs\":[\"https:\/\/www.facebook.com\/skaitytaknyga\/\"]}]}<\/script>\n<!-- \/ Yoast SEO plugin. -->","yoast_head_json":{"title":"Pagaunama ir nepagaunama","description":"Nauja kunigo Juliaus Sasnausko OFM knyga - gyvenimo ir tik\u0117jimo i\u0161mint\u012f perteikian\u010di\u0173 es\u0117 rinkinys. Jose m\u0117ginama u\u017e\u010diuopti tikrum\u0105 tik\u0117jime ir","robots":{"index":"index","follow":"follow","max-snippet":"max-snippet:-1","max-image-preview":"max-image-preview:large","max-video-preview":"max-video-preview:-1"},"canonical":"https:\/\/skaitytaknyga.lt\/en\/produktas\/pagaunama-ir-nepagaunama\/","og_locale":"en_GB","og_type":"article","og_title":"[:lt]Pagaunama ir nepagaunama[:] - Skaitytaknyga","og_description":"Nauja kunigo Juliaus Sasnausko OFM knyga - gyvenimo ir tik\u0117jimo i\u0161mint\u012f perteikian\u010di\u0173 es\u0117 rinkinys. Jose m\u0117ginama u\u017e\u010diuopti tikrum\u0105 tik\u0117jime ir","og_url":"https:\/\/skaitytaknyga.lt\/en\/produktas\/pagaunama-ir-nepagaunama\/","og_site_name":"Skaitytaknyga","article_publisher":"https:\/\/www.facebook.com\/skaitytaknyga\/","article_modified_time":"2025-06-11T10:42:13+00:00","og_image":[{"width":500,"height":745,"url":"https:\/\/skaitytaknyga.lt\/wp-content\/uploads\/2024\/12\/Pagaunama-ir-nepagaunama.webp","type":"image\/webp"}],"twitter_card":"summary_large_image","twitter_misc":{"Estimated reading time":"1 minute"},"schema":{"@context":"https:\/\/schema.org","@graph":[{"@type":"WebPage","@id":"https:\/\/skaitytaknyga.lt\/produktas\/pagaunama-ir-nepagaunama\/","url":"https:\/\/skaitytaknyga.lt\/produktas\/pagaunama-ir-nepagaunama\/","name":"Pagaunama ir nepagaunama","isPartOf":{"@id":"https:\/\/skaitytaknyga.lt\/#website"},"primaryImageOfPage":{"@id":"https:\/\/skaitytaknyga.lt\/produktas\/pagaunama-ir-nepagaunama\/#primaryimage"},"image":{"@id":"https:\/\/skaitytaknyga.lt\/produktas\/pagaunama-ir-nepagaunama\/#primaryimage"},"thumbnailUrl":"https:\/\/skaitytaknyga.lt\/wp-content\/uploads\/2024\/12\/Pagaunama-ir-nepagaunama.webp","datePublished":"2024-12-17T12:15:32+00:00","dateModified":"2025-06-11T10:42:13+00:00","description":"Nauja kunigo Juliaus Sasnausko OFM knyga - gyvenimo ir tik\u0117jimo i\u0161mint\u012f perteikian\u010di\u0173 es\u0117 rinkinys. Jose m\u0117ginama u\u017e\u010diuopti tikrum\u0105 tik\u0117jime ir","breadcrumb":{"@id":"https:\/\/skaitytaknyga.lt\/produktas\/pagaunama-ir-nepagaunama\/#breadcrumb"},"inLanguage":"en-GB","potentialAction":[{"@type":"ReadAction","target":["https:\/\/skaitytaknyga.lt\/produktas\/pagaunama-ir-nepagaunama\/"]}]},{"@type":"ImageObject","inLanguage":"en-GB","@id":"https:\/\/skaitytaknyga.lt\/produktas\/pagaunama-ir-nepagaunama\/#primaryimage","url":"https:\/\/skaitytaknyga.lt\/wp-content\/uploads\/2024\/12\/Pagaunama-ir-nepagaunama.webp","contentUrl":"https:\/\/skaitytaknyga.lt\/wp-content\/uploads\/2024\/12\/Pagaunama-ir-nepagaunama.webp","width":500,"height":745,"caption":"Pagaunama ir nepagaunama"},{"@type":"BreadcrumbList","@id":"https:\/\/skaitytaknyga.lt\/produktas\/pagaunama-ir-nepagaunama\/#breadcrumb","itemListElement":[{"@type":"ListItem","position":1,"name":"Home","item":"https:\/\/skaitytaknyga.lt\/"},{"@type":"ListItem","position":2,"name":"Parduotuv\u0117","item":"https:\/\/skaitytaknyga.lt\/knygu-parduotuve\/"},{"@type":"ListItem","position":3,"name":"Pagaunama ir nepagaunama"}]},{"@type":"WebSite","@id":"https:\/\/skaitytaknyga.lt\/#website","url":"https:\/\/skaitytaknyga.lt\/","name":"skaitytaknyga.lt","description":"Skaitytaknyga.lt \u2013 tai ma\u017eas \u0161eimos verslas, kuris prasid\u0117jo nuo meil\u0117s knygoms ir siekio i\u0161gelb\u0117ti knygas nuo likimo prie konteinerio. Kas vienam nereikalingas daiktas \u2013 kitam lobis, o mes esame tarpininkai, kurie padeda abiems tapti laimingesniems ???? \u017dinome kaip nelengva i\u0161gyventi ma\u017eiems verslams, tad nuo \u0161iol, \u010dia rasite ir kit\u0173, ma\u017e\u0173 \u0161eim\u0173 versl\u0173, rank\u0173 darbo, dovan\u0173 sau ir artimiesiems.","publisher":{"@id":"https:\/\/skaitytaknyga.lt\/#organization"},"potentialAction":[{"@type":"SearchAction","target":{"@type":"EntryPoint","urlTemplate":"https:\/\/skaitytaknyga.lt\/?s={search_term_string}"},"query-input":{"@type":"PropertyValueSpecification","valueRequired":true,"valueName":"search_term_string"}}],"inLanguage":"en-GB"},{"@type":"Organization","@id":"https:\/\/skaitytaknyga.lt\/#organization","name":"skaitytaknyga.lt","url":"https:\/\/skaitytaknyga.lt\/","logo":{"@type":"ImageObject","inLanguage":"en-GB","@id":"https:\/\/skaitytaknyga.lt\/#\/schema\/logo\/image\/","url":"https:\/\/skaitytaknyga.lt\/wp-content\/uploads\/2024\/05\/cropped-cropped-cropped-02_00843_jt3bggkj1j3HLc7SyY6rEUpg.jpeg","contentUrl":"https:\/\/skaitytaknyga.lt\/wp-content\/uploads\/2024\/05\/cropped-cropped-cropped-02_00843_jt3bggkj1j3HLc7SyY6rEUpg.jpeg","width":1600,"height":1600,"caption":"skaitytaknyga.lt"},"image":{"@id":"https:\/\/skaitytaknyga.lt\/#\/schema\/logo\/image\/"},"sameAs":["https:\/\/www.facebook.com\/skaitytaknyga\/"]}]}},"_links":{"self":[{"href":"https:\/\/skaitytaknyga.lt\/en\/wp-json\/wp\/v2\/product\/15464","targetHints":{"allow":["GET"]}}],"collection":[{"href":"https:\/\/skaitytaknyga.lt\/en\/wp-json\/wp\/v2\/product"}],"about":[{"href":"https:\/\/skaitytaknyga.lt\/en\/wp-json\/wp\/v2\/types\/product"}],"replies":[{"embeddable":true,"href":"https:\/\/skaitytaknyga.lt\/en\/wp-json\/wp\/v2\/comments?post=15464"}],"wp:featuredmedia":[{"embeddable":true,"href":"https:\/\/skaitytaknyga.lt\/en\/wp-json\/wp\/v2\/media\/15520"}],"wp:attachment":[{"href":"https:\/\/skaitytaknyga.lt\/en\/wp-json\/wp\/v2\/media?parent=15464"}],"wp:term":[{"taxonomy":"product_brand","embeddable":true,"href":"https:\/\/skaitytaknyga.lt\/en\/wp-json\/wp\/v2\/product_brand?post=15464"},{"taxonomy":"product_cat","embeddable":true,"href":"https:\/\/skaitytaknyga.lt\/en\/wp-json\/wp\/v2\/product_cat?post=15464"},{"taxonomy":"product_tag","embeddable":true,"href":"https:\/\/skaitytaknyga.lt\/en\/wp-json\/wp\/v2\/product_tag?post=15464"}],"curies":[{"name":"wp","href":"https:\/\/api.w.org\/{rel}","templated":true}]}}