{"id":15463,"date":"2024-12-17T14:15:32","date_gmt":"2024-12-17T12:15:32","guid":{"rendered":"https:\/\/skaitytaknyga.lt\/?post_type=product&#038;p=15463"},"modified":"2024-12-19T08:00:45","modified_gmt":"2024-12-19T06:00:45","slug":"medus-ir-visa-jo-teikiama-nauda","status":"publish","type":"product","link":"https:\/\/skaitytaknyga.lt\/en\/produktas\/medus-ir-visa-jo-teikiama-nauda\/","title":{"rendered":"Medus ir visa jo teikiama nauda"},"content":{"rendered":"<p>Med\u0173 ne\u0161an\u010dios bit\u0117s egzistavo dar prie\u0161 \u017emogui atsirandant. Tai su\u017einota nusta\u010dius fosilij\u0173 am\u017ei\u0173 &#8211; 150 milijon\u0173 met\u0173. \u017dmogus jau nuo sen\u0173 laik\u0173 \u0161\u012f nat\u016bral\u0173 produkt\u0105 naudojo maistui, gydymui, valymui ir apsaugai. Gerai \u017einoma, kad prie\u0161istorinis \u017emogus garbino saul\u0119 &#8211; svarbiausi\u0105 gyvyb\u0117s dav\u0117j\u0105 ir palaikytoj\u0105.<\/p>\n<p>Ta\u010diau kiek i\u0161 m\u016bs\u0173 \u017eino, kad medus buvo naudojamas babilonie\u010di\u0173 bei asir\u0173 ritualuose? Ir \u0161iandien medus yra toks pat populiarus kaip anks\u010diau. Per am\u017eius \u017emon\u0117s naudojo med\u0173 kulinarijoje ir medicinoje. \u0160ioje knygoje supa\u017eindinama su medaus ir jo naudojimo istorija, taip pat pateikiami receptai kulinarijai, sveikatai ir gro\u017eiui.<\/p>\n<ul class=\"about-product d-none d-xl-block mt-4\">\n<li><strong>Autorius:<\/strong>\u00a0Margaret Briggs<\/li>\n<li><strong>Leid\u0117jas:<\/strong>\u00a0Akt\u0117ja<\/li>\n<li><strong>Metai:<\/strong>\u00a02007<\/li>\n<li><strong>Puslapiai:<\/strong>\u00a0160<\/li>\n<li class=\"toggleable type-new-formats \"><strong>ISBN:<\/strong>\u00a09789955211839<\/li>\n<li><strong>Versijos kodas:<\/strong>\u00a0PT.<\/li>\n<li class=\"toggleable type-new-formats \"><strong>Formatas:<\/strong>\u00a012 x 24,5 x 1,9 cm, kieti vir\u0161eliai<\/li>\n<li><strong>Kalba:<\/strong>\u00a0Lietuvi\u0173<\/li>\n<li><strong>Vert\u0117jas:<\/strong>\u00a0Jurgita Macijauskait\u0117-Bond<\/li>\n<\/ul>\n","protected":false},"excerpt":{"rendered":"<p>Med\u0173 ne\u0161an\u010dios bit\u0117s egzistavo dar prie\u0161 \u017emogui atsirandant. Tai su\u017einota nusta\u010dius fosilij\u0173 am\u017ei\u0173 &#8211; 150 milijon\u0173 met\u0173. \u017dmogus jau nuo sen\u0173 laik\u0173 \u0161\u012f nat\u016bral\u0173 produkt\u0105 naudojo maistui, gydymui, valymui ir apsaugai. Gerai \u017einoma, kad prie\u0161istorinis \u017emogus garbino saul\u0119 &#8211; svarbiausi\u0105 gyvyb\u0117s dav\u0117j\u0105 ir palaikytoj\u0105. Ta\u010diau kiek i\u0161 m\u016bs\u0173 \u017eino, kad medus buvo naudojamas babilonie\u010di\u0173 bei asir\u0173 ritualuose? Ir \u0161iandien medus yra toks pat populiarus kaip anks\u010diau. Per am\u017eius \u017emon\u0117s naudojo med\u0173 kulinarijoje ir medicinoje. \u0160ioje knygoje supa\u017eindinama su medaus ir jo naudojimo istorija, taip pat pateikiami receptai kulinarijai, sveikatai ir gro\u017eiui. Autorius:\u00a0Margaret Briggs Leid\u0117jas:\u00a0Akt\u0117ja Metai:\u00a02007 Puslapiai:\u00a0160 ISBN:\u00a09789955211839 Versijos kodas:\u00a0PT. Formatas:\u00a012 x 24,5 x 1,9 cm, kieti vir\u0161eliai Kalba:\u00a0Lietuvi\u0173 Vert\u0117jas:\u00a0Jurgita Macijauskait\u0117-Bond<\/p>\n","protected":false},"featured_media":15521,"comment_status":"open","ping_status":"closed","template":"","meta":{"_acf_changed":false,"site-sidebar-layout":"default","site-content-layout":"","ast-site-content-layout":"default","site-content-style":"default","site-sidebar-style":"default","ast-global-header-display":"","ast-banner-title-visibility":"","ast-main-header-display":"","ast-hfb-above-header-display":"","ast-hfb-below-header-display":"","ast-hfb-mobile-header-display":"","site-post-title":"","ast-breadcrumbs-content":"","ast-featured-img":"","footer-sml-layout":"","ast-disable-related-posts":"","theme-transparent-header-meta":"default","adv-header-id-meta":"","stick-header-meta":"","header-above-stick-meta":"","header-main-stick-meta":"","header-below-stick-meta":"","astra-migrate-meta-layouts":"set","ast-page-background-enabled":"default","ast-page-background-meta":{"desktop":{"background-color":"","background-image":"","background-repeat":"repeat","background-position":"center center","background-size":"auto","background-attachment":"scroll","background-type":"","background-media":"","overlay-type":"","overlay-color":"","overlay-opacity":"","overlay-gradient":""},"tablet":{"background-color":"","background-image":"","background-repeat":"repeat","background-position":"center center","background-size":"auto","background-attachment":"scroll","background-type":"","background-media":"","overlay-type":"","overlay-color":"","overlay-opacity":"","overlay-gradient":""},"mobile":{"background-color":"","background-image":"","background-repeat":"repeat","background-position":"center center","background-size":"auto","background-attachment":"scroll","background-type":"","background-media":"","overlay-type":"","overlay-color":"","overlay-opacity":"","overlay-gradient":""}},"ast-content-background-meta":{"desktop":{"background-color":"var(--ast-global-color-4)","background-image":"","background-repeat":"repeat","background-position":"center center","background-size":"auto","background-attachment":"scroll","background-type":"","background-media":"","overlay-type":"","overlay-color":"","overlay-opacity":"","overlay-gradient":""},"tablet":{"background-color":"var(--ast-global-color-4)","background-image":"","background-repeat":"repeat","background-position":"center center","background-size":"auto","background-attachment":"scroll","background-type":"","background-media":"","overlay-type":"","overlay-color":"","overlay-opacity":"","overlay-gradient":""},"mobile":{"background-color":"var(--ast-global-color-4)","background-image":"","background-repeat":"repeat","background-position":"center center","background-size":"auto","background-attachment":"scroll","background-type":"","background-media":"","overlay-type":"","overlay-color":"","overlay-opacity":"","overlay-gradient":""}}},"product_brand":[],"product_cat":[15,58],"product_tag":[],"class_list":{"0":"post-15463","1":"product","2":"type-product","3":"status-publish","4":"has-post-thumbnail","6":"product_cat-uncategorized","7":"product_cat-receptai","8":"desktop-align-left","9":"tablet-align-left","10":"mobile-align-left","12":"first","13":"instock","14":"shipping-taxable","15":"purchasable","16":"product-type-simple"},"acf":[],"yoast_head":"<!-- This site is optimized with the Yoast SEO plugin v27.0 - https:\/\/yoast.com\/product\/yoast-seo-wordpress\/ -->\n<title>Medus ir visa jo teikiama nauda<\/title>\n<meta name=\"description\" content=\"Med\u0173 ne\u0161an\u010dios bit\u0117s egzistavo dar prie\u0161 \u017emogui atsirandant. Tai su\u017einota nusta\u010dius fosilij\u0173 am\u017ei\u0173 - 150 milijon\u0173 met\u0173. \u017dmogus jau nuo sen\u0173 laik\u0173 \u0161\u012f\" \/>\n<meta name=\"robots\" content=\"index, follow, max-snippet:-1, max-image-preview:large, max-video-preview:-1\" \/>\n<link rel=\"canonical\" href=\"https:\/\/skaitytaknyga.lt\/en\/produktas\/medus-ir-visa-jo-teikiama-nauda\/\" \/>\n<meta property=\"og:locale\" content=\"en_GB\" \/>\n<meta property=\"og:locale:alternate\" content=\"lt_LT\" \/>\n<meta property=\"og:type\" content=\"article\" \/>\n<meta property=\"og:title\" content=\"Medus ir visa jo teikiama nauda\" \/>\n<meta property=\"og:description\" content=\"Med\u0173 ne\u0161an\u010dios bit\u0117s egzistavo dar prie\u0161 \u017emogui atsirandant. Tai su\u017einota nusta\u010dius fosilij\u0173 am\u017ei\u0173 - 150 milijon\u0173 met\u0173. \u017dmogus jau nuo sen\u0173 laik\u0173 \u0161\u012f\" \/>\n<meta property=\"og:url\" content=\"https:\/\/skaitytaknyga.lt\/en\/produktas\/medus-ir-visa-jo-teikiama-nauda\/\" \/>\n<meta property=\"og:site_name\" content=\"Skaitytaknyga\" \/>\n<meta property=\"article:publisher\" content=\"https:\/\/www.facebook.com\/skaitytaknyga\/\" \/>\n<meta property=\"article:modified_time\" content=\"2024-12-19T06:00:45+00:00\" \/>\n<meta property=\"og:image\" content=\"https:\/\/skaitytaknyga.lt\/wp-content\/uploads\/2024\/12\/Medus-ir-visa-jo-teikiama-nauda.webp\" \/>\n\t<meta property=\"og:image:width\" content=\"386\" \/>\n\t<meta property=\"og:image:height\" content=\"799\" \/>\n\t<meta property=\"og:image:type\" content=\"image\/webp\" \/>\n<meta name=\"twitter:card\" content=\"summary_large_image\" \/>\n<meta name=\"twitter:label1\" content=\"Estimated reading time\" \/>\n\t<meta name=\"twitter:data1\" content=\"1 minute\" \/>\n<script type=\"application\/ld+json\" class=\"yoast-schema-graph\">{\"@context\":\"https:\/\/schema.org\",\"@graph\":[{\"@type\":\"WebPage\",\"@id\":\"https:\/\/skaitytaknyga.lt\/produktas\/medus-ir-visa-jo-teikiama-nauda\/\",\"url\":\"https:\/\/skaitytaknyga.lt\/produktas\/medus-ir-visa-jo-teikiama-nauda\/\",\"name\":\"Medus ir visa jo teikiama nauda\",\"isPartOf\":{\"@id\":\"https:\/\/skaitytaknyga.lt\/#website\"},\"primaryImageOfPage\":{\"@id\":\"https:\/\/skaitytaknyga.lt\/produktas\/medus-ir-visa-jo-teikiama-nauda\/#primaryimage\"},\"image\":{\"@id\":\"https:\/\/skaitytaknyga.lt\/produktas\/medus-ir-visa-jo-teikiama-nauda\/#primaryimage\"},\"thumbnailUrl\":\"https:\/\/skaitytaknyga.lt\/wp-content\/uploads\/2024\/12\/Medus-ir-visa-jo-teikiama-nauda.webp\",\"datePublished\":\"2024-12-17T12:15:32+00:00\",\"dateModified\":\"2024-12-19T06:00:45+00:00\",\"description\":\"Med\u0173 ne\u0161an\u010dios bit\u0117s egzistavo dar prie\u0161 \u017emogui atsirandant. Tai su\u017einota nusta\u010dius fosilij\u0173 am\u017ei\u0173 - 150 milijon\u0173 met\u0173. \u017dmogus jau nuo sen\u0173 laik\u0173 \u0161\u012f\",\"breadcrumb\":{\"@id\":\"https:\/\/skaitytaknyga.lt\/produktas\/medus-ir-visa-jo-teikiama-nauda\/#breadcrumb\"},\"inLanguage\":\"en-GB\",\"potentialAction\":[{\"@type\":\"ReadAction\",\"target\":[\"https:\/\/skaitytaknyga.lt\/produktas\/medus-ir-visa-jo-teikiama-nauda\/\"]}]},{\"@type\":\"ImageObject\",\"inLanguage\":\"en-GB\",\"@id\":\"https:\/\/skaitytaknyga.lt\/produktas\/medus-ir-visa-jo-teikiama-nauda\/#primaryimage\",\"url\":\"https:\/\/skaitytaknyga.lt\/wp-content\/uploads\/2024\/12\/Medus-ir-visa-jo-teikiama-nauda.webp\",\"contentUrl\":\"https:\/\/skaitytaknyga.lt\/wp-content\/uploads\/2024\/12\/Medus-ir-visa-jo-teikiama-nauda.webp\",\"width\":386,\"height\":799,\"caption\":\"Medus ir visa jo teikiama nauda\"},{\"@type\":\"BreadcrumbList\",\"@id\":\"https:\/\/skaitytaknyga.lt\/produktas\/medus-ir-visa-jo-teikiama-nauda\/#breadcrumb\",\"itemListElement\":[{\"@type\":\"ListItem\",\"position\":1,\"name\":\"Home\",\"item\":\"https:\/\/skaitytaknyga.lt\/\"},{\"@type\":\"ListItem\",\"position\":2,\"name\":\"Parduotuv\u0117\",\"item\":\"https:\/\/skaitytaknyga.lt\/knygu-parduotuve\/\"},{\"@type\":\"ListItem\",\"position\":3,\"name\":\"Medus ir visa jo teikiama nauda\"}]},{\"@type\":\"WebSite\",\"@id\":\"https:\/\/skaitytaknyga.lt\/#website\",\"url\":\"https:\/\/skaitytaknyga.lt\/\",\"name\":\"skaitytaknyga.lt\",\"description\":\"Skaitytaknyga.lt \u2013 tai ma\u017eas \u0161eimos verslas, kuris prasid\u0117jo nuo meil\u0117s knygoms ir siekio i\u0161gelb\u0117ti knygas nuo likimo prie konteinerio. Kas vienam nereikalingas daiktas \u2013 kitam lobis, o mes esame tarpininkai, kurie padeda abiems tapti laimingesniems ???? \u017dinome kaip nelengva i\u0161gyventi ma\u017eiems verslams, tad nuo \u0161iol, \u010dia rasite ir kit\u0173, ma\u017e\u0173 \u0161eim\u0173 versl\u0173, rank\u0173 darbo, dovan\u0173 sau ir artimiesiems.\",\"publisher\":{\"@id\":\"https:\/\/skaitytaknyga.lt\/#organization\"},\"potentialAction\":[{\"@type\":\"SearchAction\",\"target\":{\"@type\":\"EntryPoint\",\"urlTemplate\":\"https:\/\/skaitytaknyga.lt\/?s={search_term_string}\"},\"query-input\":{\"@type\":\"PropertyValueSpecification\",\"valueRequired\":true,\"valueName\":\"search_term_string\"}}],\"inLanguage\":\"en-GB\"},{\"@type\":\"Organization\",\"@id\":\"https:\/\/skaitytaknyga.lt\/#organization\",\"name\":\"skaitytaknyga.lt\",\"url\":\"https:\/\/skaitytaknyga.lt\/\",\"logo\":{\"@type\":\"ImageObject\",\"inLanguage\":\"en-GB\",\"@id\":\"https:\/\/skaitytaknyga.lt\/#\/schema\/logo\/image\/\",\"url\":\"https:\/\/skaitytaknyga.lt\/wp-content\/uploads\/2024\/05\/cropped-cropped-cropped-02_00843_jt3bggkj1j3HLc7SyY6rEUpg.jpeg\",\"contentUrl\":\"https:\/\/skaitytaknyga.lt\/wp-content\/uploads\/2024\/05\/cropped-cropped-cropped-02_00843_jt3bggkj1j3HLc7SyY6rEUpg.jpeg\",\"width\":1600,\"height\":1600,\"caption\":\"skaitytaknyga.lt\"},\"image\":{\"@id\":\"https:\/\/skaitytaknyga.lt\/#\/schema\/logo\/image\/\"},\"sameAs\":[\"https:\/\/www.facebook.com\/skaitytaknyga\/\"]}]}<\/script>\n<!-- \/ Yoast SEO plugin. -->","yoast_head_json":{"title":"Medus ir visa jo teikiama nauda","description":"Med\u0173 ne\u0161an\u010dios bit\u0117s egzistavo dar prie\u0161 \u017emogui atsirandant. Tai su\u017einota nusta\u010dius fosilij\u0173 am\u017ei\u0173 - 150 milijon\u0173 met\u0173. \u017dmogus jau nuo sen\u0173 laik\u0173 \u0161\u012f","robots":{"index":"index","follow":"follow","max-snippet":"max-snippet:-1","max-image-preview":"max-image-preview:large","max-video-preview":"max-video-preview:-1"},"canonical":"https:\/\/skaitytaknyga.lt\/en\/produktas\/medus-ir-visa-jo-teikiama-nauda\/","og_locale":"en_GB","og_type":"article","og_title":"[:lt]Medus ir visa jo teikiama nauda[:] - Skaitytaknyga","og_description":"Med\u0173 ne\u0161an\u010dios bit\u0117s egzistavo dar prie\u0161 \u017emogui atsirandant. Tai su\u017einota nusta\u010dius fosilij\u0173 am\u017ei\u0173 - 150 milijon\u0173 met\u0173. \u017dmogus jau nuo sen\u0173 laik\u0173 \u0161\u012f","og_url":"https:\/\/skaitytaknyga.lt\/en\/produktas\/medus-ir-visa-jo-teikiama-nauda\/","og_site_name":"Skaitytaknyga","article_publisher":"https:\/\/www.facebook.com\/skaitytaknyga\/","article_modified_time":"2024-12-19T06:00:45+00:00","og_image":[{"width":386,"height":799,"url":"https:\/\/skaitytaknyga.lt\/wp-content\/uploads\/2024\/12\/Medus-ir-visa-jo-teikiama-nauda.webp","type":"image\/webp"}],"twitter_card":"summary_large_image","twitter_misc":{"Estimated reading time":"1 minute"},"schema":{"@context":"https:\/\/schema.org","@graph":[{"@type":"WebPage","@id":"https:\/\/skaitytaknyga.lt\/produktas\/medus-ir-visa-jo-teikiama-nauda\/","url":"https:\/\/skaitytaknyga.lt\/produktas\/medus-ir-visa-jo-teikiama-nauda\/","name":"Medus ir visa jo teikiama nauda","isPartOf":{"@id":"https:\/\/skaitytaknyga.lt\/#website"},"primaryImageOfPage":{"@id":"https:\/\/skaitytaknyga.lt\/produktas\/medus-ir-visa-jo-teikiama-nauda\/#primaryimage"},"image":{"@id":"https:\/\/skaitytaknyga.lt\/produktas\/medus-ir-visa-jo-teikiama-nauda\/#primaryimage"},"thumbnailUrl":"https:\/\/skaitytaknyga.lt\/wp-content\/uploads\/2024\/12\/Medus-ir-visa-jo-teikiama-nauda.webp","datePublished":"2024-12-17T12:15:32+00:00","dateModified":"2024-12-19T06:00:45+00:00","description":"Med\u0173 ne\u0161an\u010dios bit\u0117s egzistavo dar prie\u0161 \u017emogui atsirandant. Tai su\u017einota nusta\u010dius fosilij\u0173 am\u017ei\u0173 - 150 milijon\u0173 met\u0173. \u017dmogus jau nuo sen\u0173 laik\u0173 \u0161\u012f","breadcrumb":{"@id":"https:\/\/skaitytaknyga.lt\/produktas\/medus-ir-visa-jo-teikiama-nauda\/#breadcrumb"},"inLanguage":"en-GB","potentialAction":[{"@type":"ReadAction","target":["https:\/\/skaitytaknyga.lt\/produktas\/medus-ir-visa-jo-teikiama-nauda\/"]}]},{"@type":"ImageObject","inLanguage":"en-GB","@id":"https:\/\/skaitytaknyga.lt\/produktas\/medus-ir-visa-jo-teikiama-nauda\/#primaryimage","url":"https:\/\/skaitytaknyga.lt\/wp-content\/uploads\/2024\/12\/Medus-ir-visa-jo-teikiama-nauda.webp","contentUrl":"https:\/\/skaitytaknyga.lt\/wp-content\/uploads\/2024\/12\/Medus-ir-visa-jo-teikiama-nauda.webp","width":386,"height":799,"caption":"Medus ir visa jo teikiama nauda"},{"@type":"BreadcrumbList","@id":"https:\/\/skaitytaknyga.lt\/produktas\/medus-ir-visa-jo-teikiama-nauda\/#breadcrumb","itemListElement":[{"@type":"ListItem","position":1,"name":"Home","item":"https:\/\/skaitytaknyga.lt\/"},{"@type":"ListItem","position":2,"name":"Parduotuv\u0117","item":"https:\/\/skaitytaknyga.lt\/knygu-parduotuve\/"},{"@type":"ListItem","position":3,"name":"Medus ir visa jo teikiama nauda"}]},{"@type":"WebSite","@id":"https:\/\/skaitytaknyga.lt\/#website","url":"https:\/\/skaitytaknyga.lt\/","name":"skaitytaknyga.lt","description":"Skaitytaknyga.lt \u2013 tai ma\u017eas \u0161eimos verslas, kuris prasid\u0117jo nuo meil\u0117s knygoms ir siekio i\u0161gelb\u0117ti knygas nuo likimo prie konteinerio. Kas vienam nereikalingas daiktas \u2013 kitam lobis, o mes esame tarpininkai, kurie padeda abiems tapti laimingesniems ???? \u017dinome kaip nelengva i\u0161gyventi ma\u017eiems verslams, tad nuo \u0161iol, \u010dia rasite ir kit\u0173, ma\u017e\u0173 \u0161eim\u0173 versl\u0173, rank\u0173 darbo, dovan\u0173 sau ir artimiesiems.","publisher":{"@id":"https:\/\/skaitytaknyga.lt\/#organization"},"potentialAction":[{"@type":"SearchAction","target":{"@type":"EntryPoint","urlTemplate":"https:\/\/skaitytaknyga.lt\/?s={search_term_string}"},"query-input":{"@type":"PropertyValueSpecification","valueRequired":true,"valueName":"search_term_string"}}],"inLanguage":"en-GB"},{"@type":"Organization","@id":"https:\/\/skaitytaknyga.lt\/#organization","name":"skaitytaknyga.lt","url":"https:\/\/skaitytaknyga.lt\/","logo":{"@type":"ImageObject","inLanguage":"en-GB","@id":"https:\/\/skaitytaknyga.lt\/#\/schema\/logo\/image\/","url":"https:\/\/skaitytaknyga.lt\/wp-content\/uploads\/2024\/05\/cropped-cropped-cropped-02_00843_jt3bggkj1j3HLc7SyY6rEUpg.jpeg","contentUrl":"https:\/\/skaitytaknyga.lt\/wp-content\/uploads\/2024\/05\/cropped-cropped-cropped-02_00843_jt3bggkj1j3HLc7SyY6rEUpg.jpeg","width":1600,"height":1600,"caption":"skaitytaknyga.lt"},"image":{"@id":"https:\/\/skaitytaknyga.lt\/#\/schema\/logo\/image\/"},"sameAs":["https:\/\/www.facebook.com\/skaitytaknyga\/"]}]}},"_links":{"self":[{"href":"https:\/\/skaitytaknyga.lt\/en\/wp-json\/wp\/v2\/product\/15463","targetHints":{"allow":["GET"]}}],"collection":[{"href":"https:\/\/skaitytaknyga.lt\/en\/wp-json\/wp\/v2\/product"}],"about":[{"href":"https:\/\/skaitytaknyga.lt\/en\/wp-json\/wp\/v2\/types\/product"}],"replies":[{"embeddable":true,"href":"https:\/\/skaitytaknyga.lt\/en\/wp-json\/wp\/v2\/comments?post=15463"}],"wp:featuredmedia":[{"embeddable":true,"href":"https:\/\/skaitytaknyga.lt\/en\/wp-json\/wp\/v2\/media\/15521"}],"wp:attachment":[{"href":"https:\/\/skaitytaknyga.lt\/en\/wp-json\/wp\/v2\/media?parent=15463"}],"wp:term":[{"taxonomy":"product_brand","embeddable":true,"href":"https:\/\/skaitytaknyga.lt\/en\/wp-json\/wp\/v2\/product_brand?post=15463"},{"taxonomy":"product_cat","embeddable":true,"href":"https:\/\/skaitytaknyga.lt\/en\/wp-json\/wp\/v2\/product_cat?post=15463"},{"taxonomy":"product_tag","embeddable":true,"href":"https:\/\/skaitytaknyga.lt\/en\/wp-json\/wp\/v2\/product_tag?post=15463"}],"curies":[{"name":"wp","href":"https:\/\/api.w.org\/{rel}","templated":true}]}}