{"id":15459,"date":"2024-12-17T13:54:38","date_gmt":"2024-12-17T11:54:38","guid":{"rendered":"https:\/\/skaitytaknyga.lt\/?post_type=product&#038;p=15459"},"modified":"2026-01-27T12:49:22","modified_gmt":"2026-01-27T10:49:22","slug":"remarkas-trys-draugai-su-nedideliais-defektais-2","status":"publish","type":"product","link":"https:\/\/skaitytaknyga.lt\/en\/produktas\/remarkas-trys-draugai-su-nedideliais-defektais-2\/","title":{"rendered":"Trys draugai"},"content":{"rendered":"<p>\u201eTrys draugai\u201c \u2013 li\u016bdnas romanas apie draugyst\u0119 ir tragi\u0161k\u0105 meil\u0119. Tai knyga ne apie laik\u0105, o apie save: sugr\u012f\u017eus\u012f i\u0161 karo ir bandant\u012f stotis ant koj\u0173. Trys herojai \u2013 skirtingi, bet vieno likimo: jie buv\u0119 kareiviai, kuriems draugyst\u0117 \u2013 vienintelis pastovus dalykas vertybi\u0173 \u017elugimo epochoje.<\/p>\n<p>Ra\u0161ytoj\u0105 jaudino didysis jo am\u017eiaus skausmas \u2013 fa\u0161izmas ir karas. Jis negal\u0117jo j\u0173 panaikinti, bet mok\u0117jo j\u0173 neapk\u0119sti, kaip prie\u0161prie\u0161\u0105 blogiui i\u0161keldamas nenugalim\u0105 \u017emogi\u0161k\u0105j\u012f orum\u0105.<\/p>\n<ul class=\"about-product d-none d-xl-block mt-4\">\n<li><strong>Autorius:<\/strong>\u00a0Erich Maria Remark<\/li>\n<li><strong>Leid\u0117jas:<\/strong>\u00a0Tyto alba<\/li>\n<li><strong>Metai:<\/strong>\u00a01999<\/li>\n<li><strong>Puslapiai:<\/strong>\u00a0472<\/li>\n<li class=\"toggleable type-new-formats \"><strong>ISBN:<\/strong>\u00a09986161266<\/li>\n<li class=\"toggleable type-new-formats \"><strong>Formatas:<\/strong>\u00a013 x 20 cm, kieti vir\u0161eliai<\/li>\n<li><strong>Kalba:<\/strong>\u00a0Lietuvi\u0173<\/li>\n<li><strong>Vert\u0117jas:<\/strong>\u00a0Vytautas Petrauskas<\/li>\n<\/ul>\n","protected":false},"excerpt":{"rendered":"<p>\u017dymaus vokie\u010di\u0173 ra\u0161ytojo \u0116. M. Remarko (1898-1970) romanas \u201eTrys draugai\u201c (1938) vaizduoja Berlyn\u0105 a\u0161trios politin\u0117s kovos metais ir \u017emones tokius, kokie jie yra \u2013 nelaimingus, nuod\u0117mingus, i\u0161kankintus ir net sugniu\u017edytus sunkaus, netikusio gyvenimo.<\/p>\n","protected":false},"featured_media":15460,"comment_status":"closed","ping_status":"closed","template":"","meta":{"_acf_changed":false,"site-sidebar-layout":"default","site-content-layout":"","ast-site-content-layout":"default","site-content-style":"default","site-sidebar-style":"default","ast-global-header-display":"","ast-banner-title-visibility":"","ast-main-header-display":"","ast-hfb-above-header-display":"","ast-hfb-below-header-display":"","ast-hfb-mobile-header-display":"","site-post-title":"","ast-breadcrumbs-content":"","ast-featured-img":"","footer-sml-layout":"","ast-disable-related-posts":"","theme-transparent-header-meta":"default","adv-header-id-meta":"","stick-header-meta":"","header-above-stick-meta":"","header-main-stick-meta":"","header-below-stick-meta":"","astra-migrate-meta-layouts":"set","ast-page-background-enabled":"default","ast-page-background-meta":{"desktop":{"background-color":"","background-image":"","background-repeat":"repeat","background-position":"center center","background-size":"auto","background-attachment":"scroll","background-type":"","background-media":"","overlay-type":"","overlay-color":"","overlay-opacity":"","overlay-gradient":""},"tablet":{"background-color":"","background-image":"","background-repeat":"repeat","background-position":"center center","background-size":"auto","background-attachment":"scroll","background-type":"","background-media":"","overlay-type":"","overlay-color":"","overlay-opacity":"","overlay-gradient":""},"mobile":{"background-color":"","background-image":"","background-repeat":"repeat","background-position":"center center","background-size":"auto","background-attachment":"scroll","background-type":"","background-media":"","overlay-type":"","overlay-color":"","overlay-opacity":"","overlay-gradient":""}},"ast-content-background-meta":{"desktop":{"background-color":"var(--ast-global-color-4)","background-image":"","background-repeat":"repeat","background-position":"center center","background-size":"auto","background-attachment":"scroll","background-type":"","background-media":"","overlay-type":"","overlay-color":"","overlay-opacity":"","overlay-gradient":""},"tablet":{"background-color":"var(--ast-global-color-4)","background-image":"","background-repeat":"repeat","background-position":"center center","background-size":"auto","background-attachment":"scroll","background-type":"","background-media":"","overlay-type":"","overlay-color":"","overlay-opacity":"","overlay-gradient":""},"mobile":{"background-color":"var(--ast-global-color-4)","background-image":"","background-repeat":"repeat","background-position":"center center","background-size":"auto","background-attachment":"scroll","background-type":"","background-media":"","overlay-type":"","overlay-color":"","overlay-opacity":"","overlay-gradient":""}}},"product_brand":[],"product_cat":[31,28],"product_tag":[1647,2670,1837,1796,1094,2668,2669,2671],"class_list":{"0":"post-15459","1":"product","2":"type-product","3":"status-publish","4":"has-post-thumbnail","6":"product_cat-grozine-literatura","7":"product_cat-klasika","8":"product_tag-draugyste","9":"product_tag-egzistencine-drama","10":"product_tag-erich-maria-remarque","11":"product_tag-meile","12":"product_tag-pirmasis-pasaulinis-karas","13":"product_tag-pokario-vokietija","14":"product_tag-praradimai","15":"product_tag-vokiska-literatura","16":"desktop-align-left","17":"tablet-align-left","18":"mobile-align-left","20":"first","21":"instock","22":"shipping-taxable","23":"purchasable","24":"product-type-simple"},"acf":[],"yoast_head":"<!-- This site is optimized with the Yoast SEO plugin v27.0 - https:\/\/yoast.com\/product\/yoast-seo-wordpress\/ -->\n<title>Trys draugai<\/title>\n<meta name=\"description\" content=\"\u017dymaus vokie\u010di\u0173 ra\u0161ytojo \u0116. M. Remarko (1898-1970) romanas \u201eTrys draugai\u201c (1938) vaizduoja Berlyn\u0105 a\u0161trios politin\u0117s kovos metais ir \u017emones tokius, kokie jie yra \u2013 nelaimingus, nuod\u0117mingus, i\u0161kankintus ir net sugniu\u017edytus sunkaus, netikusio gyvenimo.\" \/>\n<meta name=\"robots\" content=\"index, follow, max-snippet:-1, max-image-preview:large, max-video-preview:-1\" \/>\n<link rel=\"canonical\" href=\"https:\/\/skaitytaknyga.lt\/en\/produktas\/remarkas-trys-draugai-su-nedideliais-defektais-2\/\" \/>\n<meta property=\"og:locale\" content=\"en_GB\" \/>\n<meta property=\"og:locale:alternate\" content=\"lt_LT\" \/>\n<meta property=\"og:type\" content=\"article\" \/>\n<meta property=\"og:title\" content=\"Trys draugai\" \/>\n<meta property=\"og:description\" content=\"\u017dymaus vokie\u010di\u0173 ra\u0161ytojo \u0116. M. Remarko (1898-1970) romanas \u201eTrys draugai\u201c (1938) vaizduoja Berlyn\u0105 a\u0161trios politin\u0117s kovos metais ir \u017emones tokius, kokie jie yra \u2013 nelaimingus, nuod\u0117mingus, i\u0161kankintus ir net sugniu\u017edytus sunkaus, netikusio gyvenimo.\" \/>\n<meta property=\"og:url\" content=\"https:\/\/skaitytaknyga.lt\/en\/produktas\/remarkas-trys-draugai-su-nedideliais-defektais-2\/\" \/>\n<meta property=\"og:site_name\" content=\"Skaitytaknyga\" \/>\n<meta property=\"article:publisher\" content=\"https:\/\/www.facebook.com\/skaitytaknyga\/\" \/>\n<meta property=\"article:modified_time\" content=\"2026-01-27T10:49:22+00:00\" \/>\n<meta property=\"og:image\" content=\"https:\/\/skaitytaknyga.lt\/wp-content\/uploads\/2024\/12\/Trys-draugai.webp\" \/>\n\t<meta property=\"og:image:width\" content=\"526\" \/>\n\t<meta property=\"og:image:height\" content=\"800\" \/>\n\t<meta property=\"og:image:type\" content=\"image\/webp\" \/>\n<meta name=\"twitter:card\" content=\"summary_large_image\" \/>\n<meta name=\"twitter:label1\" content=\"Estimated reading time\" \/>\n\t<meta name=\"twitter:data1\" content=\"1 minute\" \/>\n<script type=\"application\/ld+json\" class=\"yoast-schema-graph\">{\"@context\":\"https:\/\/schema.org\",\"@graph\":[{\"@type\":\"WebPage\",\"@id\":\"https:\/\/skaitytaknyga.lt\/produktas\/remarkas-trys-draugai-su-nedideliais-defektais-2\/\",\"url\":\"https:\/\/skaitytaknyga.lt\/produktas\/remarkas-trys-draugai-su-nedideliais-defektais-2\/\",\"name\":\"Trys draugai\",\"isPartOf\":{\"@id\":\"https:\/\/skaitytaknyga.lt\/#website\"},\"primaryImageOfPage\":{\"@id\":\"https:\/\/skaitytaknyga.lt\/produktas\/remarkas-trys-draugai-su-nedideliais-defektais-2\/#primaryimage\"},\"image\":{\"@id\":\"https:\/\/skaitytaknyga.lt\/produktas\/remarkas-trys-draugai-su-nedideliais-defektais-2\/#primaryimage\"},\"thumbnailUrl\":\"https:\/\/skaitytaknyga.lt\/wp-content\/uploads\/2024\/12\/Trys-draugai.webp\",\"datePublished\":\"2024-12-17T11:54:38+00:00\",\"dateModified\":\"2026-01-27T10:49:22+00:00\",\"description\":\"\u017dymaus vokie\u010di\u0173 ra\u0161ytojo \u0116. M. Remarko (1898-1970) romanas \u201eTrys draugai\u201c (1938) vaizduoja Berlyn\u0105 a\u0161trios politin\u0117s kovos metais ir \u017emones tokius, kokie jie yra \u2013 nelaimingus, nuod\u0117mingus, i\u0161kankintus ir net sugniu\u017edytus sunkaus, netikusio gyvenimo.\",\"breadcrumb\":{\"@id\":\"https:\/\/skaitytaknyga.lt\/produktas\/remarkas-trys-draugai-su-nedideliais-defektais-2\/#breadcrumb\"},\"inLanguage\":\"en-GB\",\"potentialAction\":[{\"@type\":\"ReadAction\",\"target\":[\"https:\/\/skaitytaknyga.lt\/produktas\/remarkas-trys-draugai-su-nedideliais-defektais-2\/\"]}]},{\"@type\":\"ImageObject\",\"inLanguage\":\"en-GB\",\"@id\":\"https:\/\/skaitytaknyga.lt\/produktas\/remarkas-trys-draugai-su-nedideliais-defektais-2\/#primaryimage\",\"url\":\"https:\/\/skaitytaknyga.lt\/wp-content\/uploads\/2024\/12\/Trys-draugai.webp\",\"contentUrl\":\"https:\/\/skaitytaknyga.lt\/wp-content\/uploads\/2024\/12\/Trys-draugai.webp\",\"width\":526,\"height\":800,\"caption\":\"Trys draugai\"},{\"@type\":\"BreadcrumbList\",\"@id\":\"https:\/\/skaitytaknyga.lt\/produktas\/remarkas-trys-draugai-su-nedideliais-defektais-2\/#breadcrumb\",\"itemListElement\":[{\"@type\":\"ListItem\",\"position\":1,\"name\":\"Home\",\"item\":\"https:\/\/skaitytaknyga.lt\/\"},{\"@type\":\"ListItem\",\"position\":2,\"name\":\"Parduotuv\u0117\",\"item\":\"https:\/\/skaitytaknyga.lt\/knygu-parduotuve\/\"},{\"@type\":\"ListItem\",\"position\":3,\"name\":\"Trys draugai\"}]},{\"@type\":\"WebSite\",\"@id\":\"https:\/\/skaitytaknyga.lt\/#website\",\"url\":\"https:\/\/skaitytaknyga.lt\/\",\"name\":\"skaitytaknyga.lt\",\"description\":\"Skaitytaknyga.lt \u2013 tai ma\u017eas \u0161eimos verslas, kuris prasid\u0117jo nuo meil\u0117s knygoms ir siekio i\u0161gelb\u0117ti knygas nuo likimo prie konteinerio. Kas vienam nereikalingas daiktas \u2013 kitam lobis, o mes esame tarpininkai, kurie padeda abiems tapti laimingesniems ???? \u017dinome kaip nelengva i\u0161gyventi ma\u017eiems verslams, tad nuo \u0161iol, \u010dia rasite ir kit\u0173, ma\u017e\u0173 \u0161eim\u0173 versl\u0173, rank\u0173 darbo, dovan\u0173 sau ir artimiesiems.\",\"publisher\":{\"@id\":\"https:\/\/skaitytaknyga.lt\/#organization\"},\"potentialAction\":[{\"@type\":\"SearchAction\",\"target\":{\"@type\":\"EntryPoint\",\"urlTemplate\":\"https:\/\/skaitytaknyga.lt\/?s={search_term_string}\"},\"query-input\":{\"@type\":\"PropertyValueSpecification\",\"valueRequired\":true,\"valueName\":\"search_term_string\"}}],\"inLanguage\":\"en-GB\"},{\"@type\":\"Organization\",\"@id\":\"https:\/\/skaitytaknyga.lt\/#organization\",\"name\":\"skaitytaknyga.lt\",\"url\":\"https:\/\/skaitytaknyga.lt\/\",\"logo\":{\"@type\":\"ImageObject\",\"inLanguage\":\"en-GB\",\"@id\":\"https:\/\/skaitytaknyga.lt\/#\/schema\/logo\/image\/\",\"url\":\"https:\/\/skaitytaknyga.lt\/wp-content\/uploads\/2024\/05\/cropped-cropped-cropped-02_00843_jt3bggkj1j3HLc7SyY6rEUpg.jpeg\",\"contentUrl\":\"https:\/\/skaitytaknyga.lt\/wp-content\/uploads\/2024\/05\/cropped-cropped-cropped-02_00843_jt3bggkj1j3HLc7SyY6rEUpg.jpeg\",\"width\":1600,\"height\":1600,\"caption\":\"skaitytaknyga.lt\"},\"image\":{\"@id\":\"https:\/\/skaitytaknyga.lt\/#\/schema\/logo\/image\/\"},\"sameAs\":[\"https:\/\/www.facebook.com\/skaitytaknyga\/\"]}]}<\/script>\n<!-- \/ Yoast SEO plugin. -->","yoast_head_json":{"title":"Trys draugai","description":"\u017dymaus vokie\u010di\u0173 ra\u0161ytojo \u0116. M. Remarko (1898-1970) romanas \u201eTrys draugai\u201c (1938) vaizduoja Berlyn\u0105 a\u0161trios politin\u0117s kovos metais ir \u017emones tokius, kokie jie yra \u2013 nelaimingus, nuod\u0117mingus, i\u0161kankintus ir net sugniu\u017edytus sunkaus, netikusio gyvenimo.","robots":{"index":"index","follow":"follow","max-snippet":"max-snippet:-1","max-image-preview":"max-image-preview:large","max-video-preview":"max-video-preview:-1"},"canonical":"https:\/\/skaitytaknyga.lt\/en\/produktas\/remarkas-trys-draugai-su-nedideliais-defektais-2\/","og_locale":"en_GB","og_type":"article","og_title":"[:lt]Trys draugai[:] - Skaitytaknyga","og_description":"\u017dymaus vokie\u010di\u0173 ra\u0161ytojo \u0116. M. Remarko (1898-1970) romanas \u201eTrys draugai\u201c (1938) vaizduoja Berlyn\u0105 a\u0161trios politin\u0117s kovos metais ir \u017emones tokius, kokie jie yra \u2013 nelaimingus, nuod\u0117mingus, i\u0161kankintus ir net sugniu\u017edytus sunkaus, netikusio gyvenimo.","og_url":"https:\/\/skaitytaknyga.lt\/en\/produktas\/remarkas-trys-draugai-su-nedideliais-defektais-2\/","og_site_name":"Skaitytaknyga","article_publisher":"https:\/\/www.facebook.com\/skaitytaknyga\/","article_modified_time":"2026-01-27T10:49:22+00:00","og_image":[{"width":526,"height":800,"url":"https:\/\/skaitytaknyga.lt\/wp-content\/uploads\/2024\/12\/Trys-draugai.webp","type":"image\/webp"}],"twitter_card":"summary_large_image","twitter_misc":{"Estimated reading time":"1 minute"},"schema":{"@context":"https:\/\/schema.org","@graph":[{"@type":"WebPage","@id":"https:\/\/skaitytaknyga.lt\/produktas\/remarkas-trys-draugai-su-nedideliais-defektais-2\/","url":"https:\/\/skaitytaknyga.lt\/produktas\/remarkas-trys-draugai-su-nedideliais-defektais-2\/","name":"Trys draugai","isPartOf":{"@id":"https:\/\/skaitytaknyga.lt\/#website"},"primaryImageOfPage":{"@id":"https:\/\/skaitytaknyga.lt\/produktas\/remarkas-trys-draugai-su-nedideliais-defektais-2\/#primaryimage"},"image":{"@id":"https:\/\/skaitytaknyga.lt\/produktas\/remarkas-trys-draugai-su-nedideliais-defektais-2\/#primaryimage"},"thumbnailUrl":"https:\/\/skaitytaknyga.lt\/wp-content\/uploads\/2024\/12\/Trys-draugai.webp","datePublished":"2024-12-17T11:54:38+00:00","dateModified":"2026-01-27T10:49:22+00:00","description":"\u017dymaus vokie\u010di\u0173 ra\u0161ytojo \u0116. M. Remarko (1898-1970) romanas \u201eTrys draugai\u201c (1938) vaizduoja Berlyn\u0105 a\u0161trios politin\u0117s kovos metais ir \u017emones tokius, kokie jie yra \u2013 nelaimingus, nuod\u0117mingus, i\u0161kankintus ir net sugniu\u017edytus sunkaus, netikusio gyvenimo.","breadcrumb":{"@id":"https:\/\/skaitytaknyga.lt\/produktas\/remarkas-trys-draugai-su-nedideliais-defektais-2\/#breadcrumb"},"inLanguage":"en-GB","potentialAction":[{"@type":"ReadAction","target":["https:\/\/skaitytaknyga.lt\/produktas\/remarkas-trys-draugai-su-nedideliais-defektais-2\/"]}]},{"@type":"ImageObject","inLanguage":"en-GB","@id":"https:\/\/skaitytaknyga.lt\/produktas\/remarkas-trys-draugai-su-nedideliais-defektais-2\/#primaryimage","url":"https:\/\/skaitytaknyga.lt\/wp-content\/uploads\/2024\/12\/Trys-draugai.webp","contentUrl":"https:\/\/skaitytaknyga.lt\/wp-content\/uploads\/2024\/12\/Trys-draugai.webp","width":526,"height":800,"caption":"Trys draugai"},{"@type":"BreadcrumbList","@id":"https:\/\/skaitytaknyga.lt\/produktas\/remarkas-trys-draugai-su-nedideliais-defektais-2\/#breadcrumb","itemListElement":[{"@type":"ListItem","position":1,"name":"Home","item":"https:\/\/skaitytaknyga.lt\/"},{"@type":"ListItem","position":2,"name":"Parduotuv\u0117","item":"https:\/\/skaitytaknyga.lt\/knygu-parduotuve\/"},{"@type":"ListItem","position":3,"name":"Trys draugai"}]},{"@type":"WebSite","@id":"https:\/\/skaitytaknyga.lt\/#website","url":"https:\/\/skaitytaknyga.lt\/","name":"skaitytaknyga.lt","description":"Skaitytaknyga.lt \u2013 tai ma\u017eas \u0161eimos verslas, kuris prasid\u0117jo nuo meil\u0117s knygoms ir siekio i\u0161gelb\u0117ti knygas nuo likimo prie konteinerio. Kas vienam nereikalingas daiktas \u2013 kitam lobis, o mes esame tarpininkai, kurie padeda abiems tapti laimingesniems ???? \u017dinome kaip nelengva i\u0161gyventi ma\u017eiems verslams, tad nuo \u0161iol, \u010dia rasite ir kit\u0173, ma\u017e\u0173 \u0161eim\u0173 versl\u0173, rank\u0173 darbo, dovan\u0173 sau ir artimiesiems.","publisher":{"@id":"https:\/\/skaitytaknyga.lt\/#organization"},"potentialAction":[{"@type":"SearchAction","target":{"@type":"EntryPoint","urlTemplate":"https:\/\/skaitytaknyga.lt\/?s={search_term_string}"},"query-input":{"@type":"PropertyValueSpecification","valueRequired":true,"valueName":"search_term_string"}}],"inLanguage":"en-GB"},{"@type":"Organization","@id":"https:\/\/skaitytaknyga.lt\/#organization","name":"skaitytaknyga.lt","url":"https:\/\/skaitytaknyga.lt\/","logo":{"@type":"ImageObject","inLanguage":"en-GB","@id":"https:\/\/skaitytaknyga.lt\/#\/schema\/logo\/image\/","url":"https:\/\/skaitytaknyga.lt\/wp-content\/uploads\/2024\/05\/cropped-cropped-cropped-02_00843_jt3bggkj1j3HLc7SyY6rEUpg.jpeg","contentUrl":"https:\/\/skaitytaknyga.lt\/wp-content\/uploads\/2024\/05\/cropped-cropped-cropped-02_00843_jt3bggkj1j3HLc7SyY6rEUpg.jpeg","width":1600,"height":1600,"caption":"skaitytaknyga.lt"},"image":{"@id":"https:\/\/skaitytaknyga.lt\/#\/schema\/logo\/image\/"},"sameAs":["https:\/\/www.facebook.com\/skaitytaknyga\/"]}]}},"_links":{"self":[{"href":"https:\/\/skaitytaknyga.lt\/en\/wp-json\/wp\/v2\/product\/15459","targetHints":{"allow":["GET"]}}],"collection":[{"href":"https:\/\/skaitytaknyga.lt\/en\/wp-json\/wp\/v2\/product"}],"about":[{"href":"https:\/\/skaitytaknyga.lt\/en\/wp-json\/wp\/v2\/types\/product"}],"replies":[{"embeddable":true,"href":"https:\/\/skaitytaknyga.lt\/en\/wp-json\/wp\/v2\/comments?post=15459"}],"wp:featuredmedia":[{"embeddable":true,"href":"https:\/\/skaitytaknyga.lt\/en\/wp-json\/wp\/v2\/media\/15460"}],"wp:attachment":[{"href":"https:\/\/skaitytaknyga.lt\/en\/wp-json\/wp\/v2\/media?parent=15459"}],"wp:term":[{"taxonomy":"product_brand","embeddable":true,"href":"https:\/\/skaitytaknyga.lt\/en\/wp-json\/wp\/v2\/product_brand?post=15459"},{"taxonomy":"product_cat","embeddable":true,"href":"https:\/\/skaitytaknyga.lt\/en\/wp-json\/wp\/v2\/product_cat?post=15459"},{"taxonomy":"product_tag","embeddable":true,"href":"https:\/\/skaitytaknyga.lt\/en\/wp-json\/wp\/v2\/product_tag?post=15459"}],"curies":[{"name":"wp","href":"https:\/\/api.w.org\/{rel}","templated":true}]}}