{"id":15458,"date":"2024-12-17T13:49:33","date_gmt":"2024-12-17T11:49:33","guid":{"rendered":"https:\/\/skaitytaknyga.lt\/?post_type=product&#038;p=15458"},"modified":"2026-04-16T21:24:26","modified_gmt":"2026-04-16T18:24:26","slug":"homeras-iliada","status":"publish","type":"product","link":"https:\/\/skaitytaknyga.lt\/en\/produktas\/homeras-iliada\/","title":{"rendered":"Iliada"},"content":{"rendered":"<p>Alessandro Baricco (g. 1958 m.) \u2013 \u0161iuolaikin\u0117s ital\u0173 literat\u016bros fenomenas, daugelio populiari\u0173 roman\u0173 autorius. Ra\u0161ytojas studijavo filosofij\u0105 ir muzikologij\u0105, ilgai dirbo muzikos kritiku dienra\u0161tyje La Republica. Pasaulin\u0119 \u0161lov\u0119 jam peln\u0117 poeti\u0161kas, subtilus ir \u0161velnus, originalia literat\u016brine maniera para\u0161ytas romanas \u201e\u0160ilkas\u201c.<\/p>\n<p>A. Baricco proza i\u0161siskiria savo lyrizmu, nutyl\u0117jimais, fragmentais, u\u017e kuri\u0173 galima justi poeti\u0161k\u0105, savitai regim\u0105 tikrov\u0119.<br \/>\nHomeras, Iliada \u2013 knyga, skirta did\u017eiausiam karui Europos istorijoje ir vienam did\u017eiausi\u0173 senosios ra\u0161tijos paminklui. Ra\u0161ytojas tik jam b\u016bdinga \u201espindin\u010dia\u201c kalba, \u017evelgdamas i\u0161 XXI a., pasakoja apie Trojos kar\u0105, kar\u017eygi\u0173 ir kari\u0173 likimus.<\/p>\n<p>I\u0161 am\u017ei\u0173 gl\u016bdumos prabyla Hektoras ir Patroklas, Ulisas ir Chriseid\u0117 \u2013 jie pasakoja apie bais\u0173j\u012f kar\u0105, kurio verpetai \u012ftrauk\u0117 gausyb\u0119 \u017emoni\u0173, kurio liepsnos pra\u017eud\u0117 diding\u0105j\u0105 Troj\u0105. Pasakoja tik \u017emon\u0117s; diev\u0173, l\u0117musi\u0173 \u017emoni\u0173 likimus Homero \u201eIliadoje\u201c, A. Baricco knygoje nerasime. Jam svarbiausia \u2013 ne dievai, o \u017emon\u0117s, prad\u0117j\u0119 kar\u0105, \u012ftraukti \u012f kar\u0105 prie\u0161 savo vali\u0105, b\u0117gantys nuo karo ir randantys kare gyvenimo prasm\u0119.<\/p>\n<p>Ta\u010diau svarbiausias yra pats karas, skleid\u017eiantis \u201eakinan\u010di\u0105 mirties \u0161vies\u0105\u201c . Karas, kur\u012f prisimindami, privalome surasti gyvenimo prasm\u0119 taikoje.<br \/>\nAnks\u010diau ar v\u0117liau mums pavyks i\u0161traukti Achil\u0105 i\u0161 to pra\u017e\u016btingo karo, sako ra\u0161ytojas. Namo j\u012f sugr\u0105\u017eins ne baim\u0117 ir ne siaubas. Tai bus ka\u017ekoks kitoks gro\u017eis, labiau akinantis u\u017e karo gro\u017e\u012f ir gerokai u\u017e j\u012f romesnis.<\/p>\n<ul class=\"about-product d-none d-xl-block mt-4\">\n<li><strong>Autorius:<\/strong>\u00a0Alessandro Baricco<\/li>\n<li><strong>Leid\u0117jas:<\/strong>\u00a0Tyto alba<\/li>\n<li><strong>Metai:<\/strong>\u00a02008<\/li>\n<li><strong>Puslapiai:<\/strong>\u00a0150<\/li>\n<li class=\"toggleable type-new-formats \"><strong>ISBN:<\/strong>\u00a09789986166108<\/li>\n<li><strong>Versijos kodas:<\/strong>\u00a0PT.<\/li>\n<li class=\"toggleable type-new-formats \"><strong>Formatas:<\/strong>\u00a015 x 22 cm, kieti vir\u0161eliai<\/li>\n<li><strong>Kalba:<\/strong>\u00a0Lietuvi\u0173<\/li>\n<li><strong>Vert\u0117jas:<\/strong>\u00a0Kristina Nastopkait\u0117<\/li>\n<\/ul>\n","protected":false},"excerpt":{"rendered":"<p>Alessandro Baricco (g. 1958 m.) \u2013 \u0161iuolaikin\u0117s ital\u0173 literat\u016bros fenomenas, daugelio populiari\u0173 roman\u0173 autorius. Ra\u0161ytojas studijavo filosofij\u0105 ir muzikologij\u0105, ilgai dirbo muzikos kritiku dienra\u0161tyje La Republica. Pasaulin\u0119 \u0161lov\u0119 jam peln\u0117 poeti\u0161kas, subtilus ir \u0161velnus, originalia literat\u016brine maniera para\u0161ytas romanas \u201e\u0160ilkas\u201c. A. Baricco proza i\u0161siskiria savo lyrizmu, nutyl\u0117jimais, fragmentais, u\u017e kuri\u0173 galima justi poeti\u0161k\u0105, savitai regim\u0105 tikrov\u0119. Homeras, Iliada \u2013 knyga, skirta did\u017eiausiam karui Europos istorijoje ir vienam did\u017eiausi\u0173 senosios ra\u0161tijos paminklui. Ra\u0161ytojas tik jam b\u016bdinga \u201espindin\u010dia\u201c kalba, \u017evelgdamas i\u0161 XXI a., pasakoja apie Trojos kar\u0105, kar\u017eygi\u0173 ir kari\u0173 likimus. I\u0161 am\u017ei\u0173 gl\u016bdumos prabyla Hektoras ir Patroklas, Ulisas ir Chriseid\u0117 \u2013 jie pasakoja apie bais\u0173j\u012f kar\u0105, kurio verpetai \u012ftrauk\u0117 gausyb\u0119 \u017emoni\u0173, kurio liepsnos pra\u017eud\u0117 diding\u0105j\u0105 Troj\u0105. Pasakoja tik \u017emon\u0117s; diev\u0173, l\u0117musi\u0173 \u017emoni\u0173 likimus Homero \u201eIliadoje\u201c, A. Baricco knygoje nerasime. Jam svarbiausia \u2013 ne dievai, o \u017emon\u0117s, prad\u0117j\u0119 kar\u0105, \u012ftraukti \u012f kar\u0105 prie\u0161 savo vali\u0105, b\u0117gantys nuo karo ir randantys kare gyvenimo prasm\u0119. Ta\u010diau svarbiausias yra pats karas, skleid\u017eiantis \u201eakinan\u010di\u0105 mirties \u0161vies\u0105\u201c . Karas, kur\u012f prisimindami, privalome surasti gyvenimo prasm\u0119 taikoje. Anks\u010diau ar v\u0117liau mums pavyks i\u0161traukti Achil\u0105 i\u0161 to pra\u017e\u016btingo karo, sako ra\u0161ytojas. Namo j\u012f sugr\u0105\u017eins ne baim\u0117 ir ne siaubas. Tai bus ka\u017ekoks kitoks gro\u017eis, labiau akinantis u\u017e karo gro\u017e\u012f ir gerokai u\u017e j\u012f romesnis. Autorius:\u00a0Alessandro Baricco Leid\u0117jas:\u00a0Tyto alba Metai:\u00a02008 Puslapiai:\u00a0150 ISBN:\u00a09789986166108 Versijos kodas:\u00a0PT. Formatas:\u00a015 x 22 cm, kieti vir\u0161eliai Kalba:\u00a0Lietuvi\u0173 Vert\u0117jas:\u00a0Kristina Nastopkait\u0117<\/p>\n","protected":false},"featured_media":15522,"comment_status":"open","ping_status":"closed","template":"","meta":{"_acf_changed":false,"site-sidebar-layout":"default","site-content-layout":"","ast-site-content-layout":"default","site-content-style":"default","site-sidebar-style":"default","ast-global-header-display":"","ast-banner-title-visibility":"","ast-main-header-display":"","ast-hfb-above-header-display":"","ast-hfb-below-header-display":"","ast-hfb-mobile-header-display":"","site-post-title":"","ast-breadcrumbs-content":"","ast-featured-img":"","footer-sml-layout":"","ast-disable-related-posts":"","theme-transparent-header-meta":"default","adv-header-id-meta":"","stick-header-meta":"","header-above-stick-meta":"","header-main-stick-meta":"","header-below-stick-meta":"","astra-migrate-meta-layouts":"set","ast-page-background-enabled":"default","ast-page-background-meta":{"desktop":{"background-color":"","background-image":"","background-repeat":"repeat","background-position":"center center","background-size":"auto","background-attachment":"scroll","background-type":"","background-media":"","overlay-type":"","overlay-color":"","overlay-opacity":"","overlay-gradient":""},"tablet":{"background-color":"","background-image":"","background-repeat":"repeat","background-position":"center center","background-size":"auto","background-attachment":"scroll","background-type":"","background-media":"","overlay-type":"","overlay-color":"","overlay-opacity":"","overlay-gradient":""},"mobile":{"background-color":"","background-image":"","background-repeat":"repeat","background-position":"center center","background-size":"auto","background-attachment":"scroll","background-type":"","background-media":"","overlay-type":"","overlay-color":"","overlay-opacity":"","overlay-gradient":""}},"ast-content-background-meta":{"desktop":{"background-color":"var(--ast-global-color-4)","background-image":"","background-repeat":"repeat","background-position":"center center","background-size":"auto","background-attachment":"scroll","background-type":"","background-media":"","overlay-type":"","overlay-color":"","overlay-opacity":"","overlay-gradient":""},"tablet":{"background-color":"var(--ast-global-color-4)","background-image":"","background-repeat":"repeat","background-position":"center center","background-size":"auto","background-attachment":"scroll","background-type":"","background-media":"","overlay-type":"","overlay-color":"","overlay-opacity":"","overlay-gradient":""},"mobile":{"background-color":"var(--ast-global-color-4)","background-image":"","background-repeat":"repeat","background-position":"center center","background-size":"auto","background-attachment":"scroll","background-type":"","background-media":"","overlay-type":"","overlay-color":"","overlay-opacity":"","overlay-gradient":""}}},"product_brand":[],"product_cat":[31,15],"product_tag":[1449,1448,1450,1432,1434,1459,1437,1438],"class_list":{"0":"post-15458","1":"product","2":"type-product","3":"status-publish","4":"has-post-thumbnail","6":"product_cat-grozine-literatura","7":"product_cat-uncategorized","8":"product_tag-epas","9":"product_tag-graiku-literatura","10":"product_tag-herojai","11":"product_tag-homeras","12":"product_tag-iliada","13":"product_tag-karas","14":"product_tag-klasika","15":"product_tag-trojos-karas","16":"desktop-align-left","17":"tablet-align-left","18":"mobile-align-left","20":"first","21":"instock","22":"shipping-taxable","23":"purchasable","24":"product-type-simple"},"acf":[],"yoast_head":"<!-- This site is optimized with the Yoast SEO plugin v27.4 - https:\/\/yoast.com\/product\/yoast-seo-wordpress\/ -->\n<title>Iliada<\/title>\n<meta name=\"description\" content=\"Alessandro Baricco (g. 1958 m.) \u2013 \u0161iuolaikin\u0117s ital\u0173 literat\u016bros fenomenas, daugelio populiari\u0173 roman\u0173 autorius. Ra\u0161ytojas studijavo filosofij\u0105 ir\" \/>\n<meta name=\"robots\" content=\"index, follow, max-snippet:-1, max-image-preview:large, max-video-preview:-1\" \/>\n<link rel=\"canonical\" href=\"https:\/\/skaitytaknyga.lt\/en\/produktas\/homeras-iliada\/\" \/>\n<meta property=\"og:locale\" content=\"en_GB\" \/>\n<meta property=\"og:locale:alternate\" content=\"lt_LT\" \/>\n<meta property=\"og:type\" content=\"article\" \/>\n<meta property=\"og:title\" content=\"Iliada\" \/>\n<meta property=\"og:description\" content=\"Alessandro Baricco (g. 1958 m.) \u2013 \u0161iuolaikin\u0117s ital\u0173 literat\u016bros fenomenas, daugelio populiari\u0173 roman\u0173 autorius. Ra\u0161ytojas studijavo filosofij\u0105 ir\" \/>\n<meta property=\"og:url\" content=\"https:\/\/skaitytaknyga.lt\/en\/produktas\/homeras-iliada\/\" \/>\n<meta property=\"og:site_name\" content=\"Skaitytaknyga\" \/>\n<meta property=\"article:publisher\" content=\"https:\/\/www.facebook.com\/skaitytaknyga\/\" \/>\n<meta property=\"article:modified_time\" content=\"2026-04-16T18:24:26+00:00\" \/>\n<meta property=\"og:image\" content=\"https:\/\/skaitytaknyga.lt\/wp-content\/uploads\/2024\/12\/Homeras-Iliada.webp\" \/>\n\t<meta property=\"og:image:width\" content=\"538\" \/>\n\t<meta property=\"og:image:height\" content=\"800\" \/>\n\t<meta property=\"og:image:type\" content=\"image\/webp\" \/>\n<meta name=\"twitter:card\" content=\"summary_large_image\" \/>\n<meta name=\"twitter:label1\" content=\"Estimated reading time\" \/>\n\t<meta name=\"twitter:data1\" content=\"2 minutes\" \/>\n<script type=\"application\/ld+json\" class=\"yoast-schema-graph\">{\"@context\":\"https:\\\/\\\/schema.org\",\"@graph\":[{\"@type\":\"WebPage\",\"@id\":\"https:\\\/\\\/skaitytaknyga.lt\\\/produktas\\\/homeras-iliada\\\/\",\"url\":\"https:\\\/\\\/skaitytaknyga.lt\\\/produktas\\\/homeras-iliada\\\/\",\"name\":\"Iliada\",\"isPartOf\":{\"@id\":\"https:\\\/\\\/skaitytaknyga.lt\\\/#website\"},\"primaryImageOfPage\":{\"@id\":\"https:\\\/\\\/skaitytaknyga.lt\\\/produktas\\\/homeras-iliada\\\/#primaryimage\"},\"image\":{\"@id\":\"https:\\\/\\\/skaitytaknyga.lt\\\/produktas\\\/homeras-iliada\\\/#primaryimage\"},\"thumbnailUrl\":\"https:\\\/\\\/skaitytaknyga.lt\\\/wp-content\\\/uploads\\\/2024\\\/12\\\/Homeras-Iliada.webp\",\"datePublished\":\"2024-12-17T11:49:33+00:00\",\"dateModified\":\"2026-04-16T18:24:26+00:00\",\"description\":\"Alessandro Baricco (g. 1958 m.) \u2013 \u0161iuolaikin\u0117s ital\u0173 literat\u016bros fenomenas, daugelio populiari\u0173 roman\u0173 autorius. Ra\u0161ytojas studijavo filosofij\u0105 ir\",\"breadcrumb\":{\"@id\":\"https:\\\/\\\/skaitytaknyga.lt\\\/produktas\\\/homeras-iliada\\\/#breadcrumb\"},\"inLanguage\":\"en-GB\",\"potentialAction\":[{\"@type\":\"ReadAction\",\"target\":[\"https:\\\/\\\/skaitytaknyga.lt\\\/produktas\\\/homeras-iliada\\\/\"]}]},{\"@type\":\"ImageObject\",\"inLanguage\":\"en-GB\",\"@id\":\"https:\\\/\\\/skaitytaknyga.lt\\\/produktas\\\/homeras-iliada\\\/#primaryimage\",\"url\":\"https:\\\/\\\/skaitytaknyga.lt\\\/wp-content\\\/uploads\\\/2024\\\/12\\\/Homeras-Iliada.webp\",\"contentUrl\":\"https:\\\/\\\/skaitytaknyga.lt\\\/wp-content\\\/uploads\\\/2024\\\/12\\\/Homeras-Iliada.webp\",\"width\":538,\"height\":800,\"caption\":\"Homeras, Iliada\"},{\"@type\":\"BreadcrumbList\",\"@id\":\"https:\\\/\\\/skaitytaknyga.lt\\\/produktas\\\/homeras-iliada\\\/#breadcrumb\",\"itemListElement\":[{\"@type\":\"ListItem\",\"position\":1,\"name\":\"Home\",\"item\":\"https:\\\/\\\/skaitytaknyga.lt\\\/\"},{\"@type\":\"ListItem\",\"position\":2,\"name\":\"Parduotuv\u0117\",\"item\":\"https:\\\/\\\/skaitytaknyga.lt\\\/knygu-parduotuve\\\/\"},{\"@type\":\"ListItem\",\"position\":3,\"name\":\"Iliada\"}]},{\"@type\":\"WebSite\",\"@id\":\"https:\\\/\\\/skaitytaknyga.lt\\\/#website\",\"url\":\"https:\\\/\\\/skaitytaknyga.lt\\\/\",\"name\":\"skaitytaknyga.lt\",\"description\":\"Skaitytaknyga.lt \u2013 tai ma\u017eas \u0161eimos verslas, kuris prasid\u0117jo nuo meil\u0117s knygoms ir siekio i\u0161gelb\u0117ti knygas nuo likimo prie konteinerio. Kas vienam nereikalingas daiktas \u2013 kitam lobis, o mes esame tarpininkai, kurie padeda abiems tapti laimingesniems ???? \u017dinome kaip nelengva i\u0161gyventi ma\u017eiems verslams, tad nuo \u0161iol, \u010dia rasite ir kit\u0173, ma\u017e\u0173 \u0161eim\u0173 versl\u0173, rank\u0173 darbo, dovan\u0173 sau ir artimiesiems.\",\"publisher\":{\"@id\":\"https:\\\/\\\/skaitytaknyga.lt\\\/#organization\"},\"potentialAction\":[{\"@type\":\"SearchAction\",\"target\":{\"@type\":\"EntryPoint\",\"urlTemplate\":\"https:\\\/\\\/skaitytaknyga.lt\\\/?s={search_term_string}\"},\"query-input\":{\"@type\":\"PropertyValueSpecification\",\"valueRequired\":true,\"valueName\":\"search_term_string\"}}],\"inLanguage\":\"en-GB\"},{\"@type\":\"Organization\",\"@id\":\"https:\\\/\\\/skaitytaknyga.lt\\\/#organization\",\"name\":\"skaitytaknyga.lt\",\"url\":\"https:\\\/\\\/skaitytaknyga.lt\\\/\",\"logo\":{\"@type\":\"ImageObject\",\"inLanguage\":\"en-GB\",\"@id\":\"https:\\\/\\\/skaitytaknyga.lt\\\/#\\\/schema\\\/logo\\\/image\\\/\",\"url\":\"https:\\\/\\\/skaitytaknyga.lt\\\/wp-content\\\/uploads\\\/2024\\\/05\\\/cropped-cropped-cropped-02_00843_jt3bggkj1j3HLc7SyY6rEUpg.jpeg\",\"contentUrl\":\"https:\\\/\\\/skaitytaknyga.lt\\\/wp-content\\\/uploads\\\/2024\\\/05\\\/cropped-cropped-cropped-02_00843_jt3bggkj1j3HLc7SyY6rEUpg.jpeg\",\"width\":1600,\"height\":1600,\"caption\":\"skaitytaknyga.lt\"},\"image\":{\"@id\":\"https:\\\/\\\/skaitytaknyga.lt\\\/#\\\/schema\\\/logo\\\/image\\\/\"},\"sameAs\":[\"https:\\\/\\\/www.facebook.com\\\/skaitytaknyga\\\/\"]}]}<\/script>\n<!-- \/ Yoast SEO plugin. -->","yoast_head_json":{"title":"Iliada","description":"Alessandro Baricco (g. 1958 m.) \u2013 \u0161iuolaikin\u0117s ital\u0173 literat\u016bros fenomenas, daugelio populiari\u0173 roman\u0173 autorius. Ra\u0161ytojas studijavo filosofij\u0105 ir","robots":{"index":"index","follow":"follow","max-snippet":"max-snippet:-1","max-image-preview":"max-image-preview:large","max-video-preview":"max-video-preview:-1"},"canonical":"https:\/\/skaitytaknyga.lt\/en\/produktas\/homeras-iliada\/","og_locale":"en_GB","og_type":"article","og_title":"[:lt]Iliada[:] - Skaitytaknyga","og_description":"Alessandro Baricco (g. 1958 m.) \u2013 \u0161iuolaikin\u0117s ital\u0173 literat\u016bros fenomenas, daugelio populiari\u0173 roman\u0173 autorius. Ra\u0161ytojas studijavo filosofij\u0105 ir","og_url":"https:\/\/skaitytaknyga.lt\/en\/produktas\/homeras-iliada\/","og_site_name":"Skaitytaknyga","article_publisher":"https:\/\/www.facebook.com\/skaitytaknyga\/","article_modified_time":"2026-04-16T18:24:26+00:00","og_image":[{"width":538,"height":800,"url":"https:\/\/skaitytaknyga.lt\/wp-content\/uploads\/2024\/12\/Homeras-Iliada.webp","type":"image\/webp"}],"twitter_card":"summary_large_image","twitter_misc":{"Estimated reading time":"2 minutes"},"schema":{"@context":"https:\/\/schema.org","@graph":[{"@type":"WebPage","@id":"https:\/\/skaitytaknyga.lt\/produktas\/homeras-iliada\/","url":"https:\/\/skaitytaknyga.lt\/produktas\/homeras-iliada\/","name":"Iliada","isPartOf":{"@id":"https:\/\/skaitytaknyga.lt\/#website"},"primaryImageOfPage":{"@id":"https:\/\/skaitytaknyga.lt\/produktas\/homeras-iliada\/#primaryimage"},"image":{"@id":"https:\/\/skaitytaknyga.lt\/produktas\/homeras-iliada\/#primaryimage"},"thumbnailUrl":"https:\/\/skaitytaknyga.lt\/wp-content\/uploads\/2024\/12\/Homeras-Iliada.webp","datePublished":"2024-12-17T11:49:33+00:00","dateModified":"2026-04-16T18:24:26+00:00","description":"Alessandro Baricco (g. 1958 m.) \u2013 \u0161iuolaikin\u0117s ital\u0173 literat\u016bros fenomenas, daugelio populiari\u0173 roman\u0173 autorius. Ra\u0161ytojas studijavo filosofij\u0105 ir","breadcrumb":{"@id":"https:\/\/skaitytaknyga.lt\/produktas\/homeras-iliada\/#breadcrumb"},"inLanguage":"en-GB","potentialAction":[{"@type":"ReadAction","target":["https:\/\/skaitytaknyga.lt\/produktas\/homeras-iliada\/"]}]},{"@type":"ImageObject","inLanguage":"en-GB","@id":"https:\/\/skaitytaknyga.lt\/produktas\/homeras-iliada\/#primaryimage","url":"https:\/\/skaitytaknyga.lt\/wp-content\/uploads\/2024\/12\/Homeras-Iliada.webp","contentUrl":"https:\/\/skaitytaknyga.lt\/wp-content\/uploads\/2024\/12\/Homeras-Iliada.webp","width":538,"height":800,"caption":"Homeras, Iliada"},{"@type":"BreadcrumbList","@id":"https:\/\/skaitytaknyga.lt\/produktas\/homeras-iliada\/#breadcrumb","itemListElement":[{"@type":"ListItem","position":1,"name":"Home","item":"https:\/\/skaitytaknyga.lt\/"},{"@type":"ListItem","position":2,"name":"Parduotuv\u0117","item":"https:\/\/skaitytaknyga.lt\/knygu-parduotuve\/"},{"@type":"ListItem","position":3,"name":"Iliada"}]},{"@type":"WebSite","@id":"https:\/\/skaitytaknyga.lt\/#website","url":"https:\/\/skaitytaknyga.lt\/","name":"skaitytaknyga.lt","description":"Skaitytaknyga.lt \u2013 tai ma\u017eas \u0161eimos verslas, kuris prasid\u0117jo nuo meil\u0117s knygoms ir siekio i\u0161gelb\u0117ti knygas nuo likimo prie konteinerio. Kas vienam nereikalingas daiktas \u2013 kitam lobis, o mes esame tarpininkai, kurie padeda abiems tapti laimingesniems ???? \u017dinome kaip nelengva i\u0161gyventi ma\u017eiems verslams, tad nuo \u0161iol, \u010dia rasite ir kit\u0173, ma\u017e\u0173 \u0161eim\u0173 versl\u0173, rank\u0173 darbo, dovan\u0173 sau ir artimiesiems.","publisher":{"@id":"https:\/\/skaitytaknyga.lt\/#organization"},"potentialAction":[{"@type":"SearchAction","target":{"@type":"EntryPoint","urlTemplate":"https:\/\/skaitytaknyga.lt\/?s={search_term_string}"},"query-input":{"@type":"PropertyValueSpecification","valueRequired":true,"valueName":"search_term_string"}}],"inLanguage":"en-GB"},{"@type":"Organization","@id":"https:\/\/skaitytaknyga.lt\/#organization","name":"skaitytaknyga.lt","url":"https:\/\/skaitytaknyga.lt\/","logo":{"@type":"ImageObject","inLanguage":"en-GB","@id":"https:\/\/skaitytaknyga.lt\/#\/schema\/logo\/image\/","url":"https:\/\/skaitytaknyga.lt\/wp-content\/uploads\/2024\/05\/cropped-cropped-cropped-02_00843_jt3bggkj1j3HLc7SyY6rEUpg.jpeg","contentUrl":"https:\/\/skaitytaknyga.lt\/wp-content\/uploads\/2024\/05\/cropped-cropped-cropped-02_00843_jt3bggkj1j3HLc7SyY6rEUpg.jpeg","width":1600,"height":1600,"caption":"skaitytaknyga.lt"},"image":{"@id":"https:\/\/skaitytaknyga.lt\/#\/schema\/logo\/image\/"},"sameAs":["https:\/\/www.facebook.com\/skaitytaknyga\/"]}]}},"_links":{"self":[{"href":"https:\/\/skaitytaknyga.lt\/en\/wp-json\/wp\/v2\/product\/15458","targetHints":{"allow":["GET"]}}],"collection":[{"href":"https:\/\/skaitytaknyga.lt\/en\/wp-json\/wp\/v2\/product"}],"about":[{"href":"https:\/\/skaitytaknyga.lt\/en\/wp-json\/wp\/v2\/types\/product"}],"replies":[{"embeddable":true,"href":"https:\/\/skaitytaknyga.lt\/en\/wp-json\/wp\/v2\/comments?post=15458"}],"wp:featuredmedia":[{"embeddable":true,"href":"https:\/\/skaitytaknyga.lt\/en\/wp-json\/wp\/v2\/media\/15522"}],"wp:attachment":[{"href":"https:\/\/skaitytaknyga.lt\/en\/wp-json\/wp\/v2\/media?parent=15458"}],"wp:term":[{"taxonomy":"product_brand","embeddable":true,"href":"https:\/\/skaitytaknyga.lt\/en\/wp-json\/wp\/v2\/product_brand?post=15458"},{"taxonomy":"product_cat","embeddable":true,"href":"https:\/\/skaitytaknyga.lt\/en\/wp-json\/wp\/v2\/product_cat?post=15458"},{"taxonomy":"product_tag","embeddable":true,"href":"https:\/\/skaitytaknyga.lt\/en\/wp-json\/wp\/v2\/product_tag?post=15458"}],"curies":[{"name":"wp","href":"https:\/\/api.w.org\/{rel}","templated":true}]}}