{"id":15457,"date":"2024-12-17T13:49:33","date_gmt":"2024-12-17T11:49:33","guid":{"rendered":"https:\/\/skaitytaknyga.lt\/?post_type=product&#038;p=15457"},"modified":"2026-03-05T11:04:37","modified_gmt":"2026-03-05T09:04:37","slug":"ode-dziaugsmui","status":"publish","type":"product","link":"https:\/\/skaitytaknyga.lt\/en\/produktas\/ode-dziaugsmui\/","title":{"rendered":"Od\u0117 d\u017eiaugsmui"},"content":{"rendered":"<p>Antroji Jurgos Ivanauskait\u0117s, Nacionalin\u0117s premijos laureat\u0117s (2005) poezijos knyga, autenti\u0161kai liudijanti (i\u0161 pirmo \u017evilgsnio \u2013 keleri\u0173 met\u0173, o i\u0161 esm\u0117s \u2013 viso gyvenimo) dvasin\u0119 patirt\u012f.<\/p>\n<p>Lyrikos rinkinio \u201eOd\u0117 d\u017eiaugsmui\u201c pavadinimas pateisinamas: eil\u0117ra\u0161\u010diai nuosekliai ir atkakliai teigia nepaneigiamai svaig\u0173, sodr\u0173, kartkart\u0117m atmie\u0161t\u0105 vos tveriamu skausmu buvimo d\u017eiaugsm\u0105. Teigia stoji\u0161kai.<\/p>\n<p>Trys knygos skyriai \u201e\u010cia\u201c, \u201eTen\u201c ir \u201eNiekur\u201c, \u012fsukdami \u012f autor\u0117s i\u0161gyvent\u0105 ir i\u0161gyvenam\u0105 patir\u010di\u0173 bei suvok\u010di\u0173 rat\u0105, nardindami \u012f kosmin\u012f ilges\u012f, skausm\u0105 ir vieni\u0161yst\u0119, vis d\u0117lto \u0161vyti ir degina gyvenimo geismu.<\/p>\n<ul class=\"about-product d-none d-xl-block mt-4\">\n<li><strong>Autorius:<\/strong>\u00a0Jurga Ivanauskait\u0117<\/li>\n<li><strong>Leid\u0117jas:<\/strong>\u00a0Tyto alba<\/li>\n<li><strong>Metai:<\/strong>\u00a02007<\/li>\n<li><strong>Puslapiai:<\/strong>\u00a02007<\/li>\n<li class=\"toggleable type-new-formats \"><strong>ISBN:<\/strong>\u00a09789986165347<\/li>\n<li><strong>Versijos kodas:<\/strong>\u00a0PT.<\/li>\n<li class=\"toggleable type-new-formats \"><strong>Formatas:<\/strong>\u00a014 x 20,8 cm, kieti vir\u0161eliai<\/li>\n<li><strong>Kalba:<\/strong>\u00a0Lietuvi\u0173<\/li>\n<\/ul>\n","protected":false},"excerpt":{"rendered":"<p>Antroji Jurgos Ivanauskait\u0117s, Nacionalin\u0117s premijos laureat\u0117s (2005) poezijos knyga, autenti\u0161kai liudijanti (i\u0161 pirmo \u017evilgsnio \u2013 keleri\u0173 met\u0173, o i\u0161 esm\u0117s \u2013 viso gyvenimo) dvasin\u0119 patirt\u012f. Lyrikos rinkinio \u201eOd\u0117 d\u017eiaugsmui\u201c pavadinimas pateisinamas: eil\u0117ra\u0161\u010diai nuosekliai ir atkakliai teigia nepaneigiamai svaig\u0173, sodr\u0173, kartkart\u0117m atmie\u0161t\u0105 vos tveriamu skausmu buvimo d\u017eiaugsm\u0105. Teigia stoji\u0161kai. Trys knygos skyriai \u201e\u010cia\u201c, \u201eTen\u201c ir \u201eNiekur\u201c, \u012fsukdami \u012f autor\u0117s i\u0161gyvent\u0105 ir i\u0161gyvenam\u0105 patir\u010di\u0173 bei suvok\u010di\u0173 rat\u0105, nardindami \u012f kosmin\u012f ilges\u012f, skausm\u0105 ir vieni\u0161yst\u0119, vis d\u0117lto \u0161vyti ir degina gyvenimo geismu. Autorius:\u00a0Jurga Ivanauskait\u0117 Leid\u0117jas:\u00a0Tyto alba Metai:\u00a02007 Puslapiai:\u00a02007 ISBN:\u00a09789986165347 Versijos kodas:\u00a0PT. Formatas:\u00a014 x 20,8 cm, kieti vir\u0161eliai Kalba:\u00a0Lietuvi\u0173<\/p>\n","protected":false},"featured_media":15523,"comment_status":"open","ping_status":"closed","template":"","meta":{"_acf_changed":false,"site-sidebar-layout":"default","site-content-layout":"","ast-site-content-layout":"default","site-content-style":"default","site-sidebar-style":"default","ast-global-header-display":"","ast-banner-title-visibility":"","ast-main-header-display":"","ast-hfb-above-header-display":"","ast-hfb-below-header-display":"","ast-hfb-mobile-header-display":"","site-post-title":"","ast-breadcrumbs-content":"","ast-featured-img":"","footer-sml-layout":"","ast-disable-related-posts":"","theme-transparent-header-meta":"default","adv-header-id-meta":"","stick-header-meta":"","header-above-stick-meta":"","header-main-stick-meta":"","header-below-stick-meta":"","astra-migrate-meta-layouts":"set","ast-page-background-enabled":"default","ast-page-background-meta":{"desktop":{"background-color":"","background-image":"","background-repeat":"repeat","background-position":"center center","background-size":"auto","background-attachment":"scroll","background-type":"","background-media":"","overlay-type":"","overlay-color":"","overlay-opacity":"","overlay-gradient":""},"tablet":{"background-color":"","background-image":"","background-repeat":"repeat","background-position":"center center","background-size":"auto","background-attachment":"scroll","background-type":"","background-media":"","overlay-type":"","overlay-color":"","overlay-opacity":"","overlay-gradient":""},"mobile":{"background-color":"","background-image":"","background-repeat":"repeat","background-position":"center center","background-size":"auto","background-attachment":"scroll","background-type":"","background-media":"","overlay-type":"","overlay-color":"","overlay-opacity":"","overlay-gradient":""}},"ast-content-background-meta":{"desktop":{"background-color":"var(--ast-global-color-4)","background-image":"","background-repeat":"repeat","background-position":"center center","background-size":"auto","background-attachment":"scroll","background-type":"","background-media":"","overlay-type":"","overlay-color":"","overlay-opacity":"","overlay-gradient":""},"tablet":{"background-color":"var(--ast-global-color-4)","background-image":"","background-repeat":"repeat","background-position":"center center","background-size":"auto","background-attachment":"scroll","background-type":"","background-media":"","overlay-type":"","overlay-color":"","overlay-opacity":"","overlay-gradient":""},"mobile":{"background-color":"var(--ast-global-color-4)","background-image":"","background-repeat":"repeat","background-position":"center center","background-size":"auto","background-attachment":"scroll","background-type":"","background-media":"","overlay-type":"","overlay-color":"","overlay-opacity":"","overlay-gradient":""}}},"product_brand":[],"product_cat":[9590],"product_tag":[],"class_list":{"0":"post-15457","1":"product","2":"type-product","3":"status-publish","4":"has-post-thumbnail","6":"product_cat-lietuviu-literatura","7":"desktop-align-left","8":"tablet-align-left","9":"mobile-align-left","11":"first","12":"instock","13":"shipping-taxable","14":"purchasable","15":"product-type-simple"},"acf":[],"yoast_head":"<!-- This site is optimized with the Yoast SEO plugin v27.4 - https:\/\/yoast.com\/product\/yoast-seo-wordpress\/ -->\n<title>Od\u0117 d\u017eiaugsmui<\/title>\n<meta name=\"description\" content=\"Antroji Jurgos Ivanauskait\u0117s, Nacionalin\u0117s premijos laureat\u0117s (2005) poezijos knyga, autenti\u0161kai liudijanti (i\u0161 pirmo \u017evilgsnio \u2013 keleri\u0173 met\u0173, o i\u0161 esm\u0117s\" \/>\n<meta name=\"robots\" content=\"index, follow, max-snippet:-1, max-image-preview:large, max-video-preview:-1\" \/>\n<link rel=\"canonical\" href=\"https:\/\/skaitytaknyga.lt\/en\/produktas\/ode-dziaugsmui\/\" \/>\n<meta property=\"og:locale\" content=\"en_GB\" \/>\n<meta property=\"og:locale:alternate\" content=\"lt_LT\" \/>\n<meta property=\"og:type\" content=\"article\" \/>\n<meta property=\"og:title\" content=\"Od\u0117 d\u017eiaugsmui\" \/>\n<meta property=\"og:description\" content=\"Antroji Jurgos Ivanauskait\u0117s, Nacionalin\u0117s premijos laureat\u0117s (2005) poezijos knyga, autenti\u0161kai liudijanti (i\u0161 pirmo \u017evilgsnio \u2013 keleri\u0173 met\u0173, o i\u0161 esm\u0117s\" \/>\n<meta property=\"og:url\" content=\"https:\/\/skaitytaknyga.lt\/en\/produktas\/ode-dziaugsmui\/\" \/>\n<meta property=\"og:site_name\" content=\"Skaitytaknyga\" \/>\n<meta property=\"article:publisher\" content=\"https:\/\/www.facebook.com\/skaitytaknyga\/\" \/>\n<meta property=\"article:modified_time\" content=\"2026-03-05T09:04:37+00:00\" \/>\n<meta property=\"og:image\" content=\"https:\/\/skaitytaknyga.lt\/wp-content\/uploads\/2024\/12\/Ode-dziaugsmui.webp\" \/>\n\t<meta property=\"og:image:width\" content=\"389\" \/>\n\t<meta property=\"og:image:height\" content=\"581\" \/>\n\t<meta property=\"og:image:type\" content=\"image\/webp\" \/>\n<meta name=\"twitter:card\" content=\"summary_large_image\" \/>\n<meta name=\"twitter:label1\" content=\"Estimated reading time\" \/>\n\t<meta name=\"twitter:data1\" content=\"1 minute\" \/>\n<script type=\"application\/ld+json\" class=\"yoast-schema-graph\">{\"@context\":\"https:\\\/\\\/schema.org\",\"@graph\":[{\"@type\":\"WebPage\",\"@id\":\"https:\\\/\\\/skaitytaknyga.lt\\\/produktas\\\/ode-dziaugsmui\\\/\",\"url\":\"https:\\\/\\\/skaitytaknyga.lt\\\/produktas\\\/ode-dziaugsmui\\\/\",\"name\":\"Od\u0117 d\u017eiaugsmui\",\"isPartOf\":{\"@id\":\"https:\\\/\\\/skaitytaknyga.lt\\\/#website\"},\"primaryImageOfPage\":{\"@id\":\"https:\\\/\\\/skaitytaknyga.lt\\\/produktas\\\/ode-dziaugsmui\\\/#primaryimage\"},\"image\":{\"@id\":\"https:\\\/\\\/skaitytaknyga.lt\\\/produktas\\\/ode-dziaugsmui\\\/#primaryimage\"},\"thumbnailUrl\":\"https:\\\/\\\/skaitytaknyga.lt\\\/wp-content\\\/uploads\\\/2024\\\/12\\\/Ode-dziaugsmui.webp\",\"datePublished\":\"2024-12-17T11:49:33+00:00\",\"dateModified\":\"2026-03-05T09:04:37+00:00\",\"description\":\"Antroji Jurgos Ivanauskait\u0117s, Nacionalin\u0117s premijos laureat\u0117s (2005) poezijos knyga, autenti\u0161kai liudijanti (i\u0161 pirmo \u017evilgsnio \u2013 keleri\u0173 met\u0173, o i\u0161 esm\u0117s\",\"breadcrumb\":{\"@id\":\"https:\\\/\\\/skaitytaknyga.lt\\\/produktas\\\/ode-dziaugsmui\\\/#breadcrumb\"},\"inLanguage\":\"en-GB\",\"potentialAction\":[{\"@type\":\"ReadAction\",\"target\":[\"https:\\\/\\\/skaitytaknyga.lt\\\/produktas\\\/ode-dziaugsmui\\\/\"]}]},{\"@type\":\"ImageObject\",\"inLanguage\":\"en-GB\",\"@id\":\"https:\\\/\\\/skaitytaknyga.lt\\\/produktas\\\/ode-dziaugsmui\\\/#primaryimage\",\"url\":\"https:\\\/\\\/skaitytaknyga.lt\\\/wp-content\\\/uploads\\\/2024\\\/12\\\/Ode-dziaugsmui.webp\",\"contentUrl\":\"https:\\\/\\\/skaitytaknyga.lt\\\/wp-content\\\/uploads\\\/2024\\\/12\\\/Ode-dziaugsmui.webp\",\"width\":389,\"height\":581,\"caption\":\"Od\u0117 d\u017eiaugsmui\"},{\"@type\":\"BreadcrumbList\",\"@id\":\"https:\\\/\\\/skaitytaknyga.lt\\\/produktas\\\/ode-dziaugsmui\\\/#breadcrumb\",\"itemListElement\":[{\"@type\":\"ListItem\",\"position\":1,\"name\":\"Home\",\"item\":\"https:\\\/\\\/skaitytaknyga.lt\\\/\"},{\"@type\":\"ListItem\",\"position\":2,\"name\":\"Parduotuv\u0117\",\"item\":\"https:\\\/\\\/skaitytaknyga.lt\\\/knygu-parduotuve\\\/\"},{\"@type\":\"ListItem\",\"position\":3,\"name\":\"Od\u0117 d\u017eiaugsmui\"}]},{\"@type\":\"WebSite\",\"@id\":\"https:\\\/\\\/skaitytaknyga.lt\\\/#website\",\"url\":\"https:\\\/\\\/skaitytaknyga.lt\\\/\",\"name\":\"skaitytaknyga.lt\",\"description\":\"Skaitytaknyga.lt \u2013 tai ma\u017eas \u0161eimos verslas, kuris prasid\u0117jo nuo meil\u0117s knygoms ir siekio i\u0161gelb\u0117ti knygas nuo likimo prie konteinerio. Kas vienam nereikalingas daiktas \u2013 kitam lobis, o mes esame tarpininkai, kurie padeda abiems tapti laimingesniems ???? \u017dinome kaip nelengva i\u0161gyventi ma\u017eiems verslams, tad nuo \u0161iol, \u010dia rasite ir kit\u0173, ma\u017e\u0173 \u0161eim\u0173 versl\u0173, rank\u0173 darbo, dovan\u0173 sau ir artimiesiems.\",\"publisher\":{\"@id\":\"https:\\\/\\\/skaitytaknyga.lt\\\/#organization\"},\"potentialAction\":[{\"@type\":\"SearchAction\",\"target\":{\"@type\":\"EntryPoint\",\"urlTemplate\":\"https:\\\/\\\/skaitytaknyga.lt\\\/?s={search_term_string}\"},\"query-input\":{\"@type\":\"PropertyValueSpecification\",\"valueRequired\":true,\"valueName\":\"search_term_string\"}}],\"inLanguage\":\"en-GB\"},{\"@type\":\"Organization\",\"@id\":\"https:\\\/\\\/skaitytaknyga.lt\\\/#organization\",\"name\":\"skaitytaknyga.lt\",\"url\":\"https:\\\/\\\/skaitytaknyga.lt\\\/\",\"logo\":{\"@type\":\"ImageObject\",\"inLanguage\":\"en-GB\",\"@id\":\"https:\\\/\\\/skaitytaknyga.lt\\\/#\\\/schema\\\/logo\\\/image\\\/\",\"url\":\"https:\\\/\\\/skaitytaknyga.lt\\\/wp-content\\\/uploads\\\/2024\\\/05\\\/cropped-cropped-cropped-02_00843_jt3bggkj1j3HLc7SyY6rEUpg.jpeg\",\"contentUrl\":\"https:\\\/\\\/skaitytaknyga.lt\\\/wp-content\\\/uploads\\\/2024\\\/05\\\/cropped-cropped-cropped-02_00843_jt3bggkj1j3HLc7SyY6rEUpg.jpeg\",\"width\":1600,\"height\":1600,\"caption\":\"skaitytaknyga.lt\"},\"image\":{\"@id\":\"https:\\\/\\\/skaitytaknyga.lt\\\/#\\\/schema\\\/logo\\\/image\\\/\"},\"sameAs\":[\"https:\\\/\\\/www.facebook.com\\\/skaitytaknyga\\\/\"]}]}<\/script>\n<!-- \/ Yoast SEO plugin. -->","yoast_head_json":{"title":"Od\u0117 d\u017eiaugsmui","description":"Antroji Jurgos Ivanauskait\u0117s, Nacionalin\u0117s premijos laureat\u0117s (2005) poezijos knyga, autenti\u0161kai liudijanti (i\u0161 pirmo \u017evilgsnio \u2013 keleri\u0173 met\u0173, o i\u0161 esm\u0117s","robots":{"index":"index","follow":"follow","max-snippet":"max-snippet:-1","max-image-preview":"max-image-preview:large","max-video-preview":"max-video-preview:-1"},"canonical":"https:\/\/skaitytaknyga.lt\/en\/produktas\/ode-dziaugsmui\/","og_locale":"en_GB","og_type":"article","og_title":"[:lt]Od\u0117 d\u017eiaugsmui[:] - Skaitytaknyga","og_description":"Antroji Jurgos Ivanauskait\u0117s, Nacionalin\u0117s premijos laureat\u0117s (2005) poezijos knyga, autenti\u0161kai liudijanti (i\u0161 pirmo \u017evilgsnio \u2013 keleri\u0173 met\u0173, o i\u0161 esm\u0117s","og_url":"https:\/\/skaitytaknyga.lt\/en\/produktas\/ode-dziaugsmui\/","og_site_name":"Skaitytaknyga","article_publisher":"https:\/\/www.facebook.com\/skaitytaknyga\/","article_modified_time":"2026-03-05T09:04:37+00:00","og_image":[{"width":389,"height":581,"url":"https:\/\/skaitytaknyga.lt\/wp-content\/uploads\/2024\/12\/Ode-dziaugsmui.webp","type":"image\/webp"}],"twitter_card":"summary_large_image","twitter_misc":{"Estimated reading time":"1 minute"},"schema":{"@context":"https:\/\/schema.org","@graph":[{"@type":"WebPage","@id":"https:\/\/skaitytaknyga.lt\/produktas\/ode-dziaugsmui\/","url":"https:\/\/skaitytaknyga.lt\/produktas\/ode-dziaugsmui\/","name":"Od\u0117 d\u017eiaugsmui","isPartOf":{"@id":"https:\/\/skaitytaknyga.lt\/#website"},"primaryImageOfPage":{"@id":"https:\/\/skaitytaknyga.lt\/produktas\/ode-dziaugsmui\/#primaryimage"},"image":{"@id":"https:\/\/skaitytaknyga.lt\/produktas\/ode-dziaugsmui\/#primaryimage"},"thumbnailUrl":"https:\/\/skaitytaknyga.lt\/wp-content\/uploads\/2024\/12\/Ode-dziaugsmui.webp","datePublished":"2024-12-17T11:49:33+00:00","dateModified":"2026-03-05T09:04:37+00:00","description":"Antroji Jurgos Ivanauskait\u0117s, Nacionalin\u0117s premijos laureat\u0117s (2005) poezijos knyga, autenti\u0161kai liudijanti (i\u0161 pirmo \u017evilgsnio \u2013 keleri\u0173 met\u0173, o i\u0161 esm\u0117s","breadcrumb":{"@id":"https:\/\/skaitytaknyga.lt\/produktas\/ode-dziaugsmui\/#breadcrumb"},"inLanguage":"en-GB","potentialAction":[{"@type":"ReadAction","target":["https:\/\/skaitytaknyga.lt\/produktas\/ode-dziaugsmui\/"]}]},{"@type":"ImageObject","inLanguage":"en-GB","@id":"https:\/\/skaitytaknyga.lt\/produktas\/ode-dziaugsmui\/#primaryimage","url":"https:\/\/skaitytaknyga.lt\/wp-content\/uploads\/2024\/12\/Ode-dziaugsmui.webp","contentUrl":"https:\/\/skaitytaknyga.lt\/wp-content\/uploads\/2024\/12\/Ode-dziaugsmui.webp","width":389,"height":581,"caption":"Od\u0117 d\u017eiaugsmui"},{"@type":"BreadcrumbList","@id":"https:\/\/skaitytaknyga.lt\/produktas\/ode-dziaugsmui\/#breadcrumb","itemListElement":[{"@type":"ListItem","position":1,"name":"Home","item":"https:\/\/skaitytaknyga.lt\/"},{"@type":"ListItem","position":2,"name":"Parduotuv\u0117","item":"https:\/\/skaitytaknyga.lt\/knygu-parduotuve\/"},{"@type":"ListItem","position":3,"name":"Od\u0117 d\u017eiaugsmui"}]},{"@type":"WebSite","@id":"https:\/\/skaitytaknyga.lt\/#website","url":"https:\/\/skaitytaknyga.lt\/","name":"skaitytaknyga.lt","description":"Skaitytaknyga.lt \u2013 tai ma\u017eas \u0161eimos verslas, kuris prasid\u0117jo nuo meil\u0117s knygoms ir siekio i\u0161gelb\u0117ti knygas nuo likimo prie konteinerio. Kas vienam nereikalingas daiktas \u2013 kitam lobis, o mes esame tarpininkai, kurie padeda abiems tapti laimingesniems ???? \u017dinome kaip nelengva i\u0161gyventi ma\u017eiems verslams, tad nuo \u0161iol, \u010dia rasite ir kit\u0173, ma\u017e\u0173 \u0161eim\u0173 versl\u0173, rank\u0173 darbo, dovan\u0173 sau ir artimiesiems.","publisher":{"@id":"https:\/\/skaitytaknyga.lt\/#organization"},"potentialAction":[{"@type":"SearchAction","target":{"@type":"EntryPoint","urlTemplate":"https:\/\/skaitytaknyga.lt\/?s={search_term_string}"},"query-input":{"@type":"PropertyValueSpecification","valueRequired":true,"valueName":"search_term_string"}}],"inLanguage":"en-GB"},{"@type":"Organization","@id":"https:\/\/skaitytaknyga.lt\/#organization","name":"skaitytaknyga.lt","url":"https:\/\/skaitytaknyga.lt\/","logo":{"@type":"ImageObject","inLanguage":"en-GB","@id":"https:\/\/skaitytaknyga.lt\/#\/schema\/logo\/image\/","url":"https:\/\/skaitytaknyga.lt\/wp-content\/uploads\/2024\/05\/cropped-cropped-cropped-02_00843_jt3bggkj1j3HLc7SyY6rEUpg.jpeg","contentUrl":"https:\/\/skaitytaknyga.lt\/wp-content\/uploads\/2024\/05\/cropped-cropped-cropped-02_00843_jt3bggkj1j3HLc7SyY6rEUpg.jpeg","width":1600,"height":1600,"caption":"skaitytaknyga.lt"},"image":{"@id":"https:\/\/skaitytaknyga.lt\/#\/schema\/logo\/image\/"},"sameAs":["https:\/\/www.facebook.com\/skaitytaknyga\/"]}]}},"_links":{"self":[{"href":"https:\/\/skaitytaknyga.lt\/en\/wp-json\/wp\/v2\/product\/15457","targetHints":{"allow":["GET"]}}],"collection":[{"href":"https:\/\/skaitytaknyga.lt\/en\/wp-json\/wp\/v2\/product"}],"about":[{"href":"https:\/\/skaitytaknyga.lt\/en\/wp-json\/wp\/v2\/types\/product"}],"replies":[{"embeddable":true,"href":"https:\/\/skaitytaknyga.lt\/en\/wp-json\/wp\/v2\/comments?post=15457"}],"wp:featuredmedia":[{"embeddable":true,"href":"https:\/\/skaitytaknyga.lt\/en\/wp-json\/wp\/v2\/media\/15523"}],"wp:attachment":[{"href":"https:\/\/skaitytaknyga.lt\/en\/wp-json\/wp\/v2\/media?parent=15457"}],"wp:term":[{"taxonomy":"product_brand","embeddable":true,"href":"https:\/\/skaitytaknyga.lt\/en\/wp-json\/wp\/v2\/product_brand?post=15457"},{"taxonomy":"product_cat","embeddable":true,"href":"https:\/\/skaitytaknyga.lt\/en\/wp-json\/wp\/v2\/product_cat?post=15457"},{"taxonomy":"product_tag","embeddable":true,"href":"https:\/\/skaitytaknyga.lt\/en\/wp-json\/wp\/v2\/product_tag?post=15457"}],"curies":[{"name":"wp","href":"https:\/\/api.w.org\/{rel}","templated":true}]}}