{"id":15456,"date":"2024-12-17T13:49:32","date_gmt":"2024-12-17T11:49:32","guid":{"rendered":"https:\/\/skaitytaknyga.lt\/?post_type=product&#038;p=15456"},"modified":"2024-12-19T10:26:03","modified_gmt":"2024-12-19T08:26:03","slug":"grigiskiu-katino-rastai","status":"publish","type":"product","link":"https:\/\/skaitytaknyga.lt\/en\/produktas\/grigiskiu-katino-rastai\/","title":{"rendered":"Grigi\u0161ki\u0173 katino ra\u0161tai"},"content":{"rendered":"<p>\u201eGrigi\u0161ki\u0173 katino ra\u0161tai\u201c \u2013 linksmi ir pamokomi miestelio katin\u0173 nuotykiai, pirma K\u0119stu\u010dio Ja\u0161insko knyga vaikams.<\/p>\n<p>Kiekvienas Lietuvos didmiestis turi kuo pasigirti. Vilnius d\u017eiaugiasi Gedimino pilies bok\u0161tu ir link jo kopian\u010diais turistais, Kaunas \u2013 beveik nepralaimin\u010diais krep\u0161ininkais ir nenuilstan\u010diu funikulieriumi, Klaip\u0117da \u2013 pirmyn atgal zujan\u010diais laivais ir klykian\u010diomis \u017euv\u0117dromis.<\/p>\n<p>Grigi\u0161k\u0117s savo ruo\u017etu did\u017eiuojasi katinais. \u010cia \u016bsuoti keturkojai yra i\u0161skirtiniai. Jie turi savo nuomon\u0119 ir nevengia jos sakyti. Jie nemeta draug\u0173, r\u016bpinasi sveikata, u\u017esiima verslu. Murkimo meistrai net kuria eiles ir i\u0161gyvena meil\u0117s istorijas. Bet svarbiausia \u2013 jie nebijo b\u016bti savimi. Jie i\u0161vis nieko nebijo.<\/p>\n<p>Vieno tenyk\u0161\u010dio nepating\u0117jusio pasidarbuoti plunksnako\u010diu rainiakailio d\u0117ka \u0161iandien galime artimiau pa\u017einti Grigi\u0161ki\u0173 katin\u0173 bendruomen\u0119. Jei dabar matyt\u0173 jus skaitant, jis pasakyt\u0173: \u201eGali b\u016bti tik dvi prie\u017eastys, kod\u0117l \u017evilgtel\u0117jote \u012f \u0161i\u0105 knygel\u0119, \u2013 esate vaikas arba j\u012f aukl\u0117jate. Tiek pirmuoju, tiek antruoju atveju j\u016bs pa\u0161\u0117lusiai laimingas \u017emogus. Su prie\u0161taraujan\u010diais \u0161iam teiginiui diskutuoju kas antr\u0105 tre\u010diadien\u012f. Priimu nuo 18.30 iki 20 valandos. Anks\u010diau negaliu, nes dirbu, v\u0117liau \u017ei\u016briu \u201e\u017dinias\u201c ir einu miegoti.\u201c<\/p>\n<p>K\u0119stutis Ja\u0161inskas apie save: \u201eTiek Lietuvoje, tiek likusiame pasaulyje esu visi\u0161kai ne\u017einomas ra\u0161ytojas. Dar visai neseniai nek\u016briau nieko, i\u0161skyrus pasakas savo s\u016bnui, \u017emonai ir darbdaviui. Tod\u0117l visi\u0161kai logi\u0161ka, kad n\u0117 vienas mano k\u016brinys kol kas nebuvo pakartotinai i\u0161leistas ar i\u0161verstas \u012f bent kuri\u0105 u\u017esienio kalb\u0105. Gal ir gerai.\u201c<\/p>\n<ul class=\"about-product d-none d-xl-block mt-4\">\n<li><strong>Autorius:<\/strong>\u00a0K\u0119stutis Ja\u0161inskas<\/li>\n<li><strong>Leid\u0117jas:<\/strong>\u00a0Tyto alba<\/li>\n<li><strong>Metai:<\/strong>\u00a02014<\/li>\n<li><strong>Puslapiai:<\/strong>\u00a0200<\/li>\n<li class=\"toggleable type-new-formats \"><strong>ISBN:<\/strong>\u00a09786094660535<\/li>\n<li><strong>Versijos kodas:<\/strong>\u00a0PT.<\/li>\n<li class=\"toggleable type-new-formats \"><strong>Formatas:<\/strong>\u00a015 x 22 cm, kieti vir\u0161eliai<\/li>\n<li><strong>Kalba:<\/strong>\u00a0Lietuvi\u0173<\/li>\n<\/ul>\n","protected":false},"excerpt":{"rendered":"<p>\u201eGrigi\u0161ki\u0173 katino ra\u0161tai\u201c \u2013 linksmi ir pamokomi miestelio katin\u0173 nuotykiai, pirma K\u0119stu\u010dio Ja\u0161insko knyga vaikams. Kiekvienas Lietuvos didmiestis turi kuo pasigirti. Vilnius d\u017eiaugiasi Gedimino pilies bok\u0161tu ir link jo kopian\u010diais turistais, Kaunas \u2013 beveik nepralaimin\u010diais krep\u0161ininkais ir nenuilstan\u010diu funikulieriumi, Klaip\u0117da \u2013 pirmyn atgal zujan\u010diais laivais ir klykian\u010diomis \u017euv\u0117dromis. Grigi\u0161k\u0117s savo ruo\u017etu did\u017eiuojasi katinais. \u010cia \u016bsuoti keturkojai yra i\u0161skirtiniai. Jie turi savo nuomon\u0119 ir nevengia jos sakyti. Jie nemeta draug\u0173, r\u016bpinasi sveikata, u\u017esiima verslu. Murkimo meistrai net kuria eiles ir i\u0161gyvena meil\u0117s istorijas. Bet svarbiausia \u2013 jie nebijo b\u016bti savimi. Jie i\u0161vis nieko nebijo. Vieno tenyk\u0161\u010dio nepating\u0117jusio pasidarbuoti plunksnako\u010diu rainiakailio d\u0117ka \u0161iandien galime artimiau pa\u017einti Grigi\u0161ki\u0173 katin\u0173 bendruomen\u0119. Jei dabar matyt\u0173 jus skaitant, jis pasakyt\u0173: \u201eGali b\u016bti tik dvi prie\u017eastys, kod\u0117l \u017evilgtel\u0117jote \u012f \u0161i\u0105 knygel\u0119, \u2013 esate vaikas arba j\u012f aukl\u0117jate. Tiek pirmuoju, tiek antruoju atveju j\u016bs pa\u0161\u0117lusiai laimingas \u017emogus. Su prie\u0161taraujan\u010diais \u0161iam teiginiui diskutuoju kas antr\u0105 tre\u010diadien\u012f. Priimu nuo 18.30 iki 20 valandos. Anks\u010diau negaliu, nes dirbu, v\u0117liau \u017ei\u016briu \u201e\u017dinias\u201c ir einu miegoti.\u201c K\u0119stutis Ja\u0161inskas apie save: \u201eTiek Lietuvoje, tiek likusiame pasaulyje esu visi\u0161kai ne\u017einomas ra\u0161ytojas. Dar visai neseniai nek\u016briau nieko, i\u0161skyrus pasakas savo s\u016bnui, \u017emonai ir darbdaviui. Tod\u0117l visi\u0161kai logi\u0161ka, kad n\u0117 vienas mano k\u016brinys kol kas nebuvo pakartotinai i\u0161leistas ar i\u0161verstas \u012f bent kuri\u0105 u\u017esienio kalb\u0105. Gal ir gerai.\u201c Autorius:\u00a0K\u0119stutis Ja\u0161inskas Leid\u0117jas:\u00a0Tyto alba Metai:\u00a02014 Puslapiai:\u00a0200 ISBN:\u00a09786094660535 Versijos kodas:\u00a0PT. Formatas:\u00a015 x 22 cm, kieti vir\u0161eliai Kalba:\u00a0Lietuvi\u0173<\/p>\n","protected":false},"featured_media":15537,"comment_status":"open","ping_status":"closed","template":"","meta":{"_acf_changed":false,"site-sidebar-layout":"default","site-content-layout":"","ast-site-content-layout":"default","site-content-style":"default","site-sidebar-style":"default","ast-global-header-display":"","ast-banner-title-visibility":"","ast-main-header-display":"","ast-hfb-above-header-display":"","ast-hfb-below-header-display":"","ast-hfb-mobile-header-display":"","site-post-title":"","ast-breadcrumbs-content":"","ast-featured-img":"","footer-sml-layout":"","ast-disable-related-posts":"","theme-transparent-header-meta":"default","adv-header-id-meta":"","stick-header-meta":"","header-above-stick-meta":"","header-main-stick-meta":"","header-below-stick-meta":"","astra-migrate-meta-layouts":"set","ast-page-background-enabled":"default","ast-page-background-meta":{"desktop":{"background-color":"","background-image":"","background-repeat":"repeat","background-position":"center center","background-size":"auto","background-attachment":"scroll","background-type":"","background-media":"","overlay-type":"","overlay-color":"","overlay-opacity":"","overlay-gradient":""},"tablet":{"background-color":"","background-image":"","background-repeat":"repeat","background-position":"center center","background-size":"auto","background-attachment":"scroll","background-type":"","background-media":"","overlay-type":"","overlay-color":"","overlay-opacity":"","overlay-gradient":""},"mobile":{"background-color":"","background-image":"","background-repeat":"repeat","background-position":"center center","background-size":"auto","background-attachment":"scroll","background-type":"","background-media":"","overlay-type":"","overlay-color":"","overlay-opacity":"","overlay-gradient":""}},"ast-content-background-meta":{"desktop":{"background-color":"var(--ast-global-color-4)","background-image":"","background-repeat":"repeat","background-position":"center center","background-size":"auto","background-attachment":"scroll","background-type":"","background-media":"","overlay-type":"","overlay-color":"","overlay-opacity":"","overlay-gradient":""},"tablet":{"background-color":"var(--ast-global-color-4)","background-image":"","background-repeat":"repeat","background-position":"center center","background-size":"auto","background-attachment":"scroll","background-type":"","background-media":"","overlay-type":"","overlay-color":"","overlay-opacity":"","overlay-gradient":""},"mobile":{"background-color":"var(--ast-global-color-4)","background-image":"","background-repeat":"repeat","background-position":"center center","background-size":"auto","background-attachment":"scroll","background-type":"","background-media":"","overlay-type":"","overlay-color":"","overlay-opacity":"","overlay-gradient":""}}},"product_brand":[],"product_cat":[15,35],"product_tag":[],"class_list":{"0":"post-15456","1":"product","2":"type-product","3":"status-publish","4":"has-post-thumbnail","6":"product_cat-uncategorized","7":"product_cat-vaikams-ir-paaugliams","8":"desktop-align-left","9":"tablet-align-left","10":"mobile-align-left","12":"first","13":"instock","14":"shipping-taxable","15":"purchasable","16":"product-type-simple"},"acf":[],"yoast_head":"<!-- This site is optimized with the Yoast SEO plugin v27.0 - https:\/\/yoast.com\/product\/yoast-seo-wordpress\/ -->\n<title>Grigi\u0161ki\u0173 katino ra\u0161tai<\/title>\n<meta name=\"description\" content=\"\u201eGrigi\u0161ki\u0173 katino ra\u0161tai\u201c \u2013 linksmi ir pamokomi miestelio katin\u0173 nuotykiai, pirma K\u0119stu\u010dio Ja\u0161insko knyga vaikams. Kiekvienas Lietuvos didmiestis turi kuo\" \/>\n<meta name=\"robots\" content=\"index, follow, max-snippet:-1, max-image-preview:large, max-video-preview:-1\" \/>\n<link rel=\"canonical\" href=\"https:\/\/skaitytaknyga.lt\/en\/produktas\/grigiskiu-katino-rastai\/\" \/>\n<meta property=\"og:locale\" content=\"en_GB\" \/>\n<meta property=\"og:locale:alternate\" content=\"lt_LT\" \/>\n<meta property=\"og:type\" content=\"article\" \/>\n<meta property=\"og:title\" content=\"Grigi\u0161ki\u0173 katino ra\u0161tai\" \/>\n<meta property=\"og:description\" content=\"\u201eGrigi\u0161ki\u0173 katino ra\u0161tai\u201c \u2013 linksmi ir pamokomi miestelio katin\u0173 nuotykiai, pirma K\u0119stu\u010dio Ja\u0161insko knyga vaikams. Kiekvienas Lietuvos didmiestis turi kuo\" \/>\n<meta property=\"og:url\" content=\"https:\/\/skaitytaknyga.lt\/en\/produktas\/grigiskiu-katino-rastai\/\" \/>\n<meta property=\"og:site_name\" content=\"Skaitytaknyga\" \/>\n<meta property=\"article:publisher\" content=\"https:\/\/www.facebook.com\/skaitytaknyga\/\" \/>\n<meta property=\"article:modified_time\" content=\"2024-12-19T08:26:03+00:00\" \/>\n<meta property=\"og:image\" content=\"https:\/\/skaitytaknyga.lt\/wp-content\/uploads\/2024\/12\/Grigiskiu-katino-rastai.jpg\" \/>\n\t<meta property=\"og:image:width\" content=\"343\" \/>\n\t<meta property=\"og:image:height\" content=\"510\" \/>\n\t<meta property=\"og:image:type\" content=\"image\/jpeg\" \/>\n<meta name=\"twitter:card\" content=\"summary_large_image\" \/>\n<meta name=\"twitter:label1\" content=\"Estimated reading time\" \/>\n\t<meta name=\"twitter:data1\" content=\"2 minutes\" \/>\n<script type=\"application\/ld+json\" class=\"yoast-schema-graph\">{\"@context\":\"https:\/\/schema.org\",\"@graph\":[{\"@type\":\"WebPage\",\"@id\":\"https:\/\/skaitytaknyga.lt\/produktas\/grigiskiu-katino-rastai\/\",\"url\":\"https:\/\/skaitytaknyga.lt\/produktas\/grigiskiu-katino-rastai\/\",\"name\":\"Grigi\u0161ki\u0173 katino ra\u0161tai\",\"isPartOf\":{\"@id\":\"https:\/\/skaitytaknyga.lt\/#website\"},\"primaryImageOfPage\":{\"@id\":\"https:\/\/skaitytaknyga.lt\/produktas\/grigiskiu-katino-rastai\/#primaryimage\"},\"image\":{\"@id\":\"https:\/\/skaitytaknyga.lt\/produktas\/grigiskiu-katino-rastai\/#primaryimage\"},\"thumbnailUrl\":\"https:\/\/skaitytaknyga.lt\/wp-content\/uploads\/2024\/12\/Grigiskiu-katino-rastai.jpg\",\"datePublished\":\"2024-12-17T11:49:32+00:00\",\"dateModified\":\"2024-12-19T08:26:03+00:00\",\"description\":\"\u201eGrigi\u0161ki\u0173 katino ra\u0161tai\u201c \u2013 linksmi ir pamokomi miestelio katin\u0173 nuotykiai, pirma K\u0119stu\u010dio Ja\u0161insko knyga vaikams. Kiekvienas Lietuvos didmiestis turi kuo\",\"breadcrumb\":{\"@id\":\"https:\/\/skaitytaknyga.lt\/produktas\/grigiskiu-katino-rastai\/#breadcrumb\"},\"inLanguage\":\"en-GB\",\"potentialAction\":[{\"@type\":\"ReadAction\",\"target\":[\"https:\/\/skaitytaknyga.lt\/produktas\/grigiskiu-katino-rastai\/\"]}]},{\"@type\":\"ImageObject\",\"inLanguage\":\"en-GB\",\"@id\":\"https:\/\/skaitytaknyga.lt\/produktas\/grigiskiu-katino-rastai\/#primaryimage\",\"url\":\"https:\/\/skaitytaknyga.lt\/wp-content\/uploads\/2024\/12\/Grigiskiu-katino-rastai.jpg\",\"contentUrl\":\"https:\/\/skaitytaknyga.lt\/wp-content\/uploads\/2024\/12\/Grigiskiu-katino-rastai.jpg\",\"width\":343,\"height\":510,\"caption\":\"Grigi\u0161ki\u0173 katino ra\u0161tai\"},{\"@type\":\"BreadcrumbList\",\"@id\":\"https:\/\/skaitytaknyga.lt\/produktas\/grigiskiu-katino-rastai\/#breadcrumb\",\"itemListElement\":[{\"@type\":\"ListItem\",\"position\":1,\"name\":\"Home\",\"item\":\"https:\/\/skaitytaknyga.lt\/\"},{\"@type\":\"ListItem\",\"position\":2,\"name\":\"Parduotuv\u0117\",\"item\":\"https:\/\/skaitytaknyga.lt\/knygu-parduotuve\/\"},{\"@type\":\"ListItem\",\"position\":3,\"name\":\"Grigi\u0161ki\u0173 katino ra\u0161tai\"}]},{\"@type\":\"WebSite\",\"@id\":\"https:\/\/skaitytaknyga.lt\/#website\",\"url\":\"https:\/\/skaitytaknyga.lt\/\",\"name\":\"skaitytaknyga.lt\",\"description\":\"Skaitytaknyga.lt \u2013 tai ma\u017eas \u0161eimos verslas, kuris prasid\u0117jo nuo meil\u0117s knygoms ir siekio i\u0161gelb\u0117ti knygas nuo likimo prie konteinerio. Kas vienam nereikalingas daiktas \u2013 kitam lobis, o mes esame tarpininkai, kurie padeda abiems tapti laimingesniems ???? \u017dinome kaip nelengva i\u0161gyventi ma\u017eiems verslams, tad nuo \u0161iol, \u010dia rasite ir kit\u0173, ma\u017e\u0173 \u0161eim\u0173 versl\u0173, rank\u0173 darbo, dovan\u0173 sau ir artimiesiems.\",\"publisher\":{\"@id\":\"https:\/\/skaitytaknyga.lt\/#organization\"},\"potentialAction\":[{\"@type\":\"SearchAction\",\"target\":{\"@type\":\"EntryPoint\",\"urlTemplate\":\"https:\/\/skaitytaknyga.lt\/?s={search_term_string}\"},\"query-input\":{\"@type\":\"PropertyValueSpecification\",\"valueRequired\":true,\"valueName\":\"search_term_string\"}}],\"inLanguage\":\"en-GB\"},{\"@type\":\"Organization\",\"@id\":\"https:\/\/skaitytaknyga.lt\/#organization\",\"name\":\"skaitytaknyga.lt\",\"url\":\"https:\/\/skaitytaknyga.lt\/\",\"logo\":{\"@type\":\"ImageObject\",\"inLanguage\":\"en-GB\",\"@id\":\"https:\/\/skaitytaknyga.lt\/#\/schema\/logo\/image\/\",\"url\":\"https:\/\/skaitytaknyga.lt\/wp-content\/uploads\/2024\/05\/cropped-cropped-cropped-02_00843_jt3bggkj1j3HLc7SyY6rEUpg.jpeg\",\"contentUrl\":\"https:\/\/skaitytaknyga.lt\/wp-content\/uploads\/2024\/05\/cropped-cropped-cropped-02_00843_jt3bggkj1j3HLc7SyY6rEUpg.jpeg\",\"width\":1600,\"height\":1600,\"caption\":\"skaitytaknyga.lt\"},\"image\":{\"@id\":\"https:\/\/skaitytaknyga.lt\/#\/schema\/logo\/image\/\"},\"sameAs\":[\"https:\/\/www.facebook.com\/skaitytaknyga\/\"]}]}<\/script>\n<!-- \/ Yoast SEO plugin. -->","yoast_head_json":{"title":"Grigi\u0161ki\u0173 katino ra\u0161tai","description":"\u201eGrigi\u0161ki\u0173 katino ra\u0161tai\u201c \u2013 linksmi ir pamokomi miestelio katin\u0173 nuotykiai, pirma K\u0119stu\u010dio Ja\u0161insko knyga vaikams. Kiekvienas Lietuvos didmiestis turi kuo","robots":{"index":"index","follow":"follow","max-snippet":"max-snippet:-1","max-image-preview":"max-image-preview:large","max-video-preview":"max-video-preview:-1"},"canonical":"https:\/\/skaitytaknyga.lt\/en\/produktas\/grigiskiu-katino-rastai\/","og_locale":"en_GB","og_type":"article","og_title":"[:lt]Grigi\u0161ki\u0173 katino ra\u0161tai[:] - Skaitytaknyga","og_description":"\u201eGrigi\u0161ki\u0173 katino ra\u0161tai\u201c \u2013 linksmi ir pamokomi miestelio katin\u0173 nuotykiai, pirma K\u0119stu\u010dio Ja\u0161insko knyga vaikams. Kiekvienas Lietuvos didmiestis turi kuo","og_url":"https:\/\/skaitytaknyga.lt\/en\/produktas\/grigiskiu-katino-rastai\/","og_site_name":"Skaitytaknyga","article_publisher":"https:\/\/www.facebook.com\/skaitytaknyga\/","article_modified_time":"2024-12-19T08:26:03+00:00","og_image":[{"width":343,"height":510,"url":"https:\/\/skaitytaknyga.lt\/wp-content\/uploads\/2024\/12\/Grigiskiu-katino-rastai.jpg","type":"image\/jpeg"}],"twitter_card":"summary_large_image","twitter_misc":{"Estimated reading time":"2 minutes"},"schema":{"@context":"https:\/\/schema.org","@graph":[{"@type":"WebPage","@id":"https:\/\/skaitytaknyga.lt\/produktas\/grigiskiu-katino-rastai\/","url":"https:\/\/skaitytaknyga.lt\/produktas\/grigiskiu-katino-rastai\/","name":"Grigi\u0161ki\u0173 katino ra\u0161tai","isPartOf":{"@id":"https:\/\/skaitytaknyga.lt\/#website"},"primaryImageOfPage":{"@id":"https:\/\/skaitytaknyga.lt\/produktas\/grigiskiu-katino-rastai\/#primaryimage"},"image":{"@id":"https:\/\/skaitytaknyga.lt\/produktas\/grigiskiu-katino-rastai\/#primaryimage"},"thumbnailUrl":"https:\/\/skaitytaknyga.lt\/wp-content\/uploads\/2024\/12\/Grigiskiu-katino-rastai.jpg","datePublished":"2024-12-17T11:49:32+00:00","dateModified":"2024-12-19T08:26:03+00:00","description":"\u201eGrigi\u0161ki\u0173 katino ra\u0161tai\u201c \u2013 linksmi ir pamokomi miestelio katin\u0173 nuotykiai, pirma K\u0119stu\u010dio Ja\u0161insko knyga vaikams. Kiekvienas Lietuvos didmiestis turi kuo","breadcrumb":{"@id":"https:\/\/skaitytaknyga.lt\/produktas\/grigiskiu-katino-rastai\/#breadcrumb"},"inLanguage":"en-GB","potentialAction":[{"@type":"ReadAction","target":["https:\/\/skaitytaknyga.lt\/produktas\/grigiskiu-katino-rastai\/"]}]},{"@type":"ImageObject","inLanguage":"en-GB","@id":"https:\/\/skaitytaknyga.lt\/produktas\/grigiskiu-katino-rastai\/#primaryimage","url":"https:\/\/skaitytaknyga.lt\/wp-content\/uploads\/2024\/12\/Grigiskiu-katino-rastai.jpg","contentUrl":"https:\/\/skaitytaknyga.lt\/wp-content\/uploads\/2024\/12\/Grigiskiu-katino-rastai.jpg","width":343,"height":510,"caption":"Grigi\u0161ki\u0173 katino ra\u0161tai"},{"@type":"BreadcrumbList","@id":"https:\/\/skaitytaknyga.lt\/produktas\/grigiskiu-katino-rastai\/#breadcrumb","itemListElement":[{"@type":"ListItem","position":1,"name":"Home","item":"https:\/\/skaitytaknyga.lt\/"},{"@type":"ListItem","position":2,"name":"Parduotuv\u0117","item":"https:\/\/skaitytaknyga.lt\/knygu-parduotuve\/"},{"@type":"ListItem","position":3,"name":"Grigi\u0161ki\u0173 katino ra\u0161tai"}]},{"@type":"WebSite","@id":"https:\/\/skaitytaknyga.lt\/#website","url":"https:\/\/skaitytaknyga.lt\/","name":"skaitytaknyga.lt","description":"Skaitytaknyga.lt \u2013 tai ma\u017eas \u0161eimos verslas, kuris prasid\u0117jo nuo meil\u0117s knygoms ir siekio i\u0161gelb\u0117ti knygas nuo likimo prie konteinerio. Kas vienam nereikalingas daiktas \u2013 kitam lobis, o mes esame tarpininkai, kurie padeda abiems tapti laimingesniems ???? \u017dinome kaip nelengva i\u0161gyventi ma\u017eiems verslams, tad nuo \u0161iol, \u010dia rasite ir kit\u0173, ma\u017e\u0173 \u0161eim\u0173 versl\u0173, rank\u0173 darbo, dovan\u0173 sau ir artimiesiems.","publisher":{"@id":"https:\/\/skaitytaknyga.lt\/#organization"},"potentialAction":[{"@type":"SearchAction","target":{"@type":"EntryPoint","urlTemplate":"https:\/\/skaitytaknyga.lt\/?s={search_term_string}"},"query-input":{"@type":"PropertyValueSpecification","valueRequired":true,"valueName":"search_term_string"}}],"inLanguage":"en-GB"},{"@type":"Organization","@id":"https:\/\/skaitytaknyga.lt\/#organization","name":"skaitytaknyga.lt","url":"https:\/\/skaitytaknyga.lt\/","logo":{"@type":"ImageObject","inLanguage":"en-GB","@id":"https:\/\/skaitytaknyga.lt\/#\/schema\/logo\/image\/","url":"https:\/\/skaitytaknyga.lt\/wp-content\/uploads\/2024\/05\/cropped-cropped-cropped-02_00843_jt3bggkj1j3HLc7SyY6rEUpg.jpeg","contentUrl":"https:\/\/skaitytaknyga.lt\/wp-content\/uploads\/2024\/05\/cropped-cropped-cropped-02_00843_jt3bggkj1j3HLc7SyY6rEUpg.jpeg","width":1600,"height":1600,"caption":"skaitytaknyga.lt"},"image":{"@id":"https:\/\/skaitytaknyga.lt\/#\/schema\/logo\/image\/"},"sameAs":["https:\/\/www.facebook.com\/skaitytaknyga\/"]}]}},"_links":{"self":[{"href":"https:\/\/skaitytaknyga.lt\/en\/wp-json\/wp\/v2\/product\/15456","targetHints":{"allow":["GET"]}}],"collection":[{"href":"https:\/\/skaitytaknyga.lt\/en\/wp-json\/wp\/v2\/product"}],"about":[{"href":"https:\/\/skaitytaknyga.lt\/en\/wp-json\/wp\/v2\/types\/product"}],"replies":[{"embeddable":true,"href":"https:\/\/skaitytaknyga.lt\/en\/wp-json\/wp\/v2\/comments?post=15456"}],"wp:featuredmedia":[{"embeddable":true,"href":"https:\/\/skaitytaknyga.lt\/en\/wp-json\/wp\/v2\/media\/15537"}],"wp:attachment":[{"href":"https:\/\/skaitytaknyga.lt\/en\/wp-json\/wp\/v2\/media?parent=15456"}],"wp:term":[{"taxonomy":"product_brand","embeddable":true,"href":"https:\/\/skaitytaknyga.lt\/en\/wp-json\/wp\/v2\/product_brand?post=15456"},{"taxonomy":"product_cat","embeddable":true,"href":"https:\/\/skaitytaknyga.lt\/en\/wp-json\/wp\/v2\/product_cat?post=15456"},{"taxonomy":"product_tag","embeddable":true,"href":"https:\/\/skaitytaknyga.lt\/en\/wp-json\/wp\/v2\/product_tag?post=15456"}],"curies":[{"name":"wp","href":"https:\/\/api.w.org\/{rel}","templated":true}]}}