{"id":15450,"date":"2024-12-17T13:49:32","date_gmt":"2024-12-17T11:49:32","guid":{"rendered":"https:\/\/skaitytaknyga.lt\/?post_type=product&#038;p=15450"},"modified":"2024-12-19T10:27:59","modified_gmt":"2024-12-19T08:27:59","slug":"dienorastis-be-datu","status":"publish","type":"product","link":"https:\/\/skaitytaknyga.lt\/en\/produktas\/dienorastis-be-datu\/","title":{"rendered":"Dienora\u0161tis be dat\u0173"},"content":{"rendered":"<p>Poeto apm\u0105stymai apie k\u016bryb\u0105, \u017emog\u0173, gyvenim\u0105. Knygos pagrindas \u2013 ra\u0161ytojo u\u017era\u0161\u0173 knygut\u0117s. Inspiravo ir skaitytoj\u0173 lai\u0161kai, j\u0173 klausimai. Patyrimas, estetin\u0117 mintis rei\u0161kiama beletrizuotais fragmentais, es\u0117, aforizmais. Spausdinama ir keletas interviu.<\/p>\n<ul class=\"about-product d-none d-xl-block mt-4\">\n<li><strong>Autorius:<\/strong>\u00a0Justinas Marcinkevi\u010dius<\/li>\n<li><strong>Leid\u0117jas:<\/strong>\u00a0Vaga<\/li>\n<li><strong>Metai:<\/strong>\u00a01981<\/li>\n<li><strong>Puslapiai:<\/strong>\u00a0215<\/li>\n<li class=\"toggleable type-new-formats \"><strong>Formatas:<\/strong>\u00a012,5 x 23 x 1,8 cm, kieti vir\u0161eliai<\/li>\n<li><strong>Kalba:<\/strong>\u00a0Lietuvi\u0173<\/li>\n<\/ul>\n","protected":false},"excerpt":{"rendered":"<p>Poeto apm\u0105stymai apie k\u016bryb\u0105, \u017emog\u0173, gyvenim\u0105. Knygos pagrindas \u2013 ra\u0161ytojo u\u017era\u0161\u0173 knygut\u0117s. Inspiravo ir skaitytoj\u0173 lai\u0161kai, j\u0173 klausimai. Patyrimas, estetin\u0117 mintis rei\u0161kiama beletrizuotais fragmentais, es\u0117, aforizmais. Spausdinama ir keletas interviu. Autorius:\u00a0Justinas Marcinkevi\u010dius Leid\u0117jas:\u00a0Vaga Metai:\u00a01981 Puslapiai:\u00a0215 Formatas:\u00a012,5 x 23 x 1,8 cm, kieti vir\u0161eliai Kalba:\u00a0Lietuvi\u0173<\/p>\n","protected":false},"featured_media":15532,"comment_status":"open","ping_status":"closed","template":"","meta":{"_acf_changed":false,"site-sidebar-layout":"default","site-content-layout":"","ast-site-content-layout":"default","site-content-style":"default","site-sidebar-style":"default","ast-global-header-display":"","ast-banner-title-visibility":"","ast-main-header-display":"","ast-hfb-above-header-display":"","ast-hfb-below-header-display":"","ast-hfb-mobile-header-display":"","site-post-title":"","ast-breadcrumbs-content":"","ast-featured-img":"","footer-sml-layout":"","ast-disable-related-posts":"","theme-transparent-header-meta":"default","adv-header-id-meta":"","stick-header-meta":"","header-above-stick-meta":"","header-main-stick-meta":"","header-below-stick-meta":"","astra-migrate-meta-layouts":"set","ast-page-background-enabled":"default","ast-page-background-meta":{"desktop":{"background-color":"","background-image":"","background-repeat":"repeat","background-position":"center center","background-size":"auto","background-attachment":"scroll","background-type":"","background-media":"","overlay-type":"","overlay-color":"","overlay-opacity":"","overlay-gradient":""},"tablet":{"background-color":"","background-image":"","background-repeat":"repeat","background-position":"center center","background-size":"auto","background-attachment":"scroll","background-type":"","background-media":"","overlay-type":"","overlay-color":"","overlay-opacity":"","overlay-gradient":""},"mobile":{"background-color":"","background-image":"","background-repeat":"repeat","background-position":"center center","background-size":"auto","background-attachment":"scroll","background-type":"","background-media":"","overlay-type":"","overlay-color":"","overlay-opacity":"","overlay-gradient":""}},"ast-content-background-meta":{"desktop":{"background-color":"var(--ast-global-color-4)","background-image":"","background-repeat":"repeat","background-position":"center center","background-size":"auto","background-attachment":"scroll","background-type":"","background-media":"","overlay-type":"","overlay-color":"","overlay-opacity":"","overlay-gradient":""},"tablet":{"background-color":"var(--ast-global-color-4)","background-image":"","background-repeat":"repeat","background-position":"center center","background-size":"auto","background-attachment":"scroll","background-type":"","background-media":"","overlay-type":"","overlay-color":"","overlay-opacity":"","overlay-gradient":""},"mobile":{"background-color":"var(--ast-global-color-4)","background-image":"","background-repeat":"repeat","background-position":"center center","background-size":"auto","background-attachment":"scroll","background-type":"","background-media":"","overlay-type":"","overlay-color":"","overlay-opacity":"","overlay-gradient":""}}},"product_brand":[],"product_cat":[1085,15],"product_tag":[],"class_list":{"0":"post-15450","1":"product","2":"type-product","3":"status-publish","4":"has-post-thumbnail","6":"product_cat-poezija","7":"product_cat-uncategorized","8":"desktop-align-left","9":"tablet-align-left","10":"mobile-align-left","12":"first","13":"instock","14":"shipping-taxable","15":"purchasable","16":"product-type-simple"},"acf":[],"yoast_head":"<!-- This site is optimized with the Yoast SEO plugin v27.0 - https:\/\/yoast.com\/product\/yoast-seo-wordpress\/ -->\n<title>Dienora\u0161tis be dat\u0173<\/title>\n<meta name=\"description\" content=\"Poeto apm\u0105stymai apie k\u016bryb\u0105, \u017emog\u0173, gyvenim\u0105. Knygos pagrindas \u2013 ra\u0161ytojo u\u017era\u0161\u0173 knygut\u0117s. Inspiravo ir skaitytoj\u0173 lai\u0161kai, j\u0173 klausimai. Patyrimas,\" \/>\n<meta name=\"robots\" content=\"index, follow, max-snippet:-1, max-image-preview:large, max-video-preview:-1\" \/>\n<link rel=\"canonical\" href=\"https:\/\/skaitytaknyga.lt\/en\/produktas\/dienorastis-be-datu\/\" \/>\n<meta property=\"og:locale\" content=\"en_GB\" \/>\n<meta property=\"og:locale:alternate\" content=\"lt_LT\" \/>\n<meta property=\"og:type\" content=\"article\" \/>\n<meta property=\"og:title\" content=\"Dienora\u0161tis be dat\u0173\" \/>\n<meta property=\"og:description\" content=\"Poeto apm\u0105stymai apie k\u016bryb\u0105, \u017emog\u0173, gyvenim\u0105. Knygos pagrindas \u2013 ra\u0161ytojo u\u017era\u0161\u0173 knygut\u0117s. Inspiravo ir skaitytoj\u0173 lai\u0161kai, j\u0173 klausimai. Patyrimas,\" \/>\n<meta property=\"og:url\" content=\"https:\/\/skaitytaknyga.lt\/en\/produktas\/dienorastis-be-datu\/\" \/>\n<meta property=\"og:site_name\" content=\"Skaitytaknyga\" \/>\n<meta property=\"article:publisher\" content=\"https:\/\/www.facebook.com\/skaitytaknyga\/\" \/>\n<meta property=\"article:modified_time\" content=\"2024-12-19T08:27:59+00:00\" \/>\n<meta property=\"og:image\" content=\"https:\/\/skaitytaknyga.lt\/wp-content\/uploads\/2024\/12\/dienorastis-be-datu.webp\" \/>\n\t<meta property=\"og:image:width\" content=\"321\" \/>\n\t<meta property=\"og:image:height\" content=\"600\" \/>\n\t<meta property=\"og:image:type\" content=\"image\/webp\" \/>\n<meta name=\"twitter:card\" content=\"summary_large_image\" \/>\n<meta name=\"twitter:label1\" content=\"Estimated reading time\" \/>\n\t<meta name=\"twitter:data1\" content=\"1 minute\" \/>\n<script type=\"application\/ld+json\" class=\"yoast-schema-graph\">{\"@context\":\"https:\/\/schema.org\",\"@graph\":[{\"@type\":\"WebPage\",\"@id\":\"https:\/\/skaitytaknyga.lt\/produktas\/dienorastis-be-datu\/\",\"url\":\"https:\/\/skaitytaknyga.lt\/produktas\/dienorastis-be-datu\/\",\"name\":\"Dienora\u0161tis be dat\u0173\",\"isPartOf\":{\"@id\":\"https:\/\/skaitytaknyga.lt\/#website\"},\"primaryImageOfPage\":{\"@id\":\"https:\/\/skaitytaknyga.lt\/produktas\/dienorastis-be-datu\/#primaryimage\"},\"image\":{\"@id\":\"https:\/\/skaitytaknyga.lt\/produktas\/dienorastis-be-datu\/#primaryimage\"},\"thumbnailUrl\":\"https:\/\/skaitytaknyga.lt\/wp-content\/uploads\/2024\/12\/dienorastis-be-datu.webp\",\"datePublished\":\"2024-12-17T11:49:32+00:00\",\"dateModified\":\"2024-12-19T08:27:59+00:00\",\"description\":\"Poeto apm\u0105stymai apie k\u016bryb\u0105, \u017emog\u0173, gyvenim\u0105. Knygos pagrindas \u2013 ra\u0161ytojo u\u017era\u0161\u0173 knygut\u0117s. Inspiravo ir skaitytoj\u0173 lai\u0161kai, j\u0173 klausimai. Patyrimas,\",\"breadcrumb\":{\"@id\":\"https:\/\/skaitytaknyga.lt\/produktas\/dienorastis-be-datu\/#breadcrumb\"},\"inLanguage\":\"en-GB\",\"potentialAction\":[{\"@type\":\"ReadAction\",\"target\":[\"https:\/\/skaitytaknyga.lt\/produktas\/dienorastis-be-datu\/\"]}]},{\"@type\":\"ImageObject\",\"inLanguage\":\"en-GB\",\"@id\":\"https:\/\/skaitytaknyga.lt\/produktas\/dienorastis-be-datu\/#primaryimage\",\"url\":\"https:\/\/skaitytaknyga.lt\/wp-content\/uploads\/2024\/12\/dienorastis-be-datu.webp\",\"contentUrl\":\"https:\/\/skaitytaknyga.lt\/wp-content\/uploads\/2024\/12\/dienorastis-be-datu.webp\",\"width\":321,\"height\":600,\"caption\":\"Dienora\u0161tis be dat\u0173\"},{\"@type\":\"BreadcrumbList\",\"@id\":\"https:\/\/skaitytaknyga.lt\/produktas\/dienorastis-be-datu\/#breadcrumb\",\"itemListElement\":[{\"@type\":\"ListItem\",\"position\":1,\"name\":\"Home\",\"item\":\"https:\/\/skaitytaknyga.lt\/\"},{\"@type\":\"ListItem\",\"position\":2,\"name\":\"Parduotuv\u0117\",\"item\":\"https:\/\/skaitytaknyga.lt\/knygu-parduotuve\/\"},{\"@type\":\"ListItem\",\"position\":3,\"name\":\"Dienora\u0161tis be dat\u0173\"}]},{\"@type\":\"WebSite\",\"@id\":\"https:\/\/skaitytaknyga.lt\/#website\",\"url\":\"https:\/\/skaitytaknyga.lt\/\",\"name\":\"skaitytaknyga.lt\",\"description\":\"Skaitytaknyga.lt \u2013 tai ma\u017eas \u0161eimos verslas, kuris prasid\u0117jo nuo meil\u0117s knygoms ir siekio i\u0161gelb\u0117ti knygas nuo likimo prie konteinerio. Kas vienam nereikalingas daiktas \u2013 kitam lobis, o mes esame tarpininkai, kurie padeda abiems tapti laimingesniems ???? \u017dinome kaip nelengva i\u0161gyventi ma\u017eiems verslams, tad nuo \u0161iol, \u010dia rasite ir kit\u0173, ma\u017e\u0173 \u0161eim\u0173 versl\u0173, rank\u0173 darbo, dovan\u0173 sau ir artimiesiems.\",\"publisher\":{\"@id\":\"https:\/\/skaitytaknyga.lt\/#organization\"},\"potentialAction\":[{\"@type\":\"SearchAction\",\"target\":{\"@type\":\"EntryPoint\",\"urlTemplate\":\"https:\/\/skaitytaknyga.lt\/?s={search_term_string}\"},\"query-input\":{\"@type\":\"PropertyValueSpecification\",\"valueRequired\":true,\"valueName\":\"search_term_string\"}}],\"inLanguage\":\"en-GB\"},{\"@type\":\"Organization\",\"@id\":\"https:\/\/skaitytaknyga.lt\/#organization\",\"name\":\"skaitytaknyga.lt\",\"url\":\"https:\/\/skaitytaknyga.lt\/\",\"logo\":{\"@type\":\"ImageObject\",\"inLanguage\":\"en-GB\",\"@id\":\"https:\/\/skaitytaknyga.lt\/#\/schema\/logo\/image\/\",\"url\":\"https:\/\/skaitytaknyga.lt\/wp-content\/uploads\/2024\/05\/cropped-cropped-cropped-02_00843_jt3bggkj1j3HLc7SyY6rEUpg.jpeg\",\"contentUrl\":\"https:\/\/skaitytaknyga.lt\/wp-content\/uploads\/2024\/05\/cropped-cropped-cropped-02_00843_jt3bggkj1j3HLc7SyY6rEUpg.jpeg\",\"width\":1600,\"height\":1600,\"caption\":\"skaitytaknyga.lt\"},\"image\":{\"@id\":\"https:\/\/skaitytaknyga.lt\/#\/schema\/logo\/image\/\"},\"sameAs\":[\"https:\/\/www.facebook.com\/skaitytaknyga\/\"]}]}<\/script>\n<!-- \/ Yoast SEO plugin. -->","yoast_head_json":{"title":"Dienora\u0161tis be dat\u0173","description":"Poeto apm\u0105stymai apie k\u016bryb\u0105, \u017emog\u0173, gyvenim\u0105. Knygos pagrindas \u2013 ra\u0161ytojo u\u017era\u0161\u0173 knygut\u0117s. Inspiravo ir skaitytoj\u0173 lai\u0161kai, j\u0173 klausimai. Patyrimas,","robots":{"index":"index","follow":"follow","max-snippet":"max-snippet:-1","max-image-preview":"max-image-preview:large","max-video-preview":"max-video-preview:-1"},"canonical":"https:\/\/skaitytaknyga.lt\/en\/produktas\/dienorastis-be-datu\/","og_locale":"en_GB","og_type":"article","og_title":"[:lt]Dienora\u0161tis be dat\u0173[:] - Skaitytaknyga","og_description":"Poeto apm\u0105stymai apie k\u016bryb\u0105, \u017emog\u0173, gyvenim\u0105. Knygos pagrindas \u2013 ra\u0161ytojo u\u017era\u0161\u0173 knygut\u0117s. Inspiravo ir skaitytoj\u0173 lai\u0161kai, j\u0173 klausimai. Patyrimas,","og_url":"https:\/\/skaitytaknyga.lt\/en\/produktas\/dienorastis-be-datu\/","og_site_name":"Skaitytaknyga","article_publisher":"https:\/\/www.facebook.com\/skaitytaknyga\/","article_modified_time":"2024-12-19T08:27:59+00:00","og_image":[{"width":321,"height":600,"url":"https:\/\/skaitytaknyga.lt\/wp-content\/uploads\/2024\/12\/dienorastis-be-datu.webp","type":"image\/webp"}],"twitter_card":"summary_large_image","twitter_misc":{"Estimated reading time":"1 minute"},"schema":{"@context":"https:\/\/schema.org","@graph":[{"@type":"WebPage","@id":"https:\/\/skaitytaknyga.lt\/produktas\/dienorastis-be-datu\/","url":"https:\/\/skaitytaknyga.lt\/produktas\/dienorastis-be-datu\/","name":"Dienora\u0161tis be dat\u0173","isPartOf":{"@id":"https:\/\/skaitytaknyga.lt\/#website"},"primaryImageOfPage":{"@id":"https:\/\/skaitytaknyga.lt\/produktas\/dienorastis-be-datu\/#primaryimage"},"image":{"@id":"https:\/\/skaitytaknyga.lt\/produktas\/dienorastis-be-datu\/#primaryimage"},"thumbnailUrl":"https:\/\/skaitytaknyga.lt\/wp-content\/uploads\/2024\/12\/dienorastis-be-datu.webp","datePublished":"2024-12-17T11:49:32+00:00","dateModified":"2024-12-19T08:27:59+00:00","description":"Poeto apm\u0105stymai apie k\u016bryb\u0105, \u017emog\u0173, gyvenim\u0105. Knygos pagrindas \u2013 ra\u0161ytojo u\u017era\u0161\u0173 knygut\u0117s. Inspiravo ir skaitytoj\u0173 lai\u0161kai, j\u0173 klausimai. Patyrimas,","breadcrumb":{"@id":"https:\/\/skaitytaknyga.lt\/produktas\/dienorastis-be-datu\/#breadcrumb"},"inLanguage":"en-GB","potentialAction":[{"@type":"ReadAction","target":["https:\/\/skaitytaknyga.lt\/produktas\/dienorastis-be-datu\/"]}]},{"@type":"ImageObject","inLanguage":"en-GB","@id":"https:\/\/skaitytaknyga.lt\/produktas\/dienorastis-be-datu\/#primaryimage","url":"https:\/\/skaitytaknyga.lt\/wp-content\/uploads\/2024\/12\/dienorastis-be-datu.webp","contentUrl":"https:\/\/skaitytaknyga.lt\/wp-content\/uploads\/2024\/12\/dienorastis-be-datu.webp","width":321,"height":600,"caption":"Dienora\u0161tis be dat\u0173"},{"@type":"BreadcrumbList","@id":"https:\/\/skaitytaknyga.lt\/produktas\/dienorastis-be-datu\/#breadcrumb","itemListElement":[{"@type":"ListItem","position":1,"name":"Home","item":"https:\/\/skaitytaknyga.lt\/"},{"@type":"ListItem","position":2,"name":"Parduotuv\u0117","item":"https:\/\/skaitytaknyga.lt\/knygu-parduotuve\/"},{"@type":"ListItem","position":3,"name":"Dienora\u0161tis be dat\u0173"}]},{"@type":"WebSite","@id":"https:\/\/skaitytaknyga.lt\/#website","url":"https:\/\/skaitytaknyga.lt\/","name":"skaitytaknyga.lt","description":"Skaitytaknyga.lt \u2013 tai ma\u017eas \u0161eimos verslas, kuris prasid\u0117jo nuo meil\u0117s knygoms ir siekio i\u0161gelb\u0117ti knygas nuo likimo prie konteinerio. Kas vienam nereikalingas daiktas \u2013 kitam lobis, o mes esame tarpininkai, kurie padeda abiems tapti laimingesniems ???? \u017dinome kaip nelengva i\u0161gyventi ma\u017eiems verslams, tad nuo \u0161iol, \u010dia rasite ir kit\u0173, ma\u017e\u0173 \u0161eim\u0173 versl\u0173, rank\u0173 darbo, dovan\u0173 sau ir artimiesiems.","publisher":{"@id":"https:\/\/skaitytaknyga.lt\/#organization"},"potentialAction":[{"@type":"SearchAction","target":{"@type":"EntryPoint","urlTemplate":"https:\/\/skaitytaknyga.lt\/?s={search_term_string}"},"query-input":{"@type":"PropertyValueSpecification","valueRequired":true,"valueName":"search_term_string"}}],"inLanguage":"en-GB"},{"@type":"Organization","@id":"https:\/\/skaitytaknyga.lt\/#organization","name":"skaitytaknyga.lt","url":"https:\/\/skaitytaknyga.lt\/","logo":{"@type":"ImageObject","inLanguage":"en-GB","@id":"https:\/\/skaitytaknyga.lt\/#\/schema\/logo\/image\/","url":"https:\/\/skaitytaknyga.lt\/wp-content\/uploads\/2024\/05\/cropped-cropped-cropped-02_00843_jt3bggkj1j3HLc7SyY6rEUpg.jpeg","contentUrl":"https:\/\/skaitytaknyga.lt\/wp-content\/uploads\/2024\/05\/cropped-cropped-cropped-02_00843_jt3bggkj1j3HLc7SyY6rEUpg.jpeg","width":1600,"height":1600,"caption":"skaitytaknyga.lt"},"image":{"@id":"https:\/\/skaitytaknyga.lt\/#\/schema\/logo\/image\/"},"sameAs":["https:\/\/www.facebook.com\/skaitytaknyga\/"]}]}},"_links":{"self":[{"href":"https:\/\/skaitytaknyga.lt\/en\/wp-json\/wp\/v2\/product\/15450","targetHints":{"allow":["GET"]}}],"collection":[{"href":"https:\/\/skaitytaknyga.lt\/en\/wp-json\/wp\/v2\/product"}],"about":[{"href":"https:\/\/skaitytaknyga.lt\/en\/wp-json\/wp\/v2\/types\/product"}],"replies":[{"embeddable":true,"href":"https:\/\/skaitytaknyga.lt\/en\/wp-json\/wp\/v2\/comments?post=15450"}],"wp:featuredmedia":[{"embeddable":true,"href":"https:\/\/skaitytaknyga.lt\/en\/wp-json\/wp\/v2\/media\/15532"}],"wp:attachment":[{"href":"https:\/\/skaitytaknyga.lt\/en\/wp-json\/wp\/v2\/media?parent=15450"}],"wp:term":[{"taxonomy":"product_brand","embeddable":true,"href":"https:\/\/skaitytaknyga.lt\/en\/wp-json\/wp\/v2\/product_brand?post=15450"},{"taxonomy":"product_cat","embeddable":true,"href":"https:\/\/skaitytaknyga.lt\/en\/wp-json\/wp\/v2\/product_cat?post=15450"},{"taxonomy":"product_tag","embeddable":true,"href":"https:\/\/skaitytaknyga.lt\/en\/wp-json\/wp\/v2\/product_tag?post=15450"}],"curies":[{"name":"wp","href":"https:\/\/api.w.org\/{rel}","templated":true}]}}