{"id":15442,"date":"2024-12-17T13:12:26","date_gmt":"2024-12-17T11:12:26","guid":{"rendered":"https:\/\/skaitytaknyga.lt\/?post_type=product&#038;p=15442"},"modified":"2024-12-19T10:31:48","modified_gmt":"2024-12-19T08:31:48","slug":"eik-kur-liepia-sirdis","status":"publish","type":"product","link":"https:\/\/skaitytaknyga.lt\/en\/produktas\/eik-kur-liepia-sirdis\/","title":{"rendered":"Eik kur liepia \u0161irdis"},"content":{"rendered":"<p>\u0160i skaitomiausios ital\u0173 ra\u0161ytojos S. Tamaro (g. 1957) knyga \u2013 senel\u0117s lai\u0161kas dukraitei, auto\u012fvykyje \u017euvusios (ar nusi\u017eud\u017eiusios) dukters dukteriai. Moteris j\u0105 pasi\u0117m\u0117 auginti pas save, bet jiedvi ne itin suprato viena kit\u0105, ir mergait\u0117 i\u0161va\u017eiavo \u012f Amerik\u0105. Senel\u0117 \u2013 na\u0161l\u0117, gyvena vieni\u0161a ir kasdien skiria laiko lai\u0161kui, kuriame atskleid\u017eia vis\u0105 spalving\u0105 savo praeit\u012f.<\/p>\n<p>Visas autor\u0117s knygas galima pavadinti dvasini\u0173 ie\u0161kojim\u0173 romanais. &#8220;&#8230;\u0160irdis visais laikais buvo ta pati&#8230; Jauni \u017emon\u0117s n\u0117ra savaime egoistai, o seni savaime i\u0161mintingi. Protas nepriklauso nuo met\u0173 skai\u010diaus, o nuo nueito kelio&#8230; Kai prieisi daug keli\u0173 ir ne\u017einosi, kuriuo pasukti, neskub\u0117k ir palauk. Alsuok giliai ir patikliai tarsi k\u0105 tik gim\u0119s k\u016bdikis, apie niek\u0105 negalvok, tik lauk lauk ir lauk. S\u0117d\u0117k ir tyloje klausykis \u0161irdies. O jai prabilus, stokis ir eik, kur ji tau liepia&#8221;<\/p>\n<ul class=\"about-product d-none d-xl-block mt-4\">\n<li><strong>Autorius:<\/strong>\u00a0Susanna Tamaro<\/li>\n<li><strong>Leid\u0117jas:<\/strong>\u00a0Tyto alba<\/li>\n<li><strong>Metai:<\/strong>\u00a01998<\/li>\n<li><strong>Puslapiai:<\/strong>\u00a0136<\/li>\n<li class=\"toggleable type-new-formats \"><strong>ISBN:<\/strong>\u00a09986160812<\/li>\n<li class=\"toggleable type-new-formats \"><strong>Formatas:<\/strong>\u00a014,5 x 21, mink\u0161ti vir\u0161eliai<\/li>\n<li><strong>Kalba:<\/strong>\u00a0Lietuvi\u0173<\/li>\n<li><strong>Vert\u0117jas:<\/strong>\u00a0Algimantas Gudaitis<\/li>\n<\/ul>\n","protected":false},"excerpt":{"rendered":"<p>\u0160i skaitomiausios ital\u0173 ra\u0161ytojos S. Tamaro (g. 1957) knyga \u2013 senel\u0117s lai\u0161kas dukraitei, auto\u012fvykyje \u017euvusios (ar nusi\u017eud\u017eiusios) dukters dukteriai. Moteris j\u0105 pasi\u0117m\u0117 auginti pas save, bet jiedvi ne itin suprato viena kit\u0105, ir mergait\u0117 i\u0161va\u017eiavo \u012f Amerik\u0105. Senel\u0117 \u2013 na\u0161l\u0117, gyvena vieni\u0161a ir kasdien skiria laiko lai\u0161kui, kuriame atskleid\u017eia vis\u0105 spalving\u0105 savo praeit\u012f. Visas autor\u0117s knygas galima pavadinti dvasini\u0173 ie\u0161kojim\u0173 romanais. &#8220;&#8230;\u0160irdis visais laikais buvo ta pati&#8230; Jauni \u017emon\u0117s n\u0117ra savaime egoistai, o seni savaime i\u0161mintingi. Protas nepriklauso nuo met\u0173 skai\u010diaus, o nuo nueito kelio&#8230; Kai prieisi daug keli\u0173 ir ne\u017einosi, kuriuo pasukti, neskub\u0117k ir palauk. Alsuok giliai ir patikliai tarsi k\u0105 tik gim\u0119s k\u016bdikis, apie niek\u0105 negalvok, tik lauk lauk ir lauk. S\u0117d\u0117k ir tyloje klausykis \u0161irdies. O jai prabilus, stokis ir eik, kur ji tau liepia&#8221; Autorius:\u00a0Susanna Tamaro Leid\u0117jas:\u00a0Tyto alba Metai:\u00a01998 Puslapiai:\u00a0136 ISBN:\u00a09986160812 Formatas:\u00a014,5 x 21, mink\u0161ti vir\u0161eliai Kalba:\u00a0Lietuvi\u0173 Vert\u0117jas:\u00a0Algimantas Gudaitis<\/p>\n","protected":false},"featured_media":15544,"comment_status":"open","ping_status":"closed","template":"","meta":{"_acf_changed":false,"site-sidebar-layout":"default","site-content-layout":"","ast-site-content-layout":"default","site-content-style":"default","site-sidebar-style":"default","ast-global-header-display":"","ast-banner-title-visibility":"","ast-main-header-display":"","ast-hfb-above-header-display":"","ast-hfb-below-header-display":"","ast-hfb-mobile-header-display":"","site-post-title":"","ast-breadcrumbs-content":"","ast-featured-img":"","footer-sml-layout":"","ast-disable-related-posts":"","theme-transparent-header-meta":"default","adv-header-id-meta":"","stick-header-meta":"","header-above-stick-meta":"","header-main-stick-meta":"","header-below-stick-meta":"","astra-migrate-meta-layouts":"set","ast-page-background-enabled":"default","ast-page-background-meta":{"desktop":{"background-color":"","background-image":"","background-repeat":"repeat","background-position":"center center","background-size":"auto","background-attachment":"scroll","background-type":"","background-media":"","overlay-type":"","overlay-color":"","overlay-opacity":"","overlay-gradient":""},"tablet":{"background-color":"","background-image":"","background-repeat":"repeat","background-position":"center center","background-size":"auto","background-attachment":"scroll","background-type":"","background-media":"","overlay-type":"","overlay-color":"","overlay-opacity":"","overlay-gradient":""},"mobile":{"background-color":"","background-image":"","background-repeat":"repeat","background-position":"center center","background-size":"auto","background-attachment":"scroll","background-type":"","background-media":"","overlay-type":"","overlay-color":"","overlay-opacity":"","overlay-gradient":""}},"ast-content-background-meta":{"desktop":{"background-color":"var(--ast-global-color-4)","background-image":"","background-repeat":"repeat","background-position":"center center","background-size":"auto","background-attachment":"scroll","background-type":"","background-media":"","overlay-type":"","overlay-color":"","overlay-opacity":"","overlay-gradient":""},"tablet":{"background-color":"var(--ast-global-color-4)","background-image":"","background-repeat":"repeat","background-position":"center center","background-size":"auto","background-attachment":"scroll","background-type":"","background-media":"","overlay-type":"","overlay-color":"","overlay-opacity":"","overlay-gradient":""},"mobile":{"background-color":"var(--ast-global-color-4)","background-image":"","background-repeat":"repeat","background-position":"center center","background-size":"auto","background-attachment":"scroll","background-type":"","background-media":"","overlay-type":"","overlay-color":"","overlay-opacity":"","overlay-gradient":""}}},"product_brand":[],"product_cat":[31,15],"product_tag":[],"class_list":{"0":"post-15442","1":"product","2":"type-product","3":"status-publish","4":"has-post-thumbnail","6":"product_cat-grozine-literatura","7":"product_cat-uncategorized","8":"desktop-align-left","9":"tablet-align-left","10":"mobile-align-left","12":"first","13":"instock","14":"shipping-taxable","15":"purchasable","16":"product-type-simple"},"acf":[],"yoast_head":"<!-- This site is optimized with the Yoast SEO plugin v27.0 - https:\/\/yoast.com\/product\/yoast-seo-wordpress\/ -->\n<title>Eik kur liepia \u0161irdis<\/title>\n<meta name=\"description\" content=\"\u0160i skaitomiausios ital\u0173 ra\u0161ytojos S. Tamaro (g. 1957) knyga \u2013 senel\u0117s lai\u0161kas dukraitei, auto\u012fvykyje \u017euvusios (ar nusi\u017eud\u017eiusios) dukters dukteriai.\" \/>\n<meta name=\"robots\" content=\"index, follow, max-snippet:-1, max-image-preview:large, max-video-preview:-1\" \/>\n<link rel=\"canonical\" href=\"https:\/\/skaitytaknyga.lt\/en\/produktas\/eik-kur-liepia-sirdis\/\" \/>\n<meta property=\"og:locale\" content=\"en_GB\" \/>\n<meta property=\"og:locale:alternate\" content=\"lt_LT\" \/>\n<meta property=\"og:type\" content=\"article\" \/>\n<meta property=\"og:title\" content=\"Eik kur liepia \u0161irdis\" \/>\n<meta property=\"og:description\" content=\"\u0160i skaitomiausios ital\u0173 ra\u0161ytojos S. Tamaro (g. 1957) knyga \u2013 senel\u0117s lai\u0161kas dukraitei, auto\u012fvykyje \u017euvusios (ar nusi\u017eud\u017eiusios) dukters dukteriai.\" \/>\n<meta property=\"og:url\" content=\"https:\/\/skaitytaknyga.lt\/en\/produktas\/eik-kur-liepia-sirdis\/\" \/>\n<meta property=\"og:site_name\" content=\"Skaitytaknyga\" \/>\n<meta property=\"article:publisher\" content=\"https:\/\/www.facebook.com\/skaitytaknyga\/\" \/>\n<meta property=\"article:modified_time\" content=\"2024-12-19T08:31:48+00:00\" \/>\n<meta property=\"og:image\" content=\"https:\/\/skaitytaknyga.lt\/wp-content\/uploads\/2024\/12\/Eik-kur-liepia-sirdis.webp\" \/>\n\t<meta property=\"og:image:width\" content=\"514\" \/>\n\t<meta property=\"og:image:height\" content=\"799\" \/>\n\t<meta property=\"og:image:type\" content=\"image\/webp\" \/>\n<meta name=\"twitter:card\" content=\"summary_large_image\" \/>\n<meta name=\"twitter:label1\" content=\"Estimated reading time\" \/>\n\t<meta name=\"twitter:data1\" content=\"2 minutes\" \/>\n<script type=\"application\/ld+json\" class=\"yoast-schema-graph\">{\"@context\":\"https:\/\/schema.org\",\"@graph\":[{\"@type\":\"WebPage\",\"@id\":\"https:\/\/skaitytaknyga.lt\/produktas\/eik-kur-liepia-sirdis\/\",\"url\":\"https:\/\/skaitytaknyga.lt\/produktas\/eik-kur-liepia-sirdis\/\",\"name\":\"Eik kur liepia \u0161irdis\",\"isPartOf\":{\"@id\":\"https:\/\/skaitytaknyga.lt\/#website\"},\"primaryImageOfPage\":{\"@id\":\"https:\/\/skaitytaknyga.lt\/produktas\/eik-kur-liepia-sirdis\/#primaryimage\"},\"image\":{\"@id\":\"https:\/\/skaitytaknyga.lt\/produktas\/eik-kur-liepia-sirdis\/#primaryimage\"},\"thumbnailUrl\":\"https:\/\/skaitytaknyga.lt\/wp-content\/uploads\/2024\/12\/Eik-kur-liepia-sirdis.webp\",\"datePublished\":\"2024-12-17T11:12:26+00:00\",\"dateModified\":\"2024-12-19T08:31:48+00:00\",\"description\":\"\u0160i skaitomiausios ital\u0173 ra\u0161ytojos S. Tamaro (g. 1957) knyga \u2013 senel\u0117s lai\u0161kas dukraitei, auto\u012fvykyje \u017euvusios (ar nusi\u017eud\u017eiusios) dukters dukteriai.\",\"breadcrumb\":{\"@id\":\"https:\/\/skaitytaknyga.lt\/produktas\/eik-kur-liepia-sirdis\/#breadcrumb\"},\"inLanguage\":\"en-GB\",\"potentialAction\":[{\"@type\":\"ReadAction\",\"target\":[\"https:\/\/skaitytaknyga.lt\/produktas\/eik-kur-liepia-sirdis\/\"]}]},{\"@type\":\"ImageObject\",\"inLanguage\":\"en-GB\",\"@id\":\"https:\/\/skaitytaknyga.lt\/produktas\/eik-kur-liepia-sirdis\/#primaryimage\",\"url\":\"https:\/\/skaitytaknyga.lt\/wp-content\/uploads\/2024\/12\/Eik-kur-liepia-sirdis.webp\",\"contentUrl\":\"https:\/\/skaitytaknyga.lt\/wp-content\/uploads\/2024\/12\/Eik-kur-liepia-sirdis.webp\",\"width\":514,\"height\":799},{\"@type\":\"BreadcrumbList\",\"@id\":\"https:\/\/skaitytaknyga.lt\/produktas\/eik-kur-liepia-sirdis\/#breadcrumb\",\"itemListElement\":[{\"@type\":\"ListItem\",\"position\":1,\"name\":\"Home\",\"item\":\"https:\/\/skaitytaknyga.lt\/\"},{\"@type\":\"ListItem\",\"position\":2,\"name\":\"Parduotuv\u0117\",\"item\":\"https:\/\/skaitytaknyga.lt\/knygu-parduotuve\/\"},{\"@type\":\"ListItem\",\"position\":3,\"name\":\"Eik kur liepia \u0161irdis\"}]},{\"@type\":\"WebSite\",\"@id\":\"https:\/\/skaitytaknyga.lt\/#website\",\"url\":\"https:\/\/skaitytaknyga.lt\/\",\"name\":\"skaitytaknyga.lt\",\"description\":\"Skaitytaknyga.lt \u2013 tai ma\u017eas \u0161eimos verslas, kuris prasid\u0117jo nuo meil\u0117s knygoms ir siekio i\u0161gelb\u0117ti knygas nuo likimo prie konteinerio. Kas vienam nereikalingas daiktas \u2013 kitam lobis, o mes esame tarpininkai, kurie padeda abiems tapti laimingesniems ???? \u017dinome kaip nelengva i\u0161gyventi ma\u017eiems verslams, tad nuo \u0161iol, \u010dia rasite ir kit\u0173, ma\u017e\u0173 \u0161eim\u0173 versl\u0173, rank\u0173 darbo, dovan\u0173 sau ir artimiesiems.\",\"publisher\":{\"@id\":\"https:\/\/skaitytaknyga.lt\/#organization\"},\"potentialAction\":[{\"@type\":\"SearchAction\",\"target\":{\"@type\":\"EntryPoint\",\"urlTemplate\":\"https:\/\/skaitytaknyga.lt\/?s={search_term_string}\"},\"query-input\":{\"@type\":\"PropertyValueSpecification\",\"valueRequired\":true,\"valueName\":\"search_term_string\"}}],\"inLanguage\":\"en-GB\"},{\"@type\":\"Organization\",\"@id\":\"https:\/\/skaitytaknyga.lt\/#organization\",\"name\":\"skaitytaknyga.lt\",\"url\":\"https:\/\/skaitytaknyga.lt\/\",\"logo\":{\"@type\":\"ImageObject\",\"inLanguage\":\"en-GB\",\"@id\":\"https:\/\/skaitytaknyga.lt\/#\/schema\/logo\/image\/\",\"url\":\"https:\/\/skaitytaknyga.lt\/wp-content\/uploads\/2024\/05\/cropped-cropped-cropped-02_00843_jt3bggkj1j3HLc7SyY6rEUpg.jpeg\",\"contentUrl\":\"https:\/\/skaitytaknyga.lt\/wp-content\/uploads\/2024\/05\/cropped-cropped-cropped-02_00843_jt3bggkj1j3HLc7SyY6rEUpg.jpeg\",\"width\":1600,\"height\":1600,\"caption\":\"skaitytaknyga.lt\"},\"image\":{\"@id\":\"https:\/\/skaitytaknyga.lt\/#\/schema\/logo\/image\/\"},\"sameAs\":[\"https:\/\/www.facebook.com\/skaitytaknyga\/\"]}]}<\/script>\n<!-- \/ Yoast SEO plugin. -->","yoast_head_json":{"title":"Eik kur liepia \u0161irdis","description":"\u0160i skaitomiausios ital\u0173 ra\u0161ytojos S. Tamaro (g. 1957) knyga \u2013 senel\u0117s lai\u0161kas dukraitei, auto\u012fvykyje \u017euvusios (ar nusi\u017eud\u017eiusios) dukters dukteriai.","robots":{"index":"index","follow":"follow","max-snippet":"max-snippet:-1","max-image-preview":"max-image-preview:large","max-video-preview":"max-video-preview:-1"},"canonical":"https:\/\/skaitytaknyga.lt\/en\/produktas\/eik-kur-liepia-sirdis\/","og_locale":"en_GB","og_type":"article","og_title":"[:lt]Eik kur liepia \u0161irdis[:] - Skaitytaknyga","og_description":"\u0160i skaitomiausios ital\u0173 ra\u0161ytojos S. Tamaro (g. 1957) knyga \u2013 senel\u0117s lai\u0161kas dukraitei, auto\u012fvykyje \u017euvusios (ar nusi\u017eud\u017eiusios) dukters dukteriai.","og_url":"https:\/\/skaitytaknyga.lt\/en\/produktas\/eik-kur-liepia-sirdis\/","og_site_name":"Skaitytaknyga","article_publisher":"https:\/\/www.facebook.com\/skaitytaknyga\/","article_modified_time":"2024-12-19T08:31:48+00:00","og_image":[{"width":514,"height":799,"url":"https:\/\/skaitytaknyga.lt\/wp-content\/uploads\/2024\/12\/Eik-kur-liepia-sirdis.webp","type":"image\/webp"}],"twitter_card":"summary_large_image","twitter_misc":{"Estimated reading time":"2 minutes"},"schema":{"@context":"https:\/\/schema.org","@graph":[{"@type":"WebPage","@id":"https:\/\/skaitytaknyga.lt\/produktas\/eik-kur-liepia-sirdis\/","url":"https:\/\/skaitytaknyga.lt\/produktas\/eik-kur-liepia-sirdis\/","name":"Eik kur liepia \u0161irdis","isPartOf":{"@id":"https:\/\/skaitytaknyga.lt\/#website"},"primaryImageOfPage":{"@id":"https:\/\/skaitytaknyga.lt\/produktas\/eik-kur-liepia-sirdis\/#primaryimage"},"image":{"@id":"https:\/\/skaitytaknyga.lt\/produktas\/eik-kur-liepia-sirdis\/#primaryimage"},"thumbnailUrl":"https:\/\/skaitytaknyga.lt\/wp-content\/uploads\/2024\/12\/Eik-kur-liepia-sirdis.webp","datePublished":"2024-12-17T11:12:26+00:00","dateModified":"2024-12-19T08:31:48+00:00","description":"\u0160i skaitomiausios ital\u0173 ra\u0161ytojos S. Tamaro (g. 1957) knyga \u2013 senel\u0117s lai\u0161kas dukraitei, auto\u012fvykyje \u017euvusios (ar nusi\u017eud\u017eiusios) dukters dukteriai.","breadcrumb":{"@id":"https:\/\/skaitytaknyga.lt\/produktas\/eik-kur-liepia-sirdis\/#breadcrumb"},"inLanguage":"en-GB","potentialAction":[{"@type":"ReadAction","target":["https:\/\/skaitytaknyga.lt\/produktas\/eik-kur-liepia-sirdis\/"]}]},{"@type":"ImageObject","inLanguage":"en-GB","@id":"https:\/\/skaitytaknyga.lt\/produktas\/eik-kur-liepia-sirdis\/#primaryimage","url":"https:\/\/skaitytaknyga.lt\/wp-content\/uploads\/2024\/12\/Eik-kur-liepia-sirdis.webp","contentUrl":"https:\/\/skaitytaknyga.lt\/wp-content\/uploads\/2024\/12\/Eik-kur-liepia-sirdis.webp","width":514,"height":799},{"@type":"BreadcrumbList","@id":"https:\/\/skaitytaknyga.lt\/produktas\/eik-kur-liepia-sirdis\/#breadcrumb","itemListElement":[{"@type":"ListItem","position":1,"name":"Home","item":"https:\/\/skaitytaknyga.lt\/"},{"@type":"ListItem","position":2,"name":"Parduotuv\u0117","item":"https:\/\/skaitytaknyga.lt\/knygu-parduotuve\/"},{"@type":"ListItem","position":3,"name":"Eik kur liepia \u0161irdis"}]},{"@type":"WebSite","@id":"https:\/\/skaitytaknyga.lt\/#website","url":"https:\/\/skaitytaknyga.lt\/","name":"skaitytaknyga.lt","description":"Skaitytaknyga.lt \u2013 tai ma\u017eas \u0161eimos verslas, kuris prasid\u0117jo nuo meil\u0117s knygoms ir siekio i\u0161gelb\u0117ti knygas nuo likimo prie konteinerio. Kas vienam nereikalingas daiktas \u2013 kitam lobis, o mes esame tarpininkai, kurie padeda abiems tapti laimingesniems ???? \u017dinome kaip nelengva i\u0161gyventi ma\u017eiems verslams, tad nuo \u0161iol, \u010dia rasite ir kit\u0173, ma\u017e\u0173 \u0161eim\u0173 versl\u0173, rank\u0173 darbo, dovan\u0173 sau ir artimiesiems.","publisher":{"@id":"https:\/\/skaitytaknyga.lt\/#organization"},"potentialAction":[{"@type":"SearchAction","target":{"@type":"EntryPoint","urlTemplate":"https:\/\/skaitytaknyga.lt\/?s={search_term_string}"},"query-input":{"@type":"PropertyValueSpecification","valueRequired":true,"valueName":"search_term_string"}}],"inLanguage":"en-GB"},{"@type":"Organization","@id":"https:\/\/skaitytaknyga.lt\/#organization","name":"skaitytaknyga.lt","url":"https:\/\/skaitytaknyga.lt\/","logo":{"@type":"ImageObject","inLanguage":"en-GB","@id":"https:\/\/skaitytaknyga.lt\/#\/schema\/logo\/image\/","url":"https:\/\/skaitytaknyga.lt\/wp-content\/uploads\/2024\/05\/cropped-cropped-cropped-02_00843_jt3bggkj1j3HLc7SyY6rEUpg.jpeg","contentUrl":"https:\/\/skaitytaknyga.lt\/wp-content\/uploads\/2024\/05\/cropped-cropped-cropped-02_00843_jt3bggkj1j3HLc7SyY6rEUpg.jpeg","width":1600,"height":1600,"caption":"skaitytaknyga.lt"},"image":{"@id":"https:\/\/skaitytaknyga.lt\/#\/schema\/logo\/image\/"},"sameAs":["https:\/\/www.facebook.com\/skaitytaknyga\/"]}]}},"_links":{"self":[{"href":"https:\/\/skaitytaknyga.lt\/en\/wp-json\/wp\/v2\/product\/15442","targetHints":{"allow":["GET"]}}],"collection":[{"href":"https:\/\/skaitytaknyga.lt\/en\/wp-json\/wp\/v2\/product"}],"about":[{"href":"https:\/\/skaitytaknyga.lt\/en\/wp-json\/wp\/v2\/types\/product"}],"replies":[{"embeddable":true,"href":"https:\/\/skaitytaknyga.lt\/en\/wp-json\/wp\/v2\/comments?post=15442"}],"wp:featuredmedia":[{"embeddable":true,"href":"https:\/\/skaitytaknyga.lt\/en\/wp-json\/wp\/v2\/media\/15544"}],"wp:attachment":[{"href":"https:\/\/skaitytaknyga.lt\/en\/wp-json\/wp\/v2\/media?parent=15442"}],"wp:term":[{"taxonomy":"product_brand","embeddable":true,"href":"https:\/\/skaitytaknyga.lt\/en\/wp-json\/wp\/v2\/product_brand?post=15442"},{"taxonomy":"product_cat","embeddable":true,"href":"https:\/\/skaitytaknyga.lt\/en\/wp-json\/wp\/v2\/product_cat?post=15442"},{"taxonomy":"product_tag","embeddable":true,"href":"https:\/\/skaitytaknyga.lt\/en\/wp-json\/wp\/v2\/product_tag?post=15442"}],"curies":[{"name":"wp","href":"https:\/\/api.w.org\/{rel}","templated":true}]}}