{"id":15440,"date":"2024-12-17T13:12:26","date_gmt":"2024-12-17T11:12:26","guid":{"rendered":"https:\/\/skaitytaknyga.lt\/?post_type=product&#038;p=15440"},"modified":"2024-12-19T10:32:08","modified_gmt":"2024-12-19T08:32:08","slug":"zeme-zmoniu-planeta","status":"publish","type":"product","link":"https:\/\/skaitytaknyga.lt\/en\/produktas\/zeme-zmoniu-planeta\/","title":{"rendered":"\u017dem\u0117 \u017emoni\u0173 planeta"},"content":{"rendered":"<p>\u201e\u017dem\u0117, \u017emoni\u0173 planeta\u201d \u2013 A. de Sent-Egziuperi plunksnai priklausantis romanas. Autoriaus, kurio k\u016bryba \u017emoni\u0173 s\u0105mon\u0117je susilieja su biografija, biografija su legenda, o asmenyb\u0117 ir persona\u017eai tampa simboliais.<\/p>\n<p>\u201eKai dirbi tikr\u0105 \u017emogaus darb\u0105, pa\u017e\u012fsti tikrus \u017emogaus r\u016bpes\u010dius. Tiesiogiai susiduri su v\u0117ju, su \u017evaig\u017ed\u0117mis, su naktimi, su sm\u0117lynais, su j\u016bra. Gudrumu rungiesi su gamtos j\u0117gomis. Lauki au\u0161ros, kaip sodininkas laukia pavasario. Lauki eilinio aerodromo kaip \u017ead\u0117tosios \u017eem\u0117s ir ie\u0161kai dangaus \u017evaig\u017ed\u0117se savo tiesos.\u201d<\/p>\n<ul class=\"about-product d-none d-xl-block mt-4\">\n<li><strong>Autorius:<\/strong>\u00a0Antuanas de Sent Egziuperi<\/li>\n<li><strong>Leid\u0117jas:<\/strong>\u00a0Vyturys<\/li>\n<li><strong>Metai:<\/strong>\u00a01992<\/li>\n<li><strong>Puslapiai:<\/strong>\u00a0363<\/li>\n<li class=\"toggleable type-new-formats \"><strong>ISBN-10:<\/strong>\u00a05790005098<\/li>\n<li class=\"toggleable type-new-formats \"><strong>ISBN-13:<\/strong>\u00a09785790005091<\/li>\n<li class=\"toggleable type-new-formats \"><strong>Formatas:<\/strong>\u00a013,5 x 20,5 cm, kieti vir\u0161eliai<\/li>\n<li><strong>Kalba:<\/strong>\u00a0Lietuvi\u0173<\/li>\n<li><strong>Vert\u0117jas:<\/strong>\u00a0A. G. Bartkus<\/li>\n<\/ul>\n","protected":false},"excerpt":{"rendered":"<p>\u201e\u017dem\u0117, \u017emoni\u0173 planeta\u201d \u2013 A. de Sent-Egziuperi plunksnai priklausantis romanas. Autoriaus, kurio k\u016bryba \u017emoni\u0173 s\u0105mon\u0117je susilieja su biografija, biografija su legenda, o asmenyb\u0117 ir persona\u017eai tampa simboliais. \u201eKai dirbi tikr\u0105 \u017emogaus darb\u0105, pa\u017e\u012fsti tikrus \u017emogaus r\u016bpes\u010dius. Tiesiogiai susiduri su v\u0117ju, su \u017evaig\u017ed\u0117mis, su naktimi, su sm\u0117lynais, su j\u016bra. Gudrumu rungiesi su gamtos j\u0117gomis. Lauki au\u0161ros, kaip sodininkas laukia pavasario. Lauki eilinio aerodromo kaip \u017ead\u0117tosios \u017eem\u0117s ir ie\u0161kai dangaus \u017evaig\u017ed\u0117se savo tiesos.\u201d Autorius:\u00a0Antuanas de Sent Egziuperi Leid\u0117jas:\u00a0Vyturys Metai:\u00a01992 Puslapiai:\u00a0363 ISBN-10:\u00a05790005098 ISBN-13:\u00a09785790005091 Formatas:\u00a013,5 x 20,5 cm, kieti vir\u0161eliai Kalba:\u00a0Lietuvi\u0173 Vert\u0117jas:\u00a0A. G. Bartkus<\/p>\n","protected":false},"featured_media":15545,"comment_status":"open","ping_status":"closed","template":"","meta":{"_acf_changed":false,"site-sidebar-layout":"default","site-content-layout":"","ast-site-content-layout":"default","site-content-style":"default","site-sidebar-style":"default","ast-global-header-display":"","ast-banner-title-visibility":"","ast-main-header-display":"","ast-hfb-above-header-display":"","ast-hfb-below-header-display":"","ast-hfb-mobile-header-display":"","site-post-title":"","ast-breadcrumbs-content":"","ast-featured-img":"","footer-sml-layout":"","ast-disable-related-posts":"","theme-transparent-header-meta":"default","adv-header-id-meta":"","stick-header-meta":"","header-above-stick-meta":"","header-main-stick-meta":"","header-below-stick-meta":"","astra-migrate-meta-layouts":"set","ast-page-background-enabled":"default","ast-page-background-meta":{"desktop":{"background-color":"","background-image":"","background-repeat":"repeat","background-position":"center center","background-size":"auto","background-attachment":"scroll","background-type":"","background-media":"","overlay-type":"","overlay-color":"","overlay-opacity":"","overlay-gradient":""},"tablet":{"background-color":"","background-image":"","background-repeat":"repeat","background-position":"center center","background-size":"auto","background-attachment":"scroll","background-type":"","background-media":"","overlay-type":"","overlay-color":"","overlay-opacity":"","overlay-gradient":""},"mobile":{"background-color":"","background-image":"","background-repeat":"repeat","background-position":"center center","background-size":"auto","background-attachment":"scroll","background-type":"","background-media":"","overlay-type":"","overlay-color":"","overlay-opacity":"","overlay-gradient":""}},"ast-content-background-meta":{"desktop":{"background-color":"var(--ast-global-color-4)","background-image":"","background-repeat":"repeat","background-position":"center center","background-size":"auto","background-attachment":"scroll","background-type":"","background-media":"","overlay-type":"","overlay-color":"","overlay-opacity":"","overlay-gradient":""},"tablet":{"background-color":"var(--ast-global-color-4)","background-image":"","background-repeat":"repeat","background-position":"center center","background-size":"auto","background-attachment":"scroll","background-type":"","background-media":"","overlay-type":"","overlay-color":"","overlay-opacity":"","overlay-gradient":""},"mobile":{"background-color":"var(--ast-global-color-4)","background-image":"","background-repeat":"repeat","background-position":"center center","background-size":"auto","background-attachment":"scroll","background-type":"","background-media":"","overlay-type":"","overlay-color":"","overlay-opacity":"","overlay-gradient":""}}},"product_brand":[],"product_cat":[31,15],"product_tag":[],"class_list":{"0":"post-15440","1":"product","2":"type-product","3":"status-publish","4":"has-post-thumbnail","6":"product_cat-grozine-literatura","7":"product_cat-uncategorized","8":"desktop-align-left","9":"tablet-align-left","10":"mobile-align-left","12":"first","13":"instock","14":"shipping-taxable","15":"purchasable","16":"product-type-simple"},"acf":[],"yoast_head":"<!-- This site is optimized with the Yoast SEO plugin v27.0 - https:\/\/yoast.com\/product\/yoast-seo-wordpress\/ -->\n<title>\u017dem\u0117 \u017emoni\u0173 planeta<\/title>\n<meta name=\"description\" content=\"\u201e\u017dem\u0117, \u017emoni\u0173 planeta\u201d \u2013 A. de Sent-Egziuperi plunksnai priklausantis romanas. Autoriaus, kurio k\u016bryba \u017emoni\u0173 s\u0105mon\u0117je susilieja su biografija, biografija\" \/>\n<meta name=\"robots\" content=\"index, follow, max-snippet:-1, max-image-preview:large, max-video-preview:-1\" \/>\n<link rel=\"canonical\" href=\"https:\/\/skaitytaknyga.lt\/en\/produktas\/zeme-zmoniu-planeta\/\" \/>\n<meta property=\"og:locale\" content=\"en_GB\" \/>\n<meta property=\"og:locale:alternate\" content=\"lt_LT\" \/>\n<meta property=\"og:type\" content=\"article\" \/>\n<meta property=\"og:title\" content=\"\u017dem\u0117 \u017emoni\u0173 planeta\" \/>\n<meta property=\"og:description\" content=\"\u201e\u017dem\u0117, \u017emoni\u0173 planeta\u201d \u2013 A. de Sent-Egziuperi plunksnai priklausantis romanas. Autoriaus, kurio k\u016bryba \u017emoni\u0173 s\u0105mon\u0117je susilieja su biografija, biografija\" \/>\n<meta property=\"og:url\" content=\"https:\/\/skaitytaknyga.lt\/en\/produktas\/zeme-zmoniu-planeta\/\" \/>\n<meta property=\"og:site_name\" content=\"Skaitytaknyga\" \/>\n<meta property=\"article:publisher\" content=\"https:\/\/www.facebook.com\/skaitytaknyga\/\" \/>\n<meta property=\"article:modified_time\" content=\"2024-12-19T08:32:08+00:00\" \/>\n<meta property=\"og:image\" content=\"https:\/\/skaitytaknyga.lt\/wp-content\/uploads\/2024\/12\/Zeme-zmoniu-planeta.webp\" \/>\n\t<meta property=\"og:image:width\" content=\"503\" \/>\n\t<meta property=\"og:image:height\" content=\"800\" \/>\n\t<meta property=\"og:image:type\" content=\"image\/webp\" \/>\n<meta name=\"twitter:card\" content=\"summary_large_image\" \/>\n<meta name=\"twitter:label1\" content=\"Estimated reading time\" \/>\n\t<meta name=\"twitter:data1\" content=\"1 minute\" \/>\n<script type=\"application\/ld+json\" class=\"yoast-schema-graph\">{\"@context\":\"https:\/\/schema.org\",\"@graph\":[{\"@type\":\"WebPage\",\"@id\":\"https:\/\/skaitytaknyga.lt\/produktas\/zeme-zmoniu-planeta\/\",\"url\":\"https:\/\/skaitytaknyga.lt\/produktas\/zeme-zmoniu-planeta\/\",\"name\":\"\u017dem\u0117 \u017emoni\u0173 planeta\",\"isPartOf\":{\"@id\":\"https:\/\/skaitytaknyga.lt\/#website\"},\"primaryImageOfPage\":{\"@id\":\"https:\/\/skaitytaknyga.lt\/produktas\/zeme-zmoniu-planeta\/#primaryimage\"},\"image\":{\"@id\":\"https:\/\/skaitytaknyga.lt\/produktas\/zeme-zmoniu-planeta\/#primaryimage\"},\"thumbnailUrl\":\"https:\/\/skaitytaknyga.lt\/wp-content\/uploads\/2024\/12\/Zeme-zmoniu-planeta.webp\",\"datePublished\":\"2024-12-17T11:12:26+00:00\",\"dateModified\":\"2024-12-19T08:32:08+00:00\",\"description\":\"\u201e\u017dem\u0117, \u017emoni\u0173 planeta\u201d \u2013 A. de Sent-Egziuperi plunksnai priklausantis romanas. Autoriaus, kurio k\u016bryba \u017emoni\u0173 s\u0105mon\u0117je susilieja su biografija, biografija\",\"breadcrumb\":{\"@id\":\"https:\/\/skaitytaknyga.lt\/produktas\/zeme-zmoniu-planeta\/#breadcrumb\"},\"inLanguage\":\"en-GB\",\"potentialAction\":[{\"@type\":\"ReadAction\",\"target\":[\"https:\/\/skaitytaknyga.lt\/produktas\/zeme-zmoniu-planeta\/\"]}]},{\"@type\":\"ImageObject\",\"inLanguage\":\"en-GB\",\"@id\":\"https:\/\/skaitytaknyga.lt\/produktas\/zeme-zmoniu-planeta\/#primaryimage\",\"url\":\"https:\/\/skaitytaknyga.lt\/wp-content\/uploads\/2024\/12\/Zeme-zmoniu-planeta.webp\",\"contentUrl\":\"https:\/\/skaitytaknyga.lt\/wp-content\/uploads\/2024\/12\/Zeme-zmoniu-planeta.webp\",\"width\":503,\"height\":800,\"caption\":\"\u017dem\u0117 \u017emoni\u0173 planeta\"},{\"@type\":\"BreadcrumbList\",\"@id\":\"https:\/\/skaitytaknyga.lt\/produktas\/zeme-zmoniu-planeta\/#breadcrumb\",\"itemListElement\":[{\"@type\":\"ListItem\",\"position\":1,\"name\":\"Home\",\"item\":\"https:\/\/skaitytaknyga.lt\/\"},{\"@type\":\"ListItem\",\"position\":2,\"name\":\"Parduotuv\u0117\",\"item\":\"https:\/\/skaitytaknyga.lt\/knygu-parduotuve\/\"},{\"@type\":\"ListItem\",\"position\":3,\"name\":\"\u017dem\u0117 \u017emoni\u0173 planeta\"}]},{\"@type\":\"WebSite\",\"@id\":\"https:\/\/skaitytaknyga.lt\/#website\",\"url\":\"https:\/\/skaitytaknyga.lt\/\",\"name\":\"skaitytaknyga.lt\",\"description\":\"Skaitytaknyga.lt \u2013 tai ma\u017eas \u0161eimos verslas, kuris prasid\u0117jo nuo meil\u0117s knygoms ir siekio i\u0161gelb\u0117ti knygas nuo likimo prie konteinerio. Kas vienam nereikalingas daiktas \u2013 kitam lobis, o mes esame tarpininkai, kurie padeda abiems tapti laimingesniems ???? \u017dinome kaip nelengva i\u0161gyventi ma\u017eiems verslams, tad nuo \u0161iol, \u010dia rasite ir kit\u0173, ma\u017e\u0173 \u0161eim\u0173 versl\u0173, rank\u0173 darbo, dovan\u0173 sau ir artimiesiems.\",\"publisher\":{\"@id\":\"https:\/\/skaitytaknyga.lt\/#organization\"},\"potentialAction\":[{\"@type\":\"SearchAction\",\"target\":{\"@type\":\"EntryPoint\",\"urlTemplate\":\"https:\/\/skaitytaknyga.lt\/?s={search_term_string}\"},\"query-input\":{\"@type\":\"PropertyValueSpecification\",\"valueRequired\":true,\"valueName\":\"search_term_string\"}}],\"inLanguage\":\"en-GB\"},{\"@type\":\"Organization\",\"@id\":\"https:\/\/skaitytaknyga.lt\/#organization\",\"name\":\"skaitytaknyga.lt\",\"url\":\"https:\/\/skaitytaknyga.lt\/\",\"logo\":{\"@type\":\"ImageObject\",\"inLanguage\":\"en-GB\",\"@id\":\"https:\/\/skaitytaknyga.lt\/#\/schema\/logo\/image\/\",\"url\":\"https:\/\/skaitytaknyga.lt\/wp-content\/uploads\/2024\/05\/cropped-cropped-cropped-02_00843_jt3bggkj1j3HLc7SyY6rEUpg.jpeg\",\"contentUrl\":\"https:\/\/skaitytaknyga.lt\/wp-content\/uploads\/2024\/05\/cropped-cropped-cropped-02_00843_jt3bggkj1j3HLc7SyY6rEUpg.jpeg\",\"width\":1600,\"height\":1600,\"caption\":\"skaitytaknyga.lt\"},\"image\":{\"@id\":\"https:\/\/skaitytaknyga.lt\/#\/schema\/logo\/image\/\"},\"sameAs\":[\"https:\/\/www.facebook.com\/skaitytaknyga\/\"]}]}<\/script>\n<!-- \/ Yoast SEO plugin. -->","yoast_head_json":{"title":"\u017dem\u0117 \u017emoni\u0173 planeta","description":"\u201e\u017dem\u0117, \u017emoni\u0173 planeta\u201d \u2013 A. de Sent-Egziuperi plunksnai priklausantis romanas. Autoriaus, kurio k\u016bryba \u017emoni\u0173 s\u0105mon\u0117je susilieja su biografija, biografija","robots":{"index":"index","follow":"follow","max-snippet":"max-snippet:-1","max-image-preview":"max-image-preview:large","max-video-preview":"max-video-preview:-1"},"canonical":"https:\/\/skaitytaknyga.lt\/en\/produktas\/zeme-zmoniu-planeta\/","og_locale":"en_GB","og_type":"article","og_title":"[:lt]\u017dem\u0117 \u017emoni\u0173 planeta[:] - Skaitytaknyga","og_description":"\u201e\u017dem\u0117, \u017emoni\u0173 planeta\u201d \u2013 A. de Sent-Egziuperi plunksnai priklausantis romanas. Autoriaus, kurio k\u016bryba \u017emoni\u0173 s\u0105mon\u0117je susilieja su biografija, biografija","og_url":"https:\/\/skaitytaknyga.lt\/en\/produktas\/zeme-zmoniu-planeta\/","og_site_name":"Skaitytaknyga","article_publisher":"https:\/\/www.facebook.com\/skaitytaknyga\/","article_modified_time":"2024-12-19T08:32:08+00:00","og_image":[{"width":503,"height":800,"url":"https:\/\/skaitytaknyga.lt\/wp-content\/uploads\/2024\/12\/Zeme-zmoniu-planeta.webp","type":"image\/webp"}],"twitter_card":"summary_large_image","twitter_misc":{"Estimated reading time":"1 minute"},"schema":{"@context":"https:\/\/schema.org","@graph":[{"@type":"WebPage","@id":"https:\/\/skaitytaknyga.lt\/produktas\/zeme-zmoniu-planeta\/","url":"https:\/\/skaitytaknyga.lt\/produktas\/zeme-zmoniu-planeta\/","name":"\u017dem\u0117 \u017emoni\u0173 planeta","isPartOf":{"@id":"https:\/\/skaitytaknyga.lt\/#website"},"primaryImageOfPage":{"@id":"https:\/\/skaitytaknyga.lt\/produktas\/zeme-zmoniu-planeta\/#primaryimage"},"image":{"@id":"https:\/\/skaitytaknyga.lt\/produktas\/zeme-zmoniu-planeta\/#primaryimage"},"thumbnailUrl":"https:\/\/skaitytaknyga.lt\/wp-content\/uploads\/2024\/12\/Zeme-zmoniu-planeta.webp","datePublished":"2024-12-17T11:12:26+00:00","dateModified":"2024-12-19T08:32:08+00:00","description":"\u201e\u017dem\u0117, \u017emoni\u0173 planeta\u201d \u2013 A. de Sent-Egziuperi plunksnai priklausantis romanas. Autoriaus, kurio k\u016bryba \u017emoni\u0173 s\u0105mon\u0117je susilieja su biografija, biografija","breadcrumb":{"@id":"https:\/\/skaitytaknyga.lt\/produktas\/zeme-zmoniu-planeta\/#breadcrumb"},"inLanguage":"en-GB","potentialAction":[{"@type":"ReadAction","target":["https:\/\/skaitytaknyga.lt\/produktas\/zeme-zmoniu-planeta\/"]}]},{"@type":"ImageObject","inLanguage":"en-GB","@id":"https:\/\/skaitytaknyga.lt\/produktas\/zeme-zmoniu-planeta\/#primaryimage","url":"https:\/\/skaitytaknyga.lt\/wp-content\/uploads\/2024\/12\/Zeme-zmoniu-planeta.webp","contentUrl":"https:\/\/skaitytaknyga.lt\/wp-content\/uploads\/2024\/12\/Zeme-zmoniu-planeta.webp","width":503,"height":800,"caption":"\u017dem\u0117 \u017emoni\u0173 planeta"},{"@type":"BreadcrumbList","@id":"https:\/\/skaitytaknyga.lt\/produktas\/zeme-zmoniu-planeta\/#breadcrumb","itemListElement":[{"@type":"ListItem","position":1,"name":"Home","item":"https:\/\/skaitytaknyga.lt\/"},{"@type":"ListItem","position":2,"name":"Parduotuv\u0117","item":"https:\/\/skaitytaknyga.lt\/knygu-parduotuve\/"},{"@type":"ListItem","position":3,"name":"\u017dem\u0117 \u017emoni\u0173 planeta"}]},{"@type":"WebSite","@id":"https:\/\/skaitytaknyga.lt\/#website","url":"https:\/\/skaitytaknyga.lt\/","name":"skaitytaknyga.lt","description":"Skaitytaknyga.lt \u2013 tai ma\u017eas \u0161eimos verslas, kuris prasid\u0117jo nuo meil\u0117s knygoms ir siekio i\u0161gelb\u0117ti knygas nuo likimo prie konteinerio. Kas vienam nereikalingas daiktas \u2013 kitam lobis, o mes esame tarpininkai, kurie padeda abiems tapti laimingesniems ???? \u017dinome kaip nelengva i\u0161gyventi ma\u017eiems verslams, tad nuo \u0161iol, \u010dia rasite ir kit\u0173, ma\u017e\u0173 \u0161eim\u0173 versl\u0173, rank\u0173 darbo, dovan\u0173 sau ir artimiesiems.","publisher":{"@id":"https:\/\/skaitytaknyga.lt\/#organization"},"potentialAction":[{"@type":"SearchAction","target":{"@type":"EntryPoint","urlTemplate":"https:\/\/skaitytaknyga.lt\/?s={search_term_string}"},"query-input":{"@type":"PropertyValueSpecification","valueRequired":true,"valueName":"search_term_string"}}],"inLanguage":"en-GB"},{"@type":"Organization","@id":"https:\/\/skaitytaknyga.lt\/#organization","name":"skaitytaknyga.lt","url":"https:\/\/skaitytaknyga.lt\/","logo":{"@type":"ImageObject","inLanguage":"en-GB","@id":"https:\/\/skaitytaknyga.lt\/#\/schema\/logo\/image\/","url":"https:\/\/skaitytaknyga.lt\/wp-content\/uploads\/2024\/05\/cropped-cropped-cropped-02_00843_jt3bggkj1j3HLc7SyY6rEUpg.jpeg","contentUrl":"https:\/\/skaitytaknyga.lt\/wp-content\/uploads\/2024\/05\/cropped-cropped-cropped-02_00843_jt3bggkj1j3HLc7SyY6rEUpg.jpeg","width":1600,"height":1600,"caption":"skaitytaknyga.lt"},"image":{"@id":"https:\/\/skaitytaknyga.lt\/#\/schema\/logo\/image\/"},"sameAs":["https:\/\/www.facebook.com\/skaitytaknyga\/"]}]}},"_links":{"self":[{"href":"https:\/\/skaitytaknyga.lt\/en\/wp-json\/wp\/v2\/product\/15440","targetHints":{"allow":["GET"]}}],"collection":[{"href":"https:\/\/skaitytaknyga.lt\/en\/wp-json\/wp\/v2\/product"}],"about":[{"href":"https:\/\/skaitytaknyga.lt\/en\/wp-json\/wp\/v2\/types\/product"}],"replies":[{"embeddable":true,"href":"https:\/\/skaitytaknyga.lt\/en\/wp-json\/wp\/v2\/comments?post=15440"}],"wp:featuredmedia":[{"embeddable":true,"href":"https:\/\/skaitytaknyga.lt\/en\/wp-json\/wp\/v2\/media\/15545"}],"wp:attachment":[{"href":"https:\/\/skaitytaknyga.lt\/en\/wp-json\/wp\/v2\/media?parent=15440"}],"wp:term":[{"taxonomy":"product_brand","embeddable":true,"href":"https:\/\/skaitytaknyga.lt\/en\/wp-json\/wp\/v2\/product_brand?post=15440"},{"taxonomy":"product_cat","embeddable":true,"href":"https:\/\/skaitytaknyga.lt\/en\/wp-json\/wp\/v2\/product_cat?post=15440"},{"taxonomy":"product_tag","embeddable":true,"href":"https:\/\/skaitytaknyga.lt\/en\/wp-json\/wp\/v2\/product_tag?post=15440"}],"curies":[{"name":"wp","href":"https:\/\/api.w.org\/{rel}","templated":true}]}}